{"id":6540,"date":"2025-03-11T06:28:19","date_gmt":"2025-03-11T06:28:19","guid":{"rendered":"https:\/\/fmp-components.com\/product\/new-design-double-acting-dump-truck-4-stage-hydraulic-cylinder-telescopic-hydraulic-cylinder"},"modified":"2025-03-12T06:47:30","modified_gmt":"2025-03-12T06:47:30","slug":"new-design-double-acting-dump-truck-4-stage-hydraulic-cylinder-telescopic-hydraulic-cylinder","status":"publish","type":"product","link":"https:\/\/fmp-components.com\/pl\/product\/new-design-double-acting-dump-truck-4-stage-hydraulic-cylinder-telescopic-hydraulic-cylinder\/","title":{"rendered":"Nowa konstrukcja dwustronnego dzia\u0142ania, 4-stopniowy si\u0142ownik hydrauliczny do wywrotek, teleskopowy si\u0142ownik hydrauliczny"},"content":{"rendered":"<h2>Nowa konstrukcja dwustronnego dzia\u0142ania, 4-stopniowy si\u0142ownik hydrauliczny do wywrotek, teleskopowy si\u0142ownik hydrauliczny<\/h2>\n<p>Przedstawiamy nasz nowy, teleskopowy si\u0142ownik hydrauliczny dwustronnego dzia\u0142ania do wywrotek, 4-stopniowy, najnowocze\u015bniejszy element hydrauliczny, kt\u00f3ry stanowi si\u0142\u0119 nap\u0119dow\u0105 wielu maszyn przemys\u0142owych. Ten kluczowy element r\u00f3\u017cnych maszyn, takich jak maszyny rolnicze, energetyczne i g\u00f3rnicze, a tak\u017ce maszyny do produkcji, jest symbolem wydajno\u015bci i wydajno\u015bci.<\/p>\n<h3>Funkcjonalno\u015b\u0107 i znaczenie cylindr\u00f3w hydraulicznych<\/h3>\n<p>Si\u0142owniki hydrauliczne odgrywaj\u0105 kluczow\u0105 rol\u0119 w dzia\u0142aniu maszyn. Przekszta\u0142caj\u0105 energi\u0119 p\u0142ynu hydraulicznego w si\u0142\u0119 mechaniczn\u0105, generuj\u0105c w ten spos\u00f3b moc potrzebn\u0105 w r\u00f3\u017cnych zastosowaniach. Dwustronne dzia\u0142anie naszego si\u0142ownika hydraulicznego pozwala mu wywiera\u0107 si\u0142\u0119 w obu kierunkach, co czyni go wszechstronnym narz\u0119dziem dla wielu ga\u0142\u0119zi przemys\u0142u.<\/p>\n<h2>Specyfikacja produktu<\/h2>\n<table style=\"width: 99.7507%;\" border=\"\">\n<tbody>\n<tr>\n<td style=\"width: 42.9379%;\"><i>Rozmiar otworu<\/i><\/td>\n<td style=\"width: 472.881%;\">2-6 cali<\/td>\n<\/tr>\n<tr>\n<td style=\"width: 42.9379%;\"><i>Rozmiar pr\u0119ta<\/i><\/td>\n<td style=\"width: 472.881%;\">1,125-4 cale<\/td>\n<\/tr>\n<tr>\n<td style=\"width: 42.9379%;\"><i>Rozmiar poci\u0105gni\u0119cia<\/i><\/td>\n<td style=\"width: 472.881%;\">4-100 cali<\/td>\n<\/tr>\n<tr>\n<td style=\"width: 42.9379%;\"><i>Rozmiar szpilki<\/i><\/td>\n<td style=\"width: 472.881%;\">0,5-2 cale<\/td>\n<\/tr>\n<tr>\n<td style=\"width: 42.9379%;\"><i>Porty<\/i><\/td>\n<td style=\"width: 472.881%;\">G\/SAE\/NPT\/M<\/td>\n<\/tr>\n<\/tbody>\n<\/table>\n<h2>Unikalne cechy i zalety<\/h2>\n<ul>\n<li>Energooszcz\u0119dno\u015b\u0107: Nasz si\u0142ownik hydrauliczny zosta\u0142 zaprojektowany tak, aby dzia\u0142a\u0107 z optymaln\u0105 wydajno\u015bci\u0105, redukuj\u0105c zu\u017cycie energii i obni\u017caj\u0105c koszty.<\/li>\n<li>Wysoka wydajno\u015b\u0107: Maksymalna si\u0142a ci\u0105gu 3000 i maksymalny uci\u0105g 20 ton zapewniaj\u0105 wyj\u0105tkow\u0105 wydajno\u015b\u0107.<\/li>\n<li>Bezpiecze\u0144stwo: Cylinder wykonany jest z wysokiej jako\u015bci stali, co gwarantuje trwa\u0142o\u015b\u0107 i bezpiecze\u0144stwo u\u017cytkowania.<\/li>\n<\/ul>\n<h3>Uk\u0142ady hydrauliczne i zasada dzia\u0142ania<\/h3>\n<p>Si\u0142ownik hydrauliczny dzia\u0142a zgodnie z zasad\u0105 prawa Pascala, kt\u00f3re g\u0142osi, \u017ce ci\u015bnienie przy\u0142o\u017cone w jednym punkcie nie\u015bci\u015bliwego p\u0142ynu jest rozprowadzane r\u00f3wnomiernie we wszystkich kierunkach. P\u0142yn hydrauliczny jest spr\u0119\u017cany za pomoc\u0105 pompy, kt\u00f3ra nast\u0119pnie wywiera si\u0142\u0119 na t\u0142ok cylindra, co powoduje ruch liniowy.<\/p>\n<p><img loading=\"lazy\" decoding=\"async\" class=\"alignnone  wp-image-6663\" src=\"https:\/\/fmp-components.com\/wp-content\/uploads\/2025\/03\/telescopic-hydraulic-cylinder-11.webp\" alt=\"si\u0142ownik hydrauliczny teleskopowy\" width=\"841\" height=\"841\" title=\"\" srcset=\"https:\/\/fmp-components.com\/wp-content\/uploads\/2025\/03\/telescopic-hydraulic-cylinder-11.webp 841w, https:\/\/fmp-components.com\/wp-content\/uploads\/2025\/03\/telescopic-hydraulic-cylinder-11-480x480.webp 480w\" sizes=\"(min-width: 0px) and (max-width: 480px) 480px, (min-width: 481px) 841px, 100vw\" \/><\/p>\n<h2>Zastosowanie cylindr\u00f3w hydraulicznych<\/h2>\n<p>Ten si\u0142ownik hydrauliczny jest kluczowym elementem w r\u00f3\u017cnych ga\u0142\u0119ziach przemys\u0142u, takich jak warsztaty naprawcze maszyn, gospodarstwa rolne, energetyka i g\u00f3rnictwo, produkcja maszyn oraz fabryki maszyn. Jest szczeg\u00f3lnie przydatny w wywrotkach, gdzie umo\u017cliwia podnoszenie i opuszczanie skrzyni \u0142adunkowej.<\/p>\n<h2>Si\u0142owniki hydrauliczne i agregaty nap\u0119dowe<\/h2>\n<p>Si\u0142owniki hydrauliczne i agregaty nap\u0119dowe stanowi\u0105 integraln\u0105 cz\u0119\u015b\u0107 uk\u0142adu hydraulicznego. Ich synergia gwarantuje szerokie zastosowanie technologii hydraulicznej w przemy\u015ble, zapewniaj\u0105c niezawodne zasilanie i sterowanie r\u00f3\u017cnorodnym urz\u0105dzeniom in\u017cynieryjnym i mechanicznym. W FMP dostarczamy r\u00f3wnie\u017c wysokiej jako\u015bci agregaty nap\u0119dowe, kt\u00f3re uzupe\u0142niaj\u0105 nasze si\u0142owniki hydrauliczne.<\/p>\n<h2>Cz\u0119sto zadawane pytania<\/h2>\n<p><strong>P: Czy jeste\u015b firm\u0105 handlow\u0105 czy produkcyjn\u0105?<\/strong><br \/>\nA: Jeste\u015bmy producentem.<\/p>\n<p><strong>P: Jaki jest czas dostawy Twojego zam\u00f3wienia? <b>si\u0142ownik hydrauliczny<\/b>S?<\/strong><br \/>\nA: Zazwyczaj czas dostawy wynosi 25\u201335 dni.<\/p>\n<p><strong>P: Czy oferujecie pr\u00f3bki?<\/strong><br \/>\nA: Tak, oferujemy pr\u00f3bki, ale nie s\u0105 one darmowe.<\/p>\n<h3>O FMP<\/h3>\n<p>FMP to wiod\u0105cy w\u0142oski producent specjalizuj\u0105cy si\u0119 w projektowaniu, rozwoju i produkcji wysokiej jako\u015bci cylindr\u00f3w hydraulicznych. Dzi\u0119ki wieloletniemu do\u015bwiadczeniu \u0142\u0105czymy tradycyjne w\u0142oskie rzemios\u0142o z najnowocze\u015bniejsz\u0105 technologi\u0105, aby oferowa\u0107 wyj\u0105tkowe rozwi\u0105zania hydrauliczne, kt\u00f3re spe\u0142niaj\u0105 zr\u00f3\u017cnicowane potrzeby naszych klient\u00f3w na ca\u0142ym \u015bwiecie. Z siedzib\u0105 we W\u0142oszech, b\u0119d\u0105cym centrum doskona\u0142o\u015bci in\u017cynieryjnej, FMP ugruntowa\u0142a swoj\u0105 pozycj\u0119 zaufanej marki w bran\u017cy hydraulicznej, dostarczaj\u0105c niezawodne, trwa\u0142e i innowacyjne produkty, kt\u00f3re wspieraj\u0105 firmy na ca\u0142ym \u015bwiecie.<\/p>\n<p>Nasza firma \u0142\u0105czy zaawansowane tradycje produkcyjne z nowatorskim podej\u015bciem. Wykorzystuj\u0105c wieloletnie do\u015bwiadczenie w dziedzinie uk\u0142ad\u00f3w hydraulicznych, FMP przekszta\u0142ci\u0142a si\u0119 w nowoczesne przedsi\u0119biorstwo, kt\u00f3re wyr\u00f3\u017cnia si\u0119 w badaniach, projektowaniu i produkcji. Oferujemy szeroki asortyment si\u0142ownik\u00f3w hydraulicznych, w tym si\u0142owniki dwustronnego dzia\u0142ania, si\u0142owniki podnosz\u0105ce do samochod\u00f3w, si\u0142owniki do maszyn rolniczych oraz rozwi\u0105zania projektowane na zam\u00f3wienie dla r\u00f3\u017cnorodnych zastosowa\u0144 przemys\u0142owych. Niezale\u017cnie od tego, czy chodzi o budownictwo, instalacje przemys\u0142owe, rolnictwo, czy ci\u0119\u017cki sprz\u0119t, nasze si\u0142owniki hydrauliczne s\u0105 zaprojektowane tak, aby dzia\u0142a\u0107 w najbardziej wymagaj\u0105cych warunkach, zapewniaj\u0105c bezpiecze\u0144stwo, wydajno\u015b\u0107 i trwa\u0142o\u015b\u0107.<\/p>\n<p><img loading=\"lazy\" decoding=\"async\" class=\"alignnone size-full wp-image-6720\" src=\"https:\/\/fmp-components.com\/wp-content\/uploads\/2025\/03\/hydraulic-cylinder-8.webp\" alt=\"Si\u0142owniki hydrauliczne teleskopowe\" width=\"933\" height=\"526\" title=\"\" srcset=\"https:\/\/fmp-components.com\/wp-content\/uploads\/2025\/03\/hydraulic-cylinder-8.webp 933w, https:\/\/fmp-components.com\/wp-content\/uploads\/2025\/03\/hydraulic-cylinder-8-480x271.webp 480w\" sizes=\"(min-width: 0px) and (max-width: 480px) 480px, (min-width: 481px) 933px, 100vw\" \/><\/p>\n<p>W FMP jeste\u015bmy dumni z naszych najnowocze\u015bniejszych zak\u0142ad\u00f3w produkcyjnych, wyposa\u017conych w precyzyjny park maszynowy i zaawansowane systemy testowe. Nasze procesy produkcyjne spe\u0142niaj\u0105 rygorystyczne normy krajowe i mi\u0119dzynarodowe, gwarantuj\u0105c, \u017ce ka\u017cdy produkowany si\u0142ownik hydrauliczny spe\u0142nia najwy\u017csze standardy jako\u015bci i niezawodno\u015bci. Nasz wykwalifikowany zesp\u00f3\u0142 techniczny w po\u0142\u0105czeniu z najnowocze\u015bniejszym sprz\u0119tem pozwala nam zachowa\u0107 \u015bcis\u0142\u0105 kontrol\u0119 jako\u015bci na ka\u017cdym etapie produkcji \u2013 od doboru surowc\u00f3w po kontrol\u0119 ko\u0144cow\u0105. To zaanga\u017cowanie w d\u0105\u017cenie do doskona\u0142o\u015bci przynios\u0142o nam certyfikaty i uznanie autorytet\u00f3w bran\u017cowych, co umacnia nasz\u0105 reputacj\u0119 niezawodnego partnera.<\/p>\n<p>Nasza misja jest prosta i ambitna: dostarcza\u0107 klientom si\u0142owniki hydrauliczne, kt\u00f3re przewy\u017cszaj\u0105 oczekiwania pod wzgl\u0119dem wydajno\u015bci, trwa\u0142o\u015bci i warto\u015bci. Dzia\u0142amy zgodnie z zasadami profesjonalizmu, uczciwo\u015bci i zorientowania na klienta. Piel\u0119gnuj\u0105c kultur\u0119 innowacyjno\u015bci i precyzji, stale udoskonalamy nasze produkty, aby utrzyma\u0107 pozycj\u0119 lidera na konkurencyjnym rynku. Nasza szeroka gama produkt\u00f3w i mo\u017cliwo\u015b\u0107 oferowania rozwi\u0105za\u0144 dostosowanych do indywidualnych potrzeb sprawiaj\u0105, \u017ce jeste\u015bmy preferowanym wyborem dla firm poszukuj\u0105cych wysokowydajnych si\u0142ownik\u00f3w hydraulicznych.<\/p>\n<p>FMP to co\u015b wi\u0119cej ni\u017c tylko producent; jeste\u015bmy partnerem Twojego sukcesu. Rozumiemy, \u017ce nasi klienci polegaj\u0105 na nas, dostarczaj\u0105c narz\u0119dzia zwi\u0119kszaj\u0105ce ich produktywno\u015b\u0107 i bezpiecze\u0144stwo. Dlatego dok\u0142adamy wszelkich stara\u0144, aby dostarcza\u0107 nie tylko produkty najwy\u017cszej jako\u015bci, ale tak\u017ce wyj\u0105tkow\u0105 obs\u0142ug\u0119. Od wst\u0119pnych konsultacji po wsparcie posprzeda\u017cowe, \u015bci\u015ble wsp\u00f3\u0142pracujemy z naszymi klientami, aby zapewni\u0107 im profesjonalne i staranne zaspokojenie ich potrzeb. Nasze konkurencyjne ceny w po\u0142\u0105czeniu z niezmiennym zaanga\u017cowaniem w jako\u015b\u0107 sprawiaj\u0105, \u017ce FMP to m\u0105dry wyb\u00f3r dla firm poszukuj\u0105cych niezawodnych rozwi\u0105za\u0144 hydraulicznych.<\/p>","protected":false},"excerpt":{"rendered":"<p>Nowoczesna konstrukcja teleskopowego si\u0142ownika hydraulicznego dwustronnego dzia\u0142ania do wywrotek. Przedstawiamy nasz\u0105 now\u0105 konstrukcj\u0119 teleskopowego si\u0142ownika hydraulicznego dwustronnego dzia\u0142ania do wywrotek. To najnowocze\u015bniejszy element hydrauliczny, kt\u00f3ry stanowi si\u0142\u0119 nap\u0119dow\u0105 wielu maszyn przemys\u0142owych. Kluczowy element r\u00f3\u017cnych maszyn, takich jak maszyny rolnicze, energetyczne i g\u00f3rnicze [\u2026]<\/p>","protected":false},"featured_media":6752,"comment_status":"closed","ping_status":"closed","template":"","meta":{"_et_pb_use_builder":"","_et_pb_old_content":"","_et_gb_content_width":""},"product_brand":[],"product_cat":[103],"product_tag":[34,105],"class_list":{"0":"post-6540","1":"product","2":"type-product","3":"status-publish","4":"has-post-thumbnail","6":"product_cat-telescopic-hydraulic-cylinders","7":"product_tag-hydraulic-cylinder","8":"product_tag-telescopic-hydraulic-cylinders","10":"first","11":"instock","12":"product-type-simple"},"_links":{"self":[{"href":"https:\/\/fmp-components.com\/pl\/wp-json\/wp\/v2\/product\/6540","targetHints":{"allow":["GET"]}}],"collection":[{"href":"https:\/\/fmp-components.com\/pl\/wp-json\/wp\/v2\/product"}],"about":[{"href":"https:\/\/fmp-components.com\/pl\/wp-json\/wp\/v2\/types\/product"}],"replies":[{"embeddable":true,"href":"https:\/\/fmp-components.com\/pl\/wp-json\/wp\/v2\/comments?post=6540"}],"wp:featuredmedia":[{"embeddable":true,"href":"https:\/\/fmp-components.com\/pl\/wp-json\/wp\/v2\/media\/6752"}],"wp:attachment":[{"href":"https:\/\/fmp-components.com\/pl\/wp-json\/wp\/v2\/media?parent=6540"}],"wp:term":[{"taxonomy":"product_brand","embeddable":true,"href":"https:\/\/fmp-components.com\/pl\/wp-json\/wp\/v2\/product_brand?post=6540"},{"taxonomy":"product_cat","embeddable":true,"href":"https:\/\/fmp-components.com\/pl\/wp-json\/wp\/v2\/product_cat?post=6540"},{"taxonomy":"product_tag","embeddable":true,"href":"https:\/\/fmp-components.com\/pl\/wp-json\/wp\/v2\/product_tag?post=6540"}],"curies":[{"name":"wp","href":"https:\/\/api.w.org\/{rel}","templated":true}]}}