{"id":6539,"date":"2025-03-11T06:28:19","date_gmt":"2025-03-11T06:28:19","guid":{"rendered":"https:\/\/fmp-components.com\/product\/professional-craftsmanship-telescopic-double-acting-hydraulic-cylinder-for-dump-truck"},"modified":"2025-03-18T01:59:35","modified_gmt":"2025-03-18T01:59:35","slug":"professional-craftsmanship-telescopic-double-acting-hydraulic-cylinder-for-dump-truck","status":"publish","type":"product","link":"https:\/\/fmp-components.com\/pl\/product\/professional-craftsmanship-telescopic-double-acting-hydraulic-cylinder-for-dump-truck\/","title":{"rendered":"Profesjonalny, teleskopowy, dwustronnego dzia\u0142ania si\u0142ownik hydrauliczny do wywrotek"},"content":{"rendered":"<h2>Profesjonalny, teleskopowy, dwustronnego dzia\u0142ania si\u0142ownik hydrauliczny do wywrotek<\/h2>\n<p>Nasz teleskopowy si\u0142ownik hydrauliczny dwustronnego dzia\u0142ania zosta\u0142 zaprojektowany z najwy\u017csz\u0105 staranno\u015bci\u0105, specjalnie do wywrotek. Wyprodukowany przez FMP, lidera bran\u017cy z siedzib\u0105 we W\u0142oszech, ten si\u0142ownik hydrauliczny gwarantuje niezawodn\u0105 i wydajn\u0105 prac\u0119. Jego kluczowe cechy to wielostopniowa konstrukcja, wysoka si\u0142a ci\u0105gu i uci\u0105gu oraz certyfikat ISO9001:2000.<\/p>\n<p><img loading=\"lazy\" decoding=\"async\" class=\"alignnone wp-image-6665\" src=\"https:\/\/fmp-components.com\/wp-content\/uploads\/2025\/03\/telescopic-hydraulic-cylinder-9.webp\" alt=\"si\u0142ownik hydrauliczny teleskopowy\" width=\"934\" height=\"934\" title=\"\" srcset=\"https:\/\/fmp-components.com\/wp-content\/uploads\/2025\/03\/telescopic-hydraulic-cylinder-9.webp 934w, https:\/\/fmp-components.com\/wp-content\/uploads\/2025\/03\/telescopic-hydraulic-cylinder-9-480x480.webp 480w\" sizes=\"(min-width: 0px) and (max-width: 480px) 480px, (min-width: 481px) 934px, 100vw\" \/><\/p>\n<h3>Cechy produktu i ich znaczenie<\/h3>\n<p>Dzi\u0119ki standardowej konstrukcji cylindra t\u0142okowego, nasz si\u0142ownik hydrauliczny pracuje z maksymaln\u0105 si\u0142\u0105 ci\u0105gu 3000 i maksymalnym ud\u017awigiem 20 ton. Korpus wykonany jest z wytrzyma\u0142ej stali, co zapewnia trwa\u0142o\u015b\u0107 i odporno\u015b\u0107 na zu\u017cycie. \u015arednica otworu i t\u0142oczyska wahaj\u0105 si\u0119 odpowiednio od 2 do 6 cali i od 1,125 do 4 cali, co zapewnia wszechstronno\u015b\u0107 i mo\u017cliwo\u015b\u0107 zastosowania w r\u00f3\u017cnych zastosowaniach.<\/p>\n<h3>Dane techniczne<\/h3>\n<table style=\"width: 101.297%; height: 118px;\" border=\"\">\n<tbody>\n<tr>\n<td><i>Rozmiar otworu<\/i><\/td>\n<td>2-6 cali<\/td>\n<\/tr>\n<tr>\n<td><i>Rozmiar pr\u0119ta<\/i><\/td>\n<td>1,125-4 cale<\/td>\n<\/tr>\n<tr>\n<td><i>Rozmiar poci\u0105gni\u0119cia<\/i><\/td>\n<td>4-100 cali<\/td>\n<\/tr>\n<tr>\n<td><i>Rozmiar szpilki<\/i><\/td>\n<td>0,5-2 cale<\/td>\n<\/tr>\n<tr>\n<td><i>Porty<\/i><\/td>\n<td>G\/SAE\/NPT\/M<\/td>\n<\/tr>\n<\/tbody>\n<\/table>\n<h2>Unikalne cechy i korzy\u015bci<\/h2>\n<h3>Energooszcz\u0119dny<\/h3>\n<p>Nasze si\u0142owniki hydrauliczne zosta\u0142y starannie zaprojektowane, aby zoptymalizowa\u0107 efektywno\u015b\u0107 energetyczn\u0105, znacz\u0105co redukuj\u0105c zu\u017cycie energii podczas pracy. To nie tylko pomaga firmom obni\u017cy\u0107 koszty operacyjne, ale tak\u017ce przyczynia si\u0119 do zr\u00f3wnowa\u017conego rozwoju \u015brodowiska poprzez minimalizacj\u0119 odpad\u00f3w i zu\u017cycia energii. Wykorzystuj\u0105c zaawansowane techniki in\u017cynieryjne, nasze si\u0142owniki zapewniaj\u0105 efektywne wykorzystanie ka\u017cdej jednostki energii, maksymalizuj\u0105c wydajno\u015b\u0107 i oszcz\u0119dzaj\u0105c zasoby.<\/p>\n<h3>Wysoce skuteczny<\/h3>\n<p>Dzi\u0119ki imponuj\u0105cym si\u0142om ci\u0105gu i si\u0142y uci\u0105gu, nasze si\u0142owniki hydrauliczne doskonale sprawdzaj\u0105 si\u0119 w wymagaj\u0105cych warunkach. Zaprojektowano je tak, aby zapewnia\u0142y wysok\u0105 wydajno\u015b\u0107 nawet w najtrudniejszych warunkach, dzi\u0119ki czemu nadaj\u0105 si\u0119 do ci\u0119\u017ckich zastosowa\u0144. Ich solidna konstrukcja gwarantuje trwa\u0142o\u015b\u0107 i niezawodno\u015b\u0107, umo\u017cliwiaj\u0105c im obs\u0142ug\u0119 du\u017cych obci\u0105\u017ce\u0144 i stabiln\u0105 prac\u0119, niezale\u017cnie od tego, czy chodzi o podnoszenie, pchanie, czy ci\u0105gni\u0119cie, w r\u00f3\u017cnych zastosowaniach przemys\u0142owych.<\/p>\n<h3>Bezpiecze\u0144stwo<\/h3>\n<p>Bezpiecze\u0144stwo jest priorytetem w naszej filozofii projektowania. Nasze cylindry hydrauliczne posiadaj\u0105 certyfikat ISO 9001:2000, kt\u00f3ry gwarantuje zgodno\u015b\u0107 z rygorystycznymi normami bezpiecze\u0144stwa i jako\u015bci. Certyfikat ten zapewnia naszym klientom spok\u00f3j ducha, daj\u0105c im pewno\u015b\u0107, \u017ce nasze produkty spe\u0142niaj\u0105 rygorystyczne standardy bran\u017cowe dotycz\u0105ce wydajno\u015bci i niezawodno\u015bci. Stawiaj\u0105c bezpiecze\u0144stwo na pierwszym miejscu, pomagamy ogranicza\u0107 ryzyko zwi\u0105zane z operacjami hydraulicznymi, zapewniaj\u0105c bezpieczne \u015brodowisko pracy.<\/p>\n<h2>Zasada dzia\u0142ania i zastosowania<\/h2>\n<p>Si\u0142ownik hydrauliczny dzia\u0142a poprzez zamian\u0119 energii hydraulicznej w energi\u0119 mechaniczn\u0105. Ta transformacja odbywa si\u0119 poprzez spr\u0119\u017cenie p\u0142ynu hydraulicznego, kt\u00f3ry porusza t\u0142ok wewn\u0105trz cylindra, generuj\u0105c ruch liniowy. Ta zasada sprawia, \u017ce \u200b\u200bsi\u0142owniki hydrauliczne s\u0105 niezb\u0119dne w r\u00f3\u017cnych ga\u0142\u0119ziach przemys\u0142u, w tym:<\/p>\n<ul>\n<li><strong>Warsztaty naprawy maszyn:<\/strong> Doskonale nadaje si\u0119 do podnoszenia i ustawiania ci\u0119\u017ckich maszyn, u\u0142atwiaj\u0105c efektywne prace konserwacyjne i naprawcze.<\/li>\n<li><strong>Gospodarstwa:<\/strong> Niezb\u0119dne do wykonywania zada\u0144 takich jak przemieszczanie ci\u0119\u017ckich \u0142adunk\u00f3w i obs\u0142uga sprz\u0119tu rolniczego, zwi\u0119kszaj\u0105ce produktywno\u015b\u0107 i wydajno\u015b\u0107.<\/li>\n<li><strong>Energia i g\u00f3rnictwo:<\/strong> Stosowane w operacjach wymagaj\u0105cych znacznego podnoszenia i si\u0142y, zapewniaj\u0105 moc i niezawodno\u015b\u0107 w trudnych warunkach.<\/li>\n<li><strong>Produkcja maszyn:<\/strong> Nieod\u0142\u0105czna cz\u0119\u015b\u0107 monta\u017cu i przemieszczania podzespo\u0142\u00f3w maszyn, zapewniaj\u0105ca precyzj\u0119 i efektywno\u015b\u0107 proces\u00f3w produkcyjnych.<\/li>\n<li><strong>Fabryki maszyn:<\/strong> Stosowane do r\u00f3\u017cnych cel\u00f3w, od podnoszenia do prasowania, zapewniaj\u0105 p\u0142ynn\u0105 prac\u0119 na liniach produkcyjnych.<\/li>\n<\/ul>\n<p><img loading=\"lazy\" decoding=\"async\" class=\"alignnone wp-image-6664\" src=\"https:\/\/fmp-components.com\/wp-content\/uploads\/2025\/03\/telescopic-hydraulic-cylinder-8.webp\" alt=\"si\u0142ownik hydrauliczny teleskopowy\" width=\"907\" height=\"907\" title=\"\" srcset=\"https:\/\/fmp-components.com\/wp-content\/uploads\/2025\/03\/telescopic-hydraulic-cylinder-8.webp 907w, https:\/\/fmp-components.com\/wp-content\/uploads\/2025\/03\/telescopic-hydraulic-cylinder-8-480x480.webp 480w\" sizes=\"(min-width: 0px) and (max-width: 480px) 480px, (min-width: 481px) 907px, 100vw\" \/><\/p>\n<h2>Si\u0142owniki hydrauliczne i agregaty nap\u0119dowe<\/h2>\n<p>Si\u0142owniki hydrauliczne i agregaty nap\u0119dowe to kluczowe elementy uk\u0142adu hydraulicznego, harmonijnie wsp\u00f3\u0142pracuj\u0105ce ze sob\u0105, aby umo\u017cliwi\u0107 efektywne zastosowanie technologii hydraulicznej w r\u00f3\u017cnych ga\u0142\u0119ziach przemys\u0142u. Si\u0142ownik hydrauliczny dzia\u0142a jako si\u0142ownik, przekszta\u0142caj\u0105c energi\u0119 hydrauliczn\u0105 w ruch mechaniczny, podczas gdy agregat nap\u0119dowy wytwarza i reguluje niezb\u0119dne ci\u015bnienie hydrauliczne.<\/p>\n<p>Ich synergiczne dzia\u0142anie gwarantuje szerokie zastosowanie technologii hydraulicznej w zastosowaniach przemys\u0142owych, zapewniaj\u0105c niezawodne zasilanie i precyzyjn\u0105 kontrol\u0119 dla szerokiej gamy urz\u0105dze\u0144 in\u017cynieryjnych i mechanicznych. W FMP oferujemy r\u00f3wnie\u017c wyb\u00f3r wysokiej jako\u015bci agregat\u00f3w pr\u0105dotw\u00f3rczych, dostosowanych do naszych cylindr\u00f3w hydraulicznych i poprawiaj\u0105cych og\u00f3ln\u0105 wydajno\u015b\u0107 systemu. To kompleksowe podej\u015bcie pomaga naszym klientom osi\u0105gn\u0105\u0107 optymaln\u0105 wydajno\u015b\u0107 i efektywno\u015b\u0107 w ich dzia\u0142alno\u015bci.<\/p>\n<h2>Cz\u0119sto zadawane pytania<\/h2>\n<h3>P: Czy jeste\u015b firm\u0105 handlow\u0105 lub produkcyjn\u0105?<\/h3>\n<p>A: Jeste\u015bmy producentem.<\/p>\n<h3>P: Jak d\u0142ugi jest czas dostawy?<\/h3>\n<p>A: Zazwyczaj trwa to 25\u201335 dni.<\/p>\n<h3>P: Czy dostarczacie pr\u00f3bki?<\/h3>\n<p>O: Tak, mogliby\u015bmy zaoferowa\u0107 pr\u00f3bk\u0119, ale nie jest ona darmowa.<\/p>\n<h3>O FMP<\/h3>\n<p>FMP to wiod\u0105cy w\u0142oski producent specjalizuj\u0105cy si\u0119 w projektowaniu, rozwoju i produkcji wysokiej jako\u015bci cylindr\u00f3w hydraulicznych. Dzi\u0119ki wieloletniemu do\u015bwiadczeniu \u0142\u0105czymy tradycyjne w\u0142oskie rzemios\u0142o z najnowocze\u015bniejsz\u0105 technologi\u0105, aby oferowa\u0107 wyj\u0105tkowe rozwi\u0105zania hydrauliczne, kt\u00f3re spe\u0142niaj\u0105 zr\u00f3\u017cnicowane potrzeby naszych klient\u00f3w na ca\u0142ym \u015bwiecie. Z siedzib\u0105 we W\u0142oszech, b\u0119d\u0105cym centrum doskona\u0142o\u015bci in\u017cynieryjnej, FMP ugruntowa\u0142a swoj\u0105 pozycj\u0119 zaufanej marki w bran\u017cy hydraulicznej, dostarczaj\u0105c niezawodne, trwa\u0142e i innowacyjne produkty, kt\u00f3re wspieraj\u0105 firmy na ca\u0142ym \u015bwiecie.<\/p>\n<p>Nasza firma \u0142\u0105czy zaawansowane tradycje produkcyjne z nowatorskim podej\u015bciem. Wykorzystuj\u0105c wieloletnie do\u015bwiadczenie w dziedzinie uk\u0142ad\u00f3w hydraulicznych, FMP przekszta\u0142ci\u0142a si\u0119 w nowoczesne przedsi\u0119biorstwo, kt\u00f3re wyr\u00f3\u017cnia si\u0119 w badaniach, projektowaniu i produkcji. Oferujemy szeroki asortyment si\u0142ownik\u00f3w hydraulicznych, w tym si\u0142owniki dwustronnego dzia\u0142ania, si\u0142owniki podnosz\u0105ce do samochod\u00f3w, si\u0142owniki do maszyn rolniczych oraz rozwi\u0105zania projektowane na zam\u00f3wienie dla r\u00f3\u017cnorodnych zastosowa\u0144 przemys\u0142owych. Niezale\u017cnie od tego, czy chodzi o budownictwo, instalacje przemys\u0142owe, rolnictwo, czy ci\u0119\u017cki sprz\u0119t, nasze si\u0142owniki hydrauliczne s\u0105 zaprojektowane tak, aby dzia\u0142a\u0107 w najbardziej wymagaj\u0105cych warunkach, zapewniaj\u0105c bezpiecze\u0144stwo, wydajno\u015b\u0107 i trwa\u0142o\u015b\u0107.<\/p>\n<p><img loading=\"lazy\" decoding=\"async\" class=\"alignnone size-full wp-image-6720\" src=\"https:\/\/fmp-components.com\/wp-content\/uploads\/2025\/03\/hydraulic-cylinder-8.webp\" alt=\"Si\u0142owniki hydrauliczne teleskopowe\" width=\"933\" height=\"526\" title=\"\" srcset=\"https:\/\/fmp-components.com\/wp-content\/uploads\/2025\/03\/hydraulic-cylinder-8.webp 933w, https:\/\/fmp-components.com\/wp-content\/uploads\/2025\/03\/hydraulic-cylinder-8-480x271.webp 480w\" sizes=\"(min-width: 0px) and (max-width: 480px) 480px, (min-width: 481px) 933px, 100vw\" \/><\/p>\n<p>W FMP jeste\u015bmy dumni z naszych najnowocze\u015bniejszych zak\u0142ad\u00f3w produkcyjnych, wyposa\u017conych w precyzyjny park maszynowy i zaawansowane systemy testowe. Nasze procesy produkcyjne spe\u0142niaj\u0105 rygorystyczne normy krajowe i mi\u0119dzynarodowe, gwarantuj\u0105c, \u017ce ka\u017cdy produkowany si\u0142ownik hydrauliczny spe\u0142nia najwy\u017csze standardy jako\u015bci i niezawodno\u015bci. Nasz wykwalifikowany zesp\u00f3\u0142 techniczny w po\u0142\u0105czeniu z najnowocze\u015bniejszym sprz\u0119tem pozwala nam zachowa\u0107 \u015bcis\u0142\u0105 kontrol\u0119 jako\u015bci na ka\u017cdym etapie produkcji \u2013 od doboru surowc\u00f3w po kontrol\u0119 ko\u0144cow\u0105. To zaanga\u017cowanie w d\u0105\u017cenie do doskona\u0142o\u015bci przynios\u0142o nam certyfikaty i uznanie autorytet\u00f3w bran\u017cowych, co umacnia nasz\u0105 reputacj\u0119 niezawodnego partnera.<\/p>\n<p>Nasza misja jest prosta i ambitna: dostarcza\u0107 klientom si\u0142owniki hydrauliczne, kt\u00f3re przewy\u017cszaj\u0105 oczekiwania pod wzgl\u0119dem wydajno\u015bci, trwa\u0142o\u015bci i warto\u015bci. Dzia\u0142amy zgodnie z zasadami profesjonalizmu, uczciwo\u015bci i zorientowania na klienta. Piel\u0119gnuj\u0105c kultur\u0119 innowacyjno\u015bci i precyzji, stale udoskonalamy nasze produkty, aby utrzyma\u0107 pozycj\u0119 lidera na konkurencyjnym rynku. Nasza szeroka gama produkt\u00f3w i mo\u017cliwo\u015b\u0107 oferowania rozwi\u0105za\u0144 dostosowanych do indywidualnych potrzeb sprawiaj\u0105, \u017ce jeste\u015bmy preferowanym wyborem dla firm poszukuj\u0105cych wysokowydajnych si\u0142ownik\u00f3w hydraulicznych.<\/p>\n<p>FMP to co\u015b wi\u0119cej ni\u017c tylko producent; jeste\u015bmy partnerem Twojego sukcesu. Rozumiemy, \u017ce nasi klienci polegaj\u0105 na nas, dostarczaj\u0105c narz\u0119dzia zwi\u0119kszaj\u0105ce ich produktywno\u015b\u0107 i bezpiecze\u0144stwo. Dlatego dok\u0142adamy wszelkich stara\u0144, aby dostarcza\u0107 nie tylko produkty najwy\u017cszej jako\u015bci, ale tak\u017ce wyj\u0105tkow\u0105 obs\u0142ug\u0119. Od wst\u0119pnych konsultacji po wsparcie posprzeda\u017cowe, \u015bci\u015ble wsp\u00f3\u0142pracujemy z naszymi klientami, aby zapewni\u0107 im profesjonalne i staranne zaspokojenie ich potrzeb. Nasze konkurencyjne ceny w po\u0142\u0105czeniu z niezmiennym zaanga\u017cowaniem w jako\u015b\u0107 sprawiaj\u0105, \u017ce FMP to m\u0105dry wyb\u00f3r dla firm poszukuj\u0105cych niezawodnych rozwi\u0105za\u0144 hydraulicznych.<\/p>","protected":false},"excerpt":{"rendered":"<p>Professional Craftsmanship Telescopic Double Acting Hydraulic Cylinder For Dump Truck Our Telescopic Double Acting Hydraulic Cylinder is designed with professional craftsmanship, specifically for Dump Trucks. Manufactured by FMP, an industry leader located in Italy City, this hydraulic cylinder is guaranteed to provide reliable and efficient performance. Its key features include its multistage structure, high thrust [&hellip;]<\/p>","protected":false},"featured_media":6751,"comment_status":"closed","ping_status":"closed","template":"","meta":{"_et_pb_use_builder":"","_et_pb_old_content":"","_et_gb_content_width":""},"product_brand":[],"product_cat":[103],"product_tag":[34,105],"class_list":{"0":"post-6539","1":"product","2":"type-product","3":"status-publish","4":"has-post-thumbnail","6":"product_cat-telescopic-hydraulic-cylinders","7":"product_tag-hydraulic-cylinder","8":"product_tag-telescopic-hydraulic-cylinders","10":"first","11":"instock","12":"product-type-simple"},"_links":{"self":[{"href":"https:\/\/fmp-components.com\/pl\/wp-json\/wp\/v2\/product\/6539","targetHints":{"allow":["GET"]}}],"collection":[{"href":"https:\/\/fmp-components.com\/pl\/wp-json\/wp\/v2\/product"}],"about":[{"href":"https:\/\/fmp-components.com\/pl\/wp-json\/wp\/v2\/types\/product"}],"replies":[{"embeddable":true,"href":"https:\/\/fmp-components.com\/pl\/wp-json\/wp\/v2\/comments?post=6539"}],"wp:featuredmedia":[{"embeddable":true,"href":"https:\/\/fmp-components.com\/pl\/wp-json\/wp\/v2\/media\/6751"}],"wp:attachment":[{"href":"https:\/\/fmp-components.com\/pl\/wp-json\/wp\/v2\/media?parent=6539"}],"wp:term":[{"taxonomy":"product_brand","embeddable":true,"href":"https:\/\/fmp-components.com\/pl\/wp-json\/wp\/v2\/product_brand?post=6539"},{"taxonomy":"product_cat","embeddable":true,"href":"https:\/\/fmp-components.com\/pl\/wp-json\/wp\/v2\/product_cat?post=6539"},{"taxonomy":"product_tag","embeddable":true,"href":"https:\/\/fmp-components.com\/pl\/wp-json\/wp\/v2\/product_tag?post=6539"}],"curies":[{"name":"wp","href":"https:\/\/api.w.org\/{rel}","templated":true}]}}