{"id":6534,"date":"2025-03-11T06:28:19","date_gmt":"2025-03-11T06:28:19","guid":{"rendered":"https:\/\/fmp-components.com\/product\/professional-craftsmanship-20-ton-dump-truck-4-stage-hydraulic-cylinder"},"modified":"2025-03-14T03:02:11","modified_gmt":"2025-03-14T03:02:11","slug":"professional-craftsmanship-20-ton-dump-truck-4-stage-hydraulic-cylinder","status":"publish","type":"product","link":"https:\/\/fmp-components.com\/pl\/product\/professional-craftsmanship-20-ton-dump-truck-4-stage-hydraulic-cylinder\/","title":{"rendered":"Profesjonalne wykonanie, wywrotka 20 ton, 4-stopniowy si\u0142ownik hydrauliczny"},"content":{"rendered":"<h2>Profesjonalne wykonanie, wywrotka 20 ton, 4-stopniowy si\u0142ownik hydrauliczny<\/h2>\n<p>Czterostopniowy si\u0142ownik hydrauliczny do wywrotek FMP o ud\u017awigu 20 ton to dow\u00f3d profesjonalizmu. Produkt ten, stosowany g\u0142\u00f3wnie w warsztatach naprawczych maszyn, gospodarstwach rolnych, energetyce i g\u00f3rnictwie, przemy\u015ble maszynowym oraz fabrykach, zosta\u0142 zaprojektowany z wysokiej jako\u015bci stali i nap\u0119dzany technologi\u0105 hydrauliczn\u0105. Wielostopniowy si\u0142ownik hydrauliczny ma maksymalny ud\u017awig 20 ton i posiada certyfikat ISO 9001:2000.<\/p>\n<h3>G\u0142\u00f3wne cechy i funkcje<\/h3>\n<ul>\n<li><strong>Standardowa struktura:<\/strong> Ten si\u0142ownik hydrauliczny zosta\u0142 zaprojektowany ze standardow\u0105 konstrukcj\u0105 cylindra t\u0142okowego i mo\u017cna go bezproblemowo zintegrowa\u0107 z r\u00f3\u017cnymi maszynami i urz\u0105dzeniami.<\/li>\n<li><strong>Wysoka moc:<\/strong> Maksymalna si\u0142a ci\u0105gu 3000 i maksymalny uci\u0105g 20 ton gwarantuj\u0105 wyj\u0105tkow\u0105 wydajno\u015b\u0107.<\/li>\n<li><strong>Wytrzyma\u0142y materia\u0142:<\/strong> Korpus cylindra wykonany jest z wysokiej jako\u015bci stali, co zapewnia trwa\u0142o\u015b\u0107 i d\u0142ug\u0105 \u017cywotno\u015b\u0107.<\/li>\n<\/ul>\n<h3>Dane techniczne<\/h3>\n<table style=\"width: 95.5718%;\" border=\"\">\n<tbody>\n<tr>\n<td style=\"width: 41.704%;\">Nazwa produktu<\/td>\n<td style=\"width: 296.861%;\">Cylinder teleskopowy<\/td>\n<\/tr>\n<tr>\n<td style=\"width: 41.704%;\">Orzecznictwo<\/td>\n<td style=\"width: 296.861%;\">Certyfikat ISO9001:2000<\/td>\n<\/tr>\n<tr>\n<td style=\"width: 41.704%;\">Rozmiar otworu<\/td>\n<td style=\"width: 296.861%;\">2-6 cali<\/td>\n<\/tr>\n<tr>\n<td style=\"width: 41.704%;\">Rozmiar pr\u0119ta<\/td>\n<td style=\"width: 296.861%;\">1,125-4 cale<\/td>\n<\/tr>\n<tr>\n<td style=\"width: 41.704%;\">Rozmiar poci\u0105gni\u0119cia<\/td>\n<td style=\"width: 296.861%;\">4-100 cali<\/td>\n<\/tr>\n<tr>\n<td style=\"width: 41.704%;\">Rozmiar szpilki<\/td>\n<td style=\"width: 296.861%;\">0,5-2 cale<\/td>\n<\/tr>\n<tr>\n<td style=\"width: 41.704%;\">Porty<\/td>\n<td style=\"width: 296.861%;\">G\/SAE\/NPT\/M<\/td>\n<\/tr>\n<\/tbody>\n<\/table>\n<h2>Unikalne zalety<\/h2>\n<p>Czterostopniowy si\u0142ownik hydrauliczny do 20-tonowej wywrotki firmy FMP wyr\u00f3\u017cnia si\u0119 energooszcz\u0119dno\u015bci\u0105, wysok\u0105 wydajno\u015bci\u0105 i funkcjami bezpiecze\u0144stwa. Nadaje si\u0119 do szerokiego zakresu zastosowa\u0144, w tym warsztat\u00f3w naprawczych maszyn, gospodarstw rolnych, energetyki i g\u00f3rnictwa, produkcji maszyn oraz fabryk.<\/p>\n<p><img loading=\"lazy\" decoding=\"async\" class=\"alignnone  wp-image-6661\" src=\"https:\/\/fmp-components.com\/wp-content\/uploads\/2025\/03\/telescopic-hydraulic-cylinder-10.webp\" alt=\"si\u0142ownik hydrauliczny teleskopowy\" width=\"808\" height=\"808\" title=\"\" srcset=\"https:\/\/fmp-components.com\/wp-content\/uploads\/2025\/03\/telescopic-hydraulic-cylinder-10.webp 808w, https:\/\/fmp-components.com\/wp-content\/uploads\/2025\/03\/telescopic-hydraulic-cylinder-10-480x480.webp 480w\" sizes=\"(min-width: 0px) and (max-width: 480px) 480px, (min-width: 481px) 808px, 100vw\" \/><\/p>\n<h2>Uk\u0142ad hydrauliczny i zasada dzia\u0142ania<\/h2>\n<p>Si\u0142ownik hydrauliczny jest integraln\u0105 cz\u0119\u015bci\u0105 uk\u0142adu hydraulicznego, przetwarzaj\u0105c energi\u0119 hydrauliczn\u0105 w ruch mechaniczny i ci\u015bnienie w si\u0142\u0119. Natomiast jednostka nap\u0119dowa stanowi serce uk\u0142adu, dostarczaj\u0105c niezb\u0119dn\u0105 energi\u0119 i sygna\u0142y steruj\u0105ce.<\/p>\n<h2>Scenariusze zastosowa\u0144<\/h2>\n<p>Si\u0142owniki hydrauliczne FMP s\u0105 szeroko stosowane w r\u00f3\u017cnych ga\u0142\u0119ziach przemys\u0142u ze wzgl\u0119du na wysok\u0105 niezawodno\u015b\u0107 i doskona\u0142\u0105 wydajno\u015b\u0107. S\u0105 one integraln\u0105 cz\u0119\u015bci\u0105 eksploatacji wywrotek, maszyn do rob\u00f3t ziemnych, sprz\u0119tu rolniczego i innych maszyn.<\/p>\n<h2>Si\u0142owniki hydrauliczne i agregaty nap\u0119dowe<\/h2>\n<p>Si\u0142owniki hydrauliczne i agregaty pr\u0105dotw\u00f3rcze stanowi\u0105 niezb\u0119dny element uk\u0142ad\u00f3w hydraulicznych. Ich skoordynowane dzia\u0142anie zapewnia szerokie zastosowanie technologii hydraulicznej w przemy\u015ble, zapewniaj\u0105c niezawodne zasilanie i sterowanie r\u00f3\u017cnorodnym urz\u0105dzeniom in\u017cynieryjnym i mechanicznym. FMP oferuje r\u00f3wnie\u017c sprzeda\u017c agregat\u00f3w pr\u0105dotw\u00f3rczych.<\/p>\n<h2>Cz\u0119sto zadawane pytania<\/h2>\n<dl>\n<dt>P: Czy jeste\u015b firm\u0105 handlow\u0105 lub produkcyjn\u0105?<\/dt>\n<dd>A: Jeste\u015bmy fabryk\u0105.<\/dd>\n<dt>P: Jak d\u0142ugi jest czas dostawy?<\/dt>\n<dd>A: Zazwyczaj jest to 25\u201335 dni.<\/dd>\n<dt>P: Czy dostarczacie pr\u00f3bki? Czy s\u0105 darmowe czy dodatkowe?<\/dt>\n<dd>O: Tak, mogliby\u015bmy zaoferowa\u0107 pr\u00f3bk\u0119, ale nie jest ona darmowa.<\/dd>\n<\/dl>\n<h3>O FMP<\/h3>\n<p class=\"break-words\">FMP jest wiod\u0105cym w\u0142oskim producentem specjalizuj\u0105cym si\u0119 w projektowaniu, rozwoju i produkcji wysokiej jako\u015bci cylindr\u00f3w hydraulicznych. Dzi\u0119ki bogatemu dziedzictwu zakorzenionemu w dziesi\u0119cioleciach do\u015bwiadczenia, z dum\u0105 \u0142\u0105czymy w\u0142oskie rzemios\u0142o z najnowocze\u015bniejsz\u0105 technologi\u0105, aby dostarcza\u0107 wyj\u0105tkowe rozwi\u0105zania hydrauliczne dostosowane do zr\u00f3\u017cnicowanych potrzeb naszych globalnych klient\u00f3w. Maj\u0105c siedzib\u0119 we W\u0142oszech, w centrum doskona\u0142o\u015bci in\u017cynieryjnej, FMP jest zaufan\u0105 mark\u0105 w bran\u017cy hydraulicznej, zobowi\u0105zan\u0105 do dostarczania niezawodnych, trwa\u0142ych i innowacyjnych produkt\u00f3w, kt\u00f3re wzmacniaj\u0105 firmy na ca\u0142ym \u015bwiecie.<\/p>\n<p class=\"break-words\">Nasza firma integruje najlepsze tradycje zaawansowanej produkcji z przysz\u0142o\u015bciowym podej\u015bciem. Korzystaj\u0105c z wieloletniego do\u015bwiadczenia w systemach hydraulicznych, FMP przekszta\u0142ci\u0142o si\u0119 w nowoczesne przedsi\u0119biorstwo, kt\u00f3re wyr\u00f3\u017cnia si\u0119 w badaniach, projektowaniu i produkcji. Specjalizujemy si\u0119 w szerokiej gamie cylindr\u00f3w hydraulicznych, w tym cylindrach dwustronnego dzia\u0142ania, cylindrach podnosz\u0105cych do samochod\u00f3w, cylindrach do maszyn rolniczych i rozwi\u0105zaniach projektowanych na zam\u00f3wienie do r\u00f3\u017cnych zastosowa\u0144 przemys\u0142owych. Niezale\u017cnie od tego, czy chodzi o budownictwo, instalacje przemys\u0142owe, rolnictwo czy ci\u0119\u017cki sprz\u0119t, nasze cylindry hydrauliczne s\u0105 zbudowane tak, aby dzia\u0142a\u0142y w najtrudniejszych warunkach, zapewniaj\u0105c bezpiecze\u0144stwo, wydajno\u015b\u0107 i d\u0142ugowieczno\u015b\u0107.<\/p>\n<p><img loading=\"lazy\" decoding=\"async\" class=\"alignnone size-full wp-image-6720\" src=\"https:\/\/fmp-components.com\/wp-content\/uploads\/2025\/03\/hydraulic-cylinder-8.webp\" alt=\"Si\u0142owniki hydrauliczne teleskopowe\" width=\"933\" height=\"526\" title=\"\" srcset=\"https:\/\/fmp-components.com\/wp-content\/uploads\/2025\/03\/hydraulic-cylinder-8.webp 933w, https:\/\/fmp-components.com\/wp-content\/uploads\/2025\/03\/hydraulic-cylinder-8-480x271.webp 480w\" sizes=\"(min-width: 0px) and (max-width: 480px) 480px, (min-width: 481px) 933px, 100vw\" \/><\/p>\n<p class=\"break-words\">W FMP jeste\u015bmy dumni z naszych najnowocze\u015bniejszych zak\u0142ad\u00f3w produkcyjnych, wyposa\u017conych w precyzyjne maszyny i zaawansowane systemy testowe. Nasze procesy produkcyjne s\u0105 zgodne z rygorystycznymi normami krajowymi i mi\u0119dzynarodowymi, co zapewnia, \u017ce ka\u017cdy cylinder hydrauliczny opuszczaj\u0105cy nasz\u0105 fabryk\u0119 jest najwy\u017cszej jako\u015bci i niezawodno\u015bci. Nasz wykwalifikowany zesp\u00f3\u0142 techniczny w po\u0142\u0105czeniu z najnowocze\u015bniejszym sprz\u0119tem pozwala nam zachowa\u0107 \u015bcis\u0142\u0105 kontrol\u0119 jako\u015bci na ka\u017cdym etapie produkcji \u2014 od wyboru surowca po ko\u0144cow\u0105 kontrol\u0119. To oddanie doskona\u0142o\u015bci przynios\u0142o nam certyfikaty i uznanie autorytet\u00f3w bran\u017cowych, co dodatkowo umocni\u0142o nasz\u0105 reputacj\u0119 niezawodnego partnera.<\/p>\n<p class=\"break-words\">Nasza misja jest prosta, ale ambitna: dostarcza\u0107 naszym klientom cylindry hydrauliczne, kt\u00f3re przekraczaj\u0105 oczekiwania pod wzgl\u0119dem wydajno\u015bci, trwa\u0142o\u015bci i warto\u015bci. Dzia\u0142amy zgodnie z zasadami profesjonalizmu, uczciwo\u015bci i skupienia na kliencie. Poprzez promowanie kultury innowacji i precyzji nieustannie udoskonalamy nasze produkty, aby utrzyma\u0107 si\u0119 na czele konkurencyjnego rynku. Nasza kompleksowa oferta produkt\u00f3w i zdolno\u015b\u0107 do oferowania dostosowanych rozwi\u0105za\u0144 sprawiaj\u0105, \u017ce jeste\u015bmy pierwszym wyborem dla firm poszukuj\u0105cych wysokowydajnych cylindr\u00f3w hydraulicznych.<\/p>\n<p class=\"break-words\">FMP to co\u015b wi\u0119cej ni\u017c tylko producent \u2014 jeste\u015bmy partnerem w Twoim sukcesie. Rozumiemy, \u017ce nasi klienci polegaj\u0105 na nas, je\u015bli chodzi o dostarczanie narz\u0119dzi, kt\u00f3re zwi\u0119kszaj\u0105 ich produktywno\u015b\u0107 i bezpiecze\u0144stwo. Dlatego te\u017c jeste\u015bmy zobowi\u0105zani do oferowania nie tylko produkt\u00f3w najwy\u017cszej klasy, ale tak\u017ce wyj\u0105tkowej obs\u0142ugi. Od wst\u0119pnych konsultacji po wsparcie posprzeda\u017cowe, \u015bci\u015ble wsp\u00f3\u0142pracujemy z naszymi klientami, aby zapewni\u0107, \u017ce ich potrzeby s\u0105 spe\u0142niane z profesjonalizmem i trosk\u0105. Nasze konkurencyjne ceny w po\u0142\u0105czeniu z naszym niezachwianym zaanga\u017cowaniem w jako\u015b\u0107 sprawiaj\u0105, \u017ce FMP jest m\u0105drym wyborem dla firm, kt\u00f3re chc\u0105 zainwestowa\u0107 w rozwi\u0105zania hydrauliczne, kt\u00f3rym mog\u0105 zaufa\u0107.<\/p>","protected":false},"excerpt":{"rendered":"<p>Professional Craftsmanship 20 Ton Dump Truck 4 Stage Hydraulic Cylinder FMP&#8217;s 20 Ton Dump Truck 4 Stage hydraulic cylinder is a testament to professional craftsmanship. This product, mainly used in machinery repair shops, farms, energy &amp; mining, machinery manufacturing, and factories, is designed with high-grade steel and powered by hydraulic technology. The multistage hydraulic cylinder [&hellip;]<\/p>","protected":false},"featured_media":6795,"comment_status":"closed","ping_status":"closed","template":"","meta":{"_et_pb_use_builder":"","_et_pb_old_content":"","_et_gb_content_width":""},"product_brand":[],"product_cat":[103],"product_tag":[34,105],"class_list":{"0":"post-6534","1":"product","2":"type-product","3":"status-publish","4":"has-post-thumbnail","6":"product_cat-telescopic-hydraulic-cylinders","7":"product_tag-hydraulic-cylinder","8":"product_tag-telescopic-hydraulic-cylinders","10":"first","11":"instock","12":"product-type-simple"},"_links":{"self":[{"href":"https:\/\/fmp-components.com\/pl\/wp-json\/wp\/v2\/product\/6534","targetHints":{"allow":["GET"]}}],"collection":[{"href":"https:\/\/fmp-components.com\/pl\/wp-json\/wp\/v2\/product"}],"about":[{"href":"https:\/\/fmp-components.com\/pl\/wp-json\/wp\/v2\/types\/product"}],"replies":[{"embeddable":true,"href":"https:\/\/fmp-components.com\/pl\/wp-json\/wp\/v2\/comments?post=6534"}],"wp:featuredmedia":[{"embeddable":true,"href":"https:\/\/fmp-components.com\/pl\/wp-json\/wp\/v2\/media\/6795"}],"wp:attachment":[{"href":"https:\/\/fmp-components.com\/pl\/wp-json\/wp\/v2\/media?parent=6534"}],"wp:term":[{"taxonomy":"product_brand","embeddable":true,"href":"https:\/\/fmp-components.com\/pl\/wp-json\/wp\/v2\/product_brand?post=6534"},{"taxonomy":"product_cat","embeddable":true,"href":"https:\/\/fmp-components.com\/pl\/wp-json\/wp\/v2\/product_cat?post=6534"},{"taxonomy":"product_tag","embeddable":true,"href":"https:\/\/fmp-components.com\/pl\/wp-json\/wp\/v2\/product_tag?post=6534"}],"curies":[{"name":"wp","href":"https:\/\/api.w.org\/{rel}","templated":true}]}}