{"id":6531,"date":"2025-03-11T06:28:19","date_gmt":"2025-03-11T06:28:19","guid":{"rendered":"https:\/\/fmp-components.com\/product\/quality-assurance-dump-truck-hydraulic-hoist-cylinder-4-stage-small-dump-truck-hydraulic-cylinder"},"modified":"2025-03-18T01:06:05","modified_gmt":"2025-03-18T01:06:05","slug":"quality-assurance-dump-truck-hydraulic-hoist-cylinder-4-stage-small-dump-truck-hydraulic-cylinder","status":"publish","type":"product","link":"https:\/\/fmp-components.com\/pl\/product\/quality-assurance-dump-truck-hydraulic-hoist-cylinder-4-stage-small-dump-truck-hydraulic-cylinder\/","title":{"rendered":"Zapewnienie jako\u015bci, hydrauliczny si\u0142ownik podno\u015bnika do wywrotki, 4-stopniowy, hydrauliczny si\u0142ownik do ma\u0142ej wywrotki"},"content":{"rendered":"<h2>Zapewnienie jako\u015bci, hydrauliczny si\u0142ownik podno\u015bnika do wywrotki, 4-stopniowy, hydrauliczny si\u0142ownik do ma\u0142ej wywrotki<\/h2>\n<p>Nasz 4-stopniowy si\u0142ownik hydrauliczny do ma\u0142ych wywrotek to produkt o potwierdzonej jako\u015bci, zapewniaj\u0105cy optymaln\u0105 wydajno\u015b\u0107. Jest to nowy produkt, kt\u00f3ry pojawi si\u0119 na rynku w 2025 roku i jest obj\u0119ty roczn\u0105 gwarancj\u0105. Ten si\u0142ownik hydrauliczny jest przeznaczony do stosowania w warsztatach naprawczych maszyn, gospodarstwach rolnych, przemy\u015ble energetycznym i g\u00f3rniczym, a tak\u017ce w produkcji maszyn i fabrykach.<\/p>\n<h3>Funkcje i korzy\u015bci<\/h3>\n<ul>\n<li>Posiada standardow\u0105 konstrukcj\u0119 cylindra t\u0142okowego z nap\u0119dem hydraulicznym.<\/li>\n<li>Wykonany jest ze stali, co zwi\u0119ksza jego trwa\u0142o\u015b\u0107.<\/li>\n<li>Maksymalna si\u0142a ci\u0105gu wynosi 3000, a maksymalna si\u0142a uci\u0105gu 20 ton.<\/li>\n<li>Jest to wielostopniowy si\u0142ownik hydrauliczny z portami G\/SAE\/NPT\/M.<\/li>\n<li>Posiada certyfikat jako\u015bci ISO9001:2000.<\/li>\n<li>\u015arednica otworu wynosi 2-6 cali, \u015brednica t\u0142oka wynosi 1,125-4 cale, a skok t\u0142oka wynosi 4-100 cali.<\/li>\n<\/ul>\n<h2>Dane techniczne<\/h2>\n<table style=\"width: 100.336%;\" border=\"\">\n<tbody>\n<tr>\n<th style=\"width: 42.9185%;\">Nazwa produktu<\/th>\n<td style=\"width: 348.498%;\">Cylinder teleskopowy<\/td>\n<\/tr>\n<tr>\n<th style=\"width: 42.9185%;\">Orzecznictwo<\/th>\n<td style=\"width: 348.498%;\">Certyfikat ISO9001:2000<\/td>\n<\/tr>\n<tr>\n<th style=\"width: 42.9185%;\">Rozmiar otworu<\/th>\n<td style=\"width: 348.498%;\">2-6 cali<\/td>\n<\/tr>\n<tr>\n<th style=\"width: 42.9185%;\">Rozmiar pr\u0119ta<\/th>\n<td style=\"width: 348.498%;\">1,125-4 cale<\/td>\n<\/tr>\n<tr>\n<th style=\"width: 42.9185%;\">Rozmiar poci\u0105gni\u0119cia<\/th>\n<td style=\"width: 348.498%;\">4-100 cali<\/td>\n<\/tr>\n<tr>\n<th style=\"width: 42.9185%;\">Rozmiar szpilki<\/th>\n<td style=\"width: 348.498%;\">0,5-2 cale<\/td>\n<\/tr>\n<tr>\n<th style=\"width: 42.9185%;\">Porty<\/th>\n<td style=\"width: 348.498%;\">G\/SAE\/NPT\/M<\/td>\n<\/tr>\n<\/tbody>\n<\/table>\n<h2>Unikalne cechy i zalety<\/h2>\n<p>Nasz si\u0142ownik hydrauliczny wyr\u00f3\u017cnia si\u0119 energooszcz\u0119dno\u015bci\u0105, wysok\u0105 wydajno\u015bci\u0105 i bezpiecze\u0144stwem. Oferuje r\u00f3wnie\u017c szeroki zakres zastosowa\u0144, co czyni go wszechstronnym wyborem dla r\u00f3\u017cnych bran\u017c.<\/p>\n<h2>Uk\u0142ady hydrauliczne i zasady dzia\u0142ania<\/h2>\n<p>Nasz si\u0142ownik hydrauliczny dzia\u0142a w oparciu o fundamentaln\u0105 zasad\u0119 dzia\u0142ania spr\u0119\u017conego p\u0142ynu, kt\u00f3ra jest niezb\u0119dna do generowania si\u0142y i umo\u017cliwiania ruchu. Zasada ta opiera si\u0119 na za\u0142o\u017ceniu, \u017ce ciecze pod ci\u015bnieniem mog\u0105 skutecznie i wydajnie przenosi\u0107 si\u0142\u0119. W naszym si\u0142owniku hydraulicznym spr\u0119\u017cony p\u0142yn hydrauliczny jest wprowadzany do zamkni\u0119tej komory, gdzie oddzia\u0142uje na t\u0142ok. Ta interakcja generuje znaczn\u0105 si\u0142\u0119, umo\u017cliwiaj\u0105c si\u0142ownikowi wykonywanie r\u00f3\u017cnorodnych zada\u0144.<\/p>\n<p>Jako integralny element uk\u0142adu hydraulicznego, si\u0142ownik hydrauliczny odgrywa kluczow\u0105 rol\u0119 w przekszta\u0142caniu energii hydraulicznej w energi\u0119 mechaniczn\u0105. Gdy p\u0142yn hydrauliczny jest pompowany do si\u0142ownika, wytwarza ci\u015bnienie, kt\u00f3re popycha t\u0142ok w kierunku liniowym. Ruch ten przekszta\u0142ca si\u0119 w si\u0142\u0119 mechaniczn\u0105, umo\u017cliwiaj\u0105c si\u0142ownikowi podnoszenie, pchanie lub ci\u0105gni\u0119cie du\u017cych \u0142adunk\u00f3w z niezwyk\u0142\u0105 precyzj\u0105 i kontrol\u0105. Mo\u017cliwo\u015b\u0107 wykorzystania energii hydraulicznej w ten spos\u00f3b sprawia, \u017ce \u200b\u200bsi\u0142owniki hydrauliczne s\u0105 niezb\u0119dnym narz\u0119dziem w wielu zastosowaniach przemys\u0142owych.<\/p>\n<p><img loading=\"lazy\" decoding=\"async\" class=\"alignnone wp-image-6664\" src=\"https:\/\/fmp-components.com\/wp-content\/uploads\/2025\/03\/telescopic-hydraulic-cylinder-8.webp\" alt=\"si\u0142ownik hydrauliczny teleskopowy\" width=\"928\" height=\"928\" title=\"\" srcset=\"https:\/\/fmp-components.com\/wp-content\/uploads\/2025\/03\/telescopic-hydraulic-cylinder-8.webp 928w, https:\/\/fmp-components.com\/wp-content\/uploads\/2025\/03\/telescopic-hydraulic-cylinder-8-480x480.webp 480w\" sizes=\"(min-width: 0px) and (max-width: 480px) 480px, (min-width: 481px) 928px, 100vw\" \/><\/p>\n<p>Wydajno\u015b\u0107 naszego si\u0142ownika hydraulicznego wynika z jego konstrukcji, kt\u00f3ra maksymalizuje transfer energii z cieczy do ruchu mechanicznego. Dzi\u0119ki zastosowaniu cieczy nie\u015bci\u015bliwych, system gwarantuje, \u017ce nawet niewielkie zmiany ci\u015bnienia mog\u0105 skutkowa\u0107 znacznym ruchem, co zapewnia znaczn\u0105 przewag\u0119 w zadaniach wymagaj\u0105cych du\u017cej si\u0142y przy minimalnym nak\u0142adzie pracy. Ta wydajno\u015b\u0107 nie tylko zwi\u0119ksza wydajno\u015b\u0107, ale tak\u017ce przyczynia si\u0119 do trwa\u0142o\u015bci uk\u0142adu hydraulicznego, poniewa\u017c zmniejsza zu\u017cycie podzespo\u0142\u00f3w.<\/p>\n<p>Podsumowuj\u0105c, nasz si\u0142ownik hydrauliczny stanowi przyk\u0142ad efektywnego wykorzystania si\u0142y spr\u0119\u017conego p\u0142ynu do generowania si\u0142y i ruchu. Jego rola w uk\u0142adzie hydraulicznym podkre\u015bla jego znaczenie w przekszta\u0142caniu energii hydraulicznej w energi\u0119 mechaniczn\u0105, umo\u017cliwiaj\u0105c mu wykonywanie szerokiego zakresu zada\u0144 w r\u00f3\u017cnych bran\u017cach. Zasady dzia\u0142ania gwarantuj\u0105 niezawodno\u015b\u0107 naszych si\u0142ownik\u00f3w hydraulicznych, co czyni je doskona\u0142ym wyborem do ka\u017cdego zastosowania wymagaj\u0105cego wytrzyma\u0142o\u015bci i wydajno\u015bci.<\/p>\n<p><img loading=\"lazy\" decoding=\"async\" class=\"alignnone wp-image-6663\" src=\"https:\/\/fmp-components.com\/wp-content\/uploads\/2025\/03\/telescopic-hydraulic-cylinder-11.webp\" alt=\"si\u0142ownik hydrauliczny teleskopowy\" width=\"923\" height=\"923\" title=\"\" srcset=\"https:\/\/fmp-components.com\/wp-content\/uploads\/2025\/03\/telescopic-hydraulic-cylinder-11.webp 923w, https:\/\/fmp-components.com\/wp-content\/uploads\/2025\/03\/telescopic-hydraulic-cylinder-11-480x480.webp 480w\" sizes=\"(min-width: 0px) and (max-width: 480px) 480px, (min-width: 481px) 923px, 100vw\" \/><\/p>\n<h2>Cz\u0119sto zadawane pytania<\/h2>\n<p><strong>P: Jak d\u0142ugi jest czas dostawy? <\/strong><br \/>\nA: Og\u00f3lny czas dostawy wynosi 25\u201335 dni.<\/p>\n<p><strong>P: Czy dostarczacie pr\u00f3bki? <\/strong><br \/>\nA: Tak, udost\u0119pniamy pr\u00f3bki, ale nie s\u0105 one darmowe.<\/p>\n<p><strong>P: Czy mo\u017cecie produkowa\u0107 na podstawie pr\u00f3bek? <\/strong><br \/>\nA: Tak, mo\u017cemy produkowa\u0107 na podstawie Twoich pr\u00f3bek lub rysunk\u00f3w technicznych. Mo\u017cemy budowa\u0107 formy i urz\u0105dzenia.<\/p>\n<h3>O FMP<\/h3>\n<p>FMP to wiod\u0105cy w\u0142oski producent specjalizuj\u0105cy si\u0119 w projektowaniu, rozwoju i produkcji najwy\u017cszej jako\u015bci cylindr\u00f3w hydraulicznych. Dzi\u0119ki bogatemu do\u015bwiadczeniu i wieloletniemu do\u015bwiadczeniu, doskonale \u0142\u0105czymy w\u0142oskie rzemios\u0142o z najnowocze\u015bniejsz\u0105 technologi\u0105, oferuj\u0105c wyj\u0105tkowe rozwi\u0105zania hydrauliczne dopasowane do zr\u00f3\u017cnicowanych potrzeb naszych klient\u00f3w na ca\u0142ym \u015bwiecie. Z siedzib\u0105 we W\u0142oszech \u2013 epicentrum doskona\u0142o\u015bci in\u017cynieryjnej \u2013 FMP ugruntowa\u0142a swoj\u0105 pozycj\u0119 zaufanej marki w bran\u017cy hydraulicznej, dostarczaj\u0105c niezawodne, trwa\u0142e i innowacyjne produkty, kt\u00f3re wspieraj\u0105 firmy na ca\u0142ym \u015bwiecie.<\/p>\n<p>Nasza firma \u0142\u0105czy zaawansowane tradycje produkcyjne z nowatorskim podej\u015bciem. Wykorzystuj\u0105c bogate do\u015bwiadczenie w dziedzinie uk\u0142ad\u00f3w hydraulicznych, FMP przekszta\u0142ci\u0142a si\u0119 w nowoczesne przedsi\u0119biorstwo, kt\u00f3re przoduje w badaniach, projektowaniu i produkcji. Oferujemy szeroki asortyment si\u0142ownik\u00f3w hydraulicznych, w tym si\u0142owniki dwustronnego dzia\u0142ania, si\u0142owniki podnosz\u0105ce do samochod\u00f3w, si\u0142owniki do maszyn rolniczych oraz rozwi\u0105zania projektowane na zam\u00f3wienie dla r\u00f3\u017cnych zastosowa\u0144 przemys\u0142owych. Niezale\u017cnie od sektora \u2013 czy to budownictwo, instalacje przemys\u0142owe, rolnictwo, czy ci\u0119\u017cki sprz\u0119t \u2013 nasze si\u0142owniki hydrauliczne s\u0105 projektowane tak, aby dzia\u0142a\u0142y w najbardziej wymagaj\u0105cych warunkach, zapewniaj\u0105c bezpiecze\u0144stwo, wydajno\u015b\u0107 i trwa\u0142o\u015b\u0107.<\/p>\n<p><img loading=\"lazy\" decoding=\"async\" class=\"alignnone size-full wp-image-6720\" src=\"https:\/\/fmp-components.com\/wp-content\/uploads\/2025\/03\/hydraulic-cylinder-8.webp\" alt=\"Si\u0142owniki hydrauliczne teleskopowe\" width=\"933\" height=\"526\" title=\"\" srcset=\"https:\/\/fmp-components.com\/wp-content\/uploads\/2025\/03\/hydraulic-cylinder-8.webp 933w, https:\/\/fmp-components.com\/wp-content\/uploads\/2025\/03\/hydraulic-cylinder-8-480x271.webp 480w\" sizes=\"(min-width: 0px) and (max-width: 480px) 480px, (min-width: 481px) 933px, 100vw\" \/><\/p>\n<p>W FMP jeste\u015bmy dumni z naszych najnowocze\u015bniejszych zak\u0142ad\u00f3w produkcyjnych, wyposa\u017conych w precyzyjny park maszynowy i zaawansowane systemy testowe. Nasze procesy produkcyjne spe\u0142niaj\u0105 rygorystyczne normy krajowe i mi\u0119dzynarodowe, gwarantuj\u0105c najwy\u017csz\u0105 jako\u015b\u0107 i niezawodno\u015b\u0107 ka\u017cdego produkowanego cylindra hydraulicznego. Nasz wykwalifikowany zesp\u00f3\u0142 techniczny w po\u0142\u0105czeniu z najnowocze\u015bniejszym sprz\u0119tem pozwala nam zachowa\u0107 rygorystyczn\u0105 kontrol\u0119 jako\u015bci na ka\u017cdym etapie produkcji \u2013 od doboru surowc\u00f3w po kontrol\u0119 ko\u0144cow\u0105. To d\u0105\u017cenie do doskona\u0142o\u015bci przynios\u0142o nam certyfikaty i uznanie autorytet\u00f3w bran\u017cowych, co dodatkowo umacnia nasz\u0105 reputacj\u0119 niezawodnego partnera.<\/p>\n<p>Nasza misja jest prosta i ambitna: dostarcza\u0107 klientom si\u0142owniki hydrauliczne, kt\u00f3re przewy\u017cszaj\u0105 oczekiwania pod wzgl\u0119dem wydajno\u015bci, trwa\u0142o\u015bci i warto\u015bci. Dzia\u0142amy zgodnie z podstawowymi zasadami profesjonalizmu, uczciwo\u015bci i zorientowania na klienta. Piel\u0119gnuj\u0105c kultur\u0119 innowacyjno\u015bci i precyzji, stale udoskonalamy nasze produkty, aby utrzyma\u0107 pozycj\u0119 lidera na konkurencyjnym rynku. Nasza szeroka gama produkt\u00f3w i mo\u017cliwo\u015b\u0107 oferowania rozwi\u0105za\u0144 dostosowanych do indywidualnych potrzeb sprawiaj\u0105, \u017ce jeste\u015bmy preferowanym wyborem dla firm poszukuj\u0105cych wysokowydajnych si\u0142ownik\u00f3w hydraulicznych.<\/p>\n<p>FMP to co\u015b wi\u0119cej ni\u017c tylko producent; jeste\u015bmy partnerem Twojego sukcesu. Rozumiemy, \u017ce nasi klienci polegaj\u0105 na nas, dostarczaj\u0105c narz\u0119dzia zwi\u0119kszaj\u0105ce produktywno\u015b\u0107 i bezpiecze\u0144stwo. Dlatego dok\u0142adamy wszelkich stara\u0144, aby dostarcza\u0107 nie tylko produkty najwy\u017cszej jako\u015bci, ale tak\u017ce oferowa\u0107 wyj\u0105tkow\u0105 obs\u0142ug\u0119. Od wst\u0119pnych konsultacji po wsparcie posprzeda\u017cowe, \u015bci\u015ble wsp\u00f3\u0142pracujemy z naszymi klientami, aby zapewni\u0107 im profesjonalne i kompleksowe zaspokojenie ich potrzeb. Nasze konkurencyjne ceny w po\u0142\u0105czeniu z naszym niezmiennym zaanga\u017cowaniem w jako\u015b\u0107 sprawiaj\u0105, \u017ce FMP to m\u0105dry wyb\u00f3r dla firm poszukuj\u0105cych niezawodnych rozwi\u0105za\u0144 hydraulicznych.<\/p>","protected":false},"excerpt":{"rendered":"<p>Quality Assurance Dump Truck Hydraulic Hoist Cylinder 4 Stage Small Dump Truck Hydraulic Cylinder Our 4 Stage Small Dump Truck hydraulic cylinder is a quality assured product that ensures optimal performance. It is a new product, launching in 2025, with a 1-year warranty. This hydraulic cylinder is designed for use in machinery repair shops, farms, [&hellip;]<\/p>","protected":false},"featured_media":6696,"comment_status":"closed","ping_status":"closed","template":"","meta":{"_et_pb_use_builder":"","_et_pb_old_content":"","_et_gb_content_width":""},"product_brand":[],"product_cat":[103],"product_tag":[34,105],"class_list":{"0":"post-6531","1":"product","2":"type-product","3":"status-publish","4":"has-post-thumbnail","6":"product_cat-telescopic-hydraulic-cylinders","7":"product_tag-hydraulic-cylinder","8":"product_tag-telescopic-hydraulic-cylinders","10":"first","11":"instock","12":"product-type-simple"},"_links":{"self":[{"href":"https:\/\/fmp-components.com\/pl\/wp-json\/wp\/v2\/product\/6531","targetHints":{"allow":["GET"]}}],"collection":[{"href":"https:\/\/fmp-components.com\/pl\/wp-json\/wp\/v2\/product"}],"about":[{"href":"https:\/\/fmp-components.com\/pl\/wp-json\/wp\/v2\/types\/product"}],"replies":[{"embeddable":true,"href":"https:\/\/fmp-components.com\/pl\/wp-json\/wp\/v2\/comments?post=6531"}],"wp:featuredmedia":[{"embeddable":true,"href":"https:\/\/fmp-components.com\/pl\/wp-json\/wp\/v2\/media\/6696"}],"wp:attachment":[{"href":"https:\/\/fmp-components.com\/pl\/wp-json\/wp\/v2\/media?parent=6531"}],"wp:term":[{"taxonomy":"product_brand","embeddable":true,"href":"https:\/\/fmp-components.com\/pl\/wp-json\/wp\/v2\/product_brand?post=6531"},{"taxonomy":"product_cat","embeddable":true,"href":"https:\/\/fmp-components.com\/pl\/wp-json\/wp\/v2\/product_cat?post=6531"},{"taxonomy":"product_tag","embeddable":true,"href":"https:\/\/fmp-components.com\/pl\/wp-json\/wp\/v2\/product_tag?post=6531"}],"curies":[{"name":"wp","href":"https:\/\/api.w.org\/{rel}","templated":true}]}}