{"id":6530,"date":"2025-03-11T06:28:19","date_gmt":"2025-03-11T06:28:19","guid":{"rendered":"https:\/\/fmp-components.com\/product\/professional-multi-stage-hydraulic-cylinder-telescopic-hydraulic-cylinder-for-dump-truck"},"modified":"2025-03-12T02:03:40","modified_gmt":"2025-03-12T02:03:40","slug":"professional-multi-stage-hydraulic-cylinder-telescopic-hydraulic-cylinder-for-dump-truck","status":"publish","type":"product","link":"https:\/\/fmp-components.com\/pl\/product\/professional-multi-stage-hydraulic-cylinder-telescopic-hydraulic-cylinder-for-dump-truck\/","title":{"rendered":"Profesjonalny wielostopniowy si\u0142ownik hydrauliczny teleskopowy do wywrotek"},"content":{"rendered":"<h2>Profesjonalny wielostopniowy si\u0142ownik hydrauliczny teleskopowy do wywrotek<\/h2>\n<p>Profesjonalny, wielostopniowy si\u0142ownik hydrauliczny to wszechstronne narz\u0119dzie zaprojektowane specjalnie do wywrotek. Wyprodukowany przez FMP, wiod\u0105c\u0105 w bran\u017cy mark\u0119, kt\u00f3ra gwarantuje jako\u015b\u0107 i niezawodno\u015b\u0107, ten si\u0142ownik hydrauliczny s\u0142ynie z wysokiej wydajno\u015bci, bezpiecze\u0144stwa i energooszcz\u0119dno\u015bci. Jego g\u0142\u00f3wnym zadaniem jest przekszta\u0142canie energii hydraulicznej w energi\u0119 mechaniczn\u0105, aby zapewni\u0107 wywrotkom si\u0142\u0119 niezb\u0119dn\u0105 do podnoszenia ci\u0119\u017ckich \u0142adunk\u00f3w.<\/p>\n<h2>Specyfikacja produktu<\/h2>\n<table style=\"width: 101.319%;\" border=\"\">\n<tbody>\n<tr>\n<td style=\"width: 42.9185%;\"><strong>Nazwa produktu<\/strong><\/td>\n<td style=\"width: 352.361%;\">Cylinder teleskopowy<\/td>\n<\/tr>\n<tr>\n<td style=\"width: 42.9185%;\"><strong>Orzecznictwo<\/strong><\/td>\n<td style=\"width: 352.361%;\">Certyfikat ISO9001:2000<\/td>\n<\/tr>\n<tr>\n<td style=\"width: 42.9185%;\"><strong>Rozmiar otworu<\/strong><\/td>\n<td style=\"width: 352.361%;\">2-6 cali<\/td>\n<\/tr>\n<tr>\n<td style=\"width: 42.9185%;\"><strong>Rozmiar pr\u0119ta<\/strong><\/td>\n<td style=\"width: 352.361%;\">1,125-4 cale<\/td>\n<\/tr>\n<tr>\n<td style=\"width: 42.9185%;\"><strong>Rozmiar poci\u0105gni\u0119cia<\/strong><\/td>\n<td style=\"width: 352.361%;\">4-100 cali<\/td>\n<\/tr>\n<tr>\n<td style=\"width: 42.9185%;\"><strong>Rozmiar szpilki<\/strong><\/td>\n<td style=\"width: 352.361%;\">0,5-2 cale<\/td>\n<\/tr>\n<tr>\n<td style=\"width: 42.9185%;\"><strong>Porty<\/strong><\/td>\n<td style=\"width: 352.361%;\">G\/SAE\/NPT\/M<\/td>\n<\/tr>\n<\/tbody>\n<\/table>\n<h2>Unikalne cechy i zalety<\/h2>\n<p>Wielostopniowy si\u0142ownik hydrauliczny firmy FMP ma nie tylko standardowe wymiary, ale r\u00f3wnie\u017c solidn\u0105 stalow\u0105 obudow\u0119. Jego maksymalny nacisk wynosi 3000 i imponuj\u0105c\u0105 si\u0142\u0119 uci\u0105gu 20 ton. Ten si\u0142ownik hydrauliczny zosta\u0142 zaprojektowany z my\u015bl\u0105 o oszcz\u0119dno\u015bci energii, wydajnej pracy i bezpiecze\u0144stwie.<\/p>\n<h2>Uk\u0142ad hydrauliczny i zasada dzia\u0142ania<\/h2>\n<p>Uk\u0142ady hydrauliczne dzia\u0142aj\u0105 na zasadzie si\u0142y hydraulicznej, gdzie ci\u015bnienie jest przekszta\u0142cane w ruch mechaniczny. Si\u0142ownik hydrauliczny, jako kluczowy element, przekszta\u0142ca energi\u0119 hydrauliczn\u0105 w ruch liniowy i si\u0142\u0119, umo\u017cliwiaj\u0105c obs\u0142ug\u0119 ci\u0119\u017ckiego sprz\u0119tu, takiego jak wywrotki.<\/p>\n<p><img loading=\"lazy\" decoding=\"async\" class=\"alignnone size-full wp-image-6660\" src=\"https:\/\/fmp-components.com\/wp-content\/uploads\/2025\/03\/hydraulic-cylinder-workshop-4.webp\" alt=\"si\u0142ownik hydrauliczny teleskopowy\" width=\"914\" height=\"733\" title=\"\" srcset=\"https:\/\/fmp-components.com\/wp-content\/uploads\/2025\/03\/hydraulic-cylinder-workshop-4.webp 914w, https:\/\/fmp-components.com\/wp-content\/uploads\/2025\/03\/hydraulic-cylinder-workshop-4-480x385.webp 480w\" sizes=\"(min-width: 0px) and (max-width: 480px) 480px, (min-width: 481px) 914px, 100vw\" \/><\/p>\n<h2>Zastosowanie cylindra hydraulicznego<\/h2>\n<p>Si\u0142ownik hydrauliczny jest szeroko stosowany w r\u00f3\u017cnych ga\u0142\u0119ziach przemys\u0142u, takich jak warsztaty naprawcze maszyn, rolnictwo, energetyka i g\u00f3rnictwo, produkcja maszyn oraz fabryki maszyn. Jest niezb\u0119dny do dzia\u0142ania ci\u0119\u017ckiego sprz\u0119tu, takiego jak wywrotki, kt\u00f3re wymagaj\u0105 znacznej si\u0142y do \u200b\u200bpodnoszenia i przemieszczania du\u017cych \u0142adunk\u00f3w.<\/p>\n<h2>Si\u0142owniki hydrauliczne i agregaty nap\u0119dowe<\/h2>\n<p>Si\u0142ownik hydrauliczny i zesp\u00f3\u0142 nap\u0119dowy to dwa integralne elementy uk\u0142adu hydraulicznego. Ich wsp\u00f3lne dzia\u0142anie zapewnia szerokie zastosowanie technologii hydraulicznej w przemy\u015ble, zapewniaj\u0105c niezawodne zasilanie i sterowanie r\u00f3\u017cnorodnym sprz\u0119tem in\u017cynieryjnym i mechanicznym. Si\u0142ownik hydrauliczny, jako element nap\u0119dowy, odpowiada za przekszta\u0142canie energii hydraulicznej w ruch mechaniczny, przekszta\u0142caj\u0105c ci\u015bnienie w si\u0142\u0119. Zesp\u00f3\u0142 nap\u0119dowy natomiast stanowi rdze\u0144, kt\u00f3ry dostarcza energi\u0119 i sygna\u0142y steruj\u0105ce wymagane przez uk\u0142ad hydrauliczny. Skoordynowane dzia\u0142anie obu element\u00f3w zapewnia prawid\u0142ow\u0105 prac\u0119 uk\u0142adu hydraulicznego. W FMP oferujemy r\u00f3wnie\u017c sprzeda\u017c zespo\u0142\u00f3w nap\u0119dowych.<\/p>\n<p><img loading=\"lazy\" decoding=\"async\" class=\"alignnone  wp-image-6659\" src=\"https:\/\/fmp-components.com\/wp-content\/uploads\/2025\/03\/telescopic-hydraulic-cylinder-12.webp\" alt=\"si\u0142ownik hydrauliczny teleskopowy\" width=\"972\" height=\"972\" title=\"\" srcset=\"https:\/\/fmp-components.com\/wp-content\/uploads\/2025\/03\/telescopic-hydraulic-cylinder-12.webp 972w, https:\/\/fmp-components.com\/wp-content\/uploads\/2025\/03\/telescopic-hydraulic-cylinder-12-480x480.webp 480w\" sizes=\"(min-width: 0px) and (max-width: 480px) 480px, (min-width: 481px) 972px, 100vw\" \/><\/p>\n<h2>Cz\u0119sto zadawane pytania<\/h2>\n<h3>P: Czy jeste\u015b firm\u0105 handlow\u0105 lub produkcyjn\u0105?<\/h3>\n<p>A: Jeste\u015bmy fabryk\u0105.<\/p>\n<h3>P: Jak d\u0142ugi jest czas dostawy?<\/h3>\n<p>A: Zazwyczaj trwa to 25\u201335 dni.<\/p>\n<h3>P: Czy dostarczacie pr\u00f3bki? Czy s\u0105 darmowe czy dodatkowe?<\/h3>\n<p>O: Tak, mogliby\u015bmy zaoferowa\u0107 pr\u00f3bk\u0119, ale nie jest ona darmowa.<\/p>\n<h3>O FMP<\/h3>\n<p>FMP to wiod\u0105cy w\u0142oski producent specjalizuj\u0105cy si\u0119 w projektowaniu, rozwoju i produkcji najwy\u017cszej jako\u015bci cylindr\u00f3w hydraulicznych. Dzi\u0119ki bogatemu do\u015bwiadczeniu i wieloletniemu do\u015bwiadczeniu, doskonale \u0142\u0105czymy w\u0142oskie rzemios\u0142o z najnowocze\u015bniejsz\u0105 technologi\u0105, oferuj\u0105c wyj\u0105tkowe rozwi\u0105zania hydrauliczne dopasowane do zr\u00f3\u017cnicowanych potrzeb naszych klient\u00f3w na ca\u0142ym \u015bwiecie. Z siedzib\u0105 we W\u0142oszech \u2013 epicentrum doskona\u0142o\u015bci in\u017cynieryjnej \u2013 FMP ugruntowa\u0142a swoj\u0105 pozycj\u0119 zaufanej marki w bran\u017cy hydraulicznej, dostarczaj\u0105c niezawodne, trwa\u0142e i innowacyjne produkty, kt\u00f3re wspieraj\u0105 firmy na ca\u0142ym \u015bwiecie.<\/p>\n<p>Nasza firma \u0142\u0105czy zaawansowane tradycje produkcyjne z nowatorskim podej\u015bciem. Wykorzystuj\u0105c bogate do\u015bwiadczenie w dziedzinie uk\u0142ad\u00f3w hydraulicznych, FMP przekszta\u0142ci\u0142a si\u0119 w nowoczesne przedsi\u0119biorstwo, kt\u00f3re przoduje w badaniach, projektowaniu i produkcji. Oferujemy szeroki asortyment si\u0142ownik\u00f3w hydraulicznych, w tym si\u0142owniki dwustronnego dzia\u0142ania, si\u0142owniki podnosz\u0105ce do samochod\u00f3w, si\u0142owniki do maszyn rolniczych oraz rozwi\u0105zania projektowane na zam\u00f3wienie dla r\u00f3\u017cnych zastosowa\u0144 przemys\u0142owych. Niezale\u017cnie od sektora \u2013 czy to budownictwo, instalacje przemys\u0142owe, rolnictwo, czy ci\u0119\u017cki sprz\u0119t \u2013 nasze si\u0142owniki hydrauliczne s\u0105 projektowane tak, aby dzia\u0142a\u0142y w najbardziej wymagaj\u0105cych warunkach, zapewniaj\u0105c bezpiecze\u0144stwo, wydajno\u015b\u0107 i trwa\u0142o\u015b\u0107.<\/p>\n<p><img loading=\"lazy\" decoding=\"async\" class=\"alignnone size-full wp-image-6720\" src=\"https:\/\/fmp-components.com\/wp-content\/uploads\/2025\/03\/hydraulic-cylinder-8.webp\" alt=\"Si\u0142owniki hydrauliczne teleskopowe\" width=\"933\" height=\"526\" title=\"\" srcset=\"https:\/\/fmp-components.com\/wp-content\/uploads\/2025\/03\/hydraulic-cylinder-8.webp 933w, https:\/\/fmp-components.com\/wp-content\/uploads\/2025\/03\/hydraulic-cylinder-8-480x271.webp 480w\" sizes=\"(min-width: 0px) and (max-width: 480px) 480px, (min-width: 481px) 933px, 100vw\" \/><\/p>\n<p>W FMP jeste\u015bmy dumni z naszych najnowocze\u015bniejszych zak\u0142ad\u00f3w produkcyjnych, wyposa\u017conych w precyzyjny park maszynowy i zaawansowane systemy testowe. Nasze procesy produkcyjne spe\u0142niaj\u0105 rygorystyczne normy krajowe i mi\u0119dzynarodowe, gwarantuj\u0105c najwy\u017csz\u0105 jako\u015b\u0107 i niezawodno\u015b\u0107 ka\u017cdego produkowanego cylindra hydraulicznego. Nasz wykwalifikowany zesp\u00f3\u0142 techniczny w po\u0142\u0105czeniu z najnowocze\u015bniejszym sprz\u0119tem pozwala nam zachowa\u0107 rygorystyczn\u0105 kontrol\u0119 jako\u015bci na ka\u017cdym etapie produkcji \u2013 od doboru surowc\u00f3w po kontrol\u0119 ko\u0144cow\u0105. To d\u0105\u017cenie do doskona\u0142o\u015bci przynios\u0142o nam certyfikaty i uznanie autorytet\u00f3w bran\u017cowych, co dodatkowo umacnia nasz\u0105 reputacj\u0119 niezawodnego partnera.<\/p>\n<p>Nasza misja jest prosta i ambitna: dostarcza\u0107 klientom si\u0142owniki hydrauliczne, kt\u00f3re przewy\u017cszaj\u0105 oczekiwania pod wzgl\u0119dem wydajno\u015bci, trwa\u0142o\u015bci i warto\u015bci. Dzia\u0142amy zgodnie z podstawowymi zasadami profesjonalizmu, uczciwo\u015bci i zorientowania na klienta. Piel\u0119gnuj\u0105c kultur\u0119 innowacyjno\u015bci i precyzji, stale udoskonalamy nasze produkty, aby utrzyma\u0107 pozycj\u0119 lidera na konkurencyjnym rynku. Nasza szeroka gama produkt\u00f3w i mo\u017cliwo\u015b\u0107 oferowania rozwi\u0105za\u0144 dostosowanych do indywidualnych potrzeb sprawiaj\u0105, \u017ce jeste\u015bmy preferowanym wyborem dla firm poszukuj\u0105cych wysokowydajnych si\u0142ownik\u00f3w hydraulicznych.<\/p>\n<p>FMP to co\u015b wi\u0119cej ni\u017c tylko producent; jeste\u015bmy partnerem Twojego sukcesu. Rozumiemy, \u017ce nasi klienci polegaj\u0105 na nas, dostarczaj\u0105c narz\u0119dzia zwi\u0119kszaj\u0105ce produktywno\u015b\u0107 i bezpiecze\u0144stwo. Dlatego dok\u0142adamy wszelkich stara\u0144, aby dostarcza\u0107 nie tylko produkty najwy\u017cszej jako\u015bci, ale tak\u017ce oferowa\u0107 wyj\u0105tkow\u0105 obs\u0142ug\u0119. Od wst\u0119pnych konsultacji po wsparcie posprzeda\u017cowe, \u015bci\u015ble wsp\u00f3\u0142pracujemy z naszymi klientami, aby zapewni\u0107 im profesjonalne i kompleksowe zaspokojenie ich potrzeb. Nasze konkurencyjne ceny w po\u0142\u0105czeniu z naszym niezmiennym zaanga\u017cowaniem w jako\u015b\u0107 sprawiaj\u0105, \u017ce FMP to m\u0105dry wyb\u00f3r dla firm poszukuj\u0105cych niezawodnych rozwi\u0105za\u0144 hydraulicznych.<\/p>","protected":false},"excerpt":{"rendered":"<p>Professional Multi Stage Hydraulic Cylinder Telescopic Hydraulic Cylinder For Dump Truck The professional multi-stage hydraulic cylinder is a versatile tool specially designed for dump trucks. Manufactured by FMP, an industry-leading brand that stands for quality and reliability, this hydraulic cylinder is known for its high efficiency, safety, and energy-saving capabilities. Its primary use is to [&hellip;]<\/p>","protected":false},"featured_media":6698,"comment_status":"closed","ping_status":"closed","template":"","meta":{"_et_pb_use_builder":"","_et_pb_old_content":"","_et_gb_content_width":""},"product_brand":[],"product_cat":[103],"product_tag":[34,105],"class_list":{"0":"post-6530","1":"product","2":"type-product","3":"status-publish","4":"has-post-thumbnail","6":"product_cat-telescopic-hydraulic-cylinders","7":"product_tag-hydraulic-cylinder","8":"product_tag-telescopic-hydraulic-cylinders","10":"first","11":"instock","12":"product-type-simple"},"_links":{"self":[{"href":"https:\/\/fmp-components.com\/pl\/wp-json\/wp\/v2\/product\/6530","targetHints":{"allow":["GET"]}}],"collection":[{"href":"https:\/\/fmp-components.com\/pl\/wp-json\/wp\/v2\/product"}],"about":[{"href":"https:\/\/fmp-components.com\/pl\/wp-json\/wp\/v2\/types\/product"}],"replies":[{"embeddable":true,"href":"https:\/\/fmp-components.com\/pl\/wp-json\/wp\/v2\/comments?post=6530"}],"wp:featuredmedia":[{"embeddable":true,"href":"https:\/\/fmp-components.com\/pl\/wp-json\/wp\/v2\/media\/6698"}],"wp:attachment":[{"href":"https:\/\/fmp-components.com\/pl\/wp-json\/wp\/v2\/media?parent=6530"}],"wp:term":[{"taxonomy":"product_brand","embeddable":true,"href":"https:\/\/fmp-components.com\/pl\/wp-json\/wp\/v2\/product_brand?post=6530"},{"taxonomy":"product_cat","embeddable":true,"href":"https:\/\/fmp-components.com\/pl\/wp-json\/wp\/v2\/product_cat?post=6530"},{"taxonomy":"product_tag","embeddable":true,"href":"https:\/\/fmp-components.com\/pl\/wp-json\/wp\/v2\/product_tag?post=6530"}],"curies":[{"name":"wp","href":"https:\/\/api.w.org\/{rel}","templated":true}]}}