{"id":6529,"date":"2025-03-11T06:28:19","date_gmt":"2025-03-11T06:28:19","guid":{"rendered":"https:\/\/fmp-components.com\/product\/dump-trailer-truck-20-tons-100-ton-5-stage-telescopic-hydraulic-cylinder-with-long-stroke"},"modified":"2025-03-12T02:11:55","modified_gmt":"2025-03-12T02:11:55","slug":"dump-trailer-truck-20-tons-100-ton-5-stage-telescopic-hydraulic-cylinder-with-long-stroke","status":"publish","type":"product","link":"https:\/\/fmp-components.com\/pl\/product\/dump-trailer-truck-20-tons-100-ton-5-stage-telescopic-hydraulic-cylinder-with-long-stroke\/","title":{"rendered":"Wywrotka 20 ton, 100 ton, 5-stopniowy teleskopowy si\u0142ownik hydrauliczny o d\u0142ugim skoku"},"content":{"rendered":"<h2>Wywrotka 20 ton, 100 ton, 5-stopniowy teleskopowy si\u0142ownik hydrauliczny o d\u0142ugim skoku<\/h2>\n<p>Pi\u0119ciostopniowy teleskopowy si\u0142ownik hydrauliczny o d\u0142ugim skoku to wysokiej jako\u015bci, wytrzyma\u0142y element wyposa\u017cenia przeznaczony do wywrotek. Ud\u017awig wynosi 38 kg, a maksymalna si\u0142a ci\u0105gu wynosi 3000 i uci\u0105g do 20 ton. Ten si\u0142ownik hydrauliczny doskonale sprawdza si\u0119 w r\u00f3\u017cnych ga\u0142\u0119ziach przemys\u0142u, w tym w warsztatach naprawczych maszyn, rolnictwie, energetyce i g\u00f3rnictwie oraz produkcji maszyn.<\/p>\n<p><img loading=\"lazy\" decoding=\"async\" class=\"alignnone  wp-image-6664\" src=\"https:\/\/fmp-components.com\/wp-content\/uploads\/2025\/03\/telescopic-hydraulic-cylinder-8.webp\" alt=\"si\u0142ownik hydrauliczny teleskopowy\" width=\"873\" height=\"873\" title=\"\" srcset=\"https:\/\/fmp-components.com\/wp-content\/uploads\/2025\/03\/telescopic-hydraulic-cylinder-8.webp 873w, https:\/\/fmp-components.com\/wp-content\/uploads\/2025\/03\/telescopic-hydraulic-cylinder-8-480x480.webp 480w\" sizes=\"(min-width: 0px) and (max-width: 480px) 480px, (min-width: 481px) 873px, 100vw\" \/><\/p>\n<h3>Kluczowe specyfikacje produktu<\/h3>\n<table style=\"width: 102.38%;\" border=\"\">\n<tbody>\n<tr>\n<td style=\"width: 41.5179%;\">Nazwa produktu<\/td>\n<td style=\"width: 381.25%;\">Cylinder teleskopowy<\/td>\n<\/tr>\n<tr>\n<td style=\"width: 41.5179%;\">Orzecznictwo<\/td>\n<td style=\"width: 381.25%;\">Certyfikat ISO9001:2000<\/td>\n<\/tr>\n<tr>\n<td style=\"width: 41.5179%;\">Rozmiar otworu<\/td>\n<td style=\"width: 381.25%;\">2-6 cali<\/td>\n<\/tr>\n<tr>\n<td style=\"width: 41.5179%;\">Rozmiar pr\u0119ta<\/td>\n<td style=\"width: 381.25%;\">1,125-4 cale<\/td>\n<\/tr>\n<tr>\n<td style=\"width: 41.5179%;\">Rozmiar poci\u0105gni\u0119cia<\/td>\n<td style=\"width: 381.25%;\">4-100 cali<\/td>\n<\/tr>\n<tr>\n<td style=\"width: 41.5179%;\">Rozmiar szpilki<\/td>\n<td style=\"width: 381.25%;\">0,5-2 cale<\/td>\n<\/tr>\n<tr>\n<td style=\"width: 41.5179%;\">Porty<\/td>\n<td style=\"width: 381.25%;\">G\/SAE\/NPT\/M<\/td>\n<\/tr>\n<\/tbody>\n<\/table>\n<h2>Cechy i zalety godne uwagi<\/h2>\n<p>Ten wielostopniowy si\u0142ownik hydrauliczny zosta\u0142 starannie zaprojektowany z naciskiem na energooszcz\u0119dno\u015b\u0107, wydajno\u015b\u0107 i bezpiecze\u0144stwo. Jego konstrukcja zawiera szereg istotnych cech, kt\u00f3re zwi\u0119kszaj\u0105 jego funkcjonalno\u015b\u0107 i niezawodno\u015b\u0107. Jednym z kluczowych element\u00f3w jest \u0142o\u017cysko, kt\u00f3re zapewnia p\u0142ynn\u0105 prac\u0119 i zmniejsza tarcie, wyd\u0142u\u017caj\u0105c tym samym \u017cywotno\u015b\u0107 si\u0142ownika. Korpus si\u0142ownika wykonany jest z wytrzyma\u0142ej stali, znanej z wyj\u0105tkowej wytrzyma\u0142o\u015bci i trwa\u0142o\u015bci. Taki dob\u00f3r materia\u0142u nie tylko wyd\u0142u\u017ca \u017cywotno\u015b\u0107 si\u0142ownika, ale tak\u017ce gwarantuje, \u017ce wytrzyma on trudne warunki pracy bez uszczerbku dla wydajno\u015bci.<\/p>\n<p>Co wi\u0119cej, ten si\u0142ownik hydrauliczny jest zgodny z certyfikatem ISO 9001:2000, co potwierdza jego zgodno\u015b\u0107 z wysokimi standardami jako\u015bci. Certyfikat ten odzwierciedla nasze zaanga\u017cowanie w systemy zarz\u0105dzania jako\u015bci\u0105 i ci\u0105g\u0142e doskonalenie, zapewniaj\u0105c klientom pewno\u015b\u0107, \u017ce inwestuj\u0105 w niezawodny i wydajny produkt. Po\u0142\u0105czenie tych cech sprawia, \u017ce \u200b\u200bnasz wielostopniowy si\u0142ownik hydrauliczny jest niezawodnym wyborem do r\u00f3\u017cnorodnych zastosowa\u0144 przemys\u0142owych.<\/p>\n<h2>Uk\u0142ad hydrauliczny i zasada dzia\u0142ania<\/h2>\n<p>Si\u0142ownik hydrauliczny dzia\u0142a w oparciu o fundamentaln\u0105 zasad\u0119 przekszta\u0142cania energii hydraulicznej w ruch mechaniczny. Wykorzystuje on energi\u0119 spr\u0119\u017conego p\u0142ynu do generowania znacznej si\u0142y i ruchu, co jest niezb\u0119dne w szerokim zakresie operacji mechanicznych. Po wprowadzeniu p\u0142ynu hydraulicznego do cylindra, wytwarza on ci\u015bnienie, kt\u00f3re dzia\u0142a na t\u0142ok wewn\u0105trz. To ci\u015bnienie powoduje ruch t\u0142oka, przekszta\u0142caj\u0105c energi\u0119 hydrauliczn\u0105 w ruch liniowy. Ten wydajny proces konwersji sprawia, \u017ce \u200b\u200buk\u0142ady hydrauliczne s\u0105 tak skuteczne w zadaniach wymagaj\u0105cych si\u0142y i precyzji.<\/p>\n<p>Zdolno\u015b\u0107 si\u0142ownika hydraulicznego do generowania si\u0142y za pomoc\u0105 ci\u015bnienia cieczy pozwala mu wykonywa\u0107 r\u00f3\u017cne czynno\u015bci, takie jak podnoszenie, pchanie lub ci\u0105gni\u0119cie ci\u0119\u017ckich \u0142adunk\u00f3w. Zasada ta nie tylko zwi\u0119ksza wydajno\u015b\u0107 operacji, ale tak\u017ce przyczynia si\u0119 do og\u00f3lnego bezpiecze\u0144stwa i niezawodno\u015bci maszyn, w kt\u00f3rych jest stosowany.<\/p>\n<p><img loading=\"lazy\" decoding=\"async\" class=\"alignnone  wp-image-6665\" src=\"https:\/\/fmp-components.com\/wp-content\/uploads\/2025\/03\/telescopic-hydraulic-cylinder-9.webp\" alt=\"si\u0142ownik hydrauliczny teleskopowy\" width=\"874\" height=\"874\" title=\"\" srcset=\"https:\/\/fmp-components.com\/wp-content\/uploads\/2025\/03\/telescopic-hydraulic-cylinder-9.webp 874w, https:\/\/fmp-components.com\/wp-content\/uploads\/2025\/03\/telescopic-hydraulic-cylinder-9-480x480.webp 480w\" sizes=\"(min-width: 0px) and (max-width: 480px) 480px, (min-width: 481px) 874px, 100vw\" \/><\/p>\n<h2>Zastosowanie cylindra hydraulicznego<\/h2>\n<p>Ze wzgl\u0119du na imponuj\u0105c\u0105 wydajno\u015b\u0107 i konstrukcj\u0119, ten si\u0142ownik hydrauliczny doskonale nadaje si\u0119 do ci\u0119\u017ckich zastosowa\u0144 w wielu bran\u017cach. Doskonale sprawdza si\u0119 w produkcji maszyn, energetyce i g\u00f3rnictwie, a tak\u017ce w rolnictwie. Dzi\u0119ki du\u017cemu skokowi i maksymalnemu uci\u0105gowi 20 ton, si\u0142ownik ten idealnie nadaje si\u0119 do \u0142atwego podnoszenia du\u017cych \u0142adunk\u00f3w. Jego solidna konstrukcja i wysoka wydajno\u015b\u0107 sprawiaj\u0105, \u017ce jest on niezast\u0105pionym narz\u0119dziem w operacjach wymagaj\u0105cych niezawodnego podnoszenia i przemieszczania ci\u0119\u017ckich materia\u0142\u00f3w.<\/p>\n<p>Niezale\u017cnie od tego, czy chodzi o podnoszenie du\u017cych element\u00f3w maszyn, wspomaganie prac g\u00f3rniczych, czy u\u0142atwianie zada\u0144 rolniczych, takich jak podnoszenie sprz\u0119tu lub ci\u0119\u017ckich \u0142adunk\u00f3w, ten si\u0142ownik hydrauliczny zapewnia wyj\u0105tkow\u0105 wydajno\u015b\u0107. Jego wszechstronno\u015b\u0107 gwarantuje mo\u017cliwo\u015b\u0107 dostosowania do r\u00f3\u017cnych zastosowa\u0144, co czyni go preferowanym wyborem dla profesjonalist\u00f3w z wielu sektor\u00f3w.<\/p>\n<h2>Si\u0142owniki hydrauliczne i agregaty nap\u0119dowe<\/h2>\n<p>Si\u0142ownik hydrauliczny i zesp\u00f3\u0142 nap\u0119dowy to kluczowe elementy ka\u017cdego uk\u0142adu hydraulicznego. Ich po\u0142\u0105czona funkcjonalno\u015b\u0107 gwarantuje szerokie zastosowanie technologii hydraulicznej w przemy\u015ble, zapewniaj\u0105c niezawodne zasilanie i sterowanie r\u00f3\u017cnorodnym sprz\u0119tem in\u017cynieryjnym i mechanicznym. Si\u0142ownik hydrauliczny pe\u0142ni funkcj\u0119 elementu wykonawczego, odpowiedzialnego za przekszta\u0142canie energii hydraulicznej w ruch mechaniczny, umo\u017cliwiaj\u0105c efektywne wykonywanie szerokiego zakresu zada\u0144.<\/p>\n<p>Tymczasem jednostka nap\u0119dowa stanowi rdze\u0144 uk\u0142adu hydraulicznego, generuj\u0105c energi\u0119 niezb\u0119dn\u0105 do nap\u0119dzania p\u0142ynu hydraulicznego i dostarczaj\u0105c sygna\u0142y steruj\u0105ce niezb\u0119dne do dzia\u0142ania. Jednostka nap\u0119dowa zazwyczaj sk\u0142ada si\u0119 z silnika, pompy, zbiornika i zawor\u00f3w steruj\u0105cych, kt\u00f3re wsp\u00f3\u0142pracuj\u0105 ze sob\u0105, aby utrzyma\u0107 sta\u0142e ci\u015bnienie i nat\u0119\u017cenie przep\u0142ywu w uk\u0142adzie.<\/p>\n<p>Skoordynowana wsp\u00f3\u0142praca mi\u0119dzy si\u0142ownikiem hydraulicznym a agregatem nap\u0119dowym jest niezb\u0119dna dla p\u0142ynnego dzia\u0142ania uk\u0142adu hydraulicznego. Razem zapewniaj\u0105 one niezawodn\u0105 i wydajn\u0105 prac\u0119 maszyn przemys\u0142owych, zwi\u0119kszaj\u0105c produktywno\u015b\u0107 i bezpiecze\u0144stwo. W FMP oferujemy r\u00f3wnie\u017c wysokiej jako\u015bci agregaty nap\u0119dowe, umo\u017cliwiaj\u0105c naszym klientom tworzenie w pe\u0142ni zintegrowanych system\u00f3w hydraulicznych, dostosowanych do ich indywidualnych potrzeb. To kompleksowe podej\u015bcie gwarantuje, \u017ce firmy mog\u0105 w pe\u0142ni wykorzysta\u0107 zalety technologii hydraulicznej, umo\u017cliwiaj\u0105c im osi\u0105gni\u0119cie cel\u00f3w operacyjnych z pewno\u015bci\u0105 siebie.<\/p>\n<p><img loading=\"lazy\" decoding=\"async\" class=\"alignnone  wp-image-6717\" src=\"https:\/\/fmp-components.com\/wp-content\/uploads\/2025\/03\/hydraulic-cylinder-211.webp\" alt=\"Si\u0142owniki hydrauliczne\" width=\"923\" height=\"925\" title=\"\" srcset=\"https:\/\/fmp-components.com\/wp-content\/uploads\/2025\/03\/hydraulic-cylinder-211.webp 923w, https:\/\/fmp-components.com\/wp-content\/uploads\/2025\/03\/hydraulic-cylinder-211-480x481.webp 480w\" sizes=\"(min-width: 0px) and (max-width: 480px) 480px, (min-width: 481px) 923px, 100vw\" \/><\/p>\n<h3>Cz\u0119sto zadawane pytania<\/h3>\n<p><strong>P: Czy jeste\u015b firm\u0105 handlow\u0105 czy produkcyjn\u0105?<\/strong><br \/>\nA: Jeste\u015bmy producentem.<\/p>\n<p><strong>P: Jak d\u0142ugi jest czas dostawy?<\/strong><br \/>\nA: Zazwyczaj jest to 25\u201335 dni.<\/p>\n<p><strong>P: Czy dostarczacie pr\u00f3bki? Czy s\u0105 darmowe czy dodatkowe?<\/strong><br \/>\nO: Tak, mogliby\u015bmy zaoferowa\u0107 pr\u00f3bk\u0119, ale nie jest ona darmowa.<\/p>\n<h3>O FMP<\/h3>\n<p>FMP to wiod\u0105cy w\u0142oski producent specjalizuj\u0105cy si\u0119 w projektowaniu, rozwoju i produkcji najwy\u017cszej jako\u015bci cylindr\u00f3w hydraulicznych. Dzi\u0119ki bogatemu do\u015bwiadczeniu i wieloletniemu do\u015bwiadczeniu, doskonale \u0142\u0105czymy w\u0142oskie rzemios\u0142o z najnowocze\u015bniejsz\u0105 technologi\u0105, oferuj\u0105c wyj\u0105tkowe rozwi\u0105zania hydrauliczne dopasowane do zr\u00f3\u017cnicowanych potrzeb naszych klient\u00f3w na ca\u0142ym \u015bwiecie. Z siedzib\u0105 we W\u0142oszech \u2013 epicentrum doskona\u0142o\u015bci in\u017cynieryjnej \u2013 FMP ugruntowa\u0142a swoj\u0105 pozycj\u0119 zaufanej marki w bran\u017cy hydraulicznej, dostarczaj\u0105c niezawodne, trwa\u0142e i innowacyjne produkty, kt\u00f3re wspieraj\u0105 firmy na ca\u0142ym \u015bwiecie.<\/p>\n<p>Nasza firma \u0142\u0105czy zaawansowane tradycje produkcyjne z nowatorskim podej\u015bciem. Wykorzystuj\u0105c bogate do\u015bwiadczenie w dziedzinie uk\u0142ad\u00f3w hydraulicznych, FMP przekszta\u0142ci\u0142a si\u0119 w nowoczesne przedsi\u0119biorstwo, kt\u00f3re przoduje w badaniach, projektowaniu i produkcji. Oferujemy szeroki asortyment si\u0142ownik\u00f3w hydraulicznych, w tym si\u0142owniki dwustronnego dzia\u0142ania, si\u0142owniki podnosz\u0105ce do samochod\u00f3w, si\u0142owniki do maszyn rolniczych oraz rozwi\u0105zania projektowane na zam\u00f3wienie dla r\u00f3\u017cnych zastosowa\u0144 przemys\u0142owych. Niezale\u017cnie od sektora \u2013 czy to budownictwo, instalacje przemys\u0142owe, rolnictwo, czy ci\u0119\u017cki sprz\u0119t \u2013 nasze si\u0142owniki hydrauliczne s\u0105 projektowane tak, aby dzia\u0142a\u0142y w najbardziej wymagaj\u0105cych warunkach, zapewniaj\u0105c bezpiecze\u0144stwo, wydajno\u015b\u0107 i trwa\u0142o\u015b\u0107.<\/p>\n<p><img loading=\"lazy\" decoding=\"async\" class=\"alignnone size-full wp-image-6720\" src=\"https:\/\/fmp-components.com\/wp-content\/uploads\/2025\/03\/hydraulic-cylinder-8.webp\" alt=\"Si\u0142owniki hydrauliczne teleskopowe\" width=\"933\" height=\"526\" title=\"\" srcset=\"https:\/\/fmp-components.com\/wp-content\/uploads\/2025\/03\/hydraulic-cylinder-8.webp 933w, https:\/\/fmp-components.com\/wp-content\/uploads\/2025\/03\/hydraulic-cylinder-8-480x271.webp 480w\" sizes=\"(min-width: 0px) and (max-width: 480px) 480px, (min-width: 481px) 933px, 100vw\" \/><\/p>\n<p>W FMP jeste\u015bmy dumni z naszych najnowocze\u015bniejszych zak\u0142ad\u00f3w produkcyjnych, wyposa\u017conych w precyzyjny park maszynowy i zaawansowane systemy testowe. Nasze procesy produkcyjne spe\u0142niaj\u0105 rygorystyczne normy krajowe i mi\u0119dzynarodowe, gwarantuj\u0105c najwy\u017csz\u0105 jako\u015b\u0107 i niezawodno\u015b\u0107 ka\u017cdego produkowanego cylindra hydraulicznego. Nasz wykwalifikowany zesp\u00f3\u0142 techniczny w po\u0142\u0105czeniu z najnowocze\u015bniejszym sprz\u0119tem pozwala nam zachowa\u0107 rygorystyczn\u0105 kontrol\u0119 jako\u015bci na ka\u017cdym etapie produkcji \u2013 od doboru surowc\u00f3w po kontrol\u0119 ko\u0144cow\u0105. To d\u0105\u017cenie do doskona\u0142o\u015bci przynios\u0142o nam certyfikaty i uznanie autorytet\u00f3w bran\u017cowych, co dodatkowo umacnia nasz\u0105 reputacj\u0119 niezawodnego partnera.<\/p>\n<p>Nasza misja jest prosta i ambitna: dostarcza\u0107 klientom si\u0142owniki hydrauliczne, kt\u00f3re przewy\u017cszaj\u0105 oczekiwania pod wzgl\u0119dem wydajno\u015bci, trwa\u0142o\u015bci i warto\u015bci. Dzia\u0142amy zgodnie z podstawowymi zasadami profesjonalizmu, uczciwo\u015bci i zorientowania na klienta. Piel\u0119gnuj\u0105c kultur\u0119 innowacyjno\u015bci i precyzji, stale udoskonalamy nasze produkty, aby utrzyma\u0107 pozycj\u0119 lidera na konkurencyjnym rynku. Nasza szeroka gama produkt\u00f3w i mo\u017cliwo\u015b\u0107 oferowania rozwi\u0105za\u0144 dostosowanych do indywidualnych potrzeb sprawiaj\u0105, \u017ce jeste\u015bmy preferowanym wyborem dla firm poszukuj\u0105cych wysokowydajnych si\u0142ownik\u00f3w hydraulicznych.<\/p>\n<p>FMP to co\u015b wi\u0119cej ni\u017c tylko producent; jeste\u015bmy partnerem Twojego sukcesu. Rozumiemy, \u017ce nasi klienci polegaj\u0105 na nas, dostarczaj\u0105c narz\u0119dzia zwi\u0119kszaj\u0105ce produktywno\u015b\u0107 i bezpiecze\u0144stwo. Dlatego dok\u0142adamy wszelkich stara\u0144, aby dostarcza\u0107 nie tylko produkty najwy\u017cszej jako\u015bci, ale tak\u017ce oferowa\u0107 wyj\u0105tkow\u0105 obs\u0142ug\u0119. Od wst\u0119pnych konsultacji po wsparcie posprzeda\u017cowe, \u015bci\u015ble wsp\u00f3\u0142pracujemy z naszymi klientami, aby zapewni\u0107 im profesjonalne i kompleksowe zaspokojenie ich potrzeb. Nasze konkurencyjne ceny w po\u0142\u0105czeniu z naszym niezmiennym zaanga\u017cowaniem w jako\u015b\u0107 sprawiaj\u0105, \u017ce FMP to m\u0105dry wyb\u00f3r dla firm poszukuj\u0105cych niezawodnych rozwi\u0105za\u0144 hydraulicznych.<\/p>","protected":false},"excerpt":{"rendered":"<p>Dump Trailer Truck 20 Tons 100 Ton 5 Stage Telescopic Hydraulic Cylinder with Long Stroke The 5 stage telescopic hydraulic cylinder with long stroke is a high-quality, heavy-duty piece of equipment designed for dump trailer trucks. It carries a weight of 38kg and can deliver a maximum thrust of 3000 and pull up to 20 [&hellip;]<\/p>","protected":false},"featured_media":6700,"comment_status":"closed","ping_status":"closed","template":"","meta":{"_et_pb_use_builder":"","_et_pb_old_content":"","_et_gb_content_width":""},"product_brand":[],"product_cat":[103],"product_tag":[34,105],"class_list":{"0":"post-6529","1":"product","2":"type-product","3":"status-publish","4":"has-post-thumbnail","6":"product_cat-telescopic-hydraulic-cylinders","7":"product_tag-hydraulic-cylinder","8":"product_tag-telescopic-hydraulic-cylinders","10":"first","11":"instock","12":"product-type-simple"},"_links":{"self":[{"href":"https:\/\/fmp-components.com\/pl\/wp-json\/wp\/v2\/product\/6529","targetHints":{"allow":["GET"]}}],"collection":[{"href":"https:\/\/fmp-components.com\/pl\/wp-json\/wp\/v2\/product"}],"about":[{"href":"https:\/\/fmp-components.com\/pl\/wp-json\/wp\/v2\/types\/product"}],"replies":[{"embeddable":true,"href":"https:\/\/fmp-components.com\/pl\/wp-json\/wp\/v2\/comments?post=6529"}],"wp:featuredmedia":[{"embeddable":true,"href":"https:\/\/fmp-components.com\/pl\/wp-json\/wp\/v2\/media\/6700"}],"wp:attachment":[{"href":"https:\/\/fmp-components.com\/pl\/wp-json\/wp\/v2\/media?parent=6529"}],"wp:term":[{"taxonomy":"product_brand","embeddable":true,"href":"https:\/\/fmp-components.com\/pl\/wp-json\/wp\/v2\/product_brand?post=6529"},{"taxonomy":"product_cat","embeddable":true,"href":"https:\/\/fmp-components.com\/pl\/wp-json\/wp\/v2\/product_cat?post=6529"},{"taxonomy":"product_tag","embeddable":true,"href":"https:\/\/fmp-components.com\/pl\/wp-json\/wp\/v2\/product_tag?post=6529"}],"curies":[{"name":"wp","href":"https:\/\/api.w.org\/{rel}","templated":true}]}}