{"id":6528,"date":"2025-03-11T06:28:19","date_gmt":"2025-03-11T06:28:19","guid":{"rendered":"https:\/\/fmp-components.com\/product\/factory-customized-5-stage-telescopic-small-dump-truck-hydraulic-cylinder"},"modified":"2025-03-18T01:59:17","modified_gmt":"2025-03-18T01:59:17","slug":"factory-customized-5-stage-telescopic-small-dump-truck-hydraulic-cylinder","status":"publish","type":"product","link":"https:\/\/fmp-components.com\/pl\/product\/factory-customized-5-stage-telescopic-small-dump-truck-hydraulic-cylinder\/","title":{"rendered":"Fabrycznie dostosowany 5-stopniowy teleskopowy si\u0142ownik hydrauliczny do ma\u0142ej wywrotki"},"content":{"rendered":"<h2>Fabrycznie dostosowany 5-stopniowy teleskopowy si\u0142ownik hydrauliczny do ma\u0142ej wywrotki<\/h2>\n<p>Firma FMP oferuje wysokiej jako\u015bci, fabrycznie dostosowany, 5-stopniowy teleskopowy si\u0142ownik hydrauliczny do ma\u0142ych wywrotek. Ten innowacyjny element maszynowy zosta\u0142 zaprojektowany z my\u015bl\u0105 o wydajno\u015bci, bezpiecze\u0144stwie i trwa\u0142o\u015bci. Idealny do stosowania w warsztatach naprawczych maszyn, gospodarstwach rolnych, przemy\u015ble energetycznym i g\u00f3rniczym oraz fabrykach maszyn.<\/p>\n<h3>G\u0142\u00f3wne cechy i korzy\u015bci<\/h3>\n<p>Si\u0142ownik hydrauliczny oferuje szereg unikalnych funkcji i zalet. Jest energooszcz\u0119dny, wysoce wydajny i bezpieczny w obs\u0142udze. Jego solidna stalowa obudowa gwarantuje d\u0142ugotrwa\u0142\u0105 prac\u0119. Si\u0142ownik ten zosta\u0142 zaprojektowany tak, aby zapewni\u0107 maksymaln\u0105 si\u0142\u0119 ci\u0105gu 3000 i ud\u017awig do 20 ton. W po\u0142\u0105czeniu z wielostopniow\u0105 funkcjonalno\u015bci\u0105, zapewnia optymaln\u0105 wydajno\u015b\u0107 w r\u00f3\u017cnorodnych zastosowaniach.<\/p>\n<h3>Dane techniczne<\/h3>\n<table style=\"width: 95.8431%;\" border=\"\">\n<tbody>\n<tr>\n<td style=\"width: 42.9379%;\"><i>Rozmiar otworu<\/i><\/td>\n<td style=\"width: 452.555%;\">2-6 cali<\/td>\n<\/tr>\n<tr>\n<td style=\"width: 42.9379%;\"><i>Rozmiar pr\u0119ta<\/i><\/td>\n<td style=\"width: 452.555%;\">1,125-4 cale<\/td>\n<\/tr>\n<tr>\n<td style=\"width: 42.9379%;\"><i>Rozmiar poci\u0105gni\u0119cia<\/i><\/td>\n<td style=\"width: 452.555%;\">4-100 cali<\/td>\n<\/tr>\n<tr>\n<td style=\"width: 42.9379%;\"><i>Rozmiar szpilki<\/i><\/td>\n<td style=\"width: 452.555%;\">0,5-2 cale<\/td>\n<\/tr>\n<tr>\n<td style=\"width: 42.9379%;\"><i>Porty<\/i><\/td>\n<td style=\"width: 452.555%;\">G\/SAE\/NPT\/M<\/td>\n<\/tr>\n<\/tbody>\n<\/table>\n<h2>Zrozumienie uk\u0142ad\u00f3w hydraulicznych i zasady dzia\u0142ania<\/h2>\n<p>Si\u0142owniki hydrauliczne i agregaty pr\u0105dotw\u00f3rcze to niezb\u0119dne elementy ka\u017cdego uk\u0142adu hydraulicznego. Wsp\u00f3\u0142pracuj\u0105 ze sob\u0105, aby zapewni\u0107 powszechne zastosowanie technologii hydraulicznej w przemy\u015ble, zapewniaj\u0105c niezawodne zasilanie i sterowanie r\u00f3\u017cnorodnym sprz\u0119tem in\u017cynieryjnym i maszynowym.<\/p>\n<p><img loading=\"lazy\" decoding=\"async\" class=\"alignnone wp-image-6658\" src=\"https:\/\/fmp-components.com\/wp-content\/uploads\/2025\/03\/telescopic-hydraulic-cylinder-6.webp\" alt=\"si\u0142ownik hydrauliczny teleskopowy\" width=\"935\" height=\"935\" title=\"\" srcset=\"https:\/\/fmp-components.com\/wp-content\/uploads\/2025\/03\/telescopic-hydraulic-cylinder-6.webp 935w, https:\/\/fmp-components.com\/wp-content\/uploads\/2025\/03\/telescopic-hydraulic-cylinder-6-480x480.webp 480w\" sizes=\"(min-width: 0px) and (max-width: 480px) 480px, (min-width: 481px) 935px, 100vw\" \/><\/p>\n<h2>Zastosowania cylindr\u00f3w hydraulicznych<\/h2>\n<p>Ten si\u0142ownik hydrauliczny mo\u017ce by\u0107 stosowany w r\u00f3\u017cnych ga\u0142\u0119ziach przemys\u0142u, w tym w warsztatach naprawczych maszyn, gospodarstwach rolnych, przemy\u015ble energetycznym i g\u00f3rniczym oraz fabrykach maszyn. Jest szczeg\u00f3lnie przydatny w zastosowaniach wymagaj\u0105cych kompaktowego, ale wydajnego rozwi\u0105zania.<\/p>\n<h2>Si\u0142owniki hydrauliczne i agregaty nap\u0119dowe<\/h2>\n<p>Si\u0142owniki hydrauliczne, jako si\u0142owniki, odpowiadaj\u0105 za przekszta\u0142canie energii hydraulicznej w ruch mechaniczny, przekszta\u0142caj\u0105c ci\u015bnienie w si\u0142\u0119. Natomiast jednostka nap\u0119dowa stanowi rdze\u0144, kt\u00f3ry dostarcza energi\u0119 i sygna\u0142y steruj\u0105ce wymagane przez uk\u0142ad hydrauliczny. Ich skoordynowana wsp\u00f3\u0142praca zapewnia prawid\u0142ow\u0105 prac\u0119 uk\u0142adu hydraulicznego. FMP oferuje r\u00f3wnie\u017c jednostki nap\u0119dowe na sprzeda\u017c.<\/p>\n<h3>Cz\u0119sto zadawane pytania<\/h3>\n<p><strong>P: Czy jeste\u015b firm\u0105 handlow\u0105 lub produkcyjn\u0105?<\/strong><br \/>\nA: Jeste\u015bmy fabryk\u0105.<\/p>\n<p><strong>P: Jak d\u0142ugi jest czas dostawy?<\/strong><br \/>\nA: Zazwyczaj jest to 25\u201335 dni.<\/p>\n<p><strong>P: Czy dostarczacie pr\u00f3bki? Czy s\u0105 darmowe czy dodatkowe?<\/strong><br \/>\nO: Tak, mogliby\u015bmy zaoferowa\u0107 pr\u00f3bk\u0119, ale nie jest ona darmowa.<\/p>\n<h3>O FMP<\/h3>\n<p>FMP to wiod\u0105cy w\u0142oski producent specjalizuj\u0105cy si\u0119 w projektowaniu, rozwoju i produkcji wysokiej jako\u015bci cylindr\u00f3w hydraulicznych. Dzi\u0119ki wieloletniemu do\u015bwiadczeniu \u0142\u0105czymy tradycyjne w\u0142oskie rzemios\u0142o z najnowocze\u015bniejsz\u0105 technologi\u0105, aby oferowa\u0107 wyj\u0105tkowe rozwi\u0105zania hydrauliczne, kt\u00f3re spe\u0142niaj\u0105 zr\u00f3\u017cnicowane potrzeby naszych klient\u00f3w na ca\u0142ym \u015bwiecie. Z siedzib\u0105 we W\u0142oszech, b\u0119d\u0105cym centrum doskona\u0142o\u015bci in\u017cynieryjnej, FMP ugruntowa\u0142a swoj\u0105 pozycj\u0119 zaufanej marki w bran\u017cy hydraulicznej, dostarczaj\u0105c niezawodne, trwa\u0142e i innowacyjne produkty, kt\u00f3re wspieraj\u0105 firmy na ca\u0142ym \u015bwiecie.<\/p>\n<p>Nasza firma \u0142\u0105czy zaawansowane tradycje produkcyjne z nowatorskim podej\u015bciem. Wykorzystuj\u0105c wieloletnie do\u015bwiadczenie w dziedzinie uk\u0142ad\u00f3w hydraulicznych, FMP przekszta\u0142ci\u0142a si\u0119 w nowoczesne przedsi\u0119biorstwo, kt\u00f3re wyr\u00f3\u017cnia si\u0119 w badaniach, projektowaniu i produkcji. Oferujemy szeroki asortyment si\u0142ownik\u00f3w hydraulicznych, w tym si\u0142owniki dwustronnego dzia\u0142ania, si\u0142owniki podnosz\u0105ce do samochod\u00f3w, si\u0142owniki do maszyn rolniczych oraz rozwi\u0105zania projektowane na zam\u00f3wienie dla r\u00f3\u017cnorodnych zastosowa\u0144 przemys\u0142owych. Niezale\u017cnie od tego, czy chodzi o budownictwo, instalacje przemys\u0142owe, rolnictwo, czy ci\u0119\u017cki sprz\u0119t, nasze si\u0142owniki hydrauliczne s\u0105 zaprojektowane tak, aby dzia\u0142a\u0107 w najbardziej wymagaj\u0105cych warunkach, zapewniaj\u0105c bezpiecze\u0144stwo, wydajno\u015b\u0107 i trwa\u0142o\u015b\u0107.<\/p>\n<p><img loading=\"lazy\" decoding=\"async\" class=\"alignnone size-full wp-image-6720\" src=\"https:\/\/fmp-components.com\/wp-content\/uploads\/2025\/03\/hydraulic-cylinder-8.webp\" alt=\"Si\u0142owniki hydrauliczne teleskopowe\" width=\"933\" height=\"526\" title=\"\" srcset=\"https:\/\/fmp-components.com\/wp-content\/uploads\/2025\/03\/hydraulic-cylinder-8.webp 933w, https:\/\/fmp-components.com\/wp-content\/uploads\/2025\/03\/hydraulic-cylinder-8-480x271.webp 480w\" sizes=\"(min-width: 0px) and (max-width: 480px) 480px, (min-width: 481px) 933px, 100vw\" \/><\/p>\n<p>W FMP jeste\u015bmy dumni z naszych najnowocze\u015bniejszych zak\u0142ad\u00f3w produkcyjnych, wyposa\u017conych w precyzyjny park maszynowy i zaawansowane systemy testowe. Nasze procesy produkcyjne spe\u0142niaj\u0105 rygorystyczne normy krajowe i mi\u0119dzynarodowe, gwarantuj\u0105c, \u017ce ka\u017cdy produkowany si\u0142ownik hydrauliczny spe\u0142nia najwy\u017csze standardy jako\u015bci i niezawodno\u015bci. Nasz wykwalifikowany zesp\u00f3\u0142 techniczny w po\u0142\u0105czeniu z najnowocze\u015bniejszym sprz\u0119tem pozwala nam zachowa\u0107 \u015bcis\u0142\u0105 kontrol\u0119 jako\u015bci na ka\u017cdym etapie produkcji \u2013 od doboru surowc\u00f3w po kontrol\u0119 ko\u0144cow\u0105. To zaanga\u017cowanie w d\u0105\u017cenie do doskona\u0142o\u015bci przynios\u0142o nam certyfikaty i uznanie autorytet\u00f3w bran\u017cowych, co umacnia nasz\u0105 reputacj\u0119 niezawodnego partnera.<\/p>\n<p>Nasza misja jest prosta i ambitna: dostarcza\u0107 klientom si\u0142owniki hydrauliczne, kt\u00f3re przewy\u017cszaj\u0105 oczekiwania pod wzgl\u0119dem wydajno\u015bci, trwa\u0142o\u015bci i warto\u015bci. Dzia\u0142amy zgodnie z zasadami profesjonalizmu, uczciwo\u015bci i zorientowania na klienta. Piel\u0119gnuj\u0105c kultur\u0119 innowacyjno\u015bci i precyzji, stale udoskonalamy nasze produkty, aby utrzyma\u0107 pozycj\u0119 lidera na konkurencyjnym rynku. Nasza szeroka gama produkt\u00f3w i mo\u017cliwo\u015b\u0107 oferowania rozwi\u0105za\u0144 dostosowanych do indywidualnych potrzeb sprawiaj\u0105, \u017ce jeste\u015bmy preferowanym wyborem dla firm poszukuj\u0105cych wysokowydajnych si\u0142ownik\u00f3w hydraulicznych.<\/p>\n<p>FMP to co\u015b wi\u0119cej ni\u017c tylko producent; jeste\u015bmy partnerem Twojego sukcesu. Rozumiemy, \u017ce nasi klienci polegaj\u0105 na nas, dostarczaj\u0105c narz\u0119dzia zwi\u0119kszaj\u0105ce ich produktywno\u015b\u0107 i bezpiecze\u0144stwo. Dlatego dok\u0142adamy wszelkich stara\u0144, aby dostarcza\u0107 nie tylko produkty najwy\u017cszej jako\u015bci, ale tak\u017ce wyj\u0105tkow\u0105 obs\u0142ug\u0119. Od wst\u0119pnych konsultacji po wsparcie posprzeda\u017cowe, \u015bci\u015ble wsp\u00f3\u0142pracujemy z naszymi klientami, aby zapewni\u0107 im profesjonalne i staranne zaspokojenie ich potrzeb. Nasze konkurencyjne ceny w po\u0142\u0105czeniu z niezmiennym zaanga\u017cowaniem w jako\u015b\u0107 sprawiaj\u0105, \u017ce FMP to m\u0105dry wyb\u00f3r dla firm poszukuj\u0105cych niezawodnych rozwi\u0105za\u0144 hydraulicznych.<\/p>","protected":false},"excerpt":{"rendered":"<p>Factory Customized 5 Stage Telescopic Small Dump Truck Hydraulic Cylinder FMP offers a high-quality, factory-customized 5 Stage Telescopic Small Dump Truck hydraulic cylinder. This innovative piece of machinery is designed with efficiency, safety and durability in mind. Ideal for use in machinery repair shops, farms, energy and mining industries, and machinery manufacturing factories. Key Features [&hellip;]<\/p>","protected":false},"featured_media":6702,"comment_status":"closed","ping_status":"closed","template":"","meta":{"_et_pb_use_builder":"","_et_pb_old_content":"","_et_gb_content_width":""},"product_brand":[],"product_cat":[103],"product_tag":[34,105],"class_list":{"0":"post-6528","1":"product","2":"type-product","3":"status-publish","4":"has-post-thumbnail","6":"product_cat-telescopic-hydraulic-cylinders","7":"product_tag-hydraulic-cylinder","8":"product_tag-telescopic-hydraulic-cylinders","10":"first","11":"instock","12":"product-type-simple"},"_links":{"self":[{"href":"https:\/\/fmp-components.com\/pl\/wp-json\/wp\/v2\/product\/6528","targetHints":{"allow":["GET"]}}],"collection":[{"href":"https:\/\/fmp-components.com\/pl\/wp-json\/wp\/v2\/product"}],"about":[{"href":"https:\/\/fmp-components.com\/pl\/wp-json\/wp\/v2\/types\/product"}],"replies":[{"embeddable":true,"href":"https:\/\/fmp-components.com\/pl\/wp-json\/wp\/v2\/comments?post=6528"}],"wp:featuredmedia":[{"embeddable":true,"href":"https:\/\/fmp-components.com\/pl\/wp-json\/wp\/v2\/media\/6702"}],"wp:attachment":[{"href":"https:\/\/fmp-components.com\/pl\/wp-json\/wp\/v2\/media?parent=6528"}],"wp:term":[{"taxonomy":"product_brand","embeddable":true,"href":"https:\/\/fmp-components.com\/pl\/wp-json\/wp\/v2\/product_brand?post=6528"},{"taxonomy":"product_cat","embeddable":true,"href":"https:\/\/fmp-components.com\/pl\/wp-json\/wp\/v2\/product_cat?post=6528"},{"taxonomy":"product_tag","embeddable":true,"href":"https:\/\/fmp-components.com\/pl\/wp-json\/wp\/v2\/product_tag?post=6528"}],"curies":[{"name":"wp","href":"https:\/\/api.w.org\/{rel}","templated":true}]}}