{"id":6526,"date":"2025-03-11T06:26:57","date_gmt":"2025-03-11T06:26:57","guid":{"rendered":"https:\/\/fmp-components.com\/product\/factory-price-small-dump-truck-hydraulic-cylinder-telescopic-hydraulic-cylinder-for-sale"},"modified":"2025-03-18T01:07:30","modified_gmt":"2025-03-18T01:07:30","slug":"factory-price-small-dump-truck-hydraulic-cylinder-telescopic-hydraulic-cylinder-for-sale","status":"publish","type":"product","link":"https:\/\/fmp-components.com\/pl\/product\/factory-price-small-dump-truck-hydraulic-cylinder-telescopic-hydraulic-cylinder-for-sale\/","title":{"rendered":"Cena fabryczna Ma\u0142y wywrotka Cylinder hydrauliczny Teleskopowy cylinder hydrauliczny na sprzeda\u017c"},"content":{"rendered":"<h2>Cena fabryczna Ma\u0142y wywrotka Cylinder hydrauliczny Teleskopowy cylinder hydrauliczny na sprzeda\u017c<\/h2>\n<p>Wielostopniowy si\u0142ownik hydrauliczny to nowy produkt na rok 2025, kt\u00f3ry oferuje wyj\u0105tkow\u0105 wydajno\u015b\u0107 w ma\u0142ych wywrotkach, warsztatach naprawczych maszyn, gospodarstwach rolnych, energetyce i g\u00f3rnictwie, przemy\u015ble maszynowym oraz fabrykach maszyn. Wykonany z wytrzyma\u0142ej stali, ten si\u0142ownik hydrauliczny zosta\u0142 zaprojektowany tak, aby wytrzymywa\u0107 du\u017ce si\u0142y ci\u0105gu i si\u0142y pchni\u0119cia, zapewniaj\u0105c niezawodn\u0105 prac\u0119 i d\u0142ugowieczno\u015b\u0107.<\/p>\n<h2>Funkcje i specyfikacje<\/h2>\n<table style=\"width: 100.555%;\" border=\"\">\n<tbody>\n<tr>\n<th style=\"width: 43.5028%;\">Rozmiar otworu<\/th>\n<td style=\"width: 488.136%;\">2-6 cali<\/td>\n<\/tr>\n<tr>\n<th style=\"width: 43.5028%;\">Rozmiar pr\u0119ta<\/th>\n<td style=\"width: 488.136%;\">1,125-4 cale<\/td>\n<\/tr>\n<tr>\n<th style=\"width: 43.5028%;\">Rozmiar poci\u0105gni\u0119cia<\/th>\n<td style=\"width: 488.136%;\">4-100 cali<\/td>\n<\/tr>\n<tr>\n<th style=\"width: 43.5028%;\">Rozmiar szpilki<\/th>\n<td style=\"width: 488.136%;\">0,5-2 cale<\/td>\n<\/tr>\n<tr>\n<th style=\"width: 43.5028%;\">Porty<\/th>\n<td style=\"width: 488.136%;\">G\/SAE\/NPT\/M<\/td>\n<\/tr>\n<\/tbody>\n<\/table>\n<h2>Kluczowe korzy\u015bci<\/h2>\n<ul>\n<li>Energooszcz\u0119dny<\/li>\n<li>Wysoka wydajno\u015b\u0107<\/li>\n<li>Bezpiecze\u0144stwo i niezawodno\u015b\u0107<\/li>\n<\/ul>\n<h2>Uk\u0142ady hydrauliczne i zasada dzia\u0142ania<\/h2>\n<p>Si\u0142owniki hydrauliczne to niezb\u0119dne elementy, kt\u00f3rych dzia\u0142anie polega na przekszta\u0142caniu energii hydraulicznej w ruch mechaniczny. Ta transformacja ma kluczowe znaczenie, poniewa\u017c zapewnia si\u0142\u0119 nap\u0119dow\u0105 niezb\u0119dn\u0105 do dzia\u0142ania wywrotek i r\u00f3\u017cnych innych maszyn. Gdy p\u0142yn hydrauliczny jest spr\u0119\u017cany i kierowany do cylindra, popycha t\u0142ok, generuj\u0105c ruch liniowy, kt\u00f3ry przek\u0142ada si\u0119 na du\u017c\u0105 si\u0142\u0119 i precyzj\u0119. Mechanizm ten umo\u017cliwia efektywne podnoszenie, pchanie lub ci\u0105gni\u0119cie ci\u0119\u017ckich \u0142adunk\u00f3w, dzi\u0119ki czemu si\u0142owniki hydrauliczne s\u0105 niezast\u0105pione w wielu zastosowaniach przemys\u0142owych. Ich zdolno\u015b\u0107 do dostarczania sta\u0142ej i niezawodnej si\u0142y umo\u017cliwia maszynom wydajne wykonywanie zada\u0144, zar\u00f3wno w budownictwie, transporcie, jak i produkcji.<\/p>\n<p><img loading=\"lazy\" decoding=\"async\" class=\"alignnone wp-image-6662\" src=\"https:\/\/fmp-components.com\/wp-content\/uploads\/2025\/03\/telescopic-hydraulic-cylinder-4.webp\" alt=\"si\u0142ownik hydrauliczny teleskopowy\" width=\"898\" height=\"898\" title=\"\" srcset=\"https:\/\/fmp-components.com\/wp-content\/uploads\/2025\/03\/telescopic-hydraulic-cylinder-4.webp 898w, https:\/\/fmp-components.com\/wp-content\/uploads\/2025\/03\/telescopic-hydraulic-cylinder-4-480x480.webp 480w\" sizes=\"(min-width: 0px) and (max-width: 480px) 480px, (min-width: 481px) 898px, 100vw\" \/><\/p>\n<h2>Aplikacje<\/h2>\n<p>Te si\u0142owniki hydrauliczne idealnie nadaj\u0105 si\u0119 do wielu zastosowa\u0144. W ma\u0142ych wywrotkach odgrywaj\u0105 kluczow\u0105 rol\u0119 w podnoszeniu i przechylaniu skrzyni \u0142adunkowej, u\u0142atwiaj\u0105c roz\u0142adunek materia\u0142\u00f3w. W warsztatach naprawczych maszyn si\u0142owniki te pomagaj\u0105 technikom w bezpiecznym podnoszeniu i manewrowaniu ci\u0119\u017ckimi elementami, zapewniaj\u0105c sprawn\u0105 konserwacj\u0119 i naprawy. Sektor energetyczny i g\u00f3rniczy r\u00f3wnie\u017c czerpi\u0105 znaczne korzy\u015bci z ich solidnej konstrukcji, poniewa\u017c si\u0142owniki te wytrzymuj\u0105 rygorystyczne wymagania zwi\u0105zane z podnoszeniem ci\u0119\u017ckiego sprz\u0119tu i materia\u0142\u00f3w w trudnych warunkach. Ponadto, w produkcji maszyn i fabrykach, te si\u0142owniki hydrauliczne zwi\u0119kszaj\u0105 wydajno\u015b\u0107 proces\u00f3w produkcyjnych, zapewniaj\u0105c niezb\u0119dn\u0105 si\u0142\u0119 do monta\u017cu, transportu materia\u0142\u00f3w i innych krytycznych operacji. Ich wszechstronno\u015b\u0107 i niezawodno\u015b\u0107 sprawiaj\u0105, \u017ce s\u0105 one niezb\u0119dnym wyborem dla profesjonalist\u00f3w z r\u00f3\u017cnych bran\u017c.<\/p>\n<h2>Si\u0142owniki hydrauliczne i agregaty nap\u0119dowe<\/h2>\n<p>Si\u0142ownik hydrauliczny i zesp\u00f3\u0142 nap\u0119dowy stanowi\u0105 integralne elementy ka\u017cdego uk\u0142adu hydraulicznego, wsp\u00f3\u0142pracuj\u0105c ze sob\u0105, aby zapewni\u0107 optymaln\u0105 wydajno\u015b\u0107 i funkcjonalno\u015b\u0107. Si\u0142ownik hydrauliczny dzia\u0142a jako si\u0142ownik, przekszta\u0142caj\u0105c energi\u0119 hydrauliczn\u0105 w ruch mechaniczny, natomiast zesp\u00f3\u0142 nap\u0119dowy stanowi \u017ar\u00f3d\u0142o energii, dostarczaj\u0105c spr\u0119\u017cony p\u0142yn niezb\u0119dny do dzia\u0142ania. Ta po\u0142\u0105czona funkcja ma kluczowe znaczenie dla efektywnego wdro\u017cenia technologii hydraulicznej w sektorze przemys\u0142owym, zapewniaj\u0105c niezawodne zasilanie i sterowanie r\u00f3\u017cnorodnym sprz\u0119tem in\u017cynieryjnym i mechanicznym. Ich synergia nie tylko zwi\u0119ksza efektywno\u015b\u0107 operacji, ale tak\u017ce umo\u017cliwia wykonywanie zada\u0144 wymagaj\u0105cych du\u017cej si\u0142y i precyzji. W FMP oferujemy r\u00f3wnie\u017c wyb\u00f3r zespo\u0142\u00f3w nap\u0119dowych, uzupe\u0142niaj\u0105cych nasze si\u0142owniki hydrauliczne i zapewniaj\u0105cych kompleksowe rozwi\u0105zania dla Pa\u0144stwa potrzeb w zakresie uk\u0142ad\u00f3w hydraulicznych. Nasze zaanga\u017cowanie w jako\u015b\u0107 i innowacyjno\u015b\u0107 gwarantuje, \u017ce otrzymaj\u0105 Pa\u0144stwo najlepsze produkty, kt\u00f3re zwi\u0119ksz\u0105 Pa\u0144stwa mo\u017cliwo\u015bci operacyjne.<\/p>\n<p><img loading=\"lazy\" decoding=\"async\" class=\"alignnone wp-image-6661\" src=\"https:\/\/fmp-components.com\/wp-content\/uploads\/2025\/03\/telescopic-hydraulic-cylinder-10.webp\" alt=\"si\u0142ownik hydrauliczny teleskopowy\" width=\"924\" height=\"924\" title=\"\" srcset=\"https:\/\/fmp-components.com\/wp-content\/uploads\/2025\/03\/telescopic-hydraulic-cylinder-10.webp 924w, https:\/\/fmp-components.com\/wp-content\/uploads\/2025\/03\/telescopic-hydraulic-cylinder-10-480x480.webp 480w\" sizes=\"(min-width: 0px) and (max-width: 480px) 480px, (min-width: 481px) 924px, 100vw\" \/><\/p>\n<h3>O FMP<\/h3>\n<p class=\"break-words\">FMP jest wiod\u0105cym w\u0142oskim producentem specjalizuj\u0105cym si\u0119 w projektowaniu, rozwoju i produkcji wysokiej jako\u015bci cylindr\u00f3w hydraulicznych. Dzi\u0119ki bogatemu dziedzictwu zakorzenionemu w dziesi\u0119cioleciach do\u015bwiadczenia, z dum\u0105 \u0142\u0105czymy w\u0142oskie rzemios\u0142o z najnowocze\u015bniejsz\u0105 technologi\u0105, aby dostarcza\u0107 wyj\u0105tkowe rozwi\u0105zania hydrauliczne dostosowane do zr\u00f3\u017cnicowanych potrzeb naszych globalnych klient\u00f3w. Maj\u0105c siedzib\u0119 we W\u0142oszech, w centrum doskona\u0142o\u015bci in\u017cynieryjnej, FMP jest zaufan\u0105 mark\u0105 w bran\u017cy hydraulicznej, zobowi\u0105zan\u0105 do dostarczania niezawodnych, trwa\u0142ych i innowacyjnych produkt\u00f3w, kt\u00f3re wzmacniaj\u0105 firmy na ca\u0142ym \u015bwiecie.<\/p>\n<p class=\"break-words\">Nasza firma integruje najlepsze tradycje zaawansowanej produkcji z przysz\u0142o\u015bciowym podej\u015bciem. Korzystaj\u0105c z wieloletniego do\u015bwiadczenia w systemach hydraulicznych, FMP przekszta\u0142ci\u0142o si\u0119 w nowoczesne przedsi\u0119biorstwo, kt\u00f3re wyr\u00f3\u017cnia si\u0119 w badaniach, projektowaniu i produkcji. Specjalizujemy si\u0119 w szerokiej gamie cylindr\u00f3w hydraulicznych, w tym cylindrach dwustronnego dzia\u0142ania, cylindrach podnosz\u0105cych do samochod\u00f3w, cylindrach do maszyn rolniczych i rozwi\u0105zaniach projektowanych na zam\u00f3wienie do r\u00f3\u017cnych zastosowa\u0144 przemys\u0142owych. Niezale\u017cnie od tego, czy chodzi o budownictwo, instalacje przemys\u0142owe, rolnictwo czy ci\u0119\u017cki sprz\u0119t, nasze cylindry hydrauliczne s\u0105 zbudowane tak, aby dzia\u0142a\u0142y w najtrudniejszych warunkach, zapewniaj\u0105c bezpiecze\u0144stwo, wydajno\u015b\u0107 i d\u0142ugowieczno\u015b\u0107.<\/p>\n<p><img loading=\"lazy\" decoding=\"async\" class=\"alignnone size-full wp-image-6720\" src=\"https:\/\/fmp-components.com\/wp-content\/uploads\/2025\/03\/hydraulic-cylinder-8.webp\" alt=\"Si\u0142owniki hydrauliczne teleskopowe\" width=\"933\" height=\"526\" title=\"\" srcset=\"https:\/\/fmp-components.com\/wp-content\/uploads\/2025\/03\/hydraulic-cylinder-8.webp 933w, https:\/\/fmp-components.com\/wp-content\/uploads\/2025\/03\/hydraulic-cylinder-8-480x271.webp 480w\" sizes=\"(min-width: 0px) and (max-width: 480px) 480px, (min-width: 481px) 933px, 100vw\" \/><\/p>\n<p class=\"break-words\">W FMP jeste\u015bmy dumni z naszych najnowocze\u015bniejszych zak\u0142ad\u00f3w produkcyjnych, wyposa\u017conych w precyzyjne maszyny i zaawansowane systemy testowe. Nasze procesy produkcyjne s\u0105 zgodne z rygorystycznymi normami krajowymi i mi\u0119dzynarodowymi, co zapewnia, \u017ce ka\u017cdy cylinder hydrauliczny opuszczaj\u0105cy nasz\u0105 fabryk\u0119 jest najwy\u017cszej jako\u015bci i niezawodno\u015bci. Nasz wykwalifikowany zesp\u00f3\u0142 techniczny w po\u0142\u0105czeniu z najnowocze\u015bniejszym sprz\u0119tem pozwala nam zachowa\u0107 \u015bcis\u0142\u0105 kontrol\u0119 jako\u015bci na ka\u017cdym etapie produkcji \u2014 od wyboru surowca po ko\u0144cow\u0105 kontrol\u0119. To oddanie doskona\u0142o\u015bci przynios\u0142o nam certyfikaty i uznanie autorytet\u00f3w bran\u017cowych, co dodatkowo umocni\u0142o nasz\u0105 reputacj\u0119 niezawodnego partnera.<\/p>\n<p class=\"break-words\">Nasza misja jest prosta, ale ambitna: dostarcza\u0107 naszym klientom cylindry hydrauliczne, kt\u00f3re przekraczaj\u0105 oczekiwania pod wzgl\u0119dem wydajno\u015bci, trwa\u0142o\u015bci i warto\u015bci. Dzia\u0142amy zgodnie z zasadami profesjonalizmu, uczciwo\u015bci i skupienia na kliencie. Poprzez promowanie kultury innowacji i precyzji nieustannie udoskonalamy nasze produkty, aby utrzyma\u0107 si\u0119 na czele konkurencyjnego rynku. Nasza kompleksowa oferta produkt\u00f3w i zdolno\u015b\u0107 do oferowania dostosowanych rozwi\u0105za\u0144 sprawiaj\u0105, \u017ce jeste\u015bmy pierwszym wyborem dla firm poszukuj\u0105cych wysokowydajnych cylindr\u00f3w hydraulicznych.<\/p>\n<p class=\"break-words\">FMP to co\u015b wi\u0119cej ni\u017c tylko producent \u2014 jeste\u015bmy partnerem w Twoim sukcesie. Rozumiemy, \u017ce nasi klienci polegaj\u0105 na nas, je\u015bli chodzi o dostarczanie narz\u0119dzi, kt\u00f3re zwi\u0119kszaj\u0105 ich produktywno\u015b\u0107 i bezpiecze\u0144stwo. Dlatego te\u017c jeste\u015bmy zobowi\u0105zani do oferowania nie tylko produkt\u00f3w najwy\u017cszej klasy, ale tak\u017ce wyj\u0105tkowej obs\u0142ugi. Od wst\u0119pnych konsultacji po wsparcie posprzeda\u017cowe, \u015bci\u015ble wsp\u00f3\u0142pracujemy z naszymi klientami, aby zapewni\u0107, \u017ce ich potrzeby s\u0105 spe\u0142niane z profesjonalizmem i trosk\u0105. Nasze konkurencyjne ceny w po\u0142\u0105czeniu z naszym niezachwianym zaanga\u017cowaniem w jako\u015b\u0107 sprawiaj\u0105, \u017ce FMP jest m\u0105drym wyborem dla firm, kt\u00f3re chc\u0105 zainwestowa\u0107 w rozwi\u0105zania hydrauliczne, kt\u00f3rym mog\u0105 zaufa\u0107.<\/p>\n<h2>Cz\u0119sto zadawane pytania<\/h2>\n<dl>\n<dt>P: Czy jeste\u015b firm\u0105 handlow\u0105 lub produkcyjn\u0105?<\/dt>\n<dd>A: Jeste\u015bmy producentem.<\/dd>\n<dt>P: Jak d\u0142ugi jest czas dostawy?<\/dt>\n<dd>A: Zazwyczaj trwa to 25\u201335 dni.<\/dd>\n<dt>P: Czy udost\u0119pniacie pr\u00f3bki? Czy s\u0105 one bezp\u0142atne, czy dodatkowo p\u0142atne?<\/dt>\n<dd>O: Tak, mogliby\u015bmy zaoferowa\u0107 pr\u00f3bk\u0119, ale nie jest ona darmowa.<\/dd>\n<\/dl>","protected":false},"excerpt":{"rendered":"<p>Factory Price Small Dump Truck Hydraulic Cylinder Telescopic Hydraulic Cylinder For Sale The multi-stage hydraulic cylinder is a new product for 2025, which offers exceptional performance for small dump trucks, machinery repair shops, farms, energy and mining, machinery manufacturing, and machinery factories. Made from sturdy steel, this hydraulic cylinder is designed to withstand high thrust [&hellip;]<\/p>","protected":false},"featured_media":6682,"comment_status":"closed","ping_status":"closed","template":"","meta":{"_et_pb_use_builder":"","_et_pb_old_content":"","_et_gb_content_width":""},"product_brand":[],"product_cat":[103],"product_tag":[34,105],"class_list":{"0":"post-6526","1":"product","2":"type-product","3":"status-publish","4":"has-post-thumbnail","6":"product_cat-telescopic-hydraulic-cylinders","7":"product_tag-hydraulic-cylinder","8":"product_tag-telescopic-hydraulic-cylinders","10":"first","11":"instock","12":"product-type-simple"},"_links":{"self":[{"href":"https:\/\/fmp-components.com\/pl\/wp-json\/wp\/v2\/product\/6526","targetHints":{"allow":["GET"]}}],"collection":[{"href":"https:\/\/fmp-components.com\/pl\/wp-json\/wp\/v2\/product"}],"about":[{"href":"https:\/\/fmp-components.com\/pl\/wp-json\/wp\/v2\/types\/product"}],"replies":[{"embeddable":true,"href":"https:\/\/fmp-components.com\/pl\/wp-json\/wp\/v2\/comments?post=6526"}],"wp:featuredmedia":[{"embeddable":true,"href":"https:\/\/fmp-components.com\/pl\/wp-json\/wp\/v2\/media\/6682"}],"wp:attachment":[{"href":"https:\/\/fmp-components.com\/pl\/wp-json\/wp\/v2\/media?parent=6526"}],"wp:term":[{"taxonomy":"product_brand","embeddable":true,"href":"https:\/\/fmp-components.com\/pl\/wp-json\/wp\/v2\/product_brand?post=6526"},{"taxonomy":"product_cat","embeddable":true,"href":"https:\/\/fmp-components.com\/pl\/wp-json\/wp\/v2\/product_cat?post=6526"},{"taxonomy":"product_tag","embeddable":true,"href":"https:\/\/fmp-components.com\/pl\/wp-json\/wp\/v2\/product_tag?post=6526"}],"curies":[{"name":"wp","href":"https:\/\/api.w.org\/{rel}","templated":true}]}}