{"id":6523,"date":"2025-03-11T06:26:57","date_gmt":"2025-03-11T06:26:57","guid":{"rendered":"https:\/\/fmp-components.com\/product\/chinese-factory-5-stage-telescopic-hydraulic-cylinder-multistage-hydraulic-cylinder"},"modified":"2025-03-18T02:13:27","modified_gmt":"2025-03-18T02:13:27","slug":"italian-factory-5-stage-telescopic-hydraulic-cylinder-multistage-hydraulic-cylinder","status":"publish","type":"product","link":"https:\/\/fmp-components.com\/pl\/product\/italian-factory-5-stage-telescopic-hydraulic-cylinder-multistage-hydraulic-cylinder\/","title":{"rendered":"W\u0142oski fabryczny 5-stopniowy teleskopowy si\u0142ownik hydrauliczny Wielostopniowy si\u0142ownik hydrauliczny"},"content":{"rendered":"<h2>Fabryczny 5-stopniowy teleskopowy si\u0142ownik hydrauliczny Wielostopniowy si\u0142ownik hydrauliczny<\/h2>\n<p>Przedstawiamy 5-stopniowy teleskopowy si\u0142ownik hydrauliczny firmy FMP, w\u0142oskiej fabryki znanej z wysokiej jako\u015bci si\u0142ownik\u00f3w hydraulicznych. Wykonany z najwy\u017csz\u0105 dba\u0142o\u015bci\u0105 o szczeg\u00f3\u0142y, ten wielostopniowy si\u0142ownik hydrauliczny oferuje niezr\u00f3wnan\u0105 wydajno\u015b\u0107 i efektywno\u015b\u0107 w r\u00f3\u017cnych bran\u017cach, takich jak warsztaty naprawcze maszyn, gospodarstwa rolne, energetyka i g\u00f3rnictwo, produkcja maszyn oraz fabryki maszyn.<\/p>\n<h3>Cechy i funkcje<\/h3>\n<p>Nasz si\u0142ownik hydrauliczny zosta\u0142 zaprojektowany z solidn\u0105 stalow\u0105 obudow\u0105, oferuj\u0105c maksymalny nacisk 3000 i ud\u017awig 20 ton. Si\u0142ownik posiada r\u00f3wnie\u017c certyfikat ISO9001:2000, co gwarantuje najwy\u017csz\u0105 jako\u015b\u0107 i niezawodno\u015b\u0107.<\/p>\n<h3>Dane techniczne<\/h3>\n<table style=\"width: 98.6435%;\" border=\"\">\n<tbody>\n<tr>\n<td style=\"width: 43.5028%;\"><b>Rozmiar otworu<\/b><\/td>\n<td style=\"width: 477.966%;\">2-6 cali<\/td>\n<\/tr>\n<tr>\n<td style=\"width: 43.5028%;\"><b>Rozmiar pr\u0119ta<\/b><\/td>\n<td style=\"width: 477.966%;\">1,125-4 cale<\/td>\n<\/tr>\n<tr>\n<td style=\"width: 43.5028%;\"><b>Rozmiar poci\u0105gni\u0119cia<\/b><\/td>\n<td style=\"width: 477.966%;\">4-100 cali<\/td>\n<\/tr>\n<tr>\n<td style=\"width: 43.5028%;\"><b>Rozmiar szpilki<\/b><\/td>\n<td style=\"width: 477.966%;\">0,5-2 cale<\/td>\n<\/tr>\n<tr>\n<td style=\"width: 43.5028%;\"><b>Porty<\/b><\/td>\n<td style=\"width: 477.966%;\">G\/SAE\/NPT\/M<\/td>\n<\/tr>\n<\/tbody>\n<\/table>\n<h3>Unikalne zalety<\/h3>\n<ul>\n<li>Energooszcz\u0119dno\u015b\u0107: Nasz si\u0142ownik hydrauliczny oferuje optymaln\u0105 wydajno\u015b\u0107 przy minimalnym zu\u017cyciu energii.<\/li>\n<li>Wysoka wydajno\u015b\u0107: Wielostopniowa konstrukcja pozwala na zwi\u0119kszenie wydajno\u015bci w r\u00f3\u017cnych zastosowaniach.<\/li>\n<li>Bezpiecze\u0144stwo: Produkt obj\u0119ty jest roczn\u0105 gwarancj\u0105 na g\u0142\u00f3wne komponenty, co gwarantuje bezpiecze\u0144stwo u\u017cytkownika.<\/li>\n<\/ul>\n<h2>Uk\u0142ad hydrauliczny i zasada dzia\u0142ania<\/h2>\n<p>Uk\u0142ad hydrauliczny dzia\u0142a w oparciu o fundamentaln\u0105 zasad\u0119 przekszta\u0142cania energii hydraulicznej w ruch mechaniczny \u2013 proces ten w du\u017cej mierze opiera si\u0119 na dzia\u0142aniu cylindra hydraulicznego. Cylinder ten odgrywa kluczow\u0105 rol\u0119 w przekszta\u0142caniu spr\u0119\u017conego p\u0142ynu w ruch o du\u017cej sile, umo\u017cliwiaj\u0105c szeroki wachlarz zastosowa\u0144 w r\u00f3\u017cnych bran\u017cach. Zdolno\u015b\u0107 cylindra hydraulicznego do generowania znacznej si\u0142y czyni go nieocenionym w zadaniach wymagaj\u0105cych precyzyjnej kontroli i mocy.<\/p>\n<p>Uzupe\u0142nieniem si\u0142ownika hydraulicznego jest zesp\u00f3\u0142 nap\u0119dowy, kt\u00f3ry dostarcza niezb\u0119dn\u0105 energi\u0119 i sygna\u0142y steruj\u0105ce do uk\u0142adu hydraulicznego. Zesp\u00f3\u0142 ten generuje i reguluje ci\u015bnienie p\u0142ynu hydraulicznego, zapewniaj\u0105c efektywne i wydajne dzia\u0142anie uk\u0142adu. Harmonijna interakcja mi\u0119dzy si\u0142ownikiem hydraulicznym a zespo\u0142em nap\u0119dowym zapewnia solidny system, kt\u00f3ry maksymalizuje wydajno\u015b\u0107, minimalizuje straty energii i zwi\u0119ksza og\u00f3ln\u0105 produktywno\u015b\u0107. Razem zapewniaj\u0105 one p\u0142ynn\u0105 prac\u0119, niezb\u0119dn\u0105 w r\u00f3\u017cnych zastosowaniach mechanicznych i przemys\u0142owych.<\/p>\n<p><img loading=\"lazy\" decoding=\"async\" class=\"alignnone wp-image-6662\" src=\"https:\/\/fmp-components.com\/wp-content\/uploads\/2025\/03\/telescopic-hydraulic-cylinder-4.webp\" alt=\"si\u0142ownik hydrauliczny teleskopowy\" width=\"931\" height=\"931\" title=\"\" srcset=\"https:\/\/fmp-components.com\/wp-content\/uploads\/2025\/03\/telescopic-hydraulic-cylinder-4.webp 931w, https:\/\/fmp-components.com\/wp-content\/uploads\/2025\/03\/telescopic-hydraulic-cylinder-4-480x480.webp 480w\" sizes=\"(min-width: 0px) and (max-width: 480px) 480px, (min-width: 481px) 931px, 100vw\" \/><\/p>\n<h2>Aplikacja<\/h2>\n<p>Nasze si\u0142owniki hydrauliczne doskonale sprawdzaj\u0105 si\u0119 w szerokim zakresie zastosowa\u0144, co czyni je idealnym wyborem dla bran\u017c takich jak warsztaty naprawcze maszyn, gospodarstwa rolne, energetyka i g\u00f3rnictwo, produkcja maszyn oraz fabryki maszyn. W warsztatach naprawczych maszyn u\u0142atwiaj\u0105 podnoszenie i manewrowanie ci\u0119\u017ckimi komponentami, umo\u017cliwiaj\u0105c technikom bezpieczne i wydajne wykonywanie napraw. W rolnictwie si\u0142owniki te zwi\u0119kszaj\u0105 funkcjonalno\u015b\u0107 maszyn, takich jak ci\u0105gniki, umo\u017cliwiaj\u0105c sprawne przemieszczanie materia\u0142\u00f3w. Sektory energetyczny i g\u00f3rniczy korzystaj\u0105 z solidnej wydajno\u015bci naszych si\u0142ownik\u00f3w hydraulicznych, kt\u00f3re wytrzymuj\u0105 trudne warunki ci\u0119\u017ckich zada\u0144. Ponadto, w \u015brodowiskach produkcyjnych, nasze si\u0142owniki wspieraj\u0105 r\u00f3\u017cnorodne procesy produkcyjne, zapewniaj\u0105c p\u0142ynny i efektywny przebieg operacji.<\/p>\n<p>Zapraszamy do naszego \u015bwiata i zapoznania si\u0119 z kunsztem wykonania naszych produkt\u00f3w. Zapraszamy do odwiedzenia naszej Fabryki VR, gdzie mo\u017cna zobaczy\u0107 na w\u0142asne oczy proces produkcji. Ta wirtualna wycieczka pozwoli Ci pozna\u0107 nasze zaanga\u017cowanie w jako\u015b\u0107 i innowacyjno\u015b\u0107, ukazuj\u0105c, jak wdra\u017camy nasze rozwi\u0105zania hydrauliczne w \u017cycie.<\/p>\n<h2>Si\u0142owniki hydrauliczne i agregaty nap\u0119dowe<\/h2>\n<p>Si\u0142owniki hydrauliczne i agregaty nap\u0119dowe s\u0105 integralnymi elementami ka\u017cdego uk\u0142adu hydraulicznego. Ich wsp\u00f3\u0142praca jest niezb\u0119dna dla powszechnego zastosowania technologii hydraulicznej w przemy\u015ble. Razem zapewniaj\u0105 niezawodne zasilanie i sterowanie dla r\u00f3\u017cnorodnych urz\u0105dze\u0144 in\u017cynieryjnych i mechanicznych. Si\u0142ownik hydrauliczny dzia\u0142a jako si\u0142ownik, przekszta\u0142caj\u0105c energi\u0119 hydrauliczn\u0105 w ruch mechaniczny, natomiast agregat nap\u0119dowy stanowi \u017ar\u00f3d\u0142o energii, dostarczaj\u0105c niezb\u0119dne ci\u015bnienie i sygna\u0142y steruj\u0105ce.<\/p>\n<p>W FMP oferujemy r\u00f3wnie\u017c wyb\u00f3r agregat\u00f3w hydraulicznych na sprzeda\u017c, dzi\u0119ki czemu jeste\u015bmy kompleksowym rozwi\u0105zaniem dla wszystkich potrzeb hydraulicznych. Nasze zaanga\u017cowanie w dostarczanie wysokiej jako\u015bci rozwi\u0105za\u0144 hydraulicznych gwarantuje, \u017ce mo\u017cesz na nas polega\u0107 zar\u00f3wno w zakresie cylindr\u00f3w, jak i agregat\u00f3w, usprawniaj\u0105c swoj\u0105 dzia\u0142alno\u015b\u0107 i zwi\u0119kszaj\u0105c produktywno\u015b\u0107. Dzi\u0119ki naszej szerokiej ofercie produkt\u00f3w, jeste\u015bmy w stanie sprosta\u0107 zr\u00f3\u017cnicowanym potrzebom naszych klient\u00f3w z r\u00f3\u017cnych bran\u017c.<\/p>\n<p><img loading=\"lazy\" decoding=\"async\" class=\"alignnone wp-image-6663\" src=\"https:\/\/fmp-components.com\/wp-content\/uploads\/2025\/03\/telescopic-hydraulic-cylinder-11.webp\" alt=\"si\u0142ownik hydrauliczny teleskopowy\" width=\"941\" height=\"941\" title=\"\" srcset=\"https:\/\/fmp-components.com\/wp-content\/uploads\/2025\/03\/telescopic-hydraulic-cylinder-11.webp 941w, https:\/\/fmp-components.com\/wp-content\/uploads\/2025\/03\/telescopic-hydraulic-cylinder-11-480x480.webp 480w\" sizes=\"(min-width: 0px) and (max-width: 480px) 480px, (min-width: 481px) 941px, 100vw\" \/><\/p>\n<h2>Cz\u0119sto zadawane pytania<\/h2>\n<p><b>P: Czy jeste\u015b firm\u0105 handlow\u0105 lub produkcyjn\u0105?<\/b><br \/>\nA: Jeste\u015bmy producentem z siedzib\u0105 we W\u0142oszech.<\/p>\n<p><b>P: Jaki jest czas dostawy cylindr\u00f3w hydraulicznych?<\/b><br \/>\nA: Zazwyczaj trwa to 25\u201335 dni.<\/p>\n<p><b>P: Czy dostarczacie pr\u00f3bki?<\/b><br \/>\nA: Tak, udost\u0119pniamy pr\u00f3bki, ale nie s\u0105 one darmowe.<\/p>\n<h3>O FMP<\/h3>\n<p>FMP to czo\u0142owy w\u0142oski producent, znany ze swojego do\u015bwiadczenia w projektowaniu, rozwoju i produkcji wysokiej jako\u015bci cylindr\u00f3w hydraulicznych. Dzi\u0119ki bogatemu dziedzictwu budowanemu przez dziesi\u0119ciolecia, \u0142\u0105czymy tradycyjne w\u0142oskie rzemios\u0142o z najnowocze\u015bniejsz\u0105 technologi\u0105, aby tworzy\u0107 wyj\u0105tkowe rozwi\u0105zania hydrauliczne, kt\u00f3re zaspokajaj\u0105 zr\u00f3\u017cnicowane potrzeby naszych globalnych klient\u00f3w. Maj\u0105c siedzib\u0119 we W\u0142oszech, w centrum doskona\u0142o\u015bci in\u017cynieryjnej, FMP ugruntowa\u0142o swoj\u0105 pozycj\u0119 jako zaufana nazwa w bran\u017cy hydraulicznej, po\u015bwi\u0119caj\u0105c si\u0119 dostarczaniu niezawodnych, trwa\u0142ych i innowacyjnych produkt\u00f3w, kt\u00f3re wzmacniaj\u0105 firmy na ca\u0142ym \u015bwiecie.<\/p>\n<p>Nasza firma \u0142\u0105czy zaawansowane tradycje produkcyjne z post\u0119powym nastawieniem. Wykorzystuj\u0105c nasze bogate do\u015bwiadczenie w systemach hydraulicznych, FMP przekszta\u0142ci\u0142o si\u0119 w nowoczesne przedsi\u0119biorstwo, kt\u00f3re wyr\u00f3\u017cnia si\u0119 w badaniach, projektowaniu i produkcji. Oferujemy kompleksow\u0105 gam\u0119 cylindr\u00f3w hydraulicznych, w tym cylindry dwustronnego dzia\u0142ania, cylindry podnosz\u0105ce do samochod\u00f3w, cylindry do maszyn rolniczych i rozwi\u0105zania projektowane na zam\u00f3wienie, dostosowane do r\u00f3\u017cnych zastosowa\u0144 przemys\u0142owych. Niezale\u017cnie od tego, czy chodzi o budownictwo, instalacje przemys\u0142owe, rolnictwo czy ci\u0119\u017cki sprz\u0119t, nasze cylindry hydrauliczne s\u0105 zaprojektowane tak, aby dzia\u0142a\u0107 w najbardziej wymagaj\u0105cych warunkach, zapewniaj\u0105c bezpiecze\u0144stwo, wydajno\u015b\u0107 i d\u0142ugowieczno\u015b\u0107.<\/p>\n<p>W FMP jeste\u015bmy dumni z naszych najnowocze\u015bniejszych zak\u0142ad\u00f3w produkcyjnych, wyposa\u017conych w precyzyjne maszyny i zaawansowane systemy testowe. Nasze procesy produkcyjne s\u0105 zgodne z rygorystycznymi normami krajowymi i mi\u0119dzynarodowymi, co zapewnia, \u017ce ka\u017cdy wyprodukowany cylinder hydrauliczny spe\u0142nia najwy\u017csze standardy jako\u015bci i niezawodno\u015bci. Nasz wykwalifikowany zesp\u00f3\u0142 techniczny w po\u0142\u0105czeniu z zaawansowanym sprz\u0119tem pozwala nam zachowa\u0107 \u015bcis\u0142\u0105 kontrol\u0119 jako\u015bci na ka\u017cdym etapie produkcji \u2014 od wyboru surowca po ko\u0144cow\u0105 kontrol\u0119. To zaanga\u017cowanie w doskona\u0142o\u015b\u0107 przynios\u0142o nam certyfikaty i wyr\u00f3\u017cnienia od autorytet\u00f3w bran\u017cowych, wzmacniaj\u0105c nasz\u0105 reputacj\u0119 niezawodnego partnera.<\/p>\n<p><img loading=\"lazy\" decoding=\"async\" class=\"alignnone size-full wp-image-6720\" src=\"https:\/\/fmp-components.com\/wp-content\/uploads\/2025\/03\/hydraulic-cylinder-8.webp\" alt=\"Si\u0142owniki hydrauliczne teleskopowe\" width=\"933\" height=\"526\" title=\"\" srcset=\"https:\/\/fmp-components.com\/wp-content\/uploads\/2025\/03\/hydraulic-cylinder-8.webp 933w, https:\/\/fmp-components.com\/wp-content\/uploads\/2025\/03\/hydraulic-cylinder-8-480x271.webp 480w\" sizes=\"(min-width: 0px) and (max-width: 480px) 480px, (min-width: 481px) 933px, 100vw\" \/><\/p>\n<p>Nasza misja jest prosta, ale ambitna: dostarcza\u0107 naszym klientom cylindry hydrauliczne, kt\u00f3re przewy\u017cszaj\u0105 oczekiwania pod wzgl\u0119dem wydajno\u015bci, trwa\u0142o\u015bci i warto\u015bci. Dzia\u0142amy na fundamencie profesjonalizmu, uczciwo\u015bci i skupienia na kliencie. Poprzez piel\u0119gnowanie kultury innowacji i precyzji nieustannie ulepszamy nasze produkty, aby utrzyma\u0107 przewag\u0119 konkurencyjn\u0105 na rynku. Nasza szeroka gama produkt\u00f3w i zdolno\u015b\u0107 do oferowania dostosowanych rozwi\u0105za\u0144 sprawiaj\u0105, \u017ce jeste\u015bmy preferowanym wyborem dla firm poszukuj\u0105cych wysokowydajnych cylindr\u00f3w hydraulicznych.<\/p>\n<p>FMP to co\u015b wi\u0119cej ni\u017c tylko producent; jeste\u015bmy partnerem w Twoim sukcesie. Zdajemy sobie spraw\u0119, \u017ce nasi klienci polegaj\u0105 na nas, je\u015bli chodzi o dostarczanie narz\u0119dzi, kt\u00f3re zwi\u0119kszaj\u0105 ich produktywno\u015b\u0107 i bezpiecze\u0144stwo. Dlatego zobowi\u0105zujemy si\u0119 nie tylko do dostarczania produkt\u00f3w najwy\u017cszej jako\u015bci, ale tak\u017ce wyj\u0105tkowej obs\u0142ugi. Od wst\u0119pnej konsultacji po wsparcie posprzeda\u017cowe, \u015bci\u015ble wsp\u00f3\u0142pracujemy z naszymi klientami, aby zapewni\u0107, \u017ce ich potrzeby s\u0105 spe\u0142niane z profesjonalizmem i trosk\u0105. Nasze konkurencyjne ceny w po\u0142\u0105czeniu z naszym niezachwianym zaanga\u017cowaniem w jako\u015b\u0107 sprawiaj\u0105, \u017ce FMP jest m\u0105drym wyborem dla firm, kt\u00f3re chc\u0105 zainwestowa\u0107 w rozwi\u0105zania hydrauliczne, kt\u00f3rym mog\u0105 zaufa\u0107.<\/p>","protected":false},"excerpt":{"rendered":"<p>Factory 5 Stage Telescopic Hydraulic Cylinder Multistage Hydraulic Cylinder Introducing the 5 Stage Telescopic hydraulic cylinder From FMP, a Italian Factory renowned for its high-quality hydraulic cylinders. Crafted to perfection, this multistage hydraulic cylinder offers unparalleled efficiency and performance in various industries such as machinery repair shops, farms, energy &amp; mining, machinery manufacturing, and machinery [&hellip;]<\/p>","protected":false},"featured_media":6688,"comment_status":"closed","ping_status":"closed","template":"","meta":{"_et_pb_use_builder":"","_et_pb_old_content":"","_et_gb_content_width":""},"product_brand":[],"product_cat":[103],"product_tag":[34,105],"class_list":{"0":"post-6523","1":"product","2":"type-product","3":"status-publish","4":"has-post-thumbnail","6":"product_cat-telescopic-hydraulic-cylinders","7":"product_tag-hydraulic-cylinder","8":"product_tag-telescopic-hydraulic-cylinders","10":"first","11":"instock","12":"product-type-simple"},"_links":{"self":[{"href":"https:\/\/fmp-components.com\/pl\/wp-json\/wp\/v2\/product\/6523","targetHints":{"allow":["GET"]}}],"collection":[{"href":"https:\/\/fmp-components.com\/pl\/wp-json\/wp\/v2\/product"}],"about":[{"href":"https:\/\/fmp-components.com\/pl\/wp-json\/wp\/v2\/types\/product"}],"replies":[{"embeddable":true,"href":"https:\/\/fmp-components.com\/pl\/wp-json\/wp\/v2\/comments?post=6523"}],"wp:featuredmedia":[{"embeddable":true,"href":"https:\/\/fmp-components.com\/pl\/wp-json\/wp\/v2\/media\/6688"}],"wp:attachment":[{"href":"https:\/\/fmp-components.com\/pl\/wp-json\/wp\/v2\/media?parent=6523"}],"wp:term":[{"taxonomy":"product_brand","embeddable":true,"href":"https:\/\/fmp-components.com\/pl\/wp-json\/wp\/v2\/product_brand?post=6523"},{"taxonomy":"product_cat","embeddable":true,"href":"https:\/\/fmp-components.com\/pl\/wp-json\/wp\/v2\/product_cat?post=6523"},{"taxonomy":"product_tag","embeddable":true,"href":"https:\/\/fmp-components.com\/pl\/wp-json\/wp\/v2\/product_tag?post=6523"}],"curies":[{"name":"wp","href":"https:\/\/api.w.org\/{rel}","templated":true}]}}