{"id":6522,"date":"2025-03-11T06:26:57","date_gmt":"2025-03-11T06:26:57","guid":{"rendered":"https:\/\/fmp-components.com\/product\/factory-customized-2-stage-hydraulic-cylinder-small-dump-truck-multistage-hydraulic-cylinder"},"modified":"2025-03-12T01:10:20","modified_gmt":"2025-03-12T01:10:20","slug":"factory-customized-2-stage-hydraulic-cylinder-small-dump-truck-multistage-hydraulic-cylinder","status":"publish","type":"product","link":"https:\/\/fmp-components.com\/pl\/product\/factory-customized-2-stage-hydraulic-cylinder-small-dump-truck-multistage-hydraulic-cylinder\/","title":{"rendered":"Dwustopniowy si\u0142ownik hydrauliczny dostosowany fabrycznie do ma\u0142ych wywrotek, wielostopniowy si\u0142ownik hydrauliczny"},"content":{"rendered":"<h2>Dwustopniowy si\u0142ownik hydrauliczny dostosowany fabrycznie do ma\u0142ych wywrotek, wielostopniowy si\u0142ownik hydrauliczny<\/h2>\n<p>Odkryj niezwyk\u0142\u0105 wydajno\u015b\u0107 i trwa\u0142o\u015b\u0107 naszego fabrycznie dostosowanego dwustopniowego si\u0142ownika hydraulicznego. Zaprojektowany specjalnie do ma\u0142ych wywrotek i innych maszyn, ten wielostopniowy si\u0142ownik hydrauliczny oferuje niezr\u00f3wnan\u0105 wydajno\u015b\u0107 i niezawodno\u015b\u0107. Niezale\u017cnie od tego, czy pracujesz w bran\u017cy napraw maszyn, rolnictwie, energetyce i g\u00f3rnictwie, czy produkcji maszyn, nasz si\u0142ownik hydrauliczny przekroczy Twoje oczekiwania.<\/p>\n<h2>Specyfikacja produktu<\/h2>\n<p>Wk\u0142adamy wiele wysi\u0142ku i uwagi w proces projektowania i produkcji naszych cylindr\u00f3w hydraulicznych. Oto kluczowe parametry:<\/p>\n<table style=\"width: 100.555%;\" border=\"\">\n<tbody>\n<tr>\n<td style=\"width: 43.5028%;\"><i>\u015arednica otworu:<\/i><\/td>\n<td style=\"width: 488.136%;\">2-6 cali<\/td>\n<\/tr>\n<tr>\n<td style=\"width: 43.5028%;\"><i>Rozmiar pr\u0119ta:<\/i><\/td>\n<td style=\"width: 488.136%;\">1,125-4 cale<\/td>\n<\/tr>\n<tr>\n<td style=\"width: 43.5028%;\"><i>Rozmiar kreski:<\/i><\/td>\n<td style=\"width: 488.136%;\">4-100 cali<\/td>\n<\/tr>\n<tr>\n<td style=\"width: 43.5028%;\"><i>Rozmiar szpilki:<\/i><\/td>\n<td style=\"width: 488.136%;\">0,5-2 cale<\/td>\n<\/tr>\n<tr>\n<td style=\"width: 43.5028%;\"><i>Porty:<\/i><\/td>\n<td style=\"width: 488.136%;\">G\/SAE\/NPT\/M<\/td>\n<\/tr>\n<\/tbody>\n<\/table>\n<h2>Unikalne cechy i korzy\u015bci<\/h2>\n<p>Nasze cylindry hydrauliczne zosta\u0142y zaprojektowane z my\u015bl\u0105 o szeregu unikalnych cech, kt\u00f3re wyr\u00f3\u017cniaj\u0105 je na rynku. Jedn\u0105 z ich wyr\u00f3\u017cniaj\u0105cych cech jest energooszcz\u0119dno\u015b\u0107, kt\u00f3ra zapewnia minimalne straty energii podczas pracy, co przek\u0142ada si\u0119 na ni\u017csze koszty operacyjne i mniejszy wp\u0142yw na \u015brodowisko. Ponadto, cylindry te zosta\u0142y zaprojektowane z my\u015bl\u0105 o wysokiej wydajno\u015bci, zapewniaj\u0105c si\u0142\u0119 i pr\u0119dko\u015b\u0107 niezb\u0119dn\u0105 do precyzyjnego wykonywania nawet najbardziej wymagaj\u0105cych zada\u0144. Bezpiecze\u0144stwo jest r\u00f3wnie\u017c priorytetem; nasze cylindry hydrauliczne s\u0105 wyposa\u017cone w zaawansowane mechanizmy bezpiecze\u0144stwa, kt\u00f3re zapobiegaj\u0105 nadmiernemu ci\u015bnieniu i gwarantuj\u0105 niezawodn\u0105 prac\u0119 w r\u00f3\u017cnych warunkach.<\/p>\n<p>Te cylindry hydrauliczne s\u0105 zaprojektowane tak, aby wytrzyma\u0107 najtrudniejsze warunki, dzi\u0119ki trwa\u0142ym materia\u0142om i solidnej konstrukcji, kt\u00f3re zwi\u0119kszaj\u0105 ich \u017cywotno\u015b\u0107 i wydajno\u015b\u0107. Niezale\u017cnie od tego, czy pracuj\u0105 w ekstremalnych temperaturach, przy du\u017cych obci\u0105\u017ceniach, czy w trudnych warunkach, nasze cylindry hydrauliczne s\u0105 trwa\u0142e, zapewniaj\u0105c sta\u0142e rezultaty i minimalizuj\u0105c przestoje. To po\u0142\u0105czenie energooszcz\u0119dno\u015bci, wysokiej wydajno\u015bci i bezpiecze\u0144stwa sprawia, \u017ce \u200b\u200bnasze cylindry hydrauliczne stanowi\u0105 cenn\u0105 inwestycj\u0119 dla ka\u017cdej bran\u017cy.<\/p>\n<p><img loading=\"lazy\" decoding=\"async\" class=\"alignnone  wp-image-6665\" src=\"https:\/\/fmp-components.com\/wp-content\/uploads\/2025\/03\/telescopic-hydraulic-cylinder-9.webp\" alt=\"si\u0142ownik hydrauliczny teleskopowy\" width=\"916\" height=\"916\" title=\"\" srcset=\"https:\/\/fmp-components.com\/wp-content\/uploads\/2025\/03\/telescopic-hydraulic-cylinder-9.webp 916w, https:\/\/fmp-components.com\/wp-content\/uploads\/2025\/03\/telescopic-hydraulic-cylinder-9-480x480.webp 480w\" sizes=\"(min-width: 0px) and (max-width: 480px) 480px, (min-width: 481px) 916px, 100vw\" \/><\/p>\n<h3>Uk\u0142ady hydrauliczne i zasady dzia\u0142ania<\/h3>\n<p>Uk\u0142ady hydrauliczne dzia\u0142aj\u0105 w oparciu o fundamentaln\u0105 zasad\u0119 wykorzystania si\u0142y ci\u015bnienia cieczy. W naszych cylindrach hydraulicznych t\u0142ok jest nap\u0119dzany ci\u015bnieniem cieczy hydraulicznej pompowanej do cylindra. Wp\u0142ywaj\u0105ca ciecz wywiera nacisk na t\u0142ok, powoduj\u0105c jego ruch. Ruch ten jest nast\u0119pnie skutecznie przenoszony na pod\u0142\u0105czone maszyny, zapewniaj\u0105c niezb\u0119dn\u0105 moc do wykonywania szerokiej gamy zada\u0144. Wykorzystuj\u0105c ci\u015bnienie cieczy, uk\u0142ady hydrauliczne mog\u0105 generowa\u0107 znaczn\u0105 si\u0142\u0119 i umo\u017cliwia\u0107 p\u0142ynny, kontrolowany ruch, co czyni je niezb\u0119dnymi w zastosowaniach od maszyn budowlanych po procesy produkcyjne.<\/p>\n<h2>Si\u0142owniki hydrauliczne i agregaty nap\u0119dowe<\/h2>\n<p>Si\u0142owniki hydrauliczne i agregaty nap\u0119dowe s\u0105 integralnymi elementami uk\u0142ad\u00f3w hydraulicznych, wsp\u00f3\u0142pracuj\u0105c ze sob\u0105, aby zapewni\u0107 efektywne zastosowanie technologii hydraulicznej w r\u00f3\u017cnych bran\u017cach. Si\u0142ownik hydrauliczny dzia\u0142a jako si\u0142ownik, przekszta\u0142caj\u0105c energi\u0119 hydrauliczn\u0105 w ruch mechaniczny, natomiast agregat nap\u0119dowy stanowi serce systemu, dostarczaj\u0105c spr\u0119\u017cony p\u0142yn, kt\u00f3ry nap\u0119dza dzia\u0142anie si\u0142ownika. Razem zapewniaj\u0105 niezawodne zasilanie i sterowanie dla szerokiej gamy urz\u0105dze\u0144 in\u017cynieryjnych i mechanicznych.<\/p>\n<p>W FMP zdajemy sobie spraw\u0119 z kluczowej roli, jak\u0105 te komponenty odgrywaj\u0105 w zwi\u0119kszaniu wydajno\u015bci operacyjnej. Dlatego oferujemy r\u00f3wnie\u017c szeroki wyb\u00f3r agregat\u00f3w pr\u0105dotw\u00f3rczych, zapewniaj\u0105c kompleksowe rozwi\u0105zanie dla wszystkich potrzeb w zakresie uk\u0142ad\u00f3w hydraulicznych. Nasze zaanga\u017cowanie w jako\u015b\u0107 i wydajno\u015b\u0107 oznacza, \u017ce \u200b\u200bmo\u017cesz mie\u0107 pewno\u015b\u0107, \u017ce nasze produkty zapewni\u0105 niezawodno\u015b\u0107 i efektywno\u015b\u0107 niezb\u0119dn\u0105 w Twojej dzia\u0142alno\u015bci, niezale\u017cnie od bran\u017cy czy zastosowania.<\/p>\n<h2>Cz\u0119sto zadawane pytania<\/h2>\n<p><b>P: Czy jeste\u015b firm\u0105 handlow\u0105 czy produkcyjn\u0105?<\/b><br \/>\nA: Jeste\u015bmy fabryk\u0105.<\/p>\n<p><b>P: Jak d\u0142ugi jest czas dostawy?<\/b><br \/>\nA: Zazwyczaj jest to 25\u201335 dni.<\/p>\n<p><b>P: Czy dostarczacie pr\u00f3bki? Czy s\u0105 darmowe czy dodatkowe?<\/b><br \/>\nO: Tak, mogliby\u015bmy zaoferowa\u0107 pr\u00f3bk\u0119, ale nie jest ona darmowa.<\/p>\n<p><img loading=\"lazy\" decoding=\"async\" class=\"alignnone  wp-image-6717\" src=\"https:\/\/fmp-components.com\/wp-content\/uploads\/2025\/03\/hydraulic-cylinder-211.webp\" alt=\"Si\u0142owniki hydrauliczne\" width=\"910\" height=\"912\" title=\"\" srcset=\"https:\/\/fmp-components.com\/wp-content\/uploads\/2025\/03\/hydraulic-cylinder-211.webp 910w, https:\/\/fmp-components.com\/wp-content\/uploads\/2025\/03\/hydraulic-cylinder-211-480x481.webp 480w\" sizes=\"(min-width: 0px) and (max-width: 480px) 480px, (min-width: 481px) 910px, 100vw\" \/><\/p>\n<h3>O FMP<\/h3>\n<p>FMP to czo\u0142owy w\u0142oski producent, znany ze swojego do\u015bwiadczenia w projektowaniu, rozwoju i produkcji wysokiej jako\u015bci cylindr\u00f3w hydraulicznych. Dzi\u0119ki bogatemu dziedzictwu budowanemu przez dziesi\u0119ciolecia, \u0142\u0105czymy tradycyjne w\u0142oskie rzemios\u0142o z najnowocze\u015bniejsz\u0105 technologi\u0105, aby tworzy\u0107 wyj\u0105tkowe rozwi\u0105zania hydrauliczne, kt\u00f3re zaspokajaj\u0105 zr\u00f3\u017cnicowane potrzeby naszych globalnych klient\u00f3w. Maj\u0105c siedzib\u0119 we W\u0142oszech, w centrum doskona\u0142o\u015bci in\u017cynieryjnej, FMP ugruntowa\u0142o swoj\u0105 pozycj\u0119 jako zaufana nazwa w bran\u017cy hydraulicznej, po\u015bwi\u0119caj\u0105c si\u0119 dostarczaniu niezawodnych, trwa\u0142ych i innowacyjnych produkt\u00f3w, kt\u00f3re wzmacniaj\u0105 firmy na ca\u0142ym \u015bwiecie.<\/p>\n<p>Nasza firma \u0142\u0105czy zaawansowane tradycje produkcyjne z post\u0119powym nastawieniem. Wykorzystuj\u0105c nasze bogate do\u015bwiadczenie w systemach hydraulicznych, FMP przekszta\u0142ci\u0142o si\u0119 w nowoczesne przedsi\u0119biorstwo, kt\u00f3re wyr\u00f3\u017cnia si\u0119 w badaniach, projektowaniu i produkcji. Oferujemy kompleksow\u0105 gam\u0119 cylindr\u00f3w hydraulicznych, w tym cylindry dwustronnego dzia\u0142ania, cylindry podnosz\u0105ce do samochod\u00f3w, cylindry do maszyn rolniczych i rozwi\u0105zania projektowane na zam\u00f3wienie, dostosowane do r\u00f3\u017cnych zastosowa\u0144 przemys\u0142owych. Niezale\u017cnie od tego, czy chodzi o budownictwo, instalacje przemys\u0142owe, rolnictwo czy ci\u0119\u017cki sprz\u0119t, nasze cylindry hydrauliczne s\u0105 zaprojektowane tak, aby dzia\u0142a\u0107 w najbardziej wymagaj\u0105cych warunkach, zapewniaj\u0105c bezpiecze\u0144stwo, wydajno\u015b\u0107 i d\u0142ugowieczno\u015b\u0107.<\/p>\n<p>W FMP jeste\u015bmy dumni z naszych najnowocze\u015bniejszych zak\u0142ad\u00f3w produkcyjnych, wyposa\u017conych w precyzyjne maszyny i zaawansowane systemy testowe. Nasze procesy produkcyjne s\u0105 zgodne z rygorystycznymi normami krajowymi i mi\u0119dzynarodowymi, co zapewnia, \u017ce ka\u017cdy wyprodukowany cylinder hydrauliczny spe\u0142nia najwy\u017csze standardy jako\u015bci i niezawodno\u015bci. Nasz wykwalifikowany zesp\u00f3\u0142 techniczny w po\u0142\u0105czeniu z zaawansowanym sprz\u0119tem pozwala nam zachowa\u0107 \u015bcis\u0142\u0105 kontrol\u0119 jako\u015bci na ka\u017cdym etapie produkcji \u2014 od wyboru surowca po ko\u0144cow\u0105 kontrol\u0119. To zaanga\u017cowanie w doskona\u0142o\u015b\u0107 przynios\u0142o nam certyfikaty i wyr\u00f3\u017cnienia od autorytet\u00f3w bran\u017cowych, wzmacniaj\u0105c nasz\u0105 reputacj\u0119 niezawodnego partnera.<\/p>\n<p><img loading=\"lazy\" decoding=\"async\" class=\"alignnone size-full wp-image-6720\" src=\"https:\/\/fmp-components.com\/wp-content\/uploads\/2025\/03\/hydraulic-cylinder-8.webp\" alt=\"Si\u0142owniki hydrauliczne teleskopowe\" width=\"933\" height=\"526\" title=\"\" srcset=\"https:\/\/fmp-components.com\/wp-content\/uploads\/2025\/03\/hydraulic-cylinder-8.webp 933w, https:\/\/fmp-components.com\/wp-content\/uploads\/2025\/03\/hydraulic-cylinder-8-480x271.webp 480w\" sizes=\"(min-width: 0px) and (max-width: 480px) 480px, (min-width: 481px) 933px, 100vw\" \/><\/p>\n<p>Nasza misja jest prosta, ale ambitna: dostarcza\u0107 naszym klientom cylindry hydrauliczne, kt\u00f3re przewy\u017cszaj\u0105 oczekiwania pod wzgl\u0119dem wydajno\u015bci, trwa\u0142o\u015bci i warto\u015bci. Dzia\u0142amy na fundamencie profesjonalizmu, uczciwo\u015bci i skupienia na kliencie. Poprzez piel\u0119gnowanie kultury innowacji i precyzji nieustannie ulepszamy nasze produkty, aby utrzyma\u0107 przewag\u0119 konkurencyjn\u0105 na rynku. Nasza szeroka gama produkt\u00f3w i zdolno\u015b\u0107 do oferowania dostosowanych rozwi\u0105za\u0144 sprawiaj\u0105, \u017ce jeste\u015bmy preferowanym wyborem dla firm poszukuj\u0105cych wysokowydajnych cylindr\u00f3w hydraulicznych.<\/p>\n<p>FMP to co\u015b wi\u0119cej ni\u017c tylko producent; jeste\u015bmy partnerem w Twoim sukcesie. Zdajemy sobie spraw\u0119, \u017ce nasi klienci polegaj\u0105 na nas, je\u015bli chodzi o dostarczanie narz\u0119dzi, kt\u00f3re zwi\u0119kszaj\u0105 ich produktywno\u015b\u0107 i bezpiecze\u0144stwo. Dlatego zobowi\u0105zujemy si\u0119 nie tylko do dostarczania produkt\u00f3w najwy\u017cszej jako\u015bci, ale tak\u017ce wyj\u0105tkowej obs\u0142ugi. Od wst\u0119pnej konsultacji po wsparcie posprzeda\u017cowe, \u015bci\u015ble wsp\u00f3\u0142pracujemy z naszymi klientami, aby zapewni\u0107, \u017ce ich potrzeby s\u0105 spe\u0142niane z profesjonalizmem i trosk\u0105. Nasze konkurencyjne ceny w po\u0142\u0105czeniu z naszym niezachwianym zaanga\u017cowaniem w jako\u015b\u0107 sprawiaj\u0105, \u017ce FMP jest m\u0105drym wyborem dla firm, kt\u00f3re chc\u0105 zainwestowa\u0107 w rozwi\u0105zania hydrauliczne, kt\u00f3rym mog\u0105 zaufa\u0107.<\/p>","protected":false},"excerpt":{"rendered":"<p>Factory Customized 2 Stage Hydraulic Cylinder Small Dump Truck Multistage Hydraulic Cylinder Discover the remarkable efficiency and durability of our Factory Customized 2 Stage Hydraulic Cylinder. Designed specifically for small dump trucks and other machinery, this multistage hydraulic cylinder offers unmatched performance and reliability. Whether you work in machinery repair, farming, energy &amp; mining, or [&hellip;]<\/p>","protected":false},"featured_media":6690,"comment_status":"closed","ping_status":"closed","template":"","meta":{"_et_pb_use_builder":"","_et_pb_old_content":"","_et_gb_content_width":""},"product_brand":[],"product_cat":[103],"product_tag":[34,105],"class_list":{"0":"post-6522","1":"product","2":"type-product","3":"status-publish","4":"has-post-thumbnail","6":"product_cat-telescopic-hydraulic-cylinders","7":"product_tag-hydraulic-cylinder","8":"product_tag-telescopic-hydraulic-cylinders","10":"first","11":"instock","12":"product-type-simple"},"_links":{"self":[{"href":"https:\/\/fmp-components.com\/pl\/wp-json\/wp\/v2\/product\/6522","targetHints":{"allow":["GET"]}}],"collection":[{"href":"https:\/\/fmp-components.com\/pl\/wp-json\/wp\/v2\/product"}],"about":[{"href":"https:\/\/fmp-components.com\/pl\/wp-json\/wp\/v2\/types\/product"}],"replies":[{"embeddable":true,"href":"https:\/\/fmp-components.com\/pl\/wp-json\/wp\/v2\/comments?post=6522"}],"wp:featuredmedia":[{"embeddable":true,"href":"https:\/\/fmp-components.com\/pl\/wp-json\/wp\/v2\/media\/6690"}],"wp:attachment":[{"href":"https:\/\/fmp-components.com\/pl\/wp-json\/wp\/v2\/media?parent=6522"}],"wp:term":[{"taxonomy":"product_brand","embeddable":true,"href":"https:\/\/fmp-components.com\/pl\/wp-json\/wp\/v2\/product_brand?post=6522"},{"taxonomy":"product_cat","embeddable":true,"href":"https:\/\/fmp-components.com\/pl\/wp-json\/wp\/v2\/product_cat?post=6522"},{"taxonomy":"product_tag","embeddable":true,"href":"https:\/\/fmp-components.com\/pl\/wp-json\/wp\/v2\/product_tag?post=6522"}],"curies":[{"name":"wp","href":"https:\/\/api.w.org\/{rel}","templated":true}]}}