{"id":6521,"date":"2025-03-11T06:26:57","date_gmt":"2025-03-11T06:26:57","guid":{"rendered":"https:\/\/fmp-components.com\/product\/excellent-quality-small-dump-truck-hydraulic-hoist-cylinder-telescopic-hydraulic-cylinder"},"modified":"2025-03-20T00:46:54","modified_gmt":"2025-03-20T00:46:54","slug":"excellent-quality-small-dump-truck-hydraulic-hoist-cylinder-telescopic-hydraulic-cylinder","status":"publish","type":"product","link":"https:\/\/fmp-components.com\/pl\/product\/excellent-quality-small-dump-truck-hydraulic-hoist-cylinder-telescopic-hydraulic-cylinder\/","title":{"rendered":"Wysokiej jako\u015bci ma\u0142y hydrauliczny si\u0142ownik podno\u015bnika do wywrotki, teleskopowy si\u0142ownik hydrauliczny"},"content":{"rendered":"<h2>Wysokiej jako\u015bci ma\u0142y hydrauliczny si\u0142ownik podno\u015bnika do wywrotki, teleskopowy si\u0142ownik hydrauliczny<\/h2>\n<p>Nasz si\u0142ownik hydrauliczny to wysokiej jako\u015bci si\u0142ownik hydrauliczny do ma\u0142ych wywrotek, podno\u015bnik\u00f3w i teleskopowych si\u0142ownik\u00f3w hydraulicznych. To nowy produkt z 2025 roku, zaprojektowany z my\u015bl\u0105 o doskona\u0142ej wydajno\u015bci w warsztatach naprawczych maszyn, gospodarstwach rolnych, przemy\u015ble energetycznym i g\u00f3rniczym, a tak\u017ce w produkcji maszyn i fabrykach.<\/p>\n<h2>Funkcje i specyfikacje<\/h2>\n<p>Si\u0142ownik hydrauliczny jest standardowy, z konstrukcj\u0105 t\u0142okow\u0105 i nap\u0119dzany hydraulicznie. Wykonany jest z wytrzyma\u0142ej stali i ma kolor czarny. Jego maksymalna si\u0142a ci\u0105gu wynosi 3000 i mo\u017ce uci\u0105gn\u0105\u0107 do 20 ton.<\/p>\n<h3>Parametry techniczne<\/h3>\n<table style=\"width: 100.836%;\" border=\"\">\n<tbody>\n<tr>\n<td style=\"width: 42.9379%;\"><i>Rozmiar otworu<\/i><\/td>\n<td style=\"width: 478.531%;\">2-6 cali<\/td>\n<\/tr>\n<tr>\n<td style=\"width: 42.9379%;\"><i>Rozmiar pr\u0119ta<\/i><\/td>\n<td style=\"width: 478.531%;\">1,125-4 cale<\/td>\n<\/tr>\n<tr>\n<td style=\"width: 42.9379%;\"><i>Rozmiar poci\u0105gni\u0119cia<\/i><\/td>\n<td style=\"width: 478.531%;\">4-100 cali<\/td>\n<\/tr>\n<tr>\n<td style=\"width: 42.9379%;\"><i>Rozmiar szpilki<\/i><\/td>\n<td style=\"width: 478.531%;\">0,5-2 cale<\/td>\n<\/tr>\n<tr>\n<td style=\"width: 42.9379%;\"><i>Porty<\/i><\/td>\n<td style=\"width: 478.531%;\">G\/SAE\/NPT\/M<\/td>\n<\/tr>\n<\/tbody>\n<\/table>\n<h3>Unikalne cechy i zalety<\/h3>\n<ul>\n<li>Energooszcz\u0119dny<\/li>\n<li>Wysoce skuteczny<\/li>\n<li>Bezpieczny w u\u017cyciu<\/li>\n<\/ul>\n<h2>Zrozumienie uk\u0142adu hydraulicznego i zasady jego dzia\u0142ania<\/h2>\n<p>Uk\u0142ad hydrauliczny dzia\u0142a w oparciu o fundamentaln\u0105 zasad\u0119 dzia\u0142ania uk\u0142adu hydraulicznego, wykorzystuj\u0105c si\u0142\u0119 generowan\u0105 przez spr\u0119\u017cony p\u0142yn do wytwarzania, kontrolowania i efektywnego przekazywania mocy. System ten wykorzystuje nie\u015bci\u015bliwo\u015b\u0107 p\u0142yn\u00f3w, umo\u017cliwiaj\u0105c efektywne przenoszenie si\u0142y na du\u017ce odleg\u0142o\u015bci. Si\u0142ownik hydrauliczny jest kluczowym elementem tego systemu, poniewa\u017c pe\u0142ni zasadnicz\u0105 funkcj\u0119 przekszta\u0142cania energii hydraulicznej w u\u017cyteczn\u0105 prac\u0119 mechaniczn\u0105. Wykorzystuj\u0105c ci\u015bnienie p\u0142ynu hydraulicznego, si\u0142ownik generuje si\u0142\u0119 liniow\u0105 i ruch, umo\u017cliwiaj\u0105c wykonywanie r\u00f3\u017cnych zada\u0144 mechanicznych z precyzj\u0105 i si\u0142\u0105. Ta w\u0142a\u015bciwo\u015b\u0107 sprawia, \u017ce \u200b\u200buk\u0142ady hydrauliczne idealnie nadaj\u0105 si\u0119 do zastosowa\u0144 wymagaj\u0105cych du\u017cej mocy i kontroli, zwi\u0119kszaj\u0105c wydajno\u015b\u0107 w wielu sektorach.<\/p>\n<p><img loading=\"lazy\" decoding=\"async\" class=\"alignnone wp-image-6656\" src=\"https:\/\/fmp-components.com\/wp-content\/uploads\/2025\/03\/telescopic-hydraulic-cylinder-5.webp\" alt=\"si\u0142ownik hydrauliczny teleskopowy\" width=\"928\" height=\"928\" title=\"\" srcset=\"https:\/\/fmp-components.com\/wp-content\/uploads\/2025\/03\/telescopic-hydraulic-cylinder-5.webp 928w, https:\/\/fmp-components.com\/wp-content\/uploads\/2025\/03\/telescopic-hydraulic-cylinder-5-480x480.webp 480w\" sizes=\"(min-width: 0px) and (max-width: 480px) 480px, (min-width: 481px) 928px, 100vw\" \/><\/p>\n<h2>Zastosowania cylindr\u00f3w hydraulicznych<\/h2>\n<p>Si\u0142owniki hydrauliczne znajduj\u0105 szerokie zastosowanie w r\u00f3\u017cnych bran\u017cach, co \u015bwiadczy o ich wszechstronno\u015bci i skuteczno\u015bci. W warsztatach naprawczych maszyn odgrywaj\u0105 kluczow\u0105 rol\u0119 w podnoszeniu i manewrowaniu ci\u0119\u017ckim sprz\u0119tem, umo\u017cliwiaj\u0105c technikom bezpieczne i wydajne przeprowadzanie konserwacji i napraw. W rolnictwie si\u0142owniki hydrauliczne zwi\u0119kszaj\u0105 funkcjonalno\u015b\u0107 r\u00f3\u017cnych maszyn rolniczych, takich jak ci\u0105gniki i kombajny, umo\u017cliwiaj\u0105c efektywne przemieszczanie plon\u00f3w i materia\u0142\u00f3w. Sektor energetyczny i g\u00f3rniczy r\u00f3wnie\u017c wykorzystuj\u0105 si\u0142owniki hydrauliczne ze wzgl\u0119du na ich solidn\u0105 wydajno\u015b\u0107 w trudnych warunkach, u\u0142atwiaj\u0105c takie zadania, jak podnoszenie ci\u0119\u017ckich \u0142adunk\u00f3w i obs\u0142uga maszyn w trudnych warunkach. Ponadto, w produkcji maszyn i fabrykach maszyn, si\u0142owniki te odgrywaj\u0105 kluczow\u0105 rol\u0119 na liniach monta\u017cowych i w procesach produkcyjnych, zapewniaj\u0105c p\u0142ynn\u0105 prac\u0119 i wysok\u0105 wydajno\u015b\u0107.<\/p>\n<h2>Si\u0142owniki hydrauliczne i agregaty nap\u0119dowe<\/h2>\n<p>Si\u0142owniki hydrauliczne i agregaty nap\u0119dowe s\u0105 niezb\u0119dnymi elementami uk\u0142ad\u00f3w hydraulicznych, wsp\u00f3\u0142pracuj\u0105c ze sob\u0105, aby zapewni\u0107 efektywne zastosowanie technologii hydraulicznej w zastosowaniach przemys\u0142owych. Si\u0142ownik hydrauliczny dzia\u0142a jako si\u0142ownik, kt\u00f3ry przekszta\u0142ca energi\u0119 hydrauliczn\u0105 w ruch mechaniczny, natomiast agregat nap\u0119dowy stanowi \u017ar\u00f3d\u0142o p\u0142ynu hydraulicznego, generuj\u0105c i reguluj\u0105c ci\u015bnienie niezb\u0119dne do dzia\u0142ania si\u0142ownika. Razem zapewniaj\u0105 niezawodne zasilanie i sterowanie dla szerokiej gamy urz\u0105dze\u0144 in\u017cynieryjnych i mechanicznych.<\/p>\n<p>W FMP rozumiemy znaczenie tych komponent\u00f3w w tworzeniu wydajnych system\u00f3w hydraulicznych, dlatego oferujemy r\u00f3wnie\u017c szeroki wyb\u00f3r agregat\u00f3w. Dostarczaj\u0105c zar\u00f3wno si\u0142owniki hydrauliczne, jak i agregaty, pozycjonujemy si\u0119 jako kompleksowe rozwi\u0105zanie dla wszystkich potrzeb hydraulicznych. Nasze zaanga\u017cowanie w dostarczanie wysokiej jako\u015bci produkt\u00f3w gwarantuje, \u017ce mo\u017cesz zaufa\u0107 naszym rozwi\u0105zaniom, kt\u00f3re zwi\u0119ksz\u0105 wydajno\u015b\u0107 i niezawodno\u015b\u0107 Twoich operacji, niezale\u017cnie od bran\u017cy i zastosowania.<\/p>\n<p><img loading=\"lazy\" decoding=\"async\" class=\"alignnone wp-image-6657\" src=\"https:\/\/fmp-components.com\/wp-content\/uploads\/2025\/03\/telescopic-hydraulic-cylinder-3.webp\" alt=\"si\u0142ownik hydrauliczny teleskopowy\" width=\"933\" height=\"933\" title=\"\" srcset=\"https:\/\/fmp-components.com\/wp-content\/uploads\/2025\/03\/telescopic-hydraulic-cylinder-3.webp 933w, https:\/\/fmp-components.com\/wp-content\/uploads\/2025\/03\/telescopic-hydraulic-cylinder-3-480x480.webp 480w\" sizes=\"(min-width: 0px) and (max-width: 480px) 480px, (min-width: 481px) 933px, 100vw\" \/><\/p>\n<h3>Cz\u0119sto zadawane pytania<\/h3>\n<p>P: Czy jeste\u015b firm\u0105 handlow\u0105 lub produkcyjn\u0105?<br \/>\nA: Nasza fabryka mie\u015bci si\u0119 we W\u0142oszech.<\/p>\n<p>P: Jaki jest czas dostawy?<br \/>\nA: Zazwyczaj trwa to 25\u201335 dni.<\/p>\n<p>P: Czy dostarczacie pr\u00f3bki?<br \/>\nA: Tak, udost\u0119pniamy pr\u00f3bki, ale nie s\u0105 one darmowe.<\/p>\n<h3>O FMP<\/h3>\n<p>FMP to czo\u0142owy w\u0142oski producent, znany ze swojego do\u015bwiadczenia w projektowaniu, rozwoju i produkcji wysokiej jako\u015bci cylindr\u00f3w hydraulicznych. Dzi\u0119ki bogatemu dziedzictwu budowanemu przez dziesi\u0119ciolecia, \u0142\u0105czymy tradycyjne w\u0142oskie rzemios\u0142o z najnowocze\u015bniejsz\u0105 technologi\u0105, aby tworzy\u0107 wyj\u0105tkowe rozwi\u0105zania hydrauliczne, kt\u00f3re zaspokajaj\u0105 zr\u00f3\u017cnicowane potrzeby naszych globalnych klient\u00f3w. Maj\u0105c siedzib\u0119 we W\u0142oszech, w centrum doskona\u0142o\u015bci in\u017cynieryjnej, FMP ugruntowa\u0142o swoj\u0105 pozycj\u0119 jako zaufana nazwa w bran\u017cy hydraulicznej, po\u015bwi\u0119caj\u0105c si\u0119 dostarczaniu niezawodnych, trwa\u0142ych i innowacyjnych produkt\u00f3w, kt\u00f3re wzmacniaj\u0105 firmy na ca\u0142ym \u015bwiecie.<\/p>\n<p>Nasza firma \u0142\u0105czy zaawansowane tradycje produkcyjne z post\u0119powym nastawieniem. Wykorzystuj\u0105c nasze bogate do\u015bwiadczenie w systemach hydraulicznych, FMP przekszta\u0142ci\u0142o si\u0119 w nowoczesne przedsi\u0119biorstwo, kt\u00f3re wyr\u00f3\u017cnia si\u0119 w badaniach, projektowaniu i produkcji. Oferujemy kompleksow\u0105 gam\u0119 cylindr\u00f3w hydraulicznych, w tym cylindry dwustronnego dzia\u0142ania, cylindry podnosz\u0105ce do samochod\u00f3w, cylindry do maszyn rolniczych i rozwi\u0105zania projektowane na zam\u00f3wienie, dostosowane do r\u00f3\u017cnych zastosowa\u0144 przemys\u0142owych. Niezale\u017cnie od tego, czy chodzi o budownictwo, instalacje przemys\u0142owe, rolnictwo czy ci\u0119\u017cki sprz\u0119t, nasze cylindry hydrauliczne s\u0105 zaprojektowane tak, aby dzia\u0142a\u0107 w najbardziej wymagaj\u0105cych warunkach, zapewniaj\u0105c bezpiecze\u0144stwo, wydajno\u015b\u0107 i d\u0142ugowieczno\u015b\u0107.<\/p>\n<p>W FMP jeste\u015bmy dumni z naszych najnowocze\u015bniejszych zak\u0142ad\u00f3w produkcyjnych, wyposa\u017conych w precyzyjne maszyny i zaawansowane systemy testowe. Nasze procesy produkcyjne s\u0105 zgodne z rygorystycznymi normami krajowymi i mi\u0119dzynarodowymi, co zapewnia, \u017ce ka\u017cdy wyprodukowany cylinder hydrauliczny spe\u0142nia najwy\u017csze standardy jako\u015bci i niezawodno\u015bci. Nasz wykwalifikowany zesp\u00f3\u0142 techniczny w po\u0142\u0105czeniu z zaawansowanym sprz\u0119tem pozwala nam zachowa\u0107 \u015bcis\u0142\u0105 kontrol\u0119 jako\u015bci na ka\u017cdym etapie produkcji \u2014 od wyboru surowca po ko\u0144cow\u0105 kontrol\u0119. To zaanga\u017cowanie w doskona\u0142o\u015b\u0107 przynios\u0142o nam certyfikaty i wyr\u00f3\u017cnienia od autorytet\u00f3w bran\u017cowych, wzmacniaj\u0105c nasz\u0105 reputacj\u0119 niezawodnego partnera.<\/p>\n<p><img loading=\"lazy\" decoding=\"async\" class=\"alignnone size-full wp-image-6720\" src=\"https:\/\/fmp-components.com\/wp-content\/uploads\/2025\/03\/hydraulic-cylinder-8.webp\" alt=\"Si\u0142owniki hydrauliczne teleskopowe\" width=\"933\" height=\"526\" title=\"\" srcset=\"https:\/\/fmp-components.com\/wp-content\/uploads\/2025\/03\/hydraulic-cylinder-8.webp 933w, https:\/\/fmp-components.com\/wp-content\/uploads\/2025\/03\/hydraulic-cylinder-8-480x271.webp 480w\" sizes=\"(min-width: 0px) and (max-width: 480px) 480px, (min-width: 481px) 933px, 100vw\" \/><\/p>\n<p>Nasza misja jest prosta, ale ambitna: dostarcza\u0107 naszym klientom cylindry hydrauliczne, kt\u00f3re przewy\u017cszaj\u0105 oczekiwania pod wzgl\u0119dem wydajno\u015bci, trwa\u0142o\u015bci i warto\u015bci. Dzia\u0142amy na fundamencie profesjonalizmu, uczciwo\u015bci i skupienia na kliencie. Poprzez piel\u0119gnowanie kultury innowacji i precyzji nieustannie ulepszamy nasze produkty, aby utrzyma\u0107 przewag\u0119 konkurencyjn\u0105 na rynku. Nasza szeroka gama produkt\u00f3w i zdolno\u015b\u0107 do oferowania dostosowanych rozwi\u0105za\u0144 sprawiaj\u0105, \u017ce jeste\u015bmy preferowanym wyborem dla firm poszukuj\u0105cych wysokowydajnych cylindr\u00f3w hydraulicznych.<\/p>\n<p>FMP to co\u015b wi\u0119cej ni\u017c tylko producent; jeste\u015bmy partnerem w Twoim sukcesie. Zdajemy sobie spraw\u0119, \u017ce nasi klienci polegaj\u0105 na nas, je\u015bli chodzi o dostarczanie narz\u0119dzi, kt\u00f3re zwi\u0119kszaj\u0105 ich produktywno\u015b\u0107 i bezpiecze\u0144stwo. Dlatego zobowi\u0105zujemy si\u0119 nie tylko do dostarczania produkt\u00f3w najwy\u017cszej jako\u015bci, ale tak\u017ce wyj\u0105tkowej obs\u0142ugi. Od wst\u0119pnej konsultacji po wsparcie posprzeda\u017cowe, \u015bci\u015ble wsp\u00f3\u0142pracujemy z naszymi klientami, aby zapewni\u0107, \u017ce ich potrzeby s\u0105 spe\u0142niane z profesjonalizmem i trosk\u0105. Nasze konkurencyjne ceny w po\u0142\u0105czeniu z naszym niezachwianym zaanga\u017cowaniem w jako\u015b\u0107 sprawiaj\u0105, \u017ce FMP jest m\u0105drym wyborem dla firm, kt\u00f3re chc\u0105 zainwestowa\u0107 w rozwi\u0105zania hydrauliczne, kt\u00f3rym mog\u0105 zaufa\u0107.<\/p>","protected":false},"excerpt":{"rendered":"<p>Excellent Quality Small Dump Truck Hydraulic Hoist Cylinder Telescopic Hydraulic Cylinder Our Hydraulic Cylinder is an excellent quality small dump truck hydraulic hoist cylinder and a telescopic hydraulic cylinder. It&#8217;s a new product of 2025, designed for superior performance in machinery repair shops, farms, energy and mining industries, machinery manufacturing, and machinery factories. Features and [&hellip;]<\/p>","protected":false},"featured_media":6781,"comment_status":"closed","ping_status":"closed","template":"","meta":{"_et_pb_use_builder":"","_et_pb_old_content":"","_et_gb_content_width":""},"product_brand":[],"product_cat":[103],"product_tag":[34,105],"class_list":{"0":"post-6521","1":"product","2":"type-product","3":"status-publish","4":"has-post-thumbnail","6":"product_cat-telescopic-hydraulic-cylinders","7":"product_tag-hydraulic-cylinder","8":"product_tag-telescopic-hydraulic-cylinders","10":"first","11":"instock","12":"product-type-simple"},"_links":{"self":[{"href":"https:\/\/fmp-components.com\/pl\/wp-json\/wp\/v2\/product\/6521","targetHints":{"allow":["GET"]}}],"collection":[{"href":"https:\/\/fmp-components.com\/pl\/wp-json\/wp\/v2\/product"}],"about":[{"href":"https:\/\/fmp-components.com\/pl\/wp-json\/wp\/v2\/types\/product"}],"replies":[{"embeddable":true,"href":"https:\/\/fmp-components.com\/pl\/wp-json\/wp\/v2\/comments?post=6521"}],"wp:featuredmedia":[{"embeddable":true,"href":"https:\/\/fmp-components.com\/pl\/wp-json\/wp\/v2\/media\/6781"}],"wp:attachment":[{"href":"https:\/\/fmp-components.com\/pl\/wp-json\/wp\/v2\/media?parent=6521"}],"wp:term":[{"taxonomy":"product_brand","embeddable":true,"href":"https:\/\/fmp-components.com\/pl\/wp-json\/wp\/v2\/product_brand?post=6521"},{"taxonomy":"product_cat","embeddable":true,"href":"https:\/\/fmp-components.com\/pl\/wp-json\/wp\/v2\/product_cat?post=6521"},{"taxonomy":"product_tag","embeddable":true,"href":"https:\/\/fmp-components.com\/pl\/wp-json\/wp\/v2\/product_tag?post=6521"}],"curies":[{"name":"wp","href":"https:\/\/api.w.org\/{rel}","templated":true}]}}