{"id":6520,"date":"2025-03-11T06:26:57","date_gmt":"2025-03-11T06:26:57","guid":{"rendered":"https:\/\/fmp-components.com\/product\/durable-hydraulic-cylinders-5-stage-telescopic-hydraulic-cylinder-for-sale"},"modified":"2025-03-12T01:16:29","modified_gmt":"2025-03-12T01:16:29","slug":"durable-hydraulic-cylinders-5-stage-telescopic-hydraulic-cylinder-for-sale","status":"publish","type":"product","link":"https:\/\/fmp-components.com\/pl\/product\/durable-hydraulic-cylinders-5-stage-telescopic-hydraulic-cylinder-for-sale\/","title":{"rendered":"Wytrzyma\u0142e cylindry hydrauliczne, 5-stopniowy teleskopowy cylinder hydrauliczny na sprzeda\u017c"},"content":{"rendered":"<h2>Wytrzyma\u0142e cylindry hydrauliczne, 5-stopniowy teleskopowy cylinder hydrauliczny na sprzeda\u017c<\/h2>\n<p>Odkryj moc naszych wytrzyma\u0142ych cylindr\u00f3w hydraulicznych \u2013 5-stopniowych teleskopowych cylindr\u00f3w hydraulicznych \u2013 ju\u017c dost\u0119pnych w sprzeda\u017cy. To zupe\u0142nie nowe urz\u0105dzenie zosta\u0142o zaprojektowane z my\u015bl\u0105 o zwi\u0119kszeniu wydajno\u015bci w r\u00f3\u017cnych bran\u017cach, w tym w warsztatach naprawczych maszyn, rolnictwie, energetyce i g\u00f3rnictwie, produkcji maszyn i fabrykach maszyn.<\/p>\n<h2>Cechy i funkcjonalno\u015b\u0107 produktu<\/h2>\n<p>Nasz si\u0142ownik hydrauliczny charakteryzuje si\u0119 standardow\u0105 konstrukcj\u0105 ze stalowym korpusem, co gwarantuje trwa\u0142o\u015b\u0107 i d\u0142ugotrwa\u0142e u\u017cytkowanie. Wielostopniowy si\u0142ownik hydrauliczny charakteryzuje si\u0119 maksymaln\u0105 si\u0142\u0105 nacisku 3000 i uci\u0105giem 20 ton, co \u015bwiadczy o jego wysokiej wydajno\u015bci i niezawodnej mocy wyj\u015bciowej. To imponuj\u0105ce urz\u0105dzenie posiada certyfikat ISO9001:2000, gwarantuj\u0105cy jego jako\u015b\u0107 i bezpiecze\u0144stwo.<\/p>\n<h3>Dane techniczne<\/h3>\n<p>Nasz si\u0142ownik hydrauliczny charakteryzuje si\u0119 \u015brednic\u0105 otworu 2-6 cali, rozmiarem t\u0142oczyska 1,125-4 cali, skokiem 4-100 cali i rozmiarem sworznia 0,5-2 cali. Jest dost\u0119pny w eleganckim czarnym kolorze i wa\u017cy oko\u0142o 42 kg.<\/p>\n<table style=\"width: 98.2317%;\" border=\"\">\n<tbody>\n<tr>\n<td style=\"width: 42.9379%;\"><i>Rozmiar otworu<\/i><\/td>\n<td style=\"width: 464.972%;\">2-6 cali<\/td>\n<\/tr>\n<tr>\n<td style=\"width: 42.9379%;\"><i>Rozmiar pr\u0119ta<\/i><\/td>\n<td style=\"width: 464.972%;\">1,125-4 cale<\/td>\n<\/tr>\n<tr>\n<td style=\"width: 42.9379%;\"><i>Rozmiar poci\u0105gni\u0119cia<\/i><\/td>\n<td style=\"width: 464.972%;\">4-100 cali<\/td>\n<\/tr>\n<tr>\n<td style=\"width: 42.9379%;\"><i>Rozmiar szpilki<\/i><\/td>\n<td style=\"width: 464.972%;\">0,5-2 cale<\/td>\n<\/tr>\n<tr>\n<td style=\"width: 42.9379%;\"><i>Porty<\/i><\/td>\n<td style=\"width: 464.972%;\">G\/SAE\/NPT\/M<\/td>\n<\/tr>\n<\/tbody>\n<\/table>\n<h3>Unikalne cechy sprzeda\u017cy<\/h3>\n<ul>\n<li>Energooszcz\u0119dno\u015b\u0107: Nasz si\u0142ownik hydrauliczny zosta\u0142 zaprojektowany tak, aby ograniczy\u0107 zu\u017cycie energii, dzi\u0119ki czemu jest to zr\u00f3wnowa\u017cony wyb\u00f3r w kontek\u015bcie wymaga\u0144 dotycz\u0105cych maszyn.<\/li>\n<li>Wysoka wydajno\u015b\u0107: Dzi\u0119ki du\u017cej sile ci\u0105gu i uci\u0105gu ten si\u0142ownik hydrauliczny gwarantuje maksymaln\u0105 wydajno\u015b\u0107 i efektywno\u015b\u0107 pracy.<\/li>\n<li>Bezpiecze\u0144stwo: Nasz si\u0142ownik hydrauliczny posiada certyfikat ISO9001:2000, co gwarantuje najwy\u017csze standardy bezpiecze\u0144stwa w zakresie jego dzia\u0142ania.<\/li>\n<\/ul>\n<p><img loading=\"lazy\" decoding=\"async\" class=\"alignnone  wp-image-6658\" src=\"https:\/\/fmp-components.com\/wp-content\/uploads\/2025\/03\/telescopic-hydraulic-cylinder-6.webp\" alt=\"si\u0142ownik hydrauliczny teleskopowy\" width=\"935\" height=\"935\" title=\"\" srcset=\"https:\/\/fmp-components.com\/wp-content\/uploads\/2025\/03\/telescopic-hydraulic-cylinder-6.webp 935w, https:\/\/fmp-components.com\/wp-content\/uploads\/2025\/03\/telescopic-hydraulic-cylinder-6-480x480.webp 480w\" sizes=\"(min-width: 0px) and (max-width: 480px) 480px, (min-width: 481px) 935px, 100vw\" \/><\/p>\n<h2>Zrozumienie uk\u0142ad\u00f3w hydraulicznych i zasady ich dzia\u0142ania<\/h2>\n<p>Uk\u0142ady hydrauliczne odgrywaj\u0105 kluczow\u0105 rol\u0119 w r\u00f3\u017cnych ga\u0142\u0119ziach przemys\u0142u ze wzgl\u0119du na mo\u017cliwo\u015b\u0107 generowania du\u017cej mocy i kontroli nad maszynami. Cylindry hydrauliczne, takie jak nasze, przekszta\u0142caj\u0105 energi\u0119 hydrauliczn\u0105 w energi\u0119 mechaniczn\u0105, zapewniaj\u0105c mocny i kontrolowany ruch.<\/p>\n<h2>Si\u0142owniki hydrauliczne i agregaty nap\u0119dowe<\/h2>\n<p>Si\u0142ownik hydrauliczny i zesp\u00f3\u0142 nap\u0119dowy s\u0105 niezb\u0119dnymi elementami uk\u0142adu hydraulicznego. Wsp\u00f3\u0142pracuj\u0105 ze sob\u0105, aby zapewni\u0107 powszechne zastosowanie technologii hydraulicznej w przemy\u015ble. Si\u0142ownik hydrauliczny, jako element wykonawczy, odpowiada za przekszta\u0142canie energii hydraulicznej w ruch mechaniczny, przekszta\u0142caj\u0105c ci\u015bnienie w si\u0142\u0119. Zesp\u00f3\u0142 nap\u0119dowy stanowi rdze\u0144, kt\u00f3ry dostarcza energi\u0119 i sygna\u0142y steruj\u0105ce wymagane przez uk\u0142ad hydrauliczny. Skoordynowana wsp\u00f3\u0142praca mi\u0119dzy nimi umo\u017cliwia prawid\u0142ow\u0105 prac\u0119 uk\u0142adu hydraulicznego. Firma FMP oferuje r\u00f3wnie\u017c zespo\u0142y nap\u0119dowe na sprzeda\u017c.<\/p>\n<p><img loading=\"lazy\" decoding=\"async\" class=\"alignnone  wp-image-6659\" src=\"https:\/\/fmp-components.com\/wp-content\/uploads\/2025\/03\/telescopic-hydraulic-cylinder-12.webp\" alt=\"si\u0142ownik hydrauliczny teleskopowy\" width=\"921\" height=\"921\" title=\"\" srcset=\"https:\/\/fmp-components.com\/wp-content\/uploads\/2025\/03\/telescopic-hydraulic-cylinder-12.webp 921w, https:\/\/fmp-components.com\/wp-content\/uploads\/2025\/03\/telescopic-hydraulic-cylinder-12-480x480.webp 480w\" sizes=\"(min-width: 0px) and (max-width: 480px) 480px, (min-width: 481px) 921px, 100vw\" \/><\/p>\n<h2>Cz\u0119sto zadawane pytania<\/h2>\n<p>P: Czy jeste\u015b firm\u0105 handlow\u0105 czy produkcyjn\u0105?<br \/>\nA: Jeste\u015bmy fabryk\u0105.<br \/>\nP: Jak d\u0142ugi jest czas dostawy?<br \/>\nA: Zazwyczaj jest to 25\u201335 dni.<br \/>\nP: Czy dostarczacie pr\u00f3bki? Czy s\u0105 darmowe czy dodatkowe?<br \/>\nO: Tak, mogliby\u015bmy zaoferowa\u0107 pr\u00f3bk\u0119, ale nie jest ona darmowa.<\/p>\n<h3>O FMP<\/h3>\n<p>FMP to czo\u0142owy w\u0142oski producent, znany ze swojego do\u015bwiadczenia w projektowaniu, rozwoju i produkcji wysokiej jako\u015bci cylindr\u00f3w hydraulicznych. Dzi\u0119ki bogatemu dziedzictwu budowanemu przez dziesi\u0119ciolecia, \u0142\u0105czymy tradycyjne w\u0142oskie rzemios\u0142o z najnowocze\u015bniejsz\u0105 technologi\u0105, aby tworzy\u0107 wyj\u0105tkowe rozwi\u0105zania hydrauliczne, kt\u00f3re zaspokajaj\u0105 zr\u00f3\u017cnicowane potrzeby naszych globalnych klient\u00f3w. Maj\u0105c siedzib\u0119 we W\u0142oszech, w centrum doskona\u0142o\u015bci in\u017cynieryjnej, FMP ugruntowa\u0142o swoj\u0105 pozycj\u0119 jako zaufana nazwa w bran\u017cy hydraulicznej, po\u015bwi\u0119caj\u0105c si\u0119 dostarczaniu niezawodnych, trwa\u0142ych i innowacyjnych produkt\u00f3w, kt\u00f3re wzmacniaj\u0105 firmy na ca\u0142ym \u015bwiecie.<\/p>\n<p>Nasza firma \u0142\u0105czy zaawansowane tradycje produkcyjne z post\u0119powym nastawieniem. Wykorzystuj\u0105c nasze bogate do\u015bwiadczenie w systemach hydraulicznych, FMP przekszta\u0142ci\u0142o si\u0119 w nowoczesne przedsi\u0119biorstwo, kt\u00f3re wyr\u00f3\u017cnia si\u0119 w badaniach, projektowaniu i produkcji. Oferujemy kompleksow\u0105 gam\u0119 cylindr\u00f3w hydraulicznych, w tym cylindry dwustronnego dzia\u0142ania, cylindry podnosz\u0105ce do samochod\u00f3w, cylindry do maszyn rolniczych i rozwi\u0105zania projektowane na zam\u00f3wienie, dostosowane do r\u00f3\u017cnych zastosowa\u0144 przemys\u0142owych. Niezale\u017cnie od tego, czy chodzi o budownictwo, instalacje przemys\u0142owe, rolnictwo czy ci\u0119\u017cki sprz\u0119t, nasze cylindry hydrauliczne s\u0105 zaprojektowane tak, aby dzia\u0142a\u0107 w najbardziej wymagaj\u0105cych warunkach, zapewniaj\u0105c bezpiecze\u0144stwo, wydajno\u015b\u0107 i d\u0142ugowieczno\u015b\u0107.<\/p>\n<p>W FMP jeste\u015bmy dumni z naszych najnowocze\u015bniejszych zak\u0142ad\u00f3w produkcyjnych, wyposa\u017conych w precyzyjne maszyny i zaawansowane systemy testowe. Nasze procesy produkcyjne s\u0105 zgodne z rygorystycznymi normami krajowymi i mi\u0119dzynarodowymi, co zapewnia, \u017ce ka\u017cdy wyprodukowany cylinder hydrauliczny spe\u0142nia najwy\u017csze standardy jako\u015bci i niezawodno\u015bci. Nasz wykwalifikowany zesp\u00f3\u0142 techniczny w po\u0142\u0105czeniu z zaawansowanym sprz\u0119tem pozwala nam zachowa\u0107 \u015bcis\u0142\u0105 kontrol\u0119 jako\u015bci na ka\u017cdym etapie produkcji \u2014 od wyboru surowca po ko\u0144cow\u0105 kontrol\u0119. To zaanga\u017cowanie w doskona\u0142o\u015b\u0107 przynios\u0142o nam certyfikaty i wyr\u00f3\u017cnienia od autorytet\u00f3w bran\u017cowych, wzmacniaj\u0105c nasz\u0105 reputacj\u0119 niezawodnego partnera.<\/p>\n<p><img loading=\"lazy\" decoding=\"async\" class=\"alignnone size-full wp-image-6720\" src=\"https:\/\/fmp-components.com\/wp-content\/uploads\/2025\/03\/hydraulic-cylinder-8.webp\" alt=\"Si\u0142owniki hydrauliczne teleskopowe\" width=\"933\" height=\"526\" title=\"\" srcset=\"https:\/\/fmp-components.com\/wp-content\/uploads\/2025\/03\/hydraulic-cylinder-8.webp 933w, https:\/\/fmp-components.com\/wp-content\/uploads\/2025\/03\/hydraulic-cylinder-8-480x271.webp 480w\" sizes=\"(min-width: 0px) and (max-width: 480px) 480px, (min-width: 481px) 933px, 100vw\" \/><\/p>\n<p>Nasza misja jest prosta, ale ambitna: dostarcza\u0107 naszym klientom cylindry hydrauliczne, kt\u00f3re przewy\u017cszaj\u0105 oczekiwania pod wzgl\u0119dem wydajno\u015bci, trwa\u0142o\u015bci i warto\u015bci. Dzia\u0142amy na fundamencie profesjonalizmu, uczciwo\u015bci i skupienia na kliencie. Poprzez piel\u0119gnowanie kultury innowacji i precyzji nieustannie ulepszamy nasze produkty, aby utrzyma\u0107 przewag\u0119 konkurencyjn\u0105 na rynku. Nasza szeroka gama produkt\u00f3w i zdolno\u015b\u0107 do oferowania dostosowanych rozwi\u0105za\u0144 sprawiaj\u0105, \u017ce jeste\u015bmy preferowanym wyborem dla firm poszukuj\u0105cych wysokowydajnych cylindr\u00f3w hydraulicznych.<\/p>\n<p>FMP to co\u015b wi\u0119cej ni\u017c tylko producent; jeste\u015bmy partnerem w Twoim sukcesie. Zdajemy sobie spraw\u0119, \u017ce nasi klienci polegaj\u0105 na nas, je\u015bli chodzi o dostarczanie narz\u0119dzi, kt\u00f3re zwi\u0119kszaj\u0105 ich produktywno\u015b\u0107 i bezpiecze\u0144stwo. Dlatego zobowi\u0105zujemy si\u0119 nie tylko do dostarczania produkt\u00f3w najwy\u017cszej jako\u015bci, ale tak\u017ce wyj\u0105tkowej obs\u0142ugi. Od wst\u0119pnej konsultacji po wsparcie posprzeda\u017cowe, \u015bci\u015ble wsp\u00f3\u0142pracujemy z naszymi klientami, aby zapewni\u0107, \u017ce ich potrzeby s\u0105 spe\u0142niane z profesjonalizmem i trosk\u0105. Nasze konkurencyjne ceny w po\u0142\u0105czeniu z naszym niezachwianym zaanga\u017cowaniem w jako\u015b\u0107 sprawiaj\u0105, \u017ce FMP jest m\u0105drym wyborem dla firm, kt\u00f3re chc\u0105 zainwestowa\u0107 w rozwi\u0105zania hydrauliczne, kt\u00f3rym mog\u0105 zaufa\u0107.<\/p>","protected":false},"excerpt":{"rendered":"<p>Durable Hydraulic Cylinders 5 Stage Telescopic Hydraulic Cylinder For Sale Discover the power of our Durable Hydraulic Cylinders, a 5 Stage Telescopic Hydraulic Cylinder, now available for sale. This brand-new unit is designed to enhance performance across a variety of industries, including machinery repair shops, farms, energy and mining, machinery manufacturing, and machinery factories. Product [&hellip;]<\/p>","protected":false},"featured_media":6691,"comment_status":"closed","ping_status":"closed","template":"","meta":{"_et_pb_use_builder":"","_et_pb_old_content":"","_et_gb_content_width":""},"product_brand":[],"product_cat":[103],"product_tag":[34,105],"class_list":{"0":"post-6520","1":"product","2":"type-product","3":"status-publish","4":"has-post-thumbnail","6":"product_cat-telescopic-hydraulic-cylinders","7":"product_tag-hydraulic-cylinder","8":"product_tag-telescopic-hydraulic-cylinders","10":"first","11":"instock","12":"product-type-simple"},"_links":{"self":[{"href":"https:\/\/fmp-components.com\/pl\/wp-json\/wp\/v2\/product\/6520","targetHints":{"allow":["GET"]}}],"collection":[{"href":"https:\/\/fmp-components.com\/pl\/wp-json\/wp\/v2\/product"}],"about":[{"href":"https:\/\/fmp-components.com\/pl\/wp-json\/wp\/v2\/types\/product"}],"replies":[{"embeddable":true,"href":"https:\/\/fmp-components.com\/pl\/wp-json\/wp\/v2\/comments?post=6520"}],"wp:featuredmedia":[{"embeddable":true,"href":"https:\/\/fmp-components.com\/pl\/wp-json\/wp\/v2\/media\/6691"}],"wp:attachment":[{"href":"https:\/\/fmp-components.com\/pl\/wp-json\/wp\/v2\/media?parent=6520"}],"wp:term":[{"taxonomy":"product_brand","embeddable":true,"href":"https:\/\/fmp-components.com\/pl\/wp-json\/wp\/v2\/product_brand?post=6520"},{"taxonomy":"product_cat","embeddable":true,"href":"https:\/\/fmp-components.com\/pl\/wp-json\/wp\/v2\/product_cat?post=6520"},{"taxonomy":"product_tag","embeddable":true,"href":"https:\/\/fmp-components.com\/pl\/wp-json\/wp\/v2\/product_tag?post=6520"}],"curies":[{"name":"wp","href":"https:\/\/api.w.org\/{rel}","templated":true}]}}