{"id":6518,"date":"2025-03-11T06:26:57","date_gmt":"2025-03-11T06:26:57","guid":{"rendered":"https:\/\/fmp-components.com\/product\/quality-manufacturing-2-stage-hydraulic-cylinder-telescopic-hydraulic-cylinder-for-sale"},"modified":"2025-03-12T01:24:32","modified_gmt":"2025-03-12T01:24:32","slug":"quality-manufacturing-2-stage-hydraulic-cylinder-telescopic-hydraulic-cylinder-for-sale","status":"publish","type":"product","link":"https:\/\/fmp-components.com\/pl\/product\/quality-manufacturing-2-stage-hydraulic-cylinder-telescopic-hydraulic-cylinder-for-sale\/","title":{"rendered":"Wysokiej jako\u015bci, dwustopniowy si\u0142ownik hydrauliczny teleskopowy na sprzeda\u017c"},"content":{"rendered":"<h2>Wysokiej jako\u015bci, dwustopniowy si\u0142ownik hydrauliczny teleskopowy na sprzeda\u017c<\/h2>\n<p>Nasz najnowocze\u015bniejszy, dwustopniowy teleskopowy si\u0142ownik hydrauliczny zosta\u0142 zaprojektowany z my\u015bl\u0105 o solidnej pracy i maksymalnej wydajno\u015bci. Wykonany z wysokiej jako\u015bci stali, ten wielostopniowy si\u0142ownik hydrauliczny idealnie nadaje si\u0119 do ci\u0119\u017ckich zastosowa\u0144 w warsztatach naprawczych maszyn, gospodarstwach rolnych, przemy\u015ble energetycznym i g\u00f3rniczym oraz innych.<\/p>\n<h3>Specyfikacja produktu<\/h3>\n<table style=\"width: 97.6872%;\" border=\"\">\n<tbody>\n<tr>\n<td style=\"width: 43.5028%;\"><b>Rozmiar otworu<\/b><\/td>\n<td style=\"width: 472.881%;\">2-6 cali<\/td>\n<\/tr>\n<tr>\n<td style=\"width: 43.5028%;\"><b>Rozmiar pr\u0119ta<\/b><\/td>\n<td style=\"width: 472.881%;\">1,125-4 cale<\/td>\n<\/tr>\n<tr>\n<td style=\"width: 43.5028%;\"><b>Rozmiar poci\u0105gni\u0119cia<\/b><\/td>\n<td style=\"width: 472.881%;\">4-100 cali<\/td>\n<\/tr>\n<tr>\n<td style=\"width: 43.5028%;\"><b>Rozmiar szpilki<\/b><\/td>\n<td style=\"width: 472.881%;\">0,5-2 cale<\/td>\n<\/tr>\n<tr>\n<td style=\"width: 43.5028%;\"><b>Porty<\/b><\/td>\n<td style=\"width: 472.881%;\">G\/SAE\/NPT\/M<\/td>\n<\/tr>\n<\/tbody>\n<\/table>\n<h3>G\u0142\u00f3wne cechy<\/h3>\n<ul>\n<li>Energooszcz\u0119dny<\/li>\n<li>Solidna i trwa\u0142a konstrukcja<\/li>\n<li>Wysoka wydajno\u015b\u0107, zapewniaj\u0105ca maksymaln\u0105 produktywno\u015b\u0107<\/li>\n<li>Bezpiecze\u0144stwo zapewnione dzi\u0119ki rocznej gwarancji na g\u0142\u00f3wne podzespo\u0142y<\/li>\n<\/ul>\n<h2>Uk\u0142ad hydrauliczny i zasada dzia\u0142ania<\/h2>\n<p>Uk\u0142ad hydrauliczny dzia\u0142a w oparciu o fundamentaln\u0105 zasad\u0119 przekszta\u0142cania ci\u015bnienia hydraulicznego w ruch mechaniczny, umo\u017cliwiaj\u0105c wykonywanie r\u00f3\u017cnorodnych zada\u0144 z niezwyk\u0142\u0105 wydajno\u015bci\u0105 i moc\u0105. Centralnym elementem tego uk\u0142adu jest dwustopniowy si\u0142ownik hydrauliczny, kluczowy element, kt\u00f3ry odgrywa kluczow\u0105 rol\u0119 w przekszta\u0142caniu energii hydraulicznej w pot\u0119\u017cn\u0105 si\u0142\u0119 liniow\u0105. Ta transformacja pozwala si\u0142ownikowi efektywnie nap\u0119dza\u0107 maszyny i urz\u0105dzenia, co czyni go kluczowym elementem w r\u00f3\u017cnych zastosowaniach przemys\u0142owych. Wykorzystuj\u0105c nie\u015bci\u015bliwo\u015b\u0107 p\u0142ynu, uk\u0142ad hydrauliczny zapewnia p\u0142ynne i niezawodne przenoszenie generowanej si\u0142y, u\u0142atwiaj\u0105c precyzyjn\u0105 kontrol\u0119 nad ruchami mechanicznymi.<\/p>\n<p><img loading=\"lazy\" decoding=\"async\" class=\"alignnone  wp-image-6662\" src=\"https:\/\/fmp-components.com\/wp-content\/uploads\/2025\/03\/telescopic-hydraulic-cylinder-4.webp\" alt=\"si\u0142ownik hydrauliczny teleskopowy\" width=\"936\" height=\"936\" title=\"\" srcset=\"https:\/\/fmp-components.com\/wp-content\/uploads\/2025\/03\/telescopic-hydraulic-cylinder-4.webp 936w, https:\/\/fmp-components.com\/wp-content\/uploads\/2025\/03\/telescopic-hydraulic-cylinder-4-480x480.webp 480w\" sizes=\"(min-width: 0px) and (max-width: 480px) 480px, (min-width: 481px) 936px, 100vw\" \/><\/p>\n<h2>Aplikacje<\/h2>\n<p>Wszechstronno\u015b\u0107 dwustopniowego si\u0142ownika hydraulicznego sprawia, \u017ce \u200b\u200bidealnie nadaje si\u0119 on do zastosowania w wielu ga\u0142\u0119ziach przemys\u0142u. Szczeg\u00f3lnie dobrze sprawdza si\u0119 w warsztatach naprawczych maszyn, gdzie wspomaga podnoszenie i pozycjonowanie ci\u0119\u017ckiego sprz\u0119tu w celu konserwacji i napraw. W gospodarstwach rolnych si\u0142owniki te zwi\u0119kszaj\u0105 funkcjonalno\u015b\u0107 maszyn rolniczych, umo\u017cliwiaj\u0105c wydajn\u0105 obs\u0142ug\u0119 zada\u0144 takich jak orka, podnoszenie i transport materia\u0142\u00f3w. Przemys\u0142 energetyczny i g\u00f3rniczy r\u00f3wnie\u017c korzystaj\u0105 z tych si\u0142ownik\u00f3w hydraulicznych, poniewa\u017c s\u0105 one w stanie sprosta\u0107 wymagaj\u0105cym warunkom zwi\u0105zanym z ci\u0119\u017ckimi operacjami, takimi jak podnoszenie i przenoszenie materia\u0142\u00f3w w trudnych warunkach. Ponadto, w produkcji maszyn i wielu innych sektorach, ten si\u0142ownik hydrauliczny okazuje si\u0119 nieoceniony na liniach monta\u017cowych i w procesach produkcyjnych, zapewniaj\u0105c p\u0142ynny i wydajny przebieg operacji. Jego niezawodno\u015b\u0107, moc i wydajno\u015b\u0107 sprawiaj\u0105, \u017ce jest to idealny wyb\u00f3r do ka\u017cdego zastosowania wymagaj\u0105cego solidnego uk\u0142adu hydraulicznego.<\/p>\n<h2>Si\u0142owniki hydrauliczne i agregaty nap\u0119dowe<\/h2>\n<p>Si\u0142owniki hydrauliczne i agregaty s\u0105 niezb\u0119dnymi elementami ka\u017cdego uk\u0142adu hydraulicznego, harmonijnie wsp\u00f3\u0142pracuj\u0105c, aby zapewni\u0107 efektywne zastosowanie technologii hydraulicznej w r\u00f3\u017cnych ga\u0142\u0119ziach przemys\u0142u. Si\u0142ownik hydrauliczny pe\u0142ni funkcj\u0119 si\u0142ownika, odpowiedzialnego za przekszta\u0142canie energii hydraulicznej w ruch mechaniczny i przekszta\u0142canie ci\u015bnienia w si\u0142\u0119. Dzi\u0119ki temu mo\u017ce on wykonywa\u0107 szeroki zakres funkcji, od podnoszenia ci\u0119\u017ckich \u0142adunk\u00f3w po precyzyjne nap\u0119dzanie maszyn.<\/p>\n<p>Z drugiej strony, jednostka nap\u0119dowa stanowi rdze\u0144 uk\u0142adu hydraulicznego, dostarczaj\u0105c niezb\u0119dn\u0105 energi\u0119 i sygna\u0142y steruj\u0105ce do obs\u0142ugi cylindra hydraulicznego. Generuje i reguluje ci\u015bnienie p\u0142ynu hydraulicznego, zapewniaj\u0105c sprawne i efektywne dzia\u0142anie uk\u0142adu. Wsp\u00f3\u0142praca mi\u0119dzy cylindrem hydraulicznym a jednostk\u0105 nap\u0119dow\u0105 jest niezb\u0119dna do prawid\u0142owej pracy uk\u0142adu hydraulicznego, umo\u017cliwiaj\u0105c p\u0142ynn\u0105 prac\u0119 w r\u00f3\u017cnych zastosowaniach.<\/p>\n<p>W FMP rozumiemy, jak wa\u017cne s\u0105 te komponenty dla poprawy wydajno\u015bci operacyjnej, dlatego oferujemy r\u00f3wnie\u017c szerok\u0105 gam\u0119 agregat\u00f3w pr\u0105dotw\u00f3rczych. Nasze zaanga\u017cowanie w dostarczanie wysokiej jako\u015bci rozwi\u0105za\u0144 hydraulicznych gwarantuje, \u017ce mo\u017cesz polega\u0107 na naszych produktach, kt\u00f3re zapewni\u0105 wydajno\u015b\u0107, niezawodno\u015b\u0107 i kontrol\u0119 niezb\u0119dn\u0105 w Twoich specyficznych zastosowaniach w sektorze przemys\u0142owym.<\/p>\n<p><img loading=\"lazy\" decoding=\"async\" class=\"alignnone  wp-image-6663\" src=\"https:\/\/fmp-components.com\/wp-content\/uploads\/2025\/03\/telescopic-hydraulic-cylinder-11.webp\" alt=\"si\u0142ownik hydrauliczny teleskopowy\" width=\"921\" height=\"921\" title=\"\" srcset=\"https:\/\/fmp-components.com\/wp-content\/uploads\/2025\/03\/telescopic-hydraulic-cylinder-11.webp 921w, https:\/\/fmp-components.com\/wp-content\/uploads\/2025\/03\/telescopic-hydraulic-cylinder-11-480x480.webp 480w\" sizes=\"(min-width: 0px) and (max-width: 480px) 480px, (min-width: 481px) 921px, 100vw\" \/><\/p>\n<h3>O FMP<\/h3>\n<p>FMP to czo\u0142owy w\u0142oski producent, znany ze swojego do\u015bwiadczenia w projektowaniu, rozwoju i produkcji wysokiej jako\u015bci cylindr\u00f3w hydraulicznych. Dzi\u0119ki bogatemu dziedzictwu budowanemu przez dziesi\u0119ciolecia, \u0142\u0105czymy tradycyjne w\u0142oskie rzemios\u0142o z najnowocze\u015bniejsz\u0105 technologi\u0105, aby tworzy\u0107 wyj\u0105tkowe rozwi\u0105zania hydrauliczne, kt\u00f3re zaspokajaj\u0105 zr\u00f3\u017cnicowane potrzeby naszych globalnych klient\u00f3w. Maj\u0105c siedzib\u0119 we W\u0142oszech, w centrum doskona\u0142o\u015bci in\u017cynieryjnej, FMP ugruntowa\u0142o swoj\u0105 pozycj\u0119 jako zaufana nazwa w bran\u017cy hydraulicznej, po\u015bwi\u0119caj\u0105c si\u0119 dostarczaniu niezawodnych, trwa\u0142ych i innowacyjnych produkt\u00f3w, kt\u00f3re wzmacniaj\u0105 firmy na ca\u0142ym \u015bwiecie.<\/p>\n<p>Nasza firma \u0142\u0105czy zaawansowane tradycje produkcyjne z post\u0119powym nastawieniem. Wykorzystuj\u0105c nasze bogate do\u015bwiadczenie w systemach hydraulicznych, FMP przekszta\u0142ci\u0142o si\u0119 w nowoczesne przedsi\u0119biorstwo, kt\u00f3re wyr\u00f3\u017cnia si\u0119 w badaniach, projektowaniu i produkcji. Oferujemy kompleksow\u0105 gam\u0119 cylindr\u00f3w hydraulicznych, w tym cylindry dwustronnego dzia\u0142ania, cylindry podnosz\u0105ce do samochod\u00f3w, cylindry do maszyn rolniczych i rozwi\u0105zania projektowane na zam\u00f3wienie, dostosowane do r\u00f3\u017cnych zastosowa\u0144 przemys\u0142owych. Niezale\u017cnie od tego, czy chodzi o budownictwo, instalacje przemys\u0142owe, rolnictwo czy ci\u0119\u017cki sprz\u0119t, nasze cylindry hydrauliczne s\u0105 zaprojektowane tak, aby dzia\u0142a\u0107 w najbardziej wymagaj\u0105cych warunkach, zapewniaj\u0105c bezpiecze\u0144stwo, wydajno\u015b\u0107 i d\u0142ugowieczno\u015b\u0107.<\/p>\n<p>W FMP jeste\u015bmy dumni z naszych najnowocze\u015bniejszych zak\u0142ad\u00f3w produkcyjnych, wyposa\u017conych w precyzyjne maszyny i zaawansowane systemy testowe. Nasze procesy produkcyjne s\u0105 zgodne z rygorystycznymi normami krajowymi i mi\u0119dzynarodowymi, co zapewnia, \u017ce ka\u017cdy wyprodukowany cylinder hydrauliczny spe\u0142nia najwy\u017csze standardy jako\u015bci i niezawodno\u015bci. Nasz wykwalifikowany zesp\u00f3\u0142 techniczny w po\u0142\u0105czeniu z zaawansowanym sprz\u0119tem pozwala nam zachowa\u0107 \u015bcis\u0142\u0105 kontrol\u0119 jako\u015bci na ka\u017cdym etapie produkcji \u2014 od wyboru surowca po ko\u0144cow\u0105 kontrol\u0119. To zaanga\u017cowanie w doskona\u0142o\u015b\u0107 przynios\u0142o nam certyfikaty i wyr\u00f3\u017cnienia od autorytet\u00f3w bran\u017cowych, wzmacniaj\u0105c nasz\u0105 reputacj\u0119 niezawodnego partnera.<\/p>\n<p><img loading=\"lazy\" decoding=\"async\" class=\"alignnone size-full wp-image-6720\" src=\"https:\/\/fmp-components.com\/wp-content\/uploads\/2025\/03\/hydraulic-cylinder-8.webp\" alt=\"Si\u0142owniki hydrauliczne teleskopowe\" width=\"933\" height=\"526\" title=\"\" srcset=\"https:\/\/fmp-components.com\/wp-content\/uploads\/2025\/03\/hydraulic-cylinder-8.webp 933w, https:\/\/fmp-components.com\/wp-content\/uploads\/2025\/03\/hydraulic-cylinder-8-480x271.webp 480w\" sizes=\"(min-width: 0px) and (max-width: 480px) 480px, (min-width: 481px) 933px, 100vw\" \/><\/p>\n<p>Nasza misja jest prosta, ale ambitna: dostarcza\u0107 naszym klientom cylindry hydrauliczne, kt\u00f3re przewy\u017cszaj\u0105 oczekiwania pod wzgl\u0119dem wydajno\u015bci, trwa\u0142o\u015bci i warto\u015bci. Dzia\u0142amy na fundamencie profesjonalizmu, uczciwo\u015bci i skupienia na kliencie. Poprzez piel\u0119gnowanie kultury innowacji i precyzji nieustannie ulepszamy nasze produkty, aby utrzyma\u0107 przewag\u0119 konkurencyjn\u0105 na rynku. Nasza szeroka gama produkt\u00f3w i zdolno\u015b\u0107 do oferowania dostosowanych rozwi\u0105za\u0144 sprawiaj\u0105, \u017ce jeste\u015bmy preferowanym wyborem dla firm poszukuj\u0105cych wysokowydajnych cylindr\u00f3w hydraulicznych.<\/p>\n<p>FMP to co\u015b wi\u0119cej ni\u017c tylko producent; jeste\u015bmy partnerem w Twoim sukcesie. Zdajemy sobie spraw\u0119, \u017ce nasi klienci polegaj\u0105 na nas, je\u015bli chodzi o dostarczanie narz\u0119dzi, kt\u00f3re zwi\u0119kszaj\u0105 ich produktywno\u015b\u0107 i bezpiecze\u0144stwo. Dlatego zobowi\u0105zujemy si\u0119 nie tylko do dostarczania produkt\u00f3w najwy\u017cszej jako\u015bci, ale tak\u017ce wyj\u0105tkowej obs\u0142ugi. Od wst\u0119pnej konsultacji po wsparcie posprzeda\u017cowe, \u015bci\u015ble wsp\u00f3\u0142pracujemy z naszymi klientami, aby zapewni\u0107, \u017ce ich potrzeby s\u0105 spe\u0142niane z profesjonalizmem i trosk\u0105. Nasze konkurencyjne ceny w po\u0142\u0105czeniu z naszym niezachwianym zaanga\u017cowaniem w jako\u015b\u0107 sprawiaj\u0105, \u017ce FMP jest m\u0105drym wyborem dla firm, kt\u00f3re chc\u0105 zainwestowa\u0107 w rozwi\u0105zania hydrauliczne, kt\u00f3rym mog\u0105 zaufa\u0107.<\/p>","protected":false},"excerpt":{"rendered":"<p>Quality Manufacturing 2 Stage Hydraulic Cylinder Telescopic Hydraulic Cylinder For Sale Our state-of-the-art 2 Stage Telescopic hydraulic cylinder is designed for robust performance and maximum efficiency. Made with high-quality steel, this multi-stage hydraulic cylinder is perfect for heavy-duty applications in machinery repair shops, farms, energy &amp; mining industries, and more. Product Specifications Bore Size 2-6 [&hellip;]<\/p>","protected":false},"featured_media":6693,"comment_status":"closed","ping_status":"closed","template":"","meta":{"_et_pb_use_builder":"","_et_pb_old_content":"","_et_gb_content_width":""},"product_brand":[],"product_cat":[103],"product_tag":[34,105],"class_list":{"0":"post-6518","1":"product","2":"type-product","3":"status-publish","4":"has-post-thumbnail","6":"product_cat-telescopic-hydraulic-cylinders","7":"product_tag-hydraulic-cylinder","8":"product_tag-telescopic-hydraulic-cylinders","10":"first","11":"instock","12":"product-type-simple"},"_links":{"self":[{"href":"https:\/\/fmp-components.com\/pl\/wp-json\/wp\/v2\/product\/6518","targetHints":{"allow":["GET"]}}],"collection":[{"href":"https:\/\/fmp-components.com\/pl\/wp-json\/wp\/v2\/product"}],"about":[{"href":"https:\/\/fmp-components.com\/pl\/wp-json\/wp\/v2\/types\/product"}],"replies":[{"embeddable":true,"href":"https:\/\/fmp-components.com\/pl\/wp-json\/wp\/v2\/comments?post=6518"}],"wp:featuredmedia":[{"embeddable":true,"href":"https:\/\/fmp-components.com\/pl\/wp-json\/wp\/v2\/media\/6693"}],"wp:attachment":[{"href":"https:\/\/fmp-components.com\/pl\/wp-json\/wp\/v2\/media?parent=6518"}],"wp:term":[{"taxonomy":"product_brand","embeddable":true,"href":"https:\/\/fmp-components.com\/pl\/wp-json\/wp\/v2\/product_brand?post=6518"},{"taxonomy":"product_cat","embeddable":true,"href":"https:\/\/fmp-components.com\/pl\/wp-json\/wp\/v2\/product_cat?post=6518"},{"taxonomy":"product_tag","embeddable":true,"href":"https:\/\/fmp-components.com\/pl\/wp-json\/wp\/v2\/product_tag?post=6518"}],"curies":[{"name":"wp","href":"https:\/\/api.w.org\/{rel}","templated":true}]}}