{"id":6512,"date":"2025-03-11T06:26:57","date_gmt":"2025-03-11T06:26:57","guid":{"rendered":"https:\/\/fmp-components.com\/product\/customized-5-stage-telescopic-hydraulic-cylinders-multistage-hydraulic-cylinder-for-sale"},"modified":"2025-03-14T03:05:23","modified_gmt":"2025-03-14T03:05:23","slug":"customized-5-stage-telescopic-hydraulic-cylinders-multistage-hydraulic-cylinder-for-sale","status":"publish","type":"product","link":"https:\/\/fmp-components.com\/pl\/product\/customized-5-stage-telescopic-hydraulic-cylinders-multistage-hydraulic-cylinder-for-sale\/","title":{"rendered":"Spersonalizowane 5-stopniowe teleskopowe si\u0142owniki hydrauliczne, wielostopniowe si\u0142owniki hydrauliczne na sprzeda\u017c"},"content":{"rendered":"<h2>Spersonalizowane 5-stopniowe teleskopowe si\u0142owniki hydrauliczne, wielostopniowe si\u0142owniki hydrauliczne na sprzeda\u017c<\/h2>\n<p>Przedstawiamy spersonalizowane, 5-stopniowe teleskopowe si\u0142owniki hydrauliczne \u2013 wielostopniowy si\u0142ownik hydrauliczny zaprojektowany z my\u015bl\u0105 o optymalnej wydajno\u015bci. To pot\u0119\u017cne urz\u0105dzenie zosta\u0142o zaprojektowane specjalnie do zastosowa\u0144 w r\u00f3\u017cnych bran\u017cach, w tym w warsztatach naprawczych maszyn, gospodarstwach rolnych, energetyce i g\u00f3rnictwie, produkcji maszyn oraz fabrykach maszyn. Dzi\u0119ki najnowocze\u015bniejszej konstrukcji i doskona\u0142ym parametrom technicznym, ten si\u0142ownik hydrauliczny jest uosobieniem mechanicznej doskona\u0142o\u015bci.<\/p>\n<h2>Znaczenie cylindr\u00f3w hydraulicznych<\/h2>\n<p>Si\u0142owniki hydrauliczne to niezb\u0119dne elementy maszyn, w kt\u00f3rych wymagana jest si\u0142a i ruch. Stanowi\u0105 serce uk\u0142ad\u00f3w hydraulicznych, przekszta\u0142caj\u0105c energi\u0119 p\u0142ynu pod ci\u015bnieniem w si\u0142\u0119 mechaniczn\u0105. Dzi\u0119ki temu s\u0105 niezast\u0105pione w r\u00f3\u017cnych ga\u0142\u0119ziach przemys\u0142u, oferuj\u0105c niezawodne rozwi\u0105zanie dla wielu zastosowa\u0144.<\/p>\n<p><img loading=\"lazy\" decoding=\"async\" class=\"alignnone  wp-image-6665\" src=\"https:\/\/fmp-components.com\/wp-content\/uploads\/2025\/03\/telescopic-hydraulic-cylinder-9.webp\" alt=\"si\u0142ownik hydrauliczny teleskopowy\" width=\"793\" height=\"793\" title=\"\" srcset=\"https:\/\/fmp-components.com\/wp-content\/uploads\/2025\/03\/telescopic-hydraulic-cylinder-9.webp 793w, https:\/\/fmp-components.com\/wp-content\/uploads\/2025\/03\/telescopic-hydraulic-cylinder-9-480x480.webp 480w\" sizes=\"(min-width: 0px) and (max-width: 480px) 480px, (min-width: 481px) 793px, 100vw\" \/><\/p>\n<h2>Specyfikacja produktu<\/h2>\n<p>Nasz produkt mo\u017ce pochwali\u0107 si\u0119 szeregiem imponuj\u0105cych funkcji i specyfikacji:<\/p>\n<table style=\"width: 95.5978%;\" border=\"\">\n<tbody>\n<tr>\n<td style=\"width: 42.8571%;\"><i>Rozmiar otworu<\/i><\/td>\n<td style=\"width: 386.857%;\">2-6 cali<\/td>\n<\/tr>\n<tr>\n<td style=\"width: 42.8571%;\"><i>Rozmiar pr\u0119ta<\/i><\/td>\n<td style=\"width: 386.857%;\">1,125-4 cale<\/td>\n<\/tr>\n<tr>\n<td style=\"width: 42.8571%;\"><i>Rozmiar poci\u0105gni\u0119cia<\/i><\/td>\n<td style=\"width: 386.857%;\">4-100 cali<\/td>\n<\/tr>\n<tr>\n<td style=\"width: 42.8571%;\"><i>Rozmiar szpilki<\/i><\/td>\n<td style=\"width: 386.857%;\">0,5-2 cale<\/td>\n<\/tr>\n<tr>\n<td style=\"width: 42.8571%;\"><i>Porty<\/i><\/td>\n<td style=\"width: 386.857%;\">G\/SAE\/NPT\/M<\/td>\n<\/tr>\n<\/tbody>\n<\/table>\n<h2>Ekskluzywne funkcje i korzy\u015bci<\/h2>\n<p>Nasz wielostopniowy si\u0142ownik hydrauliczny wyr\u00f3\u017cnia si\u0119 swoimi unikalnymi cechami i zaletami:<\/p>\n<ul>\n<li>Energooszcz\u0119dny<\/li>\n<li>Wysoka wydajno\u015b\u0107<\/li>\n<li>Bezpiecze\u0144stwo<\/li>\n<\/ul>\n<h2>Zrozumienie uk\u0142ad\u00f3w hydraulicznych i zasad dzia\u0142ania<\/h2>\n<p>Uk\u0142ady hydrauliczne dzia\u0142aj\u0105 na zasadzie, \u017ce ci\u015bnienie przy\u0142o\u017cone w jednym punkcie jest przenoszone do drugiego punktu za po\u015brednictwem nie\u015bci\u015bliwego p\u0142ynu, zazwyczaj oleju. P\u0142ynem tym jest prawie zawsze jaki\u015b rodzaj oleju. Si\u0142a jest przenoszona w ten spos\u00f3b w ca\u0142ym uk\u0142adzie hydraulicznym, dzi\u0119ki czemu uk\u0142ad mo\u017ce by\u0107 u\u017cywany do sterowania ruchem.<\/p>\n<h2>Zastosowanie cylindr\u00f3w hydraulicznych<\/h2>\n<p>Si\u0142owniki hydrauliczne znajduj\u0105 szerokie zastosowanie w r\u00f3\u017cnych ga\u0142\u0119ziach przemys\u0142u, zapewniaj\u0105c niezb\u0119dn\u0105 moc i sterowanie dla niezliczonej liczby maszyn i urz\u0105dze\u0144. Od budownictwa i produkcji, po rolnictwo i g\u00f3rnictwo, urz\u0105dzenia te odgrywaj\u0105 kluczow\u0105 rol\u0119 w zapewnianiu wydajno\u015bci operacyjnej.<\/p>\n<h2>Si\u0142owniki hydrauliczne i agregaty nap\u0119dowe<\/h2>\n<p>Si\u0142owniki hydrauliczne i agregaty pr\u0105dotw\u00f3rcze stanowi\u0105 integralne elementy uk\u0142adu hydraulicznego. Ich skoordynowane dzia\u0142anie zapewnia szerokie zastosowanie technologii hydraulicznej w przemy\u015ble, zapewniaj\u0105c niezawodne zasilanie i sterowanie r\u00f3\u017cnorodnym sprz\u0119tem in\u017cynieryjnym i mechanicznym. Si\u0142ownik hydrauliczny, jako element wykonawczy, odpowiada za przekszta\u0142canie energii hydraulicznej w ruch mechaniczny, przekszta\u0142caj\u0105c ci\u015bnienie w si\u0142\u0119. Zesp\u00f3\u0142 nap\u0119dowy stanowi rdze\u0144, kt\u00f3ry dostarcza energi\u0119 i sygna\u0142y steruj\u0105ce wymagane przez uk\u0142ad hydrauliczny. Skoordynowana wsp\u00f3\u0142praca mi\u0119dzy nimi umo\u017cliwia prawid\u0142owe dzia\u0142anie uk\u0142adu hydraulicznego.<\/p>\n<h2>Cz\u0119sto zadawane pytania<\/h2>\n<p><strong>P: Jak d\u0142ugi jest czas dostawy?<\/strong><br \/>\nA: Zazwyczaj trwa to 25\u201335 dni.<\/p>\n<p><strong>P: Czy dostarczacie pr\u00f3bki? Czy s\u0105 darmowe czy dodatkowe?<\/strong><br \/>\nO: Tak, mogliby\u015bmy zaoferowa\u0107 pr\u00f3bk\u0119, ale nie jest ona darmowa.<\/p>\n<p><strong>P: Czy mo\u017cecie produkowa\u0107 na podstawie pr\u00f3bek?<\/strong><br \/>\nA: Tak, mo\u017cemy produkowa\u0107 na podstawie Twoich pr\u00f3bek lub rysunk\u00f3w technicznych. Mo\u017cemy budowa\u0107 formy i urz\u0105dzenia.<\/p>\n<h3>O FMP<\/h3>\n<p class=\"break-words\">FMP jest wiod\u0105cym w\u0142oskim producentem specjalizuj\u0105cym si\u0119 w projektowaniu, rozwoju i produkcji wysokiej jako\u015bci cylindr\u00f3w hydraulicznych. Dzi\u0119ki bogatemu dziedzictwu zakorzenionemu w dziesi\u0119cioleciach do\u015bwiadczenia, z dum\u0105 \u0142\u0105czymy w\u0142oskie rzemios\u0142o z najnowocze\u015bniejsz\u0105 technologi\u0105, aby dostarcza\u0107 wyj\u0105tkowe rozwi\u0105zania hydrauliczne dostosowane do zr\u00f3\u017cnicowanych potrzeb naszych globalnych klient\u00f3w. Maj\u0105c siedzib\u0119 we W\u0142oszech, w centrum doskona\u0142o\u015bci in\u017cynieryjnej, FMP jest zaufan\u0105 mark\u0105 w bran\u017cy hydraulicznej, zobowi\u0105zan\u0105 do dostarczania niezawodnych, trwa\u0142ych i innowacyjnych produkt\u00f3w, kt\u00f3re wzmacniaj\u0105 firmy na ca\u0142ym \u015bwiecie.<\/p>\n<p class=\"break-words\">Nasza firma integruje najlepsze tradycje zaawansowanej produkcji z przysz\u0142o\u015bciowym podej\u015bciem. Korzystaj\u0105c z wieloletniego do\u015bwiadczenia w systemach hydraulicznych, FMP przekszta\u0142ci\u0142o si\u0119 w nowoczesne przedsi\u0119biorstwo, kt\u00f3re wyr\u00f3\u017cnia si\u0119 w badaniach, projektowaniu i produkcji. Specjalizujemy si\u0119 w szerokiej gamie cylindr\u00f3w hydraulicznych, w tym cylindrach dwustronnego dzia\u0142ania, cylindrach podnosz\u0105cych do samochod\u00f3w, cylindrach do maszyn rolniczych i rozwi\u0105zaniach projektowanych na zam\u00f3wienie do r\u00f3\u017cnych zastosowa\u0144 przemys\u0142owych. Niezale\u017cnie od tego, czy chodzi o budownictwo, instalacje przemys\u0142owe, rolnictwo czy ci\u0119\u017cki sprz\u0119t, nasze cylindry hydrauliczne s\u0105 zbudowane tak, aby dzia\u0142a\u0142y w najtrudniejszych warunkach, zapewniaj\u0105c bezpiecze\u0144stwo, wydajno\u015b\u0107 i d\u0142ugowieczno\u015b\u0107.<\/p>\n<p><img loading=\"lazy\" decoding=\"async\" class=\"alignnone size-full wp-image-6720\" src=\"https:\/\/fmp-components.com\/wp-content\/uploads\/2025\/03\/hydraulic-cylinder-8.webp\" alt=\"Si\u0142owniki hydrauliczne teleskopowe\" width=\"933\" height=\"526\" title=\"\" srcset=\"https:\/\/fmp-components.com\/wp-content\/uploads\/2025\/03\/hydraulic-cylinder-8.webp 933w, https:\/\/fmp-components.com\/wp-content\/uploads\/2025\/03\/hydraulic-cylinder-8-480x271.webp 480w\" sizes=\"(min-width: 0px) and (max-width: 480px) 480px, (min-width: 481px) 933px, 100vw\" \/><\/p>\n<p class=\"break-words\">W FMP jeste\u015bmy dumni z naszych najnowocze\u015bniejszych zak\u0142ad\u00f3w produkcyjnych, wyposa\u017conych w precyzyjne maszyny i zaawansowane systemy testowe. Nasze procesy produkcyjne s\u0105 zgodne z rygorystycznymi normami krajowymi i mi\u0119dzynarodowymi, co zapewnia, \u017ce ka\u017cdy cylinder hydrauliczny opuszczaj\u0105cy nasz\u0105 fabryk\u0119 jest najwy\u017cszej jako\u015bci i niezawodno\u015bci. Nasz wykwalifikowany zesp\u00f3\u0142 techniczny w po\u0142\u0105czeniu z najnowocze\u015bniejszym sprz\u0119tem pozwala nam zachowa\u0107 \u015bcis\u0142\u0105 kontrol\u0119 jako\u015bci na ka\u017cdym etapie produkcji \u2014 od wyboru surowca po ko\u0144cow\u0105 kontrol\u0119. To oddanie doskona\u0142o\u015bci przynios\u0142o nam certyfikaty i uznanie autorytet\u00f3w bran\u017cowych, co dodatkowo umocni\u0142o nasz\u0105 reputacj\u0119 niezawodnego partnera.<\/p>\n<p class=\"break-words\">Nasza misja jest prosta, ale ambitna: dostarcza\u0107 naszym klientom cylindry hydrauliczne, kt\u00f3re przekraczaj\u0105 oczekiwania pod wzgl\u0119dem wydajno\u015bci, trwa\u0142o\u015bci i warto\u015bci. Dzia\u0142amy zgodnie z zasadami profesjonalizmu, uczciwo\u015bci i skupienia na kliencie. Poprzez promowanie kultury innowacji i precyzji nieustannie udoskonalamy nasze produkty, aby utrzyma\u0107 si\u0119 na czele konkurencyjnego rynku. Nasza kompleksowa oferta produkt\u00f3w i zdolno\u015b\u0107 do oferowania dostosowanych rozwi\u0105za\u0144 sprawiaj\u0105, \u017ce jeste\u015bmy pierwszym wyborem dla firm poszukuj\u0105cych wysokowydajnych cylindr\u00f3w hydraulicznych.<\/p>\n<p class=\"break-words\">FMP to co\u015b wi\u0119cej ni\u017c tylko producent \u2014 jeste\u015bmy partnerem w Twoim sukcesie. Rozumiemy, \u017ce nasi klienci polegaj\u0105 na nas, je\u015bli chodzi o dostarczanie narz\u0119dzi, kt\u00f3re zwi\u0119kszaj\u0105 ich produktywno\u015b\u0107 i bezpiecze\u0144stwo. Dlatego te\u017c jeste\u015bmy zobowi\u0105zani do oferowania nie tylko produkt\u00f3w najwy\u017cszej klasy, ale tak\u017ce wyj\u0105tkowej obs\u0142ugi. Od wst\u0119pnych konsultacji po wsparcie posprzeda\u017cowe, \u015bci\u015ble wsp\u00f3\u0142pracujemy z naszymi klientami, aby zapewni\u0107, \u017ce ich potrzeby s\u0105 spe\u0142niane z profesjonalizmem i trosk\u0105. Nasze konkurencyjne ceny w po\u0142\u0105czeniu z naszym niezachwianym zaanga\u017cowaniem w jako\u015b\u0107 sprawiaj\u0105, \u017ce FMP jest m\u0105drym wyborem dla firm, kt\u00f3re chc\u0105 zainwestowa\u0107 w rozwi\u0105zania hydrauliczne, kt\u00f3rym mog\u0105 zaufa\u0107.<\/p>","protected":false},"excerpt":{"rendered":"<p>Customized 5 Stage Telescopic Hydraulic Cylinders Multistage Hydraulic Cylinder For Sale Introducing the customized 5-stage telescopic hydraulic cylinders, a multi-stage hydraulic cylinder designed for optimal performance. This power-packed device is particularly engineered for use in various industries including machinery repair shops, farms, energy &amp; mining, machinery manufacturing, and machinery factories. With its cutting-edge design and [&hellip;]<\/p>","protected":false},"featured_media":6788,"comment_status":"closed","ping_status":"closed","template":"","meta":{"_et_pb_use_builder":"","_et_pb_old_content":"","_et_gb_content_width":""},"product_brand":[],"product_cat":[103],"product_tag":[34,105],"class_list":{"0":"post-6512","1":"product","2":"type-product","3":"status-publish","4":"has-post-thumbnail","6":"product_cat-telescopic-hydraulic-cylinders","7":"product_tag-hydraulic-cylinder","8":"product_tag-telescopic-hydraulic-cylinders","10":"first","11":"instock","12":"product-type-simple"},"_links":{"self":[{"href":"https:\/\/fmp-components.com\/pl\/wp-json\/wp\/v2\/product\/6512","targetHints":{"allow":["GET"]}}],"collection":[{"href":"https:\/\/fmp-components.com\/pl\/wp-json\/wp\/v2\/product"}],"about":[{"href":"https:\/\/fmp-components.com\/pl\/wp-json\/wp\/v2\/types\/product"}],"replies":[{"embeddable":true,"href":"https:\/\/fmp-components.com\/pl\/wp-json\/wp\/v2\/comments?post=6512"}],"wp:featuredmedia":[{"embeddable":true,"href":"https:\/\/fmp-components.com\/pl\/wp-json\/wp\/v2\/media\/6788"}],"wp:attachment":[{"href":"https:\/\/fmp-components.com\/pl\/wp-json\/wp\/v2\/media?parent=6512"}],"wp:term":[{"taxonomy":"product_brand","embeddable":true,"href":"https:\/\/fmp-components.com\/pl\/wp-json\/wp\/v2\/product_brand?post=6512"},{"taxonomy":"product_cat","embeddable":true,"href":"https:\/\/fmp-components.com\/pl\/wp-json\/wp\/v2\/product_cat?post=6512"},{"taxonomy":"product_tag","embeddable":true,"href":"https:\/\/fmp-components.com\/pl\/wp-json\/wp\/v2\/product_tag?post=6512"}],"curies":[{"name":"wp","href":"https:\/\/api.w.org\/{rel}","templated":true}]}}