{"id":6511,"date":"2025-03-11T06:26:57","date_gmt":"2025-03-11T06:26:57","guid":{"rendered":"https:\/\/fmp-components.com\/product\/competitive-price-telescopic-hydraulic-cylinder-hydraulic-cylinder-for-dump-trailer"},"modified":"2025-03-11T08:51:40","modified_gmt":"2025-03-11T08:51:40","slug":"competitive-price-telescopic-hydraulic-cylinder-hydraulic-cylinder-for-dump-trailer","status":"publish","type":"product","link":"https:\/\/fmp-components.com\/pl\/product\/competitive-price-telescopic-hydraulic-cylinder-hydraulic-cylinder-for-dump-trailer\/","title":{"rendered":"Konkurencyjna cena Teleskopowy si\u0142ownik hydrauliczny Si\u0142ownik hydrauliczny do przyczepy wywrotki"},"content":{"rendered":"<h2>Konkurencyjna cena Teleskopowy si\u0142ownik hydrauliczny Si\u0142ownik hydrauliczny do przyczepy wywrotki<\/h2>\n<p>Teleskopowy si\u0142ownik hydrauliczny do wywrotek firmy FMP to wyj\u0105tkowy produkt oferuj\u0105cy doskona\u0142\u0105 wydajno\u015b\u0107 i funkcjonalno\u015b\u0107. Zaprojektowany do r\u00f3\u017cnorodnych zastosowa\u0144, ten si\u0142ownik hydrauliczny jest kluczowym elementem w wielu bran\u017cach, co podkre\u015bla jego znaczenie i wszechstronno\u015b\u0107.<\/p>\n<h3>Dane techniczne<\/h3>\n<p>Si\u0142ownik hydrauliczny ma nast\u0119puj\u0105ce parametry techniczne:<\/p>\n<table style=\"width: 98.5375%;\" border=\"\">\n<tbody>\n<tr>\n<th style=\"width: 43.5028%;\">Rozmiar otworu<\/th>\n<td style=\"width: 477.401%;\">2-6 cali<\/td>\n<\/tr>\n<tr>\n<th style=\"width: 43.5028%;\">Rozmiar pr\u0119ta<\/th>\n<td style=\"width: 477.401%;\">1,125-4 cale<\/td>\n<\/tr>\n<tr>\n<th style=\"width: 43.5028%;\">Rozmiar poci\u0105gni\u0119cia<\/th>\n<td style=\"width: 477.401%;\">4-100 cali<\/td>\n<\/tr>\n<tr>\n<th style=\"width: 43.5028%;\">Rozmiar szpilki<\/th>\n<td style=\"width: 477.401%;\">0,5-2 cale<\/td>\n<\/tr>\n<tr>\n<th style=\"width: 43.5028%;\">Porty<\/th>\n<td style=\"width: 477.401%;\">G\/SAE\/NPT\/M<\/td>\n<\/tr>\n<\/tbody>\n<\/table>\n<h3>Unikalne cechy i zalety<\/h3>\n<h4>Energooszcz\u0119dny<\/h4>\n<p>Si\u0142ownik hydrauliczny zosta\u0142 starannie zaprojektowany, aby zu\u017cywa\u0107 mniej energii, zapewniaj\u0105c jednocze\u015bnie optymaln\u0105 wydajno\u015b\u0107. Ta energooszcz\u0119dna konstrukcja nie tylko obni\u017ca koszty operacyjne, ale r\u00f3wnie\u017c przyczynia si\u0119 do mniejszego wp\u0142ywu na \u015brodowisko. Maksymalnie wykorzystuj\u0105c p\u0142yn hydrauliczny i minimalizuj\u0105c straty energii, si\u0142ownik ten pomaga firmom osi\u0105ga\u0107 cele w zakresie zr\u00f3wnowa\u017conego rozwoju, utrzymuj\u0105c jednocze\u015bnie wysoki poziom produktywno\u015bci.<\/p>\n<h4>Wysoka wydajno\u015b\u0107<\/h4>\n<p>Dzi\u0119ki innowacyjnej, wielostopniowej konstrukcji, si\u0142ownik hydrauliczny charakteryzuje si\u0119 wysok\u0105 wydajno\u015bci\u0105 w szerokim zakresie warunk\u00f3w pracy. Konstrukcja ta pozwala na uzyskanie wi\u0119kszej si\u0142y wyj\u015bciowej przy zachowaniu kompaktowych rozmiar\u00f3w, co umo\u017cliwia \u0142atwe operowanie du\u017cymi obci\u0105\u017ceniami. Niezale\u017cnie od tego, czy si\u0142ownik pracuje w ekstremalnych temperaturach, czy przy zmiennym ci\u015bnieniu, zapewnia on sta\u0142\u0105 wydajno\u015b\u0107, co czyni go niezawodnym wyborem do wymagaj\u0105cych zastosowa\u0144 przemys\u0142owych.<\/p>\n<h4>Bezpiecze\u0144stwo<\/h4>\n<p>Bezpiecze\u0144stwo jest priorytetem przy projektowaniu tego si\u0142ownika hydraulicznego. Zosta\u0142 on skonstruowany zgodnie z najwy\u017cszymi standardami bezpiecze\u0144stwa, z uwzgl\u0119dnieniem funkcji chroni\u0105cych zar\u00f3wno u\u017cytkownik\u00f3w, jak i sprz\u0119t. Mechanizmy bezpiecze\u0144stwa obejmuj\u0105 zawory bezpiecze\u0144stwa i wytrzyma\u0142e materia\u0142y odporne na wysokie obci\u0105\u017cenia, gwarantuj\u0105c bezpieczne dzia\u0142anie si\u0142ownika nawet w trudnych warunkach. Priorytetem jest bezpiecze\u0144stwo, dlatego ten si\u0142ownik hydrauliczny minimalizuje ryzyko wypadk\u00f3w i zwi\u0119ksza og\u00f3ln\u0105 niezawodno\u015b\u0107 dzia\u0142ania, zapewniaj\u0105c u\u017cytkownikom spok\u00f3j ducha.<\/p>\n<p><img loading=\"lazy\" decoding=\"async\" class=\"alignnone  wp-image-6663\" src=\"https:\/\/fmp-components.com\/wp-content\/uploads\/2025\/03\/telescopic-hydraulic-cylinder-11.webp\" alt=\"si\u0142ownik hydrauliczny teleskopowy\" width=\"925\" height=\"925\" title=\"\" srcset=\"https:\/\/fmp-components.com\/wp-content\/uploads\/2025\/03\/telescopic-hydraulic-cylinder-11.webp 925w, https:\/\/fmp-components.com\/wp-content\/uploads\/2025\/03\/telescopic-hydraulic-cylinder-11-480x480.webp 480w\" sizes=\"(min-width: 0px) and (max-width: 480px) 480px, (min-width: 481px) 925px, 100vw\" \/><\/p>\n<h2>Jak dzia\u0142a uk\u0142ad hydrauliczny<\/h2>\n<p>Si\u0142ownik hydrauliczny jest kluczowym elementem uk\u0142adu hydraulicznego, odgrywaj\u0105cym kluczow\u0105 rol\u0119 w jego dzia\u0142aniu. Dzia\u0142a poprzez przekszta\u0142canie energii hydraulicznej w ruch mechaniczny, skutecznie dostarczaj\u0105c si\u0142\u0119 niezb\u0119dn\u0105 w r\u00f3\u017cnorodnych zastosowaniach przemys\u0142owych. Gdy p\u0142yn hydrauliczny jest spr\u0119\u017cany i kierowany do cylindra, wytwarza si\u0142\u0119, kt\u00f3ra porusza t\u0142ok wewn\u0105trz niego. Ruch ten przekszta\u0142ca si\u0119 w ruch liniowy, umo\u017cliwiaj\u0105c si\u0142ownikowi wykonywanie zada\u0144 takich jak podnoszenie, pchanie lub ci\u0105gni\u0119cie ci\u0119\u017ckich \u0142adunk\u00f3w. Wydajno\u015b\u0107 tego procesu jest zwi\u0119kszona dzi\u0119ki skoordynowanej interakcji mi\u0119dzy si\u0142ownikiem hydraulicznym a innymi elementami uk\u0142adu, takimi jak zesp\u00f3\u0142 nap\u0119dowy, kt\u00f3ry dostarcza niezb\u0119dne ci\u015bnienie. Ta synergia pozwala na precyzyjn\u0105 kontrol\u0119 i adaptacyjno\u015b\u0107, dzi\u0119ki czemu uk\u0142ady hydrauliczne s\u0105 niezb\u0119dne w szerokim zakresie dzia\u0142alno\u015bci przemys\u0142owej, od budownictwa po produkcj\u0119.<\/p>\n<h3>O FMP<\/h3>\n<p class=\"break-words\">FMP jest wiod\u0105cym w\u0142oskim producentem specjalizuj\u0105cym si\u0119 w projektowaniu, rozwoju i produkcji wysokiej jako\u015bci cylindr\u00f3w hydraulicznych. Dzi\u0119ki bogatemu dziedzictwu zakorzenionemu w dziesi\u0119cioleciach do\u015bwiadczenia, z dum\u0105 \u0142\u0105czymy w\u0142oskie rzemios\u0142o z najnowocze\u015bniejsz\u0105 technologi\u0105, aby dostarcza\u0107 wyj\u0105tkowe rozwi\u0105zania hydrauliczne dostosowane do zr\u00f3\u017cnicowanych potrzeb naszych globalnych klient\u00f3w. Maj\u0105c siedzib\u0119 we W\u0142oszech, w centrum doskona\u0142o\u015bci in\u017cynieryjnej, FMP jest zaufan\u0105 mark\u0105 w bran\u017cy hydraulicznej, zobowi\u0105zan\u0105 do dostarczania niezawodnych, trwa\u0142ych i innowacyjnych produkt\u00f3w, kt\u00f3re wzmacniaj\u0105 firmy na ca\u0142ym \u015bwiecie.<\/p>\n<p class=\"break-words\">Nasza firma integruje najlepsze tradycje zaawansowanej produkcji z przysz\u0142o\u015bciowym podej\u015bciem. Korzystaj\u0105c z wieloletniego do\u015bwiadczenia w systemach hydraulicznych, FMP przekszta\u0142ci\u0142o si\u0119 w nowoczesne przedsi\u0119biorstwo, kt\u00f3re wyr\u00f3\u017cnia si\u0119 w badaniach, projektowaniu i produkcji. Specjalizujemy si\u0119 w szerokiej gamie cylindr\u00f3w hydraulicznych, w tym cylindrach dwustronnego dzia\u0142ania, cylindrach podnosz\u0105cych do samochod\u00f3w, cylindrach do maszyn rolniczych i rozwi\u0105zaniach projektowanych na zam\u00f3wienie do r\u00f3\u017cnych zastosowa\u0144 przemys\u0142owych. Niezale\u017cnie od tego, czy chodzi o budownictwo, instalacje przemys\u0142owe, rolnictwo czy ci\u0119\u017cki sprz\u0119t, nasze cylindry hydrauliczne s\u0105 zbudowane tak, aby dzia\u0142a\u0142y w najtrudniejszych warunkach, zapewniaj\u0105c bezpiecze\u0144stwo, wydajno\u015b\u0107 i d\u0142ugowieczno\u015b\u0107.<\/p>\n<p><img loading=\"lazy\" decoding=\"async\" class=\"alignnone size-full wp-image-6720\" src=\"https:\/\/fmp-components.com\/wp-content\/uploads\/2025\/03\/hydraulic-cylinder-8.webp\" alt=\"Si\u0142owniki hydrauliczne teleskopowe\" width=\"933\" height=\"526\" title=\"\" srcset=\"https:\/\/fmp-components.com\/wp-content\/uploads\/2025\/03\/hydraulic-cylinder-8.webp 933w, https:\/\/fmp-components.com\/wp-content\/uploads\/2025\/03\/hydraulic-cylinder-8-480x271.webp 480w\" sizes=\"(min-width: 0px) and (max-width: 480px) 480px, (min-width: 481px) 933px, 100vw\" \/><\/p>\n<p class=\"break-words\">W FMP jeste\u015bmy dumni z naszych najnowocze\u015bniejszych zak\u0142ad\u00f3w produkcyjnych, wyposa\u017conych w precyzyjne maszyny i zaawansowane systemy testowe. Nasze procesy produkcyjne s\u0105 zgodne z rygorystycznymi normami krajowymi i mi\u0119dzynarodowymi, co zapewnia, \u017ce ka\u017cdy cylinder hydrauliczny opuszczaj\u0105cy nasz\u0105 fabryk\u0119 jest najwy\u017cszej jako\u015bci i niezawodno\u015bci. Nasz wykwalifikowany zesp\u00f3\u0142 techniczny w po\u0142\u0105czeniu z najnowocze\u015bniejszym sprz\u0119tem pozwala nam zachowa\u0107 \u015bcis\u0142\u0105 kontrol\u0119 jako\u015bci na ka\u017cdym etapie produkcji \u2014 od wyboru surowca po ko\u0144cow\u0105 kontrol\u0119. To oddanie doskona\u0142o\u015bci przynios\u0142o nam certyfikaty i uznanie autorytet\u00f3w bran\u017cowych, co dodatkowo umocni\u0142o nasz\u0105 reputacj\u0119 niezawodnego partnera.<\/p>\n<p class=\"break-words\">Nasza misja jest prosta, ale ambitna: dostarcza\u0107 naszym klientom cylindry hydrauliczne, kt\u00f3re przekraczaj\u0105 oczekiwania pod wzgl\u0119dem wydajno\u015bci, trwa\u0142o\u015bci i warto\u015bci. Dzia\u0142amy zgodnie z zasadami profesjonalizmu, uczciwo\u015bci i skupienia na kliencie. Poprzez promowanie kultury innowacji i precyzji nieustannie udoskonalamy nasze produkty, aby utrzyma\u0107 si\u0119 na czele konkurencyjnego rynku. Nasza kompleksowa oferta produkt\u00f3w i zdolno\u015b\u0107 do oferowania dostosowanych rozwi\u0105za\u0144 sprawiaj\u0105, \u017ce jeste\u015bmy pierwszym wyborem dla firm poszukuj\u0105cych wysokowydajnych cylindr\u00f3w hydraulicznych.<\/p>\n<p class=\"break-words\">FMP to co\u015b wi\u0119cej ni\u017c tylko producent \u2014 jeste\u015bmy partnerem w Twoim sukcesie. Rozumiemy, \u017ce nasi klienci polegaj\u0105 na nas, je\u015bli chodzi o dostarczanie narz\u0119dzi, kt\u00f3re zwi\u0119kszaj\u0105 ich produktywno\u015b\u0107 i bezpiecze\u0144stwo. Dlatego te\u017c jeste\u015bmy zobowi\u0105zani do oferowania nie tylko produkt\u00f3w najwy\u017cszej klasy, ale tak\u017ce wyj\u0105tkowej obs\u0142ugi. Od wst\u0119pnych konsultacji po wsparcie posprzeda\u017cowe, \u015bci\u015ble wsp\u00f3\u0142pracujemy z naszymi klientami, aby zapewni\u0107, \u017ce ich potrzeby s\u0105 spe\u0142niane z profesjonalizmem i trosk\u0105. Nasze konkurencyjne ceny w po\u0142\u0105czeniu z naszym niezachwianym zaanga\u017cowaniem w jako\u015b\u0107 sprawiaj\u0105, \u017ce FMP jest m\u0105drym wyborem dla firm, kt\u00f3re chc\u0105 zainwestowa\u0107 w rozwi\u0105zania hydrauliczne, kt\u00f3rym mog\u0105 zaufa\u0107.<\/p>\n<p><img loading=\"lazy\" decoding=\"async\" class=\"alignnone  wp-image-6717\" src=\"https:\/\/fmp-components.com\/wp-content\/uploads\/2025\/03\/hydraulic-cylinder-211.webp\" alt=\"Si\u0142owniki hydrauliczne\" width=\"954\" height=\"956\" title=\"\" srcset=\"https:\/\/fmp-components.com\/wp-content\/uploads\/2025\/03\/hydraulic-cylinder-211.webp 954w, https:\/\/fmp-components.com\/wp-content\/uploads\/2025\/03\/hydraulic-cylinder-211-480x481.webp 480w\" sizes=\"(min-width: 0px) and (max-width: 480px) 480px, (min-width: 481px) 954px, 100vw\" \/><\/p>\n<h2>Cz\u0119sto zadawane pytania<\/h2>\n<dl>\n<dt>P: Jak d\u0142ugi jest czas dostawy?<\/dt>\n<dd>A: Zazwyczaj jest to 25\u201335 dni.<\/dd>\n<dt>P: Czy dostarczacie pr\u00f3bki? Czy s\u0105 darmowe czy dodatkowe?<\/dt>\n<dd>O: Tak, mogliby\u015bmy zaoferowa\u0107 pr\u00f3bk\u0119, ale nie jest ona darmowa.<\/dd>\n<dt>P: Czy mo\u017cecie produkowa\u0107 na podstawie pr\u00f3bek?<\/dt>\n<dd>A: Tak, mo\u017cemy produkowa\u0107 na podstawie Twoich pr\u00f3bek lub rysunk\u00f3w technicznych. Mo\u017cemy budowa\u0107 formy i urz\u0105dzenia.<\/dd>\n<\/dl>","protected":false},"excerpt":{"rendered":"<p>Competitive Price Telescopic Hydraulic Cylinder Hydraulic Cylinder For Dump Trailer The Telescopic hydraulic cylinder for Dump Trailers From FMP is an exceptional product offering superior performance and functionality. Designed for a variety of applications, this hydraulic cylinder is a critical component in many industries, highlighting its importance and versatility. Technical Specifications The hydraulic cylinder comes [&hellip;]<\/p>","protected":false},"featured_media":6681,"comment_status":"closed","ping_status":"closed","template":"","meta":{"_et_pb_use_builder":"","_et_pb_old_content":"","_et_gb_content_width":""},"product_brand":[],"product_cat":[103],"product_tag":[34,105],"class_list":{"0":"post-6511","1":"product","2":"type-product","3":"status-publish","4":"has-post-thumbnail","6":"product_cat-telescopic-hydraulic-cylinders","7":"product_tag-hydraulic-cylinder","8":"product_tag-telescopic-hydraulic-cylinders","10":"first","11":"instock","12":"product-type-simple"},"_links":{"self":[{"href":"https:\/\/fmp-components.com\/pl\/wp-json\/wp\/v2\/product\/6511","targetHints":{"allow":["GET"]}}],"collection":[{"href":"https:\/\/fmp-components.com\/pl\/wp-json\/wp\/v2\/product"}],"about":[{"href":"https:\/\/fmp-components.com\/pl\/wp-json\/wp\/v2\/types\/product"}],"replies":[{"embeddable":true,"href":"https:\/\/fmp-components.com\/pl\/wp-json\/wp\/v2\/comments?post=6511"}],"wp:featuredmedia":[{"embeddable":true,"href":"https:\/\/fmp-components.com\/pl\/wp-json\/wp\/v2\/media\/6681"}],"wp:attachment":[{"href":"https:\/\/fmp-components.com\/pl\/wp-json\/wp\/v2\/media?parent=6511"}],"wp:term":[{"taxonomy":"product_brand","embeddable":true,"href":"https:\/\/fmp-components.com\/pl\/wp-json\/wp\/v2\/product_brand?post=6511"},{"taxonomy":"product_cat","embeddable":true,"href":"https:\/\/fmp-components.com\/pl\/wp-json\/wp\/v2\/product_cat?post=6511"},{"taxonomy":"product_tag","embeddable":true,"href":"https:\/\/fmp-components.com\/pl\/wp-json\/wp\/v2\/product_tag?post=6511"}],"curies":[{"name":"wp","href":"https:\/\/api.w.org\/{rel}","templated":true}]}}