{"id":6510,"date":"2025-03-11T06:26:57","date_gmt":"2025-03-11T06:26:57","guid":{"rendered":"https:\/\/fmp-components.com\/product\/guaranteed-quality-mini-dump-truck-hydraulic-cylinders-telescopic-hydraulic-cylinder"},"modified":"2025-03-18T01:06:37","modified_gmt":"2025-03-18T01:06:37","slug":"guaranteed-quality-mini-dump-truck-hydraulic-cylinders-telescopic-hydraulic-cylinder","status":"publish","type":"product","link":"https:\/\/fmp-components.com\/pl\/product\/guaranteed-quality-mini-dump-truck-hydraulic-cylinders-telescopic-hydraulic-cylinder\/","title":{"rendered":"Gwarantowana jako\u015b\u0107, cylindry hydrauliczne do miniwywrotek, teleskopowe cylindry hydrauliczne"},"content":{"rendered":"<h2>Gwarantowana jako\u015b\u0107, cylindry hydrauliczne do miniwywrotek, teleskopowe cylindry hydrauliczne<\/h2>\n<p>Przedstawiamy nasze najwy\u017cszej jako\u015bci teleskopowe si\u0142owniki hydrauliczne do miniwywrotek \u2013 nowo\u015b\u0107 na rok 2025. To standardowy si\u0142ownik hydrauliczny z t\u0142okiem, zaprojektowany specjalnie dla warsztat\u00f3w naprawczych maszyn, gospodarstw rolnych, energetyki i g\u00f3rnictwa oraz przemys\u0142u maszynowego. Wykonany jest z wytrzyma\u0142ej stali i charakteryzuje si\u0119 wielostopniow\u0105 konstrukcj\u0105, idealn\u0105 do ci\u0119\u017ckich zastosowa\u0144.<\/p>\n<h3>Unikalne cechy i korzy\u015bci<\/h3>\n<ul>\n<li><b>Energooszcz\u0119dny:<\/b> Nasz si\u0142ownik hydrauliczny zaprojektowano tak, aby zu\u017cywa\u0142 mniej energii, dzi\u0119ki czemu jest bardziej wydajny i przyjazny dla \u015brodowiska.<\/li>\n<li><b>Wysoka wydajno\u015b\u0107:<\/b> Maksymalna si\u0142a ci\u0105gu 3000 i maksymalny uci\u0105g 20 ton zapewniaj\u0105 wyj\u0105tkow\u0105 moc do ka\u017cdego zadania.<\/li>\n<li><b>Bezpiecze\u0144stwo:<\/b> Nasz produkt posiada certyfikat ISO9001:2000, co gwarantuje jego bezpiecze\u0144stwo i niezawodno\u015b\u0107.<\/li>\n<\/ul>\n<h3>Szczeg\u00f3\u0142y techniczne<\/h3>\n<p>Nasz si\u0142ownik hydrauliczny ma \u015brednic\u0119 cylindra od 2 do 6 cali, \u015brednic\u0119 t\u0142oczyska od 1,125 do 4 cali i skok od 4 do 100 cali. Wyposa\u017cony jest w przy\u0142\u0105cza G\/SAE\/NPT\/M oraz trzpie\u0144 o \u015brednicy 0,5 do 2 cali. Wszystkie te cechy zapewniaj\u0105 jego wszechstronno\u015b\u0107 i mo\u017cliwo\u015b\u0107 adaptacji w r\u00f3\u017cnych warunkach pracy.<\/p>\n<table style=\"width: 101.488%;\" border=\"\">\n<tbody>\n<tr>\n<td style=\"width: 42.9379%;\"><i>Rozmiar otworu<\/i><\/td>\n<td style=\"width: 481.921%;\">2-6 cali<\/td>\n<\/tr>\n<tr>\n<td style=\"width: 42.9379%;\"><i>Rozmiar pr\u0119ta<\/i><\/td>\n<td style=\"width: 481.921%;\">1,125-4 cale<\/td>\n<\/tr>\n<tr>\n<td style=\"width: 42.9379%;\"><i>Rozmiar poci\u0105gni\u0119cia<\/i><\/td>\n<td style=\"width: 481.921%;\">4-100 cali<\/td>\n<\/tr>\n<tr>\n<td style=\"width: 42.9379%;\"><i>Rozmiar szpilki<\/i><\/td>\n<td style=\"width: 481.921%;\">0,5-2 cale<\/td>\n<\/tr>\n<tr>\n<td style=\"width: 42.9379%;\"><i>Porty<\/i><\/td>\n<td style=\"width: 481.921%;\">G\/SAE\/NPT\/M<\/td>\n<\/tr>\n<\/tbody>\n<\/table>\n<h3>Uk\u0142ad hydrauliczny i zasada dzia\u0142ania<\/h3>\n<p>Nasze cylindry hydrauliczne dzia\u0142aj\u0105 w oparciu o fundamentaln\u0105 zasad\u0119 mno\u017cenia cieczy pod ci\u015bnieniem. System ten zosta\u0142 zaprojektowany tak, aby wykorzysta\u0107 moc cieczy hydraulicznej, umo\u017cliwiaj\u0105c efektywne przenoszenie si\u0142y i ruchu. Dzi\u0119ki zastosowaniu cieczy pod ci\u015bnieniem, nasze cylindry hydrauliczne mog\u0105 zwi\u0119ksza\u0107 si\u0142\u0119 wyj\u015bciow\u0105, umo\u017cliwiaj\u0105c im \u0142atwe i precyzyjne wykonywanie wymagaj\u0105cych zada\u0144. Taka konstrukcja nie tylko zapewnia sta\u0142\u0105 wydajno\u015b\u0107 w r\u00f3\u017cnych zastosowaniach, ale tak\u017ce spe\u0142nia najwy\u017csze standardy bezpiecze\u0144stwa i wydajno\u015bci. Uk\u0142ad hydrauliczny zosta\u0142 starannie wykonany, aby zminimalizowa\u0107 straty energii, zmaksymalizowa\u0107 wydajno\u015b\u0107 i zachowa\u0107 integralno\u015b\u0107 operacyjn\u0105, co czyni go niezb\u0119dnym elementem nowoczesnych maszyn przemys\u0142owych.<\/p>\n<p><img loading=\"lazy\" decoding=\"async\" class=\"alignnone wp-image-6657\" src=\"https:\/\/fmp-components.com\/wp-content\/uploads\/2025\/03\/telescopic-hydraulic-cylinder-3.webp\" alt=\"si\u0142ownik hydrauliczny teleskopowy\" width=\"917\" height=\"917\" title=\"\" srcset=\"https:\/\/fmp-components.com\/wp-content\/uploads\/2025\/03\/telescopic-hydraulic-cylinder-3.webp 917w, https:\/\/fmp-components.com\/wp-content\/uploads\/2025\/03\/telescopic-hydraulic-cylinder-3-480x480.webp 480w\" sizes=\"(min-width: 0px) and (max-width: 480px) 480px, (min-width: 481px) 917px, 100vw\" \/><\/p>\n<h3>Si\u0142owniki hydrauliczne i agregaty nap\u0119dowe<\/h3>\n<p>Si\u0142owniki hydrauliczne i agregaty nap\u0119dowe s\u0105 integralnymi elementami ka\u017cdego uk\u0142adu hydraulicznego, wsp\u00f3\u0142pracuj\u0105c ze sob\u0105 w celu zapewnienia optymalnej wydajno\u015bci. Si\u0142ownik hydrauliczny pe\u0142ni funkcj\u0119 si\u0142ownika, odpowiedzialnego za przekszta\u0142canie energii hydraulicznej w ruch mechaniczny. Przekszta\u0142ca ci\u015bnienie w si\u0142\u0119, umo\u017cliwiaj\u0105c wykonywanie szerokiego zakresu zada\u0144, od podnoszenia i pchania, po zaciskanie i obracanie. Z drugiej strony, agregat nap\u0119dowy stanowi serce uk\u0142adu hydraulicznego, dostarczaj\u0105c niezb\u0119dn\u0105 energi\u0119 i sygna\u0142y steruj\u0105ce. Generuje i reguluje ci\u015bnienie p\u0142ynu hydraulicznego, zapewniaj\u0105c p\u0142ynn\u0105 i wydajn\u0105 prac\u0119 si\u0142ownika.<\/p>\n<p>Skoordynowane dzia\u0142anie si\u0142ownika hydraulicznego i zespo\u0142u nap\u0119dowego ma kluczowe znaczenie dla efektywnego wdro\u017cenia technologii hydraulicznej w r\u00f3\u017cnych bran\u017cach. Ta synergia nie tylko zapewnia niezawodne zasilanie i sterowanie urz\u0105dzeniami in\u017cynieryjnymi i mechanicznymi, ale tak\u017ce zwi\u0119ksza og\u00f3ln\u0105 wydajno\u015b\u0107 operacji. Dzi\u0119ki p\u0142ynnej wsp\u00f3\u0142pracy obu komponent\u00f3w, uk\u0142ad hydrauliczny mo\u017ce wykonywa\u0107 z\u0142o\u017cone zadania z precyzj\u0105 i niezawodno\u015bci\u0105. W FMP oferujemy r\u00f3wnie\u017c szerok\u0105 gam\u0119 zespo\u0142\u00f3w nap\u0119dowych, zaprojektowanych jako uzupe\u0142nienie naszych si\u0142ownik\u00f3w hydraulicznych i zapewniaj\u0105cych kompleksowe rozwi\u0105zania dla Pa\u0144stwa potrzeb w zakresie uk\u0142ad\u00f3w hydraulicznych. Nasze zaanga\u017cowanie w jako\u015b\u0107 i innowacyjno\u015b\u0107 gwarantuje, \u017ce otrzymaj\u0105 Pa\u0144stwo najskuteczniejsze produkty, kt\u00f3re zwi\u0119ksz\u0105 Pa\u0144stwa mo\u017cliwo\u015bci operacyjne.<\/p>\n<p><img loading=\"lazy\" decoding=\"async\" class=\"alignnone wp-image-6658\" src=\"https:\/\/fmp-components.com\/wp-content\/uploads\/2025\/03\/telescopic-hydraulic-cylinder-6.webp\" alt=\"si\u0142ownik hydrauliczny teleskopowy\" width=\"929\" height=\"929\" title=\"\" srcset=\"https:\/\/fmp-components.com\/wp-content\/uploads\/2025\/03\/telescopic-hydraulic-cylinder-6.webp 929w, https:\/\/fmp-components.com\/wp-content\/uploads\/2025\/03\/telescopic-hydraulic-cylinder-6-480x480.webp 480w\" sizes=\"(min-width: 0px) and (max-width: 480px) 480px, (min-width: 481px) 929px, 100vw\" \/><\/p>\n<h2>Cz\u0119sto zadawane pytania<\/h2>\n<p><b>P: Czy jeste\u015b firm\u0105 handlow\u0105 lub produkcyjn\u0105?<\/b><br \/>\nA: Jeste\u015bmy fabryk\u0105.<\/p>\n<p><b>P: Jak d\u0142ugi jest czas dostawy?<\/b><br \/>\nA: Zazwyczaj jest to 25\u201335 dni.<\/p>\n<p><b>P: Czy udost\u0119pniacie pr\u00f3bki? Czy s\u0105 one bezp\u0142atne czy dodatkowo p\u0142atne?<\/b><br \/>\nO: Tak, mogliby\u015bmy zaoferowa\u0107 pr\u00f3bk\u0119, ale nie jest ona darmowa.<\/p>\n<h3>O FMP<\/h3>\n<p class=\"break-words\">FMP jest wiod\u0105cym w\u0142oskim producentem specjalizuj\u0105cym si\u0119 w projektowaniu, rozwoju i produkcji wysokiej jako\u015bci cylindr\u00f3w hydraulicznych. Dzi\u0119ki bogatemu dziedzictwu zakorzenionemu w dziesi\u0119cioleciach do\u015bwiadczenia, z dum\u0105 \u0142\u0105czymy w\u0142oskie rzemios\u0142o z najnowocze\u015bniejsz\u0105 technologi\u0105, aby dostarcza\u0107 wyj\u0105tkowe rozwi\u0105zania hydrauliczne dostosowane do zr\u00f3\u017cnicowanych potrzeb naszych globalnych klient\u00f3w. Maj\u0105c siedzib\u0119 we W\u0142oszech, w centrum doskona\u0142o\u015bci in\u017cynieryjnej, FMP jest zaufan\u0105 mark\u0105 w bran\u017cy hydraulicznej, zobowi\u0105zan\u0105 do dostarczania niezawodnych, trwa\u0142ych i innowacyjnych produkt\u00f3w, kt\u00f3re wzmacniaj\u0105 firmy na ca\u0142ym \u015bwiecie.<\/p>\n<p class=\"break-words\">Nasza firma integruje najlepsze tradycje zaawansowanej produkcji z przysz\u0142o\u015bciowym podej\u015bciem. Korzystaj\u0105c z wieloletniego do\u015bwiadczenia w systemach hydraulicznych, FMP przekszta\u0142ci\u0142o si\u0119 w nowoczesne przedsi\u0119biorstwo, kt\u00f3re wyr\u00f3\u017cnia si\u0119 w badaniach, projektowaniu i produkcji. Specjalizujemy si\u0119 w szerokiej gamie cylindr\u00f3w hydraulicznych, w tym cylindrach dwustronnego dzia\u0142ania, cylindrach podnosz\u0105cych do samochod\u00f3w, cylindrach do maszyn rolniczych i rozwi\u0105zaniach projektowanych na zam\u00f3wienie do r\u00f3\u017cnych zastosowa\u0144 przemys\u0142owych. Niezale\u017cnie od tego, czy chodzi o budownictwo, instalacje przemys\u0142owe, rolnictwo czy ci\u0119\u017cki sprz\u0119t, nasze cylindry hydrauliczne s\u0105 zbudowane tak, aby dzia\u0142a\u0142y w najtrudniejszych warunkach, zapewniaj\u0105c bezpiecze\u0144stwo, wydajno\u015b\u0107 i d\u0142ugowieczno\u015b\u0107.<\/p>\n<p><img loading=\"lazy\" decoding=\"async\" class=\"alignnone size-full wp-image-6720\" src=\"https:\/\/fmp-components.com\/wp-content\/uploads\/2025\/03\/hydraulic-cylinder-8.webp\" alt=\"Si\u0142owniki hydrauliczne teleskopowe\" width=\"933\" height=\"526\" title=\"\" srcset=\"https:\/\/fmp-components.com\/wp-content\/uploads\/2025\/03\/hydraulic-cylinder-8.webp 933w, https:\/\/fmp-components.com\/wp-content\/uploads\/2025\/03\/hydraulic-cylinder-8-480x271.webp 480w\" sizes=\"(min-width: 0px) and (max-width: 480px) 480px, (min-width: 481px) 933px, 100vw\" \/><\/p>\n<p class=\"break-words\">W FMP jeste\u015bmy dumni z naszych najnowocze\u015bniejszych zak\u0142ad\u00f3w produkcyjnych, wyposa\u017conych w precyzyjne maszyny i zaawansowane systemy testowe. Nasze procesy produkcyjne s\u0105 zgodne z rygorystycznymi normami krajowymi i mi\u0119dzynarodowymi, co zapewnia, \u017ce ka\u017cdy cylinder hydrauliczny opuszczaj\u0105cy nasz\u0105 fabryk\u0119 jest najwy\u017cszej jako\u015bci i niezawodno\u015bci. Nasz wykwalifikowany zesp\u00f3\u0142 techniczny w po\u0142\u0105czeniu z najnowocze\u015bniejszym sprz\u0119tem pozwala nam zachowa\u0107 \u015bcis\u0142\u0105 kontrol\u0119 jako\u015bci na ka\u017cdym etapie produkcji \u2014 od wyboru surowca po ko\u0144cow\u0105 kontrol\u0119. To oddanie doskona\u0142o\u015bci przynios\u0142o nam certyfikaty i uznanie autorytet\u00f3w bran\u017cowych, co dodatkowo umocni\u0142o nasz\u0105 reputacj\u0119 niezawodnego partnera.<\/p>\n<p class=\"break-words\">Nasza misja jest prosta, ale ambitna: dostarcza\u0107 naszym klientom cylindry hydrauliczne, kt\u00f3re przekraczaj\u0105 oczekiwania pod wzgl\u0119dem wydajno\u015bci, trwa\u0142o\u015bci i warto\u015bci. Dzia\u0142amy zgodnie z zasadami profesjonalizmu, uczciwo\u015bci i skupienia na kliencie. Poprzez promowanie kultury innowacji i precyzji nieustannie udoskonalamy nasze produkty, aby utrzyma\u0107 si\u0119 na czele konkurencyjnego rynku. Nasza kompleksowa oferta produkt\u00f3w i zdolno\u015b\u0107 do oferowania dostosowanych rozwi\u0105za\u0144 sprawiaj\u0105, \u017ce jeste\u015bmy pierwszym wyborem dla firm poszukuj\u0105cych wysokowydajnych cylindr\u00f3w hydraulicznych.<\/p>\n<p class=\"break-words\">FMP to co\u015b wi\u0119cej ni\u017c tylko producent \u2014 jeste\u015bmy partnerem w Twoim sukcesie. Rozumiemy, \u017ce nasi klienci polegaj\u0105 na nas, je\u015bli chodzi o dostarczanie narz\u0119dzi, kt\u00f3re zwi\u0119kszaj\u0105 ich produktywno\u015b\u0107 i bezpiecze\u0144stwo. Dlatego te\u017c jeste\u015bmy zobowi\u0105zani do oferowania nie tylko produkt\u00f3w najwy\u017cszej klasy, ale tak\u017ce wyj\u0105tkowej obs\u0142ugi. Od wst\u0119pnych konsultacji po wsparcie posprzeda\u017cowe, \u015bci\u015ble wsp\u00f3\u0142pracujemy z naszymi klientami, aby zapewni\u0107, \u017ce ich potrzeby s\u0105 spe\u0142niane z profesjonalizmem i trosk\u0105. Nasze konkurencyjne ceny w po\u0142\u0105czeniu z naszym niezachwianym zaanga\u017cowaniem w jako\u015b\u0107 sprawiaj\u0105, \u017ce FMP jest m\u0105drym wyborem dla firm, kt\u00f3re chc\u0105 zainwestowa\u0107 w rozwi\u0105zania hydrauliczne, kt\u00f3rym mog\u0105 zaufa\u0107.<\/p>","protected":false},"excerpt":{"rendered":"<p>Guaranteed Quality Mini Dump Truck Hydraulic Cylinders Telescopic Hydraulic Cylinder Introducing our top-quality Mini Dump Truck Hydraulic Cylinders Telescopic Hydraulic Cylinder, a new product for 2025. This product is a standard, plunger cylinder type hydraulic cylinder, designed specifically for the Machinery Repair Shops, Farms, Energy &amp; Mining, and Machinery Manufacturing industries. It\u2019s made from robust [&hellip;]<\/p>","protected":false},"featured_media":6685,"comment_status":"closed","ping_status":"closed","template":"","meta":{"_et_pb_use_builder":"","_et_pb_old_content":"","_et_gb_content_width":""},"product_brand":[],"product_cat":[103],"product_tag":[34,105],"class_list":{"0":"post-6510","1":"product","2":"type-product","3":"status-publish","4":"has-post-thumbnail","6":"product_cat-telescopic-hydraulic-cylinders","7":"product_tag-hydraulic-cylinder","8":"product_tag-telescopic-hydraulic-cylinders","10":"first","11":"instock","12":"product-type-simple"},"_links":{"self":[{"href":"https:\/\/fmp-components.com\/pl\/wp-json\/wp\/v2\/product\/6510","targetHints":{"allow":["GET"]}}],"collection":[{"href":"https:\/\/fmp-components.com\/pl\/wp-json\/wp\/v2\/product"}],"about":[{"href":"https:\/\/fmp-components.com\/pl\/wp-json\/wp\/v2\/types\/product"}],"replies":[{"embeddable":true,"href":"https:\/\/fmp-components.com\/pl\/wp-json\/wp\/v2\/comments?post=6510"}],"wp:featuredmedia":[{"embeddable":true,"href":"https:\/\/fmp-components.com\/pl\/wp-json\/wp\/v2\/media\/6685"}],"wp:attachment":[{"href":"https:\/\/fmp-components.com\/pl\/wp-json\/wp\/v2\/media?parent=6510"}],"wp:term":[{"taxonomy":"product_brand","embeddable":true,"href":"https:\/\/fmp-components.com\/pl\/wp-json\/wp\/v2\/product_brand?post=6510"},{"taxonomy":"product_cat","embeddable":true,"href":"https:\/\/fmp-components.com\/pl\/wp-json\/wp\/v2\/product_cat?post=6510"},{"taxonomy":"product_tag","embeddable":true,"href":"https:\/\/fmp-components.com\/pl\/wp-json\/wp\/v2\/product_tag?post=6510"}],"curies":[{"name":"wp","href":"https:\/\/api.w.org\/{rel}","templated":true}]}}