{"id":6509,"date":"2025-03-11T06:26:57","date_gmt":"2025-03-11T06:26:57","guid":{"rendered":"https:\/\/fmp-components.com\/product\/factory-direct-sale-dump-truck-hydraulic-hoist-cylinder-multistage-telescopic-hydraulic-cylinder"},"modified":"2025-03-11T08:59:23","modified_gmt":"2025-03-11T08:59:23","slug":"factory-direct-sale-dump-truck-hydraulic-hoist-cylinder-multistage-telescopic-hydraulic-cylinder","status":"publish","type":"product","link":"https:\/\/fmp-components.com\/pl\/product\/factory-direct-sale-dump-truck-hydraulic-hoist-cylinder-multistage-telescopic-hydraulic-cylinder\/","title":{"rendered":"Sprzeda\u017c bezpo\u015brednia z fabryki, si\u0142ownik hydrauliczny podno\u015bnika do wywrotek, wielostopniowy teleskopowy si\u0142ownik hydrauliczny"},"content":{"rendered":"<h2>Sprzeda\u017c bezpo\u015brednia z fabryki, si\u0142ownik hydrauliczny podno\u015bnika do wywrotek, wielostopniowy teleskopowy si\u0142ownik hydrauliczny<\/h2>\n<p>Odkryj moc naszego si\u0142ownika hydraulicznego do podnoszenia, produktu sprzedawanego bezpo\u015brednio w fabryce, przeznaczonego do wywrotek. Ten wielostopniowy teleskopowy si\u0142ownik hydrauliczny to nowy produkt, charakteryzuj\u0105cy si\u0119 wysok\u0105 wydajno\u015bci\u0105 i wyj\u0105tkow\u0105 trwa\u0142o\u015bci\u0105. Ten si\u0142ownik hydrauliczny, niezb\u0119dny w warsztatach naprawczych maszyn, gospodarstwach rolnych, przemy\u015ble energetycznym i g\u00f3rniczym oraz fabrykach maszyn, to standardowe narz\u0119dzie z konstrukcj\u0105 t\u0142okow\u0105, zaprojektowane tak, aby wytrzyma\u0107 znaczne ci\u015bnienie dzi\u0119ki solidnemu stalowemu korpusowi.<\/p>\n<h2>Specyfikacja produktu<\/h2>\n<p>Nasz si\u0142ownik hydrauliczny oferuje imponuj\u0105ce funkcje. Szczeg\u00f3\u0142y poni\u017cej:<\/p>\n<table style=\"width: 98.2317%;\" border=\"\">\n<tbody>\n<tr>\n<td style=\"width: 42.9379%;\"><i>Rozmiar otworu<\/i><\/td>\n<td style=\"width: 464.972%;\">2-6 cali<\/td>\n<\/tr>\n<tr>\n<td style=\"width: 42.9379%;\"><i>Rozmiar pr\u0119ta<\/i><\/td>\n<td style=\"width: 464.972%;\">1,125-4 cale<\/td>\n<\/tr>\n<tr>\n<td style=\"width: 42.9379%;\"><i>Rozmiar poci\u0105gni\u0119cia<\/i><\/td>\n<td style=\"width: 464.972%;\">4-100 cali<\/td>\n<\/tr>\n<tr>\n<td style=\"width: 42.9379%;\"><i>Rozmiar szpilki<\/i><\/td>\n<td style=\"width: 464.972%;\">0,5-2 cale<\/td>\n<\/tr>\n<tr>\n<td style=\"width: 42.9379%;\"><i>Porty<\/i><\/td>\n<td style=\"width: 464.972%;\">G\/SAE\/NPT\/M<\/td>\n<\/tr>\n<\/tbody>\n<\/table>\n<h2>Unikalne cechy i zalety<\/h2>\n<p>Nasz si\u0142ownik hydrauliczny wyr\u00f3\u017cnia si\u0119 unikalnymi cechami, takimi jak energooszcz\u0119dno\u015b\u0107, wysoka wydajno\u015b\u0107, bezpiecze\u0144stwo i zgodno\u015b\u0107 z normami (certyfikat ISO9001:2000). Maksymalna si\u0142a uci\u0105gu wynosi 3000, a uci\u0105g 20 ton. Dost\u0119pny jest w eleganckim czarnym kolorze, co dodaje mu atrakcyjno\u015bci.<\/p>\n<h2>Uk\u0142ad hydrauliczny i zasada dzia\u0142ania<\/h2>\n<p>Ten si\u0142ownik hydrauliczny odgrywa kluczow\u0105 rol\u0119 w uk\u0142adzie hydraulicznym. Dzia\u0142a poprzez zamian\u0119 energii hydraulicznej na energi\u0119 mechaniczn\u0105, zamieniaj\u0105c ci\u015bnienie w si\u0142\u0119. Osi\u0105ga si\u0119 to dzi\u0119ki sile hydrauliki \u2013 technologii o udowodnionej wyj\u0105tkowej wydajno\u015bci i niezawodno\u015bci.<\/p>\n<h2>Zastosowania cylindr\u00f3w hydraulicznych<\/h2>\n<p>Ten wszechstronny si\u0142ownik hydrauliczny mo\u017ce by\u0107 u\u017cywany w wielu zastosowaniach. Od napraw maszyn po energetyk\u0119 i g\u00f3rnictwo \u2013 mo\u017cliwo\u015bci s\u0105 nieograniczone. Jego solidna konstrukcja i wysoka wydajno\u015b\u0107 sprawiaj\u0105, \u017ce jest to niezb\u0119dne narz\u0119dzie do ci\u0119\u017ckich prac.<\/p>\n<p><img loading=\"lazy\" decoding=\"async\" class=\"alignnone  wp-image-6665\" src=\"https:\/\/fmp-components.com\/wp-content\/uploads\/2025\/03\/telescopic-hydraulic-cylinder-9.webp\" alt=\"si\u0142ownik hydrauliczny teleskopowy\" width=\"913\" height=\"913\" title=\"\" srcset=\"https:\/\/fmp-components.com\/wp-content\/uploads\/2025\/03\/telescopic-hydraulic-cylinder-9.webp 913w, https:\/\/fmp-components.com\/wp-content\/uploads\/2025\/03\/telescopic-hydraulic-cylinder-9-480x480.webp 480w\" sizes=\"(min-width: 0px) and (max-width: 480px) 480px, (min-width: 481px) 913px, 100vw\" \/><\/p>\n<h3>O FMP<\/h3>\n<p class=\"break-words\">FMP jest wiod\u0105cym w\u0142oskim producentem specjalizuj\u0105cym si\u0119 w projektowaniu, rozwoju i produkcji wysokiej jako\u015bci cylindr\u00f3w hydraulicznych. Dzi\u0119ki bogatemu dziedzictwu zakorzenionemu w dziesi\u0119cioleciach do\u015bwiadczenia, z dum\u0105 \u0142\u0105czymy w\u0142oskie rzemios\u0142o z najnowocze\u015bniejsz\u0105 technologi\u0105, aby dostarcza\u0107 wyj\u0105tkowe rozwi\u0105zania hydrauliczne dostosowane do zr\u00f3\u017cnicowanych potrzeb naszych globalnych klient\u00f3w. Maj\u0105c siedzib\u0119 we W\u0142oszech, w centrum doskona\u0142o\u015bci in\u017cynieryjnej, FMP jest zaufan\u0105 mark\u0105 w bran\u017cy hydraulicznej, zobowi\u0105zan\u0105 do dostarczania niezawodnych, trwa\u0142ych i innowacyjnych produkt\u00f3w, kt\u00f3re wzmacniaj\u0105 firmy na ca\u0142ym \u015bwiecie.<\/p>\n<p class=\"break-words\">Nasza firma integruje najlepsze tradycje zaawansowanej produkcji z przysz\u0142o\u015bciowym podej\u015bciem. Korzystaj\u0105c z wieloletniego do\u015bwiadczenia w systemach hydraulicznych, FMP przekszta\u0142ci\u0142o si\u0119 w nowoczesne przedsi\u0119biorstwo, kt\u00f3re wyr\u00f3\u017cnia si\u0119 w badaniach, projektowaniu i produkcji. Specjalizujemy si\u0119 w szerokiej gamie cylindr\u00f3w hydraulicznych, w tym cylindrach dwustronnego dzia\u0142ania, cylindrach podnosz\u0105cych do samochod\u00f3w, cylindrach do maszyn rolniczych i rozwi\u0105zaniach projektowanych na zam\u00f3wienie do r\u00f3\u017cnych zastosowa\u0144 przemys\u0142owych. Niezale\u017cnie od tego, czy chodzi o budownictwo, instalacje przemys\u0142owe, rolnictwo czy ci\u0119\u017cki sprz\u0119t, nasze cylindry hydrauliczne s\u0105 zbudowane tak, aby dzia\u0142a\u0142y w najtrudniejszych warunkach, zapewniaj\u0105c bezpiecze\u0144stwo, wydajno\u015b\u0107 i d\u0142ugowieczno\u015b\u0107.<\/p>\n<p><img loading=\"lazy\" decoding=\"async\" class=\"alignnone size-full wp-image-6720\" src=\"https:\/\/fmp-components.com\/wp-content\/uploads\/2025\/03\/hydraulic-cylinder-8.webp\" alt=\"Si\u0142owniki hydrauliczne teleskopowe\" width=\"933\" height=\"526\" title=\"\" srcset=\"https:\/\/fmp-components.com\/wp-content\/uploads\/2025\/03\/hydraulic-cylinder-8.webp 933w, https:\/\/fmp-components.com\/wp-content\/uploads\/2025\/03\/hydraulic-cylinder-8-480x271.webp 480w\" sizes=\"(min-width: 0px) and (max-width: 480px) 480px, (min-width: 481px) 933px, 100vw\" \/><\/p>\n<p class=\"break-words\">W FMP jeste\u015bmy dumni z naszych najnowocze\u015bniejszych zak\u0142ad\u00f3w produkcyjnych, wyposa\u017conych w precyzyjne maszyny i zaawansowane systemy testowe. Nasze procesy produkcyjne s\u0105 zgodne z rygorystycznymi normami krajowymi i mi\u0119dzynarodowymi, co zapewnia, \u017ce ka\u017cdy cylinder hydrauliczny opuszczaj\u0105cy nasz\u0105 fabryk\u0119 jest najwy\u017cszej jako\u015bci i niezawodno\u015bci. Nasz wykwalifikowany zesp\u00f3\u0142 techniczny w po\u0142\u0105czeniu z najnowocze\u015bniejszym sprz\u0119tem pozwala nam zachowa\u0107 \u015bcis\u0142\u0105 kontrol\u0119 jako\u015bci na ka\u017cdym etapie produkcji \u2014 od wyboru surowca po ko\u0144cow\u0105 kontrol\u0119. To oddanie doskona\u0142o\u015bci przynios\u0142o nam certyfikaty i uznanie autorytet\u00f3w bran\u017cowych, co dodatkowo umocni\u0142o nasz\u0105 reputacj\u0119 niezawodnego partnera.<\/p>\n<p class=\"break-words\">Nasza misja jest prosta, ale ambitna: dostarcza\u0107 naszym klientom cylindry hydrauliczne, kt\u00f3re przekraczaj\u0105 oczekiwania pod wzgl\u0119dem wydajno\u015bci, trwa\u0142o\u015bci i warto\u015bci. Dzia\u0142amy zgodnie z zasadami profesjonalizmu, uczciwo\u015bci i skupienia na kliencie. Poprzez promowanie kultury innowacji i precyzji nieustannie udoskonalamy nasze produkty, aby utrzyma\u0107 si\u0119 na czele konkurencyjnego rynku. Nasza kompleksowa oferta produkt\u00f3w i zdolno\u015b\u0107 do oferowania dostosowanych rozwi\u0105za\u0144 sprawiaj\u0105, \u017ce jeste\u015bmy pierwszym wyborem dla firm poszukuj\u0105cych wysokowydajnych cylindr\u00f3w hydraulicznych.<\/p>\n<p class=\"break-words\">FMP to co\u015b wi\u0119cej ni\u017c tylko producent \u2014 jeste\u015bmy partnerem w Twoim sukcesie. Rozumiemy, \u017ce nasi klienci polegaj\u0105 na nas, je\u015bli chodzi o dostarczanie narz\u0119dzi, kt\u00f3re zwi\u0119kszaj\u0105 ich produktywno\u015b\u0107 i bezpiecze\u0144stwo. Dlatego te\u017c jeste\u015bmy zobowi\u0105zani do oferowania nie tylko produkt\u00f3w najwy\u017cszej klasy, ale tak\u017ce wyj\u0105tkowej obs\u0142ugi. Od wst\u0119pnych konsultacji po wsparcie posprzeda\u017cowe, \u015bci\u015ble wsp\u00f3\u0142pracujemy z naszymi klientami, aby zapewni\u0107, \u017ce ich potrzeby s\u0105 spe\u0142niane z profesjonalizmem i trosk\u0105. Nasze konkurencyjne ceny w po\u0142\u0105czeniu z naszym niezachwianym zaanga\u017cowaniem w jako\u015b\u0107 sprawiaj\u0105, \u017ce FMP jest m\u0105drym wyborem dla firm, kt\u00f3re chc\u0105 zainwestowa\u0107 w rozwi\u0105zania hydrauliczne, kt\u00f3rym mog\u0105 zaufa\u0107.<\/p>\n<h2>Cz\u0119sto zadawane pytania<\/h2>\n<p>P:Czy jeste\u015b firm\u0105 handlow\u0105 lub producentem?<br \/>\nA:Jeste\u015bmy fabryk\u0105.<br \/>\nP:Jak d\u0142ugi jest czas dostawy?<br \/>\nA: Zazwyczaj trwa to 25\u201335 dni.<br \/>\nP: Czy udost\u0119pniacie pr\u00f3bki? Czy s\u0105 one bezp\u0142atne czy dodatkowo p\u0142atne?<br \/>\nA: Tak, mogliby\u015bmy zaoferowa\u0107 pr\u00f3bk\u0119, ale nie jest ona darmowa.<\/p>\n<p><img loading=\"lazy\" decoding=\"async\" class=\"alignnone  wp-image-6717\" src=\"https:\/\/fmp-components.com\/wp-content\/uploads\/2025\/03\/hydraulic-cylinder-211.webp\" alt=\"Si\u0142owniki hydrauliczne\" width=\"911\" height=\"913\" title=\"\" srcset=\"https:\/\/fmp-components.com\/wp-content\/uploads\/2025\/03\/hydraulic-cylinder-211.webp 911w, https:\/\/fmp-components.com\/wp-content\/uploads\/2025\/03\/hydraulic-cylinder-211-480x481.webp 480w\" sizes=\"(min-width: 0px) and (max-width: 480px) 480px, (min-width: 481px) 911px, 100vw\" \/><\/p>","protected":false},"excerpt":{"rendered":"<p>Factory Direct Sale Dump Truck Hydraulic Hoist Cylinder Multistage Telescopic Hydraulic Cylinder Discover the power of our hydraulic hoist cylinder, a factory direct sale product designed for dump trucks. This multistage telescopic hydraulic cylinder is a new product, boasting high efficiency and exceptional durability. A vital tool for machinery repair shops, farms, energy &amp; mining [&hellip;]<\/p>","protected":false},"featured_media":6683,"comment_status":"closed","ping_status":"closed","template":"","meta":{"_et_pb_use_builder":"","_et_pb_old_content":"","_et_gb_content_width":""},"product_brand":[],"product_cat":[103],"product_tag":[34,105],"class_list":{"0":"post-6509","1":"product","2":"type-product","3":"status-publish","4":"has-post-thumbnail","6":"product_cat-telescopic-hydraulic-cylinders","7":"product_tag-hydraulic-cylinder","8":"product_tag-telescopic-hydraulic-cylinders","10":"first","11":"instock","12":"product-type-simple"},"_links":{"self":[{"href":"https:\/\/fmp-components.com\/pl\/wp-json\/wp\/v2\/product\/6509","targetHints":{"allow":["GET"]}}],"collection":[{"href":"https:\/\/fmp-components.com\/pl\/wp-json\/wp\/v2\/product"}],"about":[{"href":"https:\/\/fmp-components.com\/pl\/wp-json\/wp\/v2\/types\/product"}],"replies":[{"embeddable":true,"href":"https:\/\/fmp-components.com\/pl\/wp-json\/wp\/v2\/comments?post=6509"}],"wp:featuredmedia":[{"embeddable":true,"href":"https:\/\/fmp-components.com\/pl\/wp-json\/wp\/v2\/media\/6683"}],"wp:attachment":[{"href":"https:\/\/fmp-components.com\/pl\/wp-json\/wp\/v2\/media?parent=6509"}],"wp:term":[{"taxonomy":"product_brand","embeddable":true,"href":"https:\/\/fmp-components.com\/pl\/wp-json\/wp\/v2\/product_brand?post=6509"},{"taxonomy":"product_cat","embeddable":true,"href":"https:\/\/fmp-components.com\/pl\/wp-json\/wp\/v2\/product_cat?post=6509"},{"taxonomy":"product_tag","embeddable":true,"href":"https:\/\/fmp-components.com\/pl\/wp-json\/wp\/v2\/product_tag?post=6509"}],"curies":[{"name":"wp","href":"https:\/\/api.w.org\/{rel}","templated":true}]}}