{"id":6507,"date":"2025-03-11T06:26:57","date_gmt":"2025-03-11T06:26:57","guid":{"rendered":"https:\/\/fmp-components.com\/product\/high-quality-small-hydraulic-cylinder-telescopic-hydraulic-cylinder-for-dump-truck"},"modified":"2025-03-17T08:57:58","modified_gmt":"2025-03-17T08:57:58","slug":"high-quality-small-hydraulic-cylinder-telescopic-hydraulic-cylinder-for-dump-truck","status":"publish","type":"product","link":"https:\/\/fmp-components.com\/pl\/product\/high-quality-small-hydraulic-cylinder-telescopic-hydraulic-cylinder-for-dump-truck\/","title":{"rendered":"Wysokiej jako\u015bci ma\u0142y si\u0142ownik hydrauliczny teleskopowy si\u0142ownik hydrauliczny do wywrotki"},"content":{"rendered":"<h2>Wysokiej jako\u015bci ma\u0142y si\u0142ownik hydrauliczny teleskopowy si\u0142ownik hydrauliczny do wywrotki<\/h2>\n<p>Nasz wysokiej jako\u015bci ma\u0142y si\u0142ownik hydrauliczny to standardowy i niezb\u0119dny produkt firmy FMP, wiod\u0105cego producenta w bran\u017cy maszyn hydraulicznych. Firma FMP ma siedzib\u0119 we W\u0142oszech. Ten teleskopowy si\u0142ownik hydrauliczny, zaprojektowany specjalnie do wywrotek, wyr\u00f3\u017cnia si\u0119 najwy\u017csz\u0105 jako\u015bci\u0105 i niezawodn\u0105 wydajno\u015bci\u0105.<\/p>\n<h2>Funkcja i znaczenie<\/h2>\n<p>Ten teleskopowy si\u0142ownik hydrauliczny jest kluczowym elementem mechanizmu wywrotki. Zapewnia niezb\u0119dn\u0105 moc do podnoszenia i opuszczania skrzyni wywrotki. Wykonany z wytrzyma\u0142ej stali, wytrzymuje du\u017ce obci\u0105\u017cenia i jest odporny na zu\u017cycie, co gwarantuje d\u0142ug\u0105 \u017cywotno\u015b\u0107.<\/p>\n<h3>Specyfikacja produktu<\/h3>\n<table style=\"width: 103.251%; height: 167px;\" border=\"\">\n<tbody>\n<tr>\n<td colspan=\"\" rowspan=\"\"><i>Rozmiar otworu<\/i><\/td>\n<td colspan=\"\" rowspan=\"\">2-6 cali<\/td>\n<\/tr>\n<tr>\n<td colspan=\"\" rowspan=\"\"><i>Rozmiar pr\u0119ta<\/i><\/td>\n<td colspan=\"\" rowspan=\"\">1,125-4 cale<\/td>\n<\/tr>\n<tr>\n<td colspan=\"\" rowspan=\"\"><i>Rozmiar poci\u0105gni\u0119cia<\/i><\/td>\n<td colspan=\"\" rowspan=\"\">4-100 cali<\/td>\n<\/tr>\n<tr>\n<td colspan=\"\" rowspan=\"\"><i>Rozmiar szpilki<\/i><\/td>\n<td colspan=\"\" rowspan=\"\">0,5-2 cale<\/td>\n<\/tr>\n<tr>\n<td colspan=\"\" rowspan=\"\"><i>Porty<\/i><\/td>\n<td colspan=\"\" rowspan=\"\">G\/SAE\/NPT\/M<\/td>\n<\/tr>\n<\/tbody>\n<\/table>\n<h3>Unikalne cechy i zalety<\/h3>\n<ul>\n<li>Energooszcz\u0119dno\u015b\u0107: Nasze si\u0142owniki hydrauliczne zaprojektowano tak, aby zu\u017cywa\u0142y mniej energii, zapewniaj\u0105c jednocze\u015bnie maksymaln\u0105 wydajno\u015b\u0107.<\/li>\n<li>Wysoka wydajno\u015b\u0107: Dzi\u0119ki du\u017cej sile ci\u0105gu i uci\u0105gu maszyny te z \u0142atwo\u015bci\u0105 radz\u0105 sobie z ci\u0119\u017ckimi zadaniami.<\/li>\n<li>Bezpiecze\u0144stwo i niezawodno\u015b\u0107: Stosowanie wysokiej jako\u015bci materia\u0142\u00f3w i zaawansowanych technik produkcyjnych gwarantuje bezpiecze\u0144stwo i niezawodno\u015b\u0107 naszych produkt\u00f3w.<\/li>\n<\/ul>\n<p><img loading=\"lazy\" decoding=\"async\" class=\"alignnone wp-image-6664\" src=\"https:\/\/fmp-components.com\/wp-content\/uploads\/2025\/03\/telescopic-hydraulic-cylinder-8.webp\" alt=\"si\u0142ownik hydrauliczny teleskopowy\" width=\"941\" height=\"941\" title=\"\" srcset=\"https:\/\/fmp-components.com\/wp-content\/uploads\/2025\/03\/telescopic-hydraulic-cylinder-8.webp 941w, https:\/\/fmp-components.com\/wp-content\/uploads\/2025\/03\/telescopic-hydraulic-cylinder-8-480x480.webp 480w\" sizes=\"(min-width: 0px) and (max-width: 480px) 480px, (min-width: 481px) 941px, 100vw\" \/><\/p>\n<h2>Uk\u0142ady hydrauliczne i zasady dzia\u0142ania<\/h2>\n<p>Nasze si\u0142owniki hydrauliczne dzia\u0142aj\u0105 w oparciu o fundamentaln\u0105 zasad\u0119 wykorzystania spr\u0119\u017conego p\u0142ynu hydraulicznego do generowania si\u0142y i ruchu liniowego. Mechanizm ten jest kluczowy w zastosowaniach wymagaj\u0105cych du\u017cej i precyzyjnej si\u0142y pchania lub ci\u0105gni\u0119cia. Gdy p\u0142yn hydrauliczny jest spr\u0119\u017cony i skierowany do si\u0142ownika, wytwarza pot\u0119\u017cn\u0105 si\u0142\u0119, kt\u00f3ra mo\u017ce przemieszcza\u0107 ci\u0119\u017ckie \u0142adunki lub wykonywa\u0107 skomplikowane zadania z niezwyk\u0142\u0105 dok\u0142adno\u015bci\u0105. Ta zdolno\u015b\u0107 do przekszta\u0142cania energii hydraulicznej w ruch mechaniczny sprawia, \u017ce \u200b\u200bnasze si\u0142owniki hydrauliczne s\u0105 niezast\u0105pione w szerokim zakresie zastosowa\u0144 przemys\u0142owych, gdzie wydajno\u015b\u0107 i precyzja s\u0105 priorytetem.<\/p>\n<h2>Aplikacje<\/h2>\n<p>Te si\u0142owniki hydrauliczne znajduj\u0105 szerokie zastosowanie w r\u00f3\u017cnych ga\u0142\u0119ziach przemys\u0142u, wykazuj\u0105c si\u0119 wszechstronno\u015bci\u0105 i niezawodno\u015bci\u0105. W warsztatach naprawczych maszyn u\u0142atwiaj\u0105 podnoszenie i ustawianie ci\u0119\u017ckiego sprz\u0119tu, umo\u017cliwiaj\u0105c technikom bezpieczne i efektywne przeprowadzanie napraw. W gospodarstwach rolnych si\u0142owniki hydrauliczne zwi\u0119kszaj\u0105 funkcjonalno\u015b\u0107 maszyn rolniczych, takich jak traktory i kombajny, umo\u017cliwiaj\u0105c wydajne przemieszczanie materia\u0142\u00f3w i plon\u00f3w. Sektor energetyczny i g\u00f3rniczy korzystaj\u0105 z solidnej konstrukcji tych si\u0142ownik\u00f3w, poniewa\u017c s\u0105 one w stanie wytrzyma\u0107 trudne warunki zwi\u0105zane z ci\u0119\u017ckimi operacjami, takimi jak podnoszenie i transport materia\u0142\u00f3w. W zak\u0142adach produkcji maszyn i fabrykach maszyn nasze si\u0142owniki hydrauliczne odgrywaj\u0105 kluczow\u0105 rol\u0119 na liniach monta\u017cowych i w procesach produkcyjnych, zapewniaj\u0105c niezb\u0119dn\u0105 si\u0142\u0119 do r\u00f3\u017cnych zada\u0144, od przenoszenia komponent\u00f3w po obs\u0142ug\u0119 pras.<\/p>\n<h2>Si\u0142owniki hydrauliczne i agregaty nap\u0119dowe<\/h2>\n<p>Si\u0142owniki hydrauliczne i agregaty pr\u0105dotw\u00f3rcze s\u0105 niezb\u0119dnymi elementami ka\u017cdego uk\u0142adu hydraulicznego. Ich integracja jest kluczowa dla efektywnego zastosowania technologii hydraulicznej w przemy\u015ble, zapewniaj\u0105c niezawodne zasilanie i sterowanie r\u00f3\u017cnorodnym urz\u0105dzeniom in\u017cynieryjnym i mechanicznym. Si\u0142ownik hydrauliczny dzia\u0142a jako si\u0142ownik, przekszta\u0142caj\u0105c energi\u0119 hydrauliczn\u0105 dostarczan\u0105 przez agregat pr\u0105dotw\u00f3rczy w ruch mechaniczny. Jednocze\u015bnie agregat pr\u0105dotw\u00f3rczy stanowi \u017ar\u00f3d\u0142o energii, generuj\u0105c i reguluj\u0105c ci\u015bnienie p\u0142ynu hydraulicznego niezb\u0119dne do dzia\u0142ania.<\/p>\n<p>W FMP zdajemy sobie spraw\u0119 z wagi tych komponent\u00f3w w tworzeniu wydajnych system\u00f3w hydraulicznych, dlatego oferujemy r\u00f3wnie\u017c szerok\u0105 gam\u0119 agregat\u00f3w. Dostarczaj\u0105c zar\u00f3wno si\u0142owniki hydrauliczne, jak i agregaty, pozycjonujemy si\u0119 jako kompleksowe rozwi\u0105zanie dla wszystkich potrzeb hydraulicznych. Nasze zaanga\u017cowanie w jako\u015b\u0107 i wydajno\u015b\u0107 gwarantuje, \u017ce otrzymasz produkty zaprojektowane z my\u015bl\u0105 o zwi\u0119kszeniu wydajno\u015bci i niezawodno\u015bci w Twojej dzia\u0142alno\u015bci, niezale\u017cnie od bran\u017cy.<\/p>\n<p><img loading=\"lazy\" decoding=\"async\" class=\"alignnone wp-image-6663\" src=\"https:\/\/fmp-components.com\/wp-content\/uploads\/2025\/03\/telescopic-hydraulic-cylinder-11.webp\" alt=\"si\u0142ownik hydrauliczny teleskopowy\" width=\"906\" height=\"906\" title=\"\" srcset=\"https:\/\/fmp-components.com\/wp-content\/uploads\/2025\/03\/telescopic-hydraulic-cylinder-11.webp 906w, https:\/\/fmp-components.com\/wp-content\/uploads\/2025\/03\/telescopic-hydraulic-cylinder-11-480x480.webp 480w\" sizes=\"(min-width: 0px) and (max-width: 480px) 480px, (min-width: 481px) 906px, 100vw\" \/><\/p>\n<h2>Cz\u0119sto zadawane pytania<\/h2>\n<p><b>P: Jak d\u0142ugi jest czas dostawy?<\/b><br \/>\nA: Zazwyczaj jest to 25\u201335 dni.<\/p>\n<p><b>P: Czy dostarczacie pr\u00f3bki? Czy s\u0105 darmowe czy dodatkowe?<\/b><br \/>\nO: Tak, mogliby\u015bmy zaoferowa\u0107 pr\u00f3bk\u0119, ale nie jest ona darmowa.<\/p>\n<p><b>P: Czy mo\u017cecie produkowa\u0107 na podstawie pr\u00f3bek?<\/b><br \/>\nO: Tak, mo\u017cemy produkowa\u0107 na podstawie Pa\u0144stwa pr\u00f3bek lub rysunk\u00f3w technicznych. Mo\u017cemy zbudowa\u0107 formy i oprzyrz\u0105dowanie.<\/p>\n<h3>O FMP<\/h3>\n<p>FMP to czo\u0142owy w\u0142oski producent, znany ze swojego do\u015bwiadczenia w projektowaniu, rozwoju i produkcji wysokiej jako\u015bci cylindr\u00f3w hydraulicznych. Dzi\u0119ki bogatemu dziedzictwu budowanemu przez dziesi\u0119ciolecia, \u0142\u0105czymy tradycyjne w\u0142oskie rzemios\u0142o z najnowocze\u015bniejsz\u0105 technologi\u0105, aby tworzy\u0107 wyj\u0105tkowe rozwi\u0105zania hydrauliczne, kt\u00f3re zaspokajaj\u0105 zr\u00f3\u017cnicowane potrzeby naszych globalnych klient\u00f3w. Maj\u0105c siedzib\u0119 we W\u0142oszech, w centrum doskona\u0142o\u015bci in\u017cynieryjnej, FMP ugruntowa\u0142o swoj\u0105 pozycj\u0119 jako zaufana nazwa w bran\u017cy hydraulicznej, po\u015bwi\u0119caj\u0105c si\u0119 dostarczaniu niezawodnych, trwa\u0142ych i innowacyjnych produkt\u00f3w, kt\u00f3re wzmacniaj\u0105 firmy na ca\u0142ym \u015bwiecie.<\/p>\n<p>Nasza firma \u0142\u0105czy zaawansowane tradycje produkcyjne z post\u0119powym nastawieniem. Wykorzystuj\u0105c nasze bogate do\u015bwiadczenie w systemach hydraulicznych, FMP przekszta\u0142ci\u0142o si\u0119 w nowoczesne przedsi\u0119biorstwo, kt\u00f3re wyr\u00f3\u017cnia si\u0119 w badaniach, projektowaniu i produkcji. Oferujemy kompleksow\u0105 gam\u0119 cylindr\u00f3w hydraulicznych, w tym cylindry dwustronnego dzia\u0142ania, cylindry podnosz\u0105ce do samochod\u00f3w, cylindry do maszyn rolniczych i rozwi\u0105zania projektowane na zam\u00f3wienie, dostosowane do r\u00f3\u017cnych zastosowa\u0144 przemys\u0142owych. Niezale\u017cnie od tego, czy chodzi o budownictwo, instalacje przemys\u0142owe, rolnictwo czy ci\u0119\u017cki sprz\u0119t, nasze cylindry hydrauliczne s\u0105 zaprojektowane tak, aby dzia\u0142a\u0107 w najbardziej wymagaj\u0105cych warunkach, zapewniaj\u0105c bezpiecze\u0144stwo, wydajno\u015b\u0107 i d\u0142ugowieczno\u015b\u0107.<\/p>\n<p>W FMP jeste\u015bmy dumni z naszych najnowocze\u015bniejszych zak\u0142ad\u00f3w produkcyjnych, wyposa\u017conych w precyzyjne maszyny i zaawansowane systemy testowe. Nasze procesy produkcyjne s\u0105 zgodne z rygorystycznymi normami krajowymi i mi\u0119dzynarodowymi, co zapewnia, \u017ce ka\u017cdy wyprodukowany cylinder hydrauliczny spe\u0142nia najwy\u017csze standardy jako\u015bci i niezawodno\u015bci. Nasz wykwalifikowany zesp\u00f3\u0142 techniczny w po\u0142\u0105czeniu z zaawansowanym sprz\u0119tem pozwala nam zachowa\u0107 \u015bcis\u0142\u0105 kontrol\u0119 jako\u015bci na ka\u017cdym etapie produkcji \u2014 od wyboru surowca po ko\u0144cow\u0105 kontrol\u0119. To zaanga\u017cowanie w doskona\u0142o\u015b\u0107 przynios\u0142o nam certyfikaty i wyr\u00f3\u017cnienia od autorytet\u00f3w bran\u017cowych, wzmacniaj\u0105c nasz\u0105 reputacj\u0119 niezawodnego partnera.<\/p>\n<p><img loading=\"lazy\" decoding=\"async\" class=\"alignnone size-full wp-image-6720\" src=\"https:\/\/fmp-components.com\/wp-content\/uploads\/2025\/03\/hydraulic-cylinder-8.webp\" alt=\"Si\u0142owniki hydrauliczne teleskopowe\" width=\"933\" height=\"526\" title=\"\" srcset=\"https:\/\/fmp-components.com\/wp-content\/uploads\/2025\/03\/hydraulic-cylinder-8.webp 933w, https:\/\/fmp-components.com\/wp-content\/uploads\/2025\/03\/hydraulic-cylinder-8-480x271.webp 480w\" sizes=\"(min-width: 0px) and (max-width: 480px) 480px, (min-width: 481px) 933px, 100vw\" \/><\/p>\n<p>Nasza misja jest prosta, ale ambitna: dostarcza\u0107 naszym klientom cylindry hydrauliczne, kt\u00f3re przewy\u017cszaj\u0105 oczekiwania pod wzgl\u0119dem wydajno\u015bci, trwa\u0142o\u015bci i warto\u015bci. Dzia\u0142amy na fundamencie profesjonalizmu, uczciwo\u015bci i skupienia na kliencie. Poprzez piel\u0119gnowanie kultury innowacji i precyzji nieustannie ulepszamy nasze produkty, aby utrzyma\u0107 przewag\u0119 konkurencyjn\u0105 na rynku. Nasza szeroka gama produkt\u00f3w i zdolno\u015b\u0107 do oferowania dostosowanych rozwi\u0105za\u0144 sprawiaj\u0105, \u017ce jeste\u015bmy preferowanym wyborem dla firm poszukuj\u0105cych wysokowydajnych cylindr\u00f3w hydraulicznych.<\/p>\n<p>FMP to co\u015b wi\u0119cej ni\u017c tylko producent; jeste\u015bmy partnerem w Twoim sukcesie. Zdajemy sobie spraw\u0119, \u017ce nasi klienci polegaj\u0105 na nas, je\u015bli chodzi o dostarczanie narz\u0119dzi, kt\u00f3re zwi\u0119kszaj\u0105 ich produktywno\u015b\u0107 i bezpiecze\u0144stwo. Dlatego zobowi\u0105zujemy si\u0119 nie tylko do dostarczania produkt\u00f3w najwy\u017cszej jako\u015bci, ale tak\u017ce wyj\u0105tkowej obs\u0142ugi. Od wst\u0119pnej konsultacji po wsparcie posprzeda\u017cowe, \u015bci\u015ble wsp\u00f3\u0142pracujemy z naszymi klientami, aby zapewni\u0107, \u017ce ich potrzeby s\u0105 spe\u0142niane z profesjonalizmem i trosk\u0105. Nasze konkurencyjne ceny w po\u0142\u0105czeniu z naszym niezachwianym zaanga\u017cowaniem w jako\u015b\u0107 sprawiaj\u0105, \u017ce FMP jest m\u0105drym wyborem dla firm, kt\u00f3re chc\u0105 zainwestowa\u0107 w rozwi\u0105zania hydrauliczne, kt\u00f3rym mog\u0105 zaufa\u0107.<\/p>","protected":false},"excerpt":{"rendered":"<p>High Quality Small Hydraulic Cylinder Telescopic Hydraulic Cylinder For Dump Truck Our High-Quality Small hydraulic cylinder is a standard and essential product from FMP, a leading manufacturer in the hydraulic machinery industry. FMP is based in Italy. This Telescopic Hydraulic Cylinder, specially designed for dump trucks, is a noteworthy product for its top-notch quality and [&hellip;]<\/p>","protected":false},"featured_media":6689,"comment_status":"closed","ping_status":"closed","template":"","meta":{"_et_pb_use_builder":"","_et_pb_old_content":"","_et_gb_content_width":""},"product_brand":[],"product_cat":[103],"product_tag":[34,105],"class_list":{"0":"post-6507","1":"product","2":"type-product","3":"status-publish","4":"has-post-thumbnail","6":"product_cat-telescopic-hydraulic-cylinders","7":"product_tag-hydraulic-cylinder","8":"product_tag-telescopic-hydraulic-cylinders","10":"first","11":"instock","12":"product-type-simple"},"_links":{"self":[{"href":"https:\/\/fmp-components.com\/pl\/wp-json\/wp\/v2\/product\/6507","targetHints":{"allow":["GET"]}}],"collection":[{"href":"https:\/\/fmp-components.com\/pl\/wp-json\/wp\/v2\/product"}],"about":[{"href":"https:\/\/fmp-components.com\/pl\/wp-json\/wp\/v2\/types\/product"}],"replies":[{"embeddable":true,"href":"https:\/\/fmp-components.com\/pl\/wp-json\/wp\/v2\/comments?post=6507"}],"wp:featuredmedia":[{"embeddable":true,"href":"https:\/\/fmp-components.com\/pl\/wp-json\/wp\/v2\/media\/6689"}],"wp:attachment":[{"href":"https:\/\/fmp-components.com\/pl\/wp-json\/wp\/v2\/media?parent=6507"}],"wp:term":[{"taxonomy":"product_brand","embeddable":true,"href":"https:\/\/fmp-components.com\/pl\/wp-json\/wp\/v2\/product_brand?post=6507"},{"taxonomy":"product_cat","embeddable":true,"href":"https:\/\/fmp-components.com\/pl\/wp-json\/wp\/v2\/product_cat?post=6507"},{"taxonomy":"product_tag","embeddable":true,"href":"https:\/\/fmp-components.com\/pl\/wp-json\/wp\/v2\/product_tag?post=6507"}],"curies":[{"name":"wp","href":"https:\/\/api.w.org\/{rel}","templated":true}]}}