{"id":6505,"date":"2025-03-11T06:25:30","date_gmt":"2025-03-11T06:25:30","guid":{"rendered":"https:\/\/fmp-components.com\/product\/new-arrival-double-acting-dump-truck-telescopic-hydraulic-cylinder-for-sale"},"modified":"2025-03-11T07:59:54","modified_gmt":"2025-03-11T07:59:54","slug":"new-arrival-double-acting-dump-truck-telescopic-hydraulic-cylinder-for-sale","status":"publish","type":"product","link":"https:\/\/fmp-components.com\/pl\/product\/new-arrival-double-acting-dump-truck-telescopic-hydraulic-cylinder-for-sale\/","title":{"rendered":"Nowo\u015b\u0107 - teleskopowy si\u0142ownik hydrauliczny do wywrotek dwustronnego dzia\u0142ania na sprzeda\u017c"},"content":{"rendered":"<h2>Nowo\u015b\u0107 - teleskopowy si\u0142ownik hydrauliczny do wywrotek dwustronnego dzia\u0142ania na sprzeda\u017c<\/h2>\n<p>Nowo\u015b\u0107 \u2013 teleskopowy si\u0142ownik hydrauliczny dwustronnego dzia\u0142ania do wywrotek \u2013 ma zrewolucjonizowa\u0107 bran\u017c\u0119. Zaprojektowany z my\u015bl\u0105 o maksymalnej wydajno\u015bci, stanowi idealne rozwi\u0105zanie dla warsztat\u00f3w naprawczych maszyn, gospodarstw rolnych, energetyki i g\u00f3rnictwa, przemys\u0142u maszynowego oraz fabryk maszyn.<\/p>\n<h3>Specyfikacja produktu<\/h3>\n<table style=\"width: 100.129%;\" border=\"\">\n<tbody>\n<tr>\n<th style=\"width: 43.5028%;\">Rozmiar otworu<\/th>\n<td style=\"width: 485.876%;\">2-6 cali<\/td>\n<\/tr>\n<tr>\n<th style=\"width: 43.5028%;\">Rozmiar pr\u0119ta<\/th>\n<td style=\"width: 485.876%;\">1,125-4 cale<\/td>\n<\/tr>\n<tr>\n<th style=\"width: 43.5028%;\">Rozmiar poci\u0105gni\u0119cia<\/th>\n<td style=\"width: 485.876%;\">4-100 cali<\/td>\n<\/tr>\n<tr>\n<th style=\"width: 43.5028%;\">Rozmiar szpilki<\/th>\n<td style=\"width: 485.876%;\">0,5-2 cale<\/td>\n<\/tr>\n<tr>\n<th style=\"width: 43.5028%;\">Porty<\/th>\n<td style=\"width: 485.876%;\">G\/SAE\/NPT\/M<\/td>\n<\/tr>\n<\/tbody>\n<\/table>\n<h3>Unikalne cechy i zalety<\/h3>\n<p>Ten si\u0142ownik hydrauliczny zosta\u0142 zaprojektowany z my\u015bl\u0105 o wyj\u0105tkowej efektywno\u015bci energetycznej, wysokiej wydajno\u015bci i zwi\u0119kszonym bezpiecze\u0144stwie. Jego innowacyjna, wielostopniowa konstrukcja pozwala mu osi\u0105gn\u0105\u0107 imponuj\u0105c\u0105 si\u0142\u0119 ci\u0105gu 3000 jednostek i maksymalny uci\u0105g 20 ton. Dzi\u0119ki temu nadaje si\u0119 do wymagaj\u0105cych zastosowa\u0144 wymagaj\u0105cych znacznej si\u0142y. Wykonany z wysokiej jako\u015bci stali si\u0142ownik gwarantuje solidno\u015b\u0107 i trwa\u0142o\u015b\u0107, dzi\u0119ki czemu wytrzymuje trudy intensywnego u\u017cytkowania, zachowuj\u0105c jednocze\u015bnie optymaln\u0105 wydajno\u015b\u0107 przez d\u0142ugi czas.<\/p>\n<h3>Zrozumienie uk\u0142ad\u00f3w hydraulicznych<\/h3>\n<p>Uk\u0142ady hydrauliczne odgrywaj\u0105 kluczow\u0105 rol\u0119 w dzia\u0142aniu r\u00f3\u017cnorodnych maszyn i urz\u0105dze\u0144 w wielu bran\u017cach. S\u0105 one projektowane z my\u015bl\u0105 o zapewnieniu mocy niezb\u0119dnej do przemieszczania ci\u0119\u017ckich \u0142adunk\u00f3w, co czyni je niezast\u0105pionymi w budownictwie, produkcji i logistyce. Zdolno\u015b\u0107 do generowania znacznej si\u0142y w kompaktowych uk\u0142adach pozwala maszynom hydraulicznym pracowa\u0107 wydajnie nawet w trudnych warunkach. Dynamika p\u0142yn\u00f3w w tych uk\u0142adach umo\u017cliwia precyzyjn\u0105 kontrol\u0119 i adaptacj\u0119, co jest niezb\u0119dne do bezpiecznego i efektywnego wykonywania z\u0142o\u017conych zada\u0144.<\/p>\n<p><img loading=\"lazy\" decoding=\"async\" class=\"alignnone wp-image-6662\" src=\"https:\/\/fmp-components.com\/wp-content\/uploads\/2025\/03\/telescopic-hydraulic-cylinder-4.webp\" alt=\"si\u0142ownik hydrauliczny teleskopowy\" width=\"914\" height=\"914\" title=\"\" srcset=\"https:\/\/fmp-components.com\/wp-content\/uploads\/2025\/03\/telescopic-hydraulic-cylinder-4.webp 914w, https:\/\/fmp-components.com\/wp-content\/uploads\/2025\/03\/telescopic-hydraulic-cylinder-4-480x480.webp 480w\" sizes=\"(min-width: 0px) and (max-width: 480px) 480px, (min-width: 481px) 914px, 100vw\" \/><\/p>\n<h3>Si\u0142owniki hydrauliczne i agregaty nap\u0119dowe<\/h3>\n<p>Si\u0142owniki hydrauliczne i agregaty pr\u0105dotw\u00f3rcze to podstawowe elementy uk\u0142ad\u00f3w hydraulicznych, kt\u00f3re wsp\u00f3\u0142pracuj\u0105c ze sob\u0105, zapewniaj\u0105 niezawodn\u0105 prac\u0119. Si\u0142ownik hydrauliczny przekszta\u0142ca energi\u0119 hydrauliczn\u0105 w si\u0142\u0119 mechaniczn\u0105, podczas gdy agregat pr\u0105dotw\u00f3rczy wytwarza p\u0142yn hydrauliczny pod ci\u015bnieniem. Razem umo\u017cliwiaj\u0105 szerokie zastosowanie technologii hydraulicznej w r\u00f3\u017cnych sektorach, od maszyn przemys\u0142owych po systemy motoryzacyjne. Ta synergia zapewnia in\u017cynierom i operatorom niezb\u0119dn\u0105 moc i wsparcie sterowania do wykonywania szerokiego zakresu zada\u0144, zwi\u0119kszaj\u0105c produktywno\u015b\u0107 i wydajno\u015b\u0107 operacyjn\u0105 w maszynach i urz\u0105dzeniach. Integracja tych komponent\u00f3w nie tylko poprawia funkcjonalno\u015b\u0107, ale tak\u017ce przyczynia si\u0119 do og\u00f3lnego bezpiecze\u0144stwa i niezawodno\u015bci dzia\u0142ania uk\u0142ad\u00f3w hydraulicznych.<\/p>\n<h3>O FMP<\/h3>\n<p class=\"break-words\">FMP jest wiod\u0105cym w\u0142oskim producentem specjalizuj\u0105cym si\u0119 w projektowaniu, rozwoju i produkcji wysokiej jako\u015bci cylindr\u00f3w hydraulicznych. Dzi\u0119ki bogatemu dziedzictwu zakorzenionemu w dziesi\u0119cioleciach do\u015bwiadczenia, z dum\u0105 \u0142\u0105czymy w\u0142oskie rzemios\u0142o z najnowocze\u015bniejsz\u0105 technologi\u0105, aby dostarcza\u0107 wyj\u0105tkowe rozwi\u0105zania hydrauliczne dostosowane do zr\u00f3\u017cnicowanych potrzeb naszych globalnych klient\u00f3w. Maj\u0105c siedzib\u0119 we W\u0142oszech, w centrum doskona\u0142o\u015bci in\u017cynieryjnej, FMP jest zaufan\u0105 mark\u0105 w bran\u017cy hydraulicznej, zobowi\u0105zan\u0105 do dostarczania niezawodnych, trwa\u0142ych i innowacyjnych produkt\u00f3w, kt\u00f3re wzmacniaj\u0105 firmy na ca\u0142ym \u015bwiecie.<\/p>\n<p class=\"break-words\">Nasza firma integruje najlepsze tradycje zaawansowanej produkcji z przysz\u0142o\u015bciowym podej\u015bciem. Korzystaj\u0105c z wieloletniego do\u015bwiadczenia w systemach hydraulicznych, FMP przekszta\u0142ci\u0142o si\u0119 w nowoczesne przedsi\u0119biorstwo, kt\u00f3re wyr\u00f3\u017cnia si\u0119 w badaniach, projektowaniu i produkcji. Specjalizujemy si\u0119 w szerokiej gamie cylindr\u00f3w hydraulicznych, w tym cylindrach dwustronnego dzia\u0142ania, cylindrach podnosz\u0105cych do samochod\u00f3w, cylindrach do maszyn rolniczych i rozwi\u0105zaniach projektowanych na zam\u00f3wienie do r\u00f3\u017cnych zastosowa\u0144 przemys\u0142owych. Niezale\u017cnie od tego, czy chodzi o budownictwo, instalacje przemys\u0142owe, rolnictwo czy ci\u0119\u017cki sprz\u0119t, nasze cylindry hydrauliczne s\u0105 zbudowane tak, aby dzia\u0142a\u0142y w najtrudniejszych warunkach, zapewniaj\u0105c bezpiecze\u0144stwo, wydajno\u015b\u0107 i d\u0142ugowieczno\u015b\u0107.<\/p>\n<p><img loading=\"lazy\" decoding=\"async\" class=\"alignnone size-full wp-image-6720\" src=\"https:\/\/fmp-components.com\/wp-content\/uploads\/2025\/03\/hydraulic-cylinder-8.webp\" alt=\"Si\u0142owniki hydrauliczne teleskopowe\" width=\"933\" height=\"526\" title=\"\" srcset=\"https:\/\/fmp-components.com\/wp-content\/uploads\/2025\/03\/hydraulic-cylinder-8.webp 933w, https:\/\/fmp-components.com\/wp-content\/uploads\/2025\/03\/hydraulic-cylinder-8-480x271.webp 480w\" sizes=\"(min-width: 0px) and (max-width: 480px) 480px, (min-width: 481px) 933px, 100vw\" \/><\/p>\n<p class=\"break-words\">W FMP jeste\u015bmy dumni z naszych najnowocze\u015bniejszych zak\u0142ad\u00f3w produkcyjnych, wyposa\u017conych w precyzyjne maszyny i zaawansowane systemy testowe. Nasze procesy produkcyjne s\u0105 zgodne z rygorystycznymi normami krajowymi i mi\u0119dzynarodowymi, co zapewnia, \u017ce ka\u017cdy cylinder hydrauliczny opuszczaj\u0105cy nasz\u0105 fabryk\u0119 jest najwy\u017cszej jako\u015bci i niezawodno\u015bci. Nasz wykwalifikowany zesp\u00f3\u0142 techniczny w po\u0142\u0105czeniu z najnowocze\u015bniejszym sprz\u0119tem pozwala nam zachowa\u0107 \u015bcis\u0142\u0105 kontrol\u0119 jako\u015bci na ka\u017cdym etapie produkcji \u2014 od wyboru surowca po ko\u0144cow\u0105 kontrol\u0119. To oddanie doskona\u0142o\u015bci przynios\u0142o nam certyfikaty i uznanie autorytet\u00f3w bran\u017cowych, co dodatkowo umocni\u0142o nasz\u0105 reputacj\u0119 niezawodnego partnera.<\/p>\n<p class=\"break-words\">Nasza misja jest prosta, ale ambitna: dostarcza\u0107 naszym klientom cylindry hydrauliczne, kt\u00f3re przekraczaj\u0105 oczekiwania pod wzgl\u0119dem wydajno\u015bci, trwa\u0142o\u015bci i warto\u015bci. Dzia\u0142amy zgodnie z zasadami profesjonalizmu, uczciwo\u015bci i skupienia na kliencie. Poprzez promowanie kultury innowacji i precyzji nieustannie udoskonalamy nasze produkty, aby utrzyma\u0107 si\u0119 na czele konkurencyjnego rynku. Nasza kompleksowa oferta produkt\u00f3w i zdolno\u015b\u0107 do oferowania dostosowanych rozwi\u0105za\u0144 sprawiaj\u0105, \u017ce jeste\u015bmy pierwszym wyborem dla firm poszukuj\u0105cych wysokowydajnych cylindr\u00f3w hydraulicznych.<\/p>\n<p class=\"break-words\">FMP to co\u015b wi\u0119cej ni\u017c tylko producent \u2014 jeste\u015bmy partnerem w Twoim sukcesie. Rozumiemy, \u017ce nasi klienci polegaj\u0105 na nas, je\u015bli chodzi o dostarczanie narz\u0119dzi, kt\u00f3re zwi\u0119kszaj\u0105 ich produktywno\u015b\u0107 i bezpiecze\u0144stwo. Dlatego te\u017c jeste\u015bmy zobowi\u0105zani do oferowania nie tylko produkt\u00f3w najwy\u017cszej klasy, ale tak\u017ce wyj\u0105tkowej obs\u0142ugi. Od wst\u0119pnych konsultacji po wsparcie posprzeda\u017cowe, \u015bci\u015ble wsp\u00f3\u0142pracujemy z naszymi klientami, aby zapewni\u0107, \u017ce ich potrzeby s\u0105 spe\u0142niane z profesjonalizmem i trosk\u0105. Nasze konkurencyjne ceny w po\u0142\u0105czeniu z naszym niezachwianym zaanga\u017cowaniem w jako\u015b\u0107 sprawiaj\u0105, \u017ce FMP jest m\u0105drym wyborem dla firm, kt\u00f3re chc\u0105 zainwestowa\u0107 w rozwi\u0105zania hydrauliczne, kt\u00f3rym mog\u0105 zaufa\u0107.<\/p>\n<p><img loading=\"lazy\" decoding=\"async\" class=\"alignnone wp-image-6663\" src=\"https:\/\/fmp-components.com\/wp-content\/uploads\/2025\/03\/telescopic-hydraulic-cylinder-11.webp\" alt=\"si\u0142ownik hydrauliczny teleskopowy\" width=\"940\" height=\"940\" title=\"\" srcset=\"https:\/\/fmp-components.com\/wp-content\/uploads\/2025\/03\/telescopic-hydraulic-cylinder-11.webp 940w, https:\/\/fmp-components.com\/wp-content\/uploads\/2025\/03\/telescopic-hydraulic-cylinder-11-480x480.webp 480w\" sizes=\"(min-width: 0px) and (max-width: 480px) 480px, (min-width: 481px) 940px, 100vw\" \/><\/p>\n<h2>Cz\u0119sto zadawane pytania<\/h2>\n<h3>P: Czy jeste\u015b firm\u0105 handlow\u0105 lub produkcyjn\u0105?<\/h3>\n<p>A: Jeste\u015bmy fabryk\u0105.<\/p>\n<h3>P: Jak d\u0142ugi jest czas dostawy?<\/h3>\n<p>A: Zazwyczaj trwa to 25\u201335 dni.<\/p>\n<h3>P: Czy dostarczacie pr\u00f3bki? Czy s\u0105 darmowe czy dodatkowe?<\/h3>\n<p>A: Tak, mogliby\u015bmy zaoferowa\u0107 pr\u00f3bk\u0119, ale nie jest ona darmowa.<\/p>","protected":false},"excerpt":{"rendered":"<p>New Arrival Double Acting Dump Truck Telescopic Hydraulic Cylinder For Sale The new arrival double acting dump truck telescopic hydraulic cylinder is here to revolutionize the industry. Engineered for maximum efficiency, it&#8217;s the perfect solution for machinery repair shops, farms, energy &amp; mining, machinery manufacturing, and machinery factories. Product Specification Bore Size 2-6 inch Rod [&hellip;]<\/p>","protected":false},"featured_media":6669,"comment_status":"closed","ping_status":"closed","template":"","meta":{"_et_pb_use_builder":"","_et_pb_old_content":"","_et_gb_content_width":""},"product_brand":[],"product_cat":[103],"product_tag":[34,105],"class_list":{"0":"post-6505","1":"product","2":"type-product","3":"status-publish","4":"has-post-thumbnail","6":"product_cat-telescopic-hydraulic-cylinders","7":"product_tag-hydraulic-cylinder","8":"product_tag-telescopic-hydraulic-cylinders","10":"first","11":"instock","12":"product-type-simple"},"_links":{"self":[{"href":"https:\/\/fmp-components.com\/pl\/wp-json\/wp\/v2\/product\/6505","targetHints":{"allow":["GET"]}}],"collection":[{"href":"https:\/\/fmp-components.com\/pl\/wp-json\/wp\/v2\/product"}],"about":[{"href":"https:\/\/fmp-components.com\/pl\/wp-json\/wp\/v2\/types\/product"}],"replies":[{"embeddable":true,"href":"https:\/\/fmp-components.com\/pl\/wp-json\/wp\/v2\/comments?post=6505"}],"wp:featuredmedia":[{"embeddable":true,"href":"https:\/\/fmp-components.com\/pl\/wp-json\/wp\/v2\/media\/6669"}],"wp:attachment":[{"href":"https:\/\/fmp-components.com\/pl\/wp-json\/wp\/v2\/media?parent=6505"}],"wp:term":[{"taxonomy":"product_brand","embeddable":true,"href":"https:\/\/fmp-components.com\/pl\/wp-json\/wp\/v2\/product_brand?post=6505"},{"taxonomy":"product_cat","embeddable":true,"href":"https:\/\/fmp-components.com\/pl\/wp-json\/wp\/v2\/product_cat?post=6505"},{"taxonomy":"product_tag","embeddable":true,"href":"https:\/\/fmp-components.com\/pl\/wp-json\/wp\/v2\/product_tag?post=6505"}],"curies":[{"name":"wp","href":"https:\/\/api.w.org\/{rel}","templated":true}]}}