{"id":6504,"date":"2025-03-11T06:25:30","date_gmt":"2025-03-11T06:25:30","guid":{"rendered":"https:\/\/fmp-components.com\/product\/manufacturer-supplier-double-acting-telescopic-hydraulic-cylinder-for-dump-truck"},"modified":"2025-03-18T02:00:27","modified_gmt":"2025-03-18T02:00:27","slug":"manufacturer-supplier-double-acting-telescopic-hydraulic-cylinder-for-dump-truck","status":"publish","type":"product","link":"https:\/\/fmp-components.com\/pl\/product\/manufacturer-supplier-double-acting-telescopic-hydraulic-cylinder-for-dump-truck\/","title":{"rendered":"Producent Dostawca Dwustronnego dzia\u0142ania teleskopowy si\u0142ownik hydrauliczny do wywrotki"},"content":{"rendered":"<h2>Producent Dostawca Dwustronnego dzia\u0142ania teleskopowy si\u0142ownik hydrauliczny do wywrotki<\/h2>\n<p>Przedstawiamy teleskopowy si\u0142ownik hydrauliczny dwustronnego dzia\u0142ania do wywrotek, najnowocze\u015bniejszy produkt firmy FMP, producenta i dostawcy znanego z wysokiej jako\u015bci si\u0142ownik\u00f3w hydraulicznych. Produkt ten zosta\u0142 zaprojektowany z my\u015bl\u0105 o maksymalnej wydajno\u015bci i trwa\u0142o\u015bci, zapewniaj\u0105c doskona\u0142\u0105 warto\u015b\u0107 dla warsztat\u00f3w naprawczych maszyn, gospodarstw rolnych, sektora energetycznego i g\u00f3rniczego, a tak\u017ce producent\u00f3w maszyn i fabryk.<\/p>\n<h3>Cechy i specyfikacje produktu<\/h3>\n<p>Nasz teleskopowy si\u0142ownik hydrauliczny dwustronnego dzia\u0142ania zosta\u0142 zaprojektowany z my\u015bl\u0105 o wytrzyma\u0142o\u015bci i niezawodno\u015bci, z korpusem wykonanym ze stali. Maksymalna si\u0142a ci\u0105gu wynosi 3000 i uci\u0105g 20 ton. \u015arednica cylindra wynosi od 2 do 6 cali, rozmiar t\u0142oczyska to 1,125 do 4 cali, a skok t\u0142oczyska to 4 do 100 cali. Rozmiar sworznia wynosi 0,5 do 2 cali i jest dost\u0119pny w eleganckim czarnym kolorze. Dzi\u0119ki wielostopniowej funkcjonalno\u015bci, ten si\u0142ownik hydrauliczny posiada certyfikat ISO9001:2000, co gwarantuje wysok\u0105 jako\u015b\u0107 i standardy.<\/p>\n<table style=\"width: 98.2317%;\" border=\"\">\n<tbody>\n<tr>\n<td style=\"width: 42.9379%;\"><i>Rozmiar otworu<\/i><\/td>\n<td style=\"width: 464.972%;\">2-6 cali<\/td>\n<\/tr>\n<tr>\n<td style=\"width: 42.9379%;\"><i>Rozmiar pr\u0119ta<\/i><\/td>\n<td style=\"width: 464.972%;\">1,125-4 cale<\/td>\n<\/tr>\n<tr>\n<td style=\"width: 42.9379%;\"><i>Rozmiar poci\u0105gni\u0119cia<\/i><\/td>\n<td style=\"width: 464.972%;\">4-100 cali<\/td>\n<\/tr>\n<tr>\n<td style=\"width: 42.9379%;\"><i>Rozmiar szpilki<\/i><\/td>\n<td style=\"width: 464.972%;\">0,5-2 cale<\/td>\n<\/tr>\n<tr>\n<td style=\"width: 42.9379%;\"><i>Porty<\/i><\/td>\n<td style=\"width: 464.972%;\">G\/SAE\/NPT\/M<\/td>\n<\/tr>\n<\/tbody>\n<\/table>\n<h3>Unikalne zalety<\/h3>\n<p>Nasz si\u0142ownik hydrauliczny wyr\u00f3\u017cnia si\u0119 na rynku wyj\u0105tkow\u0105 energooszcz\u0119dno\u015bci\u0105, wysok\u0105 wydajno\u015bci\u0105 i solidnymi zabezpieczeniami. Zaprojektowany do efektywnej pracy pod wysokim ci\u015bnieniem, zapewnia p\u0142ynny i stabilny przesy\u0142 energii hydraulicznej, minimalizuj\u0105c wahania, kt\u00f3re mog\u0142yby negatywnie wp\u0142yn\u0105\u0107 na wydajno\u015b\u0107. Trwa\u0142a konstrukcja naszego si\u0142ownika hydraulicznego nie tylko gwarantuje d\u0142ugotrwa\u0142e u\u017cytkowanie, ale tak\u017ce znacz\u0105co obni\u017ca koszty konserwacji, czyni\u0105c go ekonomicznym rozwi\u0105zaniem dla firm. To po\u0142\u0105czenie niezawodno\u015bci i wydajno\u015bci pozwala u\u017cytkownikom maksymalizowa\u0107 produktywno\u015b\u0107 przy jednoczesnej minimalizacji przestoj\u00f3w i koszt\u00f3w operacyjnych.<\/p>\n<h3>Zrozumienie uk\u0142adu hydraulicznego<\/h3>\n<p>Uk\u0142ad hydrauliczny stanowi pot\u0119\u017cn\u0105 metod\u0119 transmisji energii, wykorzystuj\u0105c\u0105 spr\u0119\u017con\u0105 ciecz do przenoszenia si\u0142y i ruchu. W tym uk\u0142adzie si\u0142ownik hydrauliczny dzia\u0142a jako si\u0142ownik, przekszta\u0142caj\u0105c energi\u0119 hydrauliczn\u0105 w ruch mechaniczny. Ta konwersja jest niezb\u0119dna w szerokim zakresie zastosowa\u0144 w wielu bran\u017cach, poniewa\u017c zapewnia niezb\u0119dn\u0105 moc i wsparcie sterowania maszynom i urz\u0105dzeniom. Wykorzystuj\u0105c zasady hydrauliki, operatorzy mog\u0105 osi\u0105gn\u0105\u0107 precyzj\u0119 ruchu i efektywne przenoszenie du\u017cych ci\u0119\u017car\u00f3w, co sprawia, \u017ce \u200b\u200buk\u0142ady hydrauliczne s\u0105 kluczowe w zadaniach wymagaj\u0105cych precyzji i si\u0142y.<\/p>\n<h3>Aplikacje<\/h3>\n<p>Teleskopowy si\u0142ownik hydrauliczny dwustronnego dzia\u0142ania jest szeroko stosowany w wywrotkach, gdzie odgrywa kluczow\u0105 rol\u0119 w wydajnym i bezpiecznym podnoszeniu ci\u0119\u017ckich materia\u0142\u00f3w. Jego konstrukcja umo\u017cliwia znaczne wysuwanie i wsuwanie, dzi\u0119ki czemu idealnie nadaje si\u0119 do zastosowa\u0144 wymagaj\u0105cych du\u017cego ud\u017awigu. Opr\u00f3cz wywrotek, ten si\u0142ownik hydrauliczny znajduje zastosowanie w szeregu ci\u0119\u017ckich maszyn w r\u00f3\u017cnych bran\u017cach, w tym w budownictwie, rolnictwie i logistyce. Jego wszechstronno\u015b\u0107 gwarantuje, \u017ce sprosta wymaganiom r\u00f3\u017cnych \u015brodowisk, zapewniaj\u0105c niezawodn\u0105 wydajno\u015b\u0107 wsz\u0119dzie tam, gdzie jest wykorzystywany.<\/p>\n<h3>Si\u0142owniki hydrauliczne i agregaty nap\u0119dowe<\/h3>\n<p>Si\u0142owniki hydrauliczne i agregaty pr\u0105dotw\u00f3rcze s\u0105 niezb\u0119dnymi elementami uk\u0142ad\u00f3w hydraulicznych, wsp\u00f3\u0142pracuj\u0105c ze sob\u0105, aby zapewni\u0107 efektywne dzia\u0142anie. Synergia mi\u0119dzy tymi elementami u\u0142atwia powszechne zastosowanie technologii hydraulicznej w przemy\u015ble, zapewniaj\u0105c niezawodne zasilanie i sterowanie r\u00f3\u017cnorodnym sprz\u0119tem in\u017cynieryjnym i mechanicznym. Si\u0142ownik hydrauliczny pe\u0142ni funkcj\u0119 si\u0142ownika, przekszta\u0142caj\u0105c energi\u0119 hydrauliczn\u0105 w ruch mechaniczny i generuj\u0105c si\u0142\u0119 z ci\u015bnienia. Natomiast agregat pr\u0105dotw\u00f3rczy stanowi serce uk\u0142adu, dostarczaj\u0105c energi\u0119 i sygna\u0142y steruj\u0105ce niezb\u0119dne do jego dzia\u0142ania. Ta skoordynowana interakcja jest niezb\u0119dna dla sprawnego funkcjonowania uk\u0142ad\u00f3w hydraulicznych. W FMP oferujemy r\u00f3wnie\u017c szerok\u0105 gam\u0119 agregat\u00f3w pr\u0105dotw\u00f3rczych, uzupe\u0142niaj\u0105cych nasze si\u0142owniki hydrauliczne, aby zapewni\u0107 kompleksowe rozwi\u0105zania dla Pa\u0144stwa potrzeb hydraulicznych.<\/p>\n<p><img loading=\"lazy\" decoding=\"async\" class=\"alignnone wp-image-6659\" src=\"https:\/\/fmp-components.com\/wp-content\/uploads\/2025\/03\/telescopic-hydraulic-cylinder-12.webp\" alt=\"si\u0142ownik hydrauliczny teleskopowy\" width=\"917\" height=\"917\" title=\"\" srcset=\"https:\/\/fmp-components.com\/wp-content\/uploads\/2025\/03\/telescopic-hydraulic-cylinder-12.webp 917w, https:\/\/fmp-components.com\/wp-content\/uploads\/2025\/03\/telescopic-hydraulic-cylinder-12-480x480.webp 480w\" sizes=\"(min-width: 0px) and (max-width: 480px) 480px, (min-width: 481px) 917px, 100vw\" \/><\/p>\n<h3>O FMP<\/h3>\n<p class=\"break-words\">FMP jest wiod\u0105cym w\u0142oskim producentem specjalizuj\u0105cym si\u0119 w projektowaniu, rozwoju i produkcji wysokiej jako\u015bci cylindr\u00f3w hydraulicznych. Dzi\u0119ki bogatemu dziedzictwu zakorzenionemu w dziesi\u0119cioleciach do\u015bwiadczenia, z dum\u0105 \u0142\u0105czymy w\u0142oskie rzemios\u0142o z najnowocze\u015bniejsz\u0105 technologi\u0105, aby dostarcza\u0107 wyj\u0105tkowe rozwi\u0105zania hydrauliczne dostosowane do zr\u00f3\u017cnicowanych potrzeb naszych globalnych klient\u00f3w. Maj\u0105c siedzib\u0119 we W\u0142oszech, w centrum doskona\u0142o\u015bci in\u017cynieryjnej, FMP jest zaufan\u0105 mark\u0105 w bran\u017cy hydraulicznej, zobowi\u0105zan\u0105 do dostarczania niezawodnych, trwa\u0142ych i innowacyjnych produkt\u00f3w, kt\u00f3re wzmacniaj\u0105 firmy na ca\u0142ym \u015bwiecie.<\/p>\n<p class=\"break-words\">Nasza firma integruje najlepsze tradycje zaawansowanej produkcji z przysz\u0142o\u015bciowym podej\u015bciem. Korzystaj\u0105c z wieloletniego do\u015bwiadczenia w systemach hydraulicznych, FMP przekszta\u0142ci\u0142o si\u0119 w nowoczesne przedsi\u0119biorstwo, kt\u00f3re wyr\u00f3\u017cnia si\u0119 w badaniach, projektowaniu i produkcji. Specjalizujemy si\u0119 w szerokiej gamie cylindr\u00f3w hydraulicznych, w tym cylindrach dwustronnego dzia\u0142ania, cylindrach podnosz\u0105cych do samochod\u00f3w, cylindrach do maszyn rolniczych i rozwi\u0105zaniach projektowanych na zam\u00f3wienie do r\u00f3\u017cnych zastosowa\u0144 przemys\u0142owych. Niezale\u017cnie od tego, czy chodzi o budownictwo, instalacje przemys\u0142owe, rolnictwo czy ci\u0119\u017cki sprz\u0119t, nasze cylindry hydrauliczne s\u0105 zbudowane tak, aby dzia\u0142a\u0142y w najtrudniejszych warunkach, zapewniaj\u0105c bezpiecze\u0144stwo, wydajno\u015b\u0107 i d\u0142ugowieczno\u015b\u0107.<\/p>\n<p><img loading=\"lazy\" decoding=\"async\" class=\"alignnone size-full wp-image-6720\" src=\"https:\/\/fmp-components.com\/wp-content\/uploads\/2025\/03\/hydraulic-cylinder-8.webp\" alt=\"Si\u0142owniki hydrauliczne teleskopowe\" width=\"933\" height=\"526\" title=\"\" srcset=\"https:\/\/fmp-components.com\/wp-content\/uploads\/2025\/03\/hydraulic-cylinder-8.webp 933w, https:\/\/fmp-components.com\/wp-content\/uploads\/2025\/03\/hydraulic-cylinder-8-480x271.webp 480w\" sizes=\"(min-width: 0px) and (max-width: 480px) 480px, (min-width: 481px) 933px, 100vw\" \/><\/p>\n<p class=\"break-words\">W FMP jeste\u015bmy dumni z naszych najnowocze\u015bniejszych zak\u0142ad\u00f3w produkcyjnych, wyposa\u017conych w precyzyjne maszyny i zaawansowane systemy testowe. Nasze procesy produkcyjne s\u0105 zgodne z rygorystycznymi normami krajowymi i mi\u0119dzynarodowymi, co zapewnia, \u017ce ka\u017cdy cylinder hydrauliczny opuszczaj\u0105cy nasz\u0105 fabryk\u0119 jest najwy\u017cszej jako\u015bci i niezawodno\u015bci. Nasz wykwalifikowany zesp\u00f3\u0142 techniczny w po\u0142\u0105czeniu z najnowocze\u015bniejszym sprz\u0119tem pozwala nam zachowa\u0107 \u015bcis\u0142\u0105 kontrol\u0119 jako\u015bci na ka\u017cdym etapie produkcji \u2014 od wyboru surowca po ko\u0144cow\u0105 kontrol\u0119. To oddanie doskona\u0142o\u015bci przynios\u0142o nam certyfikaty i uznanie autorytet\u00f3w bran\u017cowych, co dodatkowo umocni\u0142o nasz\u0105 reputacj\u0119 niezawodnego partnera.<\/p>\n<p class=\"break-words\">Nasza misja jest prosta, ale ambitna: dostarcza\u0107 naszym klientom cylindry hydrauliczne, kt\u00f3re przekraczaj\u0105 oczekiwania pod wzgl\u0119dem wydajno\u015bci, trwa\u0142o\u015bci i warto\u015bci. Dzia\u0142amy zgodnie z zasadami profesjonalizmu, uczciwo\u015bci i skupienia na kliencie. Poprzez promowanie kultury innowacji i precyzji nieustannie udoskonalamy nasze produkty, aby utrzyma\u0107 si\u0119 na czele konkurencyjnego rynku. Nasza kompleksowa oferta produkt\u00f3w i zdolno\u015b\u0107 do oferowania dostosowanych rozwi\u0105za\u0144 sprawiaj\u0105, \u017ce jeste\u015bmy pierwszym wyborem dla firm poszukuj\u0105cych wysokowydajnych cylindr\u00f3w hydraulicznych.<\/p>\n<p class=\"break-words\">FMP to co\u015b wi\u0119cej ni\u017c tylko producent \u2014 jeste\u015bmy partnerem w Twoim sukcesie. Rozumiemy, \u017ce nasi klienci polegaj\u0105 na nas, je\u015bli chodzi o dostarczanie narz\u0119dzi, kt\u00f3re zwi\u0119kszaj\u0105 ich produktywno\u015b\u0107 i bezpiecze\u0144stwo. Dlatego te\u017c jeste\u015bmy zobowi\u0105zani do oferowania nie tylko produkt\u00f3w najwy\u017cszej klasy, ale tak\u017ce wyj\u0105tkowej obs\u0142ugi. Od wst\u0119pnych konsultacji po wsparcie posprzeda\u017cowe, \u015bci\u015ble wsp\u00f3\u0142pracujemy z naszymi klientami, aby zapewni\u0107, \u017ce ich potrzeby s\u0105 spe\u0142niane z profesjonalizmem i trosk\u0105. Nasze konkurencyjne ceny w po\u0142\u0105czeniu z naszym niezachwianym zaanga\u017cowaniem w jako\u015b\u0107 sprawiaj\u0105, \u017ce FMP jest m\u0105drym wyborem dla firm, kt\u00f3re chc\u0105 zainwestowa\u0107 w rozwi\u0105zania hydrauliczne, kt\u00f3rym mog\u0105 zaufa\u0107.<\/p>\n<h2>Cz\u0119sto zadawane pytania<\/h2>\n<p><b>P: Jak d\u0142ugi jest czas dostawy?<\/b><br \/>\nA: Zazwyczaj jest to 25\u201335 dni.<\/p>\n<p><b>P: Czy udost\u0119pniacie pr\u00f3bki? Czy s\u0105 one bezp\u0142atne, czy dodatkowo p\u0142atne?<\/b><br \/>\nA: Tak, oferujemy pr\u00f3bki, ale nie s\u0105 one darmowe.<\/p>\n<p><b>P: Czy mo\u017cecie produkowa\u0107 na podstawie pr\u00f3bek?<\/b><br \/>\nA: Tak, mo\u017cemy produkowa\u0107 na podstawie Twoich pr\u00f3bek lub rysunk\u00f3w technicznych. Mo\u017cemy budowa\u0107 formy i urz\u0105dzenia.<\/p>\n<p>Odkryj teleskopowy si\u0142ownik hydrauliczny FMP dwustronnego dzia\u0142ania do wywrotek i do\u015bwiadcz niezr\u00f3wnanej mocy i kontroli. Skontaktuj si\u0119 z nami ju\u017c dzi\u015b, aby dokona\u0107 zakupu i przenie\u015b\u0107 wydajno\u015b\u0107 swojej maszyny na wy\u017cszy poziom.<\/p>\n<p><img loading=\"lazy\" decoding=\"async\" class=\"alignnone size-full wp-image-6660\" src=\"https:\/\/fmp-components.com\/wp-content\/uploads\/2025\/03\/hydraulic-cylinder-workshop-4.webp\" alt=\"si\u0142ownik hydrauliczny teleskopowy\" width=\"914\" height=\"733\" title=\"\" srcset=\"https:\/\/fmp-components.com\/wp-content\/uploads\/2025\/03\/hydraulic-cylinder-workshop-4.webp 914w, https:\/\/fmp-components.com\/wp-content\/uploads\/2025\/03\/hydraulic-cylinder-workshop-4-480x385.webp 480w\" sizes=\"(min-width: 0px) and (max-width: 480px) 480px, (min-width: 481px) 914px, 100vw\" \/><\/p>","protected":false},"excerpt":{"rendered":"<p>Manufacturer Supplier Double Acting Telescopic Hydraulic Cylinder For Dump Truck Introducing the Double Acting Telescopic Hydraulic Cylinder for Dump Trucks, a state-of-the-art product from FMP, a manufacturer and supplier renowned for its high-quality hydraulic cylinders. This product is designed for maximum efficiency and durability, providing excellent value for machinery repair shops, farms, energy &amp; mining [&hellip;]<\/p>","protected":false},"featured_media":6671,"comment_status":"closed","ping_status":"closed","template":"","meta":{"_et_pb_use_builder":"","_et_pb_old_content":"","_et_gb_content_width":""},"product_brand":[],"product_cat":[103],"product_tag":[34,105],"class_list":{"0":"post-6504","1":"product","2":"type-product","3":"status-publish","4":"has-post-thumbnail","6":"product_cat-telescopic-hydraulic-cylinders","7":"product_tag-hydraulic-cylinder","8":"product_tag-telescopic-hydraulic-cylinders","10":"first","11":"instock","12":"product-type-simple"},"_links":{"self":[{"href":"https:\/\/fmp-components.com\/pl\/wp-json\/wp\/v2\/product\/6504","targetHints":{"allow":["GET"]}}],"collection":[{"href":"https:\/\/fmp-components.com\/pl\/wp-json\/wp\/v2\/product"}],"about":[{"href":"https:\/\/fmp-components.com\/pl\/wp-json\/wp\/v2\/types\/product"}],"replies":[{"embeddable":true,"href":"https:\/\/fmp-components.com\/pl\/wp-json\/wp\/v2\/comments?post=6504"}],"wp:featuredmedia":[{"embeddable":true,"href":"https:\/\/fmp-components.com\/pl\/wp-json\/wp\/v2\/media\/6671"}],"wp:attachment":[{"href":"https:\/\/fmp-components.com\/pl\/wp-json\/wp\/v2\/media?parent=6504"}],"wp:term":[{"taxonomy":"product_brand","embeddable":true,"href":"https:\/\/fmp-components.com\/pl\/wp-json\/wp\/v2\/product_brand?post=6504"},{"taxonomy":"product_cat","embeddable":true,"href":"https:\/\/fmp-components.com\/pl\/wp-json\/wp\/v2\/product_cat?post=6504"},{"taxonomy":"product_tag","embeddable":true,"href":"https:\/\/fmp-components.com\/pl\/wp-json\/wp\/v2\/product_tag?post=6504"}],"curies":[{"name":"wp","href":"https:\/\/api.w.org\/{rel}","templated":true}]}}