{"id":6502,"date":"2025-03-11T06:25:30","date_gmt":"2025-03-11T06:25:30","guid":{"rendered":"https:\/\/fmp-components.com\/product\/high-quality-small-dump-truck-double-acting-multistage-hydraulic-cylinder"},"modified":"2025-03-18T02:00:39","modified_gmt":"2025-03-18T02:00:39","slug":"high-quality-small-dump-truck-double-acting-multistage-hydraulic-cylinder","status":"publish","type":"product","link":"https:\/\/fmp-components.com\/pl\/product\/high-quality-small-dump-truck-double-acting-multistage-hydraulic-cylinder\/","title":{"rendered":"Wysokiej jako\u015bci ma\u0142y wywrotka, dwustronnego dzia\u0142ania, wielostopniowy si\u0142ownik hydrauliczny"},"content":{"rendered":"<h2>Wysokiej jako\u015bci ma\u0142y wywrotka, dwustronnego dzia\u0142ania, wielostopniowy si\u0142ownik hydrauliczny<\/h2>\n<p>Przedstawiamy wysokiej jako\u015bci, dwustronnego dzia\u0142ania, wielostopniowy si\u0142ownik hydrauliczny do ma\u0142ych wywrotek \u2013 niezawodne i wydajne narz\u0119dzie, kt\u00f3re zwi\u0119ksza wydajno\u015b\u0107 Twojej maszyny. Ten si\u0142ownik hydrauliczny zosta\u0142 zaprojektowany tak, aby wytrzyma\u0107 intensywne prace i zapewni\u0107 optymalne rozwi\u0105zania dla r\u00f3\u017cnych bran\u017c, takich jak warsztaty naprawcze maszyn, gospodarstwa rolne, energetyka i g\u00f3rnictwo, produkcja maszyn i fabryki maszyn.<\/p>\n<h2>Specyfikacja produktu<\/h2>\n<p>Zaprojektowany zgodnie ze standardowymi wymaganiami, si\u0142ownik hydrauliczny charakteryzuje si\u0119 konstrukcj\u0105 t\u0142oka i dzia\u0142a dzi\u0119ki sile hydraulicznej. Korpus wykonany jest z wytrzyma\u0142ej stali, co zapewnia trwa\u0142o\u015b\u0107 i niezawodno\u015b\u0107. Ten wielostopniowy si\u0142ownik hydrauliczny posiada certyfikat ISO9001:2000, co dodatkowo potwierdza jego jako\u015b\u0107 i wydajno\u015b\u0107.<\/p>\n<table style=\"width: 100.343%;\" border=\"\">\n<tbody>\n<tr>\n<th style=\"width: 43.5028%;\">Rozmiar otworu<\/th>\n<td style=\"width: 487.006%;\">2-6 cali<\/td>\n<\/tr>\n<tr>\n<th style=\"width: 43.5028%;\">Rozmiar pr\u0119ta<\/th>\n<td style=\"width: 487.006%;\">1,125-4 cale<\/td>\n<\/tr>\n<tr>\n<th style=\"width: 43.5028%;\">Rozmiar poci\u0105gni\u0119cia<\/th>\n<td style=\"width: 487.006%;\">4-100 cali<\/td>\n<\/tr>\n<tr>\n<th style=\"width: 43.5028%;\">Rozmiar szpilki<\/th>\n<td style=\"width: 487.006%;\">0,5-2 cale<\/td>\n<\/tr>\n<tr>\n<th style=\"width: 43.5028%;\">Porty<\/th>\n<td style=\"width: 487.006%;\">G\/SAE\/NPT\/M<\/td>\n<\/tr>\n<\/tbody>\n<\/table>\n<h2>G\u0142\u00f3wne cechy i zalety<\/h2>\n<ul>\n<li>Energooszcz\u0119dny<\/li>\n<li>Wysoka wydajno\u015b\u0107<\/li>\n<li>Bezpieczny i niezawodny<\/li>\n<\/ul>\n<h2>Uk\u0142ady hydrauliczne i zasada dzia\u0142ania<\/h2>\n<p>Nasz si\u0142ownik hydrauliczny dzia\u0142a poprzez zamian\u0119 ci\u015bnienia cieczy na si\u0142\u0119 mechaniczn\u0105, zapewniaj\u0105c niezr\u00f3wnany stosunek mocy do masy i rozmiar\u00f3w. Ta zaawansowana technologia gwarantuje sta\u0142\u0105 wydajno\u015b\u0107 Twoich maszyn.<\/p>\n<p><img loading=\"lazy\" decoding=\"async\" class=\"alignnone wp-image-6659\" src=\"https:\/\/fmp-components.com\/wp-content\/uploads\/2025\/03\/telescopic-hydraulic-cylinder-12.webp\" alt=\"si\u0142ownik hydrauliczny teleskopowy\" width=\"965\" height=\"965\" title=\"\" srcset=\"https:\/\/fmp-components.com\/wp-content\/uploads\/2025\/03\/telescopic-hydraulic-cylinder-12.webp 965w, https:\/\/fmp-components.com\/wp-content\/uploads\/2025\/03\/telescopic-hydraulic-cylinder-12-480x480.webp 480w\" sizes=\"(min-width: 0px) and (max-width: 480px) 480px, (min-width: 481px) 965px, 100vw\" \/><\/p>\n<h2>Si\u0142owniki hydrauliczne i agregaty nap\u0119dowe<\/h2>\n<p>Si\u0142owniki hydrauliczne i agregaty pr\u0105dotw\u00f3rcze s\u0105 niezb\u0119dnymi elementami uk\u0142ad\u00f3w hydraulicznych. Ich sp\u00f3jna funkcja zapewnia szerokie zastosowanie technologii hydraulicznej w r\u00f3\u017cnych ga\u0142\u0119ziach przemys\u0142u, zapewniaj\u0105c niezawodne zasilanie i sterowanie r\u00f3\u017cnymi typami maszyn. W FMP, opr\u00f3cz si\u0142ownik\u00f3w hydraulicznych, oferujemy r\u00f3wnie\u017c agregaty pr\u0105dotw\u00f3rcze.<\/p>\n<h2>Cz\u0119sto zadawane pytania<\/h2>\n<p><b>P: Czy jeste\u015b firm\u0105 handlow\u0105 lub produkcyjn\u0105?<\/b><br \/>\nA: Jeste\u015bmy producentem.<\/p>\n<p><b>P: Jak d\u0142ugi jest czas dostawy?<\/b><br \/>\nA: Zazwyczaj czas dostawy wynosi od 25 do 35 dni.<\/p>\n<p><b>P: Czy dostarczacie pr\u00f3bki?<\/b><br \/>\nA: Tak, udost\u0119pniamy pr\u00f3bki, ale nie s\u0105 one darmowe.<\/p>\n<h3>O FMP<\/h3>\n<p>FMP to czo\u0142owy w\u0142oski producent, znany ze swojego do\u015bwiadczenia w projektowaniu, rozwoju i produkcji wysokiej jako\u015bci cylindr\u00f3w hydraulicznych. Dzi\u0119ki bogatemu do\u015bwiadczeniu, budowanemu przez dekady, doskonale \u0142\u0105czymy w\u0142oskie rzemios\u0142o z najnowocze\u015bniejsz\u0105 technologi\u0105, aby dostarcza\u0107 wyj\u0105tkowe rozwi\u0105zania hydrauliczne, dopasowane do zr\u00f3\u017cnicowanych potrzeb naszych klient\u00f3w na ca\u0142ym \u015bwiecie. Z siedzib\u0105 we W\u0142oszech, centrum doskona\u0142o\u015bci in\u017cynieryjnej, FMP ugruntowa\u0142a swoj\u0105 pozycj\u0119 zaufanego lidera w bran\u017cy hydraulicznej, dostarczaj\u0105c niezawodne, trwa\u0142e i innowacyjne produkty, kt\u00f3re wspieraj\u0105 firmy na ca\u0142ym \u015bwiecie.<\/p>\n<p>\u0141\u0105czymy zaawansowane tradycje produkcyjne z post\u0119powym podej\u015bciem. Bazuj\u0105c na wieloletnim do\u015bwiadczeniu w dziedzinie uk\u0142ad\u00f3w hydraulicznych, FMP przekszta\u0142ci\u0142o si\u0119 w nowoczesne przedsi\u0119biorstwo, kt\u00f3re wyr\u00f3\u017cnia si\u0119 w badaniach, projektowaniu i produkcji. Nasza specjalizacja obejmuje szerokie spektrum si\u0142ownik\u00f3w hydraulicznych, w tym si\u0142owniki dwustronnego dzia\u0142ania, si\u0142owniki podno\u015bnikowe do samochod\u00f3w, si\u0142owniki do maszyn rolniczych oraz rozwi\u0105zania projektowane na zam\u00f3wienie dla r\u00f3\u017cnorodnych zastosowa\u0144 przemys\u0142owych. Niezale\u017cnie od tego, czy chodzi o budownictwo, instalacje przemys\u0142owe, rolnictwo, czy ci\u0119\u017cki sprz\u0119t, nasze si\u0142owniki hydrauliczne s\u0105 projektowane tak, aby dzia\u0142a\u0142y w najbardziej wymagaj\u0105cych warunkach, zapewniaj\u0105c bezpiecze\u0144stwo, wydajno\u015b\u0107 i trwa\u0142o\u015b\u0107.<\/p>\n<p><img loading=\"lazy\" decoding=\"async\" class=\"alignnone size-full wp-image-6720\" src=\"https:\/\/fmp-components.com\/wp-content\/uploads\/2025\/03\/hydraulic-cylinder-8.webp\" alt=\"Si\u0142owniki hydrauliczne teleskopowe\" width=\"933\" height=\"526\" title=\"\" srcset=\"https:\/\/fmp-components.com\/wp-content\/uploads\/2025\/03\/hydraulic-cylinder-8.webp 933w, https:\/\/fmp-components.com\/wp-content\/uploads\/2025\/03\/hydraulic-cylinder-8-480x271.webp 480w\" sizes=\"(min-width: 0px) and (max-width: 480px) 480px, (min-width: 481px) 933px, 100vw\" \/><\/p>\n<p>W FMP jeste\u015bmy dumni z naszych najnowocze\u015bniejszych zak\u0142ad\u00f3w produkcyjnych, wyposa\u017conych w precyzyjny park maszynowy i zaawansowane systemy testowe. Nasze procesy produkcyjne spe\u0142niaj\u0105 rygorystyczne normy krajowe i mi\u0119dzynarodowe, gwarantuj\u0105c najwy\u017csz\u0105 jako\u015b\u0107 i niezawodno\u015b\u0107 ka\u017cdego produkowanego cylindra hydraulicznego. Nasz wykwalifikowany zesp\u00f3\u0142 techniczny oraz zaawansowany sprz\u0119t pozwalaj\u0105 nam na rygorystyczn\u0105 kontrol\u0119 jako\u015bci na ka\u017cdym etapie produkcji \u2013 od doboru surowc\u00f3w po kontrol\u0119 ko\u0144cow\u0105. To d\u0105\u017cenie do doskona\u0142o\u015bci przynios\u0142o nam certyfikaty i uznanie autorytet\u00f3w bran\u017cowych, co dodatkowo umacnia nasz\u0105 reputacj\u0119 jako wiarygodnego partnera.<\/p>\n<p>Nasza misja jest prosta, ale ambitna: dostarcza\u0107 si\u0142owniki hydrauliczne, kt\u00f3re przewy\u017cszaj\u0105 oczekiwania pod wzgl\u0119dem wydajno\u015bci, trwa\u0142o\u015bci i warto\u015bci. Kierujemy si\u0119 zasadami profesjonalizmu, uczciwo\u015bci i zorientowania na klienta. Piel\u0119gnuj\u0105c kultur\u0119 innowacji i precyzji, stale udoskonalamy nasze produkty, aby utrzyma\u0107 konkurencyjno\u015b\u0107 na rynku. Nasza szeroka gama produkt\u00f3w i mo\u017cliwo\u015b\u0107 oferowania rozwi\u0105za\u0144 dostosowanych do indywidualnych potrzeb sprawiaj\u0105, \u017ce jeste\u015bmy preferowanym wyborem dla firm poszukuj\u0105cych wysokowydajnych si\u0142ownik\u00f3w hydraulicznych.<\/p>\n<p>FMP to co\u015b wi\u0119cej ni\u017c tylko producent; jeste\u015bmy partnerem Twojego sukcesu. Zdajemy sobie spraw\u0119, \u017ce nasi klienci polegaj\u0105 na nas, je\u015bli chodzi o narz\u0119dzia zwi\u0119kszaj\u0105ce produktywno\u015b\u0107 i bezpiecze\u0144stwo. Dlatego dok\u0142adamy wszelkich stara\u0144, aby dostarcza\u0107 nie tylko produkty najwy\u017cszej jako\u015bci, ale tak\u017ce wyj\u0105tkow\u0105 obs\u0142ug\u0119. Od wst\u0119pnych konsultacji po wsparcie posprzeda\u017cowe, \u015bci\u015ble wsp\u00f3\u0142pracujemy z naszymi klientami, aby zapewni\u0107 im profesjonalne i staranne spe\u0142nienie ich potrzeb. Nasze konkurencyjne ceny w po\u0142\u0105czeniu z naszym niezmiennym zaanga\u017cowaniem w jako\u015b\u0107 sprawiaj\u0105, \u017ce FMP to m\u0105dry wyb\u00f3r dla firm poszukuj\u0105cych godnych zaufania rozwi\u0105za\u0144 hydraulicznych.<\/p>","protected":false},"excerpt":{"rendered":"<p>High Quality Small Dump Truck Double Acting Multistage Hydraulic Cylinder Introducing the High Quality Small Dump Truck Double Acting Multistage hydraulic cylinder, a reliable and efficient tool that enhances your machinery&#8217;s performance. This hydraulic cylinder is designed to withstand rigorous operations and provide optimal solutions for various industries such as machinery repair shops, farms, energy [&hellip;]<\/p>","protected":false},"featured_media":6675,"comment_status":"closed","ping_status":"closed","template":"","meta":{"_et_pb_use_builder":"","_et_pb_old_content":"","_et_gb_content_width":""},"product_brand":[],"product_cat":[103],"product_tag":[34,105],"class_list":{"0":"post-6502","1":"product","2":"type-product","3":"status-publish","4":"has-post-thumbnail","6":"product_cat-telescopic-hydraulic-cylinders","7":"product_tag-hydraulic-cylinder","8":"product_tag-telescopic-hydraulic-cylinders","10":"first","11":"instock","12":"product-type-simple"},"_links":{"self":[{"href":"https:\/\/fmp-components.com\/pl\/wp-json\/wp\/v2\/product\/6502","targetHints":{"allow":["GET"]}}],"collection":[{"href":"https:\/\/fmp-components.com\/pl\/wp-json\/wp\/v2\/product"}],"about":[{"href":"https:\/\/fmp-components.com\/pl\/wp-json\/wp\/v2\/types\/product"}],"replies":[{"embeddable":true,"href":"https:\/\/fmp-components.com\/pl\/wp-json\/wp\/v2\/comments?post=6502"}],"wp:featuredmedia":[{"embeddable":true,"href":"https:\/\/fmp-components.com\/pl\/wp-json\/wp\/v2\/media\/6675"}],"wp:attachment":[{"href":"https:\/\/fmp-components.com\/pl\/wp-json\/wp\/v2\/media?parent=6502"}],"wp:term":[{"taxonomy":"product_brand","embeddable":true,"href":"https:\/\/fmp-components.com\/pl\/wp-json\/wp\/v2\/product_brand?post=6502"},{"taxonomy":"product_cat","embeddable":true,"href":"https:\/\/fmp-components.com\/pl\/wp-json\/wp\/v2\/product_cat?post=6502"},{"taxonomy":"product_tag","embeddable":true,"href":"https:\/\/fmp-components.com\/pl\/wp-json\/wp\/v2\/product_tag?post=6502"}],"curies":[{"name":"wp","href":"https:\/\/api.w.org\/{rel}","templated":true}]}}