{"id":6501,"date":"2025-03-11T06:25:30","date_gmt":"2025-03-11T06:25:30","guid":{"rendered":"https:\/\/fmp-components.com\/product\/low-price-multistage-hydraulic-cylinder-double-acting-for-dump-truck"},"modified":"2025-03-18T02:01:22","modified_gmt":"2025-03-18T02:01:22","slug":"low-price-multistage-hydraulic-cylinder-double-acting-for-dump-truck","status":"publish","type":"product","link":"https:\/\/fmp-components.com\/pl\/product\/low-price-multistage-hydraulic-cylinder-double-acting-for-dump-truck\/","title":{"rendered":"Niska cena wielostopniowego si\u0142ownika hydraulicznego dwustronnego dzia\u0142ania do wywrotek"},"content":{"rendered":"<h2>Niska cena wielostopniowego si\u0142ownika hydraulicznego dwustronnego dzia\u0142ania do wywrotek<\/h2>\n<p>Przedstawiamy nasz konkurencyjny cenowo wielostopniowy si\u0142ownik hydrauliczny, rozwi\u0105zanie dwustronnego dzia\u0142ania, zaprojektowane specjalnie do wywrotek. Ten mocny element maszyny to niezawodne i wydajne uzupe\u0142nienie Twojego ci\u0119\u017ckiego sprz\u0119tu.<\/p>\n<h2>Cechy i specyfikacje produktu<\/h2>\n<p>Nasz si\u0142ownik hydrauliczny ma solidn\u0105 stalow\u0105 obudow\u0119, zaprojektowan\u0105 tak, aby wytrzyma\u0107 ekstremalne warunki pracy. Maksymalna si\u0142a nacisku wynosi 3000 i maksymalny ud\u017awig 20 ton, dzi\u0119ki czemu nadaje si\u0119 do ci\u0119\u017ckich zastosowa\u0144.<\/p>\n<table style=\"width: 98.5375%;\" border=\"\">\n<tbody>\n<tr>\n<td style=\"width: 43.5028%;\"><strong>Rozmiar otworu<\/strong><\/td>\n<td style=\"width: 477.401%;\">2-6 cali<\/td>\n<\/tr>\n<tr>\n<td style=\"width: 43.5028%;\"><strong>Rozmiar pr\u0119ta<\/strong><\/td>\n<td style=\"width: 477.401%;\">1,125-4 cale<\/td>\n<\/tr>\n<tr>\n<td style=\"width: 43.5028%;\"><strong>Rozmiar poci\u0105gni\u0119cia<\/strong><\/td>\n<td style=\"width: 477.401%;\">4-100 cali<\/td>\n<\/tr>\n<tr>\n<td style=\"width: 43.5028%;\"><strong>Rozmiar szpilki<\/strong><\/td>\n<td style=\"width: 477.401%;\">0,5-2 cale<\/td>\n<\/tr>\n<tr>\n<td style=\"width: 43.5028%;\"><strong>Porty<\/strong><\/td>\n<td style=\"width: 477.401%;\">G\/SAE\/NPT\/M<\/td>\n<\/tr>\n<\/tbody>\n<\/table>\n<h2>Unikalne zalety<\/h2>\n<ul>\n<li>Oszcz\u0119dno\u015b\u0107 energii: Zapewnia wydajn\u0105 prac\u0119, redukuj\u0105c zu\u017cycie energii i koszty operacyjne.<\/li>\n<li>Wysoka wydajno\u015b\u0107: Zapewnia du\u017c\u0105 si\u0142\u0119 ci\u0105gu i uci\u0105gu w zastosowaniach wymagaj\u0105cych du\u017cej wytrzyma\u0142o\u015bci.<\/li>\n<li>Bezpiecze\u0144stwo: Wykonane z wysokiej jako\u015bci stali, co gwarantuje trwa\u0142o\u015b\u0107 i niezawodno\u015b\u0107 dzia\u0142ania.<\/li>\n<\/ul>\n<h2>Operacje i aplikacje<\/h2>\n<p>Wielostopniowy si\u0142ownik hydrauliczny dzia\u0142a poprzez zamian\u0119 energii hydraulicznej na ruch mechaniczny, zapewniaj\u0105c si\u0142\u0119 potrzebn\u0105 wywrotkom do podnoszenia i opuszczania \u0142adunk\u00f3w. Dzi\u0119ki temu jest on niezb\u0119dnym elementem w takich bran\u017cach jak budownictwo, g\u00f3rnictwo i rolnictwo.<\/p>\n<p><img loading=\"lazy\" decoding=\"async\" class=\"alignnone wp-image-6656\" src=\"https:\/\/fmp-components.com\/wp-content\/uploads\/2025\/03\/telescopic-hydraulic-cylinder-5.webp\" alt=\"si\u0142ownik hydrauliczny teleskopowy\" width=\"904\" height=\"904\" title=\"\" srcset=\"https:\/\/fmp-components.com\/wp-content\/uploads\/2025\/03\/telescopic-hydraulic-cylinder-5.webp 904w, https:\/\/fmp-components.com\/wp-content\/uploads\/2025\/03\/telescopic-hydraulic-cylinder-5-480x480.webp 480w\" sizes=\"(min-width: 0px) and (max-width: 480px) 480px, (min-width: 481px) 904px, 100vw\" \/><\/p>\n<h2>Si\u0142owniki hydrauliczne i agregaty nap\u0119dowe<\/h2>\n<p>Si\u0142owniki hydrauliczne i agregaty pr\u0105dotw\u00f3rcze s\u0105 integralnymi elementami ka\u017cdego uk\u0142adu hydraulicznego. Si\u0142ownik przekszta\u0142ca energi\u0119 hydrauliczn\u0105 w ruch mechaniczny, natomiast agregat pr\u0105dotw\u00f3rczy dostarcza niezb\u0119dn\u0105 energi\u0119 i sygna\u0142y steruj\u0105ce. Ta synergia zapewnia szerokie zastosowanie technologii hydraulicznej w r\u00f3\u017cnych ga\u0142\u0119ziach przemys\u0142u, oferuj\u0105c niezawodne wsparcie zasilania i sterowania. W FMP oferujemy r\u00f3wnie\u017c agregaty pr\u0105dotw\u00f3rcze na sprzeda\u017c, gwarantuj\u0105c optymalne dzia\u0142anie uk\u0142adu hydraulicznego.<\/p>\n<h3>O FMP<\/h3>\n<p>FMP to czo\u0142owy w\u0142oski producent, znany ze swojego do\u015bwiadczenia w projektowaniu, rozwoju i produkcji wysokiej jako\u015bci cylindr\u00f3w hydraulicznych. Dzi\u0119ki bogatemu do\u015bwiadczeniu, budowanemu przez dekady, doskonale \u0142\u0105czymy w\u0142oskie rzemios\u0142o z najnowocze\u015bniejsz\u0105 technologi\u0105, aby dostarcza\u0107 wyj\u0105tkowe rozwi\u0105zania hydrauliczne, dopasowane do zr\u00f3\u017cnicowanych potrzeb naszych klient\u00f3w na ca\u0142ym \u015bwiecie. Z siedzib\u0105 we W\u0142oszech, centrum doskona\u0142o\u015bci in\u017cynieryjnej, FMP ugruntowa\u0142a swoj\u0105 pozycj\u0119 zaufanego lidera w bran\u017cy hydraulicznej, dostarczaj\u0105c niezawodne, trwa\u0142e i innowacyjne produkty, kt\u00f3re wspieraj\u0105 firmy na ca\u0142ym \u015bwiecie.<\/p>\n<p>\u0141\u0105czymy zaawansowane tradycje produkcyjne z post\u0119powym podej\u015bciem. Bazuj\u0105c na wieloletnim do\u015bwiadczeniu w dziedzinie uk\u0142ad\u00f3w hydraulicznych, FMP przekszta\u0142ci\u0142o si\u0119 w nowoczesne przedsi\u0119biorstwo, kt\u00f3re wyr\u00f3\u017cnia si\u0119 w badaniach, projektowaniu i produkcji. Nasza specjalizacja obejmuje szerokie spektrum si\u0142ownik\u00f3w hydraulicznych, w tym si\u0142owniki dwustronnego dzia\u0142ania, si\u0142owniki podno\u015bnikowe do samochod\u00f3w, si\u0142owniki do maszyn rolniczych oraz rozwi\u0105zania projektowane na zam\u00f3wienie dla r\u00f3\u017cnorodnych zastosowa\u0144 przemys\u0142owych. Niezale\u017cnie od tego, czy chodzi o budownictwo, instalacje przemys\u0142owe, rolnictwo, czy ci\u0119\u017cki sprz\u0119t, nasze si\u0142owniki hydrauliczne s\u0105 projektowane tak, aby dzia\u0142a\u0142y w najbardziej wymagaj\u0105cych warunkach, zapewniaj\u0105c bezpiecze\u0144stwo, wydajno\u015b\u0107 i trwa\u0142o\u015b\u0107.<\/p>\n<p><img loading=\"lazy\" decoding=\"async\" class=\"alignnone size-full wp-image-6720\" src=\"https:\/\/fmp-components.com\/wp-content\/uploads\/2025\/03\/hydraulic-cylinder-8.webp\" alt=\"Si\u0142owniki hydrauliczne teleskopowe\" width=\"933\" height=\"526\" title=\"\" srcset=\"https:\/\/fmp-components.com\/wp-content\/uploads\/2025\/03\/hydraulic-cylinder-8.webp 933w, https:\/\/fmp-components.com\/wp-content\/uploads\/2025\/03\/hydraulic-cylinder-8-480x271.webp 480w\" sizes=\"(min-width: 0px) and (max-width: 480px) 480px, (min-width: 481px) 933px, 100vw\" \/><\/p>\n<p>W FMP jeste\u015bmy dumni z naszych najnowocze\u015bniejszych zak\u0142ad\u00f3w produkcyjnych, wyposa\u017conych w precyzyjny park maszynowy i zaawansowane systemy testowe. Nasze procesy produkcyjne spe\u0142niaj\u0105 rygorystyczne normy krajowe i mi\u0119dzynarodowe, gwarantuj\u0105c najwy\u017csz\u0105 jako\u015b\u0107 i niezawodno\u015b\u0107 ka\u017cdego produkowanego cylindra hydraulicznego. Nasz wykwalifikowany zesp\u00f3\u0142 techniczny oraz zaawansowany sprz\u0119t pozwalaj\u0105 nam na rygorystyczn\u0105 kontrol\u0119 jako\u015bci na ka\u017cdym etapie produkcji \u2013 od doboru surowc\u00f3w po kontrol\u0119 ko\u0144cow\u0105. To d\u0105\u017cenie do doskona\u0142o\u015bci przynios\u0142o nam certyfikaty i uznanie autorytet\u00f3w bran\u017cowych, co dodatkowo umacnia nasz\u0105 reputacj\u0119 jako wiarygodnego partnera.<\/p>\n<p>Nasza misja jest prosta, ale ambitna: dostarcza\u0107 si\u0142owniki hydrauliczne, kt\u00f3re przewy\u017cszaj\u0105 oczekiwania pod wzgl\u0119dem wydajno\u015bci, trwa\u0142o\u015bci i warto\u015bci. Kierujemy si\u0119 zasadami profesjonalizmu, uczciwo\u015bci i zorientowania na klienta. Piel\u0119gnuj\u0105c kultur\u0119 innowacji i precyzji, stale udoskonalamy nasze produkty, aby utrzyma\u0107 konkurencyjno\u015b\u0107 na rynku. Nasza szeroka gama produkt\u00f3w i mo\u017cliwo\u015b\u0107 oferowania rozwi\u0105za\u0144 dostosowanych do indywidualnych potrzeb sprawiaj\u0105, \u017ce jeste\u015bmy preferowanym wyborem dla firm poszukuj\u0105cych wysokowydajnych si\u0142ownik\u00f3w hydraulicznych.<\/p>\n<p>FMP to co\u015b wi\u0119cej ni\u017c tylko producent; jeste\u015bmy partnerem Twojego sukcesu. Zdajemy sobie spraw\u0119, \u017ce nasi klienci polegaj\u0105 na nas, je\u015bli chodzi o narz\u0119dzia zwi\u0119kszaj\u0105ce produktywno\u015b\u0107 i bezpiecze\u0144stwo. Dlatego dok\u0142adamy wszelkich stara\u0144, aby dostarcza\u0107 nie tylko produkty najwy\u017cszej jako\u015bci, ale tak\u017ce wyj\u0105tkow\u0105 obs\u0142ug\u0119. Od wst\u0119pnych konsultacji po wsparcie posprzeda\u017cowe, \u015bci\u015ble wsp\u00f3\u0142pracujemy z naszymi klientami, aby zapewni\u0107 im profesjonalne i staranne spe\u0142nienie ich potrzeb. Nasze konkurencyjne ceny w po\u0142\u0105czeniu z naszym niezmiennym zaanga\u017cowaniem w jako\u015b\u0107 sprawiaj\u0105, \u017ce FMP to m\u0105dry wyb\u00f3r dla firm poszukuj\u0105cych godnych zaufania rozwi\u0105za\u0144 hydraulicznych.<\/p>\n<h2>Cz\u0119sto zadawane pytania<\/h2>\n<p><strong>P: Czy jeste\u015b firm\u0105 handlow\u0105 lub produkcyjn\u0105?<\/strong><br \/>\nA: Jeste\u015bmy producentem.<\/p>\n<p><strong>P: Jak d\u0142ugi jest czas dostawy?<\/strong><br \/>\nA: Zazwyczaj trwa to 25\u201335 dni.<\/p>\n<p><strong>P: Czy dostarczacie pr\u00f3bki? Czy s\u0105 darmowe czy dodatkowe?<\/strong><br \/>\nO: Tak, mogliby\u015bmy zaoferowa\u0107 pr\u00f3bk\u0119, ale nie jest ona darmowa.<\/p>\n<p><img loading=\"lazy\" decoding=\"async\" class=\"alignnone wp-image-6717\" src=\"https:\/\/fmp-components.com\/wp-content\/uploads\/2025\/03\/hydraulic-cylinder-211.webp\" alt=\"Si\u0142owniki hydrauliczne\" width=\"947\" height=\"949\" title=\"\" srcset=\"https:\/\/fmp-components.com\/wp-content\/uploads\/2025\/03\/hydraulic-cylinder-211.webp 947w, https:\/\/fmp-components.com\/wp-content\/uploads\/2025\/03\/hydraulic-cylinder-211-480x481.webp 480w\" sizes=\"(min-width: 0px) and (max-width: 480px) 480px, (min-width: 481px) 947px, 100vw\" \/><\/p>","protected":false},"excerpt":{"rendered":"<p>Low Price Multistage Hydraulic Cylinder Double Acting For Dump Truck Introducing our competitively priced Multistage hydraulic cylinder, a double acting solution specifically designed for dump trucks. This powerful piece of machinery is a dependable and efficient addition to your heavy-duty equipment. Product Features and Specifications Our hydraulic cylinder is built with a sturdy steel body, [&hellip;]<\/p>","protected":false},"featured_media":6676,"comment_status":"closed","ping_status":"closed","template":"","meta":{"_et_pb_use_builder":"","_et_pb_old_content":"","_et_gb_content_width":""},"product_brand":[],"product_cat":[103],"product_tag":[34,105],"class_list":{"0":"post-6501","1":"product","2":"type-product","3":"status-publish","4":"has-post-thumbnail","6":"product_cat-telescopic-hydraulic-cylinders","7":"product_tag-hydraulic-cylinder","8":"product_tag-telescopic-hydraulic-cylinders","10":"first","11":"instock","12":"product-type-simple"},"_links":{"self":[{"href":"https:\/\/fmp-components.com\/pl\/wp-json\/wp\/v2\/product\/6501","targetHints":{"allow":["GET"]}}],"collection":[{"href":"https:\/\/fmp-components.com\/pl\/wp-json\/wp\/v2\/product"}],"about":[{"href":"https:\/\/fmp-components.com\/pl\/wp-json\/wp\/v2\/types\/product"}],"replies":[{"embeddable":true,"href":"https:\/\/fmp-components.com\/pl\/wp-json\/wp\/v2\/comments?post=6501"}],"wp:featuredmedia":[{"embeddable":true,"href":"https:\/\/fmp-components.com\/pl\/wp-json\/wp\/v2\/media\/6676"}],"wp:attachment":[{"href":"https:\/\/fmp-components.com\/pl\/wp-json\/wp\/v2\/media?parent=6501"}],"wp:term":[{"taxonomy":"product_brand","embeddable":true,"href":"https:\/\/fmp-components.com\/pl\/wp-json\/wp\/v2\/product_brand?post=6501"},{"taxonomy":"product_cat","embeddable":true,"href":"https:\/\/fmp-components.com\/pl\/wp-json\/wp\/v2\/product_cat?post=6501"},{"taxonomy":"product_tag","embeddable":true,"href":"https:\/\/fmp-components.com\/pl\/wp-json\/wp\/v2\/product_tag?post=6501"}],"curies":[{"name":"wp","href":"https:\/\/api.w.org\/{rel}","templated":true}]}}