{"id":6500,"date":"2025-03-11T06:25:30","date_gmt":"2025-03-11T06:25:30","guid":{"rendered":"https:\/\/fmp-components.com\/product\/new-arrival-dump-truck-double-acting-telescopic-hydraulic-cylinder"},"modified":"2025-03-11T08:39:06","modified_gmt":"2025-03-11T08:39:06","slug":"new-arrival-dump-truck-double-acting-telescopic-hydraulic-cylinder","status":"publish","type":"product","link":"https:\/\/fmp-components.com\/pl\/product\/new-arrival-dump-truck-double-acting-telescopic-hydraulic-cylinder\/","title":{"rendered":"Nowo\u015b\u0107: Wywrotka z podw\u00f3jnym dzia\u0142aniem, teleskopowy si\u0142ownik hydrauliczny"},"content":{"rendered":"<h2>Nowo\u015b\u0107: Wywrotka z podw\u00f3jnym dzia\u0142aniem, teleskopowy si\u0142ownik hydrauliczny<\/h2>\n<p>Przedstawiamy najnowszy produkt w naszej ofercie \u2013 teleskopowy si\u0142ownik hydrauliczny dwustronnego dzia\u0142ania do wywrotek. Idealnie nadaje si\u0119 do r\u00f3\u017cnorodnych zastosowa\u0144, w tym do warsztat\u00f3w naprawczych maszyn, gospodarstw rolnych, przemys\u0142u energetycznego i g\u00f3rniczego oraz fabryk maszyn.<\/p>\n<h2>Cechy i zalety produktu<\/h2>\n<p>Ten si\u0142ownik hydrauliczny oferuje szereg imponuj\u0105cych funkcji, kt\u00f3re czyni\u0105 go idealnym wyborem do r\u00f3\u017cnych zastosowa\u0144 przemys\u0142owych:<\/p>\n<ul>\n<li>Standardowa konstrukcja cylindra t\u0142okowego<\/li>\n<li>Korpus wykonany ze stali dla zwi\u0119kszonej trwa\u0142o\u015bci<\/li>\n<li>Maksymalny ci\u0105g 3000<\/li>\n<li>Typ cylindra hydraulicznego wielostopniowego<\/li>\n<li>Maksymalny uci\u0105g 20 ton<\/li>\n<li>Certyfikacja ISO9001:2000<\/li>\n<li>Dost\u0119pne w kolorze czarnym<\/li>\n<\/ul>\n<h2>Dane techniczne<\/h2>\n<table style=\"width: 98.4483%;\" border=\"\">\n<tbody>\n<tr>\n<td style=\"width: 42.9379%;\"><i>Rozmiar otworu<\/i><\/td>\n<td style=\"width: 466.102%;\">2-6 cali<\/td>\n<\/tr>\n<tr>\n<td style=\"width: 42.9379%;\"><i>Rozmiar pr\u0119ta<\/i><\/td>\n<td style=\"width: 466.102%;\">1,125-4 cale<\/td>\n<\/tr>\n<tr>\n<td style=\"width: 42.9379%;\"><i>Rozmiar poci\u0105gni\u0119cia<\/i><\/td>\n<td style=\"width: 466.102%;\">4-100 cali<\/td>\n<\/tr>\n<tr>\n<td style=\"width: 42.9379%;\"><i>Rozmiar szpilki<\/i><\/td>\n<td style=\"width: 466.102%;\">0,5-2 cale<\/td>\n<\/tr>\n<tr>\n<td style=\"width: 42.9379%;\"><i>Porty<\/i><\/td>\n<td style=\"width: 466.102%;\">G\/SAE\/NPT\/M<\/td>\n<\/tr>\n<\/tbody>\n<\/table>\n<h2>Unikalne korzy\u015bci i zalety<\/h2>\n<p>Ten si\u0142ownik hydrauliczny wyr\u00f3\u017cnia si\u0119 wyj\u0105tkow\u0105 energooszcz\u0119dno\u015bci\u0105, wysok\u0105 wydajno\u015bci\u0105 i solidnymi zabezpieczeniami. Jego energooszcz\u0119dna konstrukcja minimalizuje zu\u017cycie energii, maksymalizuj\u0105c jednocze\u015bnie wydajno\u015b\u0107, co przek\u0142ada si\u0119 na ni\u017csze koszty eksploatacji i mniejszy wp\u0142yw na \u015brodowisko. Si\u0142ownik zapewnia niezawodn\u0105 prac\u0119, gwarantuj\u0105c p\u0142ynn\u0105 i wydajn\u0105 prac\u0119 maszyn nawet w trudnych warunkach. Ta niezawodno\u015b\u0107 czyni go nieocenionym narz\u0119dziem w r\u00f3\u017cnych bran\u017cach, od przemys\u0142u wytw\u00f3rczego i budowlanego po rolnictwo i transport. Zapewniaj\u0105c niezawodne rozwi\u0105zanie do podnoszenia, pchania i ci\u0105gni\u0119cia, si\u0142ownik ten zwi\u0119ksza produktywno\u015b\u0107 i efektywno\u015b\u0107 operacyjn\u0105, przyczyniaj\u0105c si\u0119 ostatecznie do sukcesu ka\u017cdego projektu lub zadania.<\/p>\n<p><img loading=\"lazy\" decoding=\"async\" class=\"alignnone  wp-image-6665\" src=\"https:\/\/fmp-components.com\/wp-content\/uploads\/2025\/03\/telescopic-hydraulic-cylinder-9.webp\" alt=\"si\u0142ownik hydrauliczny teleskopowy\" width=\"917\" height=\"917\" title=\"\" srcset=\"https:\/\/fmp-components.com\/wp-content\/uploads\/2025\/03\/telescopic-hydraulic-cylinder-9.webp 917w, https:\/\/fmp-components.com\/wp-content\/uploads\/2025\/03\/telescopic-hydraulic-cylinder-9-480x480.webp 480w\" sizes=\"(min-width: 0px) and (max-width: 480px) 480px, (min-width: 481px) 917px, 100vw\" \/><\/p>\n<h2>Uk\u0142ady hydrauliczne i zasady dzia\u0142ania<\/h2>\n<p>Si\u0142ownik hydrauliczny dzia\u0142a poprzez zamian\u0119 energii hydraulicznej na ruch mechaniczny, skutecznie przekszta\u0142caj\u0105c ci\u015bnienie w si\u0142\u0119. Ta konwersja jest osi\u0105gana dzi\u0119ki dobrze skoordynowanej interakcji mi\u0119dzy si\u0142ownikiem hydraulicznym a zespo\u0142em nap\u0119dowym. Gdy p\u0142yn hydrauliczny jest spr\u0119\u017cany przez zesp\u00f3\u0142 nap\u0119dowy i kierowany do cylindra, generuje si\u0142\u0119, kt\u00f3ra porusza t\u0142ok wewn\u0105trz niego. Ruch ten tworzy ruch liniowy, kt\u00f3ry mo\u017cna wykorzysta\u0107 do wykonywania r\u00f3\u017cnorodnych zada\u0144, takich jak podnoszenie ci\u0119\u017ckich \u0142adunk\u00f3w lub uruchamianie podzespo\u0142\u00f3w maszyn. Synergia mi\u0119dzy si\u0142ownikiem hydraulicznym a zespo\u0142em nap\u0119dowym ma kluczowe znaczenie dla efektywnego dzia\u0142ania uk\u0142ad\u00f3w hydraulicznych, umo\u017cliwiaj\u0105c precyzyjn\u0105 kontrol\u0119 i adaptacj\u0119 w r\u00f3\u017cnych zastosowaniach. To wsp\u00f3\u0142dzia\u0142anie gwarantuje, \u017ce zadania wymagaj\u0105ce znacznej si\u0142y i ruchu mog\u0105 by\u0107 wykonywane z dok\u0142adno\u015bci\u0105 i wydajno\u015bci\u0105, co czyni uk\u0142ady hydrauliczne niezb\u0119dnymi w nowoczesnych procesach przemys\u0142owych.<\/p>\n<h2>Cz\u0119sto zadawane pytania<\/h2>\n<p><span>P: Czy jeste\u015b firm\u0105 handlow\u0105 czy produkcyjn\u0105?<\/span><br \/>\n<span>A: Jeste\u015bmy producentem.<\/span><br \/>\n<span>P: Jak d\u0142ugi jest czas dostawy?<\/span><br \/>\n<span>A: Zazwyczaj trwa to 25\u201335 dni.<\/span><br \/>\n<span>P: Czy udost\u0119pniacie pr\u00f3bki? Czy s\u0105 one bezp\u0142atne, czy dodatkowo p\u0142atne?<\/span><br \/>\n<span>A: Tak, oferujemy pr\u00f3bki, ale nie s\u0105 one darmowe.<\/span><\/p>\n<p><img loading=\"lazy\" decoding=\"async\" class=\"alignnone  wp-image-6717\" src=\"https:\/\/fmp-components.com\/wp-content\/uploads\/2025\/03\/hydraulic-cylinder-211.webp\" alt=\"Si\u0142owniki hydrauliczne\" width=\"934\" height=\"936\" title=\"\" srcset=\"https:\/\/fmp-components.com\/wp-content\/uploads\/2025\/03\/hydraulic-cylinder-211.webp 934w, https:\/\/fmp-components.com\/wp-content\/uploads\/2025\/03\/hydraulic-cylinder-211-480x481.webp 480w\" sizes=\"(min-width: 0px) and (max-width: 480px) 480px, (min-width: 481px) 934px, 100vw\" \/><\/p>\n<h3>O FMP<\/h3>\n<p class=\"break-words\">FMP jest wiod\u0105cym w\u0142oskim producentem specjalizuj\u0105cym si\u0119 w projektowaniu, rozwoju i produkcji wysokiej jako\u015bci cylindr\u00f3w hydraulicznych. Dzi\u0119ki bogatemu dziedzictwu zakorzenionemu w dziesi\u0119cioleciach do\u015bwiadczenia, z dum\u0105 \u0142\u0105czymy w\u0142oskie rzemios\u0142o z najnowocze\u015bniejsz\u0105 technologi\u0105, aby dostarcza\u0107 wyj\u0105tkowe rozwi\u0105zania hydrauliczne dostosowane do zr\u00f3\u017cnicowanych potrzeb naszych globalnych klient\u00f3w. Maj\u0105c siedzib\u0119 we W\u0142oszech, w centrum doskona\u0142o\u015bci in\u017cynieryjnej, FMP jest zaufan\u0105 mark\u0105 w bran\u017cy hydraulicznej, zobowi\u0105zan\u0105 do dostarczania niezawodnych, trwa\u0142ych i innowacyjnych produkt\u00f3w, kt\u00f3re wzmacniaj\u0105 firmy na ca\u0142ym \u015bwiecie.<\/p>\n<p class=\"break-words\">Nasza firma integruje najlepsze tradycje zaawansowanej produkcji z przysz\u0142o\u015bciowym podej\u015bciem. Korzystaj\u0105c z wieloletniego do\u015bwiadczenia w systemach hydraulicznych, FMP przekszta\u0142ci\u0142o si\u0119 w nowoczesne przedsi\u0119biorstwo, kt\u00f3re wyr\u00f3\u017cnia si\u0119 w badaniach, projektowaniu i produkcji. Specjalizujemy si\u0119 w szerokiej gamie cylindr\u00f3w hydraulicznych, w tym cylindrach dwustronnego dzia\u0142ania, cylindrach podnosz\u0105cych do samochod\u00f3w, cylindrach do maszyn rolniczych i rozwi\u0105zaniach projektowanych na zam\u00f3wienie do r\u00f3\u017cnych zastosowa\u0144 przemys\u0142owych. Niezale\u017cnie od tego, czy chodzi o budownictwo, instalacje przemys\u0142owe, rolnictwo czy ci\u0119\u017cki sprz\u0119t, nasze cylindry hydrauliczne s\u0105 zbudowane tak, aby dzia\u0142a\u0142y w najtrudniejszych warunkach, zapewniaj\u0105c bezpiecze\u0144stwo, wydajno\u015b\u0107 i d\u0142ugowieczno\u015b\u0107.<\/p>\n<p><img loading=\"lazy\" decoding=\"async\" class=\"alignnone size-full wp-image-6720\" src=\"https:\/\/fmp-components.com\/wp-content\/uploads\/2025\/03\/hydraulic-cylinder-8.webp\" alt=\"Si\u0142owniki hydrauliczne teleskopowe\" width=\"933\" height=\"526\" title=\"\" srcset=\"https:\/\/fmp-components.com\/wp-content\/uploads\/2025\/03\/hydraulic-cylinder-8.webp 933w, https:\/\/fmp-components.com\/wp-content\/uploads\/2025\/03\/hydraulic-cylinder-8-480x271.webp 480w\" sizes=\"(min-width: 0px) and (max-width: 480px) 480px, (min-width: 481px) 933px, 100vw\" \/><\/p>\n<p class=\"break-words\">W FMP jeste\u015bmy dumni z naszych najnowocze\u015bniejszych zak\u0142ad\u00f3w produkcyjnych, wyposa\u017conych w precyzyjne maszyny i zaawansowane systemy testowe. Nasze procesy produkcyjne s\u0105 zgodne z rygorystycznymi normami krajowymi i mi\u0119dzynarodowymi, co zapewnia, \u017ce ka\u017cdy cylinder hydrauliczny opuszczaj\u0105cy nasz\u0105 fabryk\u0119 jest najwy\u017cszej jako\u015bci i niezawodno\u015bci. Nasz wykwalifikowany zesp\u00f3\u0142 techniczny w po\u0142\u0105czeniu z najnowocze\u015bniejszym sprz\u0119tem pozwala nam zachowa\u0107 \u015bcis\u0142\u0105 kontrol\u0119 jako\u015bci na ka\u017cdym etapie produkcji \u2014 od wyboru surowca po ko\u0144cow\u0105 kontrol\u0119. To oddanie doskona\u0142o\u015bci przynios\u0142o nam certyfikaty i uznanie autorytet\u00f3w bran\u017cowych, co dodatkowo umocni\u0142o nasz\u0105 reputacj\u0119 niezawodnego partnera.<\/p>\n<p class=\"break-words\">Nasza misja jest prosta, ale ambitna: dostarcza\u0107 naszym klientom cylindry hydrauliczne, kt\u00f3re przekraczaj\u0105 oczekiwania pod wzgl\u0119dem wydajno\u015bci, trwa\u0142o\u015bci i warto\u015bci. Dzia\u0142amy zgodnie z zasadami profesjonalizmu, uczciwo\u015bci i skupienia na kliencie. Poprzez promowanie kultury innowacji i precyzji nieustannie udoskonalamy nasze produkty, aby utrzyma\u0107 si\u0119 na czele konkurencyjnego rynku. Nasza kompleksowa oferta produkt\u00f3w i zdolno\u015b\u0107 do oferowania dostosowanych rozwi\u0105za\u0144 sprawiaj\u0105, \u017ce jeste\u015bmy pierwszym wyborem dla firm poszukuj\u0105cych wysokowydajnych cylindr\u00f3w hydraulicznych.<\/p>\n<p class=\"break-words\">FMP to co\u015b wi\u0119cej ni\u017c tylko producent \u2014 jeste\u015bmy partnerem w Twoim sukcesie. Rozumiemy, \u017ce nasi klienci polegaj\u0105 na nas, je\u015bli chodzi o dostarczanie narz\u0119dzi, kt\u00f3re zwi\u0119kszaj\u0105 ich produktywno\u015b\u0107 i bezpiecze\u0144stwo. Dlatego te\u017c jeste\u015bmy zobowi\u0105zani do oferowania nie tylko produkt\u00f3w najwy\u017cszej klasy, ale tak\u017ce wyj\u0105tkowej obs\u0142ugi. Od wst\u0119pnych konsultacji po wsparcie posprzeda\u017cowe, \u015bci\u015ble wsp\u00f3\u0142pracujemy z naszymi klientami, aby zapewni\u0107, \u017ce ich potrzeby s\u0105 spe\u0142niane z profesjonalizmem i trosk\u0105. Nasze konkurencyjne ceny w po\u0142\u0105czeniu z naszym niezachwianym zaanga\u017cowaniem w jako\u015b\u0107 sprawiaj\u0105, \u017ce FMP jest m\u0105drym wyborem dla firm, kt\u00f3re chc\u0105 zainwestowa\u0107 w rozwi\u0105zania hydrauliczne, kt\u00f3rym mog\u0105 zaufa\u0107.<\/p>","protected":false},"excerpt":{"rendered":"<p>New Arrival Dump Truck Double Acting Telescopic Hydraulic Cylinder Introducing the latest addition to our product line, a new arrival dump truck double acting telescopic hydraulic cylinder. It&#8217;s ideal for a variety of applications, including machinery repair shops, farms, energy and mining industries, and machinery manufacturing factories. Product Features and Advantages This hydraulic cylinder comes [&hellip;]<\/p>","protected":false},"featured_media":6677,"comment_status":"closed","ping_status":"closed","template":"","meta":{"_et_pb_use_builder":"","_et_pb_old_content":"","_et_gb_content_width":""},"product_brand":[],"product_cat":[103],"product_tag":[34,105],"class_list":{"0":"post-6500","1":"product","2":"type-product","3":"status-publish","4":"has-post-thumbnail","6":"product_cat-telescopic-hydraulic-cylinders","7":"product_tag-hydraulic-cylinder","8":"product_tag-telescopic-hydraulic-cylinders","10":"first","11":"instock","12":"product-type-simple"},"_links":{"self":[{"href":"https:\/\/fmp-components.com\/pl\/wp-json\/wp\/v2\/product\/6500","targetHints":{"allow":["GET"]}}],"collection":[{"href":"https:\/\/fmp-components.com\/pl\/wp-json\/wp\/v2\/product"}],"about":[{"href":"https:\/\/fmp-components.com\/pl\/wp-json\/wp\/v2\/types\/product"}],"replies":[{"embeddable":true,"href":"https:\/\/fmp-components.com\/pl\/wp-json\/wp\/v2\/comments?post=6500"}],"wp:featuredmedia":[{"embeddable":true,"href":"https:\/\/fmp-components.com\/pl\/wp-json\/wp\/v2\/media\/6677"}],"wp:attachment":[{"href":"https:\/\/fmp-components.com\/pl\/wp-json\/wp\/v2\/media?parent=6500"}],"wp:term":[{"taxonomy":"product_brand","embeddable":true,"href":"https:\/\/fmp-components.com\/pl\/wp-json\/wp\/v2\/product_brand?post=6500"},{"taxonomy":"product_cat","embeddable":true,"href":"https:\/\/fmp-components.com\/pl\/wp-json\/wp\/v2\/product_cat?post=6500"},{"taxonomy":"product_tag","embeddable":true,"href":"https:\/\/fmp-components.com\/pl\/wp-json\/wp\/v2\/product_tag?post=6500"}],"curies":[{"name":"wp","href":"https:\/\/api.w.org\/{rel}","templated":true}]}}