{"id":6499,"date":"2025-03-11T06:25:30","date_gmt":"2025-03-11T06:25:30","guid":{"rendered":"https:\/\/fmp-components.com\/product\/professional-craftsmanship-dump-truck-4-stage-hydraulic-cylinder-small-multistage-hydraulic-cylinder"},"modified":"2025-03-11T08:42:42","modified_gmt":"2025-03-11T08:42:42","slug":"professional-craftsmanship-dump-truck-4-stage-hydraulic-cylinder-small-multistage-hydraulic-cylinder","status":"publish","type":"product","link":"https:\/\/fmp-components.com\/pl\/product\/professional-craftsmanship-dump-truck-4-stage-hydraulic-cylinder-small-multistage-hydraulic-cylinder\/","title":{"rendered":"Profesjonalny wywrotka, 4-stopniowy si\u0142ownik hydrauliczny, ma\u0142y, wielostopniowy si\u0142ownik hydrauliczny"},"content":{"rendered":"<h2>Profesjonalny wywrotka, 4-stopniowy si\u0142ownik hydrauliczny, ma\u0142y, wielostopniowy si\u0142ownik hydrauliczny<\/h2>\n<p>Wielostopniowy si\u0142ownik hydrauliczny to produkt \u015bwiatowej klasy, zaprojektowany do r\u00f3\u017cnorodnych zastosowa\u0144 przemys\u0142owych. Charakteryzuje si\u0119 wyj\u0105tkow\u0105 wydajno\u015bci\u0105, trwa\u0142o\u015bci\u0105 i sprawno\u015bci\u0105. Jest niezb\u0119dnym narz\u0119dziem w warsztatach naprawczych maszyn, gospodarstwach rolnych, przemy\u015ble energetycznym i g\u00f3rniczym, a tak\u017ce w produkcji maszyn i fabrykach.<\/p>\n<h2>Specyfikacja produktu<\/h2>\n<table style=\"width: 98.1124%;\" border=\"\">\n<tbody>\n<tr>\n<th style=\"width: 43.5028%;\">Rozmiar otworu<\/th>\n<td style=\"width: 475.141%;\">2-6 cali<\/td>\n<\/tr>\n<tr>\n<th style=\"width: 43.5028%;\">Rozmiar pr\u0119ta<\/th>\n<td style=\"width: 475.141%;\">1,125-4 cale<\/td>\n<\/tr>\n<tr>\n<th style=\"width: 43.5028%;\">Rozmiar poci\u0105gni\u0119cia<\/th>\n<td style=\"width: 475.141%;\">4-100 cali<\/td>\n<\/tr>\n<tr>\n<th style=\"width: 43.5028%;\">Rozmiar szpilki<\/th>\n<td style=\"width: 475.141%;\">0,5-2 cale<\/td>\n<\/tr>\n<tr>\n<th style=\"width: 43.5028%;\">Porty<\/th>\n<td style=\"width: 475.141%;\">G\/SAE\/NPT\/M<\/td>\n<\/tr>\n<\/tbody>\n<\/table>\n<h2>G\u0142\u00f3wne cechy wielostopniowego cylindra hydraulicznego<\/h2>\n<ul>\n<li>Energooszcz\u0119dny<\/li>\n<li>Wysoka wydajno\u015b\u0107<\/li>\n<li>Bezpiecze\u0144stwo gwarantowane<\/li>\n<\/ul>\n<h3>Uk\u0142ady hydrauliczne i zasada dzia\u0142ania<\/h3>\n<p>Wielostopniowy si\u0142ownik hydrauliczny dzia\u0142a, wykorzystuj\u0105c energi\u0119 hydrauliczn\u0105 w\u0142a\u015bciw\u0105 dla uk\u0142ad\u00f3w hydraulicznych. Ta innowacyjna technologia umo\u017cliwia si\u0142ownikowi przekszta\u0142canie energii hydraulicznej w energi\u0119 mechaniczn\u0105, co pozwala na efektywne wykonywanie pracy w wielu zastosowaniach przemys\u0142owych. Po podaniu ci\u015bnienia i skierowaniu p\u0142ynu hydraulicznego do si\u0142ownika, inicjuje on ruch, kt\u00f3ry przekszta\u0142ca si\u0119 w ruch liniowy. Wydajno\u015b\u0107 i osi\u0105gi tego si\u0142ownika hydraulicznego \u015bwiadcz\u0105 o jego doskona\u0142ej konstrukcji i wykonaniu, gwarantuj\u0105c precyzj\u0119 i niezawodno\u015b\u0107 w obs\u0142udze du\u017cych obci\u0105\u017ce\u0144. Zaawansowana in\u017cynieria zapewnia p\u0142ynn\u0105 prac\u0119 i wszechstronno\u015b\u0107, dzi\u0119ki czemu nadaje si\u0119 on do zada\u0144 wymagaj\u0105cych zar\u00f3wno wytrzyma\u0142o\u015bci, jak i precyzji.<\/p>\n<p><img loading=\"lazy\" decoding=\"async\" class=\"alignnone  wp-image-6664\" src=\"https:\/\/fmp-components.com\/wp-content\/uploads\/2025\/03\/telescopic-hydraulic-cylinder-8.webp\" alt=\"si\u0142ownik hydrauliczny teleskopowy\" width=\"898\" height=\"898\" title=\"\" srcset=\"https:\/\/fmp-components.com\/wp-content\/uploads\/2025\/03\/telescopic-hydraulic-cylinder-8.webp 898w, https:\/\/fmp-components.com\/wp-content\/uploads\/2025\/03\/telescopic-hydraulic-cylinder-8-480x480.webp 480w\" sizes=\"(min-width: 0px) and (max-width: 480px) 480px, (min-width: 481px) 898px, 100vw\" \/><\/p>\n<h3>Zastosowania cylindra hydraulicznego<\/h3>\n<p>Ten si\u0142ownik hydrauliczny jest wszechstronny i znajduje zastosowanie w szerokim spektrum dziedzin. W warsztatach naprawczych maszyn jest niezb\u0119dny do podnoszenia i manewrowania ci\u0119\u017ckimi elementami, u\u0142atwiaj\u0105c sprawne naprawy i konserwacj\u0119. W rolnictwie odgrywa kluczow\u0105 rol\u0119 w nap\u0119dzaniu maszyn, takich jak ci\u0105gniki i wywrotki, zwi\u0119kszaj\u0105c wydajno\u015b\u0107 w rolnictwie. Sektor energetyczny i g\u00f3rniczy czerpi\u0105 znaczne korzy\u015bci z jego solidnej konstrukcji, poniewa\u017c jest w stanie sprosta\u0107 trudnym warunkom typowym dla tych bran\u017c, co czyni go idealnym do ci\u0119\u017ckich zada\u0144. Ponadto jest szeroko stosowany w produkcji maszyn i fabrykach, gdzie wspiera r\u00f3\u017cne procesy produkcyjne, zapewniaj\u0105c niezb\u0119dn\u0105 si\u0142\u0119 do monta\u017cu i transportu materia\u0142\u00f3w. Jego zdolno\u015b\u0107 adaptacji do tych zr\u00f3\u017cnicowanych \u015brodowisk podkre\u015bla jego znaczenie jako niezawodnego narz\u0119dzia dla profesjonalist\u00f3w z wielu sektor\u00f3w.<\/p>\n<h3>Si\u0142owniki hydrauliczne i agregaty nap\u0119dowe<\/h3>\n<p>Si\u0142owniki hydrauliczne i agregaty pr\u0105dotw\u00f3rcze s\u0105 integralnymi elementami uk\u0142ad\u00f3w hydraulicznych, wsp\u00f3\u0142pracuj\u0105c ze sob\u0105, aby zapewni\u0107 optymaln\u0105 wydajno\u015b\u0107. Si\u0142ownik hydrauliczny pe\u0142ni funkcj\u0119 si\u0142ownika, przekszta\u0142caj\u0105c energi\u0119 hydrauliczn\u0105 w ruch mechaniczny, natomiast agregat pr\u0105dotw\u00f3rczy jest \u017ar\u00f3d\u0142em energii, dostarczaj\u0105c spr\u0119\u017cony p\u0142yn niezb\u0119dny do dzia\u0142ania. Razem u\u0142atwiaj\u0105 one efektywne zastosowanie technologii hydraulicznej w przemy\u015ble, zapewniaj\u0105c niezawodne zasilanie i sterowanie dla r\u00f3\u017cnorodnych urz\u0105dze\u0144 in\u017cynieryjnych i mechanicznych. Ta skoordynowana funkcja jest niezb\u0119dna do wykonywania zada\u0144 wymagaj\u0105cych du\u017cej si\u0142y i precyzji, gwarantuj\u0105c p\u0142ynny i efektywny przebieg operacji. W FMP oferujemy r\u00f3wnie\u017c szerok\u0105 gam\u0119 agregat\u00f3w pr\u0105dotw\u00f3rczych, uzupe\u0142niaj\u0105cych nasze si\u0142owniki hydrauliczne i zapewniaj\u0105cych kompletne rozwi\u0105zania dla Pa\u0144stwa system\u00f3w hydraulicznych. Nasze zaanga\u017cowanie w jako\u015b\u0107 i innowacyjno\u015b\u0107 gwarantuje, \u017ce mog\u0105 Pa\u0144stwo na nas polega\u0107 w zakresie wszystkich swoich potrzeb hydraulicznych.<\/p>\n<p><img loading=\"lazy\" decoding=\"async\" class=\"alignnone  wp-image-6665\" src=\"https:\/\/fmp-components.com\/wp-content\/uploads\/2025\/03\/telescopic-hydraulic-cylinder-9.webp\" alt=\"si\u0142ownik hydrauliczny teleskopowy\" width=\"921\" height=\"921\" title=\"\" srcset=\"https:\/\/fmp-components.com\/wp-content\/uploads\/2025\/03\/telescopic-hydraulic-cylinder-9.webp 921w, https:\/\/fmp-components.com\/wp-content\/uploads\/2025\/03\/telescopic-hydraulic-cylinder-9-480x480.webp 480w\" sizes=\"(min-width: 0px) and (max-width: 480px) 480px, (min-width: 481px) 921px, 100vw\" \/><\/p>\n<h3>O FMP<\/h3>\n<p class=\"break-words\">FMP jest wiod\u0105cym w\u0142oskim producentem specjalizuj\u0105cym si\u0119 w projektowaniu, rozwoju i produkcji wysokiej jako\u015bci cylindr\u00f3w hydraulicznych. Dzi\u0119ki bogatemu dziedzictwu zakorzenionemu w dziesi\u0119cioleciach do\u015bwiadczenia, z dum\u0105 \u0142\u0105czymy w\u0142oskie rzemios\u0142o z najnowocze\u015bniejsz\u0105 technologi\u0105, aby dostarcza\u0107 wyj\u0105tkowe rozwi\u0105zania hydrauliczne dostosowane do zr\u00f3\u017cnicowanych potrzeb naszych globalnych klient\u00f3w. Maj\u0105c siedzib\u0119 we W\u0142oszech, w centrum doskona\u0142o\u015bci in\u017cynieryjnej, FMP jest zaufan\u0105 mark\u0105 w bran\u017cy hydraulicznej, zobowi\u0105zan\u0105 do dostarczania niezawodnych, trwa\u0142ych i innowacyjnych produkt\u00f3w, kt\u00f3re wzmacniaj\u0105 firmy na ca\u0142ym \u015bwiecie.<\/p>\n<p class=\"break-words\">Nasza firma integruje najlepsze tradycje zaawansowanej produkcji z przysz\u0142o\u015bciowym podej\u015bciem. Korzystaj\u0105c z wieloletniego do\u015bwiadczenia w systemach hydraulicznych, FMP przekszta\u0142ci\u0142o si\u0119 w nowoczesne przedsi\u0119biorstwo, kt\u00f3re wyr\u00f3\u017cnia si\u0119 w badaniach, projektowaniu i produkcji. Specjalizujemy si\u0119 w szerokiej gamie cylindr\u00f3w hydraulicznych, w tym cylindrach dwustronnego dzia\u0142ania, cylindrach podnosz\u0105cych do samochod\u00f3w, cylindrach do maszyn rolniczych i rozwi\u0105zaniach projektowanych na zam\u00f3wienie do r\u00f3\u017cnych zastosowa\u0144 przemys\u0142owych. Niezale\u017cnie od tego, czy chodzi o budownictwo, instalacje przemys\u0142owe, rolnictwo czy ci\u0119\u017cki sprz\u0119t, nasze cylindry hydrauliczne s\u0105 zbudowane tak, aby dzia\u0142a\u0142y w najtrudniejszych warunkach, zapewniaj\u0105c bezpiecze\u0144stwo, wydajno\u015b\u0107 i d\u0142ugowieczno\u015b\u0107.<\/p>\n<p><img loading=\"lazy\" decoding=\"async\" class=\"alignnone size-full wp-image-6720\" src=\"https:\/\/fmp-components.com\/wp-content\/uploads\/2025\/03\/hydraulic-cylinder-8.webp\" alt=\"Si\u0142owniki hydrauliczne teleskopowe\" width=\"933\" height=\"526\" title=\"\" srcset=\"https:\/\/fmp-components.com\/wp-content\/uploads\/2025\/03\/hydraulic-cylinder-8.webp 933w, https:\/\/fmp-components.com\/wp-content\/uploads\/2025\/03\/hydraulic-cylinder-8-480x271.webp 480w\" sizes=\"(min-width: 0px) and (max-width: 480px) 480px, (min-width: 481px) 933px, 100vw\" \/><\/p>\n<p class=\"break-words\">W FMP jeste\u015bmy dumni z naszych najnowocze\u015bniejszych zak\u0142ad\u00f3w produkcyjnych, wyposa\u017conych w precyzyjne maszyny i zaawansowane systemy testowe. Nasze procesy produkcyjne s\u0105 zgodne z rygorystycznymi normami krajowymi i mi\u0119dzynarodowymi, co zapewnia, \u017ce ka\u017cdy cylinder hydrauliczny opuszczaj\u0105cy nasz\u0105 fabryk\u0119 jest najwy\u017cszej jako\u015bci i niezawodno\u015bci. Nasz wykwalifikowany zesp\u00f3\u0142 techniczny w po\u0142\u0105czeniu z najnowocze\u015bniejszym sprz\u0119tem pozwala nam zachowa\u0107 \u015bcis\u0142\u0105 kontrol\u0119 jako\u015bci na ka\u017cdym etapie produkcji \u2014 od wyboru surowca po ko\u0144cow\u0105 kontrol\u0119. To oddanie doskona\u0142o\u015bci przynios\u0142o nam certyfikaty i uznanie autorytet\u00f3w bran\u017cowych, co dodatkowo umocni\u0142o nasz\u0105 reputacj\u0119 niezawodnego partnera.<\/p>\n<p class=\"break-words\">Nasza misja jest prosta, ale ambitna: dostarcza\u0107 naszym klientom cylindry hydrauliczne, kt\u00f3re przekraczaj\u0105 oczekiwania pod wzgl\u0119dem wydajno\u015bci, trwa\u0142o\u015bci i warto\u015bci. Dzia\u0142amy zgodnie z zasadami profesjonalizmu, uczciwo\u015bci i skupienia na kliencie. Poprzez promowanie kultury innowacji i precyzji nieustannie udoskonalamy nasze produkty, aby utrzyma\u0107 si\u0119 na czele konkurencyjnego rynku. Nasza kompleksowa oferta produkt\u00f3w i zdolno\u015b\u0107 do oferowania dostosowanych rozwi\u0105za\u0144 sprawiaj\u0105, \u017ce jeste\u015bmy pierwszym wyborem dla firm poszukuj\u0105cych wysokowydajnych cylindr\u00f3w hydraulicznych.<\/p>\n<p class=\"break-words\">FMP to co\u015b wi\u0119cej ni\u017c tylko producent \u2014 jeste\u015bmy partnerem w Twoim sukcesie. Rozumiemy, \u017ce nasi klienci polegaj\u0105 na nas, je\u015bli chodzi o dostarczanie narz\u0119dzi, kt\u00f3re zwi\u0119kszaj\u0105 ich produktywno\u015b\u0107 i bezpiecze\u0144stwo. Dlatego te\u017c jeste\u015bmy zobowi\u0105zani do oferowania nie tylko produkt\u00f3w najwy\u017cszej klasy, ale tak\u017ce wyj\u0105tkowej obs\u0142ugi. Od wst\u0119pnych konsultacji po wsparcie posprzeda\u017cowe, \u015bci\u015ble wsp\u00f3\u0142pracujemy z naszymi klientami, aby zapewni\u0107, \u017ce ich potrzeby s\u0105 spe\u0142niane z profesjonalizmem i trosk\u0105. Nasze konkurencyjne ceny w po\u0142\u0105czeniu z naszym niezachwianym zaanga\u017cowaniem w jako\u015b\u0107 sprawiaj\u0105, \u017ce FMP jest m\u0105drym wyborem dla firm, kt\u00f3re chc\u0105 zainwestowa\u0107 w rozwi\u0105zania hydrauliczne, kt\u00f3rym mog\u0105 zaufa\u0107.<\/p>","protected":false},"excerpt":{"rendered":"<p>Professional Craftsmanship Dump Truck 4 Stage Hydraulic Cylinder Small Multistage Hydraulic Cylinder The Multistage Hydraulic Cylinder is a world-class product designed for various industrial applications. It demonstrates exceptional performance, durability, and efficiency. It is an essential tool for machinery repair shops, farms, energy &amp; mining industries, machinery manufacturing, and machinery factories. Product Specifications Bore Size [&hellip;]<\/p>","protected":false},"featured_media":6678,"comment_status":"closed","ping_status":"closed","template":"","meta":{"_et_pb_use_builder":"","_et_pb_old_content":"","_et_gb_content_width":""},"product_brand":[],"product_cat":[103],"product_tag":[34,105],"class_list":{"0":"post-6499","1":"product","2":"type-product","3":"status-publish","4":"has-post-thumbnail","6":"product_cat-telescopic-hydraulic-cylinders","7":"product_tag-hydraulic-cylinder","8":"product_tag-telescopic-hydraulic-cylinders","10":"first","11":"instock","12":"product-type-simple"},"_links":{"self":[{"href":"https:\/\/fmp-components.com\/pl\/wp-json\/wp\/v2\/product\/6499","targetHints":{"allow":["GET"]}}],"collection":[{"href":"https:\/\/fmp-components.com\/pl\/wp-json\/wp\/v2\/product"}],"about":[{"href":"https:\/\/fmp-components.com\/pl\/wp-json\/wp\/v2\/types\/product"}],"replies":[{"embeddable":true,"href":"https:\/\/fmp-components.com\/pl\/wp-json\/wp\/v2\/comments?post=6499"}],"wp:featuredmedia":[{"embeddable":true,"href":"https:\/\/fmp-components.com\/pl\/wp-json\/wp\/v2\/media\/6678"}],"wp:attachment":[{"href":"https:\/\/fmp-components.com\/pl\/wp-json\/wp\/v2\/media?parent=6499"}],"wp:term":[{"taxonomy":"product_brand","embeddable":true,"href":"https:\/\/fmp-components.com\/pl\/wp-json\/wp\/v2\/product_brand?post=6499"},{"taxonomy":"product_cat","embeddable":true,"href":"https:\/\/fmp-components.com\/pl\/wp-json\/wp\/v2\/product_cat?post=6499"},{"taxonomy":"product_tag","embeddable":true,"href":"https:\/\/fmp-components.com\/pl\/wp-json\/wp\/v2\/product_tag?post=6499"}],"curies":[{"name":"wp","href":"https:\/\/api.w.org\/{rel}","templated":true}]}}