{"id":6498,"date":"2025-03-11T06:25:30","date_gmt":"2025-03-11T06:25:30","guid":{"rendered":"https:\/\/fmp-components.com\/product\/high-quality-double-acting-dump-truck-telescopic-hydraulic-cylinder-for-sale"},"modified":"2025-03-11T08:45:51","modified_gmt":"2025-03-11T08:45:51","slug":"high-quality-double-acting-dump-truck-telescopic-hydraulic-cylinder-for-sale","status":"publish","type":"product","link":"https:\/\/fmp-components.com\/pl\/product\/high-quality-double-acting-dump-truck-telescopic-hydraulic-cylinder-for-sale\/","title":{"rendered":"Wysokiej jako\u015bci teleskopowy si\u0142ownik hydrauliczny do wywrotek dwustronnego dzia\u0142ania na sprzeda\u017c"},"content":{"rendered":"<h2>Wysokiej jako\u015bci teleskopowy si\u0142ownik hydrauliczny do wywrotek dwustronnego dzia\u0142ania na sprzeda\u017c<\/h2>\n<p>Wysokiej jako\u015bci teleskopowy si\u0142ownik hydrauliczny dwustronnego dzia\u0142ania do wywrotek to niezb\u0119dne narz\u0119dzie w ka\u017cdym procesie przemys\u0142owym. To pot\u0119\u017cne urz\u0105dzenie jest przeznaczone do stosowania w r\u00f3\u017cnych bran\u017cach, w tym w warsztatach naprawczych maszyn, gospodarstwach rolnych, energetyce i g\u00f3rnictwie, produkcji maszyn oraz fabrykach maszyn.<\/p>\n<p>Nasz si\u0142ownik hydrauliczny jest nie tylko wytrzyma\u0142y i trwa\u0142y, ale tak\u017ce wydajny i niezawodny. Jego zastosowanie ma kluczowe znaczenie w wielu procesach przemys\u0142owych, zapewniaj\u0105c niezb\u0119dn\u0105 moc i kontrol\u0119 niezb\u0119dn\u0105 do optymalnej wydajno\u015bci w wymagaj\u0105cych warunkach.<\/p>\n<h2>Szczeg\u00f3\u0142y produktu<\/h2>\n<table style=\"width: 93.8844%;\" border=\"\">\n<tbody>\n<tr>\n<th style=\"width: 42.9379%;\">Rozmiar otworu<\/th>\n<th style=\"width: 455.367%;\">2-6 cali<\/th>\n<\/tr>\n<tr>\n<th style=\"width: 42.9379%;\">Rozmiar pr\u0119ta<\/th>\n<th style=\"width: 455.367%;\">1,125-4 cale<\/th>\n<\/tr>\n<tr>\n<th style=\"width: 42.9379%;\">Rozmiar poci\u0105gni\u0119cia<\/th>\n<th style=\"width: 455.367%;\">4-100 cali<\/th>\n<\/tr>\n<tr>\n<th style=\"width: 42.9379%;\">Rozmiar szpilki<\/th>\n<th style=\"width: 455.367%;\">0,5-2 cale<\/th>\n<\/tr>\n<tr>\n<th style=\"width: 42.9379%;\">Porty<\/th>\n<th style=\"width: 455.367%;\">G\/SAE\/NPT\/M<\/th>\n<\/tr>\n<\/tbody>\n<\/table>\n<h2>G\u0142\u00f3wne cechy<\/h2>\n<ul>\n<li>Energooszcz\u0119dny<\/li>\n<li>Wysoka wydajno\u015b\u0107<\/li>\n<li>Bezpieczny i niezawodny<\/li>\n<li>Struktura standardowa i niestandardowa<\/li>\n<li>Maksymalna si\u0142a ci\u0105gu i ci\u0105gni\u0119cia<\/li>\n<\/ul>\n<h2>Uk\u0142ad hydrauliczny i zasada dzia\u0142ania<\/h2>\n<p>Si\u0142ownik hydrauliczny stanowi podstawowy element uk\u0142adu hydraulicznego, kt\u00f3ry wykorzystuje zasady dynamiki p\u0142yn\u00f3w do generowania si\u0142y i ruchu. Si\u0142ownik ten dzia\u0142a poprzez zamian\u0119 ci\u015bnienia hydraulicznego na si\u0142\u0119 mechaniczn\u0105, umo\u017cliwiaj\u0105c precyzyjny i wydajny ruch maszyn i urz\u0105dze\u0144 przemys\u0142owych. Po podaniu ci\u015bnienia i skierowaniu p\u0142ynu hydraulicznego do cylindra, powstaje si\u0142a, kt\u00f3ra porusza t\u0142ok wewn\u0105trz, umo\u017cliwiaj\u0105c szereg czynno\u015bci, od podnoszenia i pchania, po obracanie i zaciskanie. Mechanizm ten zapewnia p\u0142ynno\u015b\u0107 i responsywno\u015b\u0107 operacji, co przek\u0142ada si\u0119 na wysoki poziom wydajno\u015bci i niezawodno\u015bci w r\u00f3\u017cnych zastosowaniach przemys\u0142owych.<\/p>\n<p><img loading=\"lazy\" decoding=\"async\" class=\"alignnone  wp-image-6662\" src=\"https:\/\/fmp-components.com\/wp-content\/uploads\/2025\/03\/telescopic-hydraulic-cylinder-4.webp\" alt=\"si\u0142ownik hydrauliczny teleskopowy\" width=\"915\" height=\"915\" title=\"\" srcset=\"https:\/\/fmp-components.com\/wp-content\/uploads\/2025\/03\/telescopic-hydraulic-cylinder-4.webp 915w, https:\/\/fmp-components.com\/wp-content\/uploads\/2025\/03\/telescopic-hydraulic-cylinder-4-480x480.webp 480w\" sizes=\"(min-width: 0px) and (max-width: 480px) 480px, (min-width: 481px) 915px, 100vw\" \/><\/p>\n<h2>Aplikacje<\/h2>\n<p>Nasz teleskopowy si\u0142ownik hydrauliczny zosta\u0142 zaprojektowany z my\u015bl\u0105 o spe\u0142nieniu wymaga\u0144 r\u00f3\u017cnorodnych zastosowa\u0144. W warsztatach naprawczych maszyn okazuje si\u0119 nieoceniony do podnoszenia ci\u0119\u017ckiego sprz\u0119tu i podzespo\u0142\u00f3w, umo\u017cliwiaj\u0105c technikom \u0142atwe przeprowadzanie konserwacji i napraw. W rolnictwie ten si\u0142ownik hydrauliczny zwi\u0119ksza funkcjonalno\u015b\u0107 ci\u0105gnik\u00f3w i innych maszyn rolniczych, umo\u017cliwiaj\u0105c wydajne przemieszczanie materia\u0142\u00f3w i plon\u00f3w. Sektor energetyczny i g\u00f3rniczy r\u00f3wnie\u017c korzystaj\u0105 z jego solidnej wydajno\u015bci, poniewa\u017c wytrzymuje trudne warunki cz\u0119sto spotykane w tych bran\u017cach, dzi\u0119ki czemu idealnie nadaje si\u0119 do ci\u0119\u017ckich zada\u0144, takich jak podnoszenie i transport materia\u0142\u00f3w. Ponadto, w produkcji maszyn i fabrykach, teleskopowy si\u0142ownik hydrauliczny usprawnia r\u00f3\u017cne procesy produkcyjne, zapewniaj\u0105c niezb\u0119dn\u0105 si\u0142\u0119 do monta\u017cu i przemieszczania materia\u0142\u00f3w. Jego wszechstronno\u015b\u0107 i wytrzyma\u0142o\u015b\u0107 sprawiaj\u0105, \u017ce jest to niezb\u0119dne narz\u0119dzie dla profesjonalist\u00f3w z wielu bran\u017c.<\/p>\n<h2>Si\u0142owniki hydrauliczne i agregaty nap\u0119dowe<\/h2>\n<p>Si\u0142ownik hydrauliczny i agregat to nieroz\u0142\u0105czne elementy ka\u017cdego uk\u0142adu hydraulicznego, wsp\u00f3\u0142pracuj\u0105ce ze sob\u0105 w celu zapewnienia optymalnej wydajno\u015bci i sprawno\u015bci. Si\u0142ownik hydrauliczny dzia\u0142a jako si\u0142ownik, przekszta\u0142caj\u0105c energi\u0119 hydrauliczn\u0105 w ruch mechaniczny, natomiast agregat pe\u0142ni funkcj\u0119 silnika uk\u0142adu, dostarczaj\u0105c spr\u0119\u017cony p\u0142yn niezb\u0119dny do dzia\u0142ania. Ta skoordynowana funkcja ma kluczowe znaczenie dla wdra\u017cania technologii hydraulicznej w sektorze przemys\u0142owym, oferuj\u0105c niezawodne zasilanie i sterowanie dla szerokiej gamy urz\u0105dze\u0144 in\u017cynieryjnych i mechanicznych. Synergia mi\u0119dzy tymi komponentami pozwala im wykonywa\u0107 wymagaj\u0105ce zadania z precyzj\u0105 i niezawodno\u015bci\u0105. W Ever-power oferujemy r\u00f3wnie\u017c wyb\u00f3r agregat\u00f3w, uzupe\u0142niaj\u0105cych nasze si\u0142owniki hydrauliczne i dostarczaj\u0105cych kompleksowe rozwi\u0105zania dla Pa\u0144stwa potrzeb w zakresie uk\u0142ad\u00f3w hydraulicznych. Nasze zaanga\u017cowanie w jako\u015b\u0107 i innowacyjno\u015b\u0107 gwarantuje, \u017ce otrzymaj\u0105 Pa\u0144stwo najlepsze produkty, kt\u00f3re zwi\u0119ksz\u0105 Pa\u0144stwa mo\u017cliwo\u015bci operacyjne.<\/p>\n<p><img loading=\"lazy\" decoding=\"async\" class=\"alignnone  wp-image-6663\" src=\"https:\/\/fmp-components.com\/wp-content\/uploads\/2025\/03\/telescopic-hydraulic-cylinder-11.webp\" alt=\"si\u0142ownik hydrauliczny teleskopowy\" width=\"905\" height=\"905\" title=\"\" srcset=\"https:\/\/fmp-components.com\/wp-content\/uploads\/2025\/03\/telescopic-hydraulic-cylinder-11.webp 905w, https:\/\/fmp-components.com\/wp-content\/uploads\/2025\/03\/telescopic-hydraulic-cylinder-11-480x480.webp 480w\" sizes=\"(min-width: 0px) and (max-width: 480px) 480px, (min-width: 481px) 905px, 100vw\" \/><\/p>\n<h2>Cz\u0119sto zadawane pytania<\/h2>\n<ol>\n<li><strong>Czy jeste\u015b firm\u0105 handlow\u0105 lub producentem?<\/strong><br \/>\nJeste\u015bmy fabryk\u0105.<\/li>\n<li><strong>Jak d\u0142ugi jest czas dostawy?<\/strong><br \/>\nNasz czas dostawy wynosi zazwyczaj 25\u201335 dni.<\/li>\n<li><strong>Czy mo\u017cesz produkowa\u0107 na podstawie pr\u00f3bek?<\/strong><br \/>\nTak, mo\u017cemy wykona\u0107 produkt na podstawie Twoich pr\u00f3bek lub rysunk\u00f3w technicznych. Mo\u017cemy r\u00f3wnie\u017c zbudowa\u0107 formy i oprzyrz\u0105dowanie.<\/li>\n<\/ol>\n<h3>O FMP<\/h3>\n<p class=\"break-words\">FMP jest wiod\u0105cym w\u0142oskim producentem specjalizuj\u0105cym si\u0119 w projektowaniu, rozwoju i produkcji wysokiej jako\u015bci cylindr\u00f3w hydraulicznych. Dzi\u0119ki bogatemu dziedzictwu zakorzenionemu w dziesi\u0119cioleciach do\u015bwiadczenia, z dum\u0105 \u0142\u0105czymy w\u0142oskie rzemios\u0142o z najnowocze\u015bniejsz\u0105 technologi\u0105, aby dostarcza\u0107 wyj\u0105tkowe rozwi\u0105zania hydrauliczne dostosowane do zr\u00f3\u017cnicowanych potrzeb naszych globalnych klient\u00f3w. Maj\u0105c siedzib\u0119 we W\u0142oszech, w centrum doskona\u0142o\u015bci in\u017cynieryjnej, FMP jest zaufan\u0105 mark\u0105 w bran\u017cy hydraulicznej, zobowi\u0105zan\u0105 do dostarczania niezawodnych, trwa\u0142ych i innowacyjnych produkt\u00f3w, kt\u00f3re wzmacniaj\u0105 firmy na ca\u0142ym \u015bwiecie.<\/p>\n<p class=\"break-words\">Nasza firma integruje najlepsze tradycje zaawansowanej produkcji z przysz\u0142o\u015bciowym podej\u015bciem. Korzystaj\u0105c z wieloletniego do\u015bwiadczenia w systemach hydraulicznych, FMP przekszta\u0142ci\u0142o si\u0119 w nowoczesne przedsi\u0119biorstwo, kt\u00f3re wyr\u00f3\u017cnia si\u0119 w badaniach, projektowaniu i produkcji. Specjalizujemy si\u0119 w szerokiej gamie cylindr\u00f3w hydraulicznych, w tym cylindrach dwustronnego dzia\u0142ania, cylindrach podnosz\u0105cych do samochod\u00f3w, cylindrach do maszyn rolniczych i rozwi\u0105zaniach projektowanych na zam\u00f3wienie do r\u00f3\u017cnych zastosowa\u0144 przemys\u0142owych. Niezale\u017cnie od tego, czy chodzi o budownictwo, instalacje przemys\u0142owe, rolnictwo czy ci\u0119\u017cki sprz\u0119t, nasze cylindry hydrauliczne s\u0105 zbudowane tak, aby dzia\u0142a\u0142y w najtrudniejszych warunkach, zapewniaj\u0105c bezpiecze\u0144stwo, wydajno\u015b\u0107 i d\u0142ugowieczno\u015b\u0107.<\/p>\n<p><img loading=\"lazy\" decoding=\"async\" class=\"alignnone size-full wp-image-6720\" src=\"https:\/\/fmp-components.com\/wp-content\/uploads\/2025\/03\/hydraulic-cylinder-8.webp\" alt=\"Si\u0142owniki hydrauliczne teleskopowe\" width=\"933\" height=\"526\" title=\"\" srcset=\"https:\/\/fmp-components.com\/wp-content\/uploads\/2025\/03\/hydraulic-cylinder-8.webp 933w, https:\/\/fmp-components.com\/wp-content\/uploads\/2025\/03\/hydraulic-cylinder-8-480x271.webp 480w\" sizes=\"(min-width: 0px) and (max-width: 480px) 480px, (min-width: 481px) 933px, 100vw\" \/><\/p>\n<p class=\"break-words\">W FMP jeste\u015bmy dumni z naszych najnowocze\u015bniejszych zak\u0142ad\u00f3w produkcyjnych, wyposa\u017conych w precyzyjne maszyny i zaawansowane systemy testowe. Nasze procesy produkcyjne s\u0105 zgodne z rygorystycznymi normami krajowymi i mi\u0119dzynarodowymi, co zapewnia, \u017ce ka\u017cdy cylinder hydrauliczny opuszczaj\u0105cy nasz\u0105 fabryk\u0119 jest najwy\u017cszej jako\u015bci i niezawodno\u015bci. Nasz wykwalifikowany zesp\u00f3\u0142 techniczny w po\u0142\u0105czeniu z najnowocze\u015bniejszym sprz\u0119tem pozwala nam zachowa\u0107 \u015bcis\u0142\u0105 kontrol\u0119 jako\u015bci na ka\u017cdym etapie produkcji \u2014 od wyboru surowca po ko\u0144cow\u0105 kontrol\u0119. To oddanie doskona\u0142o\u015bci przynios\u0142o nam certyfikaty i uznanie autorytet\u00f3w bran\u017cowych, co dodatkowo umocni\u0142o nasz\u0105 reputacj\u0119 niezawodnego partnera.<\/p>\n<p class=\"break-words\">Nasza misja jest prosta, ale ambitna: dostarcza\u0107 naszym klientom cylindry hydrauliczne, kt\u00f3re przekraczaj\u0105 oczekiwania pod wzgl\u0119dem wydajno\u015bci, trwa\u0142o\u015bci i warto\u015bci. Dzia\u0142amy zgodnie z zasadami profesjonalizmu, uczciwo\u015bci i skupienia na kliencie. Poprzez promowanie kultury innowacji i precyzji nieustannie udoskonalamy nasze produkty, aby utrzyma\u0107 si\u0119 na czele konkurencyjnego rynku. Nasza kompleksowa oferta produkt\u00f3w i zdolno\u015b\u0107 do oferowania dostosowanych rozwi\u0105za\u0144 sprawiaj\u0105, \u017ce jeste\u015bmy pierwszym wyborem dla firm poszukuj\u0105cych wysokowydajnych cylindr\u00f3w hydraulicznych.<\/p>\n<p class=\"break-words\">FMP to co\u015b wi\u0119cej ni\u017c tylko producent \u2014 jeste\u015bmy partnerem w Twoim sukcesie. Rozumiemy, \u017ce nasi klienci polegaj\u0105 na nas, je\u015bli chodzi o dostarczanie narz\u0119dzi, kt\u00f3re zwi\u0119kszaj\u0105 ich produktywno\u015b\u0107 i bezpiecze\u0144stwo. Dlatego te\u017c jeste\u015bmy zobowi\u0105zani do oferowania nie tylko produkt\u00f3w najwy\u017cszej klasy, ale tak\u017ce wyj\u0105tkowej obs\u0142ugi. Od wst\u0119pnych konsultacji po wsparcie posprzeda\u017cowe, \u015bci\u015ble wsp\u00f3\u0142pracujemy z naszymi klientami, aby zapewni\u0107, \u017ce ich potrzeby s\u0105 spe\u0142niane z profesjonalizmem i trosk\u0105. Nasze konkurencyjne ceny w po\u0142\u0105czeniu z naszym niezachwianym zaanga\u017cowaniem w jako\u015b\u0107 sprawiaj\u0105, \u017ce FMP jest m\u0105drym wyborem dla firm, kt\u00f3re chc\u0105 zainwestowa\u0107 w rozwi\u0105zania hydrauliczne, kt\u00f3rym mog\u0105 zaufa\u0107.<\/p>\n<p><img loading=\"lazy\" decoding=\"async\" class=\"alignnone  wp-image-6717\" src=\"https:\/\/fmp-components.com\/wp-content\/uploads\/2025\/03\/hydraulic-cylinder-211.webp\" alt=\"Si\u0142owniki hydrauliczne\" width=\"922\" height=\"924\" title=\"\" srcset=\"https:\/\/fmp-components.com\/wp-content\/uploads\/2025\/03\/hydraulic-cylinder-211.webp 922w, https:\/\/fmp-components.com\/wp-content\/uploads\/2025\/03\/hydraulic-cylinder-211-480x481.webp 480w\" sizes=\"(min-width: 0px) and (max-width: 480px) 480px, (min-width: 481px) 922px, 100vw\" \/><\/p>","protected":false},"excerpt":{"rendered":"<p>High Quality Double Acting Dump Truck Telescopic Hydraulic Cylinder for Sale The High Quality Double Acting Dump Truck Telescopic hydraulic cylinder is an essential tool for any industrial operation. This powerful piece of equipment is designed for use in various industries, including machinery repair shops, farms, energy &amp; mining, machinery manufacturing, and machinery factories. Our [&hellip;]<\/p>","protected":false},"featured_media":6679,"comment_status":"closed","ping_status":"closed","template":"","meta":{"_et_pb_use_builder":"","_et_pb_old_content":"","_et_gb_content_width":""},"product_brand":[],"product_cat":[103],"product_tag":[34,105],"class_list":{"0":"post-6498","1":"product","2":"type-product","3":"status-publish","4":"has-post-thumbnail","6":"product_cat-telescopic-hydraulic-cylinders","7":"product_tag-hydraulic-cylinder","8":"product_tag-telescopic-hydraulic-cylinders","10":"first","11":"instock","12":"product-type-simple"},"_links":{"self":[{"href":"https:\/\/fmp-components.com\/pl\/wp-json\/wp\/v2\/product\/6498","targetHints":{"allow":["GET"]}}],"collection":[{"href":"https:\/\/fmp-components.com\/pl\/wp-json\/wp\/v2\/product"}],"about":[{"href":"https:\/\/fmp-components.com\/pl\/wp-json\/wp\/v2\/types\/product"}],"replies":[{"embeddable":true,"href":"https:\/\/fmp-components.com\/pl\/wp-json\/wp\/v2\/comments?post=6498"}],"wp:featuredmedia":[{"embeddable":true,"href":"https:\/\/fmp-components.com\/pl\/wp-json\/wp\/v2\/media\/6679"}],"wp:attachment":[{"href":"https:\/\/fmp-components.com\/pl\/wp-json\/wp\/v2\/media?parent=6498"}],"wp:term":[{"taxonomy":"product_brand","embeddable":true,"href":"https:\/\/fmp-components.com\/pl\/wp-json\/wp\/v2\/product_brand?post=6498"},{"taxonomy":"product_cat","embeddable":true,"href":"https:\/\/fmp-components.com\/pl\/wp-json\/wp\/v2\/product_cat?post=6498"},{"taxonomy":"product_tag","embeddable":true,"href":"https:\/\/fmp-components.com\/pl\/wp-json\/wp\/v2\/product_tag?post=6498"}],"curies":[{"name":"wp","href":"https:\/\/api.w.org\/{rel}","templated":true}]}}