{"id":6496,"date":"2025-03-11T06:25:30","date_gmt":"2025-03-11T06:25:30","guid":{"rendered":"https:\/\/fmp-components.com\/product\/effective-5-stage-telescopic-small-dump-truck-hydraulic-cylinder"},"modified":"2025-03-14T03:13:00","modified_gmt":"2025-03-14T03:13:00","slug":"effective-5-stage-telescopic-small-dump-truck-hydraulic-cylinder","status":"publish","type":"product","link":"https:\/\/fmp-components.com\/pl\/product\/effective-5-stage-telescopic-small-dump-truck-hydraulic-cylinder\/","title":{"rendered":"Wydajny 5-stopniowy teleskopowy si\u0142ownik hydrauliczny do ma\u0142ych wywrotek"},"content":{"rendered":"<h2>Wydajny 5-stopniowy teleskopowy si\u0142ownik hydrauliczny do ma\u0142ych wywrotek<\/h2>\n<p>Przekonaj si\u0119 o wydajno\u015bci 5-stopniowego teleskopowego si\u0142ownika hydraulicznego FMP do ma\u0142ych wywrotek \u2013 kompaktowego agregatu zaprojektowanego z my\u015bl\u0105 o najwy\u017cszej wydajno\u015bci i niezawodno\u015bci. Ten wszechstronny si\u0142ownik hydrauliczny idealnie nadaje si\u0119 do warsztat\u00f3w naprawczych maszyn, gospodarstw rolnych, energetyki i g\u00f3rnictwa, produkcji maszyn oraz fabryk maszyn.<\/p>\n<h2>Specyfikacje produkt\u00f3w<\/h2>\n<p>Nasz si\u0142ownik hydrauliczny oferuje szereg cech, kt\u00f3re go wyr\u00f3\u017cniaj\u0105. Jest to standardowy si\u0142ownik t\u0142okowy z hydraulicznym uk\u0142adem wspomagania i stalowym korpusem. Jego maksymalny nacisk wynosi 3000 i maksymalny ud\u017awig 20 ton. Jest to wielostopniowy si\u0142ownik hydrauliczny z przy\u0142\u0105czami G\/SAE\/NPT\/M. \u015arednica cylindra wynosi od 2 do 6 cali, \u015brednica t\u0142oczyska od 1,125 do 4 cali, a skok t\u0142oczyska od 4 do 100 cali. Jest dost\u0119pny w eleganckim czarnym kolorze, wa\u017cy 23 kg i ma trzpie\u0144 o \u015brednicy 0,5 do 2 cali. Si\u0142ownik hydrauliczny posiada certyfikat ISO9001:2000, co gwarantuje jego jako\u015b\u0107 i wydajno\u015b\u0107.<\/p>\n<table style=\"width: 100.115%;\" border=\"\">\n<tbody>\n<tr>\n<th style=\"width: 42.8571%;\">Rozmiar otworu<\/th>\n<th style=\"width: 419.429%;\">2-6 cali<\/th>\n<\/tr>\n<tr>\n<th style=\"width: 42.8571%;\">Rozmiar pr\u0119ta<\/th>\n<th style=\"width: 419.429%;\">1,125-4 cale<\/th>\n<\/tr>\n<tr>\n<th style=\"width: 42.8571%;\">Rozmiar poci\u0105gni\u0119cia<\/th>\n<th style=\"width: 419.429%;\">4-100 cali<\/th>\n<\/tr>\n<tr>\n<th style=\"width: 42.8571%;\">Rozmiar szpilki<\/th>\n<th style=\"width: 419.429%;\">0,5-2 cale<\/th>\n<\/tr>\n<tr>\n<th style=\"width: 42.8571%;\">Porty<\/th>\n<th style=\"width: 419.429%;\">G\/SAE\/NPT\/M<\/th>\n<\/tr>\n<\/tbody>\n<\/table>\n<h2>Wyj\u0105tkowe cechy i zalety<\/h2>\n<ul>\n<li>Energooszcz\u0119dno\u015b\u0107: Nasz si\u0142ownik hydrauliczny zosta\u0142 zaprojektowany tak, aby dzia\u0142a\u0107 z optymaln\u0105 wydajno\u015bci\u0105, gwarantuj\u0105c minimalne straty energii.<\/li>\n<li>Wysoka wydajno\u015b\u0107: Maksymalny nacisk 3000 i maksymalny uci\u0105g 20 ton sprawiaj\u0105, \u017ce ten si\u0142ownik hydrauliczny gwarantuje doskona\u0142\u0105 wydajno\u015b\u0107.<\/li>\n<li>Bezpiecze\u0144stwo: Nasz cylinder zosta\u0142 zaprojektowany z uwzgl\u0119dnieniem kwestii bezpiecze\u0144stwa, gwarantuj\u0105c p\u0142ynn\u0105 prac\u0119 w ka\u017cdych warunkach.<\/li>\n<\/ul>\n<h2>Uk\u0142ady hydrauliczne i zasada dzia\u0142ania<\/h2>\n<p>Si\u0142ownik hydrauliczny jest kluczowym elementem uk\u0142adu hydraulicznego, przetwarzaj\u0105cym ci\u015bnienie cieczy na si\u0142\u0119 mechaniczn\u0105. Ta si\u0142a mechaniczna jest nast\u0119pnie wykorzystywana do poruszania lub obs\u0142ugi maszyn, co czyni go niezb\u0119dnym narz\u0119dziem w wielu ga\u0142\u0119ziach przemys\u0142u.<\/p>\n<p><img loading=\"lazy\" decoding=\"async\" class=\"alignnone  wp-image-6754\" src=\"https:\/\/fmp-components.com\/wp-content\/uploads\/2025\/03\/Telescopic-Hydraulic-Cylinders-111.webp\" alt=\"Si\u0142owniki hydrauliczne teleskopowe\" width=\"814\" height=\"814\" title=\"\" srcset=\"https:\/\/fmp-components.com\/wp-content\/uploads\/2025\/03\/Telescopic-Hydraulic-Cylinders-111.webp 814w, https:\/\/fmp-components.com\/wp-content\/uploads\/2025\/03\/Telescopic-Hydraulic-Cylinders-111-480x480.webp 480w\" sizes=\"(min-width: 0px) and (max-width: 480px) 480px, (min-width: 481px) 814px, 100vw\" \/><\/p>\n<h2>Zastosowania naszego cylindra hydraulicznego<\/h2>\n<p>Nasz si\u0142ownik hydrauliczny jest szeroko stosowany w warsztatach naprawczych maszyn, gospodarstwach rolnych, energetyce i g\u00f3rnictwie, przemy\u015ble maszynowym oraz fabrykach maszyn. Jego kompaktowe rozmiary i doskona\u0142a wydajno\u015b\u0107 sprawiaj\u0105, \u017ce jest to idealny wyb\u00f3r do szerokiego zakresu zastosowa\u0144.<\/p>\n<h2>Si\u0142owniki hydrauliczne i agregaty nap\u0119dowe<\/h2>\n<p>Si\u0142owniki hydrauliczne i agregaty pr\u0105dotw\u00f3rcze s\u0105 nieod\u0142\u0105cznymi elementami uk\u0142adu hydraulicznego. Wsp\u00f3\u0142pracuj\u0105 ze sob\u0105, aby zapewni\u0107 szerokie zastosowanie technologii hydraulicznej w przemy\u015ble, zapewniaj\u0105c niezawodne zasilanie i sterowanie r\u00f3\u017cnorodnym sprz\u0119tem in\u017cynieryjnym i mechanicznym. Si\u0142ownik hydrauliczny pe\u0142ni funkcj\u0119 si\u0142ownika, odpowiedzialnego za przekszta\u0142canie energii hydraulicznej w ruch mechaniczny, przekszta\u0142caj\u0105c ci\u015bnienie w si\u0142\u0119. Natomiast agregat pr\u0105dotw\u00f3rczy stanowi rdze\u0144, kt\u00f3ry dostarcza energi\u0119 i sygna\u0142y steruj\u0105ce wymagane przez uk\u0142ad hydrauliczny. Ich koordynacja zapewnia prawid\u0142owe dzia\u0142anie uk\u0142adu hydraulicznego. FMP oferuje r\u00f3wnie\u017c sprzeda\u017c agregat\u00f3w pr\u0105dotw\u00f3rczych.<\/p>\n<h2>Cz\u0119sto zadawane pytania<\/h2>\n<p><q><b>P: Jaki jest okres gwarancji na si\u0142ownik hydrauliczny?<\/b><br \/>\nA: Si\u0142ownik hydrauliczny obj\u0119ty jest roczn\u0105 gwarancj\u0105.<\/q><br \/>\n<q><b>P: Jaki jest czas dostawy?<\/b><br \/>\nA: Og\u00f3lny czas dostawy wynosi 25\u201335 dni.<\/q><br \/>\n<q><b>P: Czy mog\u0119 otrzyma\u0107 pr\u00f3bk\u0119 cylindra hydraulicznego do test\u00f3w?<\/b><br \/>\nA: Tak, oferujemy pr\u00f3bki, ale nie s\u0105 one darmowe.<\/q><\/p>\n<h3>O FMP<\/h3>\n<p class=\"break-words\">FMP jest wiod\u0105cym w\u0142oskim producentem specjalizuj\u0105cym si\u0119 w projektowaniu, rozwoju i produkcji wysokiej jako\u015bci cylindr\u00f3w hydraulicznych. Dzi\u0119ki bogatemu dziedzictwu zakorzenionemu w dziesi\u0119cioleciach do\u015bwiadczenia, z dum\u0105 \u0142\u0105czymy w\u0142oskie rzemios\u0142o z najnowocze\u015bniejsz\u0105 technologi\u0105, aby dostarcza\u0107 wyj\u0105tkowe rozwi\u0105zania hydrauliczne dostosowane do zr\u00f3\u017cnicowanych potrzeb naszych globalnych klient\u00f3w. Maj\u0105c siedzib\u0119 we W\u0142oszech, w centrum doskona\u0142o\u015bci in\u017cynieryjnej, FMP jest zaufan\u0105 mark\u0105 w bran\u017cy hydraulicznej, zobowi\u0105zan\u0105 do dostarczania niezawodnych, trwa\u0142ych i innowacyjnych produkt\u00f3w, kt\u00f3re wzmacniaj\u0105 firmy na ca\u0142ym \u015bwiecie.<\/p>\n<p class=\"break-words\">Nasza firma integruje najlepsze tradycje zaawansowanej produkcji z przysz\u0142o\u015bciowym podej\u015bciem. Korzystaj\u0105c z wieloletniego do\u015bwiadczenia w systemach hydraulicznych, FMP przekszta\u0142ci\u0142o si\u0119 w nowoczesne przedsi\u0119biorstwo, kt\u00f3re wyr\u00f3\u017cnia si\u0119 w badaniach, projektowaniu i produkcji. Specjalizujemy si\u0119 w szerokiej gamie cylindr\u00f3w hydraulicznych, w tym cylindrach dwustronnego dzia\u0142ania, cylindrach podnosz\u0105cych do samochod\u00f3w, cylindrach do maszyn rolniczych i rozwi\u0105zaniach projektowanych na zam\u00f3wienie do r\u00f3\u017cnych zastosowa\u0144 przemys\u0142owych. Niezale\u017cnie od tego, czy chodzi o budownictwo, instalacje przemys\u0142owe, rolnictwo czy ci\u0119\u017cki sprz\u0119t, nasze cylindry hydrauliczne s\u0105 zbudowane tak, aby dzia\u0142a\u0142y w najtrudniejszych warunkach, zapewniaj\u0105c bezpiecze\u0144stwo, wydajno\u015b\u0107 i d\u0142ugowieczno\u015b\u0107.<\/p>\n<p><img loading=\"lazy\" decoding=\"async\" class=\"alignnone size-full wp-image-6720\" src=\"https:\/\/fmp-components.com\/wp-content\/uploads\/2025\/03\/hydraulic-cylinder-8.webp\" alt=\"Si\u0142owniki hydrauliczne teleskopowe\" width=\"933\" height=\"526\" title=\"\" srcset=\"https:\/\/fmp-components.com\/wp-content\/uploads\/2025\/03\/hydraulic-cylinder-8.webp 933w, https:\/\/fmp-components.com\/wp-content\/uploads\/2025\/03\/hydraulic-cylinder-8-480x271.webp 480w\" sizes=\"(min-width: 0px) and (max-width: 480px) 480px, (min-width: 481px) 933px, 100vw\" \/><\/p>\n<p class=\"break-words\">W FMP jeste\u015bmy dumni z naszych najnowocze\u015bniejszych zak\u0142ad\u00f3w produkcyjnych, wyposa\u017conych w precyzyjne maszyny i zaawansowane systemy testowe. Nasze procesy produkcyjne s\u0105 zgodne z rygorystycznymi normami krajowymi i mi\u0119dzynarodowymi, co zapewnia, \u017ce ka\u017cdy cylinder hydrauliczny opuszczaj\u0105cy nasz\u0105 fabryk\u0119 jest najwy\u017cszej jako\u015bci i niezawodno\u015bci. Nasz wykwalifikowany zesp\u00f3\u0142 techniczny w po\u0142\u0105czeniu z najnowocze\u015bniejszym sprz\u0119tem pozwala nam zachowa\u0107 \u015bcis\u0142\u0105 kontrol\u0119 jako\u015bci na ka\u017cdym etapie produkcji \u2014 od wyboru surowca po ko\u0144cow\u0105 kontrol\u0119. To oddanie doskona\u0142o\u015bci przynios\u0142o nam certyfikaty i uznanie autorytet\u00f3w bran\u017cowych, co dodatkowo umocni\u0142o nasz\u0105 reputacj\u0119 niezawodnego partnera.<\/p>\n<p class=\"break-words\">Nasza misja jest prosta, ale ambitna: dostarcza\u0107 naszym klientom cylindry hydrauliczne, kt\u00f3re przekraczaj\u0105 oczekiwania pod wzgl\u0119dem wydajno\u015bci, trwa\u0142o\u015bci i warto\u015bci. Dzia\u0142amy zgodnie z zasadami profesjonalizmu, uczciwo\u015bci i skupienia na kliencie. Poprzez promowanie kultury innowacji i precyzji nieustannie udoskonalamy nasze produkty, aby utrzyma\u0107 si\u0119 na czele konkurencyjnego rynku. Nasza kompleksowa oferta produkt\u00f3w i zdolno\u015b\u0107 do oferowania dostosowanych rozwi\u0105za\u0144 sprawiaj\u0105, \u017ce jeste\u015bmy pierwszym wyborem dla firm poszukuj\u0105cych wysokowydajnych cylindr\u00f3w hydraulicznych.<\/p>\n<p class=\"break-words\">FMP to co\u015b wi\u0119cej ni\u017c tylko producent \u2014 jeste\u015bmy partnerem w Twoim sukcesie. Rozumiemy, \u017ce nasi klienci polegaj\u0105 na nas, je\u015bli chodzi o dostarczanie narz\u0119dzi, kt\u00f3re zwi\u0119kszaj\u0105 ich produktywno\u015b\u0107 i bezpiecze\u0144stwo. Dlatego te\u017c jeste\u015bmy zobowi\u0105zani do oferowania nie tylko produkt\u00f3w najwy\u017cszej klasy, ale tak\u017ce wyj\u0105tkowej obs\u0142ugi. Od wst\u0119pnych konsultacji po wsparcie posprzeda\u017cowe, \u015bci\u015ble wsp\u00f3\u0142pracujemy z naszymi klientami, aby zapewni\u0107, \u017ce ich potrzeby s\u0105 spe\u0142niane z profesjonalizmem i trosk\u0105. Nasze konkurencyjne ceny w po\u0142\u0105czeniu z naszym niezachwianym zaanga\u017cowaniem w jako\u015b\u0107 sprawiaj\u0105, \u017ce FMP jest m\u0105drym wyborem dla firm, kt\u00f3re chc\u0105 zainwestowa\u0107 w rozwi\u0105zania hydrauliczne, kt\u00f3rym mog\u0105 zaufa\u0107.<\/p>","protected":false},"excerpt":{"rendered":"<p>Effective 5 Stage Telescopic Small Dump Truck Hydraulic Cylinder Experience the efficiency of FMP&#8217;s Effective 5 Stage Telescopic Small Dump Truck Hydraulic Cylinder, a compact power-pack designed to deliver superior performance and reliability. This versatile hydraulic cylinder is perfect for machinery repair shops, farms, energy &amp; mining, machinery manufacturing, and machinery factories. Products Specifications Our [&hellip;]<\/p>","protected":false},"featured_media":6795,"comment_status":"closed","ping_status":"closed","template":"","meta":{"_et_pb_use_builder":"","_et_pb_old_content":"","_et_gb_content_width":""},"product_brand":[],"product_cat":[103],"product_tag":[34,105],"class_list":{"0":"post-6496","1":"product","2":"type-product","3":"status-publish","4":"has-post-thumbnail","6":"product_cat-telescopic-hydraulic-cylinders","7":"product_tag-hydraulic-cylinder","8":"product_tag-telescopic-hydraulic-cylinders","10":"first","11":"instock","12":"product-type-simple"},"_links":{"self":[{"href":"https:\/\/fmp-components.com\/pl\/wp-json\/wp\/v2\/product\/6496","targetHints":{"allow":["GET"]}}],"collection":[{"href":"https:\/\/fmp-components.com\/pl\/wp-json\/wp\/v2\/product"}],"about":[{"href":"https:\/\/fmp-components.com\/pl\/wp-json\/wp\/v2\/types\/product"}],"replies":[{"embeddable":true,"href":"https:\/\/fmp-components.com\/pl\/wp-json\/wp\/v2\/comments?post=6496"}],"wp:featuredmedia":[{"embeddable":true,"href":"https:\/\/fmp-components.com\/pl\/wp-json\/wp\/v2\/media\/6795"}],"wp:attachment":[{"href":"https:\/\/fmp-components.com\/pl\/wp-json\/wp\/v2\/media?parent=6496"}],"wp:term":[{"taxonomy":"product_brand","embeddable":true,"href":"https:\/\/fmp-components.com\/pl\/wp-json\/wp\/v2\/product_brand?post=6496"},{"taxonomy":"product_cat","embeddable":true,"href":"https:\/\/fmp-components.com\/pl\/wp-json\/wp\/v2\/product_cat?post=6496"},{"taxonomy":"product_tag","embeddable":true,"href":"https:\/\/fmp-components.com\/pl\/wp-json\/wp\/v2\/product_tag?post=6496"}],"curies":[{"name":"wp","href":"https:\/\/api.w.org\/{rel}","templated":true}]}}