{"id":6494,"date":"2025-03-11T06:25:30","date_gmt":"2025-03-11T06:25:30","guid":{"rendered":"https:\/\/fmp-components.com\/product\/direct-sales-mini-dump-truck-hydraulic-cylinder-telescopic-hydraulic-cylinder"},"modified":"2025-03-11T07:47:56","modified_gmt":"2025-03-11T07:47:56","slug":"direct-sales-mini-dump-truck-hydraulic-cylinder-telescopic-hydraulic-cylinder","status":"publish","type":"product","link":"https:\/\/fmp-components.com\/pl\/product\/direct-sales-mini-dump-truck-hydraulic-cylinder-telescopic-hydraulic-cylinder\/","title":{"rendered":"Sprzeda\u017c bezpo\u015brednia Mini wywrotka Si\u0142ownik hydrauliczny Teleskopowy si\u0142ownik hydrauliczny"},"content":{"rendered":"<h2>Sprzeda\u017c bezpo\u015brednia Mini wywrotka Si\u0142ownik hydrauliczny Teleskopowy si\u0142ownik hydrauliczny<\/h2>\n<p>Teleskopowy si\u0142ownik hydrauliczny do miniwywrotek Direct Sales jest integraln\u0105 cz\u0119\u015bci\u0105 ka\u017cdego uk\u0142adu hydraulicznego, zapewniaj\u0105c niezb\u0119dn\u0105 moc i kontrol\u0119 w r\u00f3\u017cnych zastosowaniach przemys\u0142owych. Si\u0142ownik ten zosta\u0142 zaprojektowany do przekszta\u0142cania energii hydraulicznej w ruch mechaniczny, przekszta\u0142caj\u0105c ci\u015bnienie w si\u0142\u0119, co zapewnia doskona\u0142\u0105 wydajno\u015b\u0107.<\/p>\n<h2>Specyfikacja produktu<\/h2>\n<p>Si\u0142ownik hydrauliczny charakteryzuje si\u0119 imponuj\u0105cymi parametrami technicznymi, kt\u00f3re czyni\u0105 go doskona\u0142ym wyborem do wymagaj\u0105cych zastosowa\u0144. Nale\u017c\u0105 do nich: wielostopniowa konstrukcja, standardowa konstrukcja, moc hydrauliczna, stalowy korpus, maksymalny nacisk 3000 i maksymalny uci\u0105g 20 ton. \u015arednica cylindra waha si\u0119 od 2 do 6 cali, \u015brednica t\u0142oczyska od 1,125 do 4 cali, a skok t\u0142oczyska od 4 do 100 cali. \u015arednica sworznia wynosi 0,5 do 2 cali, a si\u0142ownik jest dost\u0119pny w eleganckim czarnym kolorze.<\/p>\n<table style=\"width: 102.247%;\" border=\"\">\n<tbody>\n<tr>\n<td style=\"width: 42.9379%;\"><i>Rozmiar otworu<\/i><\/td>\n<td style=\"width: 485.876%;\">2-6 cali<\/td>\n<\/tr>\n<tr>\n<td style=\"width: 42.9379%;\"><i>Rozmiar pr\u0119ta<\/i><\/td>\n<td style=\"width: 485.876%;\">1,125-4 cale<\/td>\n<\/tr>\n<tr>\n<td style=\"width: 42.9379%;\"><i>Rozmiar poci\u0105gni\u0119cia<\/i><\/td>\n<td style=\"width: 485.876%;\">4-100 cali<\/td>\n<\/tr>\n<tr>\n<td style=\"width: 42.9379%;\"><i>Rozmiar szpilki<\/i><\/td>\n<td style=\"width: 485.876%;\">0,5-2 cale<\/td>\n<\/tr>\n<tr>\n<td style=\"width: 42.9379%;\"><i>Porty<\/i><\/td>\n<td style=\"width: 485.876%;\">G\/SAE\/NPT\/M<\/td>\n<\/tr>\n<\/tbody>\n<\/table>\n<h2>Unikalne cechy i zalety<\/h2>\n<p>Ten si\u0142ownik hydrauliczny jest energooszcz\u0119dny, wydajny i bezpieczny. Zosta\u0142 zaprojektowany z my\u015bl\u0105 o doskona\u0142ej wydajno\u015bci i trwa\u0142o\u015bci w r\u00f3\u017cnych bran\u017cach, w tym w warsztatach naprawczych maszyn, rolnictwie, energetyce i g\u00f3rnictwie oraz w produkcji maszyn i fabrykach.<\/p>\n<p><img loading=\"lazy\" decoding=\"async\" class=\"wp-image-6664 aligncenter\" src=\"https:\/\/fmp-components.com\/wp-content\/uploads\/2025\/03\/telescopic-hydraulic-cylinder-8.webp\" alt=\"si\u0142ownik hydrauliczny teleskopowy\" width=\"897\" height=\"897\" title=\"\" srcset=\"https:\/\/fmp-components.com\/wp-content\/uploads\/2025\/03\/telescopic-hydraulic-cylinder-8.webp 897w, https:\/\/fmp-components.com\/wp-content\/uploads\/2025\/03\/telescopic-hydraulic-cylinder-8-480x480.webp 480w\" sizes=\"(min-width: 0px) and (max-width: 480px) 480px, (min-width: 481px) 897px, 100vw\" \/><\/p>\n<h3>Uk\u0142ad hydrauliczny i zasada dzia\u0142ania<\/h3>\n<p>Zrozumienie uk\u0142adu hydraulicznego i jego zasady dzia\u0142ania jest kluczowe dla docenienia wydajno\u015bci tego cylindra hydraulicznego. Uk\u0142ad dzia\u0142a na zasadzie ci\u015bnienia p\u0142ynu, gdzie si\u0142a przy\u0142o\u017cona w jednym punkcie jest przenoszona do innego punktu za pomoc\u0105 nie\u015bci\u015bliwego p\u0142ynu, zazwyczaj oleju. Cylinder hydrauliczny odgrywa kluczow\u0105 rol\u0119 w tym uk\u0142adzie, przekszta\u0142caj\u0105c energi\u0119 hydrauliczn\u0105 w energi\u0119 mechaniczn\u0105.<\/p>\n<h3>Zastosowanie cylindra hydraulicznego<\/h3>\n<p>Ten si\u0142ownik hydrauliczny to uniwersalne urz\u0105dzenie wykorzystywane w r\u00f3\u017cnych zastosowaniach, m.in. w sprz\u0119cie budowlanym, maszynach produkcyjnych i maszynach rolniczych.<\/p>\n<h3>O FMP<\/h3>\n<p class=\"break-words\">FMP jest wiod\u0105cym w\u0142oskim producentem specjalizuj\u0105cym si\u0119 w projektowaniu, rozwoju i produkcji wysokiej jako\u015bci cylindr\u00f3w hydraulicznych. Dzi\u0119ki bogatemu dziedzictwu zakorzenionemu w dziesi\u0119cioleciach do\u015bwiadczenia, z dum\u0105 \u0142\u0105czymy w\u0142oskie rzemios\u0142o z najnowocze\u015bniejsz\u0105 technologi\u0105, aby dostarcza\u0107 wyj\u0105tkowe rozwi\u0105zania hydrauliczne dostosowane do zr\u00f3\u017cnicowanych potrzeb naszych globalnych klient\u00f3w. Maj\u0105c siedzib\u0119 we W\u0142oszech, w centrum doskona\u0142o\u015bci in\u017cynieryjnej, FMP jest zaufan\u0105 mark\u0105 w bran\u017cy hydraulicznej, zobowi\u0105zan\u0105 do dostarczania niezawodnych, trwa\u0142ych i innowacyjnych produkt\u00f3w, kt\u00f3re wzmacniaj\u0105 firmy na ca\u0142ym \u015bwiecie.<\/p>\n<p class=\"break-words\">Nasza firma integruje najlepsze tradycje zaawansowanej produkcji z przysz\u0142o\u015bciowym podej\u015bciem. Korzystaj\u0105c z wieloletniego do\u015bwiadczenia w systemach hydraulicznych, FMP przekszta\u0142ci\u0142o si\u0119 w nowoczesne przedsi\u0119biorstwo, kt\u00f3re wyr\u00f3\u017cnia si\u0119 w badaniach, projektowaniu i produkcji. Specjalizujemy si\u0119 w szerokiej gamie cylindr\u00f3w hydraulicznych, w tym cylindrach dwustronnego dzia\u0142ania, cylindrach podnosz\u0105cych do samochod\u00f3w, cylindrach do maszyn rolniczych i rozwi\u0105zaniach projektowanych na zam\u00f3wienie do r\u00f3\u017cnych zastosowa\u0144 przemys\u0142owych. Niezale\u017cnie od tego, czy chodzi o budownictwo, instalacje przemys\u0142owe, rolnictwo czy ci\u0119\u017cki sprz\u0119t, nasze cylindry hydrauliczne s\u0105 zbudowane tak, aby dzia\u0142a\u0142y w najtrudniejszych warunkach, zapewniaj\u0105c bezpiecze\u0144stwo, wydajno\u015b\u0107 i d\u0142ugowieczno\u015b\u0107.<\/p>\n<p><img loading=\"lazy\" decoding=\"async\" class=\"alignnone size-full wp-image-6720\" src=\"https:\/\/fmp-components.com\/wp-content\/uploads\/2025\/03\/hydraulic-cylinder-8.webp\" alt=\"Si\u0142owniki hydrauliczne teleskopowe\" width=\"933\" height=\"526\" title=\"\" srcset=\"https:\/\/fmp-components.com\/wp-content\/uploads\/2025\/03\/hydraulic-cylinder-8.webp 933w, https:\/\/fmp-components.com\/wp-content\/uploads\/2025\/03\/hydraulic-cylinder-8-480x271.webp 480w\" sizes=\"(min-width: 0px) and (max-width: 480px) 480px, (min-width: 481px) 933px, 100vw\" \/><\/p>\n<p class=\"break-words\">W FMP jeste\u015bmy dumni z naszych najnowocze\u015bniejszych zak\u0142ad\u00f3w produkcyjnych, wyposa\u017conych w precyzyjne maszyny i zaawansowane systemy testowe. Nasze procesy produkcyjne s\u0105 zgodne z rygorystycznymi normami krajowymi i mi\u0119dzynarodowymi, co zapewnia, \u017ce ka\u017cdy cylinder hydrauliczny opuszczaj\u0105cy nasz\u0105 fabryk\u0119 jest najwy\u017cszej jako\u015bci i niezawodno\u015bci. Nasz wykwalifikowany zesp\u00f3\u0142 techniczny w po\u0142\u0105czeniu z najnowocze\u015bniejszym sprz\u0119tem pozwala nam zachowa\u0107 \u015bcis\u0142\u0105 kontrol\u0119 jako\u015bci na ka\u017cdym etapie produkcji \u2014 od wyboru surowca po ko\u0144cow\u0105 kontrol\u0119. To oddanie doskona\u0142o\u015bci przynios\u0142o nam certyfikaty i uznanie autorytet\u00f3w bran\u017cowych, co dodatkowo umocni\u0142o nasz\u0105 reputacj\u0119 niezawodnego partnera.<\/p>\n<p class=\"break-words\">Nasza misja jest prosta, ale ambitna: dostarcza\u0107 naszym klientom cylindry hydrauliczne, kt\u00f3re przekraczaj\u0105 oczekiwania pod wzgl\u0119dem wydajno\u015bci, trwa\u0142o\u015bci i warto\u015bci. Dzia\u0142amy zgodnie z zasadami profesjonalizmu, uczciwo\u015bci i skupienia na kliencie. Poprzez promowanie kultury innowacji i precyzji nieustannie udoskonalamy nasze produkty, aby utrzyma\u0107 si\u0119 na czele konkurencyjnego rynku. Nasza kompleksowa oferta produkt\u00f3w i zdolno\u015b\u0107 do oferowania dostosowanych rozwi\u0105za\u0144 sprawiaj\u0105, \u017ce jeste\u015bmy pierwszym wyborem dla firm poszukuj\u0105cych wysokowydajnych cylindr\u00f3w hydraulicznych.<\/p>\n<p class=\"break-words\">FMP to co\u015b wi\u0119cej ni\u017c tylko producent \u2014 jeste\u015bmy partnerem w Twoim sukcesie. Rozumiemy, \u017ce nasi klienci polegaj\u0105 na nas, je\u015bli chodzi o dostarczanie narz\u0119dzi, kt\u00f3re zwi\u0119kszaj\u0105 ich produktywno\u015b\u0107 i bezpiecze\u0144stwo. Dlatego te\u017c jeste\u015bmy zobowi\u0105zani do oferowania nie tylko produkt\u00f3w najwy\u017cszej klasy, ale tak\u017ce wyj\u0105tkowej obs\u0142ugi. Od wst\u0119pnych konsultacji po wsparcie posprzeda\u017cowe, \u015bci\u015ble wsp\u00f3\u0142pracujemy z naszymi klientami, aby zapewni\u0107, \u017ce ich potrzeby s\u0105 spe\u0142niane z profesjonalizmem i trosk\u0105. Nasze konkurencyjne ceny w po\u0142\u0105czeniu z naszym niezachwianym zaanga\u017cowaniem w jako\u015b\u0107 sprawiaj\u0105, \u017ce FMP jest m\u0105drym wyborem dla firm, kt\u00f3re chc\u0105 zainwestowa\u0107 w rozwi\u0105zania hydrauliczne, kt\u00f3rym mog\u0105 zaufa\u0107.<\/p>\n<h2>Cz\u0119sto zadawane pytania<\/h2>\n<p><b>P: W jakich ga\u0142\u0119ziach przemys\u0142u stosuje si\u0119 ten si\u0142ownik hydrauliczny?<\/b><br \/>\nA: Ten si\u0142ownik hydrauliczny jest powszechnie stosowany w warsztatach naprawczych maszyn, gospodarstwach rolnych, energetyce i g\u00f3rnictwie, w produkcji maszyn i fabrykach.<\/p>\n<p><b>P: Jaki jest czas dostawy tego cylindra hydraulicznego?<\/b><br \/>\nA: Og\u00f3lny czas dostawy wynosi 25\u201335 dni.<\/p>\n<p><b>P: Czy mog\u0119 dostosowa\u0107 ten si\u0142ownik hydrauliczny?<\/b><br \/>\nA: Tak, klienci mog\u0105 dostosowa\u0107 swoje produkty do swoich potrzeb za pomoc\u0105 rysunk\u00f3w lub pr\u00f3bek.<\/p>\n<p>Przekonaj si\u0119 o mocy i wydajno\u015bci naszych si\u0142ownik\u00f3w hydraulicznych ju\u017c dzi\u015b. Skontaktuj si\u0119 z nami, aby dowiedzie\u0107 si\u0119 wi\u0119cej o tym produkcie i z\u0142o\u017cy\u0107 zam\u00f3wienie!<\/p>\n<p><img loading=\"lazy\" decoding=\"async\" class=\"alignnone size-full wp-image-6717\" src=\"https:\/\/fmp-components.com\/wp-content\/uploads\/2025\/03\/hydraulic-cylinder-211.webp\" alt=\"Si\u0142owniki hydrauliczne\" width=\"775\" height=\"777\" title=\"\" srcset=\"https:\/\/fmp-components.com\/wp-content\/uploads\/2025\/03\/hydraulic-cylinder-211.webp 775w, https:\/\/fmp-components.com\/wp-content\/uploads\/2025\/03\/hydraulic-cylinder-211-480x481.webp 480w\" sizes=\"(min-width: 0px) and (max-width: 480px) 480px, (min-width: 481px) 775px, 100vw\" \/><\/p>","protected":false},"excerpt":{"rendered":"<p>Direct Sales Mini Dump Truck Hydraulic Cylinder Telescopic Hydraulic Cylinder The Direct Sales Mini Dump Truck hydraulic cylinder Telescopic Hydraulic Cylinder is an integral part of any hydraulic system, providing the necessary power and control needed for various industrial applications. This cylinder is designed to convert hydraulic energy into mechanical motion, transforming pressure into force [&hellip;]<\/p>","protected":false},"featured_media":6667,"comment_status":"closed","ping_status":"closed","template":"","meta":{"_et_pb_use_builder":"","_et_pb_old_content":"","_et_gb_content_width":""},"product_brand":[],"product_cat":[103],"product_tag":[34,105],"class_list":{"0":"post-6494","1":"product","2":"type-product","3":"status-publish","4":"has-post-thumbnail","6":"product_cat-telescopic-hydraulic-cylinders","7":"product_tag-hydraulic-cylinder","8":"product_tag-telescopic-hydraulic-cylinders","10":"first","11":"instock","12":"product-type-simple"},"_links":{"self":[{"href":"https:\/\/fmp-components.com\/pl\/wp-json\/wp\/v2\/product\/6494","targetHints":{"allow":["GET"]}}],"collection":[{"href":"https:\/\/fmp-components.com\/pl\/wp-json\/wp\/v2\/product"}],"about":[{"href":"https:\/\/fmp-components.com\/pl\/wp-json\/wp\/v2\/types\/product"}],"replies":[{"embeddable":true,"href":"https:\/\/fmp-components.com\/pl\/wp-json\/wp\/v2\/comments?post=6494"}],"wp:featuredmedia":[{"embeddable":true,"href":"https:\/\/fmp-components.com\/pl\/wp-json\/wp\/v2\/media\/6667"}],"wp:attachment":[{"href":"https:\/\/fmp-components.com\/pl\/wp-json\/wp\/v2\/media?parent=6494"}],"wp:term":[{"taxonomy":"product_brand","embeddable":true,"href":"https:\/\/fmp-components.com\/pl\/wp-json\/wp\/v2\/product_brand?post=6494"},{"taxonomy":"product_cat","embeddable":true,"href":"https:\/\/fmp-components.com\/pl\/wp-json\/wp\/v2\/product_cat?post=6494"},{"taxonomy":"product_tag","embeddable":true,"href":"https:\/\/fmp-components.com\/pl\/wp-json\/wp\/v2\/product_tag?post=6494"}],"curies":[{"name":"wp","href":"https:\/\/api.w.org\/{rel}","templated":true}]}}