{"id":6490,"date":"2025-03-11T06:25:30","date_gmt":"2025-03-11T06:25:30","guid":{"rendered":"https:\/\/fmp-components.com\/product\/strong-stable-5-stage-telescopic-dump-truck-hydraulic-cylinder-multistage-hydraulic-cylinder"},"modified":"2025-03-14T03:18:42","modified_gmt":"2025-03-14T03:18:42","slug":"strong-stable-5-stage-telescopic-dump-truck-hydraulic-cylinder-multistage-hydraulic-cylinder","status":"publish","type":"product","link":"https:\/\/fmp-components.com\/pl\/product\/strong-stable-5-stage-telescopic-dump-truck-hydraulic-cylinder-multistage-hydraulic-cylinder\/","title":{"rendered":"Wytrzyma\u0142y, stabilny, 5-stopniowy teleskopowy si\u0142ownik hydrauliczny do wywrotki, wielostopniowy si\u0142ownik hydrauliczny"},"content":{"rendered":"<h2>Teleskopowy si\u0142ownik hydrauliczny 20 ton Si\u0142owniki hydrauliczne do wywrotek<\/h2>\n<p>Nasz najwy\u017cszej jako\u015bci teleskopowy si\u0142ownik hydrauliczny to mocny element uk\u0142adu hydraulicznego o du\u017cej wydajno\u015bci, idealny do ci\u0119\u017ckich zastosowa\u0144, takich jak wywrotki. Dzi\u0119ki maksymalnemu uci\u0105gowi 20 ton i imponuj\u0105cej sile ci\u0105gu 3000, oferuje on doskona\u0142\u0105 wydajno\u015b\u0107 i wyj\u0105tkow\u0105 niezawodno\u015b\u0107.<\/p>\n<h2>Funkcje i funkcjonalno\u015b\u0107<\/h2>\n<p>Ten si\u0142ownik hydrauliczny charakteryzuje si\u0119 standardow\u0105 konstrukcj\u0105 cylindra t\u0142okowego, zasilanego energi\u0105 hydrauliczn\u0105. Korpus wykonany jest z wytrzyma\u0142ej stali, co zapewnia jego trwa\u0142o\u015b\u0107 i d\u0142ugowieczno\u015b\u0107. \u015arednica cylindra waha si\u0119 od 2 do 6 cali, \u015brednica t\u0142oczyska od 1,125 do 4 cali, a skok t\u0142oczyska od 4 do 100 cali. \u015arednica sworznia waha si\u0119 od 0,5 do 2 cali, a si\u0142ownik posiada przy\u0142\u0105cza G\/SAE\/NPT\/M.<\/p>\n<h3>Specyfikacja produktu<\/h3>\n<table style=\"width: 96.1413%;\" border=\"\">\n<tbody>\n<tr>\n<th style=\"width: 34.1463%;\">Nazwa produktu<\/th>\n<td style=\"width: 234.495%;\">Teleskopowy si\u0142ownik hydrauliczny<\/td>\n<\/tr>\n<tr>\n<th style=\"width: 34.1463%;\">Orzecznictwo<\/th>\n<td style=\"width: 234.495%;\">Certyfikat ISO9001:2000<\/td>\n<\/tr>\n<tr>\n<th style=\"width: 34.1463%;\">Rozmiar otworu<\/th>\n<td style=\"width: 234.495%;\">2-6 cali<\/td>\n<\/tr>\n<tr>\n<th style=\"width: 34.1463%;\">Rozmiar pr\u0119ta<\/th>\n<td style=\"width: 234.495%;\">1,125-4 cale<\/td>\n<\/tr>\n<tr>\n<th style=\"width: 34.1463%;\">Rozmiar poci\u0105gni\u0119cia<\/th>\n<td style=\"width: 234.495%;\">4-100 cali<\/td>\n<\/tr>\n<tr>\n<th style=\"width: 34.1463%;\">Rozmiar szpilki<\/th>\n<td style=\"width: 234.495%;\">0,5-2 cale<\/td>\n<\/tr>\n<tr>\n<th style=\"width: 34.1463%;\">Porty<\/th>\n<td style=\"width: 234.495%;\">G\/SAE\/NPT\/M<\/td>\n<\/tr>\n<\/tbody>\n<\/table>\n<h2>Unikalne zalety<\/h2>\n<ul>\n<li>Energooszcz\u0119dny: optymalizuje wykorzystanie mocy hydraulicznej, zapewniaj\u0105c maksymaln\u0105 wydajno\u015b\u0107<\/li>\n<li>Wysoka wydajno\u015b\u0107: zapewnia wysok\u0105 wydajno\u015b\u0107 przy mniejszym zu\u017cyciu energii<\/li>\n<li>Bezpiecze\u0144stwo: zapewnia bezpieczn\u0105 prac\u0119 nawet w zastosowaniach wymagaj\u0105cych du\u017cej wytrzyma\u0142o\u015bci<\/li>\n<\/ul>\n<h3>Uk\u0142ad hydrauliczny i zasada dzia\u0142ania<\/h3>\n<p>Uk\u0142ad hydrauliczny tego cylindra dzia\u0142a na zasadzie ci\u015bnienia cieczy. Ciecz hydrauliczna jest pod ci\u015bnieniem i przesy\u0142ana przez ca\u0142y uk\u0142ad, generuj\u0105c si\u0142\u0119 lub ruch. Si\u0142a ta jest nast\u0119pnie wykorzystywana do nap\u0119dzania cylindra hydraulicznego, przekszta\u0142caj\u0105c energi\u0119 hydrauliczn\u0105 w energi\u0119 mechaniczn\u0105.<\/p>\n<p><img loading=\"lazy\" decoding=\"async\" class=\"alignnone  wp-image-6754\" src=\"https:\/\/fmp-components.com\/wp-content\/uploads\/2025\/03\/Telescopic-Hydraulic-Cylinders-111.webp\" alt=\"Si\u0142owniki hydrauliczne teleskopowe\" width=\"794\" height=\"794\" title=\"\" srcset=\"https:\/\/fmp-components.com\/wp-content\/uploads\/2025\/03\/Telescopic-Hydraulic-Cylinders-111.webp 794w, https:\/\/fmp-components.com\/wp-content\/uploads\/2025\/03\/Telescopic-Hydraulic-Cylinders-111-480x480.webp 480w\" sizes=\"(min-width: 0px) and (max-width: 480px) 480px, (min-width: 481px) 794px, 100vw\" \/><\/p>\n<h2>Scenariusz aplikacji<\/h2>\n<p>Ten si\u0142ownik hydrauliczny jest stosowany przede wszystkim w wywrotkach, ale mo\u017cna go r\u00f3wnie\u017c wykorzysta\u0107 w r\u00f3\u017cnych ga\u0142\u0119ziach przemys\u0142u, takich jak warsztaty naprawcze maszyn, gospodarstwa rolne, energetyka i g\u00f3rnictwo, produkcja maszyn oraz fabryki maszyn.<\/p>\n<h2>Si\u0142owniki hydrauliczne i agregaty nap\u0119dowe<\/h2>\n<p>Synergia mi\u0119dzy cylindrami hydraulicznymi a agregatami ma kluczowe znaczenie dla dzia\u0142ania uk\u0142ad\u00f3w hydraulicznych. Cylindry hydrauliczne, jako si\u0142owniki, przekszta\u0142caj\u0105 energi\u0119 hydrauliczn\u0105 w ruch mechaniczny. Natomiast agregaty dostarczaj\u0105 niezb\u0119dnej energii i sygna\u0142\u00f3w steruj\u0105cych. Razem zapewniaj\u0105 one p\u0142ynne dzia\u0142anie uk\u0142ad\u00f3w hydraulicznych.<\/p>\n<h2>Cz\u0119sto zadawane pytania<\/h2>\n<p><span>P: Czy jeste\u015b firm\u0105 handlow\u0105 czy produkcyjn\u0105?<\/span><br \/>\n<span>A: Jeste\u015bmy producentem.<\/span><br \/>\n<span>P: Jak d\u0142ugi jest czas dostawy?<\/span><br \/>\n<span>A: Zazwyczaj czas dostawy wynosi 25\u201335 dni.<\/span><br \/>\n<span>P: Czy dostarczacie pr\u00f3bki? Czy s\u0105 darmowe czy dodatkowe?<\/span><br \/>\n<span>A: Tak, udost\u0119pniamy pr\u00f3bki, ale nie s\u0105 one darmowe.<\/span><\/p>\n<h3>O FMP<\/h3>\n<p class=\"break-words\">FMP jest wiod\u0105cym w\u0142oskim producentem specjalizuj\u0105cym si\u0119 w projektowaniu, rozwoju i produkcji wysokiej jako\u015bci cylindr\u00f3w hydraulicznych. Dzi\u0119ki bogatemu dziedzictwu zakorzenionemu w dziesi\u0119cioleciach do\u015bwiadczenia, z dum\u0105 \u0142\u0105czymy w\u0142oskie rzemios\u0142o z najnowocze\u015bniejsz\u0105 technologi\u0105, aby dostarcza\u0107 wyj\u0105tkowe rozwi\u0105zania hydrauliczne dostosowane do zr\u00f3\u017cnicowanych potrzeb naszych globalnych klient\u00f3w. Maj\u0105c siedzib\u0119 we W\u0142oszech, w centrum doskona\u0142o\u015bci in\u017cynieryjnej, FMP jest zaufan\u0105 mark\u0105 w bran\u017cy hydraulicznej, zobowi\u0105zan\u0105 do dostarczania niezawodnych, trwa\u0142ych i innowacyjnych produkt\u00f3w, kt\u00f3re wzmacniaj\u0105 firmy na ca\u0142ym \u015bwiecie.<\/p>\n<p class=\"break-words\">Nasza firma integruje najlepsze tradycje zaawansowanej produkcji z przysz\u0142o\u015bciowym podej\u015bciem. Korzystaj\u0105c z wieloletniego do\u015bwiadczenia w systemach hydraulicznych, FMP przekszta\u0142ci\u0142o si\u0119 w nowoczesne przedsi\u0119biorstwo, kt\u00f3re wyr\u00f3\u017cnia si\u0119 w badaniach, projektowaniu i produkcji. Specjalizujemy si\u0119 w szerokiej gamie cylindr\u00f3w hydraulicznych, w tym cylindrach dwustronnego dzia\u0142ania, cylindrach podnosz\u0105cych do samochod\u00f3w, cylindrach do maszyn rolniczych i rozwi\u0105zaniach projektowanych na zam\u00f3wienie do r\u00f3\u017cnych zastosowa\u0144 przemys\u0142owych. Niezale\u017cnie od tego, czy chodzi o budownictwo, instalacje przemys\u0142owe, rolnictwo czy ci\u0119\u017cki sprz\u0119t, nasze cylindry hydrauliczne s\u0105 zbudowane tak, aby dzia\u0142a\u0142y w najtrudniejszych warunkach, zapewniaj\u0105c bezpiecze\u0144stwo, wydajno\u015b\u0107 i d\u0142ugowieczno\u015b\u0107.<\/p>\n<p><img loading=\"lazy\" decoding=\"async\" class=\"alignnone size-full wp-image-6720\" src=\"https:\/\/fmp-components.com\/wp-content\/uploads\/2025\/03\/hydraulic-cylinder-8.webp\" alt=\"Si\u0142owniki hydrauliczne teleskopowe\" width=\"933\" height=\"526\" title=\"\" srcset=\"https:\/\/fmp-components.com\/wp-content\/uploads\/2025\/03\/hydraulic-cylinder-8.webp 933w, https:\/\/fmp-components.com\/wp-content\/uploads\/2025\/03\/hydraulic-cylinder-8-480x271.webp 480w\" sizes=\"(min-width: 0px) and (max-width: 480px) 480px, (min-width: 481px) 933px, 100vw\" \/><\/p>\n<p class=\"break-words\">W FMP jeste\u015bmy dumni z naszych najnowocze\u015bniejszych zak\u0142ad\u00f3w produkcyjnych, wyposa\u017conych w precyzyjne maszyny i zaawansowane systemy testowe. Nasze procesy produkcyjne s\u0105 zgodne z rygorystycznymi normami krajowymi i mi\u0119dzynarodowymi, co zapewnia, \u017ce ka\u017cdy cylinder hydrauliczny opuszczaj\u0105cy nasz\u0105 fabryk\u0119 jest najwy\u017cszej jako\u015bci i niezawodno\u015bci. Nasz wykwalifikowany zesp\u00f3\u0142 techniczny w po\u0142\u0105czeniu z najnowocze\u015bniejszym sprz\u0119tem pozwala nam zachowa\u0107 \u015bcis\u0142\u0105 kontrol\u0119 jako\u015bci na ka\u017cdym etapie produkcji \u2014 od wyboru surowca po ko\u0144cow\u0105 kontrol\u0119. To oddanie doskona\u0142o\u015bci przynios\u0142o nam certyfikaty i uznanie autorytet\u00f3w bran\u017cowych, co dodatkowo umocni\u0142o nasz\u0105 reputacj\u0119 niezawodnego partnera.<\/p>\n<p class=\"break-words\">Nasza misja jest prosta, ale ambitna: dostarcza\u0107 naszym klientom cylindry hydrauliczne, kt\u00f3re przekraczaj\u0105 oczekiwania pod wzgl\u0119dem wydajno\u015bci, trwa\u0142o\u015bci i warto\u015bci. Dzia\u0142amy zgodnie z zasadami profesjonalizmu, uczciwo\u015bci i skupienia na kliencie. Poprzez promowanie kultury innowacji i precyzji nieustannie udoskonalamy nasze produkty, aby utrzyma\u0107 si\u0119 na czele konkurencyjnego rynku. Nasza kompleksowa oferta produkt\u00f3w i zdolno\u015b\u0107 do oferowania dostosowanych rozwi\u0105za\u0144 sprawiaj\u0105, \u017ce jeste\u015bmy pierwszym wyborem dla firm poszukuj\u0105cych wysokowydajnych cylindr\u00f3w hydraulicznych.<\/p>\n<p class=\"break-words\">FMP to co\u015b wi\u0119cej ni\u017c tylko producent \u2014 jeste\u015bmy partnerem w Twoim sukcesie. Rozumiemy, \u017ce nasi klienci polegaj\u0105 na nas, je\u015bli chodzi o dostarczanie narz\u0119dzi, kt\u00f3re zwi\u0119kszaj\u0105 ich produktywno\u015b\u0107 i bezpiecze\u0144stwo. Dlatego te\u017c jeste\u015bmy zobowi\u0105zani do oferowania nie tylko produkt\u00f3w najwy\u017cszej klasy, ale tak\u017ce wyj\u0105tkowej obs\u0142ugi. Od wst\u0119pnych konsultacji po wsparcie posprzeda\u017cowe, \u015bci\u015ble wsp\u00f3\u0142pracujemy z naszymi klientami, aby zapewni\u0107, \u017ce ich potrzeby s\u0105 spe\u0142niane z profesjonalizmem i trosk\u0105. Nasze konkurencyjne ceny w po\u0142\u0105czeniu z naszym niezachwianym zaanga\u017cowaniem w jako\u015b\u0107 sprawiaj\u0105, \u017ce FMP jest m\u0105drym wyborem dla firm, kt\u00f3re chc\u0105 zainwestowa\u0107 w rozwi\u0105zania hydrauliczne, kt\u00f3rym mog\u0105 zaufa\u0107.<\/p>","protected":false},"excerpt":{"rendered":"<p>Telescopic Hydraulic Cylinder 20 Ton Hydraulic Cylinders For Dump Truck Our premium Telescopic hydraulic cylinder is a powerful, high-capacity hydraulic system component that is ideal for heavy-duty applications such as dump trucks. With a maximum pull of 20 tons and an impressive max thrust of 3000, it offers superior performance and exceptional reliability. Features and [&hellip;]<\/p>","protected":false},"featured_media":6788,"comment_status":"closed","ping_status":"closed","template":"","meta":{"_et_pb_use_builder":"","_et_pb_old_content":"","_et_gb_content_width":""},"product_brand":[],"product_cat":[103],"product_tag":[34,105],"class_list":{"0":"post-6490","1":"product","2":"type-product","3":"status-publish","4":"has-post-thumbnail","6":"product_cat-telescopic-hydraulic-cylinders","7":"product_tag-hydraulic-cylinder","8":"product_tag-telescopic-hydraulic-cylinders","10":"first","11":"instock","12":"product-type-simple"},"_links":{"self":[{"href":"https:\/\/fmp-components.com\/pl\/wp-json\/wp\/v2\/product\/6490","targetHints":{"allow":["GET"]}}],"collection":[{"href":"https:\/\/fmp-components.com\/pl\/wp-json\/wp\/v2\/product"}],"about":[{"href":"https:\/\/fmp-components.com\/pl\/wp-json\/wp\/v2\/types\/product"}],"replies":[{"embeddable":true,"href":"https:\/\/fmp-components.com\/pl\/wp-json\/wp\/v2\/comments?post=6490"}],"wp:featuredmedia":[{"embeddable":true,"href":"https:\/\/fmp-components.com\/pl\/wp-json\/wp\/v2\/media\/6788"}],"wp:attachment":[{"href":"https:\/\/fmp-components.com\/pl\/wp-json\/wp\/v2\/media?parent=6490"}],"wp:term":[{"taxonomy":"product_brand","embeddable":true,"href":"https:\/\/fmp-components.com\/pl\/wp-json\/wp\/v2\/product_brand?post=6490"},{"taxonomy":"product_cat","embeddable":true,"href":"https:\/\/fmp-components.com\/pl\/wp-json\/wp\/v2\/product_cat?post=6490"},{"taxonomy":"product_tag","embeddable":true,"href":"https:\/\/fmp-components.com\/pl\/wp-json\/wp\/v2\/product_tag?post=6490"}],"curies":[{"name":"wp","href":"https:\/\/api.w.org\/{rel}","templated":true}]}}