{"id":6489,"date":"2025-03-11T06:25:30","date_gmt":"2025-03-11T06:25:30","guid":{"rendered":"https:\/\/fmp-components.com\/product\/strong-stable-telescopic-hydraulic-cylinders-multistage-hydraulic-cylinder-for-dump-trailer"},"modified":"2025-03-18T01:08:53","modified_gmt":"2025-03-18T01:08:53","slug":"strong-stable-telescopic-hydraulic-cylinders-multistage-hydraulic-cylinder-for-dump-trailer","status":"publish","type":"product","link":"https:\/\/fmp-components.com\/pl\/product\/strong-stable-telescopic-hydraulic-cylinders-multistage-hydraulic-cylinder-for-dump-trailer\/","title":{"rendered":"Mocne, stabilne teleskopowe si\u0142owniki hydrauliczne, wielostopniowy si\u0142ownik hydrauliczny do przyczepy wywrotki"},"content":{"rendered":"<h2>Mocne, stabilne teleskopowe si\u0142owniki hydrauliczne, wielostopniowy si\u0142ownik hydrauliczny do przyczepy wywrotki<\/h2>\n<p>Przedstawiamy nasze wytrzyma\u0142e i stabilne teleskopowe si\u0142owniki hydrauliczne, zaprojektowane specjalnie do przyczep wywrotek. Ten wielostopniowy si\u0142ownik hydrauliczny to nowo\u015b\u0107 z 2025 roku, obj\u0119ta roczn\u0105 gwarancj\u0105 i wyposa\u017cona w kluczowe elementy, takie jak \u0142o\u017cysko i sam si\u0142ownik hydrauliczny.<\/p>\n<h3>Cechy i funkcje<\/h3>\n<p>Wielostopniowy si\u0142ownik hydrauliczny zapewnia maksymalny nacisk 3000 i maksymalny uci\u0105g 20 ton, gwarantuj\u0105c wysok\u0105 wydajno\u015b\u0107 w trudnych warunkach. Zbudowany ze standardowym cylindrem t\u0142okowym i zasilany hydraulicznie, gwarantuje wydajn\u0105 prac\u0119 i trwa\u0142o\u015b\u0107.<\/p>\n<h3>Specyfikacja produktu<\/h3>\n<p>Nasz si\u0142ownik hydrauliczny ma \u015brednic\u0119 cylindra 2-6 cali, \u015brednic\u0119 t\u0142oczyska 1,125-4 cali, skok 4-100 cali i \u015brednic\u0119 sworznia 0,5-2 cali. Jest dost\u0119pny w kolorze czarnym i wyposa\u017cony w port G\/SAE\/NPT\/M.<\/p>\n<table style=\"width: 98.8%; height: 125px;\" border=\"\">\n<tbody>\n<tr>\n<td colspan=\"\" rowspan=\"\"><i>Rozmiar otworu<\/i><\/td>\n<td colspan=\"\" rowspan=\"\">2-6 cali<\/td>\n<\/tr>\n<tr>\n<td colspan=\"\" rowspan=\"\"><i>Rozmiar pr\u0119ta<\/i><\/td>\n<td colspan=\"\" rowspan=\"\">1,125-4 cale<\/td>\n<\/tr>\n<tr>\n<td colspan=\"\" rowspan=\"\"><i>Rozmiar poci\u0105gni\u0119cia<\/i><\/td>\n<td colspan=\"\" rowspan=\"\">4-100 cali<\/td>\n<\/tr>\n<tr>\n<td colspan=\"\" rowspan=\"\"><i>Rozmiar szpilki<\/i><\/td>\n<td colspan=\"\" rowspan=\"\">0,5-2 cale<\/td>\n<\/tr>\n<tr>\n<td colspan=\"\" rowspan=\"\"><i>Porty<\/i><\/td>\n<td colspan=\"\" rowspan=\"\">G\/SAE\/NPT\/M<\/td>\n<\/tr>\n<\/tbody>\n<\/table>\n<h3>Unikalne cechy i zalety<\/h3>\n<p>Nasz si\u0142ownik hydrauliczny zosta\u0142 zaprojektowany z my\u015bl\u0105 o energooszcz\u0119dno\u015bci, bezpiecze\u0144stwie i niezawodno\u015bci, co czyni go idealnym wyborem do r\u00f3\u017cnorodnych zastosowa\u0144. Posiada certyfikat ISO 9001:2000, co potwierdza jego wysok\u0105 jako\u015b\u0107 i niezawodno\u015b\u0107 w r\u00f3\u017cnych bran\u017cach. Niezale\u017cnie od tego, czy chodzi o warsztaty naprawcze maszyn, gospodarstwa rolne, sektor energetyczny i g\u00f3rniczy, produkcj\u0119 maszyn czy fabryki, ten si\u0142ownik hydrauliczny spe\u0142nia rygorystyczne normy i zapewnia sta\u0142\u0105 wydajno\u015b\u0107. Jego solidna konstrukcja gwarantuje wytrzyma\u0142o\u015b\u0107 podczas intensywnej eksploatacji, a jego wydajno\u015b\u0107 pomaga obni\u017cy\u0107 koszty operacyjne, co czyni go m\u0105dr\u0105 inwestycj\u0105 dla ka\u017cdej firmy.<\/p>\n<p><img loading=\"lazy\" decoding=\"async\" class=\"alignnone wp-image-6657\" src=\"https:\/\/fmp-components.com\/wp-content\/uploads\/2025\/03\/telescopic-hydraulic-cylinder-3.webp\" alt=\"si\u0142ownik hydrauliczny teleskopowy\" width=\"909\" height=\"909\" title=\"\" srcset=\"https:\/\/fmp-components.com\/wp-content\/uploads\/2025\/03\/telescopic-hydraulic-cylinder-3.webp 909w, https:\/\/fmp-components.com\/wp-content\/uploads\/2025\/03\/telescopic-hydraulic-cylinder-3-480x480.webp 480w\" sizes=\"(min-width: 0px) and (max-width: 480px) 480px, (min-width: 481px) 909px, 100vw\" \/><\/p>\n<h3>Uk\u0142ady hydrauliczne i zasady dzia\u0142ania<\/h3>\n<p>Nasz si\u0142ownik hydrauliczny dzia\u0142a w oparciu o fundamentaln\u0105 zasad\u0119 przekszta\u0142cania energii hydraulicznej w ruch mechaniczny. Proces ten polega na przemieszczaniu p\u0142ynu hydraulicznego wewn\u0105trz si\u0142ownika, co generuje moc niezb\u0119dn\u0105 do nap\u0119dzania maszyn. Wykorzystuj\u0105c zasad\u0119 Pascala, uk\u0142ad hydrauliczny skutecznie wzmacnia si\u0142\u0119, umo\u017cliwiaj\u0105c precyzyjne podnoszenie i przemieszczanie ci\u0119\u017ckich \u0142adunk\u00f3w. Mechanizm ten nie tylko zwi\u0119ksza wydajno\u015b\u0107 maszyn, ale tak\u017ce przyczynia si\u0119 do p\u0142ynniejszej pracy, zmniejszaj\u0105c zu\u017cycie podzespo\u0142\u00f3w i wyd\u0142u\u017caj\u0105c og\u00f3ln\u0105 \u017cywotno\u015b\u0107.<\/p>\n<h3>Zastosowania cylindr\u00f3w hydraulicznych<\/h3>\n<p>Wszechstronno\u015b\u0107 naszego si\u0142ownika hydraulicznego pozwala na jego wykorzystanie w szerokim zakresie zastosowa\u0144. Jest on szczeg\u00f3lnie skuteczny w naczepach wywrotkach, gdzie odgrywa kluczow\u0105 rol\u0119 w podnoszeniu i przechylaniu skrzyni \u0142adunkowej w celu roz\u0142adunku materia\u0142\u00f3w. Ponadto, jest powszechnie stosowany w r\u00f3\u017cnych maszynach ci\u0119\u017ckich, takich jak koparki, w\u00f3zki wid\u0142owe i sprz\u0119t rolniczy, gdzie wysoka moc i precyzja sterowania s\u0105 kluczowe. Ta wszechstronno\u015b\u0107 sprawia, \u017ce \u200b\u200bnasz si\u0142ownik hydrauliczny jest nieocenionym atutem w bran\u017cach wymagaj\u0105cych niezawodnych i wydajnych rozwi\u0105za\u0144 podnosz\u0105cych, gwarantuj\u0105c operatorom pewno\u015b\u0107 i \u0142atwo\u015b\u0107 wykonywania wymagaj\u0105cych zada\u0144.<\/p>\n<p><img loading=\"lazy\" decoding=\"async\" class=\"alignnone wp-image-6665\" src=\"https:\/\/fmp-components.com\/wp-content\/uploads\/2025\/03\/telescopic-hydraulic-cylinder-9.webp\" alt=\"si\u0142ownik hydrauliczny teleskopowy\" width=\"931\" height=\"931\" title=\"\" srcset=\"https:\/\/fmp-components.com\/wp-content\/uploads\/2025\/03\/telescopic-hydraulic-cylinder-9.webp 931w, https:\/\/fmp-components.com\/wp-content\/uploads\/2025\/03\/telescopic-hydraulic-cylinder-9-480x480.webp 480w\" sizes=\"(min-width: 0px) and (max-width: 480px) 480px, (min-width: 481px) 931px, 100vw\" \/><\/p>\n<h3>O FMP<\/h3>\n<p class=\"break-words\">FMP jest wiod\u0105cym w\u0142oskim producentem specjalizuj\u0105cym si\u0119 w projektowaniu, rozwoju i produkcji wysokiej jako\u015bci cylindr\u00f3w hydraulicznych. Dzi\u0119ki bogatemu dziedzictwu zakorzenionemu w dziesi\u0119cioleciach do\u015bwiadczenia, z dum\u0105 \u0142\u0105czymy w\u0142oskie rzemios\u0142o z najnowocze\u015bniejsz\u0105 technologi\u0105, aby dostarcza\u0107 wyj\u0105tkowe rozwi\u0105zania hydrauliczne dostosowane do zr\u00f3\u017cnicowanych potrzeb naszych globalnych klient\u00f3w. Maj\u0105c siedzib\u0119 we W\u0142oszech, w centrum doskona\u0142o\u015bci in\u017cynieryjnej, FMP jest zaufan\u0105 mark\u0105 w bran\u017cy hydraulicznej, zobowi\u0105zan\u0105 do dostarczania niezawodnych, trwa\u0142ych i innowacyjnych produkt\u00f3w, kt\u00f3re wzmacniaj\u0105 firmy na ca\u0142ym \u015bwiecie.<\/p>\n<p class=\"break-words\">Nasza firma integruje najlepsze tradycje zaawansowanej produkcji z przysz\u0142o\u015bciowym podej\u015bciem. Korzystaj\u0105c z wieloletniego do\u015bwiadczenia w systemach hydraulicznych, FMP przekszta\u0142ci\u0142o si\u0119 w nowoczesne przedsi\u0119biorstwo, kt\u00f3re wyr\u00f3\u017cnia si\u0119 w badaniach, projektowaniu i produkcji. Specjalizujemy si\u0119 w szerokiej gamie cylindr\u00f3w hydraulicznych, w tym cylindrach dwustronnego dzia\u0142ania, cylindrach podnosz\u0105cych do samochod\u00f3w, cylindrach do maszyn rolniczych i rozwi\u0105zaniach projektowanych na zam\u00f3wienie do r\u00f3\u017cnych zastosowa\u0144 przemys\u0142owych. Niezale\u017cnie od tego, czy chodzi o budownictwo, instalacje przemys\u0142owe, rolnictwo czy ci\u0119\u017cki sprz\u0119t, nasze cylindry hydrauliczne s\u0105 zbudowane tak, aby dzia\u0142a\u0142y w najtrudniejszych warunkach, zapewniaj\u0105c bezpiecze\u0144stwo, wydajno\u015b\u0107 i d\u0142ugowieczno\u015b\u0107.<\/p>\n<p><img loading=\"lazy\" decoding=\"async\" class=\"alignnone size-full wp-image-6720\" src=\"https:\/\/fmp-components.com\/wp-content\/uploads\/2025\/03\/hydraulic-cylinder-8.webp\" alt=\"Si\u0142owniki hydrauliczne teleskopowe\" width=\"933\" height=\"526\" title=\"\" srcset=\"https:\/\/fmp-components.com\/wp-content\/uploads\/2025\/03\/hydraulic-cylinder-8.webp 933w, https:\/\/fmp-components.com\/wp-content\/uploads\/2025\/03\/hydraulic-cylinder-8-480x271.webp 480w\" sizes=\"(min-width: 0px) and (max-width: 480px) 480px, (min-width: 481px) 933px, 100vw\" \/><\/p>\n<p class=\"break-words\">W FMP jeste\u015bmy dumni z naszych najnowocze\u015bniejszych zak\u0142ad\u00f3w produkcyjnych, wyposa\u017conych w precyzyjne maszyny i zaawansowane systemy testowe. Nasze procesy produkcyjne s\u0105 zgodne z rygorystycznymi normami krajowymi i mi\u0119dzynarodowymi, co zapewnia, \u017ce ka\u017cdy cylinder hydrauliczny opuszczaj\u0105cy nasz\u0105 fabryk\u0119 jest najwy\u017cszej jako\u015bci i niezawodno\u015bci. Nasz wykwalifikowany zesp\u00f3\u0142 techniczny w po\u0142\u0105czeniu z najnowocze\u015bniejszym sprz\u0119tem pozwala nam zachowa\u0107 \u015bcis\u0142\u0105 kontrol\u0119 jako\u015bci na ka\u017cdym etapie produkcji \u2014 od wyboru surowca po ko\u0144cow\u0105 kontrol\u0119. To oddanie doskona\u0142o\u015bci przynios\u0142o nam certyfikaty i uznanie autorytet\u00f3w bran\u017cowych, co dodatkowo umocni\u0142o nasz\u0105 reputacj\u0119 niezawodnego partnera.<\/p>\n<p class=\"break-words\">Nasza misja jest prosta, ale ambitna: dostarcza\u0107 naszym klientom cylindry hydrauliczne, kt\u00f3re przekraczaj\u0105 oczekiwania pod wzgl\u0119dem wydajno\u015bci, trwa\u0142o\u015bci i warto\u015bci. Dzia\u0142amy zgodnie z zasadami profesjonalizmu, uczciwo\u015bci i skupienia na kliencie. Poprzez promowanie kultury innowacji i precyzji nieustannie udoskonalamy nasze produkty, aby utrzyma\u0107 si\u0119 na czele konkurencyjnego rynku. Nasza kompleksowa oferta produkt\u00f3w i zdolno\u015b\u0107 do oferowania dostosowanych rozwi\u0105za\u0144 sprawiaj\u0105, \u017ce jeste\u015bmy pierwszym wyborem dla firm poszukuj\u0105cych wysokowydajnych cylindr\u00f3w hydraulicznych.<\/p>\n<p class=\"break-words\">FMP to co\u015b wi\u0119cej ni\u017c tylko producent \u2014 jeste\u015bmy partnerem w Twoim sukcesie. Rozumiemy, \u017ce nasi klienci polegaj\u0105 na nas, je\u015bli chodzi o dostarczanie narz\u0119dzi, kt\u00f3re zwi\u0119kszaj\u0105 ich produktywno\u015b\u0107 i bezpiecze\u0144stwo. Dlatego te\u017c jeste\u015bmy zobowi\u0105zani do oferowania nie tylko produkt\u00f3w najwy\u017cszej klasy, ale tak\u017ce wyj\u0105tkowej obs\u0142ugi. Od wst\u0119pnych konsultacji po wsparcie posprzeda\u017cowe, \u015bci\u015ble wsp\u00f3\u0142pracujemy z naszymi klientami, aby zapewni\u0107, \u017ce ich potrzeby s\u0105 spe\u0142niane z profesjonalizmem i trosk\u0105. Nasze konkurencyjne ceny w po\u0142\u0105czeniu z naszym niezachwianym zaanga\u017cowaniem w jako\u015b\u0107 sprawiaj\u0105, \u017ce FMP jest m\u0105drym wyborem dla firm, kt\u00f3re chc\u0105 zainwestowa\u0107 w rozwi\u0105zania hydrauliczne, kt\u00f3rym mog\u0105 zaufa\u0107.<\/p>\n<h2>Cz\u0119sto zadawane pytania<\/h2>\n<h3>P: Czy jeste\u015b firm\u0105 handlow\u0105 lub produkcyjn\u0105?<\/h3>\n<p>A: Jeste\u015bmy producentem.<\/p>\n<h3>P: Jak d\u0142ugi jest czas dostawy?<\/h3>\n<p>A: Zazwyczaj trwa to 25\u201335 dni.<\/p>\n<h3>P: Czy dostarczacie pr\u00f3bki? Czy s\u0105 darmowe czy dodatkowe?<\/h3>\n<p>A: Tak, mogliby\u015bmy zaoferowa\u0107 pr\u00f3bki, ale nie jest to darmowe.<\/p>\n<p><img loading=\"lazy\" decoding=\"async\" class=\"alignnone wp-image-6717\" src=\"https:\/\/fmp-components.com\/wp-content\/uploads\/2025\/03\/hydraulic-cylinder-211.webp\" alt=\"Si\u0142owniki hydrauliczne\" width=\"901\" height=\"903\" title=\"\" srcset=\"https:\/\/fmp-components.com\/wp-content\/uploads\/2025\/03\/hydraulic-cylinder-211.webp 901w, https:\/\/fmp-components.com\/wp-content\/uploads\/2025\/03\/hydraulic-cylinder-211-480x481.webp 480w\" sizes=\"(min-width: 0px) and (max-width: 480px) 480px, (min-width: 481px) 901px, 100vw\" \/><\/p>","protected":false},"excerpt":{"rendered":"<p>Strong Stable Telescopic Hydraulic Cylinders Multistage Hydraulic Cylinder For Dump Trailer Presenting our robust and stable Telescopic Hydraulic Cylinders, specifically designed for dump trailers. This multistage hydraulic cylinder is a new product of 2025, boasting a one-year warranty and core components such as bearing and the hydraulic cylinder itself. Features and Functions The multistage hydraulic [&hellip;]<\/p>","protected":false},"featured_media":6670,"comment_status":"closed","ping_status":"closed","template":"","meta":{"_et_pb_use_builder":"","_et_pb_old_content":"","_et_gb_content_width":""},"product_brand":[],"product_cat":[103],"product_tag":[34,105],"class_list":{"0":"post-6489","1":"product","2":"type-product","3":"status-publish","4":"has-post-thumbnail","6":"product_cat-telescopic-hydraulic-cylinders","7":"product_tag-hydraulic-cylinder","8":"product_tag-telescopic-hydraulic-cylinders","10":"first","11":"instock","12":"product-type-simple"},"_links":{"self":[{"href":"https:\/\/fmp-components.com\/pl\/wp-json\/wp\/v2\/product\/6489","targetHints":{"allow":["GET"]}}],"collection":[{"href":"https:\/\/fmp-components.com\/pl\/wp-json\/wp\/v2\/product"}],"about":[{"href":"https:\/\/fmp-components.com\/pl\/wp-json\/wp\/v2\/types\/product"}],"replies":[{"embeddable":true,"href":"https:\/\/fmp-components.com\/pl\/wp-json\/wp\/v2\/comments?post=6489"}],"wp:featuredmedia":[{"embeddable":true,"href":"https:\/\/fmp-components.com\/pl\/wp-json\/wp\/v2\/media\/6670"}],"wp:attachment":[{"href":"https:\/\/fmp-components.com\/pl\/wp-json\/wp\/v2\/media?parent=6489"}],"wp:term":[{"taxonomy":"product_brand","embeddable":true,"href":"https:\/\/fmp-components.com\/pl\/wp-json\/wp\/v2\/product_brand?post=6489"},{"taxonomy":"product_cat","embeddable":true,"href":"https:\/\/fmp-components.com\/pl\/wp-json\/wp\/v2\/product_cat?post=6489"},{"taxonomy":"product_tag","embeddable":true,"href":"https:\/\/fmp-components.com\/pl\/wp-json\/wp\/v2\/product_tag?post=6489"}],"curies":[{"name":"wp","href":"https:\/\/api.w.org\/{rel}","templated":true}]}}