{"id":6487,"date":"2025-03-11T06:25:30","date_gmt":"2025-03-11T06:25:30","guid":{"rendered":"https:\/\/fmp-components.com\/product\/new-arrival-telescopic-hydraulic-cylinder-hydraulic-cylinder-for-dump-trailer"},"modified":"2025-03-11T08:25:50","modified_gmt":"2025-03-11T08:25:50","slug":"new-arrival-telescopic-hydraulic-cylinder-hydraulic-cylinder-for-dump-trailer","status":"publish","type":"product","link":"https:\/\/fmp-components.com\/pl\/product\/new-arrival-telescopic-hydraulic-cylinder-hydraulic-cylinder-for-dump-trailer\/","title":{"rendered":"Nowo\u015b\u0107 Teleskopowy si\u0142ownik hydrauliczny Si\u0142ownik hydrauliczny do przyczepy wywrotki"},"content":{"rendered":"<h2>Nowo\u015b\u0107 Teleskopowy si\u0142ownik hydrauliczny Si\u0142ownik hydrauliczny do przyczepy wywrotki<\/h2>\n<p>Przedstawiamy nasz\u0105 najnowsz\u0105 ofert\u0119 \u2013 teleskopowy si\u0142ownik hydrauliczny. Produkt ten zosta\u0142 zaprojektowany do przyczep wywrotek i stanowi solidne i wydajne rozwi\u0105zanie, kt\u00f3re spe\u0142ni Twoje potrzeby. Dzi\u0119ki rocznej gwarancji ten nowy si\u0142ownik hydrauliczny b\u0119dzie doskona\u0142ym uzupe\u0142nieniem Twojej maszyny.<\/p>\n<h4>Funkcje i cechy<\/h4>\n<p>Teleskopowy si\u0142ownik hydrauliczny to standardowy si\u0142ownik t\u0142okowy nap\u0119dzany technologi\u0105 hydrauliczn\u0105. Korpus si\u0142ownika wykonany jest z wytrzyma\u0142ej stali, co zapewnia jego trwa\u0142o\u015b\u0107 i odporno\u015b\u0107 na zu\u017cycie. Maksymalna si\u0142a ci\u0105gu wynosi 3000 i uci\u0105g 20 ton. Ten si\u0142ownik hydrauliczny jest r\u00f3wnie\u017c urz\u0105dzeniem wielostopniowym, co czyni go wszechstronnym i nadaje si\u0119 do r\u00f3\u017cnych zastosowa\u0144.<\/p>\n<h2>Szczeg\u00f3\u0142y produktu<\/h2>\n<table style=\"width: 99.5341%;\" border=\"\">\n<tbody>\n<tr>\n<td style=\"width: 42.9379%;\"><i>Rozmiar otworu<\/i><\/td>\n<td style=\"width: 471.751%;\">2-6 cali<\/td>\n<\/tr>\n<tr>\n<td style=\"width: 42.9379%;\"><i>Rozmiar pr\u0119ta<\/i><\/td>\n<td style=\"width: 471.751%;\">1,125-4 cale<\/td>\n<\/tr>\n<tr>\n<td style=\"width: 42.9379%;\"><i>Rozmiar poci\u0105gni\u0119cia<\/i><\/td>\n<td style=\"width: 471.751%;\">4-100 cali<\/td>\n<\/tr>\n<tr>\n<td style=\"width: 42.9379%;\"><i>Rozmiar szpilki<\/i><\/td>\n<td style=\"width: 471.751%;\">0,5-2 cale<\/td>\n<\/tr>\n<tr>\n<td style=\"width: 42.9379%;\"><i>Porty<\/i><\/td>\n<td style=\"width: 471.751%;\">G\/SAE\/NPT\/M<\/td>\n<\/tr>\n<\/tbody>\n<\/table>\n<h3>Unikalne zalety<\/h3>\n<p>Teleskopowy si\u0142ownik hydrauliczny oferuje szereg unikalnych zalet. Jest energooszcz\u0119dny, wydajny i niezawodny. Produkt posiada certyfikat ISO9001:2000, co gwarantuje jego jako\u015b\u0107 i bezpiecze\u0144stwo dla u\u017cytkownik\u00f3w. Jest dost\u0119pny w eleganckim czarnym kolorze, idealnie dopasowuj\u0105c si\u0119 do Twoich maszyn.<\/p>\n<h2>Uk\u0142ad hydrauliczny i zasada dzia\u0142ania<\/h2>\n<p>Nasz si\u0142ownik hydrauliczny dzia\u0142a w oparciu o fundamentaln\u0105 zasad\u0119 wykorzystania spr\u0119\u017conego p\u0142ynu hydraulicznego do generowania ruchu liniowego. Gdy p\u0142yn hydrauliczny jest spr\u0119\u017cony i skierowany do cylindra, generuje si\u0142\u0119, kt\u00f3ra porusza t\u0142ok wewn\u0105trz niego. Mechanizm ten umo\u017cliwia si\u0142ownikowi hydraulicznemu przekszta\u0142canie energii hydraulicznej w ruch mechaniczny z niezwyk\u0142\u0105 wydajno\u015bci\u0105 i precyzj\u0105. Technologia zastosowana w naszych si\u0142ownikach hydraulicznych zapewnia p\u0142ynn\u0105 prac\u0119, umo\u017cliwiaj\u0105c precyzyjn\u0105 kontrol\u0119 nad ci\u0119\u017ckimi maszynami i urz\u0105dzeniami. Ta precyzja jest niezb\u0119dna w przypadku zada\u0144 wymagaj\u0105cych precyzyjnych ruch\u00f3w, zapewniaj\u0105c operatorom mo\u017cliwo\u015b\u0107 bezpiecznego i efektywnego wykonywania z\u0142o\u017conych operacji.<\/p>\n<p><img loading=\"lazy\" decoding=\"async\" class=\"alignnone  wp-image-6662\" src=\"https:\/\/fmp-components.com\/wp-content\/uploads\/2025\/03\/telescopic-hydraulic-cylinder-4.webp\" alt=\"si\u0142ownik hydrauliczny teleskopowy\" width=\"915\" height=\"915\" title=\"\" srcset=\"https:\/\/fmp-components.com\/wp-content\/uploads\/2025\/03\/telescopic-hydraulic-cylinder-4.webp 915w, https:\/\/fmp-components.com\/wp-content\/uploads\/2025\/03\/telescopic-hydraulic-cylinder-4-480x480.webp 480w\" sizes=\"(min-width: 0px) and (max-width: 480px) 480px, (min-width: 481px) 915px, 100vw\" \/><\/p>\n<h2>Aplikacja<\/h2>\n<p>Ten si\u0142ownik hydrauliczny idealnie nadaje si\u0119 do szerokiego zakresu zastosowa\u0144 w r\u00f3\u017cnych bran\u017cach. W warsztatach naprawczych maszyn jest nieoceniony do podnoszenia i manipulowania ci\u0119\u017ckimi elementami, umo\u017cliwiaj\u0105c technikom wydajn\u0105 i bezpieczn\u0105 prac\u0119. W rolnictwie si\u0142ownik hydrauliczny zwi\u0119ksza funkcjonalno\u015b\u0107 sprz\u0119tu, takiego jak wywrotki, ci\u0105gniki i inne ci\u0119\u017ckie maszyny, umo\u017cliwiaj\u0105c efektywny prze\u0142adunek i transport materia\u0142\u00f3w. Bran\u017ca energetyczna i g\u00f3rnicza r\u00f3wnie\u017c czerpi\u0105 znaczne korzy\u015bci z jego solidnej konstrukcji i wysokiej wydajno\u015bci, poniewa\u017c jest w stanie wytrzyma\u0107 trudne warunki cz\u0119sto wyst\u0119puj\u0105ce w takich \u015brodowiskach. Ponadto, w produkcji maszyn, nasz si\u0142ownik hydrauliczny okazuje si\u0119 niezb\u0119dny na liniach monta\u017cowych i w procesach produkcyjnych, gdzie niezawodno\u015b\u0107 i trwa\u0142o\u015b\u0107 s\u0105 priorytetem. Jego wszechstronno\u015b\u0107 i wytrzyma\u0142o\u015b\u0107 sprawiaj\u0105, \u017ce jest to idealny wyb\u00f3r dla profesjonalist\u00f3w poszukuj\u0105cych niezawodnych rozwi\u0105za\u0144 hydraulicznych w r\u00f3\u017cnych sektorach.<\/p>\n<h3>O FMP<\/h3>\n<p>FMP to czo\u0142owy w\u0142oski producent, znany ze swojego do\u015bwiadczenia w projektowaniu, rozwoju i produkcji wysokiej jako\u015bci cylindr\u00f3w hydraulicznych. Dzi\u0119ki bogatemu do\u015bwiadczeniu, budowanemu przez dekady, doskonale \u0142\u0105czymy w\u0142oskie rzemios\u0142o z najnowocze\u015bniejsz\u0105 technologi\u0105, aby dostarcza\u0107 wyj\u0105tkowe rozwi\u0105zania hydrauliczne, dopasowane do zr\u00f3\u017cnicowanych potrzeb naszych klient\u00f3w na ca\u0142ym \u015bwiecie. Z siedzib\u0105 we W\u0142oszech, centrum doskona\u0142o\u015bci in\u017cynieryjnej, FMP ugruntowa\u0142a swoj\u0105 pozycj\u0119 zaufanego lidera w bran\u017cy hydraulicznej, dostarczaj\u0105c niezawodne, trwa\u0142e i innowacyjne produkty, kt\u00f3re wspieraj\u0105 firmy na ca\u0142ym \u015bwiecie.<\/p>\n<p>\u0141\u0105czymy zaawansowane tradycje produkcyjne z post\u0119powym podej\u015bciem. Bazuj\u0105c na wieloletnim do\u015bwiadczeniu w dziedzinie uk\u0142ad\u00f3w hydraulicznych, FMP przekszta\u0142ci\u0142o si\u0119 w nowoczesne przedsi\u0119biorstwo, kt\u00f3re wyr\u00f3\u017cnia si\u0119 w badaniach, projektowaniu i produkcji. Nasza specjalizacja obejmuje szerokie spektrum si\u0142ownik\u00f3w hydraulicznych, w tym si\u0142owniki dwustronnego dzia\u0142ania, si\u0142owniki podno\u015bnikowe do samochod\u00f3w, si\u0142owniki do maszyn rolniczych oraz rozwi\u0105zania projektowane na zam\u00f3wienie dla r\u00f3\u017cnorodnych zastosowa\u0144 przemys\u0142owych. Niezale\u017cnie od tego, czy chodzi o budownictwo, instalacje przemys\u0142owe, rolnictwo, czy ci\u0119\u017cki sprz\u0119t, nasze si\u0142owniki hydrauliczne s\u0105 projektowane tak, aby dzia\u0142a\u0142y w najbardziej wymagaj\u0105cych warunkach, zapewniaj\u0105c bezpiecze\u0144stwo, wydajno\u015b\u0107 i trwa\u0142o\u015b\u0107.<\/p>\n<p><img loading=\"lazy\" decoding=\"async\" class=\"alignnone size-full wp-image-6720\" src=\"https:\/\/fmp-components.com\/wp-content\/uploads\/2025\/03\/hydraulic-cylinder-8.webp\" alt=\"Si\u0142owniki hydrauliczne teleskopowe\" width=\"933\" height=\"526\" title=\"\" srcset=\"https:\/\/fmp-components.com\/wp-content\/uploads\/2025\/03\/hydraulic-cylinder-8.webp 933w, https:\/\/fmp-components.com\/wp-content\/uploads\/2025\/03\/hydraulic-cylinder-8-480x271.webp 480w\" sizes=\"(min-width: 0px) and (max-width: 480px) 480px, (min-width: 481px) 933px, 100vw\" \/><\/p>\n<p>W FMP jeste\u015bmy dumni z naszych najnowocze\u015bniejszych zak\u0142ad\u00f3w produkcyjnych, wyposa\u017conych w precyzyjny park maszynowy i zaawansowane systemy testowe. Nasze procesy produkcyjne spe\u0142niaj\u0105 rygorystyczne normy krajowe i mi\u0119dzynarodowe, gwarantuj\u0105c najwy\u017csz\u0105 jako\u015b\u0107 i niezawodno\u015b\u0107 ka\u017cdego produkowanego cylindra hydraulicznego. Nasz wykwalifikowany zesp\u00f3\u0142 techniczny oraz zaawansowany sprz\u0119t pozwalaj\u0105 nam na rygorystyczn\u0105 kontrol\u0119 jako\u015bci na ka\u017cdym etapie produkcji \u2013 od doboru surowc\u00f3w po kontrol\u0119 ko\u0144cow\u0105. To d\u0105\u017cenie do doskona\u0142o\u015bci przynios\u0142o nam certyfikaty i uznanie autorytet\u00f3w bran\u017cowych, co dodatkowo umacnia nasz\u0105 reputacj\u0119 jako wiarygodnego partnera.<\/p>\n<p>Nasza misja jest prosta, ale ambitna: dostarcza\u0107 si\u0142owniki hydrauliczne, kt\u00f3re przewy\u017cszaj\u0105 oczekiwania pod wzgl\u0119dem wydajno\u015bci, trwa\u0142o\u015bci i warto\u015bci. Kierujemy si\u0119 zasadami profesjonalizmu, uczciwo\u015bci i zorientowania na klienta. Piel\u0119gnuj\u0105c kultur\u0119 innowacji i precyzji, stale udoskonalamy nasze produkty, aby utrzyma\u0107 konkurencyjno\u015b\u0107 na rynku. Nasza szeroka gama produkt\u00f3w i mo\u017cliwo\u015b\u0107 oferowania rozwi\u0105za\u0144 dostosowanych do indywidualnych potrzeb sprawiaj\u0105, \u017ce jeste\u015bmy preferowanym wyborem dla firm poszukuj\u0105cych wysokowydajnych si\u0142ownik\u00f3w hydraulicznych.<\/p>\n<p>FMP to co\u015b wi\u0119cej ni\u017c tylko producent; jeste\u015bmy partnerem Twojego sukcesu. Zdajemy sobie spraw\u0119, \u017ce nasi klienci polegaj\u0105 na nas, je\u015bli chodzi o narz\u0119dzia zwi\u0119kszaj\u0105ce produktywno\u015b\u0107 i bezpiecze\u0144stwo. Dlatego dok\u0142adamy wszelkich stara\u0144, aby dostarcza\u0107 nie tylko produkty najwy\u017cszej jako\u015bci, ale tak\u017ce wyj\u0105tkow\u0105 obs\u0142ug\u0119. Od wst\u0119pnych konsultacji po wsparcie posprzeda\u017cowe, \u015bci\u015ble wsp\u00f3\u0142pracujemy z naszymi klientami, aby zapewni\u0107 im profesjonalne i staranne spe\u0142nienie ich potrzeb. Nasze konkurencyjne ceny w po\u0142\u0105czeniu z naszym niezmiennym zaanga\u017cowaniem w jako\u015b\u0107 sprawiaj\u0105, \u017ce FMP to m\u0105dry wyb\u00f3r dla firm poszukuj\u0105cych godnych zaufania rozwi\u0105za\u0144 hydraulicznych.<\/p>\n<h2>Cz\u0119sto zadawane pytania<\/h2>\n<p>P: Czy jeste\u015b firm\u0105 handlow\u0105 lub produkcyjn\u0105?<br \/>\nA: Jeste\u015bmy producentem.<br \/>\nP: Jak d\u0142ugi jest czas dostawy?<br \/>\nA: Zazwyczaj trwa to 25\u201335 dni.<br \/>\nP: Czy dostarczacie pr\u00f3bki? Czy s\u0105 darmowe czy dodatkowe?<br \/>\nO: Tak, mogliby\u015bmy zaoferowa\u0107 pr\u00f3bk\u0119, ale nie jest ona darmowa.<\/p>\n<p><img loading=\"lazy\" decoding=\"async\" class=\"alignnone  wp-image-6717\" src=\"https:\/\/fmp-components.com\/wp-content\/uploads\/2025\/03\/hydraulic-cylinder-211.webp\" alt=\"Si\u0142owniki hydrauliczne\" width=\"914\" height=\"916\" title=\"\" srcset=\"https:\/\/fmp-components.com\/wp-content\/uploads\/2025\/03\/hydraulic-cylinder-211.webp 914w, https:\/\/fmp-components.com\/wp-content\/uploads\/2025\/03\/hydraulic-cylinder-211-480x481.webp 480w\" sizes=\"(min-width: 0px) and (max-width: 480px) 480px, (min-width: 481px) 914px, 100vw\" \/><\/p>","protected":false},"excerpt":{"rendered":"<p>New Arrival Telescopic Hydraulic Cylinder Hydraulic Cylinder For Dump Trailer Introducing our latest arrival, the Telescopic Hydraulic Cylinder. This product is designed for dump trailers, providing a robust and efficient solution to meet your needs. With a 1-year warranty, this new hydraulic cylinder will serve as a great addition to your machinery. Functions and Features [&hellip;]<\/p>","protected":false},"featured_media":6674,"comment_status":"closed","ping_status":"closed","template":"","meta":{"_et_pb_use_builder":"","_et_pb_old_content":"","_et_gb_content_width":""},"product_brand":[],"product_cat":[103],"product_tag":[34,105],"class_list":{"0":"post-6487","1":"product","2":"type-product","3":"status-publish","4":"has-post-thumbnail","6":"product_cat-telescopic-hydraulic-cylinders","7":"product_tag-hydraulic-cylinder","8":"product_tag-telescopic-hydraulic-cylinders","10":"first","11":"instock","12":"product-type-simple"},"_links":{"self":[{"href":"https:\/\/fmp-components.com\/pl\/wp-json\/wp\/v2\/product\/6487","targetHints":{"allow":["GET"]}}],"collection":[{"href":"https:\/\/fmp-components.com\/pl\/wp-json\/wp\/v2\/product"}],"about":[{"href":"https:\/\/fmp-components.com\/pl\/wp-json\/wp\/v2\/types\/product"}],"replies":[{"embeddable":true,"href":"https:\/\/fmp-components.com\/pl\/wp-json\/wp\/v2\/comments?post=6487"}],"wp:featuredmedia":[{"embeddable":true,"href":"https:\/\/fmp-components.com\/pl\/wp-json\/wp\/v2\/media\/6674"}],"wp:attachment":[{"href":"https:\/\/fmp-components.com\/pl\/wp-json\/wp\/v2\/media?parent=6487"}],"wp:term":[{"taxonomy":"product_brand","embeddable":true,"href":"https:\/\/fmp-components.com\/pl\/wp-json\/wp\/v2\/product_brand?post=6487"},{"taxonomy":"product_cat","embeddable":true,"href":"https:\/\/fmp-components.com\/pl\/wp-json\/wp\/v2\/product_cat?post=6487"},{"taxonomy":"product_tag","embeddable":true,"href":"https:\/\/fmp-components.com\/pl\/wp-json\/wp\/v2\/product_tag?post=6487"}],"curies":[{"name":"wp","href":"https:\/\/api.w.org\/{rel}","templated":true}]}}