{"id":6427,"date":"2025-03-10T06:45:29","date_gmt":"2025-03-10T06:45:29","guid":{"rendered":"https:\/\/fmp-components.com\/?post_type=product&#038;p=6427"},"modified":"2025-03-10T06:45:29","modified_gmt":"2025-03-10T06:45:29","slug":"gicl-series-gear-couplings","status":"publish","type":"product","link":"https:\/\/fmp-components.com\/pl\/product\/gicl-series-gear-couplings\/","title":{"rendered":"Sprz\u0119g\u0142a z\u0119bate serii GICL"},"content":{"rendered":"<h2>Sprz\u0119g\u0142a z\u0119bate typu GICL<\/h2>\n<p>Sprz\u0119g\u0142o z\u0119bate typu GICL przeznaczone jest do \u0142\u0105czenia dw\u00f3ch poziomych szereg\u00f3w wa\u0142\u00f3w wsp\u00f3\u0142osiowych i zapewnia pewn\u0105 kompensacj\u0119 wzgl\u0119dnego przesuni\u0119cia dw\u00f3ch osi.<\/p>\n<h3>Schemat konstrukcyjny sprz\u0119g\u0142a z\u0119batego typu GICL1-GICL30<\/h3>\n<table style=\"width: 100%;\" border=\"1\" width=\"100%\" cellspacing=\"0\" cellpadding=\"0\">\n<tbody>\n<tr style=\"height: 14.40pt;\">\n<td class=\"et2\" style=\"height: 14.40pt; width: 48.00pt;\" width=\"80\" height=\"24\"><img loading=\"lazy\" decoding=\"async\" class=\"alignnone size-full wp-image-6436\" src=\"https:\/\/fmp-components.com\/wp-content\/uploads\/2025\/03\/gear-coupling-1.webp\" alt=\"Sprz\u0119g\u0142o z\u0119bate\" width=\"421\" height=\"217\" title=\"\" srcset=\"https:\/\/fmp-components.com\/wp-content\/uploads\/2025\/03\/gear-coupling-1.webp 421w, https:\/\/fmp-components.com\/wp-content\/uploads\/2025\/03\/gear-coupling-1-300x155.webp 300w, https:\/\/fmp-components.com\/wp-content\/uploads\/2025\/03\/gear-coupling-1-18x9.webp 18w\" sizes=\"(max-width: 421px) 100vw, 421px\" \/><\/td>\n<td class=\"et3\" style=\"width: 48.00pt;\" align=\"right\" width=\"80\"><img loading=\"lazy\" decoding=\"async\" class=\"alignnone size-full wp-image-6437\" src=\"https:\/\/fmp-components.com\/wp-content\/uploads\/2025\/03\/gear-coupling-2.webp\" alt=\"Sprz\u0119g\u0142o z\u0119bate\" width=\"455\" height=\"349\" title=\"\" srcset=\"https:\/\/fmp-components.com\/wp-content\/uploads\/2025\/03\/gear-coupling-2.webp 455w, https:\/\/fmp-components.com\/wp-content\/uploads\/2025\/03\/gear-coupling-2-300x230.webp 300w, https:\/\/fmp-components.com\/wp-content\/uploads\/2025\/03\/gear-coupling-2-16x12.webp 16w\" sizes=\"(max-width: 455px) 100vw, 455px\" \/><\/td>\n<\/tr>\n<\/tbody>\n<\/table>\n<h3>Wymiary sprz\u0119g\u0142a z\u0119batego typu GICL1-GICL30<\/h3>\n<p><img loading=\"lazy\" decoding=\"async\" class=\"wp-image-6438 aligncenter\" src=\"https:\/\/fmp-components.com\/wp-content\/uploads\/2025\/03\/gear-coupling-3.webp\" alt=\"Sprz\u0119g\u0142o z\u0119bate\" width=\"928\" height=\"858\" title=\"\" srcset=\"https:\/\/fmp-components.com\/wp-content\/uploads\/2025\/03\/gear-coupling-3.webp 928w, https:\/\/fmp-components.com\/wp-content\/uploads\/2025\/03\/gear-coupling-3-480x444.webp 480w\" sizes=\"(min-width: 0px) and (max-width: 480px) 480px, (min-width: 481px) 928px, 100vw\" \/><\/p>\n<p><img loading=\"lazy\" decoding=\"async\" class=\"wp-image-6428 aligncenter\" src=\"https:\/\/fmp-components.com\/wp-content\/uploads\/2025\/03\/gear-coupling-4.webp\" alt=\"Sprz\u0119g\u0142o z\u0119bate\" width=\"928\" height=\"847\" title=\"\" srcset=\"https:\/\/fmp-components.com\/wp-content\/uploads\/2025\/03\/gear-coupling-4.webp 928w, https:\/\/fmp-components.com\/wp-content\/uploads\/2025\/03\/gear-coupling-4-480x438.webp 480w\" sizes=\"(min-width: 0px) and (max-width: 480px) 480px, (min-width: 481px) 928px, 100vw\" \/> <img loading=\"lazy\" decoding=\"async\" class=\"wp-image-6429 aligncenter\" src=\"https:\/\/fmp-components.com\/wp-content\/uploads\/2025\/03\/gear-coupling-5.webp\" alt=\"Sprz\u0119g\u0142o z\u0119bate\" width=\"925\" height=\"638\" title=\"\" srcset=\"https:\/\/fmp-components.com\/wp-content\/uploads\/2025\/03\/gear-coupling-5.webp 925w, https:\/\/fmp-components.com\/wp-content\/uploads\/2025\/03\/gear-coupling-5-480x331.webp 480w\" sizes=\"(min-width: 0px) and (max-width: 480px) 480px, (min-width: 481px) 925px, 100vw\" \/><\/p>\n<h2>Sprz\u0119g\u0142a z\u0119bate typu GICLZ<\/h2>\n<p>Je\u015bli odleg\u0142o\u015b\u0107 mi\u0119dzy dwoma po\u0142\u0105czonymi ko\u0144cami wa\u0142u jest zbyt du\u017ca, mo\u017cna zastosowa\u0107 typ GICLZ. Moment nominalny wynosi od 800 do 3200000 Nm. Temperatura otoczenia podczas pracy wynosi od -20 do +80\u00b0C.<\/p>\n<h3>Struktura sprz\u0119gie\u0142 z\u0119batych typu GICLZ<\/h3>\n<table style=\"border-collapse: collapse; width: 97.5625%; height: 130px;\" border=\"0\" width=\"160\" cellspacing=\"0\" cellpadding=\"0\">\n<tbody>\n<tr style=\"height: 14.40pt;\">\n<td class=\"et2\" style=\"height: 14.4pt; width: 46.3227%;\" width=\"80\" height=\"24\"><img loading=\"lazy\" decoding=\"async\" class=\"alignnone size-full wp-image-6430\" src=\"https:\/\/fmp-components.com\/wp-content\/uploads\/2025\/03\/gear-coupling-6.webp\" alt=\"Sprz\u0119g\u0142o z\u0119bate\" width=\"463\" height=\"372\" title=\"\" srcset=\"https:\/\/fmp-components.com\/wp-content\/uploads\/2025\/03\/gear-coupling-6.webp 463w, https:\/\/fmp-components.com\/wp-content\/uploads\/2025\/03\/gear-coupling-6-300x241.webp 300w, https:\/\/fmp-components.com\/wp-content\/uploads\/2025\/03\/gear-coupling-6-15x12.webp 15w\" sizes=\"(max-width: 463px) 100vw, 463px\" \/><\/td>\n<td class=\"et3\" style=\"width: 53.5675%;\" align=\"right\" width=\"80\"><img loading=\"lazy\" decoding=\"async\" class=\"size-full wp-image-6431 aligncenter\" src=\"https:\/\/fmp-components.com\/wp-content\/uploads\/2025\/03\/gear-coupling-7.webp\" alt=\"Sprz\u0119g\u0142o z\u0119bate\" width=\"441\" height=\"335\" title=\"\" srcset=\"https:\/\/fmp-components.com\/wp-content\/uploads\/2025\/03\/gear-coupling-7.webp 441w, https:\/\/fmp-components.com\/wp-content\/uploads\/2025\/03\/gear-coupling-7-300x228.webp 300w, https:\/\/fmp-components.com\/wp-content\/uploads\/2025\/03\/gear-coupling-7-16x12.webp 16w\" sizes=\"(max-width: 441px) 100vw, 441px\" \/><\/p>\n<p style=\"text-align: center;\"><strong>Schemat strukturalny sprz\u0119g\u0142a z\u0119batego typu GICLZ15 ~GICLZ30<\/strong><\/p>\n<\/td>\n<\/tr>\n<\/tbody>\n<\/table>\n<h3>Wymiary sprz\u0119gie\u0142 z\u0119batych typu GICLZ<\/h3>\n<p><img loading=\"lazy\" decoding=\"async\" class=\"alignnone  wp-image-6432\" src=\"https:\/\/fmp-components.com\/wp-content\/uploads\/2025\/03\/gear-coupling-7-09.webp\" alt=\"Sprz\u0119g\u0142o z\u0119bate\" width=\"902\" height=\"969\" title=\"\" srcset=\"https:\/\/fmp-components.com\/wp-content\/uploads\/2025\/03\/gear-coupling-7-09.webp 902w, https:\/\/fmp-components.com\/wp-content\/uploads\/2025\/03\/gear-coupling-7-09-480x516.webp 480w\" sizes=\"(min-width: 0px) and (max-width: 480px) 480px, (min-width: 481px) 902px, 100vw\" \/> <img loading=\"lazy\" decoding=\"async\" class=\"wp-image-6433 aligncenter\" src=\"https:\/\/fmp-components.com\/wp-content\/uploads\/2025\/03\/gear-coupling-7-10.webp\" alt=\"Sprz\u0119g\u0142o z\u0119bate\" width=\"910\" height=\"850\" title=\"\" srcset=\"https:\/\/fmp-components.com\/wp-content\/uploads\/2025\/03\/gear-coupling-7-10.webp 910w, https:\/\/fmp-components.com\/wp-content\/uploads\/2025\/03\/gear-coupling-7-10-480x448.webp 480w\" sizes=\"(min-width: 0px) and (max-width: 480px) 480px, (min-width: 481px) 910px, 100vw\" \/> <img loading=\"lazy\" decoding=\"async\" class=\"wp-image-6434 aligncenter\" src=\"https:\/\/fmp-components.com\/wp-content\/uploads\/2025\/03\/gear-coupling-7-11.webp\" alt=\"Sprz\u0119g\u0142o z\u0119bate\" width=\"919\" height=\"510\" title=\"\" srcset=\"https:\/\/fmp-components.com\/wp-content\/uploads\/2025\/03\/gear-coupling-7-11.webp 919w, https:\/\/fmp-components.com\/wp-content\/uploads\/2025\/03\/gear-coupling-7-11-480x266.webp 480w\" sizes=\"(min-width: 0px) and (max-width: 480px) 480px, (min-width: 481px) 919px, 100vw\" \/><\/p>","protected":false},"excerpt":{"rendered":"<p>Sprz\u0119g\u0142a z\u0119bate typu GICL Sprz\u0119g\u0142a z\u0119bate typu GICL nadaj\u0105 si\u0119 do \u0142\u0105czenia dw\u00f3ch poziomych, wsp\u00f3\u0142osiowych wa\u0142\u00f3w i zapewniaj\u0105 odpowiedni\u0105 kompensacj\u0119 przesuni\u0119cia wzgl\u0119dnego dw\u00f3ch osi. Schemat konstrukcyjny sprz\u0119g\u0142a z\u0119batego typu GICL1-GICL30 Wymiary sprz\u0119g\u0142a z\u0119batego typu GICL1-GICL30 Sprz\u0119g\u0142a z\u0119bate typu GICLZ Je\u015bli odleg\u0142o\u015b\u0107 mi\u0119dzy [\u2026]<\/p>","protected":false},"featured_media":6435,"comment_status":"open","ping_status":"closed","template":"","meta":{"_et_pb_use_builder":"","_et_pb_old_content":"","_et_gb_content_width":""},"product_brand":[],"product_cat":[101],"product_tag":[],"class_list":{"0":"post-6427","1":"product","2":"type-product","3":"status-publish","4":"has-post-thumbnail","6":"product_cat-coupling","8":"first","9":"instock","10":"shipping-taxable","11":"product-type-simple"},"_links":{"self":[{"href":"https:\/\/fmp-components.com\/pl\/wp-json\/wp\/v2\/product\/6427","targetHints":{"allow":["GET"]}}],"collection":[{"href":"https:\/\/fmp-components.com\/pl\/wp-json\/wp\/v2\/product"}],"about":[{"href":"https:\/\/fmp-components.com\/pl\/wp-json\/wp\/v2\/types\/product"}],"replies":[{"embeddable":true,"href":"https:\/\/fmp-components.com\/pl\/wp-json\/wp\/v2\/comments?post=6427"}],"wp:featuredmedia":[{"embeddable":true,"href":"https:\/\/fmp-components.com\/pl\/wp-json\/wp\/v2\/media\/6435"}],"wp:attachment":[{"href":"https:\/\/fmp-components.com\/pl\/wp-json\/wp\/v2\/media?parent=6427"}],"wp:term":[{"taxonomy":"product_brand","embeddable":true,"href":"https:\/\/fmp-components.com\/pl\/wp-json\/wp\/v2\/product_brand?post=6427"},{"taxonomy":"product_cat","embeddable":true,"href":"https:\/\/fmp-components.com\/pl\/wp-json\/wp\/v2\/product_cat?post=6427"},{"taxonomy":"product_tag","embeddable":true,"href":"https:\/\/fmp-components.com\/pl\/wp-json\/wp\/v2\/product_tag?post=6427"}],"curies":[{"name":"wp","href":"https:\/\/api.w.org\/{rel}","templated":true}]}}