{"id":6416,"date":"2025-03-10T06:11:29","date_gmt":"2025-03-10T06:11:29","guid":{"rendered":"https:\/\/fmp-components.com\/?post_type=product&#038;p=6416"},"modified":"2025-03-10T06:22:50","modified_gmt":"2025-03-10T06:22:50","slug":"spacer-couplings","status":"publish","type":"product","link":"https:\/\/fmp-components.com\/pl\/product\/spacer-couplings\/","title":{"rendered":"Sprz\u0119g\u0142a dystansowe"},"content":{"rendered":"<p><img loading=\"lazy\" decoding=\"async\" class=\"alignnone size-full wp-image-6418\" src=\"https:\/\/fmp-components.com\/wp-content\/uploads\/2025\/03\/Spacer-Couplings-2.webp\" alt=\"Sprz\u0119g\u0142o dystansowe\" width=\"1002\" height=\"362\" title=\"\" srcset=\"https:\/\/fmp-components.com\/wp-content\/uploads\/2025\/03\/Spacer-Couplings-2.webp 1002w, https:\/\/fmp-components.com\/wp-content\/uploads\/2025\/03\/Spacer-Couplings-2-980x354.webp 980w, https:\/\/fmp-components.com\/wp-content\/uploads\/2025\/03\/Spacer-Couplings-2-480x173.webp 480w\" sizes=\"(min-width: 0px) and (max-width: 480px) 480px, (min-width: 481px) and (max-width: 980px) 980px, (min-width: 981px) 1002px, 100vw\" \/><\/p>\n<p><img loading=\"lazy\" decoding=\"async\" class=\"alignnone size-full wp-image-6417\" src=\"https:\/\/fmp-components.com\/wp-content\/uploads\/2025\/03\/Spacer-Couplings-3.webp\" alt=\"Sprz\u0119g\u0142o dystansowe\" width=\"915\" height=\"844\" title=\"\" srcset=\"https:\/\/fmp-components.com\/wp-content\/uploads\/2025\/03\/Spacer-Couplings-3.webp 915w, https:\/\/fmp-components.com\/wp-content\/uploads\/2025\/03\/Spacer-Couplings-3-480x443.webp 480w\" sizes=\"(min-width: 0px) and (max-width: 480px) 480px, (min-width: 481px) 915px, 100vw\" \/><\/p>\n<div class=\"dad65929\">\n<div class=\"f9bf7997 d7dc56a8 c05b5566\">\n<div class=\"ds-markdown ds-markdown--block\">\n<h3>Sprz\u0119g\u0142o dystansowe kontra sprz\u0119g\u0142o elastyczne<\/h3>\n<ol start=\"1\">\n<li><strong>Funkcja podstawowa<\/strong>:\n<ul>\n<li><strong>Sprz\u0119g\u0142o dystansowe<\/strong>:Zaprojektowany w celu utrzymania okre\u015blonej odleg\u0142o\u015bci mi\u0119dzy dwoma po\u0142\u0105czonymi wa\u0142ami. Powszechnie stosowany, gdy urz\u0105dzenia (np. pompy, silniki) nie mog\u0105 by\u0107 umieszczone blisko siebie. Przek\u0142adka dzia\u0142a jako sztywny lub regulowany element, niweluj\u0105c szczelin\u0119.<\/li>\n<li><strong>Elastyczne sprz\u0119g\u0142o<\/strong>:Koncentruje si\u0119 na kompensacji niewsp\u00f3\u0142osiowo\u015bci (k\u0105towej, r\u00f3wnoleg\u0142ej lub osiowej) oraz poch\u0142anianiu drga\u0144\/obci\u0105\u017ce\u0144 udarowych. Umo\u017cliwia ruch mi\u0119dzy wa\u0142ami bez przenoszenia nadmiernych napr\u0119\u017ce\u0144 na po\u0142\u0105czone maszyny.<\/li>\n<\/ul>\n<\/li>\n<li><strong>Projekt i elastyczno\u015b\u0107<\/strong>:\n<ul>\n<li><strong>Sprz\u0119g\u0142o dystansowe<\/strong>:\n<ul>\n<li>Mo\u017ce by\u0107\u00a0<strong>sztywny<\/strong>\u00a0(do precyzyjnego ustawienia w sta\u0142ych konfiguracjach) lub\u00a0<strong>elastyczny<\/strong>\u00a0(\u0142\u0105cz\u0105c odst\u0119p z tolerancj\u0105 odchylenia).<\/li>\n<li>Przyk\u0142adami s\u0105 sztywne tuleje dystansowe lub elastyczne konstrukcje dystansowe z elementami elastomerowymi.<\/li>\n<\/ul>\n<\/li>\n<li><strong>Elastyczne sprz\u0119g\u0142o<\/strong>:\n<ul>\n<li>Priorytetem jest elastyczno\u015b\u0107 uzyskiwana dzi\u0119ki materia\u0142om takim jak elastomery (np. guma w sprz\u0119g\u0142ach k\u0142owych) lub elementom mechanicznym (np. spr\u0119\u017cyny metalowe w sprz\u0119g\u0142ach tarczowych).<\/li>\n<li>Istniej\u0105 r\u00f3\u017cne rodzaje sprz\u0119gie\u0142: szcz\u0119kowe, z\u0119bate, tarczowe i elastomerowe.<\/li>\n<\/ul>\n<\/li>\n<\/ul>\n<\/li>\n<li><strong>Aplikacje<\/strong>:\n<ul>\n<li><strong>Sprz\u0119g\u0142o dystansowe<\/strong>:\n<ul>\n<li>Stosowane w sytuacjach wymagaj\u0105cych sta\u0142ego rozdzielenia wa\u0142\u00f3w, np. w du\u017cych maszynach przemys\u0142owych, morskich systemach nap\u0119dowych lub przeno\u015bnikach ta\u015bmowych.<\/li>\n<\/ul>\n<\/li>\n<li><strong>Elastyczne sprz\u0119g\u0142o<\/strong>:\n<ul>\n<li>Stosowane w uk\u0142adach, w kt\u00f3rych mo\u017cna spodziewa\u0107 si\u0119 rozszerzalno\u015bci cieplnej, drga\u0144 lub braku wsp\u00f3\u0142osiowo\u015bci, np. w uk\u0142adach nap\u0119dowych samochod\u00f3w, systemach HVAC lub turbinach.<\/li>\n<\/ul>\n<\/li>\n<\/ul>\n<\/li>\n<li><strong>Instalacja i konserwacja<\/strong>:\n<ul>\n<li><strong>Sprz\u0119g\u0142o dystansowe<\/strong>:\n<ul>\n<li>Cz\u0119sto wymaga precyzyjnego ustawienia podczas monta\u017cu, szczeg\u00f3lnie w przypadku typ\u00f3w sztywnych. Konserwacja mo\u017ce obejmowa\u0107 sprawdzenie integralno\u015bci przek\u0142adek.<\/li>\n<\/ul>\n<\/li>\n<li><strong>Elastyczne sprz\u0119g\u0142o<\/strong>:\n<ul>\n<li>Toleruje drobne odchylenia, u\u0142atwiaj\u0105c monta\u017c. Konserwacja koncentruje si\u0119 na zu\u017cyciu element\u00f3w elastycznych (np. wymiana wk\u0142adek gumowych).<\/li>\n<\/ul>\n<\/li>\n<\/ul>\n<\/li>\n<li><strong>Rozwa\u017cania materia\u0142owe<\/strong>:\n<ul>\n<li><strong>Sprz\u0119g\u0142o dystansowe<\/strong>: Zazwyczaj metalowe (stal, aluminium) dla zapewnienia trwa\u0142o\u015bci i utrzymania dystansu. Elastyczne wersje mog\u0105 zawiera\u0107 elastomery.<\/li>\n<li><strong>Elastyczne sprz\u0119g\u0142o<\/strong>\u0141\u0105czy metale z elastycznymi materia\u0142ami (gum\u0105, uretanem) lub wykorzystuje elastyczne elementy metalowe (np. tarcze ze stali nierdzewnej).<\/li>\n<\/ul>\n<\/li>\n<\/ol>\n<p>Niekt\u00f3re sprz\u0119g\u0142a \u0142\u0105cz\u0105 w sobie obie te cechy (np. elastyczne sprz\u0119g\u0142a dystansowe), oferuj\u0105c zar\u00f3wno kompensacj\u0119 odst\u0119pu, jak i odchylenia wsp\u00f3\u0142osiowo\u015bci. Jednak zasadnicza r\u00f3\u017cnica pozostaje ich g\u0142\u00f3wnym przeznaczeniem: odst\u0119p a elastyczno\u015b\u0107. Wybierz sprz\u0119g\u0142o dystansowe, gdy odleg\u0142o\u015b\u0107 ma kluczowe znaczenie, a sprz\u0119g\u0142o elastyczne, gdy g\u0142\u00f3wnym problemem jest ruch lub odchylenie wsp\u00f3\u0142osiowo\u015bci.<\/p>\n<\/div>\n<\/div>\n<\/div>","protected":false},"excerpt":{"rendered":"<p>Spacer Coupling vs. Flexible Coupling Primary Function: Spacer Coupling: Designed to maintain a specific distance between two connected shafts. Commonly used when equipment (e.g., pumps, motors) cannot be positioned close together. The spacer acts as a rigid or adjustable component to bridge the gap. Flexible Coupling: Focuses on accommodating misalignment (angular, parallel, or axial) and [&hellip;]<\/p>","protected":false},"featured_media":6419,"comment_status":"open","ping_status":"closed","template":"","meta":{"_et_pb_use_builder":"","_et_pb_old_content":"","_et_gb_content_width":""},"product_brand":[],"product_cat":[101],"product_tag":[],"class_list":{"0":"post-6416","1":"product","2":"type-product","3":"status-publish","4":"has-post-thumbnail","6":"product_cat-coupling","8":"first","9":"instock","10":"shipping-taxable","11":"product-type-simple"},"_links":{"self":[{"href":"https:\/\/fmp-components.com\/pl\/wp-json\/wp\/v2\/product\/6416","targetHints":{"allow":["GET"]}}],"collection":[{"href":"https:\/\/fmp-components.com\/pl\/wp-json\/wp\/v2\/product"}],"about":[{"href":"https:\/\/fmp-components.com\/pl\/wp-json\/wp\/v2\/types\/product"}],"replies":[{"embeddable":true,"href":"https:\/\/fmp-components.com\/pl\/wp-json\/wp\/v2\/comments?post=6416"}],"wp:featuredmedia":[{"embeddable":true,"href":"https:\/\/fmp-components.com\/pl\/wp-json\/wp\/v2\/media\/6419"}],"wp:attachment":[{"href":"https:\/\/fmp-components.com\/pl\/wp-json\/wp\/v2\/media?parent=6416"}],"wp:term":[{"taxonomy":"product_brand","embeddable":true,"href":"https:\/\/fmp-components.com\/pl\/wp-json\/wp\/v2\/product_brand?post=6416"},{"taxonomy":"product_cat","embeddable":true,"href":"https:\/\/fmp-components.com\/pl\/wp-json\/wp\/v2\/product_cat?post=6416"},{"taxonomy":"product_tag","embeddable":true,"href":"https:\/\/fmp-components.com\/pl\/wp-json\/wp\/v2\/product_tag?post=6416"}],"curies":[{"name":"wp","href":"https:\/\/api.w.org\/{rel}","templated":true}]}}