{"id":6409,"date":"2025-03-10T05:58:14","date_gmt":"2025-03-10T05:58:14","guid":{"rendered":"https:\/\/fmp-components.com\/?post_type=product&#038;p=6409"},"modified":"2025-03-10T05:58:16","modified_gmt":"2025-03-10T05:58:16","slug":"rigid-couplings","status":"publish","type":"product","link":"https:\/\/fmp-components.com\/pl\/product\/rigid-couplings\/","title":{"rendered":"Sztywne sprz\u0119g\u0142a"},"content":{"rendered":"<h2>Specyfikacje po\u0142\u0105cze\u0144 sztywnych<\/h2>\n<p><img loading=\"lazy\" decoding=\"async\" class=\"alignnone size-full wp-image-6411\" src=\"https:\/\/fmp-components.com\/wp-content\/uploads\/2025\/03\/rigid-coupling-1.webp\" alt=\"sztywne sprz\u0119g\u0142o\" width=\"879\" height=\"698\" title=\"\" srcset=\"https:\/\/fmp-components.com\/wp-content\/uploads\/2025\/03\/rigid-coupling-1.webp 879w, https:\/\/fmp-components.com\/wp-content\/uploads\/2025\/03\/rigid-coupling-1-480x381.webp 480w\" sizes=\"(min-width: 0px) and (max-width: 480px) 480px, (min-width: 481px) 879px, 100vw\" \/><\/p>\n<h2>Cechy sztywnych sprz\u0119gie\u0142<\/h2>\n<ul>\n<li>Lekka, o wyj\u0105tkowo niskiej bezw\u0142adno\u015bci i wysokiej czu\u0142o\u015bci<\/li>\n<li>Bezobs\u0142ugowa, wyj\u0105tkowo odporna na olej i korozj\u0119<\/li>\n<li>Materia\u0142y ze stop\u00f3w aluminium i stali nierdzewnej<\/li>\n<li>Podaj typ \u015bruby mocuj\u0105cej, typ zacisku i typ separacji<\/li>\n<li>W magazynie dost\u0119pne s\u0105 r\u00f3wnie\u017c modele z r\u00f3\u017cnymi rozmiarami otwor\u00f3w na obu ko\u0144cach<\/li>\n<\/ul>\n<h2>Zalety i wady po\u0142\u0105cze\u0144 sztywnych<\/h2>\n<p><strong>Zalety sztywnych sprz\u0119gie\u0142<\/strong><br \/>\nSprz\u0119g\u0142a sztywne s\u0105 szeroko stosowane w zastosowaniach o niskiej pr\u0119dko\u015bci i bezuderzeniowych, gdzie wa\u0142y charakteryzuj\u0105 si\u0119 wysok\u0105 sztywno\u015bci\u0105 i precyzyjnym ustawieniem dzi\u0119ki prostej konstrukcji, op\u0142acalno\u015bci i mo\u017cliwo\u015bci przenoszenia du\u017cego momentu obrotowego. Typowym przyk\u0142adem jest\u00a0<strong>sprz\u0119g\u0142o ko\u0142nierzowe<\/strong>, kt\u00f3ry sk\u0142ada si\u0119 z dw\u00f3ch tarcz ko\u0142nierzowych po\u0142\u0105czonych \u015brubami. Ka\u017cda tarcza jest zamontowana na wale za pomoc\u0105 po\u0142\u0105czenia klinowego, co umo\u017cliwia przenoszenie momentu obrotowego i ruchu mi\u0119dzy dwoma wa\u0142ami.<\/p>\n<p>G\u0142\u00f3wne zalety z\u0142\u0105czy ko\u0142nierzowych obejmuj\u0105:<\/p>\n<ol start=\"1\">\n<li><strong>Prostota i przyst\u0119pno\u015b\u0107 cenowa<\/strong>:\u0141atwe w produkcji, instalacji i konserwacji, przy niskich kosztach produkcji.<\/li>\n<li><strong>Wysoka no\u015bno\u015b\u0107 momentu obrotowego<\/strong>:Mo\u017cliwo\u015b\u0107 niezawodnego przenoszenia du\u017cego momentu obrotowego.<\/li>\n<li><strong>Precyzyjne wyr\u00f3wnanie<\/strong>:Gwarantuje dok\u0142adne wyr\u00f3wnanie wa\u0142u, dzi\u0119ki czemu idealnie nadaje si\u0119 do zastosowa\u0144 wymagaj\u0105cych du\u017cej pr\u0119dko\u015bci lub system\u00f3w wymagaj\u0105cych wysokiej dok\u0142adno\u015bci przek\u0142adni.<\/li>\n<li><strong>Trwa\u0142o\u015b\u0107<\/strong>:Solidna konstrukcja minimalizuje zu\u017cycie przy stabilnych warunkach obci\u0105\u017cenia.<\/li>\n<\/ol>\n<p>Jednak sztywne sprz\u0119g\u0142a nie zapewniaj\u0105 kompensacji promieniowej, osiowej ani k\u0105towej. Niedok\u0142adne wsp\u00f3\u0142osiowo\u015b\u0107 wa\u0142\u00f3w podczas pracy mo\u017ce prowadzi\u0107 do obni\u017cenia sprawno\u015bci, przyspieszonego zu\u017cycia, wzrostu wibracji i ha\u0142asu. Aby sprosta\u0107 zapotrzebowaniu na moment obrotowy, sprz\u0119g\u0142a ko\u0142nierzowe mog\u0105 wykorzystywa\u0107 \u015bruby z otworami rozwiercanymi dla wszystkich lub po\u0142owy po\u0142\u0105cze\u0144, a pozosta\u0142e \u015bruby s\u0105 standardowe.<\/p>\n<p><strong>Wady sztywnych sprz\u0119gie\u0142<\/strong><br \/>\nPodstawow\u0105 wad\u0105 sztywnych sprz\u0119gie\u0142, takich jak sprz\u0119g\u0142a ko\u0142nierzowe, jest ich\u00a0<strong>\u015bcis\u0142e wymagania dotycz\u0105ce precyzyjnego ustawienia wa\u0142\u00f3w<\/strong>Ka\u017cde wzgl\u0119dne przemieszczenie wa\u0142\u00f3w powoduje dodatkowe napr\u0119\u017cenia w po\u0142\u0105czonych elementach, pogarszaj\u0105c warunki pracy. To ograniczenie sprawia, \u017ce \u200b\u200bnie nadaj\u0105 si\u0119 one do system\u00f3w z potencjaln\u0105 niewsp\u00f3\u0142osiowo\u015bci\u0105, obci\u0105\u017ceniami dynamicznymi lub potrzeb\u0105 amortyzacji wstrz\u0105s\u00f3w.<\/p>\n<p>Podsumowuj\u0105c, chocia\u017c sztywne sprz\u0119g\u0142a charakteryzuj\u0105 si\u0119 prostot\u0105 i przenoszeniem momentu obrotowego w przypadku dobrze wyosiowanych wa\u0142\u00f3w, to brak mo\u017cliwo\u015bci kompensacji odchyle\u0144 od osi ogranicza ich zastosowanie w bardziej dynamicznych i elastycznych uk\u0142adach.<\/p>\n<p>&nbsp;<\/p>","protected":false},"excerpt":{"rendered":"<p>Specifications of Rigid Couplings Rigid Couplings Features Lightweight, ultra-low inertia, and high sensitivity Maintenance-free, super oil and corrosion resistance Aluminum alloy and stainless steel materials Provide fastening bolt type, clip type and separation type Models with different hole sizes at both ends are also available in stock Advantages and Disadvantages of Rigid Couplings Advantages of [&hellip;]<\/p>","protected":false},"featured_media":6410,"comment_status":"open","ping_status":"closed","template":"","meta":{"_et_pb_use_builder":"","_et_pb_old_content":"","_et_gb_content_width":""},"product_brand":[],"product_cat":[101],"product_tag":[],"class_list":{"0":"post-6409","1":"product","2":"type-product","3":"status-publish","4":"has-post-thumbnail","6":"product_cat-coupling","8":"first","9":"instock","10":"shipping-taxable","11":"product-type-simple"},"_links":{"self":[{"href":"https:\/\/fmp-components.com\/pl\/wp-json\/wp\/v2\/product\/6409","targetHints":{"allow":["GET"]}}],"collection":[{"href":"https:\/\/fmp-components.com\/pl\/wp-json\/wp\/v2\/product"}],"about":[{"href":"https:\/\/fmp-components.com\/pl\/wp-json\/wp\/v2\/types\/product"}],"replies":[{"embeddable":true,"href":"https:\/\/fmp-components.com\/pl\/wp-json\/wp\/v2\/comments?post=6409"}],"wp:featuredmedia":[{"embeddable":true,"href":"https:\/\/fmp-components.com\/pl\/wp-json\/wp\/v2\/media\/6410"}],"wp:attachment":[{"href":"https:\/\/fmp-components.com\/pl\/wp-json\/wp\/v2\/media?parent=6409"}],"wp:term":[{"taxonomy":"product_brand","embeddable":true,"href":"https:\/\/fmp-components.com\/pl\/wp-json\/wp\/v2\/product_brand?post=6409"},{"taxonomy":"product_cat","embeddable":true,"href":"https:\/\/fmp-components.com\/pl\/wp-json\/wp\/v2\/product_cat?post=6409"},{"taxonomy":"product_tag","embeddable":true,"href":"https:\/\/fmp-components.com\/pl\/wp-json\/wp\/v2\/product_tag?post=6409"}],"curies":[{"name":"wp","href":"https:\/\/api.w.org\/{rel}","templated":true}]}}