{"id":6408,"date":"2025-03-10T05:49:58","date_gmt":"2025-03-10T05:49:58","guid":{"rendered":"https:\/\/fmp-components.com\/?post_type=product&#038;p=6408"},"modified":"2025-03-10T05:49:59","modified_gmt":"2025-03-10T05:49:59","slug":"flexible-couplings","status":"publish","type":"product","link":"https:\/\/fmp-components.com\/pl\/product\/flexible-couplings\/","title":{"rendered":"Elastyczne sprz\u0119g\u0142a"},"content":{"rendered":"<p>Sprz\u0119g\u0142o elastyczne to urz\u0105dzenie mechaniczne przeznaczone do \u0142\u0105czenia dw\u00f3ch obracaj\u0105cych si\u0119 wa\u0142\u00f3w, kompensuj\u0105c jednocze\u015bnie niewsp\u00f3\u0142osiowo\u015b\u0107, amortyzuj\u0105c wstrz\u0105sy\/wibracje i przenosz\u0105c moment obrotowy mi\u0119dzy nimi. Jest szeroko stosowane w maszynach, w kt\u00f3rych idealne wsp\u00f3\u0142osiowo\u015b\u0107 wa\u0142\u00f3w jest niepraktyczne lub gdzie konieczne jest ograniczenie si\u0142 dynamicznych (np. rozszerzalno\u015bci cieplnej, wibracji). Poni\u017cej znajduje si\u0119 szczeg\u00f3\u0142owe wprowadzenie do sprz\u0119gie\u0142 elastycznych:<\/p>\n<h3>G\u0142\u00f3wne cechy<\/h3>\n<ol start=\"1\">\n<li><strong>Kompensacja odchylenia<\/strong>:\n<ul>\n<li><strong>Niewsp\u00f3\u0142osiowo\u015b\u0107 k\u0105towa, r\u00f3wnoleg\u0142a i osiowa<\/strong>Sprz\u0119g\u0142a elastyczne toleruj\u0105 niewielkie przemieszczenia k\u0105towe, r\u00f3wnoleg\u0142e (przesuni\u0119cie) lub osiowe pomi\u0119dzy wa\u0142ami.<\/li>\n<li><strong>Rodzaje elastyczno\u015bci<\/strong>:Osi\u0105gane za pomoc\u0105 element\u00f3w elastomerowych, metalowych element\u00f3w zginanych (np. mieszk\u00f3w, belek) lub po\u0142\u0105cze\u0144 mechanicznych (np. przegub\u00f3w uniwersalnych).<\/li>\n<\/ul>\n<\/li>\n<li><strong>T\u0142umienie drga\u0144 i wstrz\u0105s\u00f3w<\/strong>:\n<ul>\n<li>Zmniejsza przenoszenie drga\u0144 z silnik\u00f3w, silnik\u00f3w spalinowych lub nier\u00f3wnomiernych obci\u0105\u017ce\u0144 na pod\u0142\u0105czony sprz\u0119t.<\/li>\n<li>Sprz\u0119g\u0142a elastomerowe (gumowe\/poliuretanowe) doskonale t\u0142umi\u0105 drgania o wysokiej cz\u0119stotliwo\u015bci.<\/li>\n<\/ul>\n<\/li>\n<li><strong>Przeniesienie momentu obrotowego<\/strong>:\n<ul>\n<li>Skutecznie przenosi moc obrotow\u0105, chroni\u0105c jednocze\u015bnie maszyny przed przeci\u0105\u017ceniami (niekt\u00f3re konstrukcje zawieraj\u0105 funkcje ograniczaj\u0105ce moment obrotowy).<\/li>\n<\/ul>\n<\/li>\n<li><strong>Izolacja elektryczna<\/strong>:\n<ul>\n<li>Niekt\u00f3re z\u0142\u0105cza (np. elastomerowe niemetalowe) zapobiegaj\u0105 korozji galwanicznej poprzez izolacj\u0119 elektryczn\u0105 r\u00f3\u017cnych metali.<\/li>\n<\/ul>\n<\/li>\n<li><strong>Bezobs\u0142ugowe lub wymagaj\u0105ce niewielkiej konserwacji<\/strong>:\n<ul>\n<li>Wiele nowoczesnych sprz\u0119gie\u0142 elastycznych nie wymaga smarowania i charakteryzuje si\u0119 d\u0142ug\u0105 \u017cywotno\u015bci\u0105.<\/li>\n<\/ul>\n<\/li>\n<\/ol>\n<p><img loading=\"lazy\" decoding=\"async\" class=\"alignnone size-full wp-image-6398\" src=\"https:\/\/fmp-components.com\/wp-content\/uploads\/2025\/03\/flexible-coupling-1.webp\" alt=\"Elastyczne sprz\u0119g\u0142o\" width=\"911\" height=\"349\" title=\"\" srcset=\"https:\/\/fmp-components.com\/wp-content\/uploads\/2025\/03\/flexible-coupling-1.webp 911w, https:\/\/fmp-components.com\/wp-content\/uploads\/2025\/03\/flexible-coupling-1-480x184.webp 480w\" sizes=\"(min-width: 0px) and (max-width: 480px) 480px, (min-width: 481px) 911px, 100vw\" \/><\/p>\n<p><img loading=\"lazy\" decoding=\"async\" class=\"wp-image-6399 aligncenter\" src=\"https:\/\/fmp-components.com\/wp-content\/uploads\/2025\/03\/flexible-coupling-2.webp\" alt=\"sprz\u0119g\u0142o elastyczne\" width=\"872\" height=\"938\" title=\"\" srcset=\"https:\/\/fmp-components.com\/wp-content\/uploads\/2025\/03\/flexible-coupling-2.webp 872w, https:\/\/fmp-components.com\/wp-content\/uploads\/2025\/03\/flexible-coupling-2-480x516.webp 480w\" sizes=\"(min-width: 0px) and (max-width: 480px) 480px, (min-width: 481px) 872px, 100vw\" \/><\/p>","protected":false},"excerpt":{"rendered":"<p>A\u00a0flexible coupling\u00a0is a mechanical device designed to connect two rotating shafts while accommodating misalignment, absorbing shocks\/vibrations, and transmitting torque between them. It is widely used in machinery where perfect shaft alignment is impractical or where dynamic forces (e.g., thermal expansion, vibration) must be mitigated. Below is a detailed introduction to flexible couplings: Key Features Misalignment [&hellip;]<\/p>","protected":false},"featured_media":6400,"comment_status":"open","ping_status":"closed","template":"","meta":{"_et_pb_use_builder":"","_et_pb_old_content":"","_et_gb_content_width":""},"product_brand":[],"product_cat":[101],"product_tag":[],"class_list":{"0":"post-6408","1":"product","2":"type-product","3":"status-publish","4":"has-post-thumbnail","6":"product_cat-coupling","8":"first","9":"instock","10":"shipping-taxable","11":"product-type-simple"},"_links":{"self":[{"href":"https:\/\/fmp-components.com\/pl\/wp-json\/wp\/v2\/product\/6408","targetHints":{"allow":["GET"]}}],"collection":[{"href":"https:\/\/fmp-components.com\/pl\/wp-json\/wp\/v2\/product"}],"about":[{"href":"https:\/\/fmp-components.com\/pl\/wp-json\/wp\/v2\/types\/product"}],"replies":[{"embeddable":true,"href":"https:\/\/fmp-components.com\/pl\/wp-json\/wp\/v2\/comments?post=6408"}],"wp:featuredmedia":[{"embeddable":true,"href":"https:\/\/fmp-components.com\/pl\/wp-json\/wp\/v2\/media\/6400"}],"wp:attachment":[{"href":"https:\/\/fmp-components.com\/pl\/wp-json\/wp\/v2\/media?parent=6408"}],"wp:term":[{"taxonomy":"product_brand","embeddable":true,"href":"https:\/\/fmp-components.com\/pl\/wp-json\/wp\/v2\/product_brand?post=6408"},{"taxonomy":"product_cat","embeddable":true,"href":"https:\/\/fmp-components.com\/pl\/wp-json\/wp\/v2\/product_cat?post=6408"},{"taxonomy":"product_tag","embeddable":true,"href":"https:\/\/fmp-components.com\/pl\/wp-json\/wp\/v2\/product_tag?post=6408"}],"curies":[{"name":"wp","href":"https:\/\/api.w.org\/{rel}","templated":true}]}}