{"id":6402,"date":"2025-03-10T05:41:33","date_gmt":"2025-03-10T05:41:33","guid":{"rendered":"https:\/\/fmp-components.com\/?post_type=product&#038;p=6402"},"modified":"2025-03-10T05:41:33","modified_gmt":"2025-03-10T05:41:33","slug":"mh-couplings","status":"publish","type":"product","link":"https:\/\/fmp-components.com\/pl\/product\/mh-couplings\/","title":{"rendered":"Sprz\u0119g\u0142a MH"},"content":{"rendered":"<p>Seria MH to elastyczne sprz\u0119g\u0142o wykonane z gumy syntetycznej z dwoma podobnymi korpusami \u017celiwnymi. Wysokiej jako\u015bci \u017celiwne ko\u0142nierze s\u0142u\u017c\u0105 g\u0142\u00f3wnie do przenoszenia mocy i chroni\u0105 elastyczn\u0105 gum\u0119. Elastyczna guma zapewnia doskona\u0142\u0105 trwa\u0142o\u015b\u0107 i wysok\u0105 jako\u015b\u0107 po\u0142\u0105czenia. Sprz\u0119g\u0142o MH sk\u0142ada si\u0119 z dw\u00f3ch ko\u0142nierzy i elastycznych pier\u015bcieni, kt\u00f3re kompensuj\u0105 r\u00f3\u017cnego rodzaju odchylenia wa\u0142\u00f3w. Elastyczny pier\u015bcie\u0144 wykonany jest z gumy syntetycznej i wzmocniony jest stalowym rdzeniem, co zwi\u0119ksza niezawodno\u015b\u0107 sprz\u0119g\u0142a i maksymaln\u0105 pr\u0119dko\u015b\u0107 robocz\u0105. T\u0142umi\u0105ce w\u0142a\u015bciwo\u015bci gumy poch\u0142aniaj\u0105 i t\u0142umi\u0105 drgania skr\u0119tne i dzia\u0142aj\u0105 skutecznie w zakresie temperatur od -40 do +100\u00b0C. Ponadto guma jest odporna na oleje, zanieczyszczenia, smary, wilgo\u0107, ozon i wiele rozpuszczalnik\u00f3w chemicznych.<\/p>\n<h2>Budowa sprz\u0119gie\u0142 MH<\/h2>\n<p><img loading=\"lazy\" decoding=\"async\" class=\"size-full wp-image-6405 aligncenter\" src=\"https:\/\/fmp-components.com\/wp-content\/uploads\/2025\/03\/mh-couplings-1.webp\" alt=\"Sprz\u0119g\u0142o MH\" width=\"600\" height=\"400\" title=\"\" srcset=\"https:\/\/fmp-components.com\/wp-content\/uploads\/2025\/03\/mh-couplings-1.webp 600w, https:\/\/fmp-components.com\/wp-content\/uploads\/2025\/03\/mh-couplings-1-480x320.webp 480w\" sizes=\"(min-width: 0px) and (max-width: 480px) 480px, (min-width: 481px) 600px, 100vw\" \/> \u00a0<img loading=\"lazy\" decoding=\"async\" class=\"size-full wp-image-6407 aligncenter\" src=\"https:\/\/fmp-components.com\/wp-content\/uploads\/2025\/03\/k3gaks3a-mh-coupling-2.webp\" alt=\"Sprz\u0119g\u0142o MH\" width=\"686\" height=\"429\" title=\"\" srcset=\"https:\/\/fmp-components.com\/wp-content\/uploads\/2025\/03\/k3gaks3a-mh-coupling-2.webp 686w, https:\/\/fmp-components.com\/wp-content\/uploads\/2025\/03\/k3gaks3a-mh-coupling-2-480x300.webp 480w\" sizes=\"(min-width: 0px) and (max-width: 480px) 480px, (min-width: 481px) 686px, 100vw\" \/><\/p>\n<h2>Specyfikacje sprz\u0119gie\u0142 MH<\/h2>\n<p><img loading=\"lazy\" decoding=\"async\" class=\"alignnone size-full wp-image-6395\" src=\"https:\/\/fmp-components.com\/wp-content\/uploads\/2025\/03\/mh-coupling-1.webp\" alt=\"Sprz\u0119g\u0142o MH\" width=\"867\" height=\"567\" title=\"\" srcset=\"https:\/\/fmp-components.com\/wp-content\/uploads\/2025\/03\/mh-coupling-1.webp 867w, https:\/\/fmp-components.com\/wp-content\/uploads\/2025\/03\/mh-coupling-1-480x314.webp 480w\" sizes=\"(min-width: 0px) and (max-width: 480px) 480px, (min-width: 481px) 867px, 100vw\" \/><\/p>\n<h3>Zastosowania sprz\u0119gie\u0142 MH<\/h3>\n<p>Sprz\u0119g\u0142a MH, w zale\u017cno\u015bci od ich specyficznej konstrukcji i kontekstu bran\u017cowego, mog\u0105 odnosi\u0107 si\u0119 do r\u00f3\u017cnych typ\u00f3w sprz\u0119gie\u0142, z kt\u00f3rych ka\u017cde ma inne zastosowanie. Poni\u017cej znajduje si\u0119 ustrukturyzowany przegl\u0105d potencjalnych zastosowa\u0144 oparty na powszechnych interpretacjach:<\/p>\n<h4>Maszyny przemys\u0142owe og\u00f3lne<\/h4>\n<ul>\n<li>Pompy i spr\u0119\u017carki: \u0142\u0105cz\u0105 silniki z wa\u0142ami, co pozwala na kompensacj\u0119 odchyle\u0144 i redukcj\u0119 przenoszenia drga\u0144.<\/li>\n<li>Systemy przeno\u015bnik\u00f3w: \u0142\u0105cz\u0105 silniki nap\u0119dowe z przeno\u015bnikami, umo\u017cliwiaj\u0105c zmiany ustawienia spowodowane zu\u017cyciem eksploatacyjnym.<\/li>\n<li>Wentylatory i dmuchawy: t\u0142umi\u0105 drgania i ograniczaj\u0105 rozszerzalno\u015b\u0107 ciepln\u0105 w systemach HVAC.<\/li>\n<\/ul>\n<h4>Precyzyjna kontrola ruchu<\/h4>\n<ul>\n<li>Robotyka: Wysokoprecyzyjne miechy lub sprz\u0119g\u0142a \u015brubowe (np. seria R+W MH) zapewniaj\u0105 zerowy luz w po\u0142\u0105czeniach nap\u0119dzanych serwomechanizmem.<\/li>\n<li>Maszyny CNC: przekazuj\u0105 precyzyjny ruch z silnik\u00f3w do wrzecion lub \u015brub poci\u0105gowych.<\/li>\n<li>Produkcja p\u00f3\u0142przewodnik\u00f3w: Stosowane w urz\u0105dzeniach do pomieszcze\u0144 czystych w celu dok\u0142adnego pozycjonowania.<\/li>\n<\/ul>\n<h4>Systemy hydrauliczne i p\u0142ynne<\/h4>\n<ul>\n<li>Szybkoz\u0142\u0105cza: umo\u017cliwiaj\u0105 szybkie i szczelne po\u0142\u0105czenia w maszynach hydraulicznych (budownictwo, rolnictwo).<\/li>\n<li>Zak\u0142ady chemiczne: Z\u0142\u0105cza w\u0119\u017cy metalowych s\u0142u\u017c\u0105 do odprowadzania cieczy \u017cr\u0105cych i wysokich temperatur.<\/li>\n<\/ul>\n<h4>\u015arodowiska o wysokiej temperaturze\/korozyjne<\/h4>\n<ul>\n<li>Uk\u0142ady wydechowe: Zastosowania motoryzacyjne\/morskie wykorzystuj\u0105ce odporne na ciep\u0142o metalowe z\u0142\u0105czki do przewod\u00f3w.<\/li>\n<li>Ropa naftowa i gaz: Elastyczne z\u0142\u0105cza w ruroci\u0105gach s\u0142u\u017c\u0105ce do kompensacji rozszerzalno\u015bci cieplnej i wibracji.<\/li>\n<\/ul>\n<h4>Morskie i offshore<\/h4>\n<ul>\n<li>Uk\u0142ady nap\u0119dowe: kompensuj\u0105 odchylenie wa\u0142\u00f3w spowodowane uginaniem si\u0119 kad\u0142uba.<\/li>\n<li>Maszyny pok\u0142adowe: pod\u0142\u0105czanie nap\u0119d\u00f3w wci\u0105garek\/d\u017awig\u00f3w nara\u017conych na obci\u0105\u017cenia dynamiczne.<\/li>\n<\/ul>\n<h4>Energia odnawialna<\/h4>\n<ul>\n<li><strong>Turbiny wiatrowe<\/strong>:Sprz\u0119g\u0142a mi\u0119dzy przek\u0142adniami i generatorami, przenosz\u0105ce zmienne obci\u0105\u017cenia i niewsp\u00f3\u0142osiowo\u015b\u0107.<\/li>\n<\/ul>\n<p><img loading=\"lazy\" decoding=\"async\" class=\"wp-image-6406 aligncenter\" src=\"https:\/\/fmp-components.com\/wp-content\/uploads\/2025\/03\/mh-couplings-2.webp\" alt=\"Sprz\u0119g\u0142o MH\" width=\"652\" height=\"652\" title=\"\" srcset=\"https:\/\/fmp-components.com\/wp-content\/uploads\/2025\/03\/mh-couplings-2.webp 652w, https:\/\/fmp-components.com\/wp-content\/uploads\/2025\/03\/mh-couplings-2-480x480.webp 480w\" sizes=\"(min-width: 0px) and (max-width: 480px) 480px, (min-width: 481px) 652px, 100vw\" \/><\/p>","protected":false},"excerpt":{"rendered":"<p>The MH series is a flexible coupling device constructed of synthetic rubber with two similar cast iron bodies. The high-quality cast iron flanges are mainly used for power transmission and protect the flexible rubber. Its elastic rubber provides excellent durability and quality coupling performance. The MH coupling consists of two flanges and elastic rings, which [&hellip;]<\/p>","protected":false},"featured_media":6404,"comment_status":"open","ping_status":"closed","template":"","meta":{"_et_pb_use_builder":"","_et_pb_old_content":"","_et_gb_content_width":""},"product_brand":[],"product_cat":[101],"product_tag":[],"class_list":{"0":"post-6402","1":"product","2":"type-product","3":"status-publish","4":"has-post-thumbnail","6":"product_cat-coupling","8":"first","9":"instock","10":"shipping-taxable","11":"product-type-simple"},"_links":{"self":[{"href":"https:\/\/fmp-components.com\/pl\/wp-json\/wp\/v2\/product\/6402","targetHints":{"allow":["GET"]}}],"collection":[{"href":"https:\/\/fmp-components.com\/pl\/wp-json\/wp\/v2\/product"}],"about":[{"href":"https:\/\/fmp-components.com\/pl\/wp-json\/wp\/v2\/types\/product"}],"replies":[{"embeddable":true,"href":"https:\/\/fmp-components.com\/pl\/wp-json\/wp\/v2\/comments?post=6402"}],"wp:featuredmedia":[{"embeddable":true,"href":"https:\/\/fmp-components.com\/pl\/wp-json\/wp\/v2\/media\/6404"}],"wp:attachment":[{"href":"https:\/\/fmp-components.com\/pl\/wp-json\/wp\/v2\/media?parent=6402"}],"wp:term":[{"taxonomy":"product_brand","embeddable":true,"href":"https:\/\/fmp-components.com\/pl\/wp-json\/wp\/v2\/product_brand?post=6402"},{"taxonomy":"product_cat","embeddable":true,"href":"https:\/\/fmp-components.com\/pl\/wp-json\/wp\/v2\/product_cat?post=6402"},{"taxonomy":"product_tag","embeddable":true,"href":"https:\/\/fmp-components.com\/pl\/wp-json\/wp\/v2\/product_tag?post=6402"}],"curies":[{"name":"wp","href":"https:\/\/api.w.org\/{rel}","templated":true}]}}