{"id":6394,"date":"2025-03-10T05:33:12","date_gmt":"2025-03-10T05:33:12","guid":{"rendered":"https:\/\/fmp-components.com\/?post_type=product&#038;p=6394"},"modified":"2025-03-10T05:57:43","modified_gmt":"2025-03-10T05:57:43","slug":"pin-couplings","status":"publish","type":"product","link":"https:\/\/fmp-components.com\/pl\/product\/pin-couplings\/","title":{"rendered":"Sprz\u0119g\u0142a PIN"},"content":{"rendered":"<p>W sprz\u0119gu sworzniowym tulejowym pomi\u0119dzy elementami spr\u0119\u017cystymi znajduje si\u0119 pier\u015bcie\u0144 po\u015bredni. Pier\u015bcie\u0144 ten jest ruchomy i po\u0142\u0105czony z tarcz\u0105 ko\u0144cow\u0105 za pomoc\u0105 sworznia. Sprz\u0119g\u0142o jest przenoszone na drug\u0105 po\u0142ow\u0119 sprz\u0119g\u0142a za po\u015brednictwem elementu spr\u0119\u017cystego zamontowanego na sworzniu, podczas gdy sworze\u0144 i druga po\u0142owa sprz\u0119g\u0142a s\u0105 po\u0142\u0105czone niesztywno, co pozwala na p\u0142ynne obci\u0105\u017cenie i znaczn\u0105 redukcj\u0119 si\u0142 bocznych.<\/p>\n<p>Zalet\u0105 tego sprz\u0119g\u0142a jest to, \u017ce mo\u017ce ono z \u0142atwo\u015bci\u0105 wsp\u00f3\u0142pracowa\u0107 z wa\u0142ami o niewielkim rozbie\u017cno\u015bci i zapewnia pewn\u0105 elastyczno\u015b\u0107, kt\u00f3ra pomaga absorbowa\u0107 drgania i wstrz\u0105sy. Sprz\u0119g\u0142o to jest szczeg\u00f3lnie przydatne w sytuacjach, w kt\u00f3rych wyst\u0119puje rozbie\u017cno\u015b\u0107 osiowa, promieniowa lub k\u0105towa i jest elastycznym elementem sprz\u0119gaj\u0105cym.<\/p>\n<h2>Wymiary sprz\u0119gie\u0142 sworzniowych<\/h2>\n<p><img loading=\"lazy\" decoding=\"async\" class=\"alignnone size-full wp-image-6401\" src=\"https:\/\/fmp-components.com\/wp-content\/uploads\/2025\/03\/pin-coupling-specification.webp\" alt=\"specyfikacja sprz\u0119gania pin\u00f3w\" width=\"873\" height=\"687\" title=\"\" srcset=\"https:\/\/fmp-components.com\/wp-content\/uploads\/2025\/03\/pin-coupling-specification.webp 873w, https:\/\/fmp-components.com\/wp-content\/uploads\/2025\/03\/pin-coupling-specification-480x378.webp 480w\" sizes=\"(min-width: 0px) and (max-width: 480px) 480px, (min-width: 481px) 873px, 100vw\" \/><\/p>\n<h3>Cechy sprz\u0119gie\u0142 sworzniowych<\/h3>\n<p>1. Ekonomiczna i przyjazna dla u\u017cytkownika konstrukcja<\/p>\n<ul>\n<li>Niski koszt: Ekonomiczne rozwi\u0105zanie przenoszenia momentu obrotowego pomi\u0119dzy wa\u0142ami.<\/li>\n<li>Prosty monta\u017c: Usprawniony proces instalacji minimalizuje przestoje.<\/li>\n<li>Wszechstronno\u015b\u0107 materia\u0142\u00f3w: Zazwyczaj wykonane z metalu lub gumy, ale dost\u0119pne s\u0105 tak\u017ce specjalistyczne warianty zapewniaj\u0105ce wi\u0119ksz\u0105 wytrzyma\u0142o\u015b\u0107 po\u0142\u0105cze\u0144.<\/li>\n<\/ul>\n<p>2. Zalety mechaniczne<\/p>\n<ul>\n<li>Tolerancja odchylenia: Mo\u017cliwo\u015b\u0107 kompensacji k\u0105towych, r\u00f3wnoleg\u0142ych i osiowych odchyle\u0144 wa\u0142\u00f3w, redukuj\u0105c napr\u0119\u017cenia w pod\u0142\u0105czonym sprz\u0119cie.<\/li>\n<li>Odporno\u015b\u0107 na si\u0142\u0119: wykorzystuje tarcie na powierzchniach styku, aby wytrzyma\u0107 du\u017ce si\u0142y, skutecznie t\u0142umi\u0105c drgania i wyd\u0142u\u017caj\u0105c \u017cywotno\u015b\u0107 maszyn.<\/li>\n<\/ul>\n<p>3. Zagadnienia techniczne dotycz\u0105ce projektu<\/p>\n<ul>\n<li>Optymalizacja sprz\u0119g\u0142a tr\u00f3jstykowego:\n<ul>\n<li>Zarz\u0105dzanie tarciem: P\u0142aszczyzn\u0119 interfejsu zaprojektowano tak, aby zapewnia\u0142a wi\u0119ksze tarcie, podczas gdy kraw\u0119dzie sworzni zapewniaj\u0105 niskie tarcie, aby zapobiec asymetrycznemu zginaniu.<\/li>\n<li>P\u0142yty cierne z wg\u0142\u0119bieniami: Opcjonalne rozwi\u0105zanie maj\u0105ce na celu popraw\u0119 w\u0142a\u015bciwo\u015bci ciernych i efektywno\u015bci przenoszenia momentu obrotowego.<\/li>\n<\/ul>\n<\/li>\n<li>Dok\u0142adno\u015b\u0107 obci\u0105\u017cenia wst\u0119pnego: \u015bruby musz\u0105 by\u0107 dokr\u0119cone momentem co najmniej 10% obci\u0105\u017cenia ko\u0144cowego, aby zapewni\u0107 bezpieczne po\u0142\u0105czenie sworznia z interfejsem i optymaln\u0105 wydajno\u015b\u0107.<\/li>\n<\/ul>\n<p>4. Rola zabezpieczaj\u0105ca i ochronna<\/p>\n<ul>\n<li>Dzia\u0142a jako zabezpieczenie mechaniczne, poch\u0142aniaj\u0105c obci\u0105\u017cenia udarowe i zapobiegaj\u0105c uszkodzeniom wa\u017cnych podzespo\u0142\u00f3w w warunkach przeci\u0105\u017cenia.<\/li>\n<\/ul>\n<p>5. Personalizacja i adaptacja<\/p>\n<ul>\n<li>Konfiguracje specjalistyczne: Dost\u0119pne w dostosowanych projektach, spe\u0142niaj\u0105cych okre\u015blone wymagania operacyjne, np. w \u015brodowiskach o wysokim momencie obrotowym lub nara\u017conych na korozj\u0119.<\/li>\n<\/ul>\n<p>Sprz\u0119g\u0142a sworzniowe oferuj\u0105 praktyczne po\u0142\u0105czenie prostoty, wytrzyma\u0142o\u015bci i wszechstronno\u015bci, dzi\u0119ki czemu idealnie nadaj\u0105 si\u0119 do system\u00f3w wymagaj\u0105cych ekonomicznego przenoszenia momentu obrotowego z wbudowan\u0105 funkcj\u0105 t\u0142umienia odchylenia i zarz\u0105dzania drganiami.<\/p>","protected":false},"excerpt":{"rendered":"<p>W sprz\u0119gu sworzniowym tulei pomi\u0119dzy elementami spr\u0119\u017cystymi znajduje si\u0119 pier\u015bcie\u0144 po\u015bredni. Pier\u015bcie\u0144 ten jest ruchomy i po\u0142\u0105czony z tarcz\u0105 ko\u0144cow\u0105 za pomoc\u0105 sworznia. Sprz\u0119g\u0142o jest przenoszone na drug\u0105 po\u0142ow\u0119 sprz\u0119g\u0142a poprzez element spr\u0119\u017cysty zamontowany na sworzniu, podczas gdy sworze\u0144 i po\u0142owa [\u2026]<\/p>","protected":false},"featured_media":6396,"comment_status":"open","ping_status":"closed","template":"","meta":{"_et_pb_use_builder":"","_et_pb_old_content":"","_et_gb_content_width":""},"product_brand":[],"product_cat":[101],"product_tag":[],"class_list":{"0":"post-6394","1":"product","2":"type-product","3":"status-publish","4":"has-post-thumbnail","6":"product_cat-coupling","8":"first","9":"instock","10":"shipping-taxable","11":"product-type-simple"},"_links":{"self":[{"href":"https:\/\/fmp-components.com\/pl\/wp-json\/wp\/v2\/product\/6394","targetHints":{"allow":["GET"]}}],"collection":[{"href":"https:\/\/fmp-components.com\/pl\/wp-json\/wp\/v2\/product"}],"about":[{"href":"https:\/\/fmp-components.com\/pl\/wp-json\/wp\/v2\/types\/product"}],"replies":[{"embeddable":true,"href":"https:\/\/fmp-components.com\/pl\/wp-json\/wp\/v2\/comments?post=6394"}],"wp:featuredmedia":[{"embeddable":true,"href":"https:\/\/fmp-components.com\/pl\/wp-json\/wp\/v2\/media\/6396"}],"wp:attachment":[{"href":"https:\/\/fmp-components.com\/pl\/wp-json\/wp\/v2\/media?parent=6394"}],"wp:term":[{"taxonomy":"product_brand","embeddable":true,"href":"https:\/\/fmp-components.com\/pl\/wp-json\/wp\/v2\/product_brand?post=6394"},{"taxonomy":"product_cat","embeddable":true,"href":"https:\/\/fmp-components.com\/pl\/wp-json\/wp\/v2\/product_cat?post=6394"},{"taxonomy":"product_tag","embeddable":true,"href":"https:\/\/fmp-components.com\/pl\/wp-json\/wp\/v2\/product_tag?post=6394"}],"curies":[{"name":"wp","href":"https:\/\/api.w.org\/{rel}","templated":true}]}}