{"id":6390,"date":"2025-03-10T05:14:19","date_gmt":"2025-03-10T05:14:19","guid":{"rendered":"https:\/\/fmp-components.com\/?post_type=product&#038;p=6390"},"modified":"2025-03-10T05:14:19","modified_gmt":"2025-03-10T05:14:19","slug":"spacer-couplings-replacement-of-fenaflex-spacer-couplings","status":"publish","type":"product","link":"https:\/\/fmp-components.com\/pl\/product\/spacer-couplings-replacement-of-fenaflex-spacer-couplings\/","title":{"rendered":"Z\u0142\u0105cza dystansowe \u2013 wymiana z\u0142\u0105czy dystansowych Fenaflex"},"content":{"rendered":"<p>Sprz\u0119g\u0142a dystansowe Fenaflex sk\u0142adaj\u0105 si\u0119 ze sprz\u0119gie\u0142 oponowych Fenaflex (rozmiary F40-F140) oraz zespo\u0142\u00f3w ko\u0142nierzy dystansowych. Sprz\u0119g\u0142a te zosta\u0142y zaprojektowane tak, aby u\u0142atwi\u0107 przesuwanie jednego z wa\u0142\u00f3w tam i z powrotem bez zak\u0142\u00f3cania pracy maszyny lub nap\u0119du, do kt\u00f3rego jest pod\u0142\u0105czony, jak w przypadku wirnika pompy od\u015brodkowej.<\/p>\n<p>S\u0105 one dostosowane do standardowych odleg\u0142o\u015bci mi\u0119dzy ko\u0144cami wa\u0142\u00f3w wynosz\u0105cych 80, 100, 140 i 180 mm. Sprz\u0119g\u0142a te s\u0105 bardzo elastyczne i trwa\u0142e, daj\u0105c in\u017cynierom i projektantom wiele mo\u017cliwo\u015bci dopasowania do r\u00f3\u017cnorodnych zastosowa\u0144 poprzez dob\u00f3r odpowiednich ko\u0142nierzy sprz\u0119gaj\u0105cych.<\/p>\n<p><img loading=\"lazy\" decoding=\"async\" class=\"alignnone  wp-image-6391\" src=\"https:\/\/fmp-components.com\/wp-content\/uploads\/2025\/03\/fenaflex-spacer-coupling-2.webp\" alt=\"Fenaflex-Spacer-Couplings\" width=\"902\" height=\"666\" title=\"\" srcset=\"https:\/\/fmp-components.com\/wp-content\/uploads\/2025\/03\/fenaflex-spacer-coupling-2.webp 902w, https:\/\/fmp-components.com\/wp-content\/uploads\/2025\/03\/fenaflex-spacer-coupling-2-480x354.webp 480w\" sizes=\"(min-width: 0px) and (max-width: 480px) 480px, (min-width: 481px) 902px, 100vw\" \/> \u00a0<img loading=\"lazy\" decoding=\"async\" class=\"alignnone size-full wp-image-6393\" src=\"https:\/\/fmp-components.com\/wp-content\/uploads\/2025\/03\/Spacer-Couplings-1.webp\" alt=\"Sprz\u0119g\u0142a dystansowe\" width=\"892\" height=\"772\" title=\"\" srcset=\"https:\/\/fmp-components.com\/wp-content\/uploads\/2025\/03\/Spacer-Couplings-1.webp 892w, https:\/\/fmp-components.com\/wp-content\/uploads\/2025\/03\/Spacer-Couplings-1-480x415.webp 480w\" sizes=\"(min-width: 0px) and (max-width: 480px) 480px, (min-width: 481px) 892px, 100vw\" \/><\/p>\n<div class=\"dad65929\">\n<div class=\"f9bf7997 d7dc56a8 c05b5566\">\n<div class=\"ds-markdown ds-markdown--block\">\n<h2>Cechy wymiany sprz\u0119gie\u0142 dystansowych Fenaflex<\/h2>\n<p><strong>1. Uproszczona instalacja i elastyczno\u015b\u0107 wyr\u00f3wnywania<\/strong><\/p>\n<ul>\n<li><strong>\u0141atwa konfiguracja<\/strong>:Zaprojektowano z my\u015bl\u0105 o szybkiej i prostej instalacji, redukuj\u0105cej przestoje.<\/li>\n<li><strong>Wy\u017csza tolerancja odchylenia<\/strong>:Dopasowuje si\u0119 do odchyle\u0144 k\u0105towych do\u00a0<strong>4 stopnie<\/strong>, r\u00f3wnoleg\u0142e przemieszczenie\u00a0<strong>6 mm<\/strong>i przesuni\u0119cie promieniowe\u00a0<strong>8 mm<\/strong>\u00a0na wszystkich p\u0142aszczyznach.<\/li>\n<\/ul>\n<p><strong>2. Solidna konstrukcja i wszechstronny design<\/strong><\/p>\n<ul>\n<li><strong>Dwukierunkowy wewn\u0119trzny przew\u00f3d no\u015bny<\/strong>: Wzmocnione drutem nawini\u0119tym w obu kierunkach, co zapewnia niezawodn\u0105 prac\u0119 w\u00a0<strong>zastosowania nap\u0119du wstecznego<\/strong>.<\/li>\n<li><strong>Opcje materia\u0142owe<\/strong>:Opony s\u0105 dost\u0119pne w\u00a0<strong>standard<\/strong>\u00a0Lub\u00a0<strong>FRAS (ognioodporny i antystatyczny)<\/strong>\u00a0konstrukcja zgodna z\u00a0<strong>Certyfikacja ATEX<\/strong>\u00a0do \u015brodowisk niebezpiecznych.<\/li>\n<li><strong>Mo\u017cliwo\u015b\u0107 adaptacji monta\u017cu<\/strong>:Wspiera\u00a0<strong>dystans pompy<\/strong>\u00a0I\u00a0<strong>konfiguracje ko\u0142a zamachowego<\/strong>, z ko\u0142nierzami wyposa\u017conymi w\u00a0<strong>Tuleje sto\u017ckowe z pier\u015bcieniem blokuj\u0105cym F&amp;H<\/strong>\u00a0Lub\u00a0<strong>Projekty z wierceniami pilota\u017cowymi typu B<\/strong>\u00a0dla zapewnienia uniwersalnej kompatybilno\u015bci.<\/li>\n<\/ul>\n<p><strong>3. Lepsza wydajno\u015b\u0107 w por\u00f3wnaniu z tradycyjnymi sprz\u0119g\u0142ami<\/strong><\/p>\n<ul>\n<li><strong>Wysoka elastyczno\u015b\u0107 i brak smarowania<\/strong>:W przeciwie\u0144stwie do tradycyjnych sprz\u0119gie\u0142 oponowych, wymiana sprz\u0119gie\u0142 Fenaflex eliminuje potrzeb\u0119 smarowania, zapewniaj\u0105c jednocze\u015bnie lepsz\u0105 elastyczno\u015b\u0107 i spr\u0119\u017cysto\u015b\u0107.<\/li>\n<li><strong>T\u0142umienie drga\u0144<\/strong>:Wyj\u0105tkowa absorpcja wstrz\u0105s\u00f3w i drga\u0144 skr\u0119tnych, chroni\u0105ca pod\u0142\u0105czony sprz\u0119t przed napr\u0119\u017ceniami dynamicznymi.<\/li>\n<\/ul>\n<p><strong>4. Zalety konserwacji i serwisu<\/strong><\/p>\n<ul>\n<li><strong>Modu\u0142owa konstrukcja<\/strong>: Jaki\u015b\u00a0<strong>przek\u0142adka po\u015brednia (DBSE)<\/strong>\u00a0umo\u017cliwia konserwacj\u0119 pomp od\u015brodkowych bez konieczno\u015bci przemieszczania silnik\u00f3w lub maszyn podczas wymiany opon.<\/li>\n<li><strong>Przyjazny dla inspekcji<\/strong>:Prosta konstrukcja umo\u017cliwia \u0142atw\u0105 kontrol\u0119 wizualn\u0105 i wymian\u0119 cz\u0119\u015bci bez konieczno\u015bci demonta\u017cu ca\u0142ego uk\u0142adu nap\u0119dowego.<\/li>\n<\/ul>\n<p><strong>5. Rozwi\u0105zania dostosowywane do indywidualnych potrzeb<\/strong><\/p>\n<ul>\n<li><strong>Adaptowalno\u015b\u0107 dystansu<\/strong>:Mo\u017cna zintegrowa\u0107 urz\u0105dzenia po\u015brednie w celu dostosowania odst\u0119pu mi\u0119dzy \u015brednicami wa\u0142\u00f3w, co zapewnia zgodno\u015b\u0107 z r\u00f3\u017cnymi wymaganiami systemowymi.<\/li>\n<\/ul>\n<p><strong>Podsumowanie kluczowych korzy\u015bci<\/strong><\/p>\n<ul>\n<li><strong>Trwa\u0142o\u015b\u0107<\/strong>Zaprojektowane do zastosowa\u0144 wymagaj\u0105cych du\u017cej wytrzyma\u0142o\u015bci, przy minimalnym zu\u017cyciu.<\/li>\n<li><strong>Bezpiecze\u0144stwo<\/strong>:Certyfikaty FRAS i ATEX zapewniaj\u0105 zgodno\u015b\u0107 z przepisami w \u015brodowiskach zagro\u017conych po\u017carem i wybuchem.<\/li>\n<li><strong>Efektywno\u015b\u0107 kosztowa<\/strong>:Zmniejszenie potrzeb konserwacyjnych i d\u0142u\u017csza \u017cywotno\u015b\u0107 obni\u017caj\u0105 koszty operacyjne.<\/li>\n<\/ul>\n<p>Zamienniki sprz\u0119gie\u0142 dystansowych Fenaflex \u0142\u0105cz\u0105 w sobie elastyczno\u015b\u0107, wytrzyma\u0142o\u015b\u0107 i przyjazn\u0105 u\u017cytkownikowi konstrukcj\u0119, dzi\u0119ki czemu idealnie nadaj\u0105 si\u0119 do zastosowa\u0144 w bran\u017cach wymagaj\u0105cych niezawodno\u015bci w warunkach du\u017cych odchyle\u0144 od osi, silnych wibracji lub niebezpiecznych warunk\u00f3w.<\/p>\n<\/div>\n<\/div>\n<\/div>\n<p>&nbsp;<\/p>","protected":false},"excerpt":{"rendered":"<p>Sprz\u0119g\u0142a dystansowe Fenaflex sk\u0142adaj\u0105 si\u0119 ze sprz\u0119gie\u0142 oponowych Fenaflex (rozmiary F40-F140) oraz zespo\u0142\u00f3w ko\u0142nierzy dystansowych. Sprz\u0119g\u0142a te zosta\u0142y zaprojektowane tak, aby u\u0142atwi\u0107 przesuwanie jednego z wa\u0142\u00f3w tam i z powrotem bez naruszania maszyny lub nap\u0119du, do kt\u00f3rego jest pod\u0142\u0105czony, jak w przypadku wirnika pompy od\u015brodkowej. S\u0105 one dostosowane do standardowych odleg\u0142o\u015bci [\u2026]<\/p>","protected":false},"featured_media":6392,"comment_status":"open","ping_status":"closed","template":"","meta":{"_et_pb_use_builder":"","_et_pb_old_content":"","_et_gb_content_width":""},"product_brand":[],"product_cat":[101],"product_tag":[],"class_list":{"0":"post-6390","1":"product","2":"type-product","3":"status-publish","4":"has-post-thumbnail","6":"product_cat-coupling","8":"first","9":"instock","10":"shipping-taxable","11":"product-type-simple"},"_links":{"self":[{"href":"https:\/\/fmp-components.com\/pl\/wp-json\/wp\/v2\/product\/6390","targetHints":{"allow":["GET"]}}],"collection":[{"href":"https:\/\/fmp-components.com\/pl\/wp-json\/wp\/v2\/product"}],"about":[{"href":"https:\/\/fmp-components.com\/pl\/wp-json\/wp\/v2\/types\/product"}],"replies":[{"embeddable":true,"href":"https:\/\/fmp-components.com\/pl\/wp-json\/wp\/v2\/comments?post=6390"}],"wp:featuredmedia":[{"embeddable":true,"href":"https:\/\/fmp-components.com\/pl\/wp-json\/wp\/v2\/media\/6392"}],"wp:attachment":[{"href":"https:\/\/fmp-components.com\/pl\/wp-json\/wp\/v2\/media?parent=6390"}],"wp:term":[{"taxonomy":"product_brand","embeddable":true,"href":"https:\/\/fmp-components.com\/pl\/wp-json\/wp\/v2\/product_brand?post=6390"},{"taxonomy":"product_cat","embeddable":true,"href":"https:\/\/fmp-components.com\/pl\/wp-json\/wp\/v2\/product_cat?post=6390"},{"taxonomy":"product_tag","embeddable":true,"href":"https:\/\/fmp-components.com\/pl\/wp-json\/wp\/v2\/product_tag?post=6390"}],"curies":[{"name":"wp","href":"https:\/\/api.w.org\/{rel}","templated":true}]}}