{"id":6385,"date":"2025-03-10T03:41:49","date_gmt":"2025-03-10T03:41:49","guid":{"rendered":"https:\/\/fmp-components.com\/?post_type=product&#038;p=6385"},"modified":"2025-03-10T03:48:37","modified_gmt":"2025-03-10T03:48:37","slug":"hrc-couplings","status":"publish","type":"product","link":"https:\/\/fmp-components.com\/pl\/product\/hrc-couplings\/","title":{"rendered":"Sprz\u0119g\u0142a HRC"},"content":{"rendered":"<h2>Specyfikacje sprz\u0119gie\u0142 HRC<\/h2>\n<p><img loading=\"lazy\" decoding=\"async\" class=\"alignnone size-full wp-image-6387\" src=\"https:\/\/fmp-components.com\/wp-content\/uploads\/2025\/03\/hrc-coupling-1.webp\" alt=\"Sprz\u0119g\u0142o HRC\" width=\"897\" height=\"502\" title=\"\" srcset=\"https:\/\/fmp-components.com\/wp-content\/uploads\/2025\/03\/hrc-coupling-1.webp 897w, https:\/\/fmp-components.com\/wp-content\/uploads\/2025\/03\/hrc-coupling-1-480x269.webp 480w\" sizes=\"(min-width: 0px) and (max-width: 480px) 480px, (min-width: 481px) 897px, 100vw\" \/><\/p>\n<h2>Cechy sprz\u0119gie\u0142 HRC<\/h2>\n<ul>\n<li><strong>Przyst\u0119pny projekt<\/strong>Sprz\u0119g\u0142a HRC s\u0105 zaprojektowane tak, aby r\u00f3wnowa\u017cy\u0107 moc i rozmiar wa\u0142u, przy u\u017cyciu systemu tulei Taper-Lock Bush, co sprawia, \u017ce \u200b\u200bs\u0105 zar\u00f3wno skuteczne, jak i niedrogie.<\/li>\n<li><strong>Silny i elastyczny<\/strong>Elastyczne cz\u0119\u015bci sprz\u0119g\u0142a pomagaj\u0105 poch\u0142ania\u0107 nag\u0142e, du\u017ce obci\u0105\u017cenia, dzi\u0119ki czemu konstrukcja jest wytrzyma\u0142a i niezawodna.<\/li>\n<li><strong>Dostosowuje si\u0119 do odchylenia<\/strong>Sprz\u0119g\u0142a HRC radz\u0105 sobie z niewielkimi odchyleniami, np. nieznacznym odchyleniem k\u0105ta, po\u0142o\u017cenia lub wsp\u00f3\u0142osiowo\u015bci wa\u0142\u00f3w, zapewniaj\u0105c p\u0142ynn\u0105 prac\u0119.<\/li>\n<li><strong>\u0141atwy w instalacji<\/strong>Monta\u017c sprz\u0119g\u0142a HRC jest szybki i prosty. Wystarczy klucz imbusowy \u2013 nie s\u0105 wymagane \u017cadne narz\u0119dzia specjalne.<\/li>\n<li><strong>Prawie bezobs\u0142ugowa<\/strong>Sprz\u0119g\u0142a HRC nie wymagaj\u0105 smarowania, co oznacza mniej czynno\u015bci konserwacyjnych i mniej napraw w d\u0142u\u017cszej perspektywie.<\/li>\n<li><strong>Pracuje w trudnych warunkach<\/strong>:Elastyczny materia\u0142, z kt\u00f3rego wykonano z\u0142\u0105cze, dobrze sprawdza si\u0119 w szerokim zakresie warunk\u00f3w: od bardzo niskich temperatur (-40\u00b0C) do bardzo wysokich temperatur (+100\u00b0C).<\/li>\n<li><strong>Bezpieczny i niezawodny<\/strong>:Je\u015bli elastyczna cz\u0119\u015b\u0107 kiedykolwiek p\u0119knie (co zdarza si\u0119 bardzo rzadko), sprz\u0119g\u0142o nadal b\u0119dzie nap\u0119dza\u0107 system, korzystaj\u0105c z wbudowanych ko\u0142nierzy, wi\u0119c praca nie zostanie przerwana.<\/li>\n<\/ul>\n<p><img loading=\"lazy\" decoding=\"async\" class=\"wp-image-6386 aligncenter\" src=\"https:\/\/fmp-components.com\/wp-content\/uploads\/2025\/03\/HRC-Coupling.webp\" alt=\"Sprz\u0119g\u0142o HRC\" width=\"660\" height=\"660\" title=\"\" srcset=\"https:\/\/fmp-components.com\/wp-content\/uploads\/2025\/03\/HRC-Coupling.webp 660w, https:\/\/fmp-components.com\/wp-content\/uploads\/2025\/03\/HRC-Coupling-480x480.webp 480w\" sizes=\"(min-width: 0px) and (max-width: 480px) 480px, (min-width: 481px) 660px, 100vw\" \/><\/p>","protected":false},"excerpt":{"rendered":"<p>HRC Coupling Specifications Features of HRC Couplings Affordable Design: HRC couplings are made to balance power and shaft size, using a Taper-Lock Bush system to keep them both effective and affordable. Strong and Flexible: The flexible parts of the coupling help absorb sudden heavy loads, making the design strong and reliable. Adjusts to Misalignment: HRC [&hellip;]<\/p>","protected":false},"featured_media":6386,"comment_status":"open","ping_status":"closed","template":"","meta":{"_et_pb_use_builder":"","_et_pb_old_content":"","_et_gb_content_width":""},"product_brand":[],"product_cat":[101],"product_tag":[],"class_list":{"0":"post-6385","1":"product","2":"type-product","3":"status-publish","4":"has-post-thumbnail","6":"product_cat-coupling","8":"first","9":"instock","10":"shipping-taxable","11":"product-type-simple"},"_links":{"self":[{"href":"https:\/\/fmp-components.com\/pl\/wp-json\/wp\/v2\/product\/6385","targetHints":{"allow":["GET"]}}],"collection":[{"href":"https:\/\/fmp-components.com\/pl\/wp-json\/wp\/v2\/product"}],"about":[{"href":"https:\/\/fmp-components.com\/pl\/wp-json\/wp\/v2\/types\/product"}],"replies":[{"embeddable":true,"href":"https:\/\/fmp-components.com\/pl\/wp-json\/wp\/v2\/comments?post=6385"}],"wp:featuredmedia":[{"embeddable":true,"href":"https:\/\/fmp-components.com\/pl\/wp-json\/wp\/v2\/media\/6386"}],"wp:attachment":[{"href":"https:\/\/fmp-components.com\/pl\/wp-json\/wp\/v2\/media?parent=6385"}],"wp:term":[{"taxonomy":"product_brand","embeddable":true,"href":"https:\/\/fmp-components.com\/pl\/wp-json\/wp\/v2\/product_brand?post=6385"},{"taxonomy":"product_cat","embeddable":true,"href":"https:\/\/fmp-components.com\/pl\/wp-json\/wp\/v2\/product_cat?post=6385"},{"taxonomy":"product_tag","embeddable":true,"href":"https:\/\/fmp-components.com\/pl\/wp-json\/wp\/v2\/product_tag?post=6385"}],"curies":[{"name":"wp","href":"https:\/\/api.w.org\/{rel}","templated":true}]}}