{"id":6379,"date":"2025-03-10T03:30:21","date_gmt":"2025-03-10T03:30:21","guid":{"rendered":"https:\/\/fmp-components.com\/?post_type=product&#038;p=6379"},"modified":"2025-03-10T03:37:25","modified_gmt":"2025-03-10T03:37:25","slug":"chain-couplings","status":"publish","type":"product","link":"https:\/\/fmp-components.com\/pl\/product\/chain-couplings\/","title":{"rendered":"Sprz\u0119g\u0142a \u0142a\u0144cuchowe"},"content":{"rendered":"<p>Sprz\u0119g\u0142o \u0142a\u0144cuchowe sk\u0142ada si\u0119 z podw\u00f3jnego \u0142a\u0144cucha rolkowego i dw\u00f3ch z\u0119batek sprz\u0119gaj\u0105cych. Przegub \u0142a\u0144cuchowy s\u0142u\u017cy do \u0142\u0105czenia i roz\u0142\u0105czania sprz\u0119g\u0142a, co u\u0142atwia jego obs\u0142ug\u0119. Sprz\u0119g\u0142a \u0142a\u0144cuchowe s\u0105 ma\u0142e, ale bardzo wytrzyma\u0142e i zaprojektowane z my\u015bl\u0105 o d\u0142ugiej \u017cywotno\u015bci. S\u0105 bezpieczne i wydajne, a ich funkcje u\u0142atwiaj\u0105 monta\u017c i regulacj\u0119, oszcz\u0119dzaj\u0105c czas i wysi\u0142ek podczas konfiguracji lub napraw.<\/p>\n<p>Ze wzgl\u0119du na solidn\u0105 konstrukcj\u0119 i elastyczno\u015b\u0107, sprz\u0119g\u0142a \u0142a\u0144cuchowe mog\u0105 by\u0107 stosowane na wiele sposob\u00f3w, na przyk\u0142ad w maszynach, przeno\u015bnikach ta\u015bmowych i innych urz\u0105dzeniach mechanicznych. Doskonale przenosz\u0105 moment obrotowy (si\u0142\u0119 obrotu) i kompensuj\u0105 niewielkie odchylenia wsp\u00f3\u0142osiowo\u015bci, co czyni je niezawodnym i u\u017cytecznym wyborem w wielu zastosowaniach.<\/p>\n<h2>Parametry sprz\u0119gie\u0142 \u0142a\u0144cuchowych<\/h2>\n<p><img loading=\"lazy\" decoding=\"async\" class=\"size-full wp-image-6383 aligncenter\" src=\"https:\/\/fmp-components.com\/wp-content\/uploads\/2025\/03\/chain-couplings.webp\" alt=\"sprz\u0119g\u0142o \u0142a\u0144cuchowe\" width=\"330\" height=\"327\" title=\"\" srcset=\"https:\/\/fmp-components.com\/wp-content\/uploads\/2025\/03\/chain-couplings.webp 330w, https:\/\/fmp-components.com\/wp-content\/uploads\/2025\/03\/chain-couplings-300x297.webp 300w, https:\/\/fmp-components.com\/wp-content\/uploads\/2025\/03\/chain-couplings-150x150.webp 150w, https:\/\/fmp-components.com\/wp-content\/uploads\/2025\/03\/chain-couplings-12x12.webp 12w, https:\/\/fmp-components.com\/wp-content\/uploads\/2025\/03\/chain-couplings-100x100.webp 100w\" sizes=\"(max-width: 330px) 100vw, 330px\" \/><\/p>\n<table style=\"width: 103.224%; height: 723px;\" border=\"1\">\n<tbody>\n<tr>\n<td rowspan=\"4\" width=\"86\"><strong>Sprz\u0119g\u0142o \u0142a\u0144cuchowe nr<\/strong><\/td>\n<td rowspan=\"4\" width=\"58\"><strong>Numer \u0142a\u0144cucha<\/strong><\/td>\n<td colspan=\"2\" width=\"68\"><strong>\u015arednica otworu<\/strong><\/td>\n<td colspan=\"6\" width=\"204\"><strong>Wymiar<\/strong><\/td>\n<td width=\"60\"><strong>Bezw\u0142adno\u015b\u0107<\/strong><\/td>\n<td width=\"48\"><strong>Przybli\u017cona waga<\/strong><\/td>\n<td colspan=\"3\" width=\"157\"><strong>Obudowa<\/strong><\/td>\n<\/tr>\n<tr>\n<td rowspan=\"2\" width=\"34\"><strong>Min<\/strong><\/td>\n<td rowspan=\"2\" width=\"34\"><strong>Maksym<\/strong><\/td>\n<td rowspan=\"2\" width=\"34\"><strong>L<\/strong><\/td>\n<td rowspan=\"2\" width=\"34\"><strong>I<\/strong><\/td>\n<td rowspan=\"2\" width=\"34\"><strong>S<\/strong><\/td>\n<td rowspan=\"2\" width=\"34\"><strong>D<sub>1<\/sub><\/strong><\/td>\n<td rowspan=\"2\" width=\"34\"><strong>D<sub>2<\/sub><\/strong><\/td>\n<td rowspan=\"2\" width=\"34\"><strong>C<\/strong><\/td>\n<td rowspan=\"2\" width=\"60\"><strong>\u00d710<sup>-3<\/sup><\/strong><\/td>\n<td rowspan=\"2\" width=\"48\"><\/td>\n<td colspan=\"2\" width=\"79\"><strong>Wymiar<\/strong><\/td>\n<td rowspan=\"2\" width=\"78\"><strong>Przybli\u017cona waga<\/strong><\/td>\n<\/tr>\n<tr>\n<td width=\"39\"><strong>A<\/strong><\/td>\n<td width=\"40\"><strong>B<\/strong><\/td>\n<\/tr>\n<tr>\n<td width=\"34\"><strong>mm<\/strong><\/td>\n<td width=\"34\"><strong>mm<\/strong><\/td>\n<td width=\"34\"><strong>mm<\/strong><\/td>\n<td width=\"34\"><strong>mm<\/strong><\/td>\n<td width=\"34\"><strong>mm<\/strong><\/td>\n<td width=\"34\"><strong>mm<\/strong><\/td>\n<td width=\"34\"><strong>mm<\/strong><\/td>\n<td width=\"34\"><strong>mm<\/strong><\/td>\n<td width=\"60\"><strong>kgf\u00b7m2<\/strong><\/td>\n<td width=\"48\"><strong>kg<\/strong><\/td>\n<td width=\"39\"><strong>mm<\/strong><\/td>\n<td width=\"40\"><strong>mm<\/strong><\/td>\n<td width=\"78\"><strong>kg<\/strong><\/td>\n<\/tr>\n<tr>\n<td width=\"86\">3012<\/td>\n<td width=\"58\">06B-2X12<\/td>\n<td width=\"34\">12<\/td>\n<td width=\"34\">16<\/td>\n<td width=\"34\">64.8<\/td>\n<td width=\"34\">29.8<\/td>\n<td width=\"34\">5.2<\/td>\n<td width=\"34\">25<\/td>\n<td width=\"34\">45<\/td>\n<td width=\"34\">10.2<\/td>\n<td width=\"60\">0.233<\/td>\n<td width=\"48\">0.4<\/td>\n<td width=\"39\">69<\/td>\n<td width=\"40\">63<\/td>\n<td width=\"78\">0.3<\/td>\n<\/tr>\n<tr>\n<td width=\"86\">4012<\/td>\n<td width=\"58\">40-2X12<\/td>\n<td width=\"34\">12<\/td>\n<td width=\"34\">22<\/td>\n<td width=\"34\">79.4<\/td>\n<td width=\"34\">36.0<\/td>\n<td width=\"34\">7.4<\/td>\n<td width=\"34\">35<\/td>\n<td width=\"34\">61<\/td>\n<td width=\"34\">14.4<\/td>\n<td width=\"60\">1.020<\/td>\n<td width=\"48\">0.8<\/td>\n<td width=\"39\">77<\/td>\n<td width=\"40\">72<\/td>\n<td width=\"78\">0.3<\/td>\n<\/tr>\n<tr>\n<td width=\"86\">4014<\/td>\n<td width=\"58\">40-2X14<\/td>\n<td width=\"34\">12<\/td>\n<td width=\"34\">28<\/td>\n<td width=\"34\">79.4<\/td>\n<td width=\"34\">36.0<\/td>\n<td width=\"34\">7.4<\/td>\n<td width=\"34\">43<\/td>\n<td width=\"34\">69<\/td>\n<td width=\"34\">14.4<\/td>\n<td width=\"60\">1.924<\/td>\n<td width=\"48\">1.1<\/td>\n<td width=\"39\">84<\/td>\n<td width=\"40\">75<\/td>\n<td width=\"78\">0.4<\/td>\n<\/tr>\n<tr>\n<td width=\"86\">4016<\/td>\n<td width=\"58\">40-2X16<\/td>\n<td width=\"34\">14<\/td>\n<td width=\"34\">32<\/td>\n<td width=\"34\">87.4<\/td>\n<td width=\"34\">40.0<\/td>\n<td width=\"34\">7.4<\/td>\n<td width=\"34\">50<\/td>\n<td width=\"34\">77<\/td>\n<td width=\"34\">14.4<\/td>\n<td width=\"60\">3.285<\/td>\n<td width=\"48\">1.4<\/td>\n<td width=\"39\">92<\/td>\n<td width=\"40\">75<\/td>\n<td width=\"78\">0.4<\/td>\n<\/tr>\n<tr>\n<td width=\"86\">5014<\/td>\n<td width=\"58\">50-2X14<\/td>\n<td width=\"34\">16<\/td>\n<td width=\"34\">35<\/td>\n<td width=\"34\">99.7<\/td>\n<td width=\"34\">45.0<\/td>\n<td width=\"34\">9.7<\/td>\n<td width=\"34\">53<\/td>\n<td width=\"34\">86<\/td>\n<td width=\"34\">18.1<\/td>\n<td width=\"60\">6.010<\/td>\n<td width=\"48\">2.2<\/td>\n<td width=\"39\">101<\/td>\n<td width=\"40\">85<\/td>\n<td width=\"78\">0.5<\/td>\n<\/tr>\n<tr>\n<td width=\"86\">5016<\/td>\n<td width=\"58\">50-2X16<\/td>\n<td width=\"34\">16<\/td>\n<td width=\"34\">40<\/td>\n<td width=\"34\">99.7<\/td>\n<td width=\"34\">45.0<\/td>\n<td width=\"34\">9.7<\/td>\n<td width=\"34\">60<\/td>\n<td width=\"34\">96<\/td>\n<td width=\"34\">18.1<\/td>\n<td width=\"60\">9.720<\/td>\n<td width=\"48\">2.7<\/td>\n<td width=\"39\">111<\/td>\n<td width=\"40\">85<\/td>\n<td width=\"78\">0.6<\/td>\n<\/tr>\n<tr>\n<td width=\"86\">5018<\/td>\n<td width=\"58\">50-2X18<\/td>\n<td width=\"34\">16<\/td>\n<td width=\"34\">45<\/td>\n<td width=\"34\">99.7<\/td>\n<td width=\"34\">45.0<\/td>\n<td width=\"34\">9.7<\/td>\n<td width=\"34\">70<\/td>\n<td width=\"34\">106<\/td>\n<td width=\"34\">18.1<\/td>\n<td width=\"60\">15.420<\/td>\n<td width=\"48\">3.8<\/td>\n<td width=\"39\">122<\/td>\n<td width=\"40\">85<\/td>\n<td width=\"78\">0.8<\/td>\n<\/tr>\n<tr>\n<td width=\"86\">6018<\/td>\n<td width=\"58\">60-2X18<\/td>\n<td width=\"34\">20<\/td>\n<td width=\"34\">56<\/td>\n<td width=\"34\">123.5<\/td>\n<td width=\"34\">56.0<\/td>\n<td width=\"34\">11.5<\/td>\n<td width=\"34\">85<\/td>\n<td width=\"34\">128<\/td>\n<td width=\"34\">22.8<\/td>\n<td width=\"60\">40.210<\/td>\n<td width=\"48\">6.2<\/td>\n<td width=\"39\">142<\/td>\n<td width=\"40\">106<\/td>\n<td width=\"78\">1.2<\/td>\n<\/tr>\n<tr>\n<td width=\"86\">6020<\/td>\n<td width=\"58\">60-2X20<\/td>\n<td width=\"34\">20<\/td>\n<td width=\"34\">60<\/td>\n<td width=\"34\">123.5<\/td>\n<td width=\"34\">56.0<\/td>\n<td width=\"34\">11.5<\/td>\n<td width=\"34\">98<\/td>\n<td width=\"34\">140<\/td>\n<td width=\"34\">22.8<\/td>\n<td width=\"60\">62.870<\/td>\n<td width=\"48\">7.8<\/td>\n<td width=\"39\">158<\/td>\n<td width=\"40\">105<\/td>\n<td width=\"78\">1.6<\/td>\n<\/tr>\n<tr>\n<td width=\"86\">6022<\/td>\n<td width=\"58\">60-2X22<\/td>\n<td width=\"34\">20<\/td>\n<td width=\"34\">71<\/td>\n<td width=\"34\">123.5<\/td>\n<td width=\"34\">56.0<\/td>\n<td width=\"34\">11.5<\/td>\n<td width=\"34\">110<\/td>\n<td width=\"34\">152<\/td>\n<td width=\"34\">22.8<\/td>\n<td width=\"60\">93.450<\/td>\n<td width=\"48\">10.4<\/td>\n<td width=\"39\">168<\/td>\n<td width=\"40\">117<\/td>\n<td width=\"78\">1.8<\/td>\n<\/tr>\n<tr>\n<td width=\"86\">8018<\/td>\n<td width=\"58\">80-2X18<\/td>\n<td width=\"34\">20<\/td>\n<td width=\"34\">80<\/td>\n<td width=\"34\">141.2<\/td>\n<td width=\"34\">63.0<\/td>\n<td width=\"34\">15.2<\/td>\n<td width=\"34\">110<\/td>\n<td width=\"34\">170<\/td>\n<td width=\"34\">29.3<\/td>\n<td width=\"60\">142.030<\/td>\n<td width=\"48\">12.7<\/td>\n<td width=\"39\">190<\/td>\n<td width=\"40\">129<\/td>\n<td width=\"78\">2.5<\/td>\n<\/tr>\n<tr>\n<td width=\"86\">8020<\/td>\n<td width=\"58\">80-2X20<\/td>\n<td width=\"34\">20<\/td>\n<td width=\"34\">90<\/td>\n<td width=\"34\">145.2<\/td>\n<td width=\"34\">65.0<\/td>\n<td width=\"34\">15.2<\/td>\n<td width=\"34\">120<\/td>\n<td width=\"34\">186<\/td>\n<td width=\"34\">29.3<\/td>\n<td width=\"60\">204.900<\/td>\n<td width=\"48\">16.0<\/td>\n<td width=\"39\">210<\/td>\n<td width=\"40\">137<\/td>\n<td width=\"78\">2.9<\/td>\n<\/tr>\n<tr>\n<td width=\"86\">8022<\/td>\n<td width=\"58\">80-2X22<\/td>\n<td width=\"34\">20<\/td>\n<td width=\"34\">100<\/td>\n<td width=\"34\">157.2<\/td>\n<td width=\"34\">71.0<\/td>\n<td width=\"34\">15.2<\/td>\n<td width=\"34\">140<\/td>\n<td width=\"34\">202<\/td>\n<td width=\"34\">29.3<\/td>\n<td width=\"60\">341.170<\/td>\n<td width=\"48\">20.2<\/td>\n<td width=\"39\">226<\/td>\n<td width=\"40\">137<\/td>\n<td width=\"78\">3.6<\/td>\n<\/tr>\n<tr>\n<td width=\"86\">10020<\/td>\n<td width=\"58\">100-2X20<\/td>\n<td width=\"34\">25<\/td>\n<td width=\"34\">110<\/td>\n<td width=\"34\">178.8<\/td>\n<td width=\"34\">80.0<\/td>\n<td width=\"34\">18.8<\/td>\n<td width=\"34\">160<\/td>\n<td width=\"34\">233<\/td>\n<td width=\"34\">35.8<\/td>\n<td width=\"60\">646.290<\/td>\n<td width=\"48\">33.0<\/td>\n<td width=\"39\">281<\/td>\n<td width=\"40\">153<\/td>\n<td width=\"78\">4.6<\/td>\n<\/tr>\n<tr>\n<td width=\"86\">12018<\/td>\n<td width=\"58\">120-2X18<\/td>\n<td width=\"34\">35<\/td>\n<td width=\"34\">125<\/td>\n<td width=\"34\">202.7<\/td>\n<td width=\"34\">90.0<\/td>\n<td width=\"34\">22.7<\/td>\n<td width=\"34\">170<\/td>\n<td width=\"34\">256<\/td>\n<td width=\"34\">45.4<\/td>\n<td width=\"60\">1075.710<\/td>\n<td width=\"48\">47.0<\/td>\n<td width=\"39\">307<\/td>\n<td width=\"40\">181<\/td>\n<td width=\"78\">6.2<\/td>\n<\/tr>\n<tr>\n<td width=\"86\">12022<\/td>\n<td width=\"58\">120-2X22<\/td>\n<td width=\"34\">35<\/td>\n<td width=\"34\">140<\/td>\n<td width=\"34\">222.7<\/td>\n<td width=\"34\">100.0<\/td>\n<td width=\"34\">22.7<\/td>\n<td width=\"34\">210<\/td>\n<td width=\"34\">304<\/td>\n<td width=\"34\">45.4<\/td>\n<td width=\"60\">2454.500<\/td>\n<td width=\"48\">72.0<\/td>\n<td width=\"39\">357<\/td>\n<td width=\"40\">181<\/td>\n<td width=\"78\">8.0<\/td>\n<\/tr>\n<\/tbody>\n<\/table>\n<h2>Zastosowanie sprz\u0119g\u0142a \u0142a\u0144cuchowego<\/h2>\n<p>Sprz\u0119g\u0142a \u0142a\u0144cuchowe, znane ze swojej zdolno\u015bci do przenoszenia wysokiego momentu obrotowego przy jednoczesnym kompensowaniu niewsp\u00f3\u0142osiowo\u015bci, s\u0105 wykorzystywane w r\u00f3\u017cnych bran\u017cach ze wzgl\u0119du na swoj\u0105 trwa\u0142o\u015b\u0107 i elastyczno\u015b\u0107. Oto przegl\u0105d ich zastosowa\u0144 w podziale na kategorie:<\/p>\n<h3>1. Maszyny przemys\u0142owe<\/h3>\n<ul>\n<li><strong>Systemy przeno\u015bnikowe<\/strong>:Stosowany w produkcji i transporcie materia\u0142\u00f3w do \u0142\u0105czenia silnik\u00f3w i rolek, kompensowania odchyle\u0144 i przenoszenia du\u017cych obci\u0105\u017ce\u0144.<\/li>\n<li><strong>Pompy i spr\u0119\u017carki<\/strong>:Idealne do \u0142\u0105czenia nap\u0119d\u00f3w z pompami\/spr\u0119\u017carkami w przemy\u015ble naftowym, gazowym i uzdatniania wody, oferuj\u0105c niezawodne przenoszenie momentu obrotowego.<\/li>\n<li><strong>Huty stali i papieru<\/strong>:\u0141\u0105czy wa\u0142y nap\u0119dowe z rolkami w trudnych warunkach, wytrzymuj\u0105c wysoki moment obrotowy i wahania temperatury.<\/li>\n<li><strong>Kruszarki\/M\u0142yny<\/strong>:Obs\u0142uguje obci\u0105\u017cenia udarowe w g\u00f3rnictwie i przetw\u00f3rstwie kruszyw, zapewniaj\u0105c odporno\u015b\u0107 na nag\u0142e zmiany si\u0142.<\/li>\n<\/ul>\n<h3>2. Obs\u0142uga materia\u0142\u00f3w<\/h3>\n<ul>\n<li><strong>D\u017awigi i podno\u015bniki<\/strong>:Zapewnia precyzyjny ruch \u0142adunku podczas budowy i transportu, wytrzymuj\u0105c napr\u0119\u017cenia dynamiczne.<\/li>\n<li><strong>Maszyny pakuj\u0105ce<\/strong>:Synchronizacja rolek w szybkich liniach pakuj\u0105cych, umo\u017cliwiaj\u0105ca drobne korekty odchylenia.<\/li>\n<\/ul>\n<h3>3. Rolnictwo<\/h3>\n<ul>\n<li><strong>Traktory i kombajny<\/strong>:Pod\u0142\u0105cz \u017ar\u00f3d\u0142a zasilania do narz\u0119dzi w trudnym terenie, zapewniaj\u0105c odporno\u015b\u0107 na kurz i zanieczyszczenia.<\/li>\n<li><strong>Systemy nawadniaj\u0105ce<\/strong>:Po\u0142\u0105czenie pomp z silnikami, toleruj\u0105ce odchylenia wynikaj\u0105ce z przesuni\u0119\u0107 pod\u0142o\u017ca.<\/li>\n<\/ul>\n<h3>4. Ogrzewanie, wentylacja i klimatyzacja oraz energia<\/h3>\n<ul>\n<li><strong>Wentylatory\/Dmuchawy przemys\u0142owe<\/strong>:Po\u0142\u0105cz silniki z wa\u0142ami wentylator\u00f3w w systemach HVAC, zmniejszaj\u0105c przenoszenie drga\u0144.<\/li>\n<li><strong>Przenoszenie mocy o \u015bredniej pr\u0119dko\u015bci<\/strong>:Stosowane w turbinach wiatrowych lub systemach hydroelektrycznych, w kt\u00f3rych wyr\u00f3wnanie nie jest idealne.<\/li>\n<\/ul>\n<h3>5. Aplikacje specjalistyczne<\/h3>\n<ul>\n<li><strong>Prasy drukarskie<\/strong>:Synchronizacja rolek zapewnia precyzyjne drukowanie, kompensuj\u0105c drobne odchylenia.<\/li>\n<li><strong>Systemy pomocnicze morskie<\/strong>:Stosowany w wa\u0142ach nap\u0119dowych i maszynach pomocniczych, cho\u0107 rzadziej spotykany ze wzgl\u0119du na ryzyko korozji.<\/li>\n<\/ul>\n<h3>Zalety zastosowa\u0144 nap\u0119dowych:<\/h3>\n<ul>\n<li><strong>Tolerancja odchylenia<\/strong>:Przesuni\u0119cie k\u0105towe\/r\u00f3wnoleg\u0142e do 1-2 stopni.<\/li>\n<li><strong>Wysoka no\u015bno\u015b\u0107 momentu obrotowego<\/strong>: Nadaje si\u0119 do ci\u0119\u017ckich operacji.<\/li>\n<li><strong>Amortyzacja wstrz\u0105s\u00f3w<\/strong>:T\u0142umi drgania w scenariuszach o zmiennym obci\u0105\u017ceniu.<\/li>\n<li><strong>\u0141atwo\u015b\u0107 konserwacji<\/strong>: Proste smarowanie i wymiana cz\u0119\u015bci.<\/li>\n<\/ul>\n<h3>Ograniczenia:<\/h3>\n<ul>\n<li>Nie nadaje si\u0119 do zastosowa\u0144 wymagaj\u0105cych du\u017cej pr\u0119dko\u015bci ze wzgl\u0119du na si\u0142y od\u015brodkowe.<\/li>\n<li>W \u015brodowiskach nara\u017conych na zanieczyszczenia wymagane jest regularne smarowanie.<\/li>\n<\/ul>\n<p><img loading=\"lazy\" decoding=\"async\" class=\"size-full wp-image-6380 aligncenter\" src=\"https:\/\/fmp-components.com\/wp-content\/uploads\/2025\/03\/chain-couplings-3.webp\" alt=\"sprz\u0119g\u0142o \u0142a\u0144cuchowe\" width=\"800\" height=\"800\" title=\"\" srcset=\"https:\/\/fmp-components.com\/wp-content\/uploads\/2025\/03\/chain-couplings-3.webp 800w, https:\/\/fmp-components.com\/wp-content\/uploads\/2025\/03\/chain-couplings-3-480x480.webp 480w\" sizes=\"(min-width: 0px) and (max-width: 480px) 480px, (min-width: 481px) 800px, 100vw\" \/><\/p>","protected":false},"excerpt":{"rendered":"<p>A chain coupling is made up of a double roller chain and two coupling sprockets. The chain joint is used to connect or disconnect the coupling, making it simple and easy to use. Chain couplings are small but very strong, and they are built to last a long time. They are safe and work efficiently, [&hellip;]<\/p>","protected":false},"featured_media":6382,"comment_status":"open","ping_status":"closed","template":"","meta":{"_et_pb_use_builder":"","_et_pb_old_content":"","_et_gb_content_width":""},"product_brand":[],"product_cat":[101],"product_tag":[],"class_list":{"0":"post-6379","1":"product","2":"type-product","3":"status-publish","4":"has-post-thumbnail","6":"product_cat-coupling","8":"first","9":"instock","10":"shipping-taxable","11":"product-type-simple"},"_links":{"self":[{"href":"https:\/\/fmp-components.com\/pl\/wp-json\/wp\/v2\/product\/6379","targetHints":{"allow":["GET"]}}],"collection":[{"href":"https:\/\/fmp-components.com\/pl\/wp-json\/wp\/v2\/product"}],"about":[{"href":"https:\/\/fmp-components.com\/pl\/wp-json\/wp\/v2\/types\/product"}],"replies":[{"embeddable":true,"href":"https:\/\/fmp-components.com\/pl\/wp-json\/wp\/v2\/comments?post=6379"}],"wp:featuredmedia":[{"embeddable":true,"href":"https:\/\/fmp-components.com\/pl\/wp-json\/wp\/v2\/media\/6382"}],"wp:attachment":[{"href":"https:\/\/fmp-components.com\/pl\/wp-json\/wp\/v2\/media?parent=6379"}],"wp:term":[{"taxonomy":"product_brand","embeddable":true,"href":"https:\/\/fmp-components.com\/pl\/wp-json\/wp\/v2\/product_brand?post=6379"},{"taxonomy":"product_cat","embeddable":true,"href":"https:\/\/fmp-components.com\/pl\/wp-json\/wp\/v2\/product_cat?post=6379"},{"taxonomy":"product_tag","embeddable":true,"href":"https:\/\/fmp-components.com\/pl\/wp-json\/wp\/v2\/product_tag?post=6379"}],"curies":[{"name":"wp","href":"https:\/\/api.w.org\/{rel}","templated":true}]}}