{"id":6375,"date":"2025-03-10T03:17:22","date_gmt":"2025-03-10T03:17:22","guid":{"rendered":"https:\/\/fmp-components.com\/?post_type=product&#038;p=6375"},"modified":"2025-04-05T07:23:10","modified_gmt":"2025-04-05T07:23:10","slug":"flange-flexible-couplings","status":"publish","type":"product","link":"https:\/\/fmp-components.com\/pl\/product\/flange-flexible-couplings\/","title":{"rendered":"Z\u0142\u0105czki elastyczne ko\u0142nierzowe"},"content":{"rendered":"<p>Elastyczne sprz\u0119g\u0142a FMP zosta\u0142y zaprojektowane tak, aby redukowa\u0107 wibracje i obni\u017ca\u0107 koszty naprawy uk\u0142ad\u00f3w przeniesienia nap\u0119du. Ich specjalna konstrukcja pomaga chroni\u0107 przek\u0142adni\u0119 przed uszkodzeniami i ciszej pracowa\u0107, co przek\u0142ada si\u0119 na lepsz\u0105 prac\u0119 i d\u0142u\u017csz\u0105 \u017cywotno\u015b\u0107 uk\u0142adu. Co wi\u0119cej, sprz\u0119g\u0142a te s\u0105 \u0142atwe w monta\u017cu i regulacji, co pozwala zaoszcz\u0119dzi\u0107 czas i wysi\u0142ek.<\/p>\n<p>FMP wykorzystuje do produkcji swoich sprz\u0119gie\u0142 mocny elastomer poliestrowy. Materia\u0142 ten jest wytrzyma\u0142y i nie odkszta\u0142ca si\u0119, nawet w kontakcie z p\u0142ynami smaruj\u0105cymi. Dzi\u0119ki temu sprz\u0119g\u0142o jest wytrzyma\u0142e i dobrze dzia\u0142a, nawet w trudnych warunkach.<\/p>\n<p>Sprz\u0119g\u0142o zosta\u0142o zbudowane tak, aby przenosi\u0107 moment obrotowy (rodzaj si\u0142y obrotowej) w sta\u0142ym tempie oko\u0142o \u0107wier\u0107 cala na minut\u0119. Ta p\u0142ynna i r\u00f3wnomierna si\u0142a wyd\u0142u\u017ca \u017cywotno\u015b\u0107 sprz\u0119g\u0142a, dzi\u0119ki czemu mo\u017ce ono dzia\u0142a\u0107 niezawodnie przez lata przy minimalnych wymaganiach konserwacyjnych.<\/p>\n<p>Dzi\u0119ki tym cechom elastyczne sprz\u0119g\u0142a FMP s\u0105 doskona\u0142ym wyborem, je\u015bli chcesz, aby Tw\u00f3j uk\u0142ad przeniesienia nap\u0119du dzia\u0142a\u0142 sprawniej i d\u0142u\u017cej.<\/p>\n<p><img loading=\"lazy\" decoding=\"async\" class=\"wp-image-6377 aligncenter\" src=\"https:\/\/fmp-components.com\/wp-content\/uploads\/2025\/03\/Flange-Flexible-Couplings-2.webp\" alt=\"Z\u0142\u0105czki elastyczne ko\u0142nierzowe\" width=\"836\" height=\"303\" title=\"\" srcset=\"https:\/\/fmp-components.com\/wp-content\/uploads\/2025\/03\/Flange-Flexible-Couplings-2.webp 836w, https:\/\/fmp-components.com\/wp-content\/uploads\/2025\/03\/Flange-Flexible-Couplings-2-480x174.webp 480w\" sizes=\"(min-width: 0px) and (max-width: 480px) 480px, (min-width: 481px) 836px, 100vw\" \/><\/p>\n<h2 style=\"text-align: left;\" align=\"center\">Specyfikacje elastycznych sprz\u0119gie\u0142 ko\u0142nierzowych<\/h2>\n<p><img loading=\"lazy\" decoding=\"async\" class=\"wp-image-6378 aligncenter\" src=\"https:\/\/fmp-components.com\/wp-content\/uploads\/2025\/03\/Flange-Flexible-Couplings-3.webp\" alt=\"Z\u0142\u0105czki elastyczne ko\u0142nierzowe\" width=\"200\" height=\"216\" title=\"\"><\/p>\n<table style=\"width: 102.258%; height: 601px;\" border=\"1\" cellspacing=\"1\" cellpadding=\"1\" bgcolor=\"#99ccff\">\n<tbody>\n<tr>\n<td align=\"center\" width=\"45\">ROZMIAR<\/td>\n<td align=\"center\" width=\"35\">Nm<\/td>\n<td align=\"center\" width=\"29\">obr.\/min<\/td>\n<td align=\"center\" width=\"21\">D<\/td>\n<td align=\"center\" width=\"25\">D1<\/td>\n<td align=\"center\" width=\"14\">d1<\/td>\n<td align=\"center\" width=\"25\">L<\/td>\n<td align=\"center\" width=\"9\">C<\/td>\n<td align=\"center\" width=\"73\">nM<\/td>\n<td align=\"center\" width=\"34\">KG<\/td>\n<\/tr>\n<tr bgcolor=\"#cccccc\">\n<td align=\"center\" width=\"45\">90<\/td>\n<td align=\"center\" width=\"35\">4<\/td>\n<td align=\"center\" width=\"29\">4000<\/td>\n<td align=\"center\" width=\"21\">90<\/td>\n<td align=\"center\" width=\"25\">35.5<\/td>\n<td align=\"center\" width=\"14\">11<\/td>\n<td align=\"center\" width=\"25\">28<\/td>\n<td align=\"center\" width=\"9\">3<\/td>\n<td align=\"center\" width=\"73\">4-M8*50<\/td>\n<td align=\"center\" width=\"34\">1.7<\/td>\n<\/tr>\n<tr>\n<td align=\"center\" width=\"45\">100<\/td>\n<td align=\"center\" width=\"35\">10<\/td>\n<td align=\"center\" width=\"29\">4000<\/td>\n<td align=\"center\" width=\"21\">100<\/td>\n<td align=\"center\" width=\"25\">40<\/td>\n<td align=\"center\" width=\"14\">11<\/td>\n<td align=\"center\" width=\"25\">35.5<\/td>\n<td align=\"center\" width=\"9\">3<\/td>\n<td align=\"center\" width=\"73\">4-M10*56<\/td>\n<td align=\"center\" width=\"34\">2.3<\/td>\n<\/tr>\n<tr bgcolor=\"#cccccc\">\n<td align=\"center\" width=\"45\">112<\/td>\n<td align=\"center\" width=\"35\">16<\/td>\n<td align=\"center\" width=\"29\">4000<\/td>\n<td align=\"center\" width=\"21\">112<\/td>\n<td align=\"center\" width=\"25\">45<\/td>\n<td align=\"center\" width=\"14\">13<\/td>\n<td align=\"center\" width=\"25\">40<\/td>\n<td align=\"center\" width=\"9\">3<\/td>\n<td align=\"center\" width=\"73\">4-M10*56<\/td>\n<td align=\"center\" width=\"34\">2.8<\/td>\n<\/tr>\n<tr>\n<td align=\"center\" width=\"45\">125<\/td>\n<td align=\"center\" width=\"35\">25<\/td>\n<td align=\"center\" width=\"29\">4000<\/td>\n<td align=\"center\" width=\"21\">125<\/td>\n<td align=\"center\" width=\"25\">50<\/td>\n<td align=\"center\" width=\"14\">13<\/td>\n<td align=\"center\" width=\"25\">45<\/td>\n<td align=\"center\" width=\"9\">3<\/td>\n<td align=\"center\" width=\"73\">4-M12*64<\/td>\n<td align=\"center\" width=\"34\">4.0<\/td>\n<\/tr>\n<tr bgcolor=\"#cccccc\">\n<td align=\"center\" width=\"45\">140<\/td>\n<td align=\"center\" width=\"35\">50<\/td>\n<td align=\"center\" width=\"29\">4000<\/td>\n<td align=\"center\" width=\"21\">140<\/td>\n<td align=\"center\" width=\"25\">63<\/td>\n<td align=\"center\" width=\"14\">13<\/td>\n<td align=\"center\" width=\"25\">50<\/td>\n<td align=\"center\" width=\"9\">3<\/td>\n<td align=\"center\" width=\"73\">6-M12*64<\/td>\n<td align=\"center\" width=\"34\">5.4<\/td>\n<\/tr>\n<tr>\n<td align=\"center\" width=\"45\">160<\/td>\n<td align=\"center\" width=\"35\">110<\/td>\n<td align=\"center\" width=\"29\">4000<\/td>\n<td align=\"center\" width=\"21\">160<\/td>\n<td align=\"center\" width=\"25\">80<\/td>\n<td align=\"center\" width=\"14\">15<\/td>\n<td align=\"center\" width=\"25\">56<\/td>\n<td align=\"center\" width=\"9\">3<\/td>\n<td align=\"center\" width=\"73\">8-M12*64<\/td>\n<td align=\"center\" width=\"34\">8.0<\/td>\n<\/tr>\n<tr bgcolor=\"#cccccc\">\n<td align=\"center\" width=\"45\">180<\/td>\n<td align=\"center\" width=\"35\">157<\/td>\n<td align=\"center\" width=\"29\">3500<\/td>\n<td align=\"center\" width=\"21\">180<\/td>\n<td align=\"center\" width=\"25\">90<\/td>\n<td align=\"center\" width=\"14\">15<\/td>\n<td align=\"center\" width=\"25\">63<\/td>\n<td align=\"center\" width=\"9\">3<\/td>\n<td align=\"center\" width=\"73\">8-M12*64<\/td>\n<td align=\"center\" width=\"34\">10.5<\/td>\n<\/tr>\n<tr>\n<td align=\"center\" width=\"45\">200<\/td>\n<td align=\"center\" width=\"35\">245<\/td>\n<td align=\"center\" width=\"29\">3200<\/td>\n<td align=\"center\" width=\"21\">200<\/td>\n<td align=\"center\" width=\"25\">100<\/td>\n<td align=\"center\" width=\"14\">21<\/td>\n<td align=\"center\" width=\"25\">71<\/td>\n<td align=\"center\" width=\"9\">4<\/td>\n<td align=\"center\" width=\"73\">8-M20*85<\/td>\n<td align=\"center\" width=\"34\">16.2<\/td>\n<\/tr>\n<tr bgcolor=\"#cccccc\">\n<td align=\"center\" width=\"45\">224<\/td>\n<td align=\"center\" width=\"35\">392<\/td>\n<td align=\"center\" width=\"29\">2850<\/td>\n<td align=\"center\" width=\"21\">224<\/td>\n<td align=\"center\" width=\"25\">112<\/td>\n<td align=\"center\" width=\"14\">21<\/td>\n<td align=\"center\" width=\"25\">80<\/td>\n<td align=\"center\" width=\"9\">4<\/td>\n<td align=\"center\" width=\"73\">8-M20*85<\/td>\n<td align=\"center\" width=\"34\">21.3<\/td>\n<\/tr>\n<tr>\n<td align=\"center\" width=\"45\">250<\/td>\n<td align=\"center\" width=\"35\">618<\/td>\n<td align=\"center\" width=\"29\">2550<\/td>\n<td align=\"center\" width=\"21\">250<\/td>\n<td align=\"center\" width=\"25\">125<\/td>\n<td align=\"center\" width=\"14\">25<\/td>\n<td align=\"center\" width=\"25\">90<\/td>\n<td align=\"center\" width=\"9\">4<\/td>\n<td align=\"center\" width=\"73\">8-M24*100<\/td>\n<td align=\"center\" width=\"34\">31.6<\/td>\n<\/tr>\n<tr bgcolor=\"#cccccc\">\n<td align=\"center\" width=\"45\">280<\/td>\n<td align=\"center\" width=\"35\">980<\/td>\n<td align=\"center\" width=\"29\">2300<\/td>\n<td align=\"center\" width=\"21\">280<\/td>\n<td align=\"center\" width=\"25\">140<\/td>\n<td align=\"center\" width=\"14\">34<\/td>\n<td align=\"center\" width=\"25\">100<\/td>\n<td align=\"center\" width=\"9\">4<\/td>\n<td align=\"center\" width=\"73\">8-M24*116<\/td>\n<td align=\"center\" width=\"34\">44.0<\/td>\n<\/tr>\n<tr>\n<td align=\"center\" width=\"45\">315<\/td>\n<td align=\"center\" width=\"35\">1568<\/td>\n<td align=\"center\" width=\"29\">2050<\/td>\n<td align=\"center\" width=\"21\">315<\/td>\n<td align=\"center\" width=\"25\">160<\/td>\n<td align=\"center\" width=\"14\">41<\/td>\n<td align=\"center\" width=\"25\">112<\/td>\n<td align=\"center\" width=\"9\">4<\/td>\n<td align=\"center\" width=\"73\">10-M24*116<\/td>\n<td align=\"center\" width=\"34\">57.7<\/td>\n<\/tr>\n<tr bgcolor=\"#cccccc\">\n<td align=\"center\" width=\"45\">355<\/td>\n<td align=\"center\" width=\"35\">2450<\/td>\n<td align=\"center\" width=\"29\">1800<\/td>\n<td align=\"center\" width=\"21\">355<\/td>\n<td align=\"center\" width=\"25\">180<\/td>\n<td align=\"center\" width=\"14\">60<\/td>\n<td align=\"center\" width=\"25\">125<\/td>\n<td align=\"center\" width=\"9\">5<\/td>\n<td align=\"center\" width=\"73\">8-M30*150<\/td>\n<td align=\"center\" width=\"34\">89.5<\/td>\n<\/tr>\n<tr>\n<td align=\"center\" width=\"45\">400<\/td>\n<td align=\"center\" width=\"35\">3920<\/td>\n<td align=\"center\" width=\"29\">1600<\/td>\n<td align=\"center\" width=\"21\">400<\/td>\n<td align=\"center\" width=\"25\">200<\/td>\n<td align=\"center\" width=\"14\">60<\/td>\n<td align=\"center\" width=\"25\">125<\/td>\n<td align=\"center\" width=\"9\">5<\/td>\n<td align=\"center\" width=\"73\">10-M30*150<\/td>\n<td align=\"center\" width=\"34\">89.5<\/td>\n<\/tr>\n<tr bgcolor=\"#cccccc\">\n<td align=\"center\" width=\"45\">450<\/td>\n<td align=\"center\" width=\"35\">6174<\/td>\n<td align=\"center\" width=\"29\">1400<\/td>\n<td align=\"center\" width=\"21\">450<\/td>\n<td align=\"center\" width=\"25\">224<\/td>\n<td align=\"center\" width=\"14\">65<\/td>\n<td align=\"center\" width=\"25\">140<\/td>\n<td align=\"center\" width=\"9\">5<\/td>\n<td align=\"center\" width=\"73\">12-M30*150<\/td>\n<td align=\"center\" width=\"34\">145<\/td>\n<\/tr>\n<tr>\n<td align=\"center\" width=\"45\">560<\/td>\n<td align=\"center\" width=\"35\">9800<\/td>\n<td align=\"center\" width=\"29\">1150<\/td>\n<td align=\"center\" width=\"21\">560<\/td>\n<td align=\"center\" width=\"25\">250<\/td>\n<td align=\"center\" width=\"14\">85<\/td>\n<td align=\"center\" width=\"25\">160<\/td>\n<td align=\"center\" width=\"9\">5<\/td>\n<td align=\"center\" width=\"73\">14-M30*150<\/td>\n<td align=\"center\" width=\"34\">229<\/td>\n<\/tr>\n<tr bgcolor=\"#cccccc\">\n<td align=\"center\" width=\"45\">630<\/td>\n<td align=\"center\" width=\"35\">15680<\/td>\n<td align=\"center\" width=\"29\">1000<\/td>\n<td align=\"center\" width=\"21\">630<\/td>\n<td align=\"center\" width=\"25\">280<\/td>\n<td align=\"center\" width=\"14\">95<\/td>\n<td align=\"center\" width=\"25\">180<\/td>\n<td align=\"center\" width=\"9\">5<\/td>\n<td align=\"center\" width=\"73\">18-M30*150<\/td>\n<td align=\"center\" width=\"34\">296<\/td>\n<\/tr>\n<\/tbody>\n<\/table>\n<h3>Rodzaje sprz\u0119gie\u0142 elastycznych<\/h3>\n<div>\n<p class=\"break-words\" dir=\"auto\">Sprz\u0119g\u0142a elastyczne to urz\u0105dzenia mechaniczne s\u0142u\u017c\u0105ce do \u0142\u0105czenia dw\u00f3ch wa\u0142\u00f3w, umo\u017cliwiaj\u0105ce przenoszenie momentu obrotowego przy jednoczesnym kompensowaniu niewsp\u00f3\u0142osiowo\u015bci i redukowaniu napr\u0119\u017ce\u0144 w \u0142\u0105czonych elementach. Jednym z popularnych typ\u00f3w jest sprz\u0119g\u0142o k\u0142owe, kt\u00f3re sk\u0142ada si\u0119 z dw\u00f3ch piast z zaz\u0119biaj\u0105cymi si\u0119 szcz\u0119kami i elastomerowej wk\u0142adki krzy\u017cakowej. Krzy\u017cak poch\u0142ania wstrz\u0105sy, t\u0142umi drgania i kompensuje niewielkie odchylenia k\u0105towe, r\u00f3wnoleg\u0142e i osiowe, dzi\u0119ki czemu idealnie nadaje si\u0119 do zastosowa\u0144 og\u00f3lnych, takich jak pompy i silniki.<\/p>\n<p class=\"break-words\" dir=\"auto\">Innym rodzajem sprz\u0119g\u0142a jest sprz\u0119g\u0142o mieszkowe, charakteryzuj\u0105ce si\u0119 cienkim, elastycznym metalowym mieszkiem \u0142\u0105cz\u0105cym wa\u0142y. Konstrukcja ta zapewnia wysok\u0105 sztywno\u015b\u0107 skr\u0119tn\u0105, co przek\u0142ada si\u0119 na precyzyjne przenoszenie momentu obrotowego, a jednocze\u015bnie umo\u017cliwia elastyczne kompensowanie odchy\u0142ek k\u0105towych i osiowych. Sprz\u0119g\u0142a mieszkowe s\u0105 cz\u0119sto stosowane w uk\u0142adach o wysokiej precyzji, takich jak serwosilniki i enkodery, gdzie utrzymanie dok\u0142adno\u015bci w warunkach dynamicznych ma kluczowe znaczenie.<\/p>\n<p class=\"break-words\" dir=\"auto\">Trzecim typem sprz\u0119g\u0142a jest sprz\u0119g\u0142o tarczowe, kt\u00f3re wykorzystuje szereg cienkich, elastycznych metalowych tarcz u\u0142o\u017conych jeden na drugim, tworz\u0105c pakiet. Pakiet tarcz ugina si\u0119, aby kompensowa\u0107 niewsp\u00f3\u0142osiowo\u015b\u0107 i poch\u0142ania\u0107 drgania, jednocze\u015bnie efektywnie przenosz\u0105c moment obrotowy. Sprz\u0119g\u0142a tarczowe s\u0105 bardzo trwa\u0142e i nadaj\u0105 si\u0119 do wymagaj\u0105cych zastosowa\u0144, takich jak turbiny i spr\u0119\u017carki, gdzie niezawodno\u015b\u0107 i minimalna konserwacja s\u0105 kluczowe.<\/p>\n<p dir=\"auto\"><img loading=\"lazy\" decoding=\"async\" class=\"wp-image-7803 aligncenter\" src=\"https:\/\/fmp-components.com\/wp-content\/uploads\/2025\/03\/flexible-coupling3.webp\" alt=\"elastyczne sprz\u0119g\u0142o\" width=\"531\" height=\"476\" title=\"\" srcset=\"https:\/\/fmp-components.com\/wp-content\/uploads\/2025\/03\/flexible-coupling3.webp 173w, https:\/\/fmp-components.com\/wp-content\/uploads\/2025\/03\/flexible-coupling3-13x12.webp 13w\" sizes=\"(max-width: 531px) 100vw, 531px\" \/><\/p>\n<\/div>\n<h2>Elastyczne sprz\u0119g\u0142a ko\u0142nierzowe: precyzyjna in\u017cynieria od w\u0142oskich ekspert\u00f3w w dziedzinie sprz\u0119gie\u0142 FMP<\/h2>\n<p>FMP to wiod\u0105cy w\u0142oski producent specjalizuj\u0105cy si\u0119 w szerokiej gamie sprz\u0119gie\u0142 zaprojektowanych do przenoszenia momentu obrotowego mi\u0119dzy wa\u0142ami, z jednoczesnym uwzgl\u0119dnieniem niewsp\u00f3\u0142osiowo\u015bci i ruchu. Niezale\u017cnie od tego, czy dzia\u0142asz w t\u0119tni\u0105cym \u017cyciem przemy\u015ble wytw\u00f3rczym w Mediolanie, czy w warsztacie rzemie\u015blniczym we Florencji, nasze elastyczne sprz\u0119g\u0142a ko\u0142nierzowe \u2013 wykonane z trwa\u0142ych materia\u0142\u00f3w, takich jak stal nierdzewna, guma i mosi\u0105dz \u2013 zapewniaj\u0105 p\u0142ynne przenoszenie mocy i wydajno\u015b\u0107 pracy w zastosowaniach od zestaw\u00f3w pompowych po nap\u0119dy okr\u0119towe.<\/p>\n<p>Firma FMP szczyci si\u0119 szerok\u0105 gam\u0105 typ\u00f3w sprz\u0119gie\u0142, w tym sprz\u0119gie\u0142 mechanicznie elastycznych, z elementami metalowymi i elastomerowymi, dostosowanych do specyficznych potrzeb przemys\u0142u. Opr\u00f3cz bogatej oferty produkt\u00f3w, oferujemy r\u00f3wnie\u017c rozwi\u0105zania niestandardowe dla klient\u00f3w we W\u0142oszech i innych krajach. Je\u015bli mieszkasz w Bolonii i potrzebujesz unikalnego sprz\u0119g\u0142a elastycznego z ko\u0142nierzem do swoich maszyn rolniczych lub szukasz niestandardowego rozwi\u0105zania do zastosowa\u0144 wysokoobrotowych w Mediolanie, do\u015bwiadczeni in\u017cynierowie FMP s\u0105 gotowi do wsp\u00f3\u0142pracy. Nasz proces projektowania i produkcji gwarantuje, \u017ce ka\u017cde sprz\u0119g\u0142o zostanie wykonane dok\u0142adnie wed\u0142ug Twoich wymaga\u0144, zapewniaj\u0105c wydajno\u015b\u0107 i trwa\u0142o\u015b\u0107, na kt\u00f3rych mo\u017cesz polega\u0107.<\/p>\n<p>Nie mo\u017cesz znale\u017a\u0107 dok\u0142adnie tego modelu, kt\u00f3rego potrzebujesz na naszej li\u015bcie produkt\u00f3w? Nie martw si\u0119 \u2013 nasz katalog jest stale aktualizowany i by\u0107 mo\u017ce nie mamy jeszcze wszystkich dost\u0119pnych opcji. Firmy z Florencji, Bolonii lub dowolnego innego miejsca, prosimy o przes\u0142anie nam maila z wymaganiami. Nasz dedykowany zesp\u00f3\u0142 w\u0142oskich in\u017cynier\u00f3w odpowie w ci\u0105gu 24 godzin, oferuj\u0105c porady i rozwi\u0105zania szyte na miar\u0119.<\/p>","protected":false},"excerpt":{"rendered":"<p>FMP&#8217;s flexible couplings are made to reduce vibration and cut down the cost of fixing transmission systems. Their special design helps protect the transmission from damage and makes less noise while running, which makes the system work better and last longer. Plus, these couplings are easy to install and adjust, so you can save time [&hellip;]<\/p>","protected":false},"featured_media":6376,"comment_status":"open","ping_status":"closed","template":"","meta":{"_et_pb_use_builder":"","_et_pb_old_content":"","_et_gb_content_width":""},"product_brand":[],"product_cat":[101],"product_tag":[],"class_list":{"0":"post-6375","1":"product","2":"type-product","3":"status-publish","4":"has-post-thumbnail","6":"product_cat-coupling","8":"first","9":"instock","10":"shipping-taxable","11":"product-type-simple"},"_links":{"self":[{"href":"https:\/\/fmp-components.com\/pl\/wp-json\/wp\/v2\/product\/6375","targetHints":{"allow":["GET"]}}],"collection":[{"href":"https:\/\/fmp-components.com\/pl\/wp-json\/wp\/v2\/product"}],"about":[{"href":"https:\/\/fmp-components.com\/pl\/wp-json\/wp\/v2\/types\/product"}],"replies":[{"embeddable":true,"href":"https:\/\/fmp-components.com\/pl\/wp-json\/wp\/v2\/comments?post=6375"}],"wp:featuredmedia":[{"embeddable":true,"href":"https:\/\/fmp-components.com\/pl\/wp-json\/wp\/v2\/media\/6376"}],"wp:attachment":[{"href":"https:\/\/fmp-components.com\/pl\/wp-json\/wp\/v2\/media?parent=6375"}],"wp:term":[{"taxonomy":"product_brand","embeddable":true,"href":"https:\/\/fmp-components.com\/pl\/wp-json\/wp\/v2\/product_brand?post=6375"},{"taxonomy":"product_cat","embeddable":true,"href":"https:\/\/fmp-components.com\/pl\/wp-json\/wp\/v2\/product_cat?post=6375"},{"taxonomy":"product_tag","embeddable":true,"href":"https:\/\/fmp-components.com\/pl\/wp-json\/wp\/v2\/product_tag?post=6375"}],"curies":[{"name":"wp","href":"https:\/\/api.w.org\/{rel}","templated":true}]}}