{"id":604,"date":"2024-12-17T01:34:18","date_gmt":"2024-12-17T01:34:18","guid":{"rendered":"https:\/\/fmp-components.com\/?page_id=8"},"modified":"2024-12-17T02:06:31","modified_gmt":"2024-12-17T02:06:31","slug":"hydraulic-cylinder-for-filter-press","status":"publish","type":"product","link":"https:\/\/fmp-components.com\/pl\/product\/hydraulic-cylinder-for-filter-press\/","title":{"rendered":"Si\u0142ownik hydrauliczny do prasy filtracyjnej"},"content":{"rendered":"<p style=\"text-align: center;\"><span style=\"font-size: 18pt;\">Si\u0142ownik hydrauliczny do prasy filtracyjnej<\/span><\/p>\n<p>Si\u0142ownik hydrauliczny prasy filtracyjnej to specjalistyczny element hydrauliczny zaprojektowany w celu zapewnienia si\u0142y niezb\u0119dnej do obs\u0142ugi pras filtracyjnych w r\u00f3\u017cnych zastosowaniach przemys\u0142owych, takich jak oczyszczanie \u015bciek\u00f3w, przetw\u00f3rstwo \u017cywno\u015bci i produkcja chemiczna. Si\u0142ownik ten odgrywa kluczow\u0105 rol\u0119 w procesie filtracji, wywieraj\u0105c nacisk na p\u0142yty prasy filtracyjnej, zapewniaj\u0105c skuteczn\u0105 separacj\u0119 cia\u0142 sta\u0142ych od cieczy.<\/p>\n<p><img loading=\"lazy\" decoding=\"async\" class=\"alignnone size-full wp-image-609\" src=\"https:\/\/fmp-components.com\/wp-content\/uploads\/2024\/12\/Filter-Press-Hydraulic-Cylinder-1.webp\" alt=\"Prasa filtracyjna-cylinder hydrauliczny\" width=\"1000\" height=\"600\" title=\"\" srcset=\"https:\/\/fmp-components.com\/wp-content\/uploads\/2024\/12\/Filter-Press-Hydraulic-Cylinder-1.webp 1000w, https:\/\/fmp-components.com\/wp-content\/uploads\/2024\/12\/Filter-Press-Hydraulic-Cylinder-1-980x588.webp 980w, https:\/\/fmp-components.com\/wp-content\/uploads\/2024\/12\/Filter-Press-Hydraulic-Cylinder-1-480x288.webp 480w\" sizes=\"(min-width: 0px) and (max-width: 480px) 480px, (min-width: 481px) and (max-width: 980px) 980px, (min-width: 981px) 1000px, 100vw\" \/><\/p>\n<h4>G\u0142\u00f3wne cechy:<\/h4>\n<ul>\n<li><strong>Mo\u017cliwo\u015b\u0107 pracy przy wysokim ci\u015bnieniu:<\/strong> Zaprojektowany tak, aby wytrzyma\u0107 wysokie ci\u015bnienia robocze, ten si\u0142ownik hydrauliczny zapewnia si\u0142\u0119 potrzebn\u0105 do osi\u0105gni\u0119cia optymalnej wydajno\u015bci filtracji.<\/li>\n<li><strong>Solidna konstrukcja:<\/strong> Wykonany z materia\u0142\u00f3w o wysokiej wytrzyma\u0142o\u015bci si\u0142ownik hydrauliczny prasy filtracyjnej jest skonstruowany tak, aby wytrzymywa\u0107 trudne warunki proces\u00f3w filtracji, gwarantuj\u0105c d\u0142ugotrwa\u0142\u0105 trwa\u0142o\u015b\u0107 i niezawodno\u015b\u0107.<\/li>\n<li><strong>P\u0142ynna praca:<\/strong> Nowoczesna konstrukcja hydrauliczna pozwala na p\u0142ynne i kontrolowane ruchy, u\u0142atwiaj\u0105c precyzyjn\u0105 regulacj\u0119 w trakcie pracy prasy filtracyjnej.<\/li>\n<li><strong>Wszechstronne zastosowanie:<\/strong> Idealny dla szerokiej gamy ga\u0142\u0119zi przemys\u0142u, w tym g\u00f3rnictwa, farmaceutyki i produkcji \u017cywno\u015bci, ten cylinder zwi\u0119ksza funkcjonalno\u015b\u0107 pras filtracyjnych w r\u00f3\u017cnych zastosowaniach.<\/li>\n<li><strong>Niskie wymagania konserwacyjne:<\/strong> Si\u0142ownik hydrauliczny zosta\u0142 zaprojektowany tak, aby zu\u017cywa\u0142 si\u0119 jak najmniej i wymaga\u0142 mniej czynno\u015bci konserwacyjnych, co zmniejsza przestoje i przyczynia si\u0119 do zwi\u0119kszenia wydajno\u015bci operacyjnej.<\/li>\n<\/ul>\n<p>Podsumowuj\u0105c, si\u0142ownik hydrauliczny prasy filtracyjnej jest kluczowym elementem optymalizuj\u0105cym dzia\u0142anie pras filtracyjnych. Dzi\u0119ki temu jest on niezb\u0119dny do efektywnego oddzielania cia\u0142 sta\u0142ych od cieczy w r\u00f3\u017cnych \u015brodowiskach przemys\u0142owych.<\/p>\n<h2>Specyfikacja si\u0142ownika hydraulicznego prasy filtracyjnej:<\/h2>\n<p><img loading=\"lazy\" decoding=\"async\" class=\"size-full wp-image-605 aligncenter\" src=\"https:\/\/fmp-components.com\/wp-content\/uploads\/2024\/12\/Filter-Press-Hydraulic-Cylinder1.webp\" alt=\"Si\u0142ownik hydrauliczny prasy filtracyjnej\" width=\"500\" height=\"200\" title=\"\" srcset=\"https:\/\/fmp-components.com\/wp-content\/uploads\/2024\/12\/Filter-Press-Hydraulic-Cylinder1.webp 500w, https:\/\/fmp-components.com\/wp-content\/uploads\/2024\/12\/Filter-Press-Hydraulic-Cylinder1-480x192.webp 480w\" sizes=\"(min-width: 0px) and (max-width: 480px) 480px, (min-width: 481px) 500px, 100vw\" \/><\/p>\n<table style=\"width: 102.341%; height: 208px;\" border=\"1\" cellspacing=\"0\" cellpadding=\"0\">\n<tbody>\n<tr>\n<td style=\"width: 25.9768%;\">Nazwa produktu<\/td>\n<td style=\"width: 73.9176%;\">Si\u0142ownik hydrauliczny prasy filtracyjnej<\/td>\n<\/tr>\n<tr>\n<td style=\"width: 25.9768%;\">Cechy:<\/td>\n<td style=\"width: 73.9176%;\">Zapewnij nacisk\/pchnij p\u0142yt\u0119 dociskow\u0105, aby \u015bcisn\u0105\u0107\/poci\u0105gn\u0105\u0107 ci\u015bnienie, aby \u015bcisn\u0105\u0107 p\u0142yt\u0119 dociskow\u0105<\/td>\n<\/tr>\n<tr>\n<td style=\"width: 25.9768%;\">\u015arednica otworu:<\/td>\n<td style=\"width: 73.9176%;\">160 mm\uff5e580 mm<\/td>\n<\/tr>\n<tr>\n<td style=\"width: 25.9768%;\">\u015arednica pr\u0119ta:<\/td>\n<td style=\"width: 73.9176%;\">110 mm\uff5e410 mm<br \/>\nSkok \u22642600 mm<\/td>\n<\/tr>\n<tr>\n<td style=\"width: 25.9768%;\">Si\u0142a ci\u0105gu:<\/td>\n<td style=\"width: 73.9176%;\">Maksymalnie 11889 kN<br \/>\n(\u015arednica cylindra 580 mm\/ci\u015bnienie 45 MPa)<\/td>\n<\/tr>\n<tr>\n<td style=\"width: 25.9768%;\">Zastosowania cylindr\u00f3w prasy filtracyjnej:<\/td>\n<td style=\"width: 73.9176%;\">Prasa filtracyjna<\/td>\n<\/tr>\n<\/tbody>\n<\/table>\n<h2>Zalety prasy filtracyjnej z si\u0142ownikiem hydraulicznym<\/h2>\n<p>Si\u0142owniki hydrauliczne pras filtracyjnych s\u0105 niezb\u0119dnymi elementami w dzia\u0142aniu pras filtracyjnych, kt\u00f3re s\u0105 szeroko stosowane w r\u00f3\u017cnych ga\u0142\u0119ziach przemys\u0142u, takich jak uzdatnianie wody, przetw\u00f3rstwo chemiczne, g\u00f3rnictwo i produkcja \u017cywno\u015bci. Cylindry te odgrywaj\u0105 kluczow\u0105 rol\u0119 w procesach prasowania i odwadniania. Poni\u017cej przedstawiono niekt\u00f3re z kluczowych zalet stosowania si\u0142ownik\u00f3w hydraulicznych w prasach filtracyjnych:<\/p>\n<h3>1. Mo\u017cliwo\u015b\u0107 pracy przy wysokim ci\u015bnieniu<\/h3>\n<p>Si\u0142owniki hydrauliczne w prasach filtracyjnych s\u0105 zaprojektowane do pracy przy bardzo wysokich ci\u015bnieniach, zazwyczaj od 200 do 1000 bar\u00f3w, w zale\u017cno\u015bci od rozmiaru prasy filtracyjnej. Ma to kluczowe znaczenie dla zastosowania si\u0142y niezb\u0119dnej do \u015bci\u015bni\u0119cia p\u0142yt filtracyjnych, wyt\u0142oczenia filtratu i zapewnienia efektywnego odwodnienia zawiesiny.<\/p>\n<h3>2. Precyzyjna kontrola i mo\u017cliwo\u015b\u0107 regulacji<\/h3>\n<p>Uk\u0142ady hydrauliczne zapewniaj\u0105 precyzyjn\u0105 kontrol\u0119 si\u0142y nacisku. Ci\u015bnienie mo\u017cna regulowa\u0107 i kontrolowa\u0107, aby zoptymalizowa\u0107 proces filtracji, zapewniaj\u0105c wydajn\u0105 i stabiln\u0105 prac\u0119. Ta precyzja gwarantuje r\u00f3wnie\u017c bezpiecze\u0144stwo sprz\u0119tu i pomaga zminimalizowa\u0107 jego zu\u017cycie.<\/p>\n<h3>3. Zautomatyzowana obs\u0142uga<\/h3>\n<p>Si\u0142owniki hydrauliczne umo\u017cliwiaj\u0105 zautomatyzowan\u0105 prac\u0119, redukuj\u0105c potrzeb\u0119 r\u0119cznej interwencji. Prasa filtracyjna mo\u017ce automatycznie regulowa\u0107 ci\u015bnienie w trakcie cyklu filtracji, zapewniaj\u0105c optymaln\u0105 wydajno\u015b\u0107 przy jednoczesnej oszcz\u0119dno\u015bci czasu i koszt\u00f3w robocizny.<\/p>\n<h3>4. Trwa\u0142o\u015b\u0107 i niezawodno\u015b\u0107<\/h3>\n<p>Si\u0142owniki hydrauliczne stosowane w prasach filtracyjnych s\u0105 wykonane z materia\u0142\u00f3w o wysokiej wytrzyma\u0142o\u015bci i zaprojektowane tak, aby wytrzymywa\u0142y trudne warunki pracy, takie jak kontakt z \u017cr\u0105cymi chemikaliami lub \u015bciernymi zawiesinami. Dzi\u0119ki temu s\u0105 niezwykle trwa\u0142e i niezawodne, co skraca przestoje i konieczno\u015b\u0107 cz\u0119stej wymiany.<\/p>\n<h3>5. Kompaktowy i zajmuj\u0105cy ma\u0142o miejsca<\/h3>\n<p>Si\u0142owniki hydrauliczne s\u0105 kompaktowe i zapewniaj\u0105 du\u017c\u0105 si\u0142\u0119, nie zajmuj\u0105c du\u017co miejsca. Jest to szczeg\u00f3lnie wa\u017cne w bran\u017cach o ograniczonej przestrzeni, takich jak oczyszczalnie \u015bciek\u00f3w czy zak\u0142ady przetw\u00f3rstwa chemicznego.<\/p>\n<h3>6. Efektywno\u015b\u0107 energetyczna<\/h3>\n<p>Uk\u0142ady hydrauliczne mog\u0105 by\u0107 bardziej energooszcz\u0119dne w por\u00f3wnaniu z innymi uk\u0142adami mechanicznymi, poniewa\u017c wykorzystuj\u0105 spr\u0119\u017cony p\u0142yn do przenoszenia si\u0142y. Mo\u017ce to pom\u00f3c zmniejszy\u0107 ca\u0142kowite zu\u017cycie energii w systemie prasy filtracyjnej, przyczyniaj\u0105c si\u0119 do oszcz\u0119dno\u015bci koszt\u00f3w w d\u0142u\u017cszej perspektywie.<\/p>\n<h3>7. Niskie koszty utrzymania<\/h3>\n<p>Si\u0142owniki hydrauliczne zazwyczaj wymagaj\u0105 mniejszej konserwacji w por\u00f3wnaniu z systemami mechanicznymi lub pneumatycznymi. Przy odpowiedniej piel\u0119gnacji, takiej jak regularne kontrole p\u0142yn\u00f3w i konserwacja uszczelnie\u0144, si\u0142owniki hydrauliczne mog\u0105 zapewni\u0107 d\u0142ug\u0105 \u017cywotno\u015b\u0107, co jest op\u0142acalne dla bran\u017c, w kt\u00f3rych wymagana jest ci\u0105g\u0142a filtracja.<\/p>\n<h3>8. Mo\u017cliwo\u015b\u0107 obs\u0142ugi wi\u0119kszych \u0142adunk\u00f3w<\/h3>\n<p>Uk\u0142ady hydrauliczne mog\u0105 generowa\u0107 znaczn\u0105 si\u0142\u0119 w stosunku do swoich rozmiar\u00f3w, co czyni je idealnymi do obs\u0142ugi du\u017cych obci\u0105\u017ce\u0144 pras filtracyjnych. Dzi\u0119ki temu prasy filtracyjne mog\u0105 przetwarza\u0107 wi\u0119ksze obj\u0119to\u015bci szlamu i zapewnia\u0107 wydajniejsze odwadnianie.<\/p>\n<h3>9. Zmniejszone zu\u017cycie<\/h3>\n<p>Si\u0142owniki hydrauliczne wykorzystuj\u0105 p\u0142yn do wprawiania w ruch, co zmniejsza tarcie i zu\u017cycie mechaniczne, typowe dla uk\u0142ad\u00f3w z po\u0142\u0105czeniami mechanicznymi. Wyd\u0142u\u017ca to \u017cywotno\u015b\u0107 ca\u0142ego systemu prasy filtracyjnej.<\/p>\n<h3>10. Funkcje bezpiecze\u0144stwa<\/h3>\n<p>Wiele uk\u0142ad\u00f3w hydraulicznych stosowanych w prasach filtracyjnych ma wbudowane mechanizmy bezpiecze\u0144stwa, takie jak zawory bezpiecze\u0144stwa i czujniki, kt\u00f3re pomagaj\u0105 zapobiega\u0107 przeci\u0105\u017ceniom uk\u0142adu i chroni\u0105 sprz\u0119t przed uszkodzeniem.<\/p>\n<h3>11. Projekty do dostosowania<\/h3>\n<p>Si\u0142owniki hydrauliczne do pras filtracyjnych mo\u017cna dostosowa\u0107 do specyficznych wymaga\u0144 danego zastosowania. Niezale\u017cnie od tego, czy chodzi o ci\u015bnienie, d\u0142ugo\u015b\u0107 skoku, czy dob\u00f3r materia\u0142u, si\u0142owniki hydrauliczne mo\u017cna zaprojektowa\u0107 tak, aby odpowiada\u0142y precyzyjnym potrzebom konkretnej bran\u017cy lub procesu filtracji.<\/p>\n<p>Podsumowuj\u0105c, zalety si\u0142ownik\u00f3w hydraulicznych w prasach filtracyjnych wynikaj\u0105 z ich mo\u017cliwo\u015bci pracy przy wysokim ci\u015bnieniu, precyzyjnej kontroli, niezawodno\u015bci, efektywno\u015bci energetycznej i trwa\u0142o\u015bci. Te cechy sprawiaj\u0105, \u017ce s\u0105 one idealnym wyborem dla bran\u017c wymagaj\u0105cych solidnych i wydajnych rozwi\u0105za\u0144 filtracyjnych.<\/p>\n<p><img loading=\"lazy\" decoding=\"async\" class=\"alignnone size-full wp-image-610\" src=\"https:\/\/fmp-components.com\/wp-content\/uploads\/2024\/12\/fmwYxuKu-hydraulic-cylinder-factory-1.webp\" alt=\"fabryka cylindr\u00f3w hydraulicznych\" width=\"1049\" height=\"665\" title=\"\" srcset=\"https:\/\/fmp-components.com\/wp-content\/uploads\/2024\/12\/fmwYxuKu-hydraulic-cylinder-factory-1.webp 1049w, https:\/\/fmp-components.com\/wp-content\/uploads\/2024\/12\/fmwYxuKu-hydraulic-cylinder-factory-1-980x621.webp 980w, https:\/\/fmp-components.com\/wp-content\/uploads\/2024\/12\/fmwYxuKu-hydraulic-cylinder-factory-1-480x304.webp 480w\" sizes=\"(min-width: 0px) and (max-width: 480px) 480px, (min-width: 481px) and (max-width: 980px) 980px, (min-width: 981px) 1049px, 100vw\" \/><\/p>\n<h2>Zastosowania si\u0142ownik\u00f3w hydraulicznych prasy filtracyjnej<\/h2>\n<h3>1. Oczyszczanie \u015bciek\u00f3w<\/h3>\n<p>Cylindry hydrauliczne pras filtracyjnych s\u0105 powszechnie stosowane w oczyszczalniach \u015bciek\u00f3w do efektywnego oddzielania cia\u0142 sta\u0142ych od cieczy. Poprzez zastosowanie znacznego ci\u015bnienia, cylindry te pomagaj\u0105 zapewni\u0107, \u017ce \u015bcieki spe\u0142niaj\u0105 rygorystyczne normy prawne przed ich odprowadzeniem do \u015brodowiska. Proces ten nie tylko chroni jako\u015b\u0107 wody, ale tak\u017ce promuje zr\u00f3wnowa\u017cone praktyki gospodarowania odpadami, czyni\u0105c go kluczowym elementem w komunalnych i przemys\u0142owych procesach oczyszczania \u015bciek\u00f3w.<\/p>\n<h3>2. Przemys\u0142 spo\u017cywczy i napojowy<\/h3>\n<p>W sektorze przetw\u00f3rstwa spo\u017cywczego, hydrauliczne si\u0142owniki pras filtracyjnych odgrywaj\u0105 kluczow\u0105 rol\u0119 w r\u00f3\u017cnych zastosowaniach, takich jak klarowanie sok\u00f3w, ekstrakcja olej\u00f3w i oddzielanie cia\u0142 sta\u0142ych od produkt\u00f3w p\u0142ynnych. Usprawniaj\u0105c proces filtracji, si\u0142owniki te przyczyniaj\u0105 si\u0119 do produkcji wysokiej jako\u015bci \u017cywno\u015bci i napoj\u00f3w, zapewniaj\u0105c, \u017ce produkty s\u0105 wolne od zanieczyszcze\u0144 i spe\u0142niaj\u0105 normy bezpiecze\u0144stwa. Ich wydajno\u015b\u0107 pomaga producentom optymalizowa\u0107 procesy produkcyjne i utrzymywa\u0107 sp\u00f3jno\u015b\u0107 jako\u015bci produkt\u00f3w.<\/p>\n<h3>3. Produkcja chemiczna<\/h3>\n<p>W zak\u0142adach chemicznych hydrauliczne si\u0142owniki pras filtracyjnych s\u0105 niezb\u0119dne do efektywnego oddzielania cia\u0142 sta\u0142ych od zawiesin. Funkcja ta wspomaga oczyszczanie chemikali\u00f3w i odzysk cennych materia\u0142\u00f3w, czyni\u0105c proces produkcyjny bardziej ekonomicznym i przyjaznym dla \u015brodowiska. Zapewniaj\u0105c, \u017ce w produkcji u\u017cywane s\u0105 wy\u0142\u0105cznie czyste substancje, si\u0142owniki te pomagaj\u0105 zachowa\u0107 integralno\u015b\u0107 produkt\u00f3w chemicznych i zgodno\u015b\u0107 z przepisami bran\u017cowymi.<\/p>\n<h3>4. G\u00f3rnictwo i przetw\u00f3rstwo minera\u0142\u00f3w<\/h3>\n<p>W przemy\u015ble g\u00f3rniczym te si\u0142owniki hydrauliczne odgrywaj\u0105 kluczow\u0105 rol\u0119 w odwadnianiu koncentrat\u00f3w i odpad\u00f3w. U\u0142atwiaj\u0105 one oddzielanie wody od wydobytych materia\u0142\u00f3w, pomagaj\u0105c w gospodarowaniu odpadami i odzyskiwaniu cennych minera\u0142\u00f3w z rudy. To nie tylko zwi\u0119ksza wydajno\u015b\u0107 operacyjn\u0105, ale tak\u017ce minimalizuje wp\u0142yw dzia\u0142alno\u015bci g\u00f3rniczej na \u015brodowisko poprzez zmniejszenie zu\u017cycia wody i promowanie recyklingu odpad\u00f3w.<\/p>\n<h3>5. Produkty farmaceutyczne<\/h3>\n<p>W produkcji farmaceutycznej, cylindry hydrauliczne pras filtracyjnych wspomagaj\u0105 procesy filtracji i oczyszczania, niezb\u0119dne do produkcji bezpiecznych i wysokiej jako\u015bci lek\u00f3w. Skutecznie usuwaj\u0105c zanieczyszczenia i zapewniaj\u0105c klarowno\u015b\u0107 preparat\u00f3w p\u0142ynnych, cylindry te pomagaj\u0105 producentom przestrzega\u0107 rygorystycznych norm regulacyjnych i utrzyma\u0107 skuteczno\u015b\u0107 produktu. Ich rola jest kluczowa dla zapewnienia, \u017ce produkty farmaceutyczne s\u0105 zar\u00f3wno bezpieczne do spo\u017cycia, jak i skuteczne w leczeniu schorze\u0144.<\/p>\n<h3>6. Przemys\u0142 celulozowo-papierniczy<\/h3>\n<p>Cylindry hydrauliczne pras filtracyjnych s\u0105 stosowane w przemy\u015ble celulozowo-papierniczym do odwadniania masy celulozowej, skutecznie oddzielaj\u0105c wod\u0119 od w\u0142\u00f3kien w trakcie produkcji. Proces ten nie tylko poprawia wydajno\u015b\u0107 linii produkcyjnej, ale tak\u017ce pomaga w produkcji wyrob\u00f3w papierniczych o wy\u017cszej jako\u015bci. Minimalizuj\u0105c zawarto\u015b\u0107 wody, cylindry te przyczyniaj\u0105 si\u0119 do oszcz\u0119dno\u015bci energii i poprawy og\u00f3lnej zr\u00f3wnowa\u017cono\u015bci procesu produkcji papieru.<\/p>\n<h3>7. Remediacja \u015brodowiska<\/h3>\n<p>W procesach oczyszczania \u015brodowiska, cylindry hydrauliczne pras filtracyjnych s\u0142u\u017c\u0105 do filtrowania zanieczyszcze\u0144 z gleby i wody. Skutecznie oddzielaj\u0105c szkodliwe substancje od czystych materia\u0142\u00f3w, cylindry te odgrywaj\u0105 istotn\u0105 rol\u0119 w rekultywacji zanieczyszczonych teren\u00f3w i wspieraniu odnowy \u015brodowiska. Ich zastosowanie w projektach remediacyjnych podkre\u015bla ich znaczenie dla ochrony ekosystem\u00f3w i zdrowia publicznego.<\/p>\n<p>Si\u0142owniki hydrauliczne pras filtracyjnych to wszechstronne komponenty, kt\u00f3re zwi\u0119kszaj\u0105 wydajno\u015b\u0107 i efektywno\u015b\u0107 separacji fazy sta\u0142ej od cieczy w r\u00f3\u017cnych ga\u0142\u0119ziach przemys\u0142u. Ich zdolno\u015b\u0107 do zapewnienia jako\u015bci produktu i zgodno\u015bci z przepisami ochrony \u015brodowiska czyni je niezb\u0119dnymi w oczyszczaniu \u015bciek\u00f3w, przetw\u00f3rstwie spo\u017cywczym, przemy\u015ble chemicznym, g\u00f3rnictwie, przemy\u015ble farmaceutycznym, produkcji celulozy i papieru oraz rekultywacji \u015brodowiska. Optymalizuj\u0105c te kluczowe procesy, si\u0142owniki hydrauliczne pras filtracyjnych znacz\u0105co przyczyniaj\u0105 si\u0119 do wydajno\u015bci operacyjnej i zr\u00f3wnowa\u017conego rozwoju w r\u00f3\u017cnorodnych zastosowaniach.<\/p>\n<p><img loading=\"lazy\" decoding=\"async\" class=\"alignnone size-full wp-image-607\" src=\"https:\/\/fmp-components.com\/wp-content\/uploads\/2024\/12\/Filter-Press-Hydraulic-Cylinder.webp\" alt=\"Prasa filtracyjna-cylinder hydrauliczny\" width=\"1024\" height=\"597\" title=\"\" srcset=\"https:\/\/fmp-components.com\/wp-content\/uploads\/2024\/12\/Filter-Press-Hydraulic-Cylinder.webp 1024w, https:\/\/fmp-components.com\/wp-content\/uploads\/2024\/12\/Filter-Press-Hydraulic-Cylinder-980x571.webp 980w, https:\/\/fmp-components.com\/wp-content\/uploads\/2024\/12\/Filter-Press-Hydraulic-Cylinder-480x280.webp 480w\" sizes=\"(min-width: 0px) and (max-width: 480px) 480px, (min-width: 481px) and (max-width: 980px) 980px, (min-width: 981px) 1024px, 100vw\" \/><\/p>\n<h3>O FMP<\/h3>\n<p>FMP to wyspecjalizowana firma produkcyjna specjalizuj\u0105ca si\u0119 w produkcji si\u0142ownik\u00f3w hydraulicznych. Od momentu powstania firma koncentruje si\u0119 na badaniach i produkcji w dziedzinie technologii hydraulicznych, z powodzeniem przechodz\u0105c od zr\u00f3\u017cnicowanego asortymentu produkt\u00f3w, obejmuj\u0105cego maszyny do zbior\u00f3w i maszyny budowlane, do specjalizacji w produkcji podzespo\u0142\u00f3w do ci\u0105gnik\u00f3w rolniczych. Dzi\u0119ki ponad dziesi\u0119cioletniemu do\u015bwiadczeniu w produkcji i zarz\u0105dzaniu, FMP gwarantuje wysok\u0105 jako\u015b\u0107 produkt\u00f3w dzi\u0119ki zaawansowanym technikom produkcyjnym.<\/p>\n<p>Wraz z rozwojem firmy, rozwin\u0119li\u015bmy kompleksow\u0105 lini\u0119 produkcyjn\u0105 do obr\u00f3bki mechanicznej, lini\u0119 monta\u017cow\u0105 oraz lini\u0119 do powlekania. Nasz zesp\u00f3\u0142 sk\u0142ada si\u0119 z wykwalifikowanej kadry kierowniczej, do\u015bwiadczonych projektant\u00f3w mechanik\u00f3w oraz wysoko wykwalifikowanych technik\u00f3w, kt\u00f3rzy wsp\u00f3lnie dbaj\u0105 o utrzymanie stabilnej jako\u015bci produkcji, jednocze\u015bnie skutecznie kontroluj\u0105c ci\u0105g\u0142o\u015b\u0107 i wydajno\u015b\u0107 procesu.<\/p>\n<p>FMP wyznaje filozofi\u0119 \u201eInnowacje technologiczne nap\u0119dzaj\u0105 post\u0119p, jako\u015b\u0107 tworzy marki, rzemios\u0142o zapewnia jako\u015b\u0107 i buduje d\u0142ugoterminowe relacje korzystne dla obu stron\u201d. Nasze zaanga\u017cowanie w dostarczanie wysokiej jako\u015bci produkt\u00f3w i \u015bwiadczenie najwy\u017cszej jako\u015bci obs\u0142ugi klienta pozostaje naszym kluczowym celem, poniewa\u017c wci\u0105\u017c staramy si\u0119 sprosta\u0107 zmieniaj\u0105cym si\u0119 potrzebom rynku.<\/p>\n<p><img loading=\"lazy\" decoding=\"async\" class=\"alignnone size-full wp-image-426\" src=\"https:\/\/fmp-components.com\/wp-content\/uploads\/2024\/12\/Sanitation-Machinery-Locking-Hydraulic-Cylinder-factory.webp\" sizes=\"(min-width: 0px) and (max-width: 480px) 480px, (min-width: 481px) and (max-width: 980px) 980px, (min-width: 981px) and (max-width: 1280px) 1280px, (min-width: 1281px) 1414px, 100vw\" srcset=\"https:\/\/fmp-components.com\/wp-content\/uploads\/2024\/12\/Sanitation-Machinery-Locking-Hydraulic-Cylinder-factory.webp 1414w, https:\/\/fmp-components.com\/wp-content\/uploads\/2024\/12\/Sanitation-Machinery-Locking-Hydraulic-Cylinder-factory-1280x529.webp 1280w, https:\/\/fmp-components.com\/wp-content\/uploads\/2024\/12\/Sanitation-Machinery-Locking-Hydraulic-Cylinder-factory-980x405.webp 980w, https:\/\/fmp-components.com\/wp-content\/uploads\/2024\/12\/Sanitation-Machinery-Locking-Hydraulic-Cylinder-factory-480x198.webp 480w\" alt=\"Sanitacja-Maszyny-Blokady-Hydrauliczne-Fabryka-Cylinder\u00f3w\" width=\"1414\" height=\"584\" title=\"\"><\/p>\n<p>Autor: CX<\/p>","protected":false},"excerpt":{"rendered":"<p>Si\u0142ownik hydrauliczny prasy filtracyjnej to kluczowy element zaprojektowany w celu zapewnienia si\u0142y niezb\u0119dnej do wydajnej pracy pras filtracyjnych w r\u00f3\u017cnych zastosowaniach przemys\u0142owych. Si\u0142ownik ten wywiera nacisk na p\u0142yty filtracyjne, zapewniaj\u0105c skuteczn\u0105 separacj\u0119 cia\u0142 sta\u0142ych od cieczy w procesie filtracji. Wykonany z materia\u0142\u00f3w o wysokiej wytrzyma\u0142o\u015bci, jest odporny na trudne warunki typowe dla proces\u00f3w filtracji, gwarantuj\u0105c trwa\u0142o\u015b\u0107 i niezawodno\u015b\u0107. P\u0142ynne dzia\u0142anie hydrauliczne pozwala na precyzyjn\u0105 kontrol\u0119, zwi\u0119kszaj\u0105c og\u00f3ln\u0105 wydajno\u015b\u0107 i efektywno\u015b\u0107 procesu filtracji. Ten si\u0142ownik hydrauliczny jest niezb\u0119dny do optymalizacji wydajno\u015bci pras filtracyjnych, co czyni go kluczowym elementem w takich bran\u017cach jak oczyszczanie \u015bciek\u00f3w, przetw\u00f3rstwo spo\u017cywcze i produkcja chemiczna.<\/p>","protected":false},"featured_media":606,"comment_status":"open","ping_status":"closed","template":"","meta":{"_et_pb_use_builder":"","_et_pb_old_content":"","_et_gb_content_width":""},"product_brand":[],"product_cat":[27],"product_tag":[],"class_list":{"0":"post-604","1":"product","2":"type-product","3":"status-publish","4":"has-post-thumbnail","6":"product_cat-industrial-engineering-hydraulic-cylinders","8":"first","9":"instock","10":"shipping-taxable","11":"product-type-simple"},"_links":{"self":[{"href":"https:\/\/fmp-components.com\/pl\/wp-json\/wp\/v2\/product\/604","targetHints":{"allow":["GET"]}}],"collection":[{"href":"https:\/\/fmp-components.com\/pl\/wp-json\/wp\/v2\/product"}],"about":[{"href":"https:\/\/fmp-components.com\/pl\/wp-json\/wp\/v2\/types\/product"}],"replies":[{"embeddable":true,"href":"https:\/\/fmp-components.com\/pl\/wp-json\/wp\/v2\/comments?post=604"}],"wp:featuredmedia":[{"embeddable":true,"href":"https:\/\/fmp-components.com\/pl\/wp-json\/wp\/v2\/media\/606"}],"wp:attachment":[{"href":"https:\/\/fmp-components.com\/pl\/wp-json\/wp\/v2\/media?parent=604"}],"wp:term":[{"taxonomy":"product_brand","embeddable":true,"href":"https:\/\/fmp-components.com\/pl\/wp-json\/wp\/v2\/product_brand?post=604"},{"taxonomy":"product_cat","embeddable":true,"href":"https:\/\/fmp-components.com\/pl\/wp-json\/wp\/v2\/product_cat?post=604"},{"taxonomy":"product_tag","embeddable":true,"href":"https:\/\/fmp-components.com\/pl\/wp-json\/wp\/v2\/product_tag?post=604"}],"curies":[{"name":"wp","href":"https:\/\/api.w.org\/{rel}","templated":true}]}}