{"id":555,"date":"2024-12-16T08:31:00","date_gmt":"2024-12-16T08:31:00","guid":{"rendered":"https:\/\/fmp-components.com\/?page_id=8"},"modified":"2024-12-16T08:31:00","modified_gmt":"2024-12-16T08:31:00","slug":"rotary-drilling-cylinder","status":"publish","type":"product","link":"https:\/\/fmp-components.com\/pl\/product\/rotary-drilling-cylinder\/","title":{"rendered":"Obrotowy cylinder wiertniczy"},"content":{"rendered":"<p style=\"text-align: center;\"><span style=\"font-size: 18pt;\">Obrotowy cylinder wiertniczy<\/span><\/p>\n<p>Obrotowy cylinder wiertniczy to kluczowy element hydrauliczny zaprojektowany w celu u\u0142atwienia ruchu obrotowego wymaganego podczas wierce\u0144 w r\u00f3\u017cnych zastosowaniach, takich jak budownictwo, g\u00f3rnictwo i geotechnika. Ten cylinder zapewnia si\u0142\u0119 niezb\u0119dn\u0105 do obrotu wiert\u0142a, umo\u017cliwiaj\u0105c skuteczn\u0105 penetracj\u0119 r\u00f3\u017cnych rodzaj\u00f3w gleby i ska\u0142.<\/p>\n<p><img loading=\"lazy\" decoding=\"async\" class=\"size-full wp-image-556 aligncenter\" src=\"https:\/\/fmp-components.com\/wp-content\/uploads\/2024\/12\/Rotary-Drilling-Cylinder.webp\" alt=\"Cylinder wiertniczy obrotowy\" width=\"760\" height=\"533\" title=\"\" srcset=\"https:\/\/fmp-components.com\/wp-content\/uploads\/2024\/12\/Rotary-Drilling-Cylinder.webp 760w, https:\/\/fmp-components.com\/wp-content\/uploads\/2024\/12\/Rotary-Drilling-Cylinder-480x337.webp 480w\" sizes=\"(min-width: 0px) and (max-width: 480px) 480px, (min-width: 481px) 760px, 100vw\" \/><\/p>\n<h4>G\u0142\u00f3wne cechy:<\/h4>\n<ul>\n<li><strong>Solidna konstrukcja:<\/strong> Wykonany z materia\u0142\u00f3w o wysokiej wytrzyma\u0142o\u015bci obrotowy cylinder wiertniczy zaprojektowano tak, aby wytrzymywa\u0142 trudne warunki panuj\u0105ce w \u015brodowiskach wiertniczych, gwarantuj\u0105c d\u0142ugotrwa\u0142\u0105 trwa\u0142o\u015b\u0107 i niezawodno\u015b\u0107.<\/li>\n<li><strong>P\u0142ynna praca:<\/strong> Konstrukcja hydrauliczna pozwala na p\u0142ynny i kontrolowany obr\u00f3t, co przek\u0142ada si\u0119 na precyzyjne mo\u017cliwo\u015bci wiercenia i podnosi og\u00f3ln\u0105 wydajno\u015b\u0107 operacyjn\u0105.<\/li>\n<li><strong>Wszechstronne zastosowanie:<\/strong> Ten cylinder jest odpowiedni do szerokiej gamy urz\u0105dze\u0144 wiertniczych i zwi\u0119ksza funkcjonalno\u015b\u0107 wiertarek obrotowych, \u015bwidr\u00f3w i innych maszyn wiertniczych, dzi\u0119ki czemu idealnie nadaje si\u0119 do r\u00f3\u017cnych projekt\u00f3w.<\/li>\n<li><strong>Lepsza wydajno\u015b\u0107:<\/strong> Zapewniaj\u0105c sta\u0142\u0105 moc i moment obrotowy, obrotowy cylinder wiertniczy optymalizuje wydajno\u015b\u0107 wiercenia, umo\u017cliwiaj\u0105c szybsz\u0105 i skuteczniejsz\u0105 penetracj\u0119.<\/li>\n<li><strong>Niskie wymagania konserwacyjne:<\/strong> Ten cylinder zosta\u0142 zaprojektowany z my\u015bl\u0105 o minimalnym zu\u017cyciu i wymaga mniej konserwacji, co zmniejsza przestoje i przyczynia si\u0119 do zwi\u0119kszenia wydajno\u015bci operacji wiertniczych.<\/li>\n<\/ul>\n<p>Podsumowuj\u0105c, obrotowy cylinder wiertniczy jest niezb\u0119dnym elementem zwi\u0119kszaj\u0105cym wydajno\u015b\u0107 i skuteczno\u015b\u0107 operacji wiertniczych, co czyni go niezast\u0105pionym w r\u00f3\u017cnych zastosowaniach przemys\u0142owych i budowlanych.<\/p>\n<h2>Specyfikacja cylindra wiertarsko-wiertniczego obrotowego:<\/h2>\n<p>Obrotowy si\u0142ownik wychylenia wysi\u0119gnika wiertnicy to kluczowy element hydrauliczny zaprojektowany do sterowania k\u0105tem nachylenia wysi\u0119gnika wiertnicy, umo\u017cliwiaj\u0105c precyzyjne pozycjonowanie podczas wierce\u0144. Si\u0142ownik ten umo\u017cliwia ruch wychylenia, kt\u00f3ry reguluje wysoko\u015b\u0107 i k\u0105t wysi\u0119gnika, optymalizuj\u0105c wydajno\u015b\u0107 wiercenia i dost\u0119p do r\u00f3\u017cnych g\u0142\u0119boko\u015bci. Wykonany z materia\u0142\u00f3w o wysokiej wytrzyma\u0142o\u015bci, jest odporny na trudne warunki panuj\u0105ce na budowie i podczas wierce\u0144, zapewniaj\u0105c trwa\u0142o\u015b\u0107 i niezawodno\u015b\u0107. P\u0142ynna praca hydrauliczna si\u0142ownika wychylenia pozwala na szybk\u0105 regulacj\u0119, zwi\u0119kszaj\u0105c wszechstronno\u015b\u0107 i wydajno\u015b\u0107 wiertnicy, a jednocze\u015bnie gwarantuj\u0105c bezpieczne i wydajne wiercenie w r\u00f3\u017cnych zastosowaniach.<\/p>\n<p><img loading=\"lazy\" decoding=\"async\" class=\"size-full wp-image-558 aligncenter\" src=\"https:\/\/fmp-components.com\/wp-content\/uploads\/2024\/12\/Rotary-Drilling-Luffing-Cylinder1.webp\" alt=\"Obrotowy cylinder wiertniczy\" width=\"500\" height=\"200\" title=\"\" srcset=\"https:\/\/fmp-components.com\/wp-content\/uploads\/2024\/12\/Rotary-Drilling-Luffing-Cylinder1.webp 500w, https:\/\/fmp-components.com\/wp-content\/uploads\/2024\/12\/Rotary-Drilling-Luffing-Cylinder1-480x192.webp 480w\" sizes=\"(min-width: 0px) and (max-width: 480px) 480px, (min-width: 481px) 500px, 100vw\" \/><\/p>\n<table style=\"width: 92.1166%; height: 218px;\" border=\"1\" cellspacing=\"0\" cellpadding=\"0\">\n<tbody>\n<tr>\n<td>Nazwa produktu<\/td>\n<td>Obrotowy cylinder wiertniczy<\/td>\n<\/tr>\n<tr>\n<td>Cechy:<\/td>\n<td>Kontroluj k\u0105t nachylenia masztu, dostosuj odleg\u0142o\u015b\u0107 mi\u0119dzy masztem a gospodarzem<\/td>\n<\/tr>\n<tr>\n<td>\u015arednica otworu:<\/td>\n<td>125 mm\uff5e250 mm<\/td>\n<\/tr>\n<tr>\n<td>\u015arednica pr\u0119ta:<\/td>\n<td>90 mm\uff5e160 mm<br \/>\nSkok \u22641640 mm<\/td>\n<\/tr>\n<tr>\n<td>Ci\u015bnienie:<\/td>\n<td>do 32MPa<\/td>\n<\/tr>\n<tr>\n<td>Zastosowania cylindra luffingowego:<\/td>\n<td>Wiercenie obrotowe<\/td>\n<\/tr>\n<\/tbody>\n<\/table>\n<p><img loading=\"lazy\" decoding=\"async\" class=\"alignnone size-full wp-image-565\" src=\"https:\/\/fmp-components.com\/wp-content\/uploads\/2024\/12\/Rotary-Drilling-Luffing-Cylinder1-1.webp\" alt=\"Obrotowy cylinder wiertniczy\" width=\"839\" height=\"425\" title=\"\" srcset=\"https:\/\/fmp-components.com\/wp-content\/uploads\/2024\/12\/Rotary-Drilling-Luffing-Cylinder1-1.webp 839w, https:\/\/fmp-components.com\/wp-content\/uploads\/2024\/12\/Rotary-Drilling-Luffing-Cylinder1-1-480x243.webp 480w\" sizes=\"(min-width: 0px) and (max-width: 480px) 480px, (min-width: 481px) 839px, 100vw\" \/> <img loading=\"lazy\" decoding=\"async\" class=\"alignnone size-full wp-image-566\" src=\"https:\/\/fmp-components.com\/wp-content\/uploads\/2024\/12\/Rotary-Drilling-Luffing-Cylinder2.webp\" alt=\"Obrotowy cylinder wiertniczy\" width=\"831\" height=\"417\" title=\"\" srcset=\"https:\/\/fmp-components.com\/wp-content\/uploads\/2024\/12\/Rotary-Drilling-Luffing-Cylinder2.webp 831w, https:\/\/fmp-components.com\/wp-content\/uploads\/2024\/12\/Rotary-Drilling-Luffing-Cylinder2-480x241.webp 480w\" sizes=\"(min-width: 0px) and (max-width: 480px) 480px, (min-width: 481px) 831px, 100vw\" \/><\/p>\n<h2>Specyfikacja cylindra masztu wiertniczego obrotowego:<\/h2>\n<p>Obrotowy si\u0142ownik masztu wiertniczego to kluczowy element hydrauliczny, kt\u00f3ry wspomaga pionowy ruch masztu wiertniczego, umo\u017cliwiaj\u0105c jego podnoszenie i opuszczanie podczas wierce\u0144. Si\u0142ownik ten zosta\u0142 zaprojektowany, aby zapewni\u0107 niezb\u0119dn\u0105 si\u0142\u0119 do wysuwania masztu na r\u00f3\u017cne wysoko\u015bci, umo\u017cliwiaj\u0105c efektywny dost\u0119p do g\u0142\u0119boko\u015bci wymaganych do wiercenia. Wykonany z materia\u0142\u00f3w o wysokiej wytrzyma\u0142o\u015bci, zosta\u0142 zaprojektowany tak, aby sprosta\u0107 surowym wymaganiom panuj\u0105cym w warunkach wiertniczych, gwarantuj\u0105c d\u0142ugotrwa\u0142\u0105 trwa\u0142o\u015b\u0107 i niezawodno\u015b\u0107. P\u0142ynne dzia\u0142anie hydrauliczne si\u0142ownika masztu u\u0142atwia precyzyjn\u0105 kontrol\u0119, zwi\u0119kszaj\u0105c og\u00f3ln\u0105 stabilno\u015b\u0107 i wydajno\u015b\u0107 wiertnicy, a jednocze\u015bnie gwarantuj\u0105c bezpieczn\u0105 i efektywn\u0105 prac\u0119 w szerokim zakresie zastosowa\u0144.<\/p>\n<p><img loading=\"lazy\" decoding=\"async\" class=\"size-full wp-image-559 aligncenter\" src=\"https:\/\/fmp-components.com\/wp-content\/uploads\/2024\/12\/Rotary-Drilling-Mast-Cylinder1.webp\" alt=\"Cylinder masztu wiertniczego obrotowego\" width=\"500\" height=\"200\" title=\"\" srcset=\"https:\/\/fmp-components.com\/wp-content\/uploads\/2024\/12\/Rotary-Drilling-Mast-Cylinder1.webp 500w, https:\/\/fmp-components.com\/wp-content\/uploads\/2024\/12\/Rotary-Drilling-Mast-Cylinder1-480x192.webp 480w\" sizes=\"(min-width: 0px) and (max-width: 480px) 480px, (min-width: 481px) 500px, 100vw\" \/><\/p>\n<table style=\"width: 92.4146%; height: 200px;\" border=\"1\" cellspacing=\"0\" cellpadding=\"0\">\n<tbody>\n<tr style=\"height: 23px;\">\n<td style=\"width: 30.6306%; height: 23px;\">Nazwa produktu<\/td>\n<td style=\"width: 69.009%; height: 23px;\">Cylinder masztu wiertniczego obrotowego<\/td>\n<\/tr>\n<tr style=\"height: 23px;\">\n<td style=\"width: 30.6306%; height: 23px;\">Cechy:<\/td>\n<td style=\"width: 69.009%; height: 23px;\">Kontroluj maszt, dostosuj k\u0105t masztu i pod\u0142o\u017ca<\/td>\n<\/tr>\n<tr style=\"height: 23px;\">\n<td style=\"width: 30.6306%; height: 23px;\">\u015arednica otworu:<\/td>\n<td style=\"width: 69.009%; height: 23px;\">140 mm\uff5e350 mm<\/td>\n<\/tr>\n<tr style=\"height: 47px;\">\n<td style=\"width: 30.6306%; height: 47px;\">\u015arednica pr\u0119ta:<\/td>\n<td style=\"width: 69.009%; height: 47px;\">90 mm\uff5e230 mm<br \/>\nSkok \u22645550 mm<\/td>\n<\/tr>\n<tr style=\"height: 23px;\">\n<td style=\"width: 30.6306%; height: 23px;\">Ci\u015bnienie:<\/td>\n<td style=\"width: 69.009%; height: 23px;\">do 32MPa<\/td>\n<\/tr>\n<tr style=\"height: 23px;\">\n<td style=\"width: 30.6306%; height: 23px;\">Zastosowania cylindra masztowego:<\/td>\n<td style=\"width: 69.009%; height: 23px;\">Wiercenie obrotowe<\/td>\n<\/tr>\n<\/tbody>\n<\/table>\n<p><img loading=\"lazy\" decoding=\"async\" class=\"alignnone size-full wp-image-563\" src=\"https:\/\/fmp-components.com\/wp-content\/uploads\/2024\/12\/Rotary-Drilling-Mast-Cylinder1-1.webp\" alt=\"Cylinder masztu wiertniczego obrotowego\" width=\"821\" height=\"426\" title=\"\" srcset=\"https:\/\/fmp-components.com\/wp-content\/uploads\/2024\/12\/Rotary-Drilling-Mast-Cylinder1-1.webp 821w, https:\/\/fmp-components.com\/wp-content\/uploads\/2024\/12\/Rotary-Drilling-Mast-Cylinder1-1-480x249.webp 480w\" sizes=\"(min-width: 0px) and (max-width: 480px) 480px, (min-width: 481px) 821px, 100vw\" \/> <img loading=\"lazy\" decoding=\"async\" class=\"alignnone size-full wp-image-564\" src=\"https:\/\/fmp-components.com\/wp-content\/uploads\/2024\/12\/Rotary-Drilling-Mast-Cylinder2.webp\" alt=\"Cylinder masztu wiertniczego obrotowego\" width=\"828\" height=\"414\" title=\"\" srcset=\"https:\/\/fmp-components.com\/wp-content\/uploads\/2024\/12\/Rotary-Drilling-Mast-Cylinder2.webp 828w, https:\/\/fmp-components.com\/wp-content\/uploads\/2024\/12\/Rotary-Drilling-Mast-Cylinder2-480x240.webp 480w\" sizes=\"(min-width: 0px) and (max-width: 480px) 480px, (min-width: 481px) 828px, 100vw\" \/><\/p>\n<h2>Specyfikacja cylindra ci\u015bnieniowego do wiercenia obrotowego:<\/h2>\n<p>Si\u0142ownik ci\u015bnieniowy do wiercenia obrotowego to kluczowy element hydrauliczny, zaprojektowany do wywierania i utrzymywania ci\u015bnienia podczas wierce\u0144 obrotowych. Si\u0142ownik ten zapewnia sta\u0142\u0105 si\u0142\u0119 wiert\u0142a, zwi\u0119kszaj\u0105c jego skuteczno\u015b\u0107 w penetracji r\u00f3\u017cnorodnych formacji glebowych i skalnych. Wykonany z materia\u0142\u00f3w o wysokiej wytrzyma\u0142o\u015bci, jest odporny na trudne warunki panuj\u0105ce podczas wierce\u0144, zapewniaj\u0105c trwa\u0142o\u015b\u0107 i niezawodno\u015b\u0107. Dzia\u0142anie ci\u015bnieniowe umo\u017cliwia wydajne wiercenie, zwi\u0119kszaj\u0105c szybko\u015b\u0107 i efektywno\u015b\u0107 operacji. Ponadto konstrukcja si\u0142ownika zapewnia p\u0142ynny ruch hydrauliczny, gwarantuj\u0105c precyzyjn\u0105 kontrol\u0119 i stabilno\u015b\u0107 podczas wierce\u0144, co czyni go niezb\u0119dnym w r\u00f3\u017cnorodnych zastosowaniach budowlanych i geotechnicznych.<\/p>\n<p><img loading=\"lazy\" decoding=\"async\" class=\"size-full wp-image-560 aligncenter\" src=\"https:\/\/fmp-components.com\/wp-content\/uploads\/2024\/12\/Rotary-Drilling-Pressurized-Cylinder.webp\" alt=\"Cylinder ci\u015bnieniowy do wiercenia obrotowego\" width=\"500\" height=\"200\" title=\"\" srcset=\"https:\/\/fmp-components.com\/wp-content\/uploads\/2024\/12\/Rotary-Drilling-Pressurized-Cylinder.webp 500w, https:\/\/fmp-components.com\/wp-content\/uploads\/2024\/12\/Rotary-Drilling-Pressurized-Cylinder-480x192.webp 480w\" sizes=\"(min-width: 0px) and (max-width: 480px) 480px, (min-width: 481px) 500px, 100vw\" \/><\/p>\n<table style=\"width: 91.2553%; height: 204px;\" border=\"1\" cellspacing=\"0\" cellpadding=\"0\">\n<tbody>\n<tr>\n<td>Nazwa produktu<\/td>\n<td>Cylinder ci\u015bnieniowy do wiercenia obrotowego<\/td>\n<\/tr>\n<tr>\n<td>Cechy:<\/td>\n<td>Sterowanie podnoszeniem i opuszczaniem g\u0142owicy nap\u0119dowej<\/td>\n<\/tr>\n<tr>\n<td>\u015arednica otworu:<\/td>\n<td>125 mm\uff5e210 mm<\/td>\n<\/tr>\n<tr>\n<td>\u015arednica pr\u0119ta:<\/td>\n<td>90 mm\uff5e150 mm<br \/>\nSkok \u22648500 mm<\/td>\n<\/tr>\n<tr>\n<td>Ci\u015bnienie:<\/td>\n<td>do 35 MPa<\/td>\n<\/tr>\n<tr>\n<td>Zastosowania cylindr\u00f3w ci\u015bnieniowych:<\/td>\n<td>Wiercenie obrotowe<\/td>\n<\/tr>\n<\/tbody>\n<\/table>\n<p><img loading=\"lazy\" decoding=\"async\" class=\"alignnone size-full wp-image-561\" src=\"https:\/\/fmp-components.com\/wp-content\/uploads\/2024\/12\/Rotary-Drilling-Pressurized-Cylinder2.webp\" alt=\"Cylinder ci\u015bnieniowy do wiercenia obrotowego\" width=\"831\" height=\"416\" title=\"\" srcset=\"https:\/\/fmp-components.com\/wp-content\/uploads\/2024\/12\/Rotary-Drilling-Pressurized-Cylinder2.webp 831w, https:\/\/fmp-components.com\/wp-content\/uploads\/2024\/12\/Rotary-Drilling-Pressurized-Cylinder2-480x240.webp 480w\" sizes=\"(min-width: 0px) and (max-width: 480px) 480px, (min-width: 481px) 831px, 100vw\" \/> <img loading=\"lazy\" decoding=\"async\" class=\"alignnone size-full wp-image-562\" src=\"https:\/\/fmp-components.com\/wp-content\/uploads\/2024\/12\/Rotary-Drilling-Pressurized-Cylinder1.png\" alt=\"Cylinder ci\u015bnieniowy do wiercenia obrotowego\" width=\"817\" height=\"430\" title=\"\" srcset=\"https:\/\/fmp-components.com\/wp-content\/uploads\/2024\/12\/Rotary-Drilling-Pressurized-Cylinder1.png 817w, https:\/\/fmp-components.com\/wp-content\/uploads\/2024\/12\/Rotary-Drilling-Pressurized-Cylinder1-480x253.png 480w\" sizes=\"(min-width: 0px) and (max-width: 480px) 480px, (min-width: 481px) 817px, 100vw\" \/><\/p>\n<h2>O FMP<\/h2>\n<p>FMP to wyspecjalizowana firma produkcyjna specjalizuj\u0105ca si\u0119 w produkcji si\u0142ownik\u00f3w hydraulicznych. Od momentu powstania firma koncentruje si\u0119 na badaniach i produkcji w dziedzinie technologii hydraulicznych, z powodzeniem przechodz\u0105c od zr\u00f3\u017cnicowanego asortymentu produkt\u00f3w, obejmuj\u0105cego maszyny do zbior\u00f3w i maszyny budowlane, do specjalizacji w produkcji podzespo\u0142\u00f3w do ci\u0105gnik\u00f3w rolniczych. Dzi\u0119ki ponad dziesi\u0119cioletniemu do\u015bwiadczeniu w produkcji i zarz\u0105dzaniu, FMP gwarantuje wysok\u0105 jako\u015b\u0107 produkt\u00f3w dzi\u0119ki zaawansowanym technikom produkcyjnym.<\/p>\n<p>Wraz z rozwojem firmy, rozwin\u0119li\u015bmy kompleksow\u0105 lini\u0119 produkcyjn\u0105 do obr\u00f3bki mechanicznej, lini\u0119 monta\u017cow\u0105 oraz lini\u0119 do powlekania. Nasz zesp\u00f3\u0142 sk\u0142ada si\u0119 z wykwalifikowanej kadry kierowniczej, do\u015bwiadczonych projektant\u00f3w mechanik\u00f3w oraz wysoko wykwalifikowanych technik\u00f3w, kt\u00f3rzy wsp\u00f3lnie dbaj\u0105 o utrzymanie stabilnej jako\u015bci produkcji, jednocze\u015bnie skutecznie kontroluj\u0105c ci\u0105g\u0142o\u015b\u0107 i wydajno\u015b\u0107 procesu.<\/p>\n<p>FMP wyznaje filozofi\u0119 \u201eInnowacje technologiczne nap\u0119dzaj\u0105 post\u0119p, jako\u015b\u0107 tworzy marki, rzemios\u0142o zapewnia jako\u015b\u0107 i buduje d\u0142ugoterminowe relacje korzystne dla obu stron\u201d. Nasze zaanga\u017cowanie w dostarczanie wysokiej jako\u015bci produkt\u00f3w i \u015bwiadczenie najwy\u017cszej jako\u015bci obs\u0142ugi klienta pozostaje naszym kluczowym celem, poniewa\u017c wci\u0105\u017c staramy si\u0119 sprosta\u0107 zmieniaj\u0105cym si\u0119 potrzebom rynku.<\/p>\n<p><img loading=\"lazy\" decoding=\"async\" class=\"alignnone size-full wp-image-426\" src=\"https:\/\/fmp-components.com\/wp-content\/uploads\/2024\/12\/Sanitation-Machinery-Locking-Hydraulic-Cylinder-factory.webp\" sizes=\"(min-width: 0px) and (max-width: 480px) 480px, (min-width: 481px) and (max-width: 980px) 980px, (min-width: 981px) and (max-width: 1280px) 1280px, (min-width: 1281px) 1414px, 100vw\" srcset=\"https:\/\/fmp-components.com\/wp-content\/uploads\/2024\/12\/Sanitation-Machinery-Locking-Hydraulic-Cylinder-factory.webp 1414w, https:\/\/fmp-components.com\/wp-content\/uploads\/2024\/12\/Sanitation-Machinery-Locking-Hydraulic-Cylinder-factory-1280x529.webp 1280w, https:\/\/fmp-components.com\/wp-content\/uploads\/2024\/12\/Sanitation-Machinery-Locking-Hydraulic-Cylinder-factory-980x405.webp 980w, https:\/\/fmp-components.com\/wp-content\/uploads\/2024\/12\/Sanitation-Machinery-Locking-Hydraulic-Cylinder-factory-480x198.webp 480w\" alt=\"Sanitacja-Maszyny-Blokady-Hydrauliczne-Fabryka-Cylinder\u00f3w\" width=\"1414\" height=\"584\" title=\"\"><\/p>\n<p>Autor: CX<\/p>","protected":false},"excerpt":{"rendered":"<p>Rotary Drilling Cylinder The Rotary Drilling Cylinder is a crucial hydraulic component designed to facilitate the rotary motion required for drilling operations in various applications, including construction, mining, and geotechnical engineering. This cylinder provides the necessary force to rotate the drill bit, enabling efficient penetration into different types of soil and rock. Key Features: Robust [&hellip;]<\/p>","protected":false},"featured_media":557,"comment_status":"open","ping_status":"closed","template":"","meta":{"_et_pb_use_builder":"","_et_pb_old_content":"","_et_gb_content_width":""},"product_brand":[],"product_cat":[25],"product_tag":[],"class_list":{"0":"post-555","1":"product","2":"type-product","3":"status-publish","4":"has-post-thumbnail","6":"product_cat-mobile-machinery-hydraulic-cylinder","8":"first","9":"instock","10":"shipping-taxable","11":"product-type-simple"},"_links":{"self":[{"href":"https:\/\/fmp-components.com\/pl\/wp-json\/wp\/v2\/product\/555","targetHints":{"allow":["GET"]}}],"collection":[{"href":"https:\/\/fmp-components.com\/pl\/wp-json\/wp\/v2\/product"}],"about":[{"href":"https:\/\/fmp-components.com\/pl\/wp-json\/wp\/v2\/types\/product"}],"replies":[{"embeddable":true,"href":"https:\/\/fmp-components.com\/pl\/wp-json\/wp\/v2\/comments?post=555"}],"wp:featuredmedia":[{"embeddable":true,"href":"https:\/\/fmp-components.com\/pl\/wp-json\/wp\/v2\/media\/557"}],"wp:attachment":[{"href":"https:\/\/fmp-components.com\/pl\/wp-json\/wp\/v2\/media?parent=555"}],"wp:term":[{"taxonomy":"product_brand","embeddable":true,"href":"https:\/\/fmp-components.com\/pl\/wp-json\/wp\/v2\/product_brand?post=555"},{"taxonomy":"product_cat","embeddable":true,"href":"https:\/\/fmp-components.com\/pl\/wp-json\/wp\/v2\/product_cat?post=555"},{"taxonomy":"product_tag","embeddable":true,"href":"https:\/\/fmp-components.com\/pl\/wp-json\/wp\/v2\/product_tag?post=555"}],"curies":[{"name":"wp","href":"https:\/\/api.w.org\/{rel}","templated":true}]}}