{"id":5271,"date":"2025-02-05T06:15:34","date_gmt":"2025-02-05T06:15:34","guid":{"rendered":"https:\/\/fmp-components.com\/?post_type=product&#038;p=5271"},"modified":"2025-02-05T06:20:23","modified_gmt":"2025-02-05T06:20:23","slug":"cast-iron-sprocket","status":"publish","type":"product","link":"https:\/\/fmp-components.com\/pl\/product\/cast-iron-sprocket\/","title":{"rendered":"\u017beliwna z\u0119batka"},"content":{"rendered":"<h2>Przegl\u0105d z\u0119batek \u017celiwnych<\/h2>\n<p>Nasze \u017celiwne ko\u0142a z\u0119bate zosta\u0142y zaprojektowane i wyprodukowane z my\u015bl\u0105 o wyj\u0105tkowej wydajno\u015bci i trwa\u0142o\u015bci. Ko\u0142a te znajduj\u0105 szerokie zastosowanie w r\u00f3\u017cnych zastosowaniach przemys\u0142owych, gdzie niezawodno\u015b\u0107 i d\u0142uga \u017cywotno\u015b\u0107 maj\u0105 kluczowe znaczenie. Wykorzystujemy wysokiej jako\u015bci materia\u0142y i zaawansowane techniki produkcji, aby tworzy\u0107 ko\u0142a z\u0119bate spe\u0142niaj\u0105ce najwy\u017csze standardy precyzji i trwa\u0142o\u015bci.<\/p>\n<h3>Wyb\u00f3r materia\u0142\u00f3w<\/h3>\n<p>Nasze du\u017ce i ma\u0142e ko\u0142a z\u0119bate s\u0105 formowane z wysokiej jako\u015bci stali konstrukcyjnej w\u0119glowej, co zapewnia doskona\u0142\u0105 wytrzyma\u0142o\u015b\u0107 i odporno\u015b\u0107 na zu\u017cycie. Dodatkowo oferujemy mo\u017cliwo\u015b\u0107 personalizacji w r\u00f3\u017cnych materia\u0142ach, takich jak stal nierdzewna, stal w\u0119glowa i inne specjalistyczne stopy, co pozwala nam dostosowa\u0107 ko\u0142a z\u0119bate do indywidualnych wymaga\u0144 klienta.<\/p>\n<h3>Technologia przetwarzania i obr\u00f3bki<\/h3>\n<p>Aby zapewni\u0107 optymaln\u0105 wydajno\u015b\u0107, w procesie produkcyjnym stosujemy zaawansowan\u0105 technologi\u0119 frezowania k\u00f3\u0142 z\u0119batych. Dzi\u0119ki temu powstaj\u0105 ko\u0142a z\u0119bate o niezwykle precyzyjnych profilach z\u0119b\u00f3w. Po uformowaniu ko\u0142a z\u0119bate poddawane s\u0105 procesowi hartowania i odpuszczania, co znacz\u0105co poprawia ich w\u0142a\u015bciwo\u015bci mechaniczne. Twardo\u015b\u0107 z\u0119b\u00f3w jest starannie kontrolowana i osi\u0105ga poziom 68-72 HRA, co zapewnia doskona\u0142\u0105 odporno\u015b\u0107 na zu\u017cycie i wytrzyma\u0142o\u015b\u0107.<\/p>\n<h3>Seria produkt\u00f3w<\/h3>\n<p>Oferujemy szerok\u0105 gam\u0119 z\u0119batek, od standardowych, ekonomicznych modeli po najwy\u017cszej jako\u015bci ko\u0142a z\u0119bate przeznaczone do wymagaj\u0105cych zastosowa\u0144. Nasz proces produkcyjny jest \u015bci\u015ble kontrolowany na ka\u017cdym etapie, aby zagwarantowa\u0107 sp\u00f3jno\u015b\u0107 i precyzj\u0119 wykonania ka\u017cdego produktu.<\/p>\n<h3>G\u0142\u00f3wne cechy z\u0119batek \u017celiwnych<\/h3>\n<ul>\n<li><strong>R\u00f3\u017cnorodno\u015b\u0107 materia\u0142\u00f3w<\/strong>:Nasze \u017celiwne ko\u0142a z\u0119bate s\u0105 dost\u0119pne w r\u00f3\u017cnych materia\u0142ach, w tym stali w\u0119glowej, stali nierdzewnej i innych stopach, aby sprosta\u0107 zr\u00f3\u017cnicowanym potrzebom naszych klient\u00f3w.<\/li>\n<li><strong>Dost\u0119pna personalizacja<\/strong>Oferujemy pe\u0142n\u0105 personalizacj\u0119 opart\u0105 na wymaganiach u\u017cytkownika, co gwarantuje, \u017ce ko\u0142a z\u0119bate s\u0105 dostosowane do konkretnych warunk\u00f3w eksploatacji.<\/li>\n<li><strong>Obr\u00f3bka cieplna<\/strong>:Ka\u017cda z\u0119batka poddawana jest procesowi obr\u00f3bki cieplnej w celu uzyskania wymaganej twardo\u015bci, co zwi\u0119ksza jej trwa\u0142o\u015b\u0107 i odporno\u015b\u0107 na zu\u017cycie.<\/li>\n<li><strong>Precyzyjna produkcja<\/strong>:Ko\u0142a z\u0119bate s\u0105 starannie obrabiane, aby zapewni\u0107 czyste kraw\u0119dzie i powierzchni\u0119 bez zadzior\u00f3w, co poprawia og\u00f3ln\u0105 estetyk\u0119 i jako\u015b\u0107 dzia\u0142ania.<\/li>\n<li><strong>D\u0142uga \u017cywotno\u015b\u0107<\/strong>:Dzi\u0119ki rygorystycznemu doborowi materia\u0142\u00f3w, wysokiej twardo\u015bci i stabilnej pracy nasze \u017celiwne ko\u0142a z\u0119bate s\u0105 trwa\u0142e i oferuj\u0105 d\u0142u\u017csz\u0105 \u017cywotno\u015b\u0107 nawet w \u015brodowiskach poddawanych du\u017cym napr\u0119\u017ceniom.<\/li>\n<li><strong>Stabilna praca<\/strong>:Zaprojektowane do pracy przy du\u017cych pr\u0119dko\u015bciach, nasze ko\u0142a z\u0119bate zapewniaj\u0105 p\u0142ynn\u0105 i stabiln\u0105 prac\u0119, redukuj\u0105c ryzyko przerw w pracy lub wibracji.<\/li>\n<\/ul>\n<p>Nasze \u017celiwne ko\u0142a z\u0119bate zosta\u0142y zaprojektowane z my\u015bl\u0105 o niezawodno\u015bci i wydajno\u015bci. Dzi\u0119ki rygorystycznej selekcji materia\u0142\u00f3w, zaawansowanym technikom obr\u00f3bki i mo\u017cliwo\u015bciom personalizacji, stanowi\u0105 idealne rozwi\u0105zanie do zastosowa\u0144 wymagaj\u0105cych wysokiej trwa\u0142o\u015bci i stabilnej pracy. Niezale\u017cnie od tego, czy potrzebujesz standardowego ko\u0142a z\u0119batego, czy te\u017c ko\u0142a zaprojektowanego na zam\u00f3wienie, jeste\u015bmy do Twojej dyspozycji, aby zaoferowa\u0107 Ci wysokiej jako\u015bci rozwi\u0105zania dopasowane do Twoich potrzeb.<\/p>\n<h2>Lista z\u0119batek \u017celiwnych:<\/h2>\n<p><img loading=\"lazy\" decoding=\"async\" class=\"alignnone size-full wp-image-5272\" src=\"https:\/\/fmp-components.com\/wp-content\/uploads\/2025\/02\/fmp-cast-iron-sprocket-1.webp\" alt=\"fmp-\u017celiwna z\u0119batka\" width=\"1059\" height=\"464\" title=\"\" srcset=\"https:\/\/fmp-components.com\/wp-content\/uploads\/2025\/02\/fmp-cast-iron-sprocket-1.webp 1059w, https:\/\/fmp-components.com\/wp-content\/uploads\/2025\/02\/fmp-cast-iron-sprocket-1-980x429.webp 980w, https:\/\/fmp-components.com\/wp-content\/uploads\/2025\/02\/fmp-cast-iron-sprocket-1-480x210.webp 480w\" sizes=\"(min-width: 0px) and (max-width: 480px) 480px, (min-width: 481px) and (max-width: 980px) 980px, (min-width: 981px) 1059px, 100vw\" \/><\/p>\n<h3>z\u0119batka \u017celiwna 06B<\/h3>\n<p><img loading=\"lazy\" decoding=\"async\" class=\"alignnone size-full wp-image-5273\" src=\"https:\/\/fmp-components.com\/wp-content\/uploads\/2025\/02\/fmp-cast-iron-sprocket-2.webp\" alt=\"fmp-\u017celiwna z\u0119batka\" width=\"935\" height=\"434\" title=\"\" srcset=\"https:\/\/fmp-components.com\/wp-content\/uploads\/2025\/02\/fmp-cast-iron-sprocket-2.webp 935w, https:\/\/fmp-components.com\/wp-content\/uploads\/2025\/02\/fmp-cast-iron-sprocket-2-480x223.webp 480w\" sizes=\"(min-width: 0px) and (max-width: 480px) 480px, (min-width: 481px) 935px, 100vw\" \/><\/p>\n<h3>z\u0119batka \u017celiwna 08B<\/h3>\n<p><img loading=\"lazy\" decoding=\"async\" class=\"alignnone size-full wp-image-5274\" src=\"https:\/\/fmp-components.com\/wp-content\/uploads\/2025\/02\/fmp-cast-iron-sprocket-3.webp\" alt=\"fmp-\u017celiwna z\u0119batka\" width=\"934\" height=\"442\" title=\"\" srcset=\"https:\/\/fmp-components.com\/wp-content\/uploads\/2025\/02\/fmp-cast-iron-sprocket-3.webp 934w, https:\/\/fmp-components.com\/wp-content\/uploads\/2025\/02\/fmp-cast-iron-sprocket-3-480x227.webp 480w\" sizes=\"(min-width: 0px) and (max-width: 480px) 480px, (min-width: 481px) 934px, 100vw\" \/><\/p>\n<h3>z\u0119batka \u017celiwna 10B<\/h3>\n<p><img loading=\"lazy\" decoding=\"async\" class=\"alignnone size-full wp-image-5275\" src=\"https:\/\/fmp-components.com\/wp-content\/uploads\/2025\/02\/fmp-cast-iron-sprocket-4.webp\" alt=\"fmp-\u017celiwna z\u0119batka\" width=\"937\" height=\"403\" title=\"\" srcset=\"https:\/\/fmp-components.com\/wp-content\/uploads\/2025\/02\/fmp-cast-iron-sprocket-4.webp 937w, https:\/\/fmp-components.com\/wp-content\/uploads\/2025\/02\/fmp-cast-iron-sprocket-4-480x206.webp 480w\" sizes=\"(min-width: 0px) and (max-width: 480px) 480px, (min-width: 481px) 937px, 100vw\" \/><\/p>\n<h3>z\u0119batka \u017celiwna 12B<\/h3>\n<p><img loading=\"lazy\" decoding=\"async\" class=\"alignnone size-full wp-image-5276\" src=\"https:\/\/fmp-components.com\/wp-content\/uploads\/2025\/02\/fmp-cast-iron-sprocket-5.webp\" alt=\"fmp-\u017celiwna z\u0119batka\" width=\"937\" height=\"426\" title=\"\" srcset=\"https:\/\/fmp-components.com\/wp-content\/uploads\/2025\/02\/fmp-cast-iron-sprocket-5.webp 937w, https:\/\/fmp-components.com\/wp-content\/uploads\/2025\/02\/fmp-cast-iron-sprocket-5-480x218.webp 480w\" sizes=\"(min-width: 0px) and (max-width: 480px) 480px, (min-width: 481px) 937px, 100vw\" \/><\/p>\n<h3>z\u0119batka \u017celiwna 16B<\/h3>\n<p><img loading=\"lazy\" decoding=\"async\" class=\"alignnone size-full wp-image-5277\" src=\"https:\/\/fmp-components.com\/wp-content\/uploads\/2025\/02\/fmp-cast-iron-sprocket-6.webp\" alt=\"fmp-\u017celiwna z\u0119batka\" width=\"938\" height=\"442\" title=\"\" srcset=\"https:\/\/fmp-components.com\/wp-content\/uploads\/2025\/02\/fmp-cast-iron-sprocket-6.webp 938w, https:\/\/fmp-components.com\/wp-content\/uploads\/2025\/02\/fmp-cast-iron-sprocket-6-480x226.webp 480w\" sizes=\"(min-width: 0px) and (max-width: 480px) 480px, (min-width: 481px) 938px, 100vw\" \/><\/p>\n<h3>z\u0119batka \u017celiwna 20B<\/h3>\n<p><img loading=\"lazy\" decoding=\"async\" class=\"alignnone size-full wp-image-5278\" src=\"https:\/\/fmp-components.com\/wp-content\/uploads\/2025\/02\/fmp-cast-iron-sprocket-7.webp\" alt=\"fmp-\u017celiwna z\u0119batka\" width=\"938\" height=\"333\" title=\"\" srcset=\"https:\/\/fmp-components.com\/wp-content\/uploads\/2025\/02\/fmp-cast-iron-sprocket-7.webp 938w, https:\/\/fmp-components.com\/wp-content\/uploads\/2025\/02\/fmp-cast-iron-sprocket-7-480x170.webp 480w\" sizes=\"(min-width: 0px) and (max-width: 480px) 480px, (min-width: 481px) 938px, 100vw\" \/><\/p>\n<h3>z\u0119batka \u017celiwna 24B<\/h3>\n<p><img loading=\"lazy\" decoding=\"async\" class=\"alignnone size-full wp-image-5279\" src=\"https:\/\/fmp-components.com\/wp-content\/uploads\/2025\/02\/fmp-cast-iron-sprocket-8.webp\" alt=\"fmp-\u017celiwna z\u0119batka\" width=\"935\" height=\"404\" title=\"\" srcset=\"https:\/\/fmp-components.com\/wp-content\/uploads\/2025\/02\/fmp-cast-iron-sprocket-8.webp 935w, https:\/\/fmp-components.com\/wp-content\/uploads\/2025\/02\/fmp-cast-iron-sprocket-8-480x207.webp 480w\" sizes=\"(min-width: 0px) and (max-width: 480px) 480px, (min-width: 481px) 935px, 100vw\" \/><\/p>\n<h3>z\u0119batka \u017celiwna 28B<\/h3>\n<p><img loading=\"lazy\" decoding=\"async\" class=\"alignnone size-full wp-image-5280\" src=\"https:\/\/fmp-components.com\/wp-content\/uploads\/2025\/02\/fmp-cast-iron-sprocket-9.webp\" alt=\"fmp-\u017celiwna z\u0119batka\" width=\"938\" height=\"340\" title=\"\" srcset=\"https:\/\/fmp-components.com\/wp-content\/uploads\/2025\/02\/fmp-cast-iron-sprocket-9.webp 938w, https:\/\/fmp-components.com\/wp-content\/uploads\/2025\/02\/fmp-cast-iron-sprocket-9-480x174.webp 480w\" sizes=\"(min-width: 0px) and (max-width: 480px) 480px, (min-width: 481px) 938px, 100vw\" \/><\/p>\n<h3>z\u0119batka \u017celiwna 32B<\/h3>\n<p><img loading=\"lazy\" decoding=\"async\" class=\"alignnone size-full wp-image-5283\" src=\"https:\/\/fmp-components.com\/wp-content\/uploads\/2025\/02\/fmp-cast-iron-sprocket-10.webp\" alt=\"fmp-\u017celiwna z\u0119batka\" width=\"937\" height=\"382\" title=\"\" srcset=\"https:\/\/fmp-components.com\/wp-content\/uploads\/2025\/02\/fmp-cast-iron-sprocket-10.webp 937w, https:\/\/fmp-components.com\/wp-content\/uploads\/2025\/02\/fmp-cast-iron-sprocket-10-480x196.webp 480w\" sizes=\"(min-width: 0px) and (max-width: 480px) 480px, (min-width: 481px) 937px, 100vw\" \/><\/p>\n<h2>O FMP<\/h2>\n<p>W FMP szczycimy si\u0119 tym, \u017ce jeste\u015bmy wiod\u0105cym producentem wysokiej jako\u015bci k\u00f3\u0142 z\u0119batych, wytwarzanych w naszym nowoczesnym zak\u0142adzie we W\u0142oszech. Oferujemy szerok\u0105 gam\u0119 k\u00f3\u0142 z\u0119batych, zaprojektowanych tak, aby sprosta\u0107 unikalnym potrzebom r\u00f3\u017cnych bran\u017c. Niezale\u017cnie od tego, czy szukasz k\u00f3\u0142 z\u0119batych z gotowym otworem, k\u00f3\u0142 napinaj\u0105cych, k\u00f3\u0142 z\u0119batych z blokad\u0105 sto\u017ckow\u0105, czy k\u00f3\u0142 z\u0119batych do przeno\u015bnik\u00f3w, ka\u017cdy produkt wykonujemy z precyzj\u0105 i trwa\u0142o\u015bci\u0105, aby zapewni\u0107 optymaln\u0105 wydajno\u015b\u0107. Nasza oferta obejmuje ko\u0142a z\u0119bate ze stali nierdzewnej, tworzywa sztucznego i stali, a tak\u017ce modele specjalistyczne, takie jak ko\u0142a z\u0119bate o podw\u00f3jnej podzia\u0142ce i ko\u0142a z\u0119bate dwurz\u0119dowe, co pozwala nam zapewni\u0107 idealne rozwi\u0105zanie do ka\u017cdego zastosowania.<\/p>\n<p>Tym, co wyr\u00f3\u017cnia FMP, jest nasze zaanga\u017cowanie w personalizacj\u0119. Zdajemy sobie spraw\u0119, \u017ce ka\u017cdy projekt ma swoje specyficzne wymagania, dlatego oferujemy rozwi\u0105zania z\u0119batek na zam\u00f3wienie, dopasowane do Pa\u0144stwa potrzeb. Niezale\u017cnie od tego, czy potrzebuj\u0105 Pa\u0144stwo niestandardowego projektu, czy maj\u0105 Pa\u0144stwo specjalistyczne wymagania techniczne, nasz zesp\u00f3\u0142 ekspert\u00f3w jest gotowy dostarczy\u0107 precyzyjne, niezawodne i wydajne rozwi\u0105zania.<\/p>\n<p>D\u0105\u017cymy do doskona\u0142o\u015bci zar\u00f3wno w in\u017cynierii, jak i produkcji, dbaj\u0105c o to, aby ka\u017cda produkowana przez nas z\u0119batka spe\u0142nia\u0142a najwy\u017csze standardy jako\u015bci i by\u0142a trwa\u0142a. Je\u015bli masz jakiekolwiek pytania lub potrzebujesz spersonalizowanego rozwi\u0105zania w zakresie z\u0119batek, skontaktuj si\u0119 z nami. Nasz zesp\u00f3\u0142 s\u0142u\u017cy fachowym doradztwem i szybko odpowiada, aby zagwarantowa\u0107 Ci pe\u0142n\u0105 satysfakcj\u0119. Skontaktuj si\u0119 z nami mailowo, a skontaktujemy si\u0119 z Tob\u0105 najszybciej, jak to mo\u017cliwe.<\/p>\n<p><img loading=\"lazy\" decoding=\"async\" class=\"alignnone size-full wp-image-5246\" src=\"https:\/\/fmp-components.com\/wp-content\/uploads\/2025\/02\/fmp-cast-sprocket-1.webp\" sizes=\"(min-width: 0px) and (max-width: 480px) 480px, (min-width: 481px) and (max-width: 980px) 980px, (min-width: 981px) and (max-width: 1280px) 1280px, (min-width: 1281px) 2492px, 100vw\" srcset=\"https:\/\/fmp-components.com\/wp-content\/uploads\/2025\/02\/fmp-cast-sprocket-1.webp 2492w, https:\/\/fmp-components.com\/wp-content\/uploads\/2025\/02\/fmp-cast-sprocket-1-1280x606.webp 1280w, https:\/\/fmp-components.com\/wp-content\/uploads\/2025\/02\/fmp-cast-sprocket-1-980x464.webp 980w, https:\/\/fmp-components.com\/wp-content\/uploads\/2025\/02\/fmp-cast-sprocket-1-480x227.webp 480w\" alt=\"fmp-odlew-z\u0119batki\" width=\"2492\" height=\"1179\" title=\"\"><\/p>","protected":false},"excerpt":{"rendered":"<p>Overview of Cast Iron Sprocket Our cast iron sprockets are designed and manufactured to provide exceptional performance and durability. These sprockets are widely used in various industrial applications where reliability and long service life are crucial. We use high-quality materials and advanced manufacturing techniques to produce sprockets that meet the highest standards of precision and [&hellip;]<\/p>","protected":false},"featured_media":5284,"comment_status":"open","ping_status":"closed","template":"","meta":{"_et_pb_use_builder":"","_et_pb_old_content":"","_et_gb_content_width":""},"product_brand":[],"product_cat":[99],"product_tag":[],"class_list":{"0":"post-5271","1":"product","2":"type-product","3":"status-publish","4":"has-post-thumbnail","6":"product_cat-specialty-sprockets","8":"first","9":"instock","10":"shipping-taxable","11":"product-type-simple"},"_links":{"self":[{"href":"https:\/\/fmp-components.com\/pl\/wp-json\/wp\/v2\/product\/5271","targetHints":{"allow":["GET"]}}],"collection":[{"href":"https:\/\/fmp-components.com\/pl\/wp-json\/wp\/v2\/product"}],"about":[{"href":"https:\/\/fmp-components.com\/pl\/wp-json\/wp\/v2\/types\/product"}],"replies":[{"embeddable":true,"href":"https:\/\/fmp-components.com\/pl\/wp-json\/wp\/v2\/comments?post=5271"}],"wp:featuredmedia":[{"embeddable":true,"href":"https:\/\/fmp-components.com\/pl\/wp-json\/wp\/v2\/media\/5284"}],"wp:attachment":[{"href":"https:\/\/fmp-components.com\/pl\/wp-json\/wp\/v2\/media?parent=5271"}],"wp:term":[{"taxonomy":"product_brand","embeddable":true,"href":"https:\/\/fmp-components.com\/pl\/wp-json\/wp\/v2\/product_brand?post=5271"},{"taxonomy":"product_cat","embeddable":true,"href":"https:\/\/fmp-components.com\/pl\/wp-json\/wp\/v2\/product_cat?post=5271"},{"taxonomy":"product_tag","embeddable":true,"href":"https:\/\/fmp-components.com\/pl\/wp-json\/wp\/v2\/product_tag?post=5271"}],"curies":[{"name":"wp","href":"https:\/\/api.w.org\/{rel}","templated":true}]}}