{"id":5256,"date":"2025-02-05T05:17:19","date_gmt":"2025-02-05T05:17:19","guid":{"rendered":"https:\/\/fmp-components.com\/?post_type=product&#038;p=5256"},"modified":"2025-02-05T06:13:06","modified_gmt":"2025-02-05T06:13:06","slug":"hand-or-electric-chain-hoist-sprocket-for-crane-lifting","status":"publish","type":"product","link":"https:\/\/fmp-components.com\/pl\/product\/hand-or-electric-chain-hoist-sprocket-for-crane-lifting\/","title":{"rendered":"Wci\u0105gnik \u0142a\u0144cuchowy r\u0119czny lub elektryczny do podnoszenia d\u017awigiem"},"content":{"rendered":"<h2>Przegl\u0105d produkt\u00f3w z\u0119batek wci\u0105gnika \u0142a\u0144cuchowego<\/h2>\n<p>Ko\u0142o z\u0119bate wci\u0105gnika \u0142a\u0144cuchowego zosta\u0142o zaprojektowane z my\u015bl\u0105 o \u0142atwo\u015bci obs\u0142ugi, mobilno\u015bci i bezpiecze\u0144stwie, co czyni je popularnym wyborem w\u015br\u00f3d u\u017cytkownik\u00f3w. Dzi\u0119ki innowacyjnej konstrukcji i p\u0142ynnej pracy, ko\u0142o z\u0119bate doskonale sprawdza si\u0119 w zastosowaniach zwi\u0105zanych z podnoszeniem ci\u0119\u017ckich \u0142adunk\u00f3w. Co je jednak wyr\u00f3\u017cnia?<\/p>\n<p>Ko\u0142o z\u0119bate wci\u0105gnika \u0142a\u0144cuchowego jest zbudowane z komponent\u00f3w, takich jak haki, \u0142a\u0144cuchy i inne cz\u0119\u015bci, kt\u00f3re charakteryzuj\u0105 si\u0119 wysok\u0105 no\u015bno\u015bci\u0105, doskona\u0142\u0105 wytrzyma\u0142o\u015bci\u0105 i wytrzyma\u0142o\u015bci\u0105. Te cechy zapewniaj\u0105 trwa\u0142o\u015b\u0107 i odporno\u015b\u0107 ko\u0142a z\u0119batego na p\u0119kni\u0119cia podczas u\u017cytkowania, co znacznie poprawia bezpiecze\u0144stwo pracy. Solidna konstrukcja ko\u0142a z\u0119batego pozwala na r\u00f3wnomierne podnoszenie du\u017cych ci\u0119\u017car\u00f3w przez d\u0142ugi czas, zwi\u0119kszaj\u0105c wydajno\u015b\u0107 pracy i redukuj\u0105c konieczno\u015b\u0107 wykonywania pracy r\u0119cznej.<\/p>\n<p>\u0141a\u0144cuch z\u0119baty wci\u0105gnika jest powszechnie stosowany w takich ga\u0142\u0119ziach przemys\u0142u jak energetyka, transport, budowa most\u00f3w i g\u00f3rnictwo w\u0119gla. Zapewnia on wyj\u0105tkowe korzy\u015bci, kt\u00f3re przyczyniaj\u0105 si\u0119 do wydajniejszej i bezpieczniejszej pracy w r\u00f3\u017cnych dziedzinach, staj\u0105c si\u0119 nieocenionym narz\u0119dziem zwi\u0119kszaj\u0105cym produktywno\u015b\u0107.<\/p>\n<h3>Ulepszona konstrukcja sta\u0142ego ko\u0142a pasowego<\/h3>\n<p>Ko\u0142o z\u0119bate wci\u0105gnika \u0142a\u0144cuchowego to zaawansowana wersja tradycyjnego ko\u0142a pasowego sta\u0142ego, \u0142\u0105cz\u0105ca najlepsze cechy ko\u0142a pasowego sta\u0142ego z dodatkow\u0105 funkcjonalno\u015bci\u0105. Integruje reduktor, hamulec biegu wstecznego i ko\u0142o z\u0119bate wci\u0105gnika \u0142a\u0144cuchowego, wszystko w symetrycznym uk\u0142adzie wt\u00f3rnej przek\u0142adni z\u0119batej. Ta konfiguracja jest prosta, trwa\u0142a i wysoce wydajna.<\/p>\n<p>Obs\u0142uga jest prosta: \u0142a\u0144cuch r\u0119czny i ko\u0142o \u0142a\u0144cucha r\u0119cznego s\u0105 poci\u0105gane, aby zaz\u0119bi\u0107 si\u0119 z zapadk\u0105 tarczy ciernej i gniazdem hamulca, powoduj\u0105c ich wsp\u00f3lny obr\u00f3t. Gdy wa\u0142 o d\u0142ugim z\u0119bie obraca tarcz\u0119 z\u0119bat\u0105, wa\u0142 o kr\u00f3tkim z\u0119bie i ko\u0142o z\u0119bate z otworem wielowypustowym pod\u0105\u017caj\u0105 za nim. To dzia\u0142anie nap\u0119dza ko\u0142o \u0142a\u0144cuchowe podnoszenia, kt\u00f3re z kolei porusza \u0142a\u0144cuch podnoszenia, aby r\u00f3wnomiernie podnosi\u0107 ci\u0119\u017cki \u0142adunek. Dodatkowo, jednokierunkowy mechanizm hamulca, wyposa\u017cony w zapadk\u0119 tarczy ciernej, zapewnia automatyczne hamowanie pod obci\u0105\u017ceniem. Zapadka zaz\u0119bia si\u0119 z zapadk\u0105 pod wp\u0142ywem napi\u0119cia spr\u0119\u017cyny, umo\u017cliwiaj\u0105c bezpieczne i pewne dzia\u0142anie hamulca.<\/p>\n<p>Ko\u0142o \u0142a\u0144cuchowe wci\u0105gnika zosta\u0142o zaprojektowane tak, aby zapewni\u0107 niezawodne, wydajne i bezpieczne podnoszenie, dzi\u0119ki czemu jest idealnym wyborem do wymagaj\u0105cych zada\u0144 przemys\u0142owych.<\/p>\n<h3>Konserwacja ko\u0142a z\u0119batego wci\u0105gnika \u0142a\u0144cuchowego r\u0119cznego<\/h3>\n<p>Przek\u0142adnia \u0142a\u0144cuchowa r\u0119cznego wci\u0105gnika s\u0142u\u017cy g\u0142\u00f3wnie do podnoszenia ci\u0119\u017ckich przedmiot\u00f3w i instalowania sprz\u0119tu. Aby zapewni\u0107 bezpieczn\u0105 i p\u0142ynn\u0105 prac\u0119, przed rozpocz\u0119ciem jakichkolwiek czynno\u015bci podnoszenia nale\u017cy wykona\u0107 nast\u0119puj\u0105ce czynno\u015bci:<\/p>\n<ol>\n<li><strong>Sprawd\u017a \u0142adowno\u015b\u0107<\/strong>:Upewnij si\u0119, \u017ce ci\u0119\u017car podnoszonego przedmiotu mie\u015bci si\u0119 w dopuszczalnym ud\u017awigu wci\u0105gnika \u0142a\u0144cuchowego, aby zapobiec przeci\u0105\u017ceniu.<\/li>\n<li><strong>Przeprowad\u017a inspekcj\u0119 \u015brodowiska pracy<\/strong>: Sprawd\u017a, czy obszar roboczy spe\u0142nia niezb\u0119dne wymogi bezpiecze\u0144stwa. Wyznacz stref\u0119 bezpiecze\u0144stwa wok\u00f3\u0142 miejsca podnoszenia, aby zminimalizowa\u0107 ryzyko wypadk\u00f3w.<\/li>\n<li><strong>Sprawd\u017a elementy podno\u015bnika<\/strong>: Sprawd\u017a wci\u0105gnik \u0142a\u0144cuchowy, zwracaj\u0105c szczeg\u00f3ln\u0105 uwag\u0119 na wszelkie oznaki rdzy, zu\u017cycia lub p\u0119kni\u0119\u0107 na jego cz\u0119\u015bciach. W przypadku stwierdzenia jakichkolwiek problem\u00f3w, natychmiast przerwij prac\u0119 i wymie\u0144 lub napraw uszkodzone podzespo\u0142y.<\/li>\n<li><strong>Zabezpiecz \u0142adunek<\/strong>: Przed podniesieniem \u0142adunku nale\u017cy upewni\u0107 si\u0119, \u017ce jest on odpowiednio zabezpieczony, aby zapobiec jego upadkowi w trakcie operacji.<\/li>\n<\/ol>\n<p>Stosuj\u0105c si\u0119 do tych wytycznych dotycz\u0105cych konserwacji i bezpiecze\u0144stwa, mo\u017cna zapewni\u0107 d\u0142ugowieczno\u015b\u0107 ko\u0142a \u0142a\u0144cuchowego wci\u0105gnika r\u0119cznego, a tak\u017ce zadba\u0107 o bezpieczne \u015brodowisko pracy.<\/p>\n<table style=\"width: 100%;\" border=\"1\" width=\"100%\" cellspacing=\"0\" cellpadding=\"0\">\n<tbody>\n<tr style=\"height: 14.40pt;\">\n<td style=\"height: 14.4pt; width: 26.5659%;\" width=\"166\" height=\"24\">Wci\u0105gnik \u0142a\u0144cuchowy r\u0119czny<\/td>\n<td style=\"width: 26.5658%;\" width=\"187\">Wci\u0105gnik \u0142a\u0144cuchowy elektryczny<\/td>\n<td style=\"width: 23.2181%;\" width=\"123\">Wci\u0105gnik d\u017awigniowy<\/td>\n<td style=\"width: 23.4341%;\" width=\"80\">W\u00f3zek przek\u0142adniowy<\/td>\n<\/tr>\n<tr style=\"height: 14.40pt;\">\n<td style=\"height: 14.4pt; width: 26.5659%;\" align=\"right\" height=\"24\"><img loading=\"lazy\" decoding=\"async\" class=\"alignnone size-full wp-image-5267\" src=\"https:\/\/fmp-components.com\/wp-content\/uploads\/2025\/02\/fmp_cast-sprocket-4.webp\" alt=\"fmp_cast-z\u0119batka\" width=\"300\" height=\"300\" title=\"\" srcset=\"https:\/\/fmp-components.com\/wp-content\/uploads\/2025\/02\/fmp_cast-sprocket-4.webp 300w, https:\/\/fmp-components.com\/wp-content\/uploads\/2025\/02\/fmp_cast-sprocket-4-150x150.webp 150w, https:\/\/fmp-components.com\/wp-content\/uploads\/2025\/02\/fmp_cast-sprocket-4-12x12.webp 12w, https:\/\/fmp-components.com\/wp-content\/uploads\/2025\/02\/fmp_cast-sprocket-4-100x100.webp 100w\" sizes=\"(max-width: 300px) 100vw, 300px\" \/><\/td>\n<td style=\"width: 26.5658%;\" align=\"right\"><img loading=\"lazy\" decoding=\"async\" class=\"alignnone size-full wp-image-5259\" src=\"https:\/\/fmp-components.com\/wp-content\/uploads\/2025\/02\/fmp_cast-sprocket-7.webp\" alt=\"fmp_cast-z\u0119batka\" width=\"300\" height=\"300\" title=\"\" srcset=\"https:\/\/fmp-components.com\/wp-content\/uploads\/2025\/02\/fmp_cast-sprocket-7.webp 300w, https:\/\/fmp-components.com\/wp-content\/uploads\/2025\/02\/fmp_cast-sprocket-7-150x150.webp 150w, https:\/\/fmp-components.com\/wp-content\/uploads\/2025\/02\/fmp_cast-sprocket-7-12x12.webp 12w, https:\/\/fmp-components.com\/wp-content\/uploads\/2025\/02\/fmp_cast-sprocket-7-100x100.webp 100w\" sizes=\"(max-width: 300px) 100vw, 300px\" \/><\/td>\n<td style=\"width: 23.2181%;\" align=\"right\"><img loading=\"lazy\" decoding=\"async\" class=\"alignnone size-full wp-image-5260\" src=\"https:\/\/fmp-components.com\/wp-content\/uploads\/2025\/02\/fmp_cast-sprocket-9.webp\" alt=\"fmp_cast-z\u0119batka\" width=\"300\" height=\"300\" title=\"\" srcset=\"https:\/\/fmp-components.com\/wp-content\/uploads\/2025\/02\/fmp_cast-sprocket-9.webp 300w, https:\/\/fmp-components.com\/wp-content\/uploads\/2025\/02\/fmp_cast-sprocket-9-150x150.webp 150w, https:\/\/fmp-components.com\/wp-content\/uploads\/2025\/02\/fmp_cast-sprocket-9-12x12.webp 12w, https:\/\/fmp-components.com\/wp-content\/uploads\/2025\/02\/fmp_cast-sprocket-9-100x100.webp 100w\" sizes=\"(max-width: 300px) 100vw, 300px\" \/><\/td>\n<td style=\"width: 23.4341%;\" align=\"right\"><img loading=\"lazy\" decoding=\"async\" class=\"alignnone size-full wp-image-5266\" src=\"https:\/\/fmp-components.com\/wp-content\/uploads\/2025\/02\/fmp_cast-sprocket-101.webp\" alt=\"fmp_cast-z\u0119batka\" width=\"225\" height=\"225\" title=\"\" srcset=\"https:\/\/fmp-components.com\/wp-content\/uploads\/2025\/02\/fmp_cast-sprocket-101.webp 225w, https:\/\/fmp-components.com\/wp-content\/uploads\/2025\/02\/fmp_cast-sprocket-101-150x150.webp 150w, https:\/\/fmp-components.com\/wp-content\/uploads\/2025\/02\/fmp_cast-sprocket-101-12x12.webp 12w, https:\/\/fmp-components.com\/wp-content\/uploads\/2025\/02\/fmp_cast-sprocket-101-100x100.webp 100w\" sizes=\"(max-width: 225px) 100vw, 225px\" \/><\/td>\n<\/tr>\n<tr style=\"height: 14.40pt;\">\n<td style=\"height: 14.4pt; width: 26.5659%;\" align=\"right\" height=\"24\"><img loading=\"lazy\" decoding=\"async\" class=\"alignnone size-full wp-image-5262\" src=\"https:\/\/fmp-components.com\/wp-content\/uploads\/2025\/02\/fmp_cast-sprocket-6.webp\" alt=\"fmp_cast-sprocket-\" width=\"300\" height=\"300\" title=\"\" srcset=\"https:\/\/fmp-components.com\/wp-content\/uploads\/2025\/02\/fmp_cast-sprocket-6.webp 300w, https:\/\/fmp-components.com\/wp-content\/uploads\/2025\/02\/fmp_cast-sprocket-6-150x150.webp 150w, https:\/\/fmp-components.com\/wp-content\/uploads\/2025\/02\/fmp_cast-sprocket-6-12x12.webp 12w, https:\/\/fmp-components.com\/wp-content\/uploads\/2025\/02\/fmp_cast-sprocket-6-100x100.webp 100w\" sizes=\"(max-width: 300px) 100vw, 300px\" \/><\/td>\n<td style=\"width: 26.5658%;\" align=\"right\"><img loading=\"lazy\" decoding=\"async\" class=\"alignnone size-full wp-image-5263\" src=\"https:\/\/fmp-components.com\/wp-content\/uploads\/2025\/02\/fmp_cast-sprocket-8.webp\" alt=\"fmp_cast-z\u0119batka\" width=\"300\" height=\"300\" title=\"\" srcset=\"https:\/\/fmp-components.com\/wp-content\/uploads\/2025\/02\/fmp_cast-sprocket-8.webp 300w, https:\/\/fmp-components.com\/wp-content\/uploads\/2025\/02\/fmp_cast-sprocket-8-150x150.webp 150w, https:\/\/fmp-components.com\/wp-content\/uploads\/2025\/02\/fmp_cast-sprocket-8-12x12.webp 12w, https:\/\/fmp-components.com\/wp-content\/uploads\/2025\/02\/fmp_cast-sprocket-8-100x100.webp 100w\" sizes=\"(max-width: 300px) 100vw, 300px\" \/><\/td>\n<td style=\"width: 23.2181%;\" align=\"right\"><img loading=\"lazy\" decoding=\"async\" class=\"alignnone size-full wp-image-5264\" src=\"https:\/\/fmp-components.com\/wp-content\/uploads\/2025\/02\/fmp_cast-sprocket-81.webp\" alt=\"fmp_cast-z\u0119batka\" width=\"347\" height=\"347\" title=\"\" srcset=\"https:\/\/fmp-components.com\/wp-content\/uploads\/2025\/02\/fmp_cast-sprocket-81.webp 347w, https:\/\/fmp-components.com\/wp-content\/uploads\/2025\/02\/fmp_cast-sprocket-81-300x300.webp 300w, https:\/\/fmp-components.com\/wp-content\/uploads\/2025\/02\/fmp_cast-sprocket-81-150x150.webp 150w, https:\/\/fmp-components.com\/wp-content\/uploads\/2025\/02\/fmp_cast-sprocket-81-12x12.webp 12w, https:\/\/fmp-components.com\/wp-content\/uploads\/2025\/02\/fmp_cast-sprocket-81-100x100.webp 100w\" sizes=\"(max-width: 347px) 100vw, 347px\" \/><\/td>\n<td style=\"width: 23.4341%;\" align=\"right\"><img loading=\"lazy\" decoding=\"async\" class=\"alignnone size-full wp-image-5265\" src=\"https:\/\/fmp-components.com\/wp-content\/uploads\/2025\/02\/fmp_cast-sprocket-11.webp\" alt=\"fmp_cast-z\u0119batka\" width=\"300\" height=\"300\" title=\"\" srcset=\"https:\/\/fmp-components.com\/wp-content\/uploads\/2025\/02\/fmp_cast-sprocket-11.webp 300w, https:\/\/fmp-components.com\/wp-content\/uploads\/2025\/02\/fmp_cast-sprocket-11-150x150.webp 150w, https:\/\/fmp-components.com\/wp-content\/uploads\/2025\/02\/fmp_cast-sprocket-11-12x12.webp 12w, https:\/\/fmp-components.com\/wp-content\/uploads\/2025\/02\/fmp_cast-sprocket-11-100x100.webp 100w\" sizes=\"(max-width: 300px) 100vw, 300px\" \/><\/td>\n<\/tr>\n<\/tbody>\n<\/table>\n<h3>Ko\u0142o z\u0119bate wci\u0105gnika \u0142a\u0144cuchowego wykonane z innych materia\u0142\u00f3w<\/h3>\n<table style=\"width: 100%;\" border=\"1\" width=\"100%\" cellspacing=\"0\" cellpadding=\"0\">\n<tbody>\n<tr style=\"height: 14.40pt;\">\n<td style=\"height: 14.4pt; width: 49.0281%; text-align: center;\" align=\"right\" width=\"166\" height=\"24\">Plastikowa z\u0119batka wci\u0105gnika \u0142a\u0144cuchowego<\/td>\n<td style=\"width: 50.7559%; text-align: center;\" align=\"right\" width=\"187\">Ko\u0142o z\u0119bate wci\u0105gnika \u0142a\u0144cuchowego ze stali nierdzewnej<\/td>\n<\/tr>\n<tr style=\"height: 14.40pt;\">\n<td class=\"et2\" style=\"height: 14.4pt; width: 49.0281%;\" height=\"24\"><img loading=\"lazy\" decoding=\"async\" class=\"alignnone wp-image-5268\" src=\"https:\/\/fmp-components.com\/wp-content\/uploads\/2025\/02\/fmp_plastic-sprocket-11.webp\" alt=\"fmp_plastic-sprocket\" width=\"447\" height=\"447\" title=\"\" srcset=\"https:\/\/fmp-components.com\/wp-content\/uploads\/2025\/02\/fmp_plastic-sprocket-11.webp 300w, https:\/\/fmp-components.com\/wp-content\/uploads\/2025\/02\/fmp_plastic-sprocket-11-150x150.webp 150w, https:\/\/fmp-components.com\/wp-content\/uploads\/2025\/02\/fmp_plastic-sprocket-11-12x12.webp 12w, https:\/\/fmp-components.com\/wp-content\/uploads\/2025\/02\/fmp_plastic-sprocket-11-100x100.webp 100w\" sizes=\"(max-width: 447px) 100vw, 447px\" \/><\/td>\n<td class=\"et2\" style=\"width: 50.7559%;\"><img loading=\"lazy\" decoding=\"async\" class=\"alignnone wp-image-5269\" src=\"https:\/\/fmp-components.com\/wp-content\/uploads\/2025\/02\/fmp_plastic-sprocket-12.webp\" alt=\"fmp_plastic-sprocket\" width=\"486\" height=\"486\" title=\"\" srcset=\"https:\/\/fmp-components.com\/wp-content\/uploads\/2025\/02\/fmp_plastic-sprocket-12.webp 300w, https:\/\/fmp-components.com\/wp-content\/uploads\/2025\/02\/fmp_plastic-sprocket-12-150x150.webp 150w, https:\/\/fmp-components.com\/wp-content\/uploads\/2025\/02\/fmp_plastic-sprocket-12-12x12.webp 12w, https:\/\/fmp-components.com\/wp-content\/uploads\/2025\/02\/fmp_plastic-sprocket-12-100x100.webp 100w\" sizes=\"(max-width: 486px) 100vw, 486px\" \/><\/td>\n<\/tr>\n<\/tbody>\n<\/table>\n<h2>O FMP<\/h2>\n<p>W FMP szczycimy si\u0119 tym, \u017ce jeste\u015bmy wiod\u0105cym producentem wysokiej jako\u015bci k\u00f3\u0142 z\u0119batych, wytwarzanych w naszym nowoczesnym zak\u0142adzie we W\u0142oszech. Oferujemy szerok\u0105 gam\u0119 k\u00f3\u0142 z\u0119batych, zaprojektowanych tak, aby sprosta\u0107 unikalnym potrzebom r\u00f3\u017cnych bran\u017c. Niezale\u017cnie od tego, czy szukasz k\u00f3\u0142 z\u0119batych z gotowym otworem, k\u00f3\u0142 napinaj\u0105cych, k\u00f3\u0142 z\u0119batych z blokad\u0105 sto\u017ckow\u0105, czy k\u00f3\u0142 z\u0119batych do przeno\u015bnik\u00f3w, ka\u017cdy produkt wykonujemy z precyzj\u0105 i trwa\u0142o\u015bci\u0105, aby zapewni\u0107 optymaln\u0105 wydajno\u015b\u0107. Nasza oferta obejmuje ko\u0142a z\u0119bate ze stali nierdzewnej, tworzywa sztucznego i stali, a tak\u017ce modele specjalistyczne, takie jak ko\u0142a z\u0119bate o podw\u00f3jnej podzia\u0142ce i ko\u0142a z\u0119bate dwurz\u0119dowe, co pozwala nam zapewni\u0107 idealne rozwi\u0105zanie do ka\u017cdego zastosowania.<\/p>\n<p>Tym, co wyr\u00f3\u017cnia FMP, jest nasze zaanga\u017cowanie w personalizacj\u0119. Zdajemy sobie spraw\u0119, \u017ce ka\u017cdy projekt ma swoje specyficzne wymagania, dlatego oferujemy rozwi\u0105zania z\u0119batek na zam\u00f3wienie, dopasowane do Pa\u0144stwa potrzeb. Niezale\u017cnie od tego, czy potrzebuj\u0105 Pa\u0144stwo niestandardowego projektu, czy maj\u0105 Pa\u0144stwo specjalistyczne wymagania techniczne, nasz zesp\u00f3\u0142 ekspert\u00f3w jest gotowy dostarczy\u0107 precyzyjne, niezawodne i wydajne rozwi\u0105zania.<\/p>\n<p>D\u0105\u017cymy do doskona\u0142o\u015bci zar\u00f3wno w in\u017cynierii, jak i produkcji, dbaj\u0105c o to, aby ka\u017cda produkowana przez nas z\u0119batka spe\u0142nia\u0142a najwy\u017csze standardy jako\u015bci i by\u0142a trwa\u0142a. Je\u015bli masz jakiekolwiek pytania lub potrzebujesz spersonalizowanego rozwi\u0105zania w zakresie z\u0119batek, skontaktuj si\u0119 z nami. Nasz zesp\u00f3\u0142 s\u0142u\u017cy fachowym doradztwem i szybko odpowiada, aby zagwarantowa\u0107 Ci pe\u0142n\u0105 satysfakcj\u0119. Skontaktuj si\u0119 z nami mailowo, a skontaktujemy si\u0119 z Tob\u0105 najszybciej, jak to mo\u017cliwe.<\/p>\n<p><img loading=\"lazy\" decoding=\"async\" class=\"alignnone size-full wp-image-5246\" src=\"https:\/\/fmp-components.com\/wp-content\/uploads\/2025\/02\/fmp-cast-sprocket-1.webp\" alt=\"fmp-odlew-z\u0119batki\" width=\"2492\" height=\"1179\" title=\"\" srcset=\"https:\/\/fmp-components.com\/wp-content\/uploads\/2025\/02\/fmp-cast-sprocket-1.webp 2492w, https:\/\/fmp-components.com\/wp-content\/uploads\/2025\/02\/fmp-cast-sprocket-1-1280x606.webp 1280w, https:\/\/fmp-components.com\/wp-content\/uploads\/2025\/02\/fmp-cast-sprocket-1-980x464.webp 980w, https:\/\/fmp-components.com\/wp-content\/uploads\/2025\/02\/fmp-cast-sprocket-1-480x227.webp 480w\" sizes=\"(min-width: 0px) and (max-width: 480px) 480px, (min-width: 481px) and (max-width: 980px) 980px, (min-width: 981px) and (max-width: 1280px) 1280px, (min-width: 1281px) 2492px, 100vw\" \/><\/p>","protected":false},"excerpt":{"rendered":"<p>Chain Hoist Sprocket Product Overview The chain hoist sprocket is designed for ease of operation, portability, and safety, making it a popular choice among users. With its innovative design and smooth functionality, this sprocket excels in heavy lifting applications. But what sets it apart? The chain hoist sprocket is built with components such as hooks, [&hellip;]<\/p>","protected":false},"featured_media":5257,"comment_status":"open","ping_status":"closed","template":"","meta":{"_et_pb_use_builder":"","_et_pb_old_content":"","_et_gb_content_width":""},"product_brand":[],"product_cat":[99],"product_tag":[],"class_list":{"0":"post-5256","1":"product","2":"type-product","3":"status-publish","4":"has-post-thumbnail","6":"product_cat-specialty-sprockets","8":"first","9":"instock","10":"shipping-taxable","11":"product-type-simple"},"_links":{"self":[{"href":"https:\/\/fmp-components.com\/pl\/wp-json\/wp\/v2\/product\/5256","targetHints":{"allow":["GET"]}}],"collection":[{"href":"https:\/\/fmp-components.com\/pl\/wp-json\/wp\/v2\/product"}],"about":[{"href":"https:\/\/fmp-components.com\/pl\/wp-json\/wp\/v2\/types\/product"}],"replies":[{"embeddable":true,"href":"https:\/\/fmp-components.com\/pl\/wp-json\/wp\/v2\/comments?post=5256"}],"wp:featuredmedia":[{"embeddable":true,"href":"https:\/\/fmp-components.com\/pl\/wp-json\/wp\/v2\/media\/5257"}],"wp:attachment":[{"href":"https:\/\/fmp-components.com\/pl\/wp-json\/wp\/v2\/media?parent=5256"}],"wp:term":[{"taxonomy":"product_brand","embeddable":true,"href":"https:\/\/fmp-components.com\/pl\/wp-json\/wp\/v2\/product_brand?post=5256"},{"taxonomy":"product_cat","embeddable":true,"href":"https:\/\/fmp-components.com\/pl\/wp-json\/wp\/v2\/product_cat?post=5256"},{"taxonomy":"product_tag","embeddable":true,"href":"https:\/\/fmp-components.com\/pl\/wp-json\/wp\/v2\/product_tag?post=5256"}],"curies":[{"name":"wp","href":"https:\/\/api.w.org\/{rel}","templated":true}]}}