{"id":5250,"date":"2025-02-05T05:02:51","date_gmt":"2025-02-05T05:02:51","guid":{"rendered":"https:\/\/fmp-components.com\/?post_type=product&#038;p=5250"},"modified":"2025-02-05T05:09:56","modified_gmt":"2025-02-05T05:09:56","slug":"boiler-sprocket-for-fire-grate-slag-remover","status":"publish","type":"product","link":"https:\/\/fmp-components.com\/pl\/product\/boiler-sprocket-for-fire-grate-slag-remover\/","title":{"rendered":"Z\u0119batka kot\u0142a do usuwania \u017cu\u017cla z rusztu"},"content":{"rendered":"<h2>Z\u0119batka kot\u0142a do usuwania \u017cu\u017cla z rusztu<\/h2>\n<p>Nasze ko\u0142o z\u0119bate kot\u0142a do usuwania \u017cu\u017cla z rusztu odgrywa kluczow\u0105 rol\u0119 w nap\u0119dzaniu ogniw \u0142a\u0144cucha transportuj\u0105cych w\u0119giel do kot\u0142a. Jako kluczowy element uk\u0142adu pomocniczego kot\u0142a, zapewnia ono p\u0142ynn\u0105 i wydajn\u0105 prac\u0119. To ko\u0142o z\u0119bate zosta\u0142o zaprojektowane w oparciu o zaawansowan\u0105 technologi\u0119, aby wytrzyma\u0107 wysokie temperatury i tarcie, dzi\u0119ki czemu jest trwa\u0142e i niezawodne. Jego przyjazna dla u\u017cytkownika konstrukcja pozwala na \u0142atw\u0105 wymian\u0119, minimalizuj\u0105c przestoje i koszty konserwacji.<\/p>\n<p>Z\u0119batka jest produkowana z trzech rodzaj\u00f3w wysokiej jako\u015bci surowc\u00f3w: staliwa, \u017celiwa ocynkowanego i \u017celiwa. Ta r\u00f3\u017cnorodno\u015b\u0107 materia\u0142\u00f3w gwarantuje, \u017ce z\u0119batka spe\u0142nia zr\u00f3\u017cnicowane potrzeby naszych klient\u00f3w na ca\u0142ym \u015bwiecie. Specyfikacje z\u0119batek obejmuj\u0105 rozmiary 9, 11, 12, 13, 15, 16 i 18, z dodatkow\u0105 elastyczno\u015bci\u0105 w postaci produkcji na zam\u00f3wienie, zgodnie ze szczeg\u00f3\u0142owymi wymaganiami klienta.<\/p>\n<p><img loading=\"lazy\" decoding=\"async\" class=\"alignnone size-full wp-image-5251\" src=\"https:\/\/fmp-components.com\/wp-content\/uploads\/2025\/02\/fmp_cast-sprocket-3.webp\" alt=\"fmp_cast-z\u0119batka\" width=\"650\" height=\"650\" title=\"\" srcset=\"https:\/\/fmp-components.com\/wp-content\/uploads\/2025\/02\/fmp_cast-sprocket-3.webp 650w, https:\/\/fmp-components.com\/wp-content\/uploads\/2025\/02\/fmp_cast-sprocket-3-480x480.webp 480w\" sizes=\"(min-width: 0px) and (max-width: 480px) 480px, (min-width: 481px) 650px, 100vw\" \/><\/p>\n<h3>Charakterystyka k\u00f3\u0142 z\u0119batych i cz\u0119\u015bci kot\u0142\u00f3w:<\/h3>\n<ul>\n<li><strong>Wysoka dok\u0142adno\u015b\u0107 wymiarowa<\/strong>:Gwarantuje precyzyjne dopasowanie i optymaln\u0105 wydajno\u015b\u0107.<\/li>\n<li><strong>Doskona\u0142e wyko\u0144czenie powierzchni<\/strong>:Zapewnia p\u0142ynn\u0105 prac\u0119 i zwi\u0119kszon\u0105 trwa\u0142o\u015b\u0107.<\/li>\n<li><strong>Szeroka gama z\u0142o\u017conych odlew\u00f3w stopowych<\/strong>:Mo\u017cliwo\u015b\u0107 produkcji r\u00f3\u017cnorodnych komponent\u00f3w kot\u0142\u00f3w w celu spe\u0142nienia specyficznych potrzeb.<\/li>\n<li><strong>Zaawansowane techniki odlewania<\/strong>:Wykorzystywanie \u201eodlewu na wosk tracony\u201d lub \u201eodlewu precyzyjnego\u201d, kt\u00f3re polega na u\u017cyciu wielowarstwowej ogniotrwa\u0142ej formy do produkcji precyzyjnych i skomplikowanych cz\u0119\u015bci.<\/li>\n<\/ul>\n<p>Produkujemy r\u00f3wnie\u017c szereg innych niezb\u0119dnych element\u00f3w kot\u0142\u00f3w, takich jak pokrywy kot\u0142\u00f3w z cyrkulacyjnym z\u0142o\u017cem fluidalnym, rury wlotowe powietrza, odporne na zu\u017cycie ceg\u0142y ochronne, tuleje wsporcze do kot\u0142\u00f3w z cyrkulacyjnym z\u0142o\u017cem fluidalnym o mocy 300 MW, p\u0142yty \u0142ukowe, rury przy\u0142\u0105czeniowe, separatory szczelinowe, za\u015blepki, haki i \u0142opatki. Wszystkie produkty s\u0105 wytwarzane tak, aby spe\u0142nia\u0107 najwy\u017csze standardy jako\u015bci i wydajno\u015bci dla najbardziej wymagaj\u0105cych zastosowa\u0144 przemys\u0142owych.<\/p>\n<p>&nbsp;<\/p>\n<p><strong>Wyb\u00f3r materia\u0142\u00f3w na ko\u0142a z\u0119bate kot\u0142a<\/strong><\/p>\n<p>Materia\u0142 wybrany na ko\u0142o z\u0119bate musi zapewnia\u0107 odpowiedni\u0105 wytrzyma\u0142o\u015b\u0107 i odporno\u015b\u0107 z\u0119b\u00f3w ko\u0142a z\u0119batego na zu\u017cycie. Zazwyczaj powierzchnia z\u0119b\u00f3w ko\u0142a z\u0119batego poddawana jest obr\u00f3bce cieplnej w celu uzyskania wymaganej twardo\u015bci, zapewniaj\u0105cej optymaln\u0105 wydajno\u015b\u0107 i trwa\u0142o\u015b\u0107.<\/p>\n<p>W przypadku akcesori\u00f3w do kot\u0142\u00f3w, zar\u00f3wno du\u017ce, jak i ma\u0142e ko\u0142a \u0142a\u0144cuchowe s\u0105 zazwyczaj wykonane z wysokiej jako\u015bci konstrukcyjnej stali w\u0119glowej, kt\u00f3ra jest t\u0142oczona w celu uformowania k\u00f3\u0142 \u0142a\u0144cuchowych.<\/p>\n<p>W tym kr\u00f3tkim przegl\u0105dzie firmy Ningsen Machinery przedstawiono najwa\u017cniejsze cechy odlewanych k\u00f3\u0142 \u0142a\u0144cuchowych kot\u0142\u00f3w stosowanych w systemach kot\u0142owych. Celem jest dostarczenie cennych informacji na temat ich wyboru i konserwacji.<\/p>\n<h2>Rutynowa konserwacja z\u0119batki rusztu kot\u0142a<\/h2>\n<p>Bezproblemowa praca k\u00f3\u0142 z\u0119batych kot\u0142\u00f3w ma kluczowe znaczenie dla og\u00f3lnej wydajno\u015bci i sukcesu bran\u017c, kt\u00f3re opieraj\u0105 si\u0119 na przemys\u0142owych systemach kot\u0142\u00f3w. Aby zapewni\u0107 optymaln\u0105 wydajno\u015b\u0107 systemu kot\u0142\u00f3w i wyd\u0142u\u017cy\u0107 jego \u017cywotno\u015b\u0107, niezb\u0119dna jest regularna konserwacja. Codzienna konserwacja odgrywa kluczow\u0105 rol\u0119 w zapobieganiu problemom, kt\u00f3re mog\u0105 prowadzi\u0107 do kosztownych przestoj\u00f3w i zagro\u017ce\u0144 dla bezpiecze\u0144stwa.<img loading=\"lazy\" decoding=\"async\" class=\"size-full wp-image-5252 alignleft\" src=\"https:\/\/fmp-components.com\/wp-content\/uploads\/2025\/02\/boiler.webp\" alt=\"bojler\" width=\"500\" height=\"333\" title=\"\" srcset=\"https:\/\/fmp-components.com\/wp-content\/uploads\/2025\/02\/boiler.webp 500w, https:\/\/fmp-components.com\/wp-content\/uploads\/2025\/02\/boiler-480x320.webp 480w\" sizes=\"(min-width: 0px) and (max-width: 480px) 480px, (min-width: 481px) 500px, 100vw\" \/><\/p>\n<p>Prawid\u0142owa konserwacja pomaga zapobiega\u0107 gromadzeniu si\u0119 sadzy i kamienia, kt\u00f3re mog\u0105 znacz\u0105co wp\u0142yn\u0105\u0107 na wydajno\u015b\u0107 kot\u0142\u00f3w przemys\u0142owych. Awarie systemu mog\u0105 by\u0107 niebezpieczne, prowadz\u0105c do spadku wydajno\u015bci, utraty dochod\u00f3w, a nawet katastrof, takich jak wybuchy. Rutynowe kontrole zapewniaj\u0105 bezpiecze\u0144stwo pracownik\u00f3w i d\u0142ug\u0105 \u017cywotno\u015b\u0107 sprz\u0119tu.<\/p>\n<h3>Kluczowe czynno\u015bci konserwacyjne k\u00f3\u0142 z\u0119batych i system\u00f3w kot\u0142\u00f3w:<\/h3>\n<ol>\n<li><strong>Sprawd\u017a Water Edge i komponenty:<\/strong> Regularne kontrole element\u00f3w wodnych w instalacji kot\u0142a przemys\u0142owego s\u0105 kluczowe. Nagromadzenie kamienia mo\u017ce obni\u017cy\u0107 wydajno\u015b\u0107 kot\u0142a, powoduj\u0105c zatory, kt\u00f3re mog\u0105 utrudnia\u0107 efektywne wytwarzanie pary. Nale\u017cy oceni\u0107 stan rur, obszaru pieca i powierzchni uszczelniaj\u0105cych uszczelek. W razie potrzeby nale\u017cy zwr\u00f3ci\u0107 si\u0119 o pomoc do specjalisty w celu przeprowadzenia szczeg\u00f3\u0142owych kontroli.<\/li>\n<li><strong>Kontrola kraw\u0119dzi pieca i palnik\u00f3w:<\/strong> Nale\u017cy sprawdzi\u0107 kraw\u0119dzie pieca i palniki pod k\u0105tem wszelkich problem\u00f3w, kt\u00f3re mog\u0105 obni\u017cy\u0107 wydajno\u015b\u0107 kot\u0142a, takich jak nieszczelno\u015bci czy nagromadzenie sadzy. Nale\u017cy r\u00f3wnie\u017c sprawdzi\u0107 przepustnice, elektrody, \u017cebra, w\u0119\u017ce, skanery i dyfuzory pod k\u0105tem oznak zatkania lub erozji. Zu\u017cyte lub uszkodzone cz\u0119\u015bci nale\u017cy niezw\u0142ocznie wymieni\u0107, aby zoptymalizowa\u0107 proces spalania i zwi\u0119kszy\u0107 og\u00f3ln\u0105 wydajno\u015b\u0107 kot\u0142a.<\/li>\n<li><strong>Analiza \u015brodk\u00f3w kontroli:<\/strong> Regularna analiza \u015brodk\u00f3w kontroli jest niezb\u0119dna dla bezpiecznej eksploatacji kot\u0142a. Nale\u017cy upewni\u0107 si\u0119, \u017ce poziom wody jest utrzymywany na prawid\u0142owym poziomie i nie ma \u015blad\u00f3w p\u0119kni\u0119\u0107 ani erozji. Personel zak\u0142adu powinien dok\u0142adnie sprawdza\u0107 wydajno\u015b\u0107 urz\u0105dzenia i monitorowa\u0107 odczyty kontrolne. Niedok\u0142adne odczyty mog\u0105 wskazywa\u0107 na powa\u017cniejszy problem, wymagaj\u0105cy interwencji specjalisty.<\/li>\n<li><strong>Kontrola wizualna pod k\u0105tem p\u0119kni\u0119\u0107:<\/strong> Regularnie przeprowadzaj kontrole wizualne pod k\u0105tem ewentualnych p\u0119kni\u0119\u0107, nawet drobnych. P\u0119kni\u0119cia mog\u0105 znacznie obni\u017cy\u0107 wydajno\u015b\u0107 kot\u0142a i nadmiernie obci\u0105\u017ca\u0107 jego elementy wewn\u0119trzne. Mo\u017ce to prowadzi\u0107 do wy\u017cszych koszt\u00f3w eksploatacji, w tym zu\u017cycia wody i energii elektrycznej. W przypadku wykrycia p\u0119kni\u0119\u0107, upewnij si\u0119, \u017ce podczas konserwacji stosujesz wysokiej jako\u015bci \u015brodki naprawcze, aby zapobiec przysz\u0142ym problemom.<\/li>\n<li><strong>Codzienna konserwacja i przegl\u0105dy:<\/strong> Nawet je\u015bli kocio\u0142 wydaje si\u0119 dzia\u0142a\u0107 prawid\u0142owo, codzienne kontrole s\u0105 kluczowe dla wykrycia wczesnych oznak uszkodze\u0144, takich jak wycieki, p\u0119kni\u0119cia czy lu\u017ane elementy. Zaniedbanie tych drobnych szczeg\u00f3\u0142\u00f3w mo\u017ce skutkowa\u0107 obni\u017ceniem sprawno\u015bci kot\u0142a i wi\u0119kszym ryzykiem awarii urz\u0105dzenia. Rutynowe kontrole mog\u0105 r\u00f3wnie\u017c pom\u00f3c w optymalizacji zu\u017cycia paliwa i energii, minimalizuj\u0105c koszty przy jednoczesnym utrzymaniu wydajno\u015bci.<\/li>\n<\/ol>\n<p>Opr\u00f3cz codziennych przegl\u0105d\u00f3w, comiesi\u0119czna konserwacja przez sprawdzonych producent\u00f3w zapewni d\u0142ugotrwa\u0142\u0105 wydajno\u015b\u0107 systemu kot\u0142owego. Plan konserwacji powinien uwzgl\u0119dnia\u0107 cz\u0119stotliwo\u015b\u0107, czas trwania i wymagania eksploatacyjne systemu, aby zapewni\u0107 ci\u0105g\u0142\u0105 i wydajn\u0105 prac\u0119.<\/p>\n<p>Dzi\u0119ki stosowaniu si\u0119 do tych najlepszych praktyk przedsi\u0119biorstwa mog\u0105 mie\u0107 pewno\u015b\u0107, \u017ce ich systemy kot\u0142owe dzia\u0142aj\u0105 wydajnie, bezpiecznie i przez d\u0142ugi czas.<\/p>\n<p><img loading=\"lazy\" decoding=\"async\" class=\"wp-image-5253 aligncenter\" src=\"https:\/\/fmp-components.com\/wp-content\/uploads\/2025\/02\/fmp_gear-sprocket.webp\" alt=\"fmp_gear-sprocket\" width=\"864\" height=\"576\" title=\"\" srcset=\"https:\/\/fmp-components.com\/wp-content\/uploads\/2025\/02\/fmp_gear-sprocket.webp 864w, https:\/\/fmp-components.com\/wp-content\/uploads\/2025\/02\/fmp_gear-sprocket-480x320.webp 480w\" sizes=\"(min-width: 0px) and (max-width: 480px) 480px, (min-width: 481px) 864px, 100vw\" \/><\/p>\n<div class=\"flex max-w-full flex-col flex-grow\">\n<div class=\"min-h-8 text-message flex w-full flex-col items-end gap-2 whitespace-normal break-words text-start [.text-message+&amp;]:mt-5\" dir=\"auto\" data-message-author-role=\"assistant\" data-message-id=\"24ae20e9-9f74-4024-a282-a852b18b5b58\" data-message-model-slug=\"gpt-4o\">\n<div class=\"flex w-full flex-col gap-1 empty:hidden first:pt-[3px]\">\n<div class=\"markdown prose w-full break-words dark:prose-invert light\">\n<h3>O FMP<\/h3>\n<p>W FMP d\u0105\u017cymy do tego, aby by\u0107 wiod\u0105cym producentem najwy\u017cszej jako\u015bci k\u00f3\u0142 z\u0119batych, produkowanych w naszym nowoczesnym zak\u0142adzie we W\u0142oszech. Nasza kompleksowa oferta k\u00f3\u0142 z\u0119batych zosta\u0142a zaprojektowana tak, aby sprosta\u0107 zr\u00f3\u017cnicowanym potrzebom bran\u017c na ca\u0142ym \u015bwiecie. Od k\u00f3\u0142 z\u0119batych z gotowym otworem, przez ko\u0142a z\u0119bate napinaj\u0105ce, ko\u0142a z\u0119bate z blokad\u0105 sto\u017ckow\u0105, po ko\u0142a z\u0119bate przeno\u015bnikowe, ka\u017cdy produkt jest wykonany z precyzj\u0105, aby zapewni\u0107 wyj\u0105tkow\u0105 wydajno\u015b\u0107 i trwa\u0142o\u015b\u0107. Oferujemy szerok\u0105 gam\u0119 materia\u0142\u00f3w, w tym stal nierdzewn\u0105, tworzywo sztuczne i stal, a tak\u017ce rozwi\u0105zania specjalistyczne, takie jak ko\u0142a z\u0119bate o podw\u00f3jnej podzia\u0142ce i dwurz\u0119dowe, zapewniaj\u0105c wszechstronne rozwi\u0105zania do ka\u017cdego zastosowania.<\/p>\n<p>Tym, co naprawd\u0119 wyr\u00f3\u017cnia FMP, jest nasze zaanga\u017cowanie w personalizacj\u0119. Rozumiemy, \u017ce ka\u017cdy projekt jest wyj\u0105tkowy i z dum\u0105 oferujemy rozwi\u0105zania z\u0119batek na zam\u00f3wienie, dopasowane do Pa\u0144stwa specyficznych wymaga\u0144. Niezale\u017cnie od tego, czy potrzebuj\u0105 Pa\u0144stwo niestandardowego projektu, czy maj\u0105 Pa\u0144stwo specjalistyczne potrzeby techniczne, nasz zesp\u00f3\u0142 ekspert\u00f3w jest gotowy dostarczy\u0107 Pa\u0144stwu niezawodne, wydajne rozwi\u0105zania.<\/p>\n<p>Nasze zaanga\u017cowanie w in\u017cynieryjn\u0105 doskona\u0142o\u015b\u0107 i rygorystyczne standardy produkcyjne gwarantuj\u0105, \u017ce ka\u017cda produkowana przez nas z\u0119batka charakteryzuje si\u0119 wyj\u0105tkow\u0105 niezawodno\u015bci\u0105 i trwa\u0142o\u015bci\u0105. W razie pyta\u0144 lub potrzeby zam\u00f3wienia niestandardowej z\u0119batki, zach\u0119camy do kontaktu. Nasz zesp\u00f3\u0142 jest zawsze gotowy do pomocy, oferuj\u0105c fachowe doradztwo i szybk\u0105 odpowied\u017a, aby zapewni\u0107 Pa\u0144stwu pe\u0142n\u0105 satysfakcj\u0119. Prosimy o kontakt mailowy \u2013 skontaktujemy si\u0119 z Pa\u0144stwem najszybciej jak to mo\u017cliwe.<\/p>\n<p><img loading=\"lazy\" decoding=\"async\" class=\"alignnone size-full wp-image-5246\" src=\"https:\/\/fmp-components.com\/wp-content\/uploads\/2025\/02\/fmp-cast-sprocket-1.webp\" alt=\"fmp-odlew-z\u0119batki\" width=\"2492\" height=\"1179\" title=\"\" srcset=\"https:\/\/fmp-components.com\/wp-content\/uploads\/2025\/02\/fmp-cast-sprocket-1.webp 2492w, https:\/\/fmp-components.com\/wp-content\/uploads\/2025\/02\/fmp-cast-sprocket-1-1280x606.webp 1280w, https:\/\/fmp-components.com\/wp-content\/uploads\/2025\/02\/fmp-cast-sprocket-1-980x464.webp 980w, https:\/\/fmp-components.com\/wp-content\/uploads\/2025\/02\/fmp-cast-sprocket-1-480x227.webp 480w\" sizes=\"(min-width: 0px) and (max-width: 480px) 480px, (min-width: 481px) and (max-width: 980px) 980px, (min-width: 981px) and (max-width: 1280px) 1280px, (min-width: 1281px) 2492px, 100vw\" \/><\/p>\n<\/div>\n<\/div>\n<\/div>\n<\/div>","protected":false},"excerpt":{"rendered":"<p>Boiler Sprocket for Fire Grate Slag Remover Our Boiler Sprocket for fire grate slag removal plays a vital role in driving the chain links that transport coal to the boiler. As a crucial component of the boiler auxiliary system, it ensures smooth and efficient operation. This sprocket is designed with advanced technology to withstand high [&hellip;]<\/p>","protected":false},"featured_media":5251,"comment_status":"open","ping_status":"closed","template":"","meta":{"_et_pb_use_builder":"on","_et_pb_old_content":"<h2>Boiler Sprocket for Fire Grate Slag Remover<\/h2>\r\nOur Boiler Sprocket for fire grate slag removal plays a vital role in driving the chain links that transport coal to the boiler. As a crucial component of the boiler auxiliary system, it ensures smooth and efficient operation. This sprocket is designed with advanced technology to withstand high temperatures and friction, making it durable and reliable. Its user-friendly design allows for easy replacement, minimizing downtime and maintenance costs.\r\n\r\nThe sprocket is manufactured using three types of high-quality raw materials: cast steel, tinplate iron, and cast iron. This variety of materials ensures the sprocket meets the diverse needs of our global clientele. The specifications for the sprocket range from sizes 9, 11, 12, 13, 15, 16, to 18, with the added flexibility of custom manufacturing according to specific customer requirements.\r\n\r\n<img class=\"alignnone size-full wp-image-5251\" src=\"https:\/\/fmp-components.com\/wp-content\/uploads\/2025\/02\/fmp_cast-sprocket-3.webp\" alt=\"fmp_cast-sprocket\" width=\"650\" height=\"650\" \/>\r\n<h3>Characteristics of Boiler Sprockets and Parts:<\/h3>\r\n<ul>\r\n \t<li><strong>High Dimensional Accuracy<\/strong>: Ensures precision fit for optimal performance.<\/li>\r\n \t<li><strong>Excellent Surface Finish<\/strong>: Provides smooth operation and increased durability.<\/li>\r\n \t<li><strong>Wide Range of Complex Alloy Castings<\/strong>: Capable of producing various boiler components to meet specific needs.<\/li>\r\n \t<li><strong>Advanced Casting Techniques<\/strong>: Utilizing \"lost wax casting\" or \"investment casting,\" which involves a multi-layer refractory mold to produce precise and intricate parts.<\/li>\r\n<\/ul>\r\nWe also manufacture a range of other essential boiler components, such as circulating fluidized bed boiler covers, air inlet pipes, wear-resistant protective bricks, support sleeves for 300 MW circulating fluidized bed boilers, arc plates, connecting pipes, slotted separators, blind plates, hooks, and blades. All products are crafted to meet the highest standards of quality and performance for the most demanding industrial applications.\r\n\r\n&nbsp;\r\n\r\n<strong>Selection of Boiler Sprocket Materials<\/strong>\r\n\r\nThe material chosen for the sprocket must ensure that the gear teeth possess adequate strength and wear resistance. Typically, the sprocket\u2019s tooth surface undergoes heat treatment to achieve the required hardness for optimal performance and durability.\r\n\r\nFor boiler accessories, both the large and small chain sprockets are typically made from high-quality carbon structural steel, which is stamped to form the sprockets.\r\n\r\nThis brief overview from Ningsen Machinery highlights the key features of casting boiler sprockets used in boiler systems, aiming to provide valuable insights into their selection and maintenance.\r\n<h2>Routine Maintenance of Boiler Grate Sprocket<\/h2>\r\nThe seamless operation of boiler sprockets is crucial for the overall efficiency and success of industries that rely on industrial boiler systems. To ensure the boiler system operates at peak performance and to extend its service life, regular maintenance is essential. Daily maintenance plays a vital role in preventing issues that could lead to costly downtime and safety hazards.<img class=\"size-full wp-image-5252 alignleft\" src=\"https:\/\/fmp-components.com\/wp-content\/uploads\/2025\/02\/boiler.webp\" alt=\"boiler\" width=\"500\" height=\"333\" \/>\r\n\r\nProper maintenance helps prevent the buildup of soot and scale, which can significantly impact the efficiency of industrial boilers. Failures in the system can be dangerous, leading to reduced productivity, loss of revenue, and even catastrophic incidents such as explosions. Routine checks ensure the safety of workers and the longevity of the equipment.\r\n<h3>Key Maintenance Steps for Boiler Sprockets and Systems:<\/h3>\r\n<ol>\r\n \t<li><strong>Check Water Edge and Components:<\/strong> Regular inspections of the water components in the industrial boiler system are crucial. Mineral scale buildup can reduce the efficiency of the boiler, causing blockages that may impair the system's ability to produce steam effectively. Evaluate the pipes, furnace area, and gasket sealing surfaces. If needed, seek professional assistance for detailed inspections.<\/li>\r\n \t<li><strong>Inspect Furnace Edges and Burners:<\/strong> The furnace edges and burners should be checked for any issues that may decrease boiler efficiency, such as leaks or soot accumulation. Also, inspect dampers, electrodes, fins, hoses, scanners, and diffusers for signs of blockage or erosion. Worn or damaged parts should be replaced promptly to optimize the combustion process and enhance overall boiler efficiency.<\/li>\r\n \t<li><strong>Analysis of Control Measures:<\/strong> Regular analysis of control measures is essential for the safe operation of the boiler. Ensure that the water level is maintained correctly and that there are no signs of cracking or erosion. Factory personnel should carefully examine the equipment's output and monitor control readings. If any readings are inaccurate, it may indicate a deeper issue that requires professional assistance.<\/li>\r\n \t<li><strong>Visual Inspection for Cracks:<\/strong> Conduct regular visual inspections for any signs of cracks, even minor ones. Cracks can significantly reduce the efficiency of the boiler and place undue stress on internal components. This can lead to higher operational costs for water and electricity. If cracks are found, ensure that high-quality repair agents are used during maintenance to prevent future issues.<\/li>\r\n \t<li><strong>Daily Maintenance and Inspection:<\/strong> Even if the boiler appears to be operating normally, daily inspections are critical for identifying early signs of damage such as leaks, cracks, or loose components. Neglecting these small details can result in reduced boiler efficiency and a higher risk of equipment failure. Routine checks can also help optimize fuel and energy use, minimizing costs while maintaining productivity levels.<\/li>\r\n<\/ol>\r\nIn addition to daily checks, monthly maintenance from reliable manufacturers will ensure the long-term performance of the boiler system. The maintenance plan should consider the frequency, duration, and operational demands of the system to ensure continuous, efficient performance.\r\n\r\nBy adhering to these best practices, industries can ensure their boiler systems operate efficiently, safely, and with a prolonged service life.\r\n\r\n<img class=\"wp-image-5253 aligncenter\" src=\"https:\/\/fmp-components.com\/wp-content\/uploads\/2025\/02\/fmp_gear-sprocket.webp\" alt=\"fmp_gear-sprocket\" width=\"864\" height=\"576\" \/>\r\n<div class=\"flex max-w-full flex-col flex-grow\">\r\n<div class=\"min-h-8 text-message flex w-full flex-col items-end gap-2 whitespace-normal break-words text-start [.text-message+&amp;]:mt-5\" dir=\"auto\" data-message-author-role=\"assistant\" data-message-id=\"24ae20e9-9f74-4024-a282-a852b18b5b58\" data-message-model-slug=\"gpt-4o\">\r\n<div class=\"flex w-full flex-col gap-1 empty:hidden first:pt-[3px]\">\r\n<div class=\"markdown prose w-full break-words dark:prose-invert light\">\r\n<h3>About FMP<\/h3>\r\nAt FMP, we are dedicated to being a premier manufacturer of top-quality sprockets, produced at our state-of-the-art facility in Italy. Our comprehensive range of sprockets is designed to meet the diverse needs of industries worldwide. From finished bore sprockets to idler sprockets, taper lock sprockets to conveyor sprockets, each product is crafted with precision to ensure outstanding performance and durability. We offer a variety of materials, including stainless steel, plastic, and steel, as well as specialized options like double pitch and double row sprockets, providing versatile solutions for any application.\r\n\r\nWhat truly distinguishes FMP is our commitment to customization. We understand that every project is unique, and we take pride in offering bespoke sprocket solutions that are tailored to meet your specific requirements. Whether you need a custom design or have specialized technical needs, our team of experts is ready to provide you with reliable, high-performance solutions.\r\n\r\nOur commitment to engineering excellence and rigorous manufacturing standards ensures that every sprocket we produce delivers exceptional reliability and longevity. If you have any questions or require a custom sprocket, we encourage you to get in touch. Our team is always ready to assist with expert advice and prompt responses to ensure your full satisfaction. Contact us via email, and we will get back to you as soon as possible.\r\n\r\n<img class=\"alignnone size-full wp-image-5246\" src=\"https:\/\/fmp-components.com\/wp-content\/uploads\/2025\/02\/fmp-cast-sprocket-1.webp\" alt=\"fmp-cast-sprocket\" width=\"2492\" height=\"1179\" \/>\r\n\r\n<\/div>\r\n<\/div>\r\n<\/div>\r\n<\/div>","_et_gb_content_width":""},"product_brand":[],"product_cat":[99],"product_tag":[],"class_list":{"0":"post-5250","1":"product","2":"type-product","3":"status-publish","4":"has-post-thumbnail","6":"product_cat-specialty-sprockets","8":"first","9":"instock","10":"shipping-taxable","11":"product-type-simple"},"_links":{"self":[{"href":"https:\/\/fmp-components.com\/pl\/wp-json\/wp\/v2\/product\/5250","targetHints":{"allow":["GET"]}}],"collection":[{"href":"https:\/\/fmp-components.com\/pl\/wp-json\/wp\/v2\/product"}],"about":[{"href":"https:\/\/fmp-components.com\/pl\/wp-json\/wp\/v2\/types\/product"}],"replies":[{"embeddable":true,"href":"https:\/\/fmp-components.com\/pl\/wp-json\/wp\/v2\/comments?post=5250"}],"wp:featuredmedia":[{"embeddable":true,"href":"https:\/\/fmp-components.com\/pl\/wp-json\/wp\/v2\/media\/5251"}],"wp:attachment":[{"href":"https:\/\/fmp-components.com\/pl\/wp-json\/wp\/v2\/media?parent=5250"}],"wp:term":[{"taxonomy":"product_brand","embeddable":true,"href":"https:\/\/fmp-components.com\/pl\/wp-json\/wp\/v2\/product_brand?post=5250"},{"taxonomy":"product_cat","embeddable":true,"href":"https:\/\/fmp-components.com\/pl\/wp-json\/wp\/v2\/product_cat?post=5250"},{"taxonomy":"product_tag","embeddable":true,"href":"https:\/\/fmp-components.com\/pl\/wp-json\/wp\/v2\/product_tag?post=5250"}],"curies":[{"name":"wp","href":"https:\/\/api.w.org\/{rel}","templated":true}]}}