{"id":5245,"date":"2025-02-05T03:47:45","date_gmt":"2025-02-05T03:47:45","guid":{"rendered":"https:\/\/fmp-components.com\/?post_type=product&#038;p=5245"},"modified":"2025-02-05T03:47:46","modified_gmt":"2025-02-05T03:47:46","slug":"bucket-elevator-sprocket","status":"publish","type":"product","link":"https:\/\/fmp-components.com\/pl\/product\/bucket-elevator-sprocket\/","title":{"rendered":"Ko\u0142o z\u0119bate przeno\u015bnika kube\u0142kowego"},"content":{"rendered":"<h2>Ko\u0142o z\u0119bate przeno\u015bnika kube\u0142kowego<\/h2>\n<p>Przeno\u015bnik kube\u0142kowy s\u0142u\u017cy do efektywnego transportu materia\u0142\u00f3w z ni\u017cszych na wy\u017csze wysoko\u015bci. <img loading=\"lazy\" decoding=\"async\" class=\"size-full wp-image-5248 alignright\" src=\"https:\/\/fmp-components.com\/wp-content\/uploads\/2025\/02\/fmp_cast-sprocket-16.webp\" alt=\"fmp_cast-z\u0119batka\" width=\"538\" height=\"522\" title=\"\" srcset=\"https:\/\/fmp-components.com\/wp-content\/uploads\/2025\/02\/fmp_cast-sprocket-16.webp 538w, https:\/\/fmp-components.com\/wp-content\/uploads\/2025\/02\/fmp_cast-sprocket-16-480x466.webp 480w\" sizes=\"(min-width: 0px) and (max-width: 480px) 480px, (min-width: 481px) 538px, 100vw\" \/>Po umieszczeniu materia\u0142\u00f3w w zasobniku za pomoc\u0105 sto\u0142u wibracyjnego, maszyna pracuje automatycznie i w spos\u00f3b ci\u0105g\u0142y, podnosz\u0105c materia\u0142y w g\u00f3r\u0119. Pr\u0119dko\u015b\u0107 przeno\u015bnika mo\u017cna regulowa\u0107 w zale\u017cno\u015bci od wymaganej obj\u0119to\u015bci transportowanej substancji, a wysoko\u015b\u0107 podnoszenia mo\u017cna dostosowa\u0107 do indywidualnych potrzeb.<\/p>\n<p>Nasz przeno\u015bnik kube\u0142kowy wyposa\u017cony jest w samodzielnie zaprojektowany, nietoksyczny lej zasypowy z polipropylenu (PP), co poszerza jego zastosowanie w r\u00f3\u017cnych ga\u0142\u0119ziach przemys\u0142u. Lej zasypowy zosta\u0142 starannie zaprojektowany pod k\u0105tem optymalnej wydajno\u015bci, trwa\u0142o\u015bci i bezpiecznego transportu materia\u0142\u00f3w. Wszystkie wymiary systemu s\u0105 dostosowane do specyficznych wymaga\u0144 danego zastosowania.<\/p>\n<p>Ten podno\u015bnik kube\u0142kowy idealnie nadaje si\u0119 do obs\u0142ugi pionowych maszyn pakuj\u0105cych i komputerowych system\u00f3w dozuj\u0105cych. Jest szeroko stosowany do podnoszenia i podawania produkt\u00f3w takich jak \u017cywno\u015b\u0107, produkty farmaceutyczne, chemikalia przemys\u0142owe, \u015bruby, nakr\u0119tki i inne. Prac\u0105 urz\u0105dzenia mo\u017cna sterowa\u0107 automatycznie poprzez rozpoznawanie sygna\u0142u z pod\u0142\u0105czonej maszyny pakuj\u0105cej, co umo\u017cliwia p\u0142ynne uruchamianie i zatrzymywanie.<\/p>\n<p>Dzi\u0119ki uniwersalnej konstrukcji i wysokiej jako\u015bci podzespo\u0142om nasz podno\u015bnik kube\u0142kowy jest niezawodnym rozwi\u0105zaniem zapewniaj\u0105cym wydajny transport pionowy w wielu ga\u0142\u0119ziach przemys\u0142u.<\/p>\n<h2>Zasada dzia\u0142ania podno\u015bnika kube\u0142kowego<\/h2>\n<p>Przeno\u015bnik kube\u0142kowy dzia\u0142a poprzez szereg zasobnik\u00f3w, kt\u00f3re zbieraj\u0105 materia\u0142y z dolnego obszaru magazynowego. W miar\u0119 unoszenia ta\u015bmy lub \u0142a\u0144cucha przeno\u015bnika, przechodzi on nad g\u00f3rnym ko\u0142em, a nast\u0119pnie opada, aby zrzuci\u0107 materia\u0142y do \u200b\u200bzbiornika odbiorczego. Ten proces umo\u017cliwia przeno\u015bnikowi kube\u0142kowemu transport materia\u0142\u00f3w w pionie w ruchu ci\u0105g\u0142ym.<\/p>\n<p><img loading=\"lazy\" decoding=\"async\" class=\"size-full wp-image-5247 alignleft\" src=\"https:\/\/fmp-components.com\/wp-content\/uploads\/2025\/02\/fmp_cast-sprocket-15.webp\" alt=\"fmp_cast-z\u0119batka\" width=\"526\" height=\"435\" title=\"\" srcset=\"https:\/\/fmp-components.com\/wp-content\/uploads\/2025\/02\/fmp_cast-sprocket-15.webp 526w, https:\/\/fmp-components.com\/wp-content\/uploads\/2025\/02\/fmp_cast-sprocket-15-480x397.webp 480w\" sizes=\"(min-width: 0px) and (max-width: 480px) 480px, (min-width: 481px) 526px, 100vw\" \/>W wi\u0119kszo\u015bci podno\u015bnik\u00f3w kube\u0142kowych uk\u0142ad nap\u0119dowy jest nap\u0119dzany gumowym pasem, kt\u00f3ry jest zamontowany zar\u00f3wno na dolnym, jak i g\u00f3rnym b\u0119bnie nap\u0119dowym oraz na g\u00f3rnym i dolnym b\u0119bnie steruj\u0105cym. Alternatywnie, podno\u015bniki kube\u0142kowe z nap\u0119dem \u0142a\u0144cuchowym s\u0105 wyposa\u017cone w dwa r\u00f3wnoleg\u0142e \u0142a\u0144cuchy nap\u0119dowe. \u0141a\u0144cuchy te wsp\u00f3\u0142pracuj\u0105 z par\u0105 k\u00f3\u0142 z\u0119batych przek\u0142adni na g\u00f3rze lub na dole, a tak\u017ce z ko\u0142ami z\u0119batymi steruj\u0105cymi znajduj\u0105cymi si\u0119 na przeciwleg\u0142ym ko\u0144cu.<\/p>\n<p>Aby zapewni\u0107 wydajn\u0105 i czyst\u0105 prac\u0119, przeno\u015bniki kube\u0142kowe s\u0105 zazwyczaj zamykane w obudowach, kt\u00f3re zapobiegaj\u0105 ulatnianiu si\u0119 py\u0142u podczas transportu materia\u0142u.<\/p>\n<p>Przeno\u015bniki kube\u0142kowe idealnie nadaj\u0105 si\u0119 do pionowego transportu materia\u0142\u00f3w. Po umieszczeniu materia\u0142\u00f3w w zasobniku za pomoc\u0105 sto\u0142u wibracyjnego, system automatycznie i w spos\u00f3b ci\u0105g\u0142y podnosi materia\u0142y na \u017c\u0105dan\u0105 wysoko\u015b\u0107, zapewniaj\u0105c niezawodne i wydajne przenoszenie materia\u0142\u00f3w.<\/p>\n<h2>O FMP<\/h2>\n<p>W FMP szczycimy si\u0119 tym, \u017ce jeste\u015bmy wiod\u0105cym producentem wysokiej jako\u015bci k\u00f3\u0142 z\u0119batych, wytwarzanych w naszym nowoczesnym zak\u0142adzie we W\u0142oszech. Oferujemy szerok\u0105 gam\u0119 k\u00f3\u0142 z\u0119batych, zaprojektowanych tak, aby sprosta\u0107 unikalnym potrzebom r\u00f3\u017cnych bran\u017c. Niezale\u017cnie od tego, czy szukasz k\u00f3\u0142 z\u0119batych z gotowym otworem, k\u00f3\u0142 napinaj\u0105cych, k\u00f3\u0142 z\u0119batych z blokad\u0105 sto\u017ckow\u0105, czy k\u00f3\u0142 z\u0119batych do przeno\u015bnik\u00f3w, ka\u017cdy produkt wykonujemy z precyzj\u0105 i trwa\u0142o\u015bci\u0105, aby zapewni\u0107 optymaln\u0105 wydajno\u015b\u0107. Nasza oferta obejmuje ko\u0142a z\u0119bate ze stali nierdzewnej, tworzywa sztucznego i stali, a tak\u017ce modele specjalistyczne, takie jak ko\u0142a z\u0119bate o podw\u00f3jnej podzia\u0142ce i ko\u0142a z\u0119bate dwurz\u0119dowe, co pozwala nam zapewni\u0107 idealne rozwi\u0105zanie do ka\u017cdego zastosowania.<\/p>\n<p>Tym, co wyr\u00f3\u017cnia FMP, jest nasze zaanga\u017cowanie w personalizacj\u0119. Zdajemy sobie spraw\u0119, \u017ce ka\u017cdy projekt ma swoje specyficzne wymagania, dlatego oferujemy rozwi\u0105zania z\u0119batek na zam\u00f3wienie, dopasowane do Pa\u0144stwa potrzeb. Niezale\u017cnie od tego, czy potrzebuj\u0105 Pa\u0144stwo niestandardowego projektu, czy maj\u0105 Pa\u0144stwo specjalistyczne wymagania techniczne, nasz zesp\u00f3\u0142 ekspert\u00f3w jest gotowy dostarczy\u0107 precyzyjne, niezawodne i wydajne rozwi\u0105zania.<\/p>\n<p>D\u0105\u017cymy do doskona\u0142o\u015bci zar\u00f3wno w in\u017cynierii, jak i produkcji, dbaj\u0105c o to, aby ka\u017cda produkowana przez nas z\u0119batka spe\u0142nia\u0142a najwy\u017csze standardy jako\u015bci i by\u0142a trwa\u0142a. Je\u015bli masz jakiekolwiek pytania lub potrzebujesz spersonalizowanego rozwi\u0105zania w zakresie z\u0119batek, skontaktuj si\u0119 z nami. Nasz zesp\u00f3\u0142 s\u0142u\u017cy fachowym doradztwem i szybko odpowiada, aby zagwarantowa\u0107 Ci pe\u0142n\u0105 satysfakcj\u0119. Skontaktuj si\u0119 z nami mailowo, a skontaktujemy si\u0119 z Tob\u0105 najszybciej, jak to mo\u017cliwe.<\/p>\n<p><img loading=\"lazy\" decoding=\"async\" class=\"alignnone size-full wp-image-5246\" src=\"https:\/\/fmp-components.com\/wp-content\/uploads\/2025\/02\/fmp-cast-sprocket-1.webp\" alt=\"fmp-odlew-z\u0119batki\" width=\"2492\" height=\"1179\" title=\"\" srcset=\"https:\/\/fmp-components.com\/wp-content\/uploads\/2025\/02\/fmp-cast-sprocket-1.webp 2492w, https:\/\/fmp-components.com\/wp-content\/uploads\/2025\/02\/fmp-cast-sprocket-1-1280x606.webp 1280w, https:\/\/fmp-components.com\/wp-content\/uploads\/2025\/02\/fmp-cast-sprocket-1-980x464.webp 980w, https:\/\/fmp-components.com\/wp-content\/uploads\/2025\/02\/fmp-cast-sprocket-1-480x227.webp 480w\" sizes=\"(min-width: 0px) and (max-width: 480px) 480px, (min-width: 481px) and (max-width: 980px) 980px, (min-width: 981px) and (max-width: 1280px) 1280px, (min-width: 1281px) 2492px, 100vw\" \/><\/p>","protected":false},"excerpt":{"rendered":"<p>Bucket Elevator Sprocket The bucket elevator is designed to efficiently transport materials from lower to higher elevations. After materials are placed into the hopper via a vibration table, the machine operates automatically and continuously, lifting the materials upward. The speed of the conveyor can be adjusted based on the required transport volume, and the lifting [&hellip;]<\/p>","protected":false},"featured_media":5249,"comment_status":"open","ping_status":"closed","template":"","meta":{"_et_pb_use_builder":"","_et_pb_old_content":"","_et_gb_content_width":""},"product_brand":[],"product_cat":[99],"product_tag":[],"class_list":{"0":"post-5245","1":"product","2":"type-product","3":"status-publish","4":"has-post-thumbnail","6":"product_cat-specialty-sprockets","8":"first","9":"instock","10":"shipping-taxable","11":"product-type-simple"},"_links":{"self":[{"href":"https:\/\/fmp-components.com\/pl\/wp-json\/wp\/v2\/product\/5245","targetHints":{"allow":["GET"]}}],"collection":[{"href":"https:\/\/fmp-components.com\/pl\/wp-json\/wp\/v2\/product"}],"about":[{"href":"https:\/\/fmp-components.com\/pl\/wp-json\/wp\/v2\/types\/product"}],"replies":[{"embeddable":true,"href":"https:\/\/fmp-components.com\/pl\/wp-json\/wp\/v2\/comments?post=5245"}],"wp:featuredmedia":[{"embeddable":true,"href":"https:\/\/fmp-components.com\/pl\/wp-json\/wp\/v2\/media\/5249"}],"wp:attachment":[{"href":"https:\/\/fmp-components.com\/pl\/wp-json\/wp\/v2\/media?parent=5245"}],"wp:term":[{"taxonomy":"product_brand","embeddable":true,"href":"https:\/\/fmp-components.com\/pl\/wp-json\/wp\/v2\/product_brand?post=5245"},{"taxonomy":"product_cat","embeddable":true,"href":"https:\/\/fmp-components.com\/pl\/wp-json\/wp\/v2\/product_cat?post=5245"},{"taxonomy":"product_tag","embeddable":true,"href":"https:\/\/fmp-components.com\/pl\/wp-json\/wp\/v2\/product_tag?post=5245"}],"curies":[{"name":"wp","href":"https:\/\/api.w.org\/{rel}","templated":true}]}}