{"id":5239,"date":"2025-02-05T03:00:22","date_gmt":"2025-02-05T03:00:22","guid":{"rendered":"https:\/\/fmp-components.com\/?post_type=product&#038;p=5239"},"modified":"2025-02-05T03:00:22","modified_gmt":"2025-02-05T03:00:22","slug":"fu-scraper-conveyor-cast-sprocket","status":"publish","type":"product","link":"https:\/\/fmp-components.com\/pl\/product\/fu-scraper-conveyor-cast-sprocket\/","title":{"rendered":"Odlewane ko\u0142o z\u0119bate przeno\u015bnika zgrzeb\u0142owego FU"},"content":{"rendered":"<h2>Z\u0119batka skrobakowa<\/h2>\n<p>Odlewane ko\u0142o z\u0119bate przeno\u015bnika zgrzeb\u0142owego FU jest kluczowym elementem mechanizmu nap\u0119dowego r\u00f3\u017cnych przeno\u015bnik\u00f3w zgrzeb\u0142owych. Wsp\u00f3\u0142pracuje z \u0142a\u0144cuchem, tworz\u0105c g\u0142\u00f3wny uk\u0142ad nap\u0119dowy przeno\u015bnik\u00f3w zgrzeb\u0142owych. Ko\u0142a z\u0119bate i \u0142a\u0144cuchy tych maszyn efektywnie transportuj\u0105 materia\u0142y sypkie w korycie, zapewniaj\u0105c stabilno\u015b\u0107 i trwa\u0142o\u015b\u0107. Zgrzeb\u0142a mog\u0105 by\u0107 wykorzystywane zar\u00f3wno do poziomego, jak i pochy\u0142ego transportu materia\u0142\u00f3w.<\/p>\n<p>Zesp\u00f3\u0142 osi z\u0119batej, cz\u0119sto nazywany zespo\u0142em z\u0119batym, jest kluczowym elementem w pe\u0142ni zmechanizowanej g\u0142owicy zgarniacza i \u0142adowarki. W zastosowaniach g\u00f3rniczych w g\u00f3rnictwie w\u0119gla, ko\u0142o z\u0119bate nap\u0119dza \u0142a\u0144cuch za po\u015brednictwem reduktora, umo\u017cliwiaj\u0105c zgarniaczowi przemieszczanie materia\u0142\u00f3w, takich jak w\u0119giel, w centralnej szczelinie.<\/p>\n<p><img loading=\"lazy\" decoding=\"async\" class=\"wp-image-5241 alignleft\" src=\"https:\/\/fmp-components.com\/wp-content\/uploads\/2025\/02\/scraper2.webp\" alt=\"skrobak\" width=\"304\" height=\"304\" title=\"\"> Ko\u0142a z\u0119bate zgarniacza wykonane s\u0105 z wysokowytrzyma\u0142ej stali konstrukcyjnej stopowej i poddawane wieloetapowemu procesowi obr\u00f3bki. Ko\u0142a te charakteryzuj\u0105 si\u0119 doskona\u0142\u0105 wytrzyma\u0142o\u015bci\u0105, odporno\u015bci\u0105 na zu\u017cycie i og\u00f3ln\u0105 niezawodno\u015bci\u0105. Dost\u0119pne w r\u00f3\u017cnych modelach, pasuj\u0105cych do r\u00f3\u017cnych przeno\u015bnik\u00f3w zgarniakowych, ko\u0142a te zosta\u0142y zaprojektowane tak, aby sprosta\u0107 wymaganiom zr\u00f3\u017cnicowanych warunk\u00f3w eksploatacji.<\/p>\n<h3>G\u0142\u00f3wne cechy z\u0119batek zgarniaj\u0105cych obejmuj\u0105:<\/h3>\n<p>Wysoka wytrzyma\u0142o\u015b\u0107 i odporno\u015b\u0107 na zu\u017cycie<br \/>\nZdolno\u015b\u0107 do wytrzymywania kombinacji impuls\u00f3w i obci\u0105\u017ce\u0144 udarowych<br \/>\nTrwa\u0142o\u015b\u0107 i wytrzyma\u0142o\u015b\u0107<br \/>\nPrecyzyjny rozmiar z\u0119b\u00f3w i wysoka dok\u0142adno\u015b\u0107 obr\u00f3bki dla optymalnej kompatybilno\u015bci \u0142a\u0144cucha<br \/>\nZazwyczaj ko\u0142a z\u0119bate skrobak\u00f3w maj\u0105 6\u20138 z\u0119b\u00f3w, w zale\u017cno\u015bci od konkretnego zastosowania.<\/p>\n<h2>Materia\u0142 z\u0119batki skrobaka<\/h2>\n<p>Wi\u0119kszo\u015b\u0107 k\u00f3\u0142 \u0142a\u0144cuchowych zgarniaczy jest wykonana z wysokowytrzyma\u0142ych stali stopowych, takich jak 42CrMo lub 45CrMnMo. Materia\u0142y te s\u0105 dobierane ze wzgl\u0119du na wyj\u0105tkow\u0105 wytrzyma\u0142o\u015b\u0107, trwa\u0142o\u015b\u0107 i odporno\u015b\u0107 na zu\u017cycie, co jest niezb\u0119dne w trudnych warunkach eksploatacji k\u00f3\u0142 z\u0119batych zgarniaczy.<\/p>\n<p>Aby zwi\u0119kszy\u0107 odporno\u015b\u0107 na zu\u017cycie i og\u00f3ln\u0105 wydajno\u015b\u0107 k\u00f3\u0142 z\u0119batych, ko\u0142a \u0142a\u0144cuchowe poddawane s\u0105 procesowi kucia i hartowania. Proces kucia zapewnia z\u0119batkom g\u0119st\u0105 i jednorodn\u0105 struktur\u0119, co znacznie poprawia ich wytrzyma\u0142o\u015b\u0107 i odporno\u015b\u0107 na zm\u0119czenie. Hartowanie dodatkowo zwi\u0119ksza twardo\u015b\u0107 materia\u0142u, dzi\u0119ki czemu ko\u0142a z\u0119bate s\u0105 bardziej odporne na napr\u0119\u017cenia i zu\u017cycie wyst\u0119puj\u0105ce w zastosowaniach wymagaj\u0105cych du\u017cej wytrzyma\u0142o\u015bci.<\/p>\n<p>W procesie produkcji stosowane s\u0105 rygorystyczne \u015brodki kontroli jako\u015bci, aby zapewni\u0107, \u017ce powierzchnia kucia ka\u017cdego ko\u0142a \u0142a\u0144cuchowego jest wolna od wad, takich jak p\u0119kni\u0119cia, przewarstwienia, zmarszczki, uszkodzenia i wtr\u0105cenia \u017cu\u017cla. Niedoskona\u0142o\u015bci te mog\u0105 negatywnie wp\u0142yn\u0105\u0107 na wytrzyma\u0142o\u015b\u0107 i funkcjonalno\u015b\u0107 z\u0119batek, dlatego przeprowadzane s\u0105 rygorystyczne testy i kontrole, aby zapewni\u0107 najwy\u017csze standardy jako\u015bci.<\/p>\n<p>Produkcja ka\u017cdego ko\u0142a \u0142a\u0144cuchowego obejmuje ponad dwadzie\u015bcia r\u00f3\u017cnych etap\u00f3w obr\u00f3bki. Obejmuj\u0105 one precyzyjn\u0105 obr\u00f3bk\u0119 skrawaniem, kszta\u0142towanie i wyka\u0144czanie, co gwarantuje, \u017ce ka\u017cde ko\u0142o z\u0119bate spe\u0142nia wymagania stawiane przez maszyny zgarniaj\u0105ce. Po uformowaniu, ko\u0142a \u0142a\u0144cuchowe s\u0105 montowane w g\u0142owicy i ogonie maszyny zgarniaj\u0105cej, gdzie odgrywaj\u0105 kluczow\u0105 rol\u0119 w nap\u0119dzaniu \u0142a\u0144cucha i zapewnieniu efektywnego transportu materia\u0142u.<\/p>\n<p>Dzi\u0119ki zastosowaniu zaawansowanych technik produkcyjnych i materia\u0142\u00f3w wysokiej jako\u015bci, ko\u0142a z\u0119bate skrobak\u00f3w gwarantuj\u0105 niezawodn\u0105 prac\u0119 w trudnych warunkach, oferuj\u0105c d\u0142ug\u0105 \u017cywotno\u015b\u0107 i zwi\u0119kszon\u0105 wydajno\u015b\u0107 operacyjn\u0105.<\/p>\n<p><img loading=\"lazy\" decoding=\"async\" class=\"wp-image-5243 aligncenter\" src=\"https:\/\/fmp-components.com\/wp-content\/uploads\/2025\/02\/fmp_cast-sprocket-12.webp\" alt=\"fmp_cast-z\u0119batka\" width=\"863\" height=\"859\" title=\"\" srcset=\"https:\/\/fmp-components.com\/wp-content\/uploads\/2025\/02\/fmp_cast-sprocket-12.webp 863w, https:\/\/fmp-components.com\/wp-content\/uploads\/2025\/02\/fmp_cast-sprocket-12-480x478.webp 480w\" sizes=\"(min-width: 0px) and (max-width: 480px) 480px, (min-width: 481px) 863px, 100vw\" \/><\/p>\n<h3>Zasada dzia\u0142ania przeno\u015bnika zgrzeb\u0142owego<\/h3>\n<p>Przeno\u015bnik zgrzeb\u0142owy dzia\u0142a w oparciu o prosty, ale skuteczny mechanizm przeznaczony do transportu materia\u0142\u00f3w sypkich, takich jak w\u0119giel, p\u0142ona lub inne substancje. Przeno\u015bnik posiada otwart\u0105 zsuwni\u0119, kt\u00f3ra pe\u0142ni funkcj\u0119 prowadnicy i konstrukcji no\u015bnej dla materia\u0142\u00f3w. Zgarniacz, zamocowany wzd\u0142u\u017c \u0142a\u0144cucha (tworz\u0105cy \u0142a\u0144cuch zgarniacza), pe\u0142ni funkcj\u0119 elementu trakcyjnego, kt\u00f3ry przesuwa materia\u0142y przez zsuwni\u0119.<\/p>\n<p>Po uruchomieniu uk\u0142adu nap\u0119dowego g\u0142owicy, w tym przek\u0142adni przeno\u015bnika, wprawia on w ruch ko\u0142o z\u0119bate \u0142a\u0144cucha na wale g\u0142owicy przeno\u015bnika. Ten obr\u00f3t nap\u0119dza \u0142a\u0144cuch zgarniacza, powoduj\u0105c jego ci\u0105g\u0142\u0105 cyrkulacj\u0119. Podczas ruchu \u0142a\u0144cuch zgarniacza ci\u0105gnie materia\u0142 wzd\u0142u\u017c rynny, skutecznie transportuj\u0105c go od ko\u0144ca w kierunku g\u0142owicy przeno\u015bnika.<\/p>\n<p><img loading=\"lazy\" decoding=\"async\" class=\"wp-image-5242 aligncenter\" src=\"https:\/\/fmp-components.com\/wp-content\/uploads\/2025\/02\/fmp-scraper.webp\" alt=\"skrobak fmp\" width=\"880\" height=\"660\" title=\"\" srcset=\"https:\/\/fmp-components.com\/wp-content\/uploads\/2025\/02\/fmp-scraper.webp 880w, https:\/\/fmp-components.com\/wp-content\/uploads\/2025\/02\/fmp-scraper-480x360.webp 480w\" sizes=\"(min-width: 0px) and (max-width: 480px) 480px, (min-width: 481px) 880px, 100vw\" \/><\/p>\n<p>Na pocz\u0105tku przeno\u015bnika materia\u0142 jest roz\u0142adowywany, ko\u0144cz\u0105c cykl transportu. \u0141a\u0144cuch zgarniaj\u0105cy omija nast\u0119pnie ko\u0142o \u0142a\u0144cuchowe, wracaj\u0105c przez system w ci\u0105g\u0142ej, zamkni\u0119tej p\u0119tli, zapewniaj\u0105c sta\u0142y przep\u0142yw materia\u0142\u00f3w w ca\u0142ym procesie. Ta p\u0142ynna praca pozwala na wydajne i niezawodne przenoszenie materia\u0142\u00f3w, dzi\u0119ki czemu przeno\u015bniki zgarniakowe idealnie sprawdzaj\u0105 si\u0119 w r\u00f3\u017cnych bran\u017cach, takich jak g\u00f3rnictwo, prze\u0142adunek w\u0119gla i transport materia\u0142\u00f3w sypkich.<\/p>\n<p>Podsumowuj\u0105c, zasada dzia\u0142ania systemu przeno\u015bnika zgrzeb\u0142owego opiera si\u0119 na skoordynowanym ruchu \u0142a\u0144cucha zgrzeb\u0142owego i k\u00f3\u0142 z\u0119batych, nap\u0119dzanych przez uk\u0142ad nap\u0119dowy g\u0142owicy. Dzi\u0119ki temu materia\u0142y s\u0105 stale transportowane wzd\u0142u\u017c rynny w zamkni\u0119tym cyklu, co zapewnia sp\u00f3jn\u0105 i p\u0142ynn\u0105 prac\u0119.<\/p>\n<h2>O FMP<\/h2>\n<p>W naszym nowoczesnym zak\u0142adzie we W\u0142oszech specjalizujemy si\u0119 w produkcji szerokiej gamy wysokiej jako\u015bci k\u00f3\u0142 z\u0119batych, aby sprosta\u0107 zr\u00f3\u017cnicowanym potrzebom naszych klient\u00f3w. Oferujemy produkty wykonane z precyzj\u0105 i trwa\u0142o\u015bci\u0105, od k\u00f3\u0142 z\u0119batych z otworem gotowym, przez ko\u0142a z\u0119bate napinaj\u0105ce, ko\u0142a z\u0119bate z blokad\u0105 sto\u017ckow\u0105, po ko\u0142a z\u0119bate przeno\u015bnikowe. Nasza szeroka oferta obejmuje ko\u0142a z\u0119bate ze stali nierdzewnej, tworzywa sztucznego i stali, a tak\u017ce specjalistyczne konstrukcje, takie jak ko\u0142a z\u0119bate o podw\u00f3jnej podzia\u0142ce i ko\u0142a z\u0119bate dwurz\u0119dowe, co gwarantuje, \u017ce mo\u017cemy zapewni\u0107 idealne rozwi\u0105zanie do ka\u017cdego zastosowania.<img loading=\"lazy\" decoding=\"async\" class=\"wp-image-5244 alignleft\" src=\"https:\/\/fmp-components.com\/wp-content\/uploads\/2025\/02\/fmp_cast-sprocket-13.webp\" alt=\"fmp_cast-z\u0119batka\" width=\"235\" height=\"295\" title=\"\"><\/p>\n<p>Tym, co nas wyr\u00f3\u017cnia, jest zaanga\u017cowanie w personalizacj\u0119. Rozumiemy, \u017ce ka\u017cdy projekt jest wyj\u0105tkowy, dlatego oferujemy rozwi\u0105zania w zakresie z\u0119batek z\u0119batych dostosowane do indywidualnych potrzeb. Niezale\u017cnie od tego, czy potrzebujesz projektu na zam\u00f3wienie, czy masz wyj\u0105tkowe wymagania techniczne, nasz zesp\u00f3\u0142 ekspert\u00f3w jest do Twojej dyspozycji, aby zapewni\u0107 Ci precyzyjne i niezawodne rozwi\u0105zania.<\/p>\n<p>Jeste\u015bmy dumni z naszego do\u015bwiadczenia in\u017cynieryjnego i jako\u015bci procesu produkcyjnego, dbaj\u0105c o to, aby ka\u017cda z\u0119batka, kt\u00f3r\u0105 produkujemy, by\u0142a trwa\u0142a. Je\u015bli masz jakiekolwiek pytania lub potrzebujesz niestandardowej z\u0119batki, skontaktuj si\u0119 z nami. Nasz zesp\u00f3\u0142 jest gotowy, aby Ci pom\u00f3c i zapewni\u0107 terminowe, fachowe doradztwo, aby zapewni\u0107 Ci pe\u0142n\u0105 satysfakcj\u0119. Wystarczy wys\u0142a\u0107 do nas e-mail, a skontaktujemy si\u0119 z Tob\u0105 najszybciej, jak to mo\u017cliwe.<\/p>","protected":false},"excerpt":{"rendered":"<p>Scraper Sprocket The FU Scraper Conveyor Cast Sprocket is a crucial component in the drive mechanism of various scraper machines. It works together with the chain to form the primary drive system for scraper conveyors. The chain sprockets and chains of these machines efficiently transport bulk materials within the trough, offering stability and durability. Scraper [&hellip;]<\/p>","protected":false},"featured_media":5240,"comment_status":"open","ping_status":"closed","template":"","meta":{"_et_pb_use_builder":"","_et_pb_old_content":"","_et_gb_content_width":""},"product_brand":[],"product_cat":[99],"product_tag":[],"class_list":{"0":"post-5239","1":"product","2":"type-product","3":"status-publish","4":"has-post-thumbnail","6":"product_cat-specialty-sprockets","8":"first","9":"instock","10":"shipping-taxable","11":"product-type-simple"},"_links":{"self":[{"href":"https:\/\/fmp-components.com\/pl\/wp-json\/wp\/v2\/product\/5239","targetHints":{"allow":["GET"]}}],"collection":[{"href":"https:\/\/fmp-components.com\/pl\/wp-json\/wp\/v2\/product"}],"about":[{"href":"https:\/\/fmp-components.com\/pl\/wp-json\/wp\/v2\/types\/product"}],"replies":[{"embeddable":true,"href":"https:\/\/fmp-components.com\/pl\/wp-json\/wp\/v2\/comments?post=5239"}],"wp:featuredmedia":[{"embeddable":true,"href":"https:\/\/fmp-components.com\/pl\/wp-json\/wp\/v2\/media\/5240"}],"wp:attachment":[{"href":"https:\/\/fmp-components.com\/pl\/wp-json\/wp\/v2\/media?parent=5239"}],"wp:term":[{"taxonomy":"product_brand","embeddable":true,"href":"https:\/\/fmp-components.com\/pl\/wp-json\/wp\/v2\/product_brand?post=5239"},{"taxonomy":"product_cat","embeddable":true,"href":"https:\/\/fmp-components.com\/pl\/wp-json\/wp\/v2\/product_cat?post=5239"},{"taxonomy":"product_tag","embeddable":true,"href":"https:\/\/fmp-components.com\/pl\/wp-json\/wp\/v2\/product_tag?post=5239"}],"curies":[{"name":"wp","href":"https:\/\/api.w.org\/{rel}","templated":true}]}}