{"id":4909,"date":"2025-01-23T06:50:33","date_gmt":"2025-01-23T06:50:33","guid":{"rendered":"https:\/\/fmp-components.com\/?post_type=product&#038;p=4909"},"modified":"2025-01-23T08:51:43","modified_gmt":"2025-01-23T08:51:43","slug":"xrv-series-car-washer-gearbox-for-automatic-car-wash-system-xrv050-gearmotor","status":"publish","type":"product","link":"https:\/\/fmp-components.com\/pl\/product\/xrv-series-car-washer-gearbox-for-automatic-car-wash-system-xrv050-gearmotor\/","title":{"rendered":"Przek\u0142adnia myjni samochodowej serii XRV do automatycznego systemu myjni samochodowej Silnik przek\u0142adniowy XRV050"},"content":{"rendered":"<table style=\"border-collapse: collapse; width: 102.047%; height: 5px;\" border=\"0\" width=\"160\" cellspacing=\"0\" cellpadding=\"0\">\n<tbody>\n<tr style=\"height: 14.40pt;\">\n<td style=\"height: 14.40pt; width: 48.00pt;\" align=\"right\" width=\"80\" height=\"24\"><img loading=\"lazy\" decoding=\"async\" class=\"alignnone size-full wp-image-4917\" src=\"https:\/\/fmp-components.com\/wp-content\/uploads\/2025\/01\/xrv050-worm-gearmotor-1.webp\" alt=\"xrv050-motoreduktor \u015blimakowy\" width=\"500\" height=\"375\" title=\"\" srcset=\"https:\/\/fmp-components.com\/wp-content\/uploads\/2025\/01\/xrv050-worm-gearmotor-1.webp 500w, https:\/\/fmp-components.com\/wp-content\/uploads\/2025\/01\/xrv050-worm-gearmotor-1-480x360.webp 480w\" sizes=\"(min-width: 0px) and (max-width: 480px) 480px, (min-width: 481px) 500px, 100vw\" \/><\/td>\n<td style=\"width: 48.00pt;\" align=\"right\" width=\"80\"><img loading=\"lazy\" decoding=\"async\" class=\"alignnone size-full wp-image-4918\" src=\"https:\/\/fmp-components.com\/wp-content\/uploads\/2025\/01\/Car-Wash-Machine-Gearmotor-5.webp\" alt=\"Silnik przek\u0142adniowy do myjni samochodowej-5\" width=\"493\" height=\"397\" title=\"\" srcset=\"https:\/\/fmp-components.com\/wp-content\/uploads\/2025\/01\/Car-Wash-Machine-Gearmotor-5.webp 493w, https:\/\/fmp-components.com\/wp-content\/uploads\/2025\/01\/Car-Wash-Machine-Gearmotor-5-480x387.webp 480w\" sizes=\"(min-width: 0px) and (max-width: 480px) 480px, (min-width: 481px) 493px, 100vw\" \/><\/td>\n<\/tr>\n<\/tbody>\n<\/table>\n<h2>Specyfikacja przek\u0142adni \u015blimakowej myjni samochodowej XRV050<\/h2>\n<p><img loading=\"lazy\" decoding=\"async\" class=\"size-full wp-image-4910 aligncenter\" src=\"https:\/\/fmp-components.com\/wp-content\/uploads\/2025\/01\/XRV050-worm-gear-reducer-parameters.webp\" alt=\"Parametry przek\u0142adni \u015blimakowej XRV050\" width=\"619\" height=\"551\" title=\"\" srcset=\"https:\/\/fmp-components.com\/wp-content\/uploads\/2025\/01\/XRV050-worm-gear-reducer-parameters.webp 619w, https:\/\/fmp-components.com\/wp-content\/uploads\/2025\/01\/XRV050-worm-gear-reducer-parameters-480x427.webp 480w\" sizes=\"(min-width: 0px) and (max-width: 480px) 480px, (min-width: 481px) 619px, 100vw\" \/><\/p>\n<table border=\"1\" width=\"100%\" cellspacing=\"0px\">\n<tbody>\n<tr>\n<td width=\"64\">Typ<\/td>\n<td width=\"64\">Stosunek<\/td>\n<td width=\"64\">Ko\u0142nierz<\/td>\n<td width=\"64\">Moc<\/td>\n<\/tr>\n<tr>\n<td rowspan=\"2\">XRV050<\/td>\n<td rowspan=\"2\">5\u00a0\u00a0\u00a0\u00a0 7.5\u00a0 10\u00a0\u00a0\u00a0\u00a0 12\u00a0 15\u00a0\u00a0\u00a0\u00a0 20\u00a0 30\u00a0\u00a0\u00a0\u00a0 40\u00a0 50\u00a0\u00a0\u00a0\u00a0 60\u00a0 80\u00a0\u00a0\u00a0 100<\/td>\n<td>71B14<\/td>\n<td rowspan=\"2\">0,18 kW 0,25 kW 0,37 kW 0,55 kW 0,75 kW 1,1 kW<\/td>\n<\/tr>\n<tr>\n<td>80B14<\/td>\n<\/tr>\n<\/tbody>\n<\/table>\n<table border=\"1\" width=\"100%\" cellspacing=\"0px\">\n<tbody>\n<tr>\n<td width=\"64\">Typ<\/td>\n<td width=\"64\">I<\/td>\n<td width=\"64\">n2\/obr.\/min<\/td>\n<td width=\"64\">Mn2\/Nm<\/td>\n<td width=\"64\">Fr2\/N<\/td>\n<td width=\"64\">Silnik<\/td>\n<td width=\"64\">P1\/kW<\/td>\n<td width=\"64\">D\u0142.\/mm<\/td>\n<\/tr>\n<tr>\n<td rowspan=\"41\" width=\"64\">XRV050<\/td>\n<td rowspan=\"2\">5<\/td>\n<td>280<\/td>\n<td>17<\/td>\n<td>1577<\/td>\n<td>7134<\/td>\n<td>0.55<\/td>\n<td>180<\/td>\n<\/tr>\n<tr>\n<td>280<\/td>\n<td>23<\/td>\n<td>1577<\/td>\n<td>8024<\/td>\n<td>0.75<\/td>\n<td>205<\/td>\n<\/tr>\n<tr>\n<td rowspan=\"2\">7.5<\/td>\n<td>187<\/td>\n<td>25<\/td>\n<td>1805<\/td>\n<td>7134<\/td>\n<td>0.55<\/td>\n<td>180<\/td>\n<\/tr>\n<tr>\n<td>187<\/td>\n<td>34<\/td>\n<td>1805<\/td>\n<td>8024<\/td>\n<td>0.75<\/td>\n<td>205<\/td>\n<\/tr>\n<tr>\n<td rowspan=\"3\">10<\/td>\n<td>140<\/td>\n<td>22<\/td>\n<td>1987<\/td>\n<td>7124<\/td>\n<td>0.37<\/td>\n<td>180<\/td>\n<\/tr>\n<tr>\n<td>140<\/td>\n<td>32<\/td>\n<td>1987<\/td>\n<td>7134<\/td>\n<td>0.55<\/td>\n<td>180<\/td>\n<\/tr>\n<tr>\n<td>140<\/td>\n<td>44<\/td>\n<td>1987<\/td>\n<td>8024<\/td>\n<td>0.75<\/td>\n<td>205<\/td>\n<\/tr>\n<tr>\n<td rowspan=\"3\">12<\/td>\n<td>117<\/td>\n<td>26<\/td>\n<td>2016<\/td>\n<td>7124<\/td>\n<td>0.37<\/td>\n<td>180<\/td>\n<\/tr>\n<tr>\n<td>117<\/td>\n<td>33<\/td>\n<td>2016<\/td>\n<td>7134<\/td>\n<td>0.55<\/td>\n<td>205<\/td>\n<\/tr>\n<tr>\n<td>117<\/td>\n<td>48<\/td>\n<td>2016<\/td>\n<td>8024<\/td>\n<td>0.75<\/td>\n<td>205<\/td>\n<\/tr>\n<tr>\n<td rowspan=\"3\">15<\/td>\n<td>93<\/td>\n<td>31<\/td>\n<td>2274<\/td>\n<td>7124<\/td>\n<td>0.37<\/td>\n<td>180<\/td>\n<\/tr>\n<tr>\n<td>93<\/td>\n<td>46<\/td>\n<td>2274<\/td>\n<td>7134<\/td>\n<td>0.55<\/td>\n<td>180<\/td>\n<\/tr>\n<tr>\n<td>93<\/td>\n<td>63<\/td>\n<td>2274<\/td>\n<td>8024<\/td>\n<td>0.75<\/td>\n<td>205<\/td>\n<\/tr>\n<tr>\n<td rowspan=\"4\">20<\/td>\n<td>70<\/td>\n<td>27<\/td>\n<td>2503<\/td>\n<td>7114<\/td>\n<td>0.25<\/td>\n<td>180<\/td>\n<\/tr>\n<tr>\n<td>70<\/td>\n<td>40<\/td>\n<td>2503<\/td>\n<td>7124<\/td>\n<td>0.37<\/td>\n<td>180<\/td>\n<\/tr>\n<tr>\n<td>70<\/td>\n<td>59<\/td>\n<td>2503<\/td>\n<td>7134<\/td>\n<td>0.55<\/td>\n<td>180<\/td>\n<\/tr>\n<tr>\n<td>70<\/td>\n<td>81<\/td>\n<td>2503<\/td>\n<td>8024<\/td>\n<td>0.75<\/td>\n<td>205<\/td>\n<\/tr>\n<tr>\n<td rowspan=\"3\">25<\/td>\n<td>56<\/td>\n<td>32<\/td>\n<td>2696<\/td>\n<td>7114<\/td>\n<td>0.25<\/td>\n<td>180<\/td>\n<\/tr>\n<tr>\n<td>56<\/td>\n<td>48<\/td>\n<td>2696<\/td>\n<td>7124<\/td>\n<td>0.37<\/td>\n<td>180<\/td>\n<\/tr>\n<tr>\n<td>56<\/td>\n<td>71<\/td>\n<td>2696<\/td>\n<td>7134<\/td>\n<td>0.55<\/td>\n<td>180<\/td>\n<\/tr>\n<tr>\n<td rowspan=\"3\">30<\/td>\n<td>47<\/td>\n<td>37<\/td>\n<td>2865<\/td>\n<td>7114<\/td>\n<td>0.25<\/td>\n<td>180<\/td>\n<\/tr>\n<tr>\n<td>47<\/td>\n<td>55<\/td>\n<td>2865<\/td>\n<td>7124<\/td>\n<td>0.37<\/td>\n<td>180<\/td>\n<\/tr>\n<tr>\n<td>47<\/td>\n<td>81<\/td>\n<td>2865<\/td>\n<td>7134<\/td>\n<td>0.55<\/td>\n<td>180<\/td>\n<\/tr>\n<tr>\n<td rowspan=\"3\">40<\/td>\n<td>35<\/td>\n<td>33<\/td>\n<td>3153<\/td>\n<td>7114<\/td>\n<td>0.25<\/td>\n<td>180<\/td>\n<\/tr>\n<tr>\n<td>35<\/td>\n<td>46<\/td>\n<td>3153<\/td>\n<td>7124<\/td>\n<td>0.37<\/td>\n<td>180<\/td>\n<\/tr>\n<tr>\n<td>35<\/td>\n<td>68<\/td>\n<td>3153<\/td>\n<td>7134<\/td>\n<td>0.55<\/td>\n<td>180<\/td>\n<\/tr>\n<tr>\n<td rowspan=\"3\">50<\/td>\n<td>28<\/td>\n<td>54<\/td>\n<td>3397<\/td>\n<td>7114<\/td>\n<td>0.25<\/td>\n<td>180<\/td>\n<\/tr>\n<tr>\n<td>28<\/td>\n<td>72<\/td>\n<td>3397<\/td>\n<td>7124<\/td>\n<td>0.37<\/td>\n<td>180<\/td>\n<\/tr>\n<tr>\n<td>28<\/td>\n<td>80<\/td>\n<td>3397<\/td>\n<td>7134<\/td>\n<td>0.55<\/td>\n<td>180<\/td>\n<\/tr>\n<tr>\n<td rowspan=\"3\">52<\/td>\n<td>27<\/td>\n<td>55<\/td>\n<td>3482<\/td>\n<td>7114<\/td>\n<td>0.25<\/td>\n<td>180<\/td>\n<\/tr>\n<tr>\n<td>27<\/td>\n<td>73<\/td>\n<td>3482<\/td>\n<td>7124<\/td>\n<td>0.37<\/td>\n<td>180<\/td>\n<\/tr>\n<tr>\n<td>27<\/td>\n<td>82<\/td>\n<td>3482<\/td>\n<td>7134<\/td>\n<td>0.55<\/td>\n<td>180<\/td>\n<\/tr>\n<tr>\n<td rowspan=\"3\">60<\/td>\n<td>23<\/td>\n<td>60<\/td>\n<td>3610<\/td>\n<td>7114<\/td>\n<td>0.25<\/td>\n<td>180<\/td>\n<\/tr>\n<tr>\n<td>23<\/td>\n<td>75<\/td>\n<td>3610<\/td>\n<td>7124<\/td>\n<td>0.37<\/td>\n<td>180<\/td>\n<\/tr>\n<tr>\n<td>23<\/td>\n<td>84<\/td>\n<td>3610<\/td>\n<td>7134<\/td>\n<td>0.55<\/td>\n<td>180<\/td>\n<\/tr>\n<tr>\n<td rowspan=\"3\">80<\/td>\n<td>18<\/td>\n<td>64<\/td>\n<td>3973<\/td>\n<td>7114<\/td>\n<td>0.25<\/td>\n<td>180<\/td>\n<\/tr>\n<tr>\n<td>18<\/td>\n<td>77<\/td>\n<td>3973<\/td>\n<td>7124<\/td>\n<td>0.37<\/td>\n<td>180<\/td>\n<\/tr>\n<tr>\n<td>18<\/td>\n<td>89<\/td>\n<td>3973<\/td>\n<td>7134<\/td>\n<td>0.55<\/td>\n<td>180<\/td>\n<\/tr>\n<tr>\n<td rowspan=\"3\">100<\/td>\n<td>14<\/td>\n<td>68<\/td>\n<td>4280<\/td>\n<td>7114<\/td>\n<td>0.25<\/td>\n<td>180<\/td>\n<\/tr>\n<tr>\n<td>14<\/td>\n<td>79<\/td>\n<td>4280<\/td>\n<td>7124<\/td>\n<td>0.37<\/td>\n<td>180<\/td>\n<\/tr>\n<tr>\n<td>14<\/td>\n<td>93<\/td>\n<td>4280<\/td>\n<td>7134<\/td>\n<td>0.55<\/td>\n<td>180<\/td>\n<\/tr>\n<\/tbody>\n<\/table>\n<p><img loading=\"lazy\" decoding=\"async\" class=\"alignnone wp-image-4913\" src=\"https:\/\/fmp-components.com\/wp-content\/uploads\/2025\/01\/Car-Wash-Machine-Gearmotor.webp\" alt=\"Silnik przek\u0142adniowy do myjni samochodowej\" width=\"937\" height=\"623\" title=\"\"><\/p>\n<h2>O myjce samochodowej<\/h2>\n<p>Myjnia samochodowa to zautomatyzowane urz\u0105dzenie, kt\u00f3re wykorzystuje sterowanie komputerowe do obs\u0142ugi szczotek i strumienia wody pod wysokim ci\u015bnieniem, s\u0142u\u017c\u0105cego do mycia pojazd\u00f3w. Jako w\u0142a\u015bciciel samochodu, odwiedzaj\u0105c myjni\u0119 samochodow\u0105, z pewno\u015bci\u0105 zauwa\u017cysz r\u00f3\u017cne rodzaje uk\u0142ad\u00f3w przeniesienia nap\u0119du, w tym szczotki poziome, szczotki pionowe i szczotki do k\u00f3\u0142. Te uk\u0142ady, kt\u00f3re nie wymagaj\u0105 r\u0119cznego sterowania, s\u0105 nap\u0119dzane przez reduktor myjni samochodowej. Reduktor odgrywa kluczow\u0105 rol\u0119 w sprz\u0119cie myjni, redukuj\u0105c pr\u0119dko\u015b\u0107 obrotow\u0105 silnika i zapewniaj\u0105c stabiln\u0105 moc dla system\u00f3w natrysku wody i szczotek obrotowych. Zapewnia to odpowiedni\u0105 pr\u0119dko\u015b\u0107 i moment obrotowy dla wydajnej pracy podzespo\u0142\u00f3w myjni, gwarantuj\u0105c stabiln\u0105 prac\u0119 i skuteczne czyszczenie w r\u00f3\u017cnych warunkach.<\/p>\n<table style=\"border-collapse: collapse; width: 101.172%; height: 5px;\" border=\"0\" width=\"160\" cellspacing=\"0\" cellpadding=\"0\">\n<tbody>\n<tr style=\"height: 14.40pt;\">\n<td style=\"height: 14.4pt; width: 51.282%;\" align=\"right\" width=\"80\" height=\"24\"><img loading=\"lazy\" decoding=\"async\" class=\"alignnone size-full wp-image-4911\" src=\"https:\/\/fmp-components.com\/wp-content\/uploads\/2025\/01\/Car-Wash-Machine-Gearmotor-2.webp\" alt=\"Motoreduktor do myjni samochodowej-2\" width=\"926\" height=\"626\" title=\"\" srcset=\"https:\/\/fmp-components.com\/wp-content\/uploads\/2025\/01\/Car-Wash-Machine-Gearmotor-2.webp 926w, https:\/\/fmp-components.com\/wp-content\/uploads\/2025\/01\/Car-Wash-Machine-Gearmotor-2-480x324.webp 480w\" sizes=\"(min-width: 0px) and (max-width: 480px) 480px, (min-width: 481px) 926px, 100vw\" \/><\/td>\n<td style=\"width: 48.718%;\" align=\"right\" width=\"80\"><img loading=\"lazy\" decoding=\"async\" class=\"alignnone size-full wp-image-4912\" src=\"https:\/\/fmp-components.com\/wp-content\/uploads\/2025\/01\/Car-Wash-Machine-Gearmotor-1.webp\" alt=\"Motoreduktor do myjni samochodowej-1\" width=\"919\" height=\"655\" title=\"\" srcset=\"https:\/\/fmp-components.com\/wp-content\/uploads\/2025\/01\/Car-Wash-Machine-Gearmotor-1.webp 919w, https:\/\/fmp-components.com\/wp-content\/uploads\/2025\/01\/Car-Wash-Machine-Gearmotor-1-480x342.webp 480w\" sizes=\"(min-width: 0px) and (max-width: 480px) 480px, (min-width: 481px) 919px, 100vw\" \/><\/td>\n<\/tr>\n<\/tbody>\n<\/table>\n<p><strong>Automatyczne myjnie samochodowe<\/strong>Te zaawansowane myjki wykorzystuj\u0105 du\u017ce, obrotowe szczotki do dok\u0142adnego czyszczenia pojazdu. Aby zapewni\u0107 optymaln\u0105 wydajno\u015b\u0107, do nap\u0119dzania szczotek zastosowano przek\u0142adni\u0119 \u015blimakow\u0105, kt\u00f3ra umo\u017cliwia im obr\u00f3t z idealn\u0105 pr\u0119dko\u015bci\u0105 do usuwania brudu i zanieczyszcze\u0144 z powierzchni pojazdu.<\/p>\n<p><strong>Systemy myjni tunelowych<\/strong>W tych systemach pojazdy poruszaj\u0105 si\u0119 przez sta\u0142y tunel wyposa\u017cony w zaawansowane urz\u0105dzenia czyszcz\u0105ce i woskuj\u0105ce. Silniki z przek\u0142adni\u0105 \u015blimakow\u0105 s\u0105 zazwyczaj u\u017cywane do nap\u0119dzania obracaj\u0105cych si\u0119 szczotek lub rolek w systemie, zapewniaj\u0105c niezawodn\u0105 moc wyj\u015bciow\u0105, umo\u017cliwiaj\u0105c\u0105 r\u00f3wnomierne czyszczenie.<\/p>\n<p><strong>Systemy myjni samochodowych dotykowe i bezdotykowe<\/strong>Nowoczesne systemy myjni samochodowych oferuj\u0105 zar\u00f3wno mycie dotykowe, jak i bezdotykowe, aby sprosta\u0107 zr\u00f3\u017cnicowanym preferencjom. W systemie dotykowym obracaj\u0105ce si\u0119 szczotki fizycznie stykaj\u0105 si\u0119 z powierzchni\u0105 pojazdu, aby j\u0105 oczy\u015bci\u0107. Natomiast systemy bezdotykowe wykorzystuj\u0105 do czyszczenia pojazdu strumienie wody pod wysokim ci\u015bnieniem. Przek\u0142adnia \u015blimakowa w systemach dotykowych zapewnia precyzyjn\u0105 kontrol\u0119 pr\u0119dko\u015bci i ci\u015bnienia szczotek, gwarantuj\u0105c skuteczne czyszczenie bez uszkadzania lakieru pojazdu.<\/p>\n<p><img loading=\"lazy\" decoding=\"async\" class=\"alignnone size-full wp-image-4919\" src=\"https:\/\/fmp-components.com\/wp-content\/uploads\/2025\/01\/Leisuwash-360-Longitudinal-drive-system.webp\" alt=\"uk\u0142ad nap\u0119dowy\" width=\"900\" height=\"600\" title=\"\" srcset=\"https:\/\/fmp-components.com\/wp-content\/uploads\/2025\/01\/Leisuwash-360-Longitudinal-drive-system.webp 900w, https:\/\/fmp-components.com\/wp-content\/uploads\/2025\/01\/Leisuwash-360-Longitudinal-drive-system-480x320.webp 480w\" sizes=\"(min-width: 0px) and (max-width: 480px) 480px, (min-width: 481px) 900px, 100vw\" \/><\/p>\n<h2>Jak dzia\u0142aj\u0105 silniki przek\u0142adniowe automatycznych myjni samochodowych?<\/h2>\n<p>Silniki przek\u0142adniowe w automatycznych myjniach samochodowych s\u0105 niezb\u0119dnymi elementami w dzia\u0142aniu automatycznych system\u00f3w myjni samochodowych. Zapewniaj\u0105 one niezb\u0119dn\u0105 moc do poruszania r\u00f3\u017cnymi elementami bior\u0105cymi udzia\u0142 w procesie mycia, takimi jak szczotki, przeno\u015bniki i systemy natryskowe. Chocia\u017c konstrukcje mog\u0105 si\u0119 r\u00f3\u017cni\u0107, oto og\u00f3lny przegl\u0105d dzia\u0142ania silnik\u00f3w przek\u0142adniowych w automatycznych myjniach samochodowych:<\/p>\n<ol>\n<li><strong>Silnik<\/strong>: Silnik przek\u0142adniowy wykorzystuje silnik elektryczny jako g\u0142\u00f3wne \u017ar\u00f3d\u0142o zasilania. Zazwyczaj jest to silnik pr\u0105du przemiennego w komercyjnych myjniach samochodowych lub silnik pr\u0105du sta\u0142ego w mniejszych lub przeno\u015bnych systemach.<\/li>\n<li><strong>Skrzynia bieg\u00f3w<\/strong>Silnik jest po\u0142\u0105czony z przek\u0142adni\u0105, kt\u00f3ra redukuje pr\u0119dko\u015b\u0107 obrotow\u0105 silnika do ni\u017cszej pr\u0119dko\u015bci i wy\u017cszego momentu obrotowego. Przek\u0142adnia zawiera r\u00f3\u017cne ko\u0142a z\u0119bate \u2013 takie jak przek\u0142adnie \u015blimakowe, planetarne lub walcowe \u2013 w zale\u017cno\u015bci od konstrukcji. Ko\u0142a te wsp\u00f3\u0142pracuj\u0105 ze sob\u0105, aby uzyska\u0107 po\u017c\u0105dan\u0105 pr\u0119dko\u015b\u0107 i konwersj\u0119 momentu obrotowego.<\/li>\n<li><strong>Przenoszenie mocy<\/strong>Wa\u0142 wyj\u015bciowy przek\u0142adni jest po\u0142\u0105czony z uk\u0142adem pas\u00f3w, \u0142a\u0144cuch\u00f3w lub sprz\u0119g\u0142em bezpo\u015brednim, w zale\u017cno\u015bci od konstrukcji myjni samochodowej. Ten uk\u0142ad przeniesienia nap\u0119du przenosi ruch obrotowy z silnika przek\u0142adniowego na elementy, kt\u00f3re musz\u0105 si\u0119 porusza\u0107, takie jak szczotki i ta\u015bmy przeno\u015bnika.<\/li>\n<li><strong>System sterowania<\/strong>Silnik przek\u0142adniowy jest sterowany przez centralny system sterowania, kt\u00f3ry zarz\u0105dza prac\u0105 myjni. System sterowania odbiera dane z czujnik\u00f3w, prze\u0142\u0105cznik\u00f3w lub automatycznych wyzwalaczy i wysy\u0142a sygna\u0142y do \u200b\u200bsilnika przek\u0142adniowego, aby uruchomi\u0107 okre\u015blone operacje we w\u0142a\u015bciwym czasie. Na przyk\u0142ad, gdy pojazd wje\u017cd\u017ca na myjni\u0119, system mo\u017ce uruchomi\u0107 silnik, aby uruchomi\u0107 przeno\u015bnik lub szczotki.<\/li>\n<li><strong>Funkcje bezpiecze\u0144stwa<\/strong>Silniki przek\u0142adniowe automatycznych myjni samochodowych zazwyczaj wyposa\u017cone s\u0105 w zabezpieczenia zapobiegaj\u0105ce uszkodzeniom lub wypadkom. Mog\u0105 to by\u0107 wy\u0142\u0105czniki kra\u0144cowe lub czujniki wykrywaj\u0105ce przeszkody lub nadmiern\u0105 si\u0142\u0119, przyciski zatrzymania awaryjnego oraz mechanizmy zabezpieczaj\u0105ce przed przeci\u0105\u017ceniem. Te zabezpieczenia pomagaj\u0105 zapewni\u0107, \u017ce silnik pracuje w bezpiecznych parametrach i chroni zar\u00f3wno sprz\u0119t, jak i myty pojazd.<\/li>\n<\/ol>\n<p>\u0141\u0105cz\u0105c moc silnika, redukcj\u0119 pr\u0119dko\u015bci przek\u0142adni i kontrolowane przenoszenie mocy, silnik przek\u0142adniowy automatycznej myjni samochodowej synchronizuje ruch r\u00f3\u017cnych komponent\u00f3w, zapewniaj\u0105c efektywny proces mycia.<\/p>\n<p>Przek\u0142adnie opracowane i produkowane przez FMP do myjni samochodowych s\u0105 specjalnie zaprojektowane do u\u017cytku w powszechnie dost\u0119pnych urz\u0105dzeniach do mycia samochod\u00f3w. Charakteryzuj\u0105 si\u0119 \u0142atwym monta\u017cem, niskim poziomem ha\u0142asu, d\u0142ug\u0105 \u017cywotno\u015bci\u0105 i doskona\u0142\u0105 ochron\u0105. Wodoodporne przek\u0142adnie zapewniaj\u0105 wy\u017cszy poziom ochrony ni\u017c konwencjonalne przek\u0142adnie \u015blimakowe i s\u0105 dostosowane do nowoczesnych myjni samochodowych.<\/p>\n<table style=\"border-collapse: collapse; width: 102.375%; height: 19px;\" border=\"0\" width=\"160\" cellspacing=\"0\" cellpadding=\"0\">\n<tbody>\n<tr style=\"height: 14.40pt;\">\n<td style=\"height: 14.40pt; width: 48.00pt;\" align=\"right\" width=\"80\" height=\"24\"><img loading=\"lazy\" decoding=\"async\" class=\"alignnone size-full wp-image-4921\" src=\"https:\/\/fmp-components.com\/wp-content\/uploads\/2025\/01\/Car-Wash-Machine-Gearmotor-8.webp\" alt=\"Silnik przek\u0142adniowy do myjni samochodowej-8\" width=\"751\" height=\"580\" title=\"\" srcset=\"https:\/\/fmp-components.com\/wp-content\/uploads\/2025\/01\/Car-Wash-Machine-Gearmotor-8.webp 751w, https:\/\/fmp-components.com\/wp-content\/uploads\/2025\/01\/Car-Wash-Machine-Gearmotor-8-480x371.webp 480w\" sizes=\"(min-width: 0px) and (max-width: 480px) 480px, (min-width: 481px) 751px, 100vw\" \/><\/td>\n<td style=\"width: 48.00pt;\" align=\"right\" width=\"80\"><img loading=\"lazy\" decoding=\"async\" class=\"alignnone wp-image-4920\" src=\"https:\/\/fmp-components.com\/wp-content\/uploads\/2025\/01\/Car-Wash-Machine-Gearmotor-6.webp\" alt=\"Silnik przek\u0142adniowy do myjni samochodowej\" width=\"944\" height=\"944\" title=\"\" srcset=\"https:\/\/fmp-components.com\/wp-content\/uploads\/2025\/01\/Car-Wash-Machine-Gearmotor-6.webp 944w, https:\/\/fmp-components.com\/wp-content\/uploads\/2025\/01\/Car-Wash-Machine-Gearmotor-6-480x480.webp 480w\" sizes=\"(min-width: 0px) and (max-width: 480px) 480px, (min-width: 481px) 944px, 100vw\" \/><\/td>\n<\/tr>\n<\/tbody>\n<\/table>\n<h2>Reduktor do myjni samochodowych produkowany przez firm\u0119 FMP charakteryzuje si\u0119 nast\u0119puj\u0105cymi osi\u0105gami i zaletami:<\/h2>\n<p>Specjalna konfiguracja silnika o mocy 0,25 kW, 0,37 kW, 0,55 kW, 0,75 kW i 2,2 kW itd.;<\/p>\n<p>W zale\u017cno\u015bci od potrzeb klienta mo\u017cna wybra\u0107 r\u00f3\u017cne typy ko\u0142nierzy;<\/p>\n<p>Ka\u017cdy modu\u0142 ma modu\u0142ow\u0105 konstrukcj\u0119, a jego cz\u0119\u015bci s\u0105 bardziej uniwersalne;<\/p>\n<p>Zakres prze\u0142o\u017ce\u0144 jest szeroki i obejmuje wi\u0119cej opcji prze\u0142o\u017ce\u0144 ni\u017c w przypadku modeli standardowych;<\/p>\n<p>Ko\u0144c\u00f3wka wyj\u015bciowa wykonana jest ze stali nierdzewnej 304, co gwarantuje, \u017ce nie zardzewieje podczas u\u017cytkowania;<\/p>\n<p>Kompaktowa konstrukcja korpusu umo\u017cliwia \u0142atw\u0105 instalacj\u0119 w r\u00f3\u017cnych \u015brodowiskach;<\/p>\n<p>Specjalny, ca\u0142kowicie syntetyczny \u015brodek smarny, nie wymagaj\u0105cy wymiany oleju przez ca\u0142y okres u\u017cytkowania;<\/p>\n<p>Powierzchnia nadwozia pokryta jest natryskowo tworzywem sztucznym, odpornym na korozj\u0119, pi\u0119knym i praktycznym;<\/p>\n<p>Ko\u0144ce wej\u015bciowe i wyj\u015bciowe s\u0105 uszczelnione uszczelkami olejowymi, aby zapewni\u0107 odpowiedni\u0105 szczelno\u015b\u0107;<\/p>\n<p>Ko\u0142o \u015blimakowe wykonane jest z odpornego na zu\u017cycie br\u0105zu cynowego, a \u015blimak jest naw\u0119glany i hartowany w celu uzyskania du\u017cej twardo\u015bci;<\/p>\n<p>Stopie\u0144 ochrony wynosi IP67, co umo\u017cliwia stosowanie w r\u00f3\u017cnych warunkach wewn\u0105trz i na zewn\u0105trz budynk\u00f3w, a tak\u017ce w trudnych warunkach pracy;<\/p>\n<p><img loading=\"lazy\" decoding=\"async\" class=\"alignnone  wp-image-4931\" src=\"https:\/\/fmp-components.com\/wp-content\/uploads\/2025\/01\/Car-Wash-Machine-Gearmotor-10.webp\" alt=\"Silnik przek\u0142adniowy do myjni samochodowej\" width=\"943\" height=\"856\" title=\"\" srcset=\"https:\/\/fmp-components.com\/wp-content\/uploads\/2025\/01\/Car-Wash-Machine-Gearmotor-10.webp 943w, https:\/\/fmp-components.com\/wp-content\/uploads\/2025\/01\/Car-Wash-Machine-Gearmotor-10-480x436.webp 480w\" sizes=\"(min-width: 0px) and (max-width: 480px) 480px, (min-width: 481px) 943px, 100vw\" \/><\/p>\n<p><img loading=\"lazy\" decoding=\"async\" class=\"alignnone wp-image-4930\" src=\"https:\/\/fmp-components.com\/wp-content\/uploads\/2025\/01\/Car-Wash-Machine-Gearmotor-9.webp\" alt=\"Silnik przek\u0142adniowy do myjni samochodowej\" width=\"944\" height=\"985\" title=\"\" srcset=\"https:\/\/fmp-components.com\/wp-content\/uploads\/2025\/01\/Car-Wash-Machine-Gearmotor-9.webp 944w, https:\/\/fmp-components.com\/wp-content\/uploads\/2025\/01\/Car-Wash-Machine-Gearmotor-9-480x501.webp 480w\" sizes=\"(min-width: 0px) and (max-width: 480px) 480px, (min-width: 481px) 944px, 100vw\" \/><\/p>","protected":false},"excerpt":{"rendered":"<p>Specifications of XRV050 Car Washer Worm Gear Reducer Type Ratio Flange Power XRV050 5\u00a0\u00a0\u00a0\u00a0 7.5\u00a0 10\u00a0\u00a0\u00a0\u00a0 12\u00a0 15\u00a0\u00a0\u00a0\u00a0 20\u00a0 30\u00a0\u00a0\u00a0\u00a0 40\u00a0 50\u00a0\u00a0\u00a0\u00a0 60\u00a0 80\u00a0\u00a0\u00a0 100 71B14 0.18KW\u00a0\u00a0\u00a0\u00a0 0.25KW\u00a0\u00a0\u00a0 0.37KW\u00a0\u00a0\u00a0 0.55KW\u00a0\u00a0\u00a0 0.75KW\u00a0\u00a0\u00a0\u00a0 1.1KW 80B14 Type i n2\/r\/min Mn2\/Nm Fr2\/N Motor P1\/kw L\/mm XRV050 5 280 17 1577 7134 0.55 180 280 23 1577 8024 0.75 205 [&hellip;]<\/p>","protected":false},"featured_media":4914,"comment_status":"open","ping_status":"closed","template":"","meta":{"_et_pb_use_builder":"","_et_pb_old_content":"","_et_gb_content_width":""},"product_brand":[],"product_cat":[93],"product_tag":[],"class_list":{"0":"post-4909","1":"product","2":"type-product","3":"status-publish","4":"has-post-thumbnail","6":"product_cat-car-wash-machine-gearmotor","8":"first","9":"instock","10":"shipping-taxable","11":"product-type-simple"},"_links":{"self":[{"href":"https:\/\/fmp-components.com\/pl\/wp-json\/wp\/v2\/product\/4909","targetHints":{"allow":["GET"]}}],"collection":[{"href":"https:\/\/fmp-components.com\/pl\/wp-json\/wp\/v2\/product"}],"about":[{"href":"https:\/\/fmp-components.com\/pl\/wp-json\/wp\/v2\/types\/product"}],"replies":[{"embeddable":true,"href":"https:\/\/fmp-components.com\/pl\/wp-json\/wp\/v2\/comments?post=4909"}],"wp:featuredmedia":[{"embeddable":true,"href":"https:\/\/fmp-components.com\/pl\/wp-json\/wp\/v2\/media\/4914"}],"wp:attachment":[{"href":"https:\/\/fmp-components.com\/pl\/wp-json\/wp\/v2\/media?parent=4909"}],"wp:term":[{"taxonomy":"product_brand","embeddable":true,"href":"https:\/\/fmp-components.com\/pl\/wp-json\/wp\/v2\/product_brand?post=4909"},{"taxonomy":"product_cat","embeddable":true,"href":"https:\/\/fmp-components.com\/pl\/wp-json\/wp\/v2\/product_cat?post=4909"},{"taxonomy":"product_tag","embeddable":true,"href":"https:\/\/fmp-components.com\/pl\/wp-json\/wp\/v2\/product_tag?post=4909"}],"curies":[{"name":"wp","href":"https:\/\/api.w.org\/{rel}","templated":true}]}}