{"id":4777,"date":"2025-01-20T08:49:32","date_gmt":"2025-01-20T08:49:32","guid":{"rendered":"https:\/\/fmp-components.com\/?page_id=8"},"modified":"2025-01-20T08:53:40","modified_gmt":"2025-01-20T08:53:40","slug":"curved-rack-and-pinion-gear","status":"publish","type":"product","link":"https:\/\/fmp-components.com\/pl\/product\/curved-rack-and-pinion-gear\/","title":{"rendered":"Zakrzywiona przek\u0142adnia z\u0119bata"},"content":{"rendered":"<h2>Specyfikacja zakrzywionych przek\u0142adni z\u0119batych<\/h2>\n<p>Precyzyjna obr\u00f3bka zakrzywionej z\u0119batki ze stali nierdzewnej do robota<\/p>\n<table class=\"table\" border=\"1\" width=\"100%\" cellspacing=\"0\" cellpadding=\"0\">\n<tbody>\n<tr class=\"firstRow\">\n<td><strong>Numer modelu<\/strong><\/td>\n<td>M1, M1.5, M2, M2.5, M3, M4, M5, M8, M12 itd.<\/td>\n<\/tr>\n<tr>\n<td><strong>Tworzywo<\/strong><\/td>\n<td>Mosi\u0105dz, stal C45, stal nierdzewna, mied\u017a, POM, aluminium, stop itp.<\/td>\n<\/tr>\n<tr>\n<td><strong>Obr\u00f3bka powierzchni<\/strong><\/td>\n<td>Cynkowanie, niklowanie, pasywacja, utlenianie, anodowanie, Geomet, Dacromet, tlenek czarny, fosforanowanie, malowanie proszkowe i elektroforeza.<\/td>\n<\/tr>\n<tr>\n<td><strong>Standard<\/strong><\/td>\n<td>ISO, DIN, ANSI, JIS, BS i niestandardowe.<\/td>\n<\/tr>\n<tr>\n<td><strong>Precyzja<\/strong><\/td>\n<td>DIN6, DIN7, DIN8, DIN9.<\/td>\n<\/tr>\n<tr>\n<td><strong>Leczenie z\u0119b\u00f3w<\/strong><\/td>\n<td>Utwardzane, frezowane lub szlifowane<\/td>\n<\/tr>\n<tr>\n<td><strong>Tolerancja<\/strong><\/td>\n<td>0,001 mm-0,01 mm-0,1 mm<\/td>\n<\/tr>\n<tr>\n<td><strong>Sko\u0144czy\u0107<\/strong><\/td>\n<td>\u015brutowanie\/piaskowanie, obr\u00f3bka cieplna, wy\u017carzanie, odpuszczanie, polerowanie, anodowanie, cynkowanie<\/td>\n<\/tr>\n<tr>\n<td><strong>Pakowanie przedmiot\u00f3w<\/strong><\/td>\n<td>Torba plastikowa + kartony lub opakowanie drewniane<\/td>\n<\/tr>\n<tr>\n<td><strong>Warunki p\u0142atno\u015bci<\/strong><\/td>\n<td>T\/T, L\/C<\/td>\n<\/tr>\n<tr>\n<td><strong>Pr\u00f3bki<\/strong><\/td>\n<td>Przyk\u0142adowy zakres cen od $2 do $100. Pr\u00f3bka zam\u00f3wiona ekspresowo, p\u0142atna przez klient\u00f3w.<\/td>\n<\/tr>\n<tr>\n<td><strong>Aplikacja<\/strong><\/td>\n<td>1. Automatyczna maszyna steruj\u0105ca 2. Przemys\u0142 p\u00f3\u0142przewodnikowy 3. Maszyny og\u00f3lnego przeznaczenia 4. Sprz\u0119t medyczny 5. Sprz\u0119t do energii s\u0142onecznej 6. Obrabiarka 7. System parkingowy 8. Sprz\u0119t do szybkiego transportu kolejowego i lotniczego itp.<\/td>\n<\/tr>\n<\/tbody>\n<\/table>\n<p>Dob\u00f3r materia\u0142u na \u0142ukow\u0105 lub zakrzywion\u0105 z\u0119batk\u0119 i z\u0119bnik jest rzetelny i uzasadniony. W pe\u0142ni uwzgl\u0119dnia on rzeczywiste \u015brodowisko u\u017cytkowania projektu i charakteryzuje si\u0119 dobr\u0105 odporno\u015bci\u0105 na \u015bcieranie. Zakrzywiona z\u0119batka uwzgl\u0119dnia specyficzne \u015brodowisko u\u017cytkowania oraz w\u0142a\u015bciwo\u015bci przep\u0142ywu materia\u0142u i przetwarza je po doborze. Zakrzywiona z\u0119batka i z\u0119bnik charakteryzuj\u0105 si\u0119 odporno\u015bci\u0105 na \u015bcieranie i stabilno\u015bci\u0105 po hartowaniu.<\/p>","protected":false},"excerpt":{"rendered":"<p>Specification of Curved Rack and Pinion Gears Precision Machining Stainless Steel Curved Rack and Pinion Gear for Robot Model Number M1,M1.5,M2,M2.5,M3,M4,M5,M8,M12 etc. Material Brass, \u00a0 C45 steel, Stainless steel, Copper, POM, Aluminum, Alloy, and so on Surface treatment Zinc-plated, Nickel plated, Passivation, Oxidation, Anodization,\u00a0 \u00a0 Geomet, Dacromet, Black Oxide, Phosphatizing, Powder Coating, and \u00a0 Electrophoresis. [&hellip;]<\/p>","protected":false},"featured_media":4778,"comment_status":"open","ping_status":"closed","template":"","meta":{"_et_pb_use_builder":"","_et_pb_old_content":"","_et_gb_content_width":""},"product_brand":[],"product_cat":[91],"product_tag":[],"class_list":{"0":"post-4777","1":"product","2":"type-product","3":"status-publish","4":"has-post-thumbnail","6":"product_cat-gear-racks","8":"first","9":"instock","10":"shipping-taxable","11":"product-type-simple"},"_links":{"self":[{"href":"https:\/\/fmp-components.com\/pl\/wp-json\/wp\/v2\/product\/4777","targetHints":{"allow":["GET"]}}],"collection":[{"href":"https:\/\/fmp-components.com\/pl\/wp-json\/wp\/v2\/product"}],"about":[{"href":"https:\/\/fmp-components.com\/pl\/wp-json\/wp\/v2\/types\/product"}],"replies":[{"embeddable":true,"href":"https:\/\/fmp-components.com\/pl\/wp-json\/wp\/v2\/comments?post=4777"}],"wp:featuredmedia":[{"embeddable":true,"href":"https:\/\/fmp-components.com\/pl\/wp-json\/wp\/v2\/media\/4778"}],"wp:attachment":[{"href":"https:\/\/fmp-components.com\/pl\/wp-json\/wp\/v2\/media?parent=4777"}],"wp:term":[{"taxonomy":"product_brand","embeddable":true,"href":"https:\/\/fmp-components.com\/pl\/wp-json\/wp\/v2\/product_brand?post=4777"},{"taxonomy":"product_cat","embeddable":true,"href":"https:\/\/fmp-components.com\/pl\/wp-json\/wp\/v2\/product_cat?post=4777"},{"taxonomy":"product_tag","embeddable":true,"href":"https:\/\/fmp-components.com\/pl\/wp-json\/wp\/v2\/product_tag?post=4777"}],"curies":[{"name":"wp","href":"https:\/\/api.w.org\/{rel}","templated":true}]}}