{"id":4763,"date":"2025-01-20T06:18:59","date_gmt":"2025-01-20T06:18:59","guid":{"rendered":"https:\/\/fmp-components.com\/?page_id=8"},"modified":"2025-01-20T06:45:54","modified_gmt":"2025-01-20T06:45:54","slug":"gear-rack-and-pinion","status":"publish","type":"product","link":"https:\/\/fmp-components.com\/pl\/product\/gear-rack-and-pinion\/","title":{"rendered":"Przek\u0142adnia z\u0119bata i z\u0119batka"},"content":{"rendered":"<table style=\"border-collapse: collapse; width: 101.172%; height: 57px;\" border=\"0\" width=\"128\" cellspacing=\"0\" cellpadding=\"0\">\n<tbody>\n<tr style=\"height: 13.8pt;\">\n<td style=\"height: 13.8pt; width: 48pt;\" align=\"right\" width=\"64\" height=\"18\"><img loading=\"lazy\" decoding=\"async\" class=\"alignnone size-full wp-image-4765\" src=\"https:\/\/fmp-components.com\/wp-content\/uploads\/2025\/01\/Rack-and-Pinion-Gear.webp\" alt=\"Przek\u0142adnia z\u0119batkowa\" width=\"600\" height=\"600\" title=\"\" srcset=\"https:\/\/fmp-components.com\/wp-content\/uploads\/2025\/01\/Rack-and-Pinion-Gear.webp 600w, https:\/\/fmp-components.com\/wp-content\/uploads\/2025\/01\/Rack-and-Pinion-Gear-480x480.webp 480w\" sizes=\"(min-width: 0px) and (max-width: 480px) 480px, (min-width: 481px) 600px, 100vw\" \/><\/td>\n<td style=\"width: 48pt;\" align=\"right\" width=\"64\"><img loading=\"lazy\" decoding=\"async\" class=\"alignnone size-full wp-image-4766\" src=\"https:\/\/fmp-components.com\/wp-content\/uploads\/2025\/01\/Rack-and-Pinion-Gears.webp\" alt=\"Przek\u0142adnie z\u0119bate\" width=\"600\" height=\"600\" title=\"\" srcset=\"https:\/\/fmp-components.com\/wp-content\/uploads\/2025\/01\/Rack-and-Pinion-Gears.webp 600w, https:\/\/fmp-components.com\/wp-content\/uploads\/2025\/01\/Rack-and-Pinion-Gears-480x480.webp 480w\" sizes=\"(min-width: 0px) and (max-width: 480px) 480px, (min-width: 481px) 600px, 100vw\" \/><\/td>\n<\/tr>\n<\/tbody>\n<\/table>\n<h2>Materia\u0142 przek\u0142adni z\u0119batej<\/h2>\n<p>Je\u015bli chodzi o materia\u0142y, z kt\u00f3rych wykonane s\u0105 z\u0119batki i z\u0119bniki, brane s\u0105 pod uwag\u0119 wytrzyma\u0142o\u015b\u0107, odporno\u015b\u0107 na \u015bcieranie i ch\u0142onno\u015b\u0107. Stal w\u0119glowa jest najcz\u0119\u015bciej u\u017cywanym materia\u0142em do produkcji z\u0119batek i z\u0119bnik\u00f3w.<\/p>\n<ol>\n<li>Materia\u0142 ten doskonale sprawdza si\u0119 w wi\u0119kszo\u015bci ustawie\u0144 i scenariuszy u\u017cytkowania.<\/li>\n<li>Materia\u0142 ten jest skuteczny ze wzgl\u0119du na wzgl\u0119dn\u0105 wytrzyma\u0142o\u015b\u0107 z\u0119batki w po\u0142\u0105czeniu z z\u0119batk\u0105.<\/li>\n<li>Ponadto materia\u0142 ten doskonale nadaje si\u0119 do obr\u00f3bki cieplnej w celu zwi\u0119kszenia wytrzyma\u0142o\u015bci, pozwala na wykonywanie otwor\u00f3w gwintowanych lub na \u015bruby, zachowuje stabilno\u015b\u0107 wymiarow\u0105 i w razie potrzeby mo\u017cna go prostowa\u0107.<\/li>\n<\/ol>\n<table border=\"1\" cellspacing=\"0\" cellpadding=\"0\">\n<tbody>\n<tr>\n<td><b>Aluminium<\/b><\/td>\n<td>Aluminium to niebieskawy, srebrzystobia\u0142y, kowalny, ci\u0105gliwy, lekki, tr\u00f3jwarto\u015bciowy pierwiastek metaliczny o dobrej przewodno\u015bci elektrycznej i cieplnej, wysokim wsp\u00f3\u0142czynniku odbicia \u015bwiat\u0142a oraz odporno\u015bci na utlenianie. Jest l\u017cejszy od stali, ale nie tak wytrzyma\u0142y.<\/td>\n<\/tr>\n<tr>\n<td><b>Mosi\u0105dz<\/b><\/td>\n<td class=\"LtGrey\" valign=\"top\">Mosi\u0105dz charakteryzuje si\u0119 dobr\u0105 wytrzyma\u0142o\u015bci\u0105, ci\u0105gliwo\u015bci\u0105 w wysokich temperaturach i elastyczno\u015bci\u0105 w niskich temperaturach, przewodno\u015bci\u0105 elektryczn\u0105, odporno\u015bci\u0105 na korozj\u0119, w\u0142a\u015bciwo\u015bciami \u0142o\u017cyskowymi i nisk\u0105 przenikalno\u015bci\u0105 magnetyczn\u0105.<\/td>\n<\/tr>\n<tr>\n<td><b>Br\u0105zowy\u00a0<\/b><\/td>\n<td class=\"LtGrey\" valign=\"top\">Br\u0105z to stop na bazie miedzi, kt\u00f3ry sk\u0142ada si\u0119 z miedzi jako g\u0142\u00f3wnego metalu stopowego oraz jednego lub kilku innych metali, takich jak cyna, cynk lub fosfor. Br\u0105z krzemowy to typowy stop br\u0105zu.<\/td>\n<\/tr>\n<tr>\n<td><b>Lane \u017celazo<\/b><\/td>\n<td class=\"LtGrey\" valign=\"top\">\u017beliwo to bardzo trwa\u0142y stop \u017celaza o wysokiej zawarto\u015bci w\u0119gla. Dost\u0119pne gatunki to \u017celiwo sferoidalne, szare i bia\u0142e. R\u00f3\u017cnice w gatunkach wynikaj\u0105 z r\u00f3\u017cnic w sk\u0142adzie i procesie obr\u00f3bki.<\/td>\n<\/tr>\n<tr>\n<td><b>Stal w\u0119glowa \/ stopowa<\/b><\/td>\n<td class=\"LtGrey\" valign=\"top\">Stal to \u017celazo komercyjne, kt\u00f3re zawiera w\u0119giel w dowolnej ilo\u015bci do oko\u0142o 1,7% jako niezb\u0119dny sk\u0142adnik stopowy. Dost\u0119pnych jest wiele gatunk\u00f3w stali w\u0119glowej i stopowej. Mog\u0105 one jednak wymaga\u0107 pow\u0142oki zabezpieczaj\u0105cej przed korozj\u0105.<\/td>\n<\/tr>\n<tr>\n<td><b>Stal hartowana<\/b><\/td>\n<td class=\"LtGrey\" valign=\"top\">Stal mo\u017cna hartowa\u0107 na kilka sposob\u00f3w. Nale\u017c\u0105 do nich r\u00f3\u017cnorodne techniki hartowania w oleju i wodzie, przepuszczanie stali przez komory indukcyjne itp. Szybkie ch\u0142odzenie stali podczas obr\u00f3bki powoduje jej zamro\u017cenie, uwi\u0119zienie i upakowanie atom\u00f3w w\u0119gla wewn\u0105trz skurczonych kryszta\u0142\u00f3w \u017celaza, tworz\u0105c sztywny i kruchy metal. Cho\u0107 jest to trudne, nie jest w stanie absorbowa\u0107 du\u017cych wstrz\u0105s\u00f3w ani uderze\u0144 bez p\u0119kania.<\/td>\n<\/tr>\n<tr>\n<td><b>Stal nierdzewna<\/b><\/td>\n<td class=\"LtGrey\" valign=\"top\">Stal nierdzewna jest odporna na dzia\u0142anie chemikali\u00f3w i korozj\u0119 oraz mo\u017ce charakteryzowa\u0107 si\u0119 stosunkowo wysok\u0105 wytrzyma\u0142o\u015bci\u0105 na napr\u0119\u017cenia. Wi\u0119kszo\u015bci stali nierdzewnych nie da si\u0119 utwardzi\u0107 w takim samym stopniu jak stali w\u0119glowych.<\/td>\n<\/tr>\n<tr>\n<td><b>Acetal<\/b><\/td>\n<td>Acetal to stabilne tworzywo sztuczne o w\u0142a\u015bciwo\u015bciach samosmaruj\u0105cych, kt\u00f3re mo\u017cna wzmocni\u0107 wype\u0142niaczami smaruj\u0105cymi.<\/td>\n<\/tr>\n<tr>\n<td><b>Delrin<\/b><\/td>\n<td class=\"LtGrey\" valign=\"top\">Delrin to tworzywo sztuczne o wysokiej wytrzyma\u0142o\u015bci, sztywno\u015bci, odporno\u015bci na zu\u017cycie i \u015bcieranie oraz niskim wsp\u00f3\u0142czynniku tarcia.<\/td>\n<\/tr>\n<tr>\n<td><b>Nylon<\/b><\/td>\n<td class=\"LtGrey\" valign=\"top\">Nylon, sk\u0142adaj\u0105cy si\u0119 z kilku gatunk\u00f3w poliamid\u00f3w, to materia\u0142 og\u00f3lnego przeznaczenia o szerokim zastosowaniu. Jest wytrzyma\u0142y i odporny, a tak\u017ce charakteryzuje si\u0119 dobr\u0105 odporno\u015bci\u0105 na ci\u015bnienie.<\/td>\n<\/tr>\n<tr>\n<td><b>Poliw\u0119glan<\/b><\/td>\n<td class=\"LtGrey\" valign=\"top\">Poliw\u0119glan to niezwykle wytrzyma\u0142y polimer, kt\u00f3ry mo\u017cna obrabia\u0107 mechanicznie z zachowaniem \u015bcis\u0142ych tolerancji. Czasami konieczne jest smarowanie, poniewa\u017c odporno\u015b\u0107 poliw\u0119glanu na zu\u017cycie nie jest tak dobra, jak niekt\u00f3rych innych polimer\u00f3w.<\/td>\n<\/tr>\n<\/tbody>\n<\/table>\n<h3>Zastosowanie listwy z\u0119batej<\/h3>\n<p>Stosowane g\u0142\u00f3wnie w r\u00f3\u017cnych uk\u0142adach przek\u0142adni mechanicznych, takich jak maszyny zautomatyzowane, obrabiarki CNC, warsztaty materia\u0142\u00f3w budowlanych, zak\u0142ady produkcyjne, warsztaty naprawy maszyn, projekty budowlane itp.<\/p>\n<p><img loading=\"lazy\" decoding=\"async\" class=\"alignnone size-full wp-image-4767\" src=\"https:\/\/fmp-components.com\/wp-content\/uploads\/2025\/01\/gear-rack-11.webp\" alt=\"z\u0119batka\" width=\"1200\" height=\"209\" title=\"\" srcset=\"https:\/\/fmp-components.com\/wp-content\/uploads\/2025\/01\/gear-rack-11.webp 1200w, https:\/\/fmp-components.com\/wp-content\/uploads\/2025\/01\/gear-rack-11-980x171.webp 980w, https:\/\/fmp-components.com\/wp-content\/uploads\/2025\/01\/gear-rack-11-480x84.webp 480w\" sizes=\"(min-width: 0px) and (max-width: 480px) 480px, (min-width: 481px) and (max-width: 980px) 980px, (min-width: 981px) 1200px, 100vw\" \/><\/p>","protected":false},"excerpt":{"rendered":"<p>Rack and Pinion Gear Material As for the materials of racks and pinions, strength, abrasion resistance, and absorbency are considered. Carbon steel is the most common material used to make racks and pinion steel. This material is excellent for most settings and usage scenarios. The relative strength of the rack tooth combined with the pinion [&hellip;]<\/p>","protected":false},"featured_media":4764,"comment_status":"open","ping_status":"closed","template":"","meta":{"_et_pb_use_builder":"","_et_pb_old_content":"","_et_gb_content_width":""},"product_brand":[],"product_cat":[91],"product_tag":[],"class_list":{"0":"post-4763","1":"product","2":"type-product","3":"status-publish","4":"has-post-thumbnail","6":"product_cat-gear-racks","8":"first","9":"instock","10":"shipping-taxable","11":"product-type-simple"},"_links":{"self":[{"href":"https:\/\/fmp-components.com\/pl\/wp-json\/wp\/v2\/product\/4763","targetHints":{"allow":["GET"]}}],"collection":[{"href":"https:\/\/fmp-components.com\/pl\/wp-json\/wp\/v2\/product"}],"about":[{"href":"https:\/\/fmp-components.com\/pl\/wp-json\/wp\/v2\/types\/product"}],"replies":[{"embeddable":true,"href":"https:\/\/fmp-components.com\/pl\/wp-json\/wp\/v2\/comments?post=4763"}],"wp:featuredmedia":[{"embeddable":true,"href":"https:\/\/fmp-components.com\/pl\/wp-json\/wp\/v2\/media\/4764"}],"wp:attachment":[{"href":"https:\/\/fmp-components.com\/pl\/wp-json\/wp\/v2\/media?parent=4763"}],"wp:term":[{"taxonomy":"product_brand","embeddable":true,"href":"https:\/\/fmp-components.com\/pl\/wp-json\/wp\/v2\/product_brand?post=4763"},{"taxonomy":"product_cat","embeddable":true,"href":"https:\/\/fmp-components.com\/pl\/wp-json\/wp\/v2\/product_cat?post=4763"},{"taxonomy":"product_tag","embeddable":true,"href":"https:\/\/fmp-components.com\/pl\/wp-json\/wp\/v2\/product_tag?post=4763"}],"curies":[{"name":"wp","href":"https:\/\/api.w.org\/{rel}","templated":true}]}}